{"id":10073,"date":"2020-12-07T15:46:00","date_gmt":"2020-12-07T14:46:00","guid":{"rendered":"https:\/\/www.rebel-cell.com\/knowledge-base\/"},"modified":"2025-02-27T11:19:53","modified_gmt":"2025-02-27T10:19:53","slug":"grundlagenwissen","status":"publish","type":"page","link":"https:\/\/www.rebel-cell.com\/de\/grundlagenwissen\/","title":{"rendered":"Grundlagenwissen"},"content":{"rendered":"<p><img fetchpriority=\"high\" decoding=\"async\" class=\"alignright wp-image-9852\" src=\"https:\/\/www.rebel-cell.com\/wp-content\/uploads\/outdoorbox-water_opt.jpg\" alt=\"Outdoorbox in het water\" width=\"600\" height=\"400\" srcset=\"https:\/\/www.rebel-cell.com\/wp-content\/uploads\/outdoorbox-water_opt.jpg 750w, https:\/\/www.rebel-cell.com\/wp-content\/uploads\/outdoorbox-water_opt-300x200.jpg 300w, https:\/\/www.rebel-cell.com\/wp-content\/uploads\/outdoorbox-water_opt-150x100.jpg 150w, https:\/\/www.rebel-cell.com\/wp-content\/uploads\/outdoorbox-water_opt-600x400.jpg 600w\" sizes=\"(max-width: 600px) 100vw, 600px\" \/><\/p>\n<p>Hier beantworten wir Ihnen die meisten Fragen zu Lithiumbatterien und deren Verwendung. Sollten Sie noch Fragen haben, z\u00f6gern Sie bitte nicht, uns anzusprechen.<\/p>\n<ul>\n<li><a href=\"https:\/\/www.rebel-cell.com\/de\/grundlagenwissen\/akku-elektromotor-entscheidungshilfe\/\">Auswahl der richtigen Batterie <\/a>f\u00fcr Ihren Trolling-Motor oder elektrischen Au\u00dfenborder.<\/li>\n<li><a href=\"https:\/\/www.rebel-cell.com\/de\/grundlagenwissen\/akku-echolot-uebersicht\/\">Lithiumbatterien f\u00fcr Ihre Bordausr\u00fcstung <\/a>(Echolote und Navigationsausr\u00fcstung)\n<ul>\n<li><a href=\"https:\/\/www.rebel-cell.com\/de\/grundlagenwissen\/akku-echolot-uebersicht\/humminbird\/\">Humminbird<\/a><\/li>\n<li><a href=\"https:\/\/www.rebel-cell.com\/de\/grundlagenwissen\/akku-echolot-uebersicht\/lowrance\/\">Lowrance<\/a><\/li>\n<li><a href=\"https:\/\/www.rebel-cell.com\/de\/grundlagenwissen\/akku-echolot-uebersicht\/raymarine\/\">Raymarine<\/a><\/li>\n<li><a href=\"https:\/\/www.rebel-cell.com\/de\/grundlagenwissen\/akku-echolot-uebersicht\/garmin\/\">Garmin<\/a><\/li>\n<li><a href=\"https:\/\/www.rebel-cell.com\/de\/grundlagenwissen\/akku-echolot-uebersicht\/simrad\/\">Simrad<\/a><\/li>\n<\/ul>\n<\/li>\n<li><a href=\"https:\/\/www.rebel-cell.com\/de\/grundlagenwissen\/akku-verwenden\/\">Nutzung, Wartung, Aufladen und Anschlie\u00dfen. <\/a>Auf dieser Seite erkl\u00e4ren wir Ihnen, wie Sie Ihren Akku richtig verwenden.<\/li>\n<li><a href=\"https:\/\/www.rebel-cell.com\/de\/grundlagenwissen\/akku-terminologie\/\">Volt, Ampere, Amperestunde, Watt und Wattstunde: Begriffe und Erkl\u00e4rung.<\/a><\/li>\n<li><a href=\"https:\/\/www.rebel-cell.com\/de\/grundlagenwissen\/akku-entladung-und-kapazitaet\/\">Entladung und Batteriekapazit\u00e4t<\/a><\/li>\n<\/ul>\n<p>&nbsp;<\/p>\n","protected":false},"excerpt":{"rendered":"<p>Hier beantworten wir Ihnen die meisten Fragen zu Lithiumbatterien und deren Verwendung. Sollten Sie noch Fragen haben, z\u00f6gern Sie bitte nicht, uns anzusprechen. Auswahl der richtigen Batterie f\u00fcr Ihren Trolling-Motor oder elektrischen Au\u00dfenborder. Lithiumbatterien f\u00fcr Ihre Bordausr\u00fcstung (Echolote und Navigationsausr\u00fcstung) Humminbird Lowrance Raymarine Garmin Simrad Nutzung, Wartung, Aufladen und Anschlie\u00dfen. Auf dieser Seite erkl\u00e4ren wir [&hellip;]<\/p>\n","protected":false},"author":25,"featured_media":0,"parent":0,"menu_order":69,"comment_status":"closed","ping_status":"closed","template":"page-template\/knowledgebase_page.php","meta":{"_acf_changed":false,"footnotes":""},"class_list":["post-10073","page","type-page","status-publish","hentry"],"acf":[],"yoast_head":"<!-- This site is optimized with the Yoast SEO Premium plugin v27.1 (Yoast SEO v27.1.1) - https:\/\/yoast.com\/product\/yoast-seo-premium-wordpress\/ -->\n<title>Lithiumbatterie-Knowledge Base - Beratung, Wartung und Technik<\/title>\n<meta name=\"description\" content=\"Antwort auf alle Fragen zu Lithiumbatterien: Hilfe bei der Auswahl der richtigen Batterie | Fahrzeit Elektrobootfahren | Echolote\" \/>\n<meta name=\"robots\" content=\"index, follow, max-snippet:-1, max-image-preview:large, max-video-preview:-1\" \/>\n<link rel=\"canonical\" href=\"https:\/\/www.rebel-cell.com\/de\/grundlagenwissen\/\" \/>\n<meta property=\"og:locale\" content=\"de_DE\" \/>\n<meta property=\"og:type\" content=\"article\" \/>\n<meta property=\"og:title\" content=\"Grundlagenwissen\" \/>\n<meta property=\"og:description\" content=\"Antwort auf alle Fragen zu Lithiumbatterien: Hilfe bei der Auswahl der richtigen Batterie | Fahrzeit Elektrobootfahren | Echolote\" \/>\n<meta property=\"og:url\" content=\"https:\/\/www.rebel-cell.com\/de\/grundlagenwissen\/\" \/>\n<meta property=\"og:site_name\" content=\"Rebelcell\" \/>\n<meta property=\"article:publisher\" content=\"https:\/\/www.facebook.com\/rebelcelleu\" \/>\n<meta property=\"article:modified_time\" content=\"2025-02-27T10:19:53+00:00\" \/>\n<meta property=\"og:image\" content=\"https:\/\/www.rebel-cell.com\/wp-content\/uploads\/outdoorbox-water_opt.jpg\" \/>\n\t<meta property=\"og:image:width\" content=\"750\" \/>\n\t<meta property=\"og:image:height\" content=\"500\" \/>\n\t<meta property=\"og:image:type\" content=\"image\/jpeg\" \/>\n<meta name=\"twitter:card\" content=\"summary_large_image\" \/>\n<meta name=\"twitter:site\" content=\"@rebelcellnl\" \/>\n<script type=\"application\/ld+json\" class=\"yoast-schema-graph\">{\"@context\":\"https:\/\/schema.org\",\"@graph\":[{\"@type\":\"WebPage\",\"@id\":\"https:\/\/www.rebel-cell.com\/de\/grundlagenwissen\/\",\"url\":\"https:\/\/www.rebel-cell.com\/de\/grundlagenwissen\/\",\"name\":\"Lithiumbatterie-Knowledge Base - Beratung, Wartung und Technik\",\"isPartOf\":{\"@id\":\"https:\/\/www.rebel-cell.com\/de\/#website\"},\"primaryImageOfPage\":{\"@id\":\"https:\/\/www.rebel-cell.com\/de\/grundlagenwissen\/#primaryimage\"},\"image\":{\"@id\":\"https:\/\/www.rebel-cell.com\/de\/grundlagenwissen\/#primaryimage\"},\"thumbnailUrl\":\"https:\/\/www.rebel-cell.com\/wp-content\/uploads\/outdoorbox-water_opt.jpg\",\"datePublished\":\"2020-12-07T14:46:00+00:00\",\"dateModified\":\"2025-02-27T10:19:53+00:00\",\"description\":\"Antwort auf alle Fragen zu Lithiumbatterien: Hilfe bei der Auswahl der richtigen Batterie | Fahrzeit Elektrobootfahren | Echolote\",\"breadcrumb\":{\"@id\":\"https:\/\/www.rebel-cell.com\/de\/grundlagenwissen\/#breadcrumb\"},\"inLanguage\":\"de\",\"potentialAction\":[{\"@type\":\"ReadAction\",\"target\":[\"https:\/\/www.rebel-cell.com\/de\/grundlagenwissen\/\"]}]},{\"@type\":\"ImageObject\",\"inLanguage\":\"de\",\"@id\":\"https:\/\/www.rebel-cell.com\/de\/grundlagenwissen\/#primaryimage\",\"url\":\"https:\/\/www.rebel-cell.com\/wp-content\/uploads\/outdoorbox-water_opt.jpg\",\"contentUrl\":\"https:\/\/www.rebel-cell.com\/wp-content\/uploads\/outdoorbox-water_opt.jpg\"},{\"@type\":\"BreadcrumbList\",\"@id\":\"https:\/\/www.rebel-cell.com\/de\/grundlagenwissen\/#breadcrumb\",\"itemListElement\":[{\"@type\":\"ListItem\",\"position\":1,\"name\":\"Home\",\"item\":\"https:\/\/www.rebel-cell.com\/de\/\"},{\"@type\":\"ListItem\",\"position\":2,\"name\":\"Grundlagenwissen\"}]},{\"@type\":\"WebSite\",\"@id\":\"https:\/\/www.rebel-cell.com\/de\/#website\",\"url\":\"https:\/\/www.rebel-cell.com\/de\/\",\"name\":\"Rebelcell\",\"description\":\"Rebelcell\",\"publisher\":{\"@id\":\"https:\/\/www.rebel-cell.com\/de\/#organization\"},\"potentialAction\":[{\"@type\":\"SearchAction\",\"target\":{\"@type\":\"EntryPoint\",\"urlTemplate\":\"https:\/\/www.rebel-cell.com\/de\/?s={search_term_string}\"},\"query-input\":{\"@type\":\"PropertyValueSpecification\",\"valueRequired\":true,\"valueName\":\"search_term_string\"}}],\"inLanguage\":\"de\"},{\"@type\":\"Organization\",\"@id\":\"https:\/\/www.rebel-cell.com\/de\/#organization\",\"name\":\"Rebelcell\",\"url\":\"https:\/\/www.rebel-cell.com\/de\/\",\"logo\":{\"@type\":\"ImageObject\",\"inLanguage\":\"de\",\"@id\":\"https:\/\/www.rebel-cell.com\/de\/#\/schema\/logo\/image\/\",\"url\":\"https:\/\/www.rebel-cell.com\/wp-content\/uploads\/rebelcell-logo-300.png\",\"contentUrl\":\"https:\/\/www.rebel-cell.com\/wp-content\/uploads\/rebelcell-logo-300.png\",\"width\":300,\"height\":55,\"caption\":\"Rebelcell\"},\"image\":{\"@id\":\"https:\/\/www.rebel-cell.com\/de\/#\/schema\/logo\/image\/\"},\"sameAs\":[\"https:\/\/www.facebook.com\/rebelcelleu\",\"https:\/\/x.com\/rebelcellnl\",\"https:\/\/www.instagram.com\/rebelcelleurope\/?hl=nl\",\"https:\/\/www.youtube.com\/channel\/UCpySQUq4xwwtqveV1f8oiFw\"]}]}<\/script>\n<!-- \/ Yoast SEO Premium plugin. -->","yoast_head_json":{"title":"Lithiumbatterie-Knowledge Base - Beratung, Wartung und Technik","description":"Antwort auf alle Fragen zu Lithiumbatterien: Hilfe bei der Auswahl der richtigen Batterie | Fahrzeit Elektrobootfahren | Echolote","robots":{"index":"index","follow":"follow","max-snippet":"max-snippet:-1","max-image-preview":"max-image-preview:large","max-video-preview":"max-video-preview:-1"},"canonical":"https:\/\/www.rebel-cell.com\/de\/grundlagenwissen\/","og_locale":"de_DE","og_type":"article","og_title":"Grundlagenwissen","og_description":"Antwort auf alle Fragen zu Lithiumbatterien: Hilfe bei der Auswahl der richtigen Batterie | Fahrzeit Elektrobootfahren | Echolote","og_url":"https:\/\/www.rebel-cell.com\/de\/grundlagenwissen\/","og_site_name":"Rebelcell","article_publisher":"https:\/\/www.facebook.com\/rebelcelleu","article_modified_time":"2025-02-27T10:19:53+00:00","og_image":[{"width":750,"height":500,"url":"https:\/\/www.rebel-cell.com\/wp-content\/uploads\/outdoorbox-water_opt.jpg","type":"image\/jpeg"}],"twitter_card":"summary_large_image","twitter_site":"@rebelcellnl","schema":{"@context":"https:\/\/schema.org","@graph":[{"@type":"WebPage","@id":"https:\/\/www.rebel-cell.com\/de\/grundlagenwissen\/","url":"https:\/\/www.rebel-cell.com\/de\/grundlagenwissen\/","name":"Lithiumbatterie-Knowledge Base - Beratung, Wartung und Technik","isPartOf":{"@id":"https:\/\/www.rebel-cell.com\/de\/#website"},"primaryImageOfPage":{"@id":"https:\/\/www.rebel-cell.com\/de\/grundlagenwissen\/#primaryimage"},"image":{"@id":"https:\/\/www.rebel-cell.com\/de\/grundlagenwissen\/#primaryimage"},"thumbnailUrl":"https:\/\/www.rebel-cell.com\/wp-content\/uploads\/outdoorbox-water_opt.jpg","datePublished":"2020-12-07T14:46:00+00:00","dateModified":"2025-02-27T10:19:53+00:00","description":"Antwort auf alle Fragen zu Lithiumbatterien: Hilfe bei der Auswahl der richtigen Batterie | Fahrzeit Elektrobootfahren | Echolote","breadcrumb":{"@id":"https:\/\/www.rebel-cell.com\/de\/grundlagenwissen\/#breadcrumb"},"inLanguage":"de","potentialAction":[{"@type":"ReadAction","target":["https:\/\/www.rebel-cell.com\/de\/grundlagenwissen\/"]}]},{"@type":"ImageObject","inLanguage":"de","@id":"https:\/\/www.rebel-cell.com\/de\/grundlagenwissen\/#primaryimage","url":"https:\/\/www.rebel-cell.com\/wp-content\/uploads\/outdoorbox-water_opt.jpg","contentUrl":"https:\/\/www.rebel-cell.com\/wp-content\/uploads\/outdoorbox-water_opt.jpg"},{"@type":"BreadcrumbList","@id":"https:\/\/www.rebel-cell.com\/de\/grundlagenwissen\/#breadcrumb","itemListElement":[{"@type":"ListItem","position":1,"name":"Home","item":"https:\/\/www.rebel-cell.com\/de\/"},{"@type":"ListItem","position":2,"name":"Grundlagenwissen"}]},{"@type":"WebSite","@id":"https:\/\/www.rebel-cell.com\/de\/#website","url":"https:\/\/www.rebel-cell.com\/de\/","name":"Rebelcell","description":"Rebelcell","publisher":{"@id":"https:\/\/www.rebel-cell.com\/de\/#organization"},"potentialAction":[{"@type":"SearchAction","target":{"@type":"EntryPoint","urlTemplate":"https:\/\/www.rebel-cell.com\/de\/?s={search_term_string}"},"query-input":{"@type":"PropertyValueSpecification","valueRequired":true,"valueName":"search_term_string"}}],"inLanguage":"de"},{"@type":"Organization","@id":"https:\/\/www.rebel-cell.com\/de\/#organization","name":"Rebelcell","url":"https:\/\/www.rebel-cell.com\/de\/","logo":{"@type":"ImageObject","inLanguage":"de","@id":"https:\/\/www.rebel-cell.com\/de\/#\/schema\/logo\/image\/","url":"https:\/\/www.rebel-cell.com\/wp-content\/uploads\/rebelcell-logo-300.png","contentUrl":"https:\/\/www.rebel-cell.com\/wp-content\/uploads\/rebelcell-logo-300.png","width":300,"height":55,"caption":"Rebelcell"},"image":{"@id":"https:\/\/www.rebel-cell.com\/de\/#\/schema\/logo\/image\/"},"sameAs":["https:\/\/www.facebook.com\/rebelcelleu","https:\/\/x.com\/rebelcellnl","https:\/\/www.instagram.com\/rebelcelleurope\/?hl=nl","https:\/\/www.youtube.com\/channel\/UCpySQUq4xwwtqveV1f8oiFw"]}]}},"_links":{"self":[{"href":"https:\/\/www.rebel-cell.com\/de\/wp-json\/wp\/v2\/pages\/10073","targetHints":{"allow":["GET"]}}],"collection":[{"href":"https:\/\/www.rebel-cell.com\/de\/wp-json\/wp\/v2\/pages"}],"about":[{"href":"https:\/\/www.rebel-cell.com\/de\/wp-json\/wp\/v2\/types\/page"}],"author":[{"embeddable":true,"href":"https:\/\/www.rebel-cell.com\/de\/wp-json\/wp\/v2\/users\/25"}],"replies":[{"embeddable":true,"href":"https:\/\/www.rebel-cell.com\/de\/wp-json\/wp\/v2\/comments?post=10073"}],"version-history":[{"count":0,"href":"https:\/\/www.rebel-cell.com\/de\/wp-json\/wp\/v2\/pages\/10073\/revisions"}],"wp:attachment":[{"href":"https:\/\/www.rebel-cell.com\/de\/wp-json\/wp\/v2\/media?parent=10073"}],"curies":[{"name":"wp","href":"https:\/\/api.w.org\/{rel}","templated":true}]}}