{"id":17742,"date":"2022-11-02T10:54:25","date_gmt":"2022-11-02T09:54:25","guid":{"rendered":"https:\/\/www.rebel-cell.com\/grundlagenwissen\/lithium-batterie-technologie\/"},"modified":"2022-11-02T10:54:25","modified_gmt":"2022-11-02T09:54:25","slug":"lithium-batterie-technologie","status":"publish","type":"page","link":"https:\/\/www.rebel-cell.com\/de\/grundlagenwissen\/lithium-batterie-technologie\/","title":{"rendered":"Lithium-Batterie-Technologie"},"content":{"rendered":"<p><strong>Was ist Lithium?<\/strong><br \/>\nLithium ist ein <strong>chemisches Element (ein Metall)<\/strong>, aus dem Batterien hergestellt werden k\u00f6nnen. Lithium ist das leichteste Metall, aus dem Batterien hergestellt werden k\u00f6nnen. Es gibt verschiedene Arten von Lithiumbatterien:<\/p>\n<ul>\n<li>Der Lithium-Ionen-Akku<\/li>\n<li>Der LiFePO4-Akku<\/li>\n<li>Die Lithium-Batterie<\/li>\n<li>Lithium-Titanat<\/li>\n<\/ul>\n<p>Diese Batterien werden manchmal verwechselt, haben aber alle unterschiedliche Eigenschaften. Innerhalb dieser vier Kategorien gibt es viele verschiedene Typen, alle mit unterschiedlichen Technologien und Eigenschaften. Sie alle verwenden Lithium als Element zur Energiespeicherung. Lithium ist ein Element mit einer sehr hohen Energiedichte. Dadurch sind Lithiumbatterien viel weniger schwer als jedes andere Metall, aus dem eine Batterie hergestellt werden kann. Die verschiedenen Arten von Lithiumbatterien unterscheiden sich in Bezug auf Energiedichte, Lebensdauer, Ladung, Stromst\u00e4rke und Preis.<\/p>\n<p><strong>Der Lithium-Ionen-Akku (Li-Ion)<\/strong><br \/>\nEin Ion ist ein elektrisch geladenes Molek\u00fcl oder Atom. Die Lithium-Ionen-Batterie zeichnet sich durch eine hohe Energiedichte aus. Dadurch ist die Batterie im Verh\u00e4ltnis zur gespeicherten Energiemenge relativ leicht. Aus diesem Grund wird es h\u00e4ufig in elektronischen Ger\u00e4ten wie Laptops und Elektroautos verwendet. Die meisten Rebelcell-Akkus sind ebenfalls Li-Ionen-Akkus. Li-Ionen-Batterien k\u00f6nnen viel tiefer entladen werden als Bleibatterien (mehr als 95 %), aber nicht zu 100 %. Li-Ionen-Batterien sind daher in der Regel mit einem Batteriemanagementsystem ausgestattet, das verhindert, dass die Batterie zu tief entladen wird. Die Li-Ionen-Batterie-Familie&#8220; umfasst:<\/p>\n<ul>\n<li>LMO \/ LMA: Smartphones, Laptops und Kameras<\/li>\n<li>NCA: Tesla-Elektroantriebe<\/li>\n<li>NMC: Elektroantriebe von BMW, Mercedes, Jaguar, Kia, Hyundai und Batterien von Rebelcell und Torqeedo.<\/li>\n<\/ul>\n<p><strong>Vorteile der Lithium-Ionen-Batterie:<\/strong><\/p>\n<ul>\n<li>H\u00f6here Energiedichte: mehr Leistung auf weniger Raum<\/li>\n<li>Bessere Leistung: Tiefentladung, konstante Energieabgabe<\/li>\n<li>Leichtere, schnellere und Zwischenladung<\/li>\n<li>L\u00e4ngere Nutzungsdauer<\/li>\n<li>Verbesserte Benutzerfreundlichkeit<\/li>\n<\/ul>\n<p><strong>LiFePO4-Akku<\/strong><\/p>\n<p>Die LiFePO4-Batterie hat Lithiumeisenphosphat als Kathode. Dieser Akku ist etwas schwerer als der normale Li-Ionen-Akku, kann aber einen hohen Impulsstrom liefern. Der Rebelcell-Akku ist ein LiFePO4-Akku. Dieser Akku hat nur 12Ah, kann aber bis zu 470A f\u00fcr 5s liefern (bei normaler Temperatur).<\/p>\n<p><strong>Was ist besser: Lithium-Ionen- oder LiFePO4-Akku?<\/strong><br \/>\nDas ist schwer zu sagen. Beide haben unterschiedliche Eigenschaften, so dass es von der jeweiligen Anwendung abh\u00e4ngt, welche Technologie am besten geeignet ist. Die technischen Unterschiede sind der nachstehenden Tabelle zu entnehmen:<\/p>\n<table>\n<thead>\n<tr>\n<th><\/th>\n<th>LiFePO4<\/th>\n<th>NMC<\/th>\n<\/tr>\n<\/thead>\n<tbody>\n<tr>\n<td>Voltage per cel<\/td>\n<td>3.2V<\/td>\n<td>3.65V<\/td>\n<\/tr>\n<tr>\n<td>Energie opslag (Wattuur per kilogram)<\/td>\n<td>90-120Wh\/kg<\/td>\n<td>150-220Wh\/kg<\/td>\n<\/tr>\n<tr>\n<td>Charge (C-Rate)<\/td>\n<td>1C, 3,65V Peak<\/td>\n<td>1C, 4.2V Peak<\/td>\n<\/tr>\n<tr>\n<td>Discharge (C-Rate)<\/td>\n<td>20C continous<\/td>\n<td>2C continous<\/td>\n<\/tr>\n<tr>\n<td>Cycli (aantal keer opladen en ontladen)<\/td>\n<td>1500-2000<\/td>\n<td>1000-1500<\/td>\n<\/tr>\n<tr>\n<td>Zelf ontlading<\/td>\n<td>Hoog<\/td>\n<td>Laag<\/td>\n<\/tr>\n<tr>\n<td>Prestaties als het koud is<\/td>\n<td>Weak (-60%)<\/td>\n<td>Fair (-20%)<\/td>\n<\/tr>\n<\/tbody>\n<\/table>\n<p>Aufgrund des Gr\u00f6\u00dfen- und Gewichtsvorteils verwenden die Rebelcell-Batterien f\u00fcr Fischfinder und Elektromotoren die NMC-Technologie. Da der Rebelcell-Start eine hohe Spitzenspannung erfordert, wurde die LifePO4-Technologie gew\u00e4hlt.<\/p>\n<p><strong>Die Lithium-Batterie<\/strong><\/p>\n<p>Lithiumbatterien sind im Gegensatz zu anderen Lithiumbatterien nicht wiederaufladbar. Der Vorteil von Lithium-Batterien ist, dass sie sehr lange halten. Daher werden sie z. B. in Uhren oder Fernbedienungen eingesetzt.<\/p>\n<p><strong>Lithium-Titanat<\/strong><\/p>\n<p>Der Hauptvorteil der Lithium-Titanat-Batterie ist, dass sie viel schneller wieder aufgeladen werden kann als eine Li-Ionen-Batterie. Der Nachteil ist, dass es eine geringere Energiedichte hat und daher viel schwerer ist.<\/p>\n","protected":false},"excerpt":{"rendered":"<p>Was ist Lithium? Lithium ist ein chemisches Element (ein Metall), aus dem Batterien hergestellt werden k\u00f6nnen. Lithium ist das leichteste Metall, aus dem Batterien hergestellt werden k\u00f6nnen. Es gibt verschiedene Arten von Lithiumbatterien: Der Lithium-Ionen-Akku Der LiFePO4-Akku Die Lithium-Batterie Lithium-Titanat Diese Batterien werden manchmal verwechselt, haben aber alle unterschiedliche Eigenschaften. Innerhalb dieser vier Kategorien gibt [&hellip;]<\/p>\n","protected":false},"author":25,"featured_media":0,"parent":10073,"menu_order":65,"comment_status":"closed","ping_status":"closed","template":"page-template\/knowledgebase_page.php","meta":{"_acf_changed":false,"footnotes":""},"class_list":["post-17742","page","type-page","status-publish","hentry"],"acf":[],"yoast_head":"<!-- This site is optimized with the Yoast SEO Premium plugin v27.1 (Yoast SEO v27.1.1) - https:\/\/yoast.com\/product\/yoast-seo-premium-wordpress\/ -->\n<title>Lithium-Batterie-Technologie - Rebelcell<\/title>\n<meta name=\"robots\" content=\"index, follow, max-snippet:-1, max-image-preview:large, max-video-preview:-1\" \/>\n<link rel=\"canonical\" href=\"https:\/\/www.rebel-cell.com\/de\/grundlagenwissen\/lithium-batterie-technologie\/\" \/>\n<meta property=\"og:locale\" content=\"de_DE\" \/>\n<meta property=\"og:type\" content=\"article\" \/>\n<meta property=\"og:title\" content=\"Lithium-Batterie-Technologie\" \/>\n<meta property=\"og:description\" content=\"Was ist Lithium? Lithium ist ein chemisches Element (ein Metall), aus dem Batterien hergestellt werden k\u00f6nnen. Lithium ist das leichteste Metall, aus dem Batterien hergestellt werden k\u00f6nnen. Es gibt verschiedene Arten von Lithiumbatterien: Der Lithium-Ionen-Akku Der LiFePO4-Akku Die Lithium-Batterie Lithium-Titanat Diese Batterien werden manchmal verwechselt, haben aber alle unterschiedliche Eigenschaften. Innerhalb dieser vier Kategorien gibt [&hellip;]\" \/>\n<meta property=\"og:url\" content=\"https:\/\/www.rebel-cell.com\/de\/grundlagenwissen\/lithium-batterie-technologie\/\" \/>\n<meta property=\"og:site_name\" content=\"Rebelcell\" \/>\n<meta property=\"article:publisher\" content=\"https:\/\/www.facebook.com\/rebelcelleu\" \/>\n<meta name=\"twitter:card\" content=\"summary_large_image\" \/>\n<meta name=\"twitter:site\" content=\"@rebelcellnl\" \/>\n<meta name=\"twitter:label1\" content=\"Gesch\u00e4tzte Lesezeit\" \/>\n\t<meta name=\"twitter:data1\" content=\"2\u00a0Minuten\" \/>\n<script type=\"application\/ld+json\" class=\"yoast-schema-graph\">{\"@context\":\"https:\/\/schema.org\",\"@graph\":[{\"@type\":\"WebPage\",\"@id\":\"https:\/\/www.rebel-cell.com\/de\/grundlagenwissen\/lithium-batterie-technologie\/\",\"url\":\"https:\/\/www.rebel-cell.com\/de\/grundlagenwissen\/lithium-batterie-technologie\/\",\"name\":\"Lithium-Batterie-Technologie - Rebelcell\",\"isPartOf\":{\"@id\":\"https:\/\/www.rebel-cell.com\/de\/#website\"},\"datePublished\":\"2022-11-02T09:54:25+00:00\",\"breadcrumb\":{\"@id\":\"https:\/\/www.rebel-cell.com\/de\/grundlagenwissen\/lithium-batterie-technologie\/#breadcrumb\"},\"inLanguage\":\"de\",\"potentialAction\":[{\"@type\":\"ReadAction\",\"target\":[\"https:\/\/www.rebel-cell.com\/de\/grundlagenwissen\/lithium-batterie-technologie\/\"]}]},{\"@type\":\"BreadcrumbList\",\"@id\":\"https:\/\/www.rebel-cell.com\/de\/grundlagenwissen\/lithium-batterie-technologie\/#breadcrumb\",\"itemListElement\":[{\"@type\":\"ListItem\",\"position\":1,\"name\":\"Home\",\"item\":\"https:\/\/www.rebel-cell.com\/de\/\"},{\"@type\":\"ListItem\",\"position\":2,\"name\":\"Grundlagenwissen\",\"item\":\"https:\/\/www.rebel-cell.com\/de\/knowledge-base\/\"},{\"@type\":\"ListItem\",\"position\":3,\"name\":\"Lithium-Batterie-Technologie\"}]},{\"@type\":\"WebSite\",\"@id\":\"https:\/\/www.rebel-cell.com\/de\/#website\",\"url\":\"https:\/\/www.rebel-cell.com\/de\/\",\"name\":\"Rebelcell\",\"description\":\"Rebelcell\",\"publisher\":{\"@id\":\"https:\/\/www.rebel-cell.com\/de\/#organization\"},\"potentialAction\":[{\"@type\":\"SearchAction\",\"target\":{\"@type\":\"EntryPoint\",\"urlTemplate\":\"https:\/\/www.rebel-cell.com\/de\/?s={search_term_string}\"},\"query-input\":{\"@type\":\"PropertyValueSpecification\",\"valueRequired\":true,\"valueName\":\"search_term_string\"}}],\"inLanguage\":\"de\"},{\"@type\":\"Organization\",\"@id\":\"https:\/\/www.rebel-cell.com\/de\/#organization\",\"name\":\"Rebelcell\",\"url\":\"https:\/\/www.rebel-cell.com\/de\/\",\"logo\":{\"@type\":\"ImageObject\",\"inLanguage\":\"de\",\"@id\":\"https:\/\/www.rebel-cell.com\/de\/#\/schema\/logo\/image\/\",\"url\":\"https:\/\/www.rebel-cell.com\/wp-content\/uploads\/rebelcell-logo-300.png\",\"contentUrl\":\"https:\/\/www.rebel-cell.com\/wp-content\/uploads\/rebelcell-logo-300.png\",\"width\":300,\"height\":55,\"caption\":\"Rebelcell\"},\"image\":{\"@id\":\"https:\/\/www.rebel-cell.com\/de\/#\/schema\/logo\/image\/\"},\"sameAs\":[\"https:\/\/www.facebook.com\/rebelcelleu\",\"https:\/\/x.com\/rebelcellnl\",\"https:\/\/www.instagram.com\/rebelcelleurope\/?hl=nl\",\"https:\/\/www.youtube.com\/channel\/UCpySQUq4xwwtqveV1f8oiFw\"]}]}<\/script>\n<!-- \/ Yoast SEO Premium plugin. -->","yoast_head_json":{"title":"Lithium-Batterie-Technologie - Rebelcell","robots":{"index":"index","follow":"follow","max-snippet":"max-snippet:-1","max-image-preview":"max-image-preview:large","max-video-preview":"max-video-preview:-1"},"canonical":"https:\/\/www.rebel-cell.com\/de\/grundlagenwissen\/lithium-batterie-technologie\/","og_locale":"de_DE","og_type":"article","og_title":"Lithium-Batterie-Technologie","og_description":"Was ist Lithium? Lithium ist ein chemisches Element (ein Metall), aus dem Batterien hergestellt werden k\u00f6nnen. Lithium ist das leichteste Metall, aus dem Batterien hergestellt werden k\u00f6nnen. Es gibt verschiedene Arten von Lithiumbatterien: Der Lithium-Ionen-Akku Der LiFePO4-Akku Die Lithium-Batterie Lithium-Titanat Diese Batterien werden manchmal verwechselt, haben aber alle unterschiedliche Eigenschaften. Innerhalb dieser vier Kategorien gibt [&hellip;]","og_url":"https:\/\/www.rebel-cell.com\/de\/grundlagenwissen\/lithium-batterie-technologie\/","og_site_name":"Rebelcell","article_publisher":"https:\/\/www.facebook.com\/rebelcelleu","twitter_card":"summary_large_image","twitter_site":"@rebelcellnl","twitter_misc":{"Gesch\u00e4tzte Lesezeit":"2\u00a0Minuten"},"schema":{"@context":"https:\/\/schema.org","@graph":[{"@type":"WebPage","@id":"https:\/\/www.rebel-cell.com\/de\/grundlagenwissen\/lithium-batterie-technologie\/","url":"https:\/\/www.rebel-cell.com\/de\/grundlagenwissen\/lithium-batterie-technologie\/","name":"Lithium-Batterie-Technologie - Rebelcell","isPartOf":{"@id":"https:\/\/www.rebel-cell.com\/de\/#website"},"datePublished":"2022-11-02T09:54:25+00:00","breadcrumb":{"@id":"https:\/\/www.rebel-cell.com\/de\/grundlagenwissen\/lithium-batterie-technologie\/#breadcrumb"},"inLanguage":"de","potentialAction":[{"@type":"ReadAction","target":["https:\/\/www.rebel-cell.com\/de\/grundlagenwissen\/lithium-batterie-technologie\/"]}]},{"@type":"BreadcrumbList","@id":"https:\/\/www.rebel-cell.com\/de\/grundlagenwissen\/lithium-batterie-technologie\/#breadcrumb","itemListElement":[{"@type":"ListItem","position":1,"name":"Home","item":"https:\/\/www.rebel-cell.com\/de\/"},{"@type":"ListItem","position":2,"name":"Grundlagenwissen","item":"https:\/\/www.rebel-cell.com\/de\/knowledge-base\/"},{"@type":"ListItem","position":3,"name":"Lithium-Batterie-Technologie"}]},{"@type":"WebSite","@id":"https:\/\/www.rebel-cell.com\/de\/#website","url":"https:\/\/www.rebel-cell.com\/de\/","name":"Rebelcell","description":"Rebelcell","publisher":{"@id":"https:\/\/www.rebel-cell.com\/de\/#organization"},"potentialAction":[{"@type":"SearchAction","target":{"@type":"EntryPoint","urlTemplate":"https:\/\/www.rebel-cell.com\/de\/?s={search_term_string}"},"query-input":{"@type":"PropertyValueSpecification","valueRequired":true,"valueName":"search_term_string"}}],"inLanguage":"de"},{"@type":"Organization","@id":"https:\/\/www.rebel-cell.com\/de\/#organization","name":"Rebelcell","url":"https:\/\/www.rebel-cell.com\/de\/","logo":{"@type":"ImageObject","inLanguage":"de","@id":"https:\/\/www.rebel-cell.com\/de\/#\/schema\/logo\/image\/","url":"https:\/\/www.rebel-cell.com\/wp-content\/uploads\/rebelcell-logo-300.png","contentUrl":"https:\/\/www.rebel-cell.com\/wp-content\/uploads\/rebelcell-logo-300.png","width":300,"height":55,"caption":"Rebelcell"},"image":{"@id":"https:\/\/www.rebel-cell.com\/de\/#\/schema\/logo\/image\/"},"sameAs":["https:\/\/www.facebook.com\/rebelcelleu","https:\/\/x.com\/rebelcellnl","https:\/\/www.instagram.com\/rebelcelleurope\/?hl=nl","https:\/\/www.youtube.com\/channel\/UCpySQUq4xwwtqveV1f8oiFw"]}]}},"_links":{"self":[{"href":"https:\/\/www.rebel-cell.com\/de\/wp-json\/wp\/v2\/pages\/17742","targetHints":{"allow":["GET"]}}],"collection":[{"href":"https:\/\/www.rebel-cell.com\/de\/wp-json\/wp\/v2\/pages"}],"about":[{"href":"https:\/\/www.rebel-cell.com\/de\/wp-json\/wp\/v2\/types\/page"}],"author":[{"embeddable":true,"href":"https:\/\/www.rebel-cell.com\/de\/wp-json\/wp\/v2\/users\/25"}],"replies":[{"embeddable":true,"href":"https:\/\/www.rebel-cell.com\/de\/wp-json\/wp\/v2\/comments?post=17742"}],"version-history":[{"count":0,"href":"https:\/\/www.rebel-cell.com\/de\/wp-json\/wp\/v2\/pages\/17742\/revisions"}],"up":[{"embeddable":true,"href":"https:\/\/www.rebel-cell.com\/de\/wp-json\/wp\/v2\/pages\/10073"}],"wp:attachment":[{"href":"https:\/\/www.rebel-cell.com\/de\/wp-json\/wp\/v2\/media?parent=17742"}],"curies":[{"name":"wp","href":"https:\/\/api.w.org\/{rel}","templated":true}]}}