{"id":5942,"date":"2020-02-21T10:41:16","date_gmt":"2020-02-21T09:41:16","guid":{"rendered":"https:\/\/www.rebel-cell.com\/datenschutzerklaerung\/"},"modified":"2024-10-17T12:28:15","modified_gmt":"2024-10-17T10:28:15","slug":"datenschutzerklaerung","status":"publish","type":"page","link":"https:\/\/www.rebel-cell.com\/de\/datenschutzerklaerung\/","title":{"rendered":"Datenschutz"},"content":{"rendered":"<p>Diese Datenschutzerkl\u00e4rung beschreibt, wie Ihre personenbezogenen Daten erfasst, verwendet und weitergegeben werden, wenn Sie www.rebel-cell.com (\u201edie Website\u201c) besuchen oder einen Kauf t\u00e4tigen.<\/p>\n<h4>1. Diese personenbezogenen Daten erfassen wir<\/h4>\n<p>Wenn Sie die Website besuchen, erfassen wir automatisch bestimmte Informationen \u00fcber Ihr Ger\u00e4t, einschlie\u00dflich Informationen \u00fcber den verwendeten Webbrowser, die IP-Adresse, die Zeitzone und einige der Cookies, die auf Ihrem Ger\u00e4t installiert sind.<br \/>\nW\u00e4hrend Sie auf der Website surfen, erfassen wir zudem Informationen dar\u00fcber, welche Seiten oder Produkte Sie sich ansehen, welche Websites oder Suchbegriffe Sie auf die Website gef\u00fchrt haben, und wie Sie mit der Website interagieren.<br \/>\nWir bezeichnen diese automatisch erfassten Informationen als \u201eGer\u00e4teinformationen\u201c.<\/p>\n<p>Wir erfassen Ger\u00e4teinformationen unter Verwendung der folgenden Technologien:<\/p>\n<ul>\n<li>\u201eCookies\u201c sind Dateien, die auf Ihrem Ger\u00e4t oder Computer abgelegt werden und oftmals eine anonyme, eindeutige Kennung enthalten.<br \/>\nWeitere Informationen \u00fcber Cookies und zur Deaktivierung von Cookies finden Sie unter http:\/\/www.allaboutcookies.org.<\/li>\n<li>\u201eLog-Dateien\u201c verfolgen Ihre Aktionen auf der Website und erfassen Daten, einschlie\u00dflich IP-Adresse, Browsertyp, Internet-Service-Provider, Seiten, \u00fcber die Sie auf die Website gelangt sind bzw. die Sie im Anschluss besuchen, sowie Datums-\/Zeitstempel.<\/li>\n<li>\u201eWeb-Beacons\u201c, \u201eTags\u201c und \u201ePixel\u201c sind elektronische Dateien, die dazu verwendet werden, Informationen \u00fcber Ihr Surfverhalten auf der Website aufzuzeichnen.<\/li>\n<\/ul>\n<p>Wenn Sie \u00fcber die Website einen Kauf t\u00e4tigen oder versuchen, einen Kauf zu t\u00e4tigen, erfassen wir zus\u00e4tzlich bestimmte Informationen von Ihnen, einschlie\u00dflich Namen, Rechnungsanschrift, Lieferanschrift, Zahlungsinformationen (inkl. Kreditkartennummern), E-Mail-Adresse und Telefonnummer.<br \/>\nWir bezeichnen diese Informationen als \u201eBestellinformationen\u201c.<\/p>\n<p>Wenn es in dieser Datenschutzerkl\u00e4rung um \u201epersonenbezogene Daten\u201c geht, sind sowohl Ger\u00e4teinformationen als auch Bestellinformationen gemeint.<\/p>\n<p>Wir ben\u00f6tigen Ihre ausdr\u00fcckliche Zustimmung f\u00fcr die Verwendung von Cookies. Durch die weitere Nutzung unserer Website stimmen Sie der Verwendung von Cookies gem\u00e4\u00df unserer Cookie-Richtlinie zu.<\/p>\n<h4>2. Wie verwenden wir Ihre personenbezogenen Daten?<\/h4>\n<p>Wir verwenden die Bestellinformationen, die wir allgemein erfassen, um alle \u00fcber die Website aufgegebenen Bestellungen auszuf\u00fchren (einschlie\u00dflich Verarbeiten Ihrer Zahlungsinformationen, Organisieren des Versands und Ausfertigen von Rechnungen und\/oder Auftragsbest\u00e4tigungen).<br \/>\nZus\u00e4tzlich verwenden wir diese Bestellinformationen zu den folgenden Zwecken: um mit Ihnen zu kommunizieren; um Bestellungen auf potenzielle Risiken oder Betrug zu pr\u00fcfen; und um Ihnen gem\u00e4\u00df den Pr\u00e4ferenzen, die Sie uns mitgeteilt haben, Informationen oder Werbung zu unseren Produkten oder Dienstleistungen zukommen zu lassen.<\/p>\n<p>Die von uns erfassten Ger\u00e4teinformationen helfen uns bei der Pr\u00fcfung auf potenzielle Risiken und Betrug (insbesondere Ihre IP-Adresse), und sie unterst\u00fctzen uns ganz allgemein dabei, unsere Website zu verbessern und zu optimieren (z. B. durch die Erstellung von Analysen, wie unsere Kunden auf der Website surfen und mit ihr interagieren, und um den Erfolg unserer Marketing- und Werbekampagnen zu beurteilen).<\/p>\n<h4>3. Weitergabe Ihrer personenbezogenen Daten<\/h4>\n<p>Wir geben Ihre personenbezogenen Daten an Dritte weiter, die uns bei der Verarbeitung Ihrer personenbezogenen Informationen \u2013 wie oben beschrieben \u2013 unterst\u00fctzen.<br \/>\nWir verwenden zudem Google Analytics, um zu verstehen, wie unsere Kunden die Website nutzen \u2013 mehr dazu, wie Google Ihre personenbezogenen Daten nutzt, erfahren Sie hier: https:\/\/www.google.com\/intl\/en\/policies\/privacy\/. Sie k\u00f6nnen Google Analytics auch hier ablehnen: https:\/\/tools.google.com\/dlpage\/gaoptout.<\/p>\n<p>Schlie\u00dflich k\u00f6nnen wir Ihre personenbezogenen Daten weitergeben, um geltende Gesetze und Vorschriften einzuhalten, um auf eine Vorladung, einen Durchsuchungsbefehl oder eine andere rechtm\u00e4\u00dfige Anforderung von Informationen, die wir erhalten, zu reagieren oder unsere Rechte anderweitig zu sch\u00fctzen.<\/p>\n<p>Wie oben beschrieben, verwenden wir Ihre personenbezogenen Daten f\u00fcr Anzeigen oder Marketingkommunikation, von denen wir glauben, dass sie f\u00fcr Sie von Interesse sein k\u00f6nnten.<br \/>\nWeitere Informationen dar\u00fcber, wie gezielte Werbung funktioniert, finden Sie auf der Informationsseite der Network Advertising Initiative (NAI): http:\/\/www.networkadvertising.org\/understanding-online-advertising\/how-does-it-work.<\/p>\n<p>Sie k\u00f6nnen gezielte Werbung f\u00fcr sich selbst ablehnen:<\/p>\n<p>GESICHTSBUCH &#8211; https:\/\/www.facebook.com\/settings\/?tab=ads<\/p>\n<p>GOOGLE &#8211; https:\/\/www.google.com\/settings\/ads\/anonymous<\/p>\n<p>Dar\u00fcber hinaus k\u00f6nnen Sie einige dieser Dienste ablehnen, indem Sie das Opt-Out-Portal der Digital Advertising Alliance besuchen unter http:\/\/optout.aboutads.info\/.<\/p>\n<p>Wenn wir mit Dritten (z. B. Social-Media-Plugins) zusammenarbeiten, sind wir und diese Parteien gemeinsam verantwortlich f\u00fcr die Verarbeitung und den Schutz der personenbezogenen Daten gem\u00e4\u00df der DSGVO.<\/p>\n<p>F\u00fcr Daten\u00fcbertragungen au\u00dferhalb der EU stellen wir den Schutz \u00fcber Standardvertragsklauseln (SCCs) sicher, wie es die DSGVO verlangt.<\/p>\n<h4>4. Do not track (\u201eNicht verfolgen\u201c)<\/h4>\n<p>Bitte beachten Sie, dass wir die Datenerfassungs- und Nutzungspraktiken unserer Website nicht \u00e4ndern, wenn wir das \u201eDo not track\u201c-Signal (\u201eNicht verfolgen\u201c) Ihres Browsers sehen.<\/p>\n<h4>5. Ihre Rechte<\/h4>\n<p>Wenn Sie in Europa ans\u00e4ssig sind, haben Sie das Recht, auf Ihre bei uns gespeicherten personenbezogenen Daten zuzugreifen und zu verlangen, dass Ihre personenbezogenen Daten korrigiert, aktualisiert oder gel\u00f6scht werden.<br \/>\nWenn Sie von diesem Recht Gebrauch machen m\u00f6chten, setzen Sie sich bitte \u00fcber die unten angegebenen Kontaktdaten mit uns in Verbindung.<br \/>\nWenn Sie in Europa ans\u00e4ssig sind, weisen wir au\u00dferdem darauf hin, dass wir Ihre Daten verarbeiten, um Vertr\u00e4ge mit Ihnen zu erf\u00fcllen (z.\u00a0B. wenn Sie eine Bestellung \u00fcber die Website aufgeben) oder um unsere oben aufgef\u00fchrten legitimen Gesch\u00e4ftsinteressen zu verfolgen.<\/p>\n<h4>6. Datenspeicherung<\/h4>\n<p>Wenn Sie eine Bestellung \u00fcber die Website aufgeben, speichern wir Ihre Bestellinformationen f\u00fcr unsere Unterlagen, sofern und solange Sie uns nicht auffordern, diese Informationen zu l\u00f6schen.<\/p>\n<p>Wir speichern Ihre pers\u00f6nlichen Daten nur so lange, wie es f\u00fcr die genannten Zwecke erforderlich ist, es sei denn, Sie fordern deren L\u00f6schung an oder es ist gesetzlich vorgeschrieben.<\/p>\n<h4>7. Minderj\u00e4hrige<\/h4>\n<p>Die Website ist nicht f\u00fcr Personen unter 18 Jahren bestimmt.<\/p>\n<h4>8. \u00c4nderungen<\/h4>\n<p>Wir behalten uns vor, diese Datenschutzerkl\u00e4rung von Zeit zu Zeit zu aktualisieren, um z.\u00a0B. \u00c4nderungen unserer Vorgehensweisen oder \u00c4nderungen aus anderen betrieblichen, rechtlichen oder regulatorischen Gr\u00fcnden zu beschreiben.<\/p>\n<h4>9. Kontakt<\/h4>\n<p>F\u00fcr weitere Informationen \u00fcber den Datenschutz in unserem Unternehmen, wenn Sie Fragen haben oder eine Beschwerde vortragen m\u00f6chten, setzen Sie sich bitte \u00fcber das Kontaktformular oder per Post unter Verwendung der unten angegebenen Details mit uns in Verbindung:<\/p>\n<p>Rebelcell B.V.<br \/>\nMarinevliegkamp 377<br \/>\n2236 ZZ VALKENBURG (ZH)<br \/>\nNiederlande<br \/>\nT: +31 71 710 7424<br \/>\nE: kundenservice@rebel-cell.com<\/p>\n<p><em>Version 3.0 (17.10.2024)<\/em><\/p>\n","protected":false},"excerpt":{"rendered":"<p>Diese Datenschutzerkl\u00e4rung beschreibt, wie Ihre personenbezogenen Daten erfasst, verwendet und weitergegeben werden, wenn Sie www.rebel-cell.com (\u201edie Website\u201c) besuchen oder einen Kauf t\u00e4tigen. 1. Diese personenbezogenen Daten erfassen wir Wenn Sie die Website besuchen, erfassen wir automatisch bestimmte Informationen \u00fcber Ihr Ger\u00e4t, einschlie\u00dflich Informationen \u00fcber den verwendeten Webbrowser, die IP-Adresse, die Zeitzone und einige der Cookies, [&hellip;]<\/p>\n","protected":false},"author":1,"featured_media":0,"parent":0,"menu_order":80,"comment_status":"closed","ping_status":"closed","template":"page-template\/common_page.php","meta":{"_acf_changed":false,"footnotes":""},"class_list":["post-5942","page","type-page","status-publish","hentry"],"acf":[],"yoast_head":"<!-- This site is optimized with the Yoast SEO Premium plugin v27.1 (Yoast SEO v27.1.1) - https:\/\/yoast.com\/product\/yoast-seo-premium-wordpress\/ -->\n<title>Tragbare Energie | Rebelcell | Zum Angeln, f\u00fcr Outdoor und auf dem Wasser<\/title>\n<meta name=\"description\" content=\"Leistungsstarke, leichte und langlebige Lithium-Ionen-Akkus und Ladeger\u00e4te. Rebelcell. Tragbare Energie zum Angeln, f\u00fcr Outdoor und auf dem Wasser.\" \/>\n<meta name=\"robots\" content=\"index, follow, max-snippet:-1, max-image-preview:large, max-video-preview:-1\" \/>\n<link rel=\"canonical\" href=\"https:\/\/www.rebel-cell.com\/de\/datenschutzerklaerung\/\" \/>\n<meta property=\"og:locale\" content=\"de_DE\" \/>\n<meta property=\"og:type\" content=\"article\" \/>\n<meta property=\"og:title\" content=\"Datenschutz\" \/>\n<meta property=\"og:description\" content=\"Leistungsstarke, leichte und langlebige Lithium-Ionen-Akkus und Ladeger\u00e4te. Rebelcell. Tragbare Energie zum Angeln, f\u00fcr Outdoor und auf dem Wasser.\" \/>\n<meta property=\"og:url\" content=\"https:\/\/www.rebel-cell.com\/de\/datenschutzerklaerung\/\" \/>\n<meta property=\"og:site_name\" content=\"Rebelcell\" \/>\n<meta property=\"article:publisher\" content=\"https:\/\/www.facebook.com\/rebelcelleu\" \/>\n<meta property=\"article:modified_time\" content=\"2024-10-17T10:28:15+00:00\" \/>\n<meta name=\"twitter:card\" content=\"summary_large_image\" \/>\n<meta name=\"twitter:site\" content=\"@rebelcellnl\" \/>\n<meta name=\"twitter:label1\" content=\"Gesch\u00e4tzte Lesezeit\" \/>\n\t<meta name=\"twitter:data1\" content=\"4\u00a0Minuten\" \/>\n<script type=\"application\/ld+json\" class=\"yoast-schema-graph\">{\"@context\":\"https:\/\/schema.org\",\"@graph\":[{\"@type\":\"WebPage\",\"@id\":\"https:\/\/www.rebel-cell.com\/de\/datenschutzerklaerung\/\",\"url\":\"https:\/\/www.rebel-cell.com\/de\/datenschutzerklaerung\/\",\"name\":\"Tragbare Energie | Rebelcell | Zum Angeln, f\u00fcr Outdoor und auf dem Wasser\",\"isPartOf\":{\"@id\":\"https:\/\/www.rebel-cell.com\/de\/#website\"},\"datePublished\":\"2020-02-21T09:41:16+00:00\",\"dateModified\":\"2024-10-17T10:28:15+00:00\",\"description\":\"Leistungsstarke, leichte und langlebige Lithium-Ionen-Akkus und Ladeger\u00e4te. Rebelcell. Tragbare Energie zum Angeln, f\u00fcr Outdoor und auf dem Wasser.\",\"breadcrumb\":{\"@id\":\"https:\/\/www.rebel-cell.com\/de\/datenschutzerklaerung\/#breadcrumb\"},\"inLanguage\":\"de\",\"potentialAction\":[{\"@type\":\"ReadAction\",\"target\":[\"https:\/\/www.rebel-cell.com\/de\/datenschutzerklaerung\/\"]}]},{\"@type\":\"BreadcrumbList\",\"@id\":\"https:\/\/www.rebel-cell.com\/de\/datenschutzerklaerung\/#breadcrumb\",\"itemListElement\":[{\"@type\":\"ListItem\",\"position\":1,\"name\":\"Home\",\"item\":\"https:\/\/www.rebel-cell.com\/de\/\"},{\"@type\":\"ListItem\",\"position\":2,\"name\":\"Datenschutz\"}]},{\"@type\":\"WebSite\",\"@id\":\"https:\/\/www.rebel-cell.com\/de\/#website\",\"url\":\"https:\/\/www.rebel-cell.com\/de\/\",\"name\":\"Rebelcell\",\"description\":\"Rebelcell\",\"publisher\":{\"@id\":\"https:\/\/www.rebel-cell.com\/de\/#organization\"},\"potentialAction\":[{\"@type\":\"SearchAction\",\"target\":{\"@type\":\"EntryPoint\",\"urlTemplate\":\"https:\/\/www.rebel-cell.com\/de\/?s={search_term_string}\"},\"query-input\":{\"@type\":\"PropertyValueSpecification\",\"valueRequired\":true,\"valueName\":\"search_term_string\"}}],\"inLanguage\":\"de\"},{\"@type\":\"Organization\",\"@id\":\"https:\/\/www.rebel-cell.com\/de\/#organization\",\"name\":\"Rebelcell\",\"url\":\"https:\/\/www.rebel-cell.com\/de\/\",\"logo\":{\"@type\":\"ImageObject\",\"inLanguage\":\"de\",\"@id\":\"https:\/\/www.rebel-cell.com\/de\/#\/schema\/logo\/image\/\",\"url\":\"https:\/\/www.rebel-cell.com\/wp-content\/uploads\/rebelcell-logo-300.png\",\"contentUrl\":\"https:\/\/www.rebel-cell.com\/wp-content\/uploads\/rebelcell-logo-300.png\",\"width\":300,\"height\":55,\"caption\":\"Rebelcell\"},\"image\":{\"@id\":\"https:\/\/www.rebel-cell.com\/de\/#\/schema\/logo\/image\/\"},\"sameAs\":[\"https:\/\/www.facebook.com\/rebelcelleu\",\"https:\/\/x.com\/rebelcellnl\",\"https:\/\/www.instagram.com\/rebelcelleurope\/?hl=nl\",\"https:\/\/www.youtube.com\/channel\/UCpySQUq4xwwtqveV1f8oiFw\"]}]}<\/script>\n<!-- \/ Yoast SEO Premium plugin. -->","yoast_head_json":{"title":"Tragbare Energie | Rebelcell | Zum Angeln, f\u00fcr Outdoor und auf dem Wasser","description":"Leistungsstarke, leichte und langlebige Lithium-Ionen-Akkus und Ladeger\u00e4te. Rebelcell. Tragbare Energie zum Angeln, f\u00fcr Outdoor und auf dem Wasser.","robots":{"index":"index","follow":"follow","max-snippet":"max-snippet:-1","max-image-preview":"max-image-preview:large","max-video-preview":"max-video-preview:-1"},"canonical":"https:\/\/www.rebel-cell.com\/de\/datenschutzerklaerung\/","og_locale":"de_DE","og_type":"article","og_title":"Datenschutz","og_description":"Leistungsstarke, leichte und langlebige Lithium-Ionen-Akkus und Ladeger\u00e4te. Rebelcell. Tragbare Energie zum Angeln, f\u00fcr Outdoor und auf dem Wasser.","og_url":"https:\/\/www.rebel-cell.com\/de\/datenschutzerklaerung\/","og_site_name":"Rebelcell","article_publisher":"https:\/\/www.facebook.com\/rebelcelleu","article_modified_time":"2024-10-17T10:28:15+00:00","twitter_card":"summary_large_image","twitter_site":"@rebelcellnl","twitter_misc":{"Gesch\u00e4tzte Lesezeit":"4\u00a0Minuten"},"schema":{"@context":"https:\/\/schema.org","@graph":[{"@type":"WebPage","@id":"https:\/\/www.rebel-cell.com\/de\/datenschutzerklaerung\/","url":"https:\/\/www.rebel-cell.com\/de\/datenschutzerklaerung\/","name":"Tragbare Energie | Rebelcell | Zum Angeln, f\u00fcr Outdoor und auf dem Wasser","isPartOf":{"@id":"https:\/\/www.rebel-cell.com\/de\/#website"},"datePublished":"2020-02-21T09:41:16+00:00","dateModified":"2024-10-17T10:28:15+00:00","description":"Leistungsstarke, leichte und langlebige Lithium-Ionen-Akkus und Ladeger\u00e4te. Rebelcell. Tragbare Energie zum Angeln, f\u00fcr Outdoor und auf dem Wasser.","breadcrumb":{"@id":"https:\/\/www.rebel-cell.com\/de\/datenschutzerklaerung\/#breadcrumb"},"inLanguage":"de","potentialAction":[{"@type":"ReadAction","target":["https:\/\/www.rebel-cell.com\/de\/datenschutzerklaerung\/"]}]},{"@type":"BreadcrumbList","@id":"https:\/\/www.rebel-cell.com\/de\/datenschutzerklaerung\/#breadcrumb","itemListElement":[{"@type":"ListItem","position":1,"name":"Home","item":"https:\/\/www.rebel-cell.com\/de\/"},{"@type":"ListItem","position":2,"name":"Datenschutz"}]},{"@type":"WebSite","@id":"https:\/\/www.rebel-cell.com\/de\/#website","url":"https:\/\/www.rebel-cell.com\/de\/","name":"Rebelcell","description":"Rebelcell","publisher":{"@id":"https:\/\/www.rebel-cell.com\/de\/#organization"},"potentialAction":[{"@type":"SearchAction","target":{"@type":"EntryPoint","urlTemplate":"https:\/\/www.rebel-cell.com\/de\/?s={search_term_string}"},"query-input":{"@type":"PropertyValueSpecification","valueRequired":true,"valueName":"search_term_string"}}],"inLanguage":"de"},{"@type":"Organization","@id":"https:\/\/www.rebel-cell.com\/de\/#organization","name":"Rebelcell","url":"https:\/\/www.rebel-cell.com\/de\/","logo":{"@type":"ImageObject","inLanguage":"de","@id":"https:\/\/www.rebel-cell.com\/de\/#\/schema\/logo\/image\/","url":"https:\/\/www.rebel-cell.com\/wp-content\/uploads\/rebelcell-logo-300.png","contentUrl":"https:\/\/www.rebel-cell.com\/wp-content\/uploads\/rebelcell-logo-300.png","width":300,"height":55,"caption":"Rebelcell"},"image":{"@id":"https:\/\/www.rebel-cell.com\/de\/#\/schema\/logo\/image\/"},"sameAs":["https:\/\/www.facebook.com\/rebelcelleu","https:\/\/x.com\/rebelcellnl","https:\/\/www.instagram.com\/rebelcelleurope\/?hl=nl","https:\/\/www.youtube.com\/channel\/UCpySQUq4xwwtqveV1f8oiFw"]}]}},"_links":{"self":[{"href":"https:\/\/www.rebel-cell.com\/de\/wp-json\/wp\/v2\/pages\/5942","targetHints":{"allow":["GET"]}}],"collection":[{"href":"https:\/\/www.rebel-cell.com\/de\/wp-json\/wp\/v2\/pages"}],"about":[{"href":"https:\/\/www.rebel-cell.com\/de\/wp-json\/wp\/v2\/types\/page"}],"author":[{"embeddable":true,"href":"https:\/\/www.rebel-cell.com\/de\/wp-json\/wp\/v2\/users\/1"}],"replies":[{"embeddable":true,"href":"https:\/\/www.rebel-cell.com\/de\/wp-json\/wp\/v2\/comments?post=5942"}],"version-history":[{"count":0,"href":"https:\/\/www.rebel-cell.com\/de\/wp-json\/wp\/v2\/pages\/5942\/revisions"}],"wp:attachment":[{"href":"https:\/\/www.rebel-cell.com\/de\/wp-json\/wp\/v2\/media?parent=5942"}],"curies":[{"name":"wp","href":"https:\/\/api.w.org\/{rel}","templated":true}]}}