{"id":5947,"date":"2020-02-21T10:43:29","date_gmt":"2020-02-21T09:43:29","guid":{"rendered":"https:\/\/www.rebel-cell.com\/versand\/"},"modified":"2022-07-08T13:13:12","modified_gmt":"2022-07-08T11:13:12","slug":"versand","status":"publish","type":"page","link":"https:\/\/www.rebel-cell.com\/de\/versand\/","title":{"rendered":"Lieferung"},"content":{"rendered":"<h4>Lithium-Ionen-Akkus und Versand<\/h4>\n<p>Lithium-Ionen-Akkus gelten nach den ADR-Vorschriften (UN3480, Klasse 9 ADR) als Gefahrgut und d\u00fcrfen daher nicht von den gew\u00f6hnlichen Lieferdiensten transportiert werden.<br \/>\nStattdessen ist ein Spezialtransport erforderlich, und es m\u00fcssen spezielle Anforderungen an Verpackung und Etikettierung eingehalten werden.<br \/>\nDabei entstehen h\u00f6here Versandkosten als bei den gew\u00f6hnlichen Lieferdiensten.<\/p>\n<h4>Wie hoch sind die Versandkosten?<\/h4>\n<p>Die Versandkosten h\u00e4ngen davon ab, in welches Land die Lieferung gehen soll, und ob Akkus enthalten sind oder nicht.<br \/>\nDie Versandkosten werden w\u00e4hrend des Bestellvorgangs automatisch berechnet. Wir versenden in die meisten L\u00e4nder Europas.<br \/>\nSollte Ihr Land w\u00e4hrend des Bestellvorgangs nicht in der Liste erscheinen, <a href=\"https:\/\/www.rebel-cell.com\/contact\/\">setzen Sie sich bitte mit uns in Verbindung<\/a>, damit wir Ihnen einen Kostenvoranschlag f\u00fcr den Versand erstellen.<\/p>\n<h4>Wie schnell kann ich mit meiner Bestellung rechnen?<\/h4>\n<p>Alle Bestellungen, die vor 12.00 Uhr aufgegeben werden, werden am n\u00e4chsten Werktag versandt.<br \/>\nAlle Bestellungen werden aus unserem Lager in den Niederlanden versandt; die eigentliche Lieferung kann bis zu 10 Arbeitstage dauern.<\/p>\n<h4>R\u00fcckgabe: Bedenkzeit und R\u00fcckerstattung<\/h4>\n<p>Bei Rebelcell haben Sie eine Bedenkzeit von 14 Tagen. Das bedeutet, dass Sie Ihre Bestellung innerhalb von 14 Tagen aus beliebigen Gr\u00fcnden zur\u00fcckgeben k\u00f6nnen. Wenn Sie das Produkt innerhalb der 14-t\u00e4gigen Bedenkzeit zur\u00fcckgeben, erhalten Sie den Kaufbetrag so schnell wie m\u00f6glich, sp\u00e4testens jedoch innerhalb von 14 Tagen, auf Ihr Konto zur\u00fcck.<\/p>\n<h4>Wie kann ich eine Bestellung zur\u00fcckgeben?<\/h4>\n<p>1. Pr\u00fcfen Sie, ob der Artikel die folgenden Bedingungen erf\u00fcllt<br \/>\n2. F\u00fcllen Sie den <a href=\"https:\/\/www.rebel-cell.com\/de\/ruecksendeformular\/\">R\u00fccksendeschein<\/a> so deutlich und vollst\u00e4ndig wie m\u00f6glich aus und legen Sie ihn Ihrem Paket bei<br \/>\n3. Verpacken Sie das Produkt in einem stabilen Karton mit ausreichendem Schutz. Dies verhindert Sch\u00e4den beim Transport<br \/>\n4. Senden Sie das Paket mit Track-and-Trace-Code an uns mit einem Spediteur<\/p>\n<p>Haben Sie einen Garantiefall? Bitte f\u00fcllen Sie das <a href=\"https:\/\/www.rebel-cell.com\/de\/garantie\/\">Garantieformular<\/a> aus.<\/p>\n<h4>Bedingungen f\u00fcr R\u00fccksendungen<\/h4>\n<p>Die 14-t\u00e4gige Bedenkzeit beginnt einen Tag nach Erhalt des Produkts.<br \/>\nDie Produkte m\u00fcssen vollst\u00e4ndig und in der Originalverpackung zur\u00fcckgegeben werden.<br \/>\nDie zur\u00fcckgegebenen Artikel sind unbenutzt, sauber und m\u00fcssen als neu verkauft werden.<br \/>\nDie Versandkosten f\u00fcr die R\u00fccksendung Ihrer Artikel gehen zu Ihren eigenen Lasten, ebenso wie das Risiko w\u00e4hrend des Transports.<br \/>\nBitte verpacken Sie die Ware daher gut und bewahren Sie den Versandbeleg auf, bis Sie eine Benachrichtigung von uns erhalten haben.<\/p>\n","protected":false},"excerpt":{"rendered":"<p>Lithium-Ionen-Akkus und Versand Lithium-Ionen-Akkus gelten nach den ADR-Vorschriften (UN3480, Klasse 9 ADR) als Gefahrgut und d\u00fcrfen daher nicht von den gew\u00f6hnlichen Lieferdiensten transportiert werden. Stattdessen ist ein Spezialtransport erforderlich, und es m\u00fcssen spezielle Anforderungen an Verpackung und Etikettierung eingehalten werden. Dabei entstehen h\u00f6here Versandkosten als bei den gew\u00f6hnlichen Lieferdiensten. Wie hoch sind die Versandkosten? Die [&hellip;]<\/p>\n","protected":false},"author":1,"featured_media":0,"parent":0,"menu_order":76,"comment_status":"closed","ping_status":"closed","template":"page-template\/common_page.php","meta":{"_acf_changed":false,"footnotes":""},"class_list":["post-5947","page","type-page","status-publish","hentry"],"acf":[],"yoast_head":"<!-- This site is optimized with the Yoast SEO Premium plugin v27.1 (Yoast SEO v27.1.1) - https:\/\/yoast.com\/product\/yoast-seo-premium-wordpress\/ -->\n<title>Tragbare Energie | Rebelcell | Zum Angeln, f\u00fcr Outdoor und auf dem Wasser<\/title>\n<meta name=\"description\" content=\"Leistungsstarke, leichte und langlebige Lithium-Ionen-Akkus und Ladeger\u00e4te. Rebelcell. Tragbare Energie zum Angeln, f\u00fcr Outdoor und auf dem Wasser.\" \/>\n<meta name=\"robots\" content=\"index, follow, max-snippet:-1, max-image-preview:large, max-video-preview:-1\" \/>\n<link rel=\"canonical\" href=\"https:\/\/www.rebel-cell.com\/de\/versand\/\" \/>\n<meta property=\"og:locale\" content=\"de_DE\" \/>\n<meta property=\"og:type\" content=\"article\" \/>\n<meta property=\"og:title\" content=\"Lieferung\" \/>\n<meta property=\"og:description\" content=\"Leistungsstarke, leichte und langlebige Lithium-Ionen-Akkus und Ladeger\u00e4te. Rebelcell. Tragbare Energie zum Angeln, f\u00fcr Outdoor und auf dem Wasser.\" \/>\n<meta property=\"og:url\" content=\"https:\/\/www.rebel-cell.com\/de\/versand\/\" \/>\n<meta property=\"og:site_name\" content=\"Rebelcell\" \/>\n<meta property=\"article:publisher\" content=\"https:\/\/www.facebook.com\/rebelcelleu\" \/>\n<meta property=\"article:modified_time\" content=\"2022-07-08T11:13:12+00:00\" \/>\n<meta name=\"twitter:card\" content=\"summary_large_image\" \/>\n<meta name=\"twitter:site\" content=\"@rebelcellnl\" \/>\n<meta name=\"twitter:label1\" content=\"Gesch\u00e4tzte Lesezeit\" \/>\n\t<meta name=\"twitter:data1\" content=\"2\u00a0Minuten\" \/>\n<script type=\"application\/ld+json\" class=\"yoast-schema-graph\">{\"@context\":\"https:\/\/schema.org\",\"@graph\":[{\"@type\":\"WebPage\",\"@id\":\"https:\/\/www.rebel-cell.com\/de\/versand\/\",\"url\":\"https:\/\/www.rebel-cell.com\/de\/versand\/\",\"name\":\"Tragbare Energie | Rebelcell | Zum Angeln, f\u00fcr Outdoor und auf dem Wasser\",\"isPartOf\":{\"@id\":\"https:\/\/www.rebel-cell.com\/de\/#website\"},\"datePublished\":\"2020-02-21T09:43:29+00:00\",\"dateModified\":\"2022-07-08T11:13:12+00:00\",\"description\":\"Leistungsstarke, leichte und langlebige Lithium-Ionen-Akkus und Ladeger\u00e4te. Rebelcell. Tragbare Energie zum Angeln, f\u00fcr Outdoor und auf dem Wasser.\",\"breadcrumb\":{\"@id\":\"https:\/\/www.rebel-cell.com\/de\/versand\/#breadcrumb\"},\"inLanguage\":\"de\",\"potentialAction\":[{\"@type\":\"ReadAction\",\"target\":[\"https:\/\/www.rebel-cell.com\/de\/versand\/\"]}]},{\"@type\":\"BreadcrumbList\",\"@id\":\"https:\/\/www.rebel-cell.com\/de\/versand\/#breadcrumb\",\"itemListElement\":[{\"@type\":\"ListItem\",\"position\":1,\"name\":\"Home\",\"item\":\"https:\/\/www.rebel-cell.com\/de\/\"},{\"@type\":\"ListItem\",\"position\":2,\"name\":\"Lieferung\"}]},{\"@type\":\"WebSite\",\"@id\":\"https:\/\/www.rebel-cell.com\/de\/#website\",\"url\":\"https:\/\/www.rebel-cell.com\/de\/\",\"name\":\"Rebelcell\",\"description\":\"Rebelcell\",\"publisher\":{\"@id\":\"https:\/\/www.rebel-cell.com\/de\/#organization\"},\"potentialAction\":[{\"@type\":\"SearchAction\",\"target\":{\"@type\":\"EntryPoint\",\"urlTemplate\":\"https:\/\/www.rebel-cell.com\/de\/?s={search_term_string}\"},\"query-input\":{\"@type\":\"PropertyValueSpecification\",\"valueRequired\":true,\"valueName\":\"search_term_string\"}}],\"inLanguage\":\"de\"},{\"@type\":\"Organization\",\"@id\":\"https:\/\/www.rebel-cell.com\/de\/#organization\",\"name\":\"Rebelcell\",\"url\":\"https:\/\/www.rebel-cell.com\/de\/\",\"logo\":{\"@type\":\"ImageObject\",\"inLanguage\":\"de\",\"@id\":\"https:\/\/www.rebel-cell.com\/de\/#\/schema\/logo\/image\/\",\"url\":\"https:\/\/www.rebel-cell.com\/wp-content\/uploads\/rebelcell-logo-300.png\",\"contentUrl\":\"https:\/\/www.rebel-cell.com\/wp-content\/uploads\/rebelcell-logo-300.png\",\"width\":300,\"height\":55,\"caption\":\"Rebelcell\"},\"image\":{\"@id\":\"https:\/\/www.rebel-cell.com\/de\/#\/schema\/logo\/image\/\"},\"sameAs\":[\"https:\/\/www.facebook.com\/rebelcelleu\",\"https:\/\/x.com\/rebelcellnl\",\"https:\/\/www.instagram.com\/rebelcelleurope\/?hl=nl\",\"https:\/\/www.youtube.com\/channel\/UCpySQUq4xwwtqveV1f8oiFw\"]}]}<\/script>\n<!-- \/ Yoast SEO Premium plugin. -->","yoast_head_json":{"title":"Tragbare Energie | Rebelcell | Zum Angeln, f\u00fcr Outdoor und auf dem Wasser","description":"Leistungsstarke, leichte und langlebige Lithium-Ionen-Akkus und Ladeger\u00e4te. Rebelcell. Tragbare Energie zum Angeln, f\u00fcr Outdoor und auf dem Wasser.","robots":{"index":"index","follow":"follow","max-snippet":"max-snippet:-1","max-image-preview":"max-image-preview:large","max-video-preview":"max-video-preview:-1"},"canonical":"https:\/\/www.rebel-cell.com\/de\/versand\/","og_locale":"de_DE","og_type":"article","og_title":"Lieferung","og_description":"Leistungsstarke, leichte und langlebige Lithium-Ionen-Akkus und Ladeger\u00e4te. Rebelcell. Tragbare Energie zum Angeln, f\u00fcr Outdoor und auf dem Wasser.","og_url":"https:\/\/www.rebel-cell.com\/de\/versand\/","og_site_name":"Rebelcell","article_publisher":"https:\/\/www.facebook.com\/rebelcelleu","article_modified_time":"2022-07-08T11:13:12+00:00","twitter_card":"summary_large_image","twitter_site":"@rebelcellnl","twitter_misc":{"Gesch\u00e4tzte Lesezeit":"2\u00a0Minuten"},"schema":{"@context":"https:\/\/schema.org","@graph":[{"@type":"WebPage","@id":"https:\/\/www.rebel-cell.com\/de\/versand\/","url":"https:\/\/www.rebel-cell.com\/de\/versand\/","name":"Tragbare Energie | Rebelcell | Zum Angeln, f\u00fcr Outdoor und auf dem Wasser","isPartOf":{"@id":"https:\/\/www.rebel-cell.com\/de\/#website"},"datePublished":"2020-02-21T09:43:29+00:00","dateModified":"2022-07-08T11:13:12+00:00","description":"Leistungsstarke, leichte und langlebige Lithium-Ionen-Akkus und Ladeger\u00e4te. Rebelcell. Tragbare Energie zum Angeln, f\u00fcr Outdoor und auf dem Wasser.","breadcrumb":{"@id":"https:\/\/www.rebel-cell.com\/de\/versand\/#breadcrumb"},"inLanguage":"de","potentialAction":[{"@type":"ReadAction","target":["https:\/\/www.rebel-cell.com\/de\/versand\/"]}]},{"@type":"BreadcrumbList","@id":"https:\/\/www.rebel-cell.com\/de\/versand\/#breadcrumb","itemListElement":[{"@type":"ListItem","position":1,"name":"Home","item":"https:\/\/www.rebel-cell.com\/de\/"},{"@type":"ListItem","position":2,"name":"Lieferung"}]},{"@type":"WebSite","@id":"https:\/\/www.rebel-cell.com\/de\/#website","url":"https:\/\/www.rebel-cell.com\/de\/","name":"Rebelcell","description":"Rebelcell","publisher":{"@id":"https:\/\/www.rebel-cell.com\/de\/#organization"},"potentialAction":[{"@type":"SearchAction","target":{"@type":"EntryPoint","urlTemplate":"https:\/\/www.rebel-cell.com\/de\/?s={search_term_string}"},"query-input":{"@type":"PropertyValueSpecification","valueRequired":true,"valueName":"search_term_string"}}],"inLanguage":"de"},{"@type":"Organization","@id":"https:\/\/www.rebel-cell.com\/de\/#organization","name":"Rebelcell","url":"https:\/\/www.rebel-cell.com\/de\/","logo":{"@type":"ImageObject","inLanguage":"de","@id":"https:\/\/www.rebel-cell.com\/de\/#\/schema\/logo\/image\/","url":"https:\/\/www.rebel-cell.com\/wp-content\/uploads\/rebelcell-logo-300.png","contentUrl":"https:\/\/www.rebel-cell.com\/wp-content\/uploads\/rebelcell-logo-300.png","width":300,"height":55,"caption":"Rebelcell"},"image":{"@id":"https:\/\/www.rebel-cell.com\/de\/#\/schema\/logo\/image\/"},"sameAs":["https:\/\/www.facebook.com\/rebelcelleu","https:\/\/x.com\/rebelcellnl","https:\/\/www.instagram.com\/rebelcelleurope\/?hl=nl","https:\/\/www.youtube.com\/channel\/UCpySQUq4xwwtqveV1f8oiFw"]}]}},"_links":{"self":[{"href":"https:\/\/www.rebel-cell.com\/de\/wp-json\/wp\/v2\/pages\/5947","targetHints":{"allow":["GET"]}}],"collection":[{"href":"https:\/\/www.rebel-cell.com\/de\/wp-json\/wp\/v2\/pages"}],"about":[{"href":"https:\/\/www.rebel-cell.com\/de\/wp-json\/wp\/v2\/types\/page"}],"author":[{"embeddable":true,"href":"https:\/\/www.rebel-cell.com\/de\/wp-json\/wp\/v2\/users\/1"}],"replies":[{"embeddable":true,"href":"https:\/\/www.rebel-cell.com\/de\/wp-json\/wp\/v2\/comments?post=5947"}],"version-history":[{"count":0,"href":"https:\/\/www.rebel-cell.com\/de\/wp-json\/wp\/v2\/pages\/5947\/revisions"}],"wp:attachment":[{"href":"https:\/\/www.rebel-cell.com\/de\/wp-json\/wp\/v2\/media?parent=5947"}],"curies":[{"name":"wp","href":"https:\/\/api.w.org\/{rel}","templated":true}]}}