{"id":8315,"date":"2020-06-29T14:31:16","date_gmt":"2020-06-29T12:31:16","guid":{"rendered":"https:\/\/www.rebel-cell.com\/pakete\/"},"modified":"2020-07-11T13:17:46","modified_gmt":"2020-07-11T11:17:46","slug":"pakete","status":"publish","type":"page","link":"https:\/\/www.rebel-cell.com\/de\/pakete\/","title":{"rendered":"Pakete"},"content":{"rendered":"<div class=\"cat-txt\">\n<h3>Stellen Sie Ihr eigenes Rabatt-Paket zusammen!<\/h3>\n<p>Stellen Sie Ihr eigenes, optimales Paket in drei einfachen Schritten zusammen.<br \/>\nSo k\u00f6nnen Sie selbst entscheiden und genau das aussuchen, was Sie brauchen.<br \/>\nUnd Sie bekommen noch zus\u00e4tzlichen Rabatt.<\/p>\n<h3><img decoding=\"async\" class=\"alignnone size-full wp-image-6306\" src=\"https:\/\/www.rebel-cell.com\/wp-content\/uploads\/step1.png\" alt=\"\" width=\"25\" height=\"25\" \/> W\u00e4hlen Sie Ihren <a href=\"\/de\/produkt-kategorie\/akkus\/\">Akku <\/a>aus<\/h3>\n<p>W\u00e4hlen Sie einen unserer leistungsstarken, leichten Lithium-Ionen-Akkus aus.<\/p>\n<h3><img decoding=\"async\" class=\"alignnone size-full wp-image-6302\" src=\"https:\/\/www.rebel-cell.com\/wp-content\/uploads\/step2.png\" alt=\"\" width=\"25\" height=\"25\" \/> Suchen Sie ein Ladeger\u00e4t mit 10\u00a0% Rabatt dazu aus.<\/h3>\n<p>Erhalten Sie 10\u00a0% Rabatt, wenn Sie noch ein passendes Ladeger\u00e4t ausw\u00e4hlen.<br \/>\nDas sollten Sie wissen: Ladeger\u00e4te f\u00fcr Bleiakkus sind nicht mit unseren Lithium-Akkus kompatibel.<\/p>\n<h3><img decoding=\"async\" class=\"alignnone size-full wp-image-6298\" src=\"https:\/\/www.rebel-cell.com\/wp-content\/uploads\/step3.png\" alt=\"\" width=\"25\" height=\"25\" \/> <strong>W\u00e4hlen Sie Zubeh\u00f6r mit 20\u00a0% Rabatt aus.<br \/>\n<\/strong><\/h3>\n<p>Damit alles perfekt wird, erhalten Sie 20\u00a0% Rabatt auf passendes Zubeh\u00f6r.<\/p>\n<p><a class=\"startpacketBtn\" href=\"\/de\/produkt-kategorie\/akkus\/\">Stellen Sie Ihr Paket zusammen.<\/a><\/p>\n<\/div>\n","protected":false},"excerpt":{"rendered":"<p>Stellen Sie Ihr eigenes Rabatt-Paket zusammen! Stellen Sie Ihr eigenes, optimales Paket in drei einfachen Schritten zusammen. So k\u00f6nnen Sie selbst entscheiden und genau das aussuchen, was Sie brauchen. Und Sie bekommen noch zus\u00e4tzlichen Rabatt. W\u00e4hlen Sie Ihren Akku aus W\u00e4hlen Sie einen unserer leistungsstarken, leichten Lithium-Ionen-Akkus aus. Suchen Sie ein Ladeger\u00e4t mit 10\u00a0% Rabatt [&hellip;]<\/p>\n","protected":false},"author":1,"featured_media":0,"parent":0,"menu_order":72,"comment_status":"closed","ping_status":"closed","template":"page-template\/common_page.php","meta":{"_acf_changed":false,"footnotes":""},"class_list":["post-8315","page","type-page","status-publish","hentry"],"acf":[],"yoast_head":"<!-- This site is optimized with the Yoast SEO Premium plugin v27.1 (Yoast SEO v27.1.1) - https:\/\/yoast.com\/product\/yoast-seo-premium-wordpress\/ -->\n<title>Pakete - Rebelcell<\/title>\n<meta name=\"robots\" content=\"index, follow, max-snippet:-1, max-image-preview:large, max-video-preview:-1\" \/>\n<link rel=\"canonical\" href=\"https:\/\/www.rebel-cell.com\/de\/pakete\/\" \/>\n<meta property=\"og:locale\" content=\"de_DE\" \/>\n<meta property=\"og:type\" content=\"article\" \/>\n<meta property=\"og:title\" content=\"Pakete\" \/>\n<meta property=\"og:description\" content=\"Stellen Sie Ihr eigenes Rabatt-Paket zusammen! Stellen Sie Ihr eigenes, optimales Paket in drei einfachen Schritten zusammen. So k\u00f6nnen Sie selbst entscheiden und genau das aussuchen, was Sie brauchen. Und Sie bekommen noch zus\u00e4tzlichen Rabatt. W\u00e4hlen Sie Ihren Akku aus W\u00e4hlen Sie einen unserer leistungsstarken, leichten Lithium-Ionen-Akkus aus. Suchen Sie ein Ladeger\u00e4t mit 10\u00a0% Rabatt [&hellip;]\" \/>\n<meta property=\"og:url\" content=\"https:\/\/www.rebel-cell.com\/de\/pakete\/\" \/>\n<meta property=\"og:site_name\" content=\"Rebelcell\" \/>\n<meta property=\"article:publisher\" content=\"https:\/\/www.facebook.com\/rebelcelleu\" \/>\n<meta property=\"article:modified_time\" content=\"2020-07-11T11:17:46+00:00\" \/>\n<meta property=\"og:image\" content=\"https:\/\/www.rebel-cell.com\/wp-content\/uploads\/step1.png\" \/>\n<meta name=\"twitter:card\" content=\"summary_large_image\" \/>\n<meta name=\"twitter:site\" content=\"@rebelcellnl\" \/>\n<meta name=\"twitter:label1\" content=\"Gesch\u00e4tzte Lesezeit\" \/>\n\t<meta name=\"twitter:data1\" content=\"1\u00a0Minute\" \/>\n<script type=\"application\/ld+json\" class=\"yoast-schema-graph\">{\"@context\":\"https:\/\/schema.org\",\"@graph\":[{\"@type\":\"WebPage\",\"@id\":\"https:\/\/www.rebel-cell.com\/de\/pakete\/\",\"url\":\"https:\/\/www.rebel-cell.com\/de\/pakete\/\",\"name\":\"Pakete - Rebelcell\",\"isPartOf\":{\"@id\":\"https:\/\/www.rebel-cell.com\/de\/#website\"},\"primaryImageOfPage\":{\"@id\":\"https:\/\/www.rebel-cell.com\/de\/pakete\/#primaryimage\"},\"image\":{\"@id\":\"https:\/\/www.rebel-cell.com\/de\/pakete\/#primaryimage\"},\"thumbnailUrl\":\"https:\/\/www.rebel-cell.com\/wp-content\/uploads\/step1.png\",\"datePublished\":\"2020-06-29T12:31:16+00:00\",\"dateModified\":\"2020-07-11T11:17:46+00:00\",\"breadcrumb\":{\"@id\":\"https:\/\/www.rebel-cell.com\/de\/pakete\/#breadcrumb\"},\"inLanguage\":\"de\",\"potentialAction\":[{\"@type\":\"ReadAction\",\"target\":[\"https:\/\/www.rebel-cell.com\/de\/pakete\/\"]}]},{\"@type\":\"ImageObject\",\"inLanguage\":\"de\",\"@id\":\"https:\/\/www.rebel-cell.com\/de\/pakete\/#primaryimage\",\"url\":\"https:\/\/www.rebel-cell.com\/wp-content\/uploads\/step1.png\",\"contentUrl\":\"https:\/\/www.rebel-cell.com\/wp-content\/uploads\/step1.png\"},{\"@type\":\"BreadcrumbList\",\"@id\":\"https:\/\/www.rebel-cell.com\/de\/pakete\/#breadcrumb\",\"itemListElement\":[{\"@type\":\"ListItem\",\"position\":1,\"name\":\"Home\",\"item\":\"https:\/\/www.rebel-cell.com\/de\/\"},{\"@type\":\"ListItem\",\"position\":2,\"name\":\"Pakete\"}]},{\"@type\":\"WebSite\",\"@id\":\"https:\/\/www.rebel-cell.com\/de\/#website\",\"url\":\"https:\/\/www.rebel-cell.com\/de\/\",\"name\":\"Rebelcell\",\"description\":\"Rebelcell\",\"publisher\":{\"@id\":\"https:\/\/www.rebel-cell.com\/de\/#organization\"},\"potentialAction\":[{\"@type\":\"SearchAction\",\"target\":{\"@type\":\"EntryPoint\",\"urlTemplate\":\"https:\/\/www.rebel-cell.com\/de\/?s={search_term_string}\"},\"query-input\":{\"@type\":\"PropertyValueSpecification\",\"valueRequired\":true,\"valueName\":\"search_term_string\"}}],\"inLanguage\":\"de\"},{\"@type\":\"Organization\",\"@id\":\"https:\/\/www.rebel-cell.com\/de\/#organization\",\"name\":\"Rebelcell\",\"url\":\"https:\/\/www.rebel-cell.com\/de\/\",\"logo\":{\"@type\":\"ImageObject\",\"inLanguage\":\"de\",\"@id\":\"https:\/\/www.rebel-cell.com\/de\/#\/schema\/logo\/image\/\",\"url\":\"https:\/\/www.rebel-cell.com\/wp-content\/uploads\/rebelcell-logo-300.png\",\"contentUrl\":\"https:\/\/www.rebel-cell.com\/wp-content\/uploads\/rebelcell-logo-300.png\",\"width\":300,\"height\":55,\"caption\":\"Rebelcell\"},\"image\":{\"@id\":\"https:\/\/www.rebel-cell.com\/de\/#\/schema\/logo\/image\/\"},\"sameAs\":[\"https:\/\/www.facebook.com\/rebelcelleu\",\"https:\/\/x.com\/rebelcellnl\",\"https:\/\/www.instagram.com\/rebelcelleurope\/?hl=nl\",\"https:\/\/www.youtube.com\/channel\/UCpySQUq4xwwtqveV1f8oiFw\"]}]}<\/script>\n<!-- \/ Yoast SEO Premium plugin. -->","yoast_head_json":{"title":"Pakete - Rebelcell","robots":{"index":"index","follow":"follow","max-snippet":"max-snippet:-1","max-image-preview":"max-image-preview:large","max-video-preview":"max-video-preview:-1"},"canonical":"https:\/\/www.rebel-cell.com\/de\/pakete\/","og_locale":"de_DE","og_type":"article","og_title":"Pakete","og_description":"Stellen Sie Ihr eigenes Rabatt-Paket zusammen! Stellen Sie Ihr eigenes, optimales Paket in drei einfachen Schritten zusammen. So k\u00f6nnen Sie selbst entscheiden und genau das aussuchen, was Sie brauchen. Und Sie bekommen noch zus\u00e4tzlichen Rabatt. W\u00e4hlen Sie Ihren Akku aus W\u00e4hlen Sie einen unserer leistungsstarken, leichten Lithium-Ionen-Akkus aus. Suchen Sie ein Ladeger\u00e4t mit 10\u00a0% Rabatt [&hellip;]","og_url":"https:\/\/www.rebel-cell.com\/de\/pakete\/","og_site_name":"Rebelcell","article_publisher":"https:\/\/www.facebook.com\/rebelcelleu","article_modified_time":"2020-07-11T11:17:46+00:00","og_image":[{"url":"https:\/\/www.rebel-cell.com\/wp-content\/uploads\/step1.png","type":"","width":"","height":""}],"twitter_card":"summary_large_image","twitter_site":"@rebelcellnl","twitter_misc":{"Gesch\u00e4tzte Lesezeit":"1\u00a0Minute"},"schema":{"@context":"https:\/\/schema.org","@graph":[{"@type":"WebPage","@id":"https:\/\/www.rebel-cell.com\/de\/pakete\/","url":"https:\/\/www.rebel-cell.com\/de\/pakete\/","name":"Pakete - Rebelcell","isPartOf":{"@id":"https:\/\/www.rebel-cell.com\/de\/#website"},"primaryImageOfPage":{"@id":"https:\/\/www.rebel-cell.com\/de\/pakete\/#primaryimage"},"image":{"@id":"https:\/\/www.rebel-cell.com\/de\/pakete\/#primaryimage"},"thumbnailUrl":"https:\/\/www.rebel-cell.com\/wp-content\/uploads\/step1.png","datePublished":"2020-06-29T12:31:16+00:00","dateModified":"2020-07-11T11:17:46+00:00","breadcrumb":{"@id":"https:\/\/www.rebel-cell.com\/de\/pakete\/#breadcrumb"},"inLanguage":"de","potentialAction":[{"@type":"ReadAction","target":["https:\/\/www.rebel-cell.com\/de\/pakete\/"]}]},{"@type":"ImageObject","inLanguage":"de","@id":"https:\/\/www.rebel-cell.com\/de\/pakete\/#primaryimage","url":"https:\/\/www.rebel-cell.com\/wp-content\/uploads\/step1.png","contentUrl":"https:\/\/www.rebel-cell.com\/wp-content\/uploads\/step1.png"},{"@type":"BreadcrumbList","@id":"https:\/\/www.rebel-cell.com\/de\/pakete\/#breadcrumb","itemListElement":[{"@type":"ListItem","position":1,"name":"Home","item":"https:\/\/www.rebel-cell.com\/de\/"},{"@type":"ListItem","position":2,"name":"Pakete"}]},{"@type":"WebSite","@id":"https:\/\/www.rebel-cell.com\/de\/#website","url":"https:\/\/www.rebel-cell.com\/de\/","name":"Rebelcell","description":"Rebelcell","publisher":{"@id":"https:\/\/www.rebel-cell.com\/de\/#organization"},"potentialAction":[{"@type":"SearchAction","target":{"@type":"EntryPoint","urlTemplate":"https:\/\/www.rebel-cell.com\/de\/?s={search_term_string}"},"query-input":{"@type":"PropertyValueSpecification","valueRequired":true,"valueName":"search_term_string"}}],"inLanguage":"de"},{"@type":"Organization","@id":"https:\/\/www.rebel-cell.com\/de\/#organization","name":"Rebelcell","url":"https:\/\/www.rebel-cell.com\/de\/","logo":{"@type":"ImageObject","inLanguage":"de","@id":"https:\/\/www.rebel-cell.com\/de\/#\/schema\/logo\/image\/","url":"https:\/\/www.rebel-cell.com\/wp-content\/uploads\/rebelcell-logo-300.png","contentUrl":"https:\/\/www.rebel-cell.com\/wp-content\/uploads\/rebelcell-logo-300.png","width":300,"height":55,"caption":"Rebelcell"},"image":{"@id":"https:\/\/www.rebel-cell.com\/de\/#\/schema\/logo\/image\/"},"sameAs":["https:\/\/www.facebook.com\/rebelcelleu","https:\/\/x.com\/rebelcellnl","https:\/\/www.instagram.com\/rebelcelleurope\/?hl=nl","https:\/\/www.youtube.com\/channel\/UCpySQUq4xwwtqveV1f8oiFw"]}]}},"_links":{"self":[{"href":"https:\/\/www.rebel-cell.com\/de\/wp-json\/wp\/v2\/pages\/8315","targetHints":{"allow":["GET"]}}],"collection":[{"href":"https:\/\/www.rebel-cell.com\/de\/wp-json\/wp\/v2\/pages"}],"about":[{"href":"https:\/\/www.rebel-cell.com\/de\/wp-json\/wp\/v2\/types\/page"}],"author":[{"embeddable":true,"href":"https:\/\/www.rebel-cell.com\/de\/wp-json\/wp\/v2\/users\/1"}],"replies":[{"embeddable":true,"href":"https:\/\/www.rebel-cell.com\/de\/wp-json\/wp\/v2\/comments?post=8315"}],"version-history":[{"count":0,"href":"https:\/\/www.rebel-cell.com\/de\/wp-json\/wp\/v2\/pages\/8315\/revisions"}],"wp:attachment":[{"href":"https:\/\/www.rebel-cell.com\/de\/wp-json\/wp\/v2\/media?parent=8315"}],"curies":[{"name":"wp","href":"https:\/\/api.w.org\/{rel}","templated":true}]}}