{"id":11741,"date":"2022-01-05T15:02:31","date_gmt":"2022-01-05T14:02:31","guid":{"rendered":"https:\/\/www.rebel-cell.com\/product\/rebelcell-boot-aufkleber\/"},"modified":"2025-04-14T14:12:39","modified_gmt":"2025-04-14T12:12:39","slug":"rebelcell-boot-aufkleber","status":"publish","type":"product","link":"https:\/\/www.rebel-cell.com\/de\/produkt\/rebelcell-boot-aufkleber\/","title":{"rendered":"Rebelcell Boot Aufkleber"},"content":{"rendered":"<p>Produktcode Rebelcell Boot Aufkleber &#8211; S: REBSTCKRS<\/p>\n<p>Produktcode Rebelcell Boot Aufkleber &#8211; M: REBSTCKRM<\/p>\n<p>Produktcode Rebelcell Boot Aufkleber &#8211; L: REBSTCKRL<\/p>\n<p>Barcode Rebelcell Boot Aufkleber &#8211; S: 7106623689684<\/p>\n<p>Barcode Rebelcell Boot Aufkleber &#8211; M: 7106623692820<\/p>\n<p>Barcode Rebelcell Boot Aufkleber &#8211; L: 7106623688663<\/p>\n<p>EAN Rebelcell Boot Aufkleber &#8211; S: 8720964630267<\/p>\n<p>EAN Rebelcell Boot Aufkleber &#8211; M: 8720964630847<\/p>\n<p>EAN Rebelcell Boot Aufkleber &#8211; L: 8720964630854<\/p>\n","protected":false},"excerpt":{"rendered":"<p><strong>Sch\u00f6ne und auff\u00e4llige Rebelcell Bootsaufkleber<\/strong> zum <strong>Aufkleben \u00fcberall im oder auf dem Boot<\/strong>. Der Rebelcell Bootsaufkleber ist in <strong>einer Variante erh\u00e4ltlich<\/strong> (schwarz mit gelb) und kommt in <strong>drei verschiedenen Gr\u00f6\u00dfen; S, M und L.<\/strong><\/p>\n<p><strong>Abmessungen<\/strong><\/p>\n<ul>\n<li><strong>S = <\/strong>12 x 2.5 cm<\/li>\n<li><strong>M = <\/strong>30 x 5.5 cm<\/li>\n<li><strong>L = <\/strong>40 x 7.3 cm<\/li>\n<\/ul>\n","protected":false},"featured_media":495,"comment_status":"open","ping_status":"closed","template":"","meta":{"_acf_changed":false},"product_brand":[],"product_cat":[4458,1906],"product_tag":[],"class_list":{"0":"post-11741","1":"product","2":"type-product","3":"status-publish","4":"has-post-thumbnail","6":"product_cat-werbeartikel","7":"product_cat-zubehor","8":"product_shipping_class-normal-shipment","10":"first","11":"instock","12":"taxable","13":"shipping-taxable","14":"purchasable","15":"product-type-variable"},"bundled_by":[],"bundle_stock_status":"instock","bundle_stock_quantity":null,"bundle_virtual":false,"bundle_layout":"","bundle_add_to_cart_form_location":"","bundle_editable_in_cart":false,"bundle_sold_individually_context":"","bundle_item_grouping":"","bundle_min_size":"","bundle_max_size":"","bundle_price":[],"bundled_items":[],"bundle_sell_ids":[],"acf":[],"yoast_head":"<!-- This site is optimized with the Yoast SEO Premium plugin v27.1 (Yoast SEO v27.1.1) - https:\/\/yoast.com\/product\/yoast-seo-premium-wordpress\/ -->\n<title>Rebelcell Boot Aufkleber - Rebelcell<\/title>\n<meta name=\"robots\" content=\"index, follow, max-snippet:-1, max-image-preview:large, max-video-preview:-1\" \/>\n<link rel=\"canonical\" href=\"https:\/\/www.rebel-cell.com\/de\/produkt\/rebelcell-boot-aufkleber\/\" \/>\n<meta property=\"og:locale\" content=\"de_DE\" \/>\n<meta property=\"og:type\" content=\"article\" \/>\n<meta property=\"og:title\" content=\"Rebelcell Boot Aufkleber\" \/>\n<meta property=\"og:description\" content=\"Sch\u00f6ne und auff\u00e4llige Rebelcell Bootsaufkleber zum Aufkleben \u00fcberall im oder auf dem Boot. Der Rebelcell Bootsaufkleber ist in einer Variante erh\u00e4ltlich (schwarz mit gelb) und kommt in drei verschiedenen Gr\u00f6\u00dfen; S, M und L.  Abmessungen   S = 12 x 2.5 cm  M = 30 x 5.5 cm  L = 40 x 7.3 cm\" \/>\n<meta property=\"og:url\" content=\"https:\/\/www.rebel-cell.com\/de\/produkt\/rebelcell-boot-aufkleber\/\" \/>\n<meta property=\"og:site_name\" content=\"Rebelcell\" \/>\n<meta property=\"article:publisher\" content=\"https:\/\/www.facebook.com\/rebelcelleu\" \/>\n<meta property=\"article:modified_time\" content=\"2025-04-14T12:12:39+00:00\" \/>\n<meta property=\"og:image\" content=\"https:\/\/www.rebel-cell.com\/wp-content\/uploads\/2018\/07\/logo.png\" \/>\n\t<meta property=\"og:image:width\" content=\"189\" \/>\n\t<meta property=\"og:image:height\" content=\"36\" \/>\n\t<meta property=\"og:image:type\" content=\"image\/png\" \/>\n<meta name=\"twitter:card\" content=\"summary_large_image\" \/>\n<meta name=\"twitter:site\" content=\"@rebelcellnl\" \/>\n<meta name=\"twitter:label1\" content=\"Verf\u00fcgbarkeit\" \/>\n\t<meta name=\"twitter:data1\" content=\"Auf Lager\" \/>\n<script type=\"application\/ld+json\" class=\"yoast-schema-graph\">{\"@context\":\"https:\/\/schema.org\",\"@graph\":[{\"@type\":[\"WebPage\",\"ItemPage\"],\"@id\":\"https:\/\/www.rebel-cell.com\/de\/produkt\/rebelcell-boot-aufkleber\/\",\"url\":\"https:\/\/www.rebel-cell.com\/de\/produkt\/rebelcell-boot-aufkleber\/\",\"name\":\"Rebelcell Boot Aufkleber - Rebelcell\",\"isPartOf\":{\"@id\":\"https:\/\/www.rebel-cell.com\/de\/#website\"},\"primaryImageOfPage\":{\"@id\":\"https:\/\/www.rebel-cell.com\/de\/produkt\/rebelcell-boot-aufkleber\/#primaryimage\"},\"image\":{\"@id\":\"https:\/\/www.rebel-cell.com\/de\/produkt\/rebelcell-boot-aufkleber\/#primaryimage\"},\"thumbnailUrl\":\"https:\/\/www.rebel-cell.com\/wp-content\/uploads\/2018\/07\/logo.png\",\"datePublished\":\"2022-01-05T14:02:31+00:00\",\"dateModified\":\"2025-04-14T12:12:39+00:00\",\"breadcrumb\":{\"@id\":\"https:\/\/www.rebel-cell.com\/de\/produkt\/rebelcell-boot-aufkleber\/#breadcrumb\"},\"inLanguage\":\"de\",\"potentialAction\":[{\"@type\":\"ReadAction\",\"target\":[\"https:\/\/www.rebel-cell.com\/de\/produkt\/rebelcell-boot-aufkleber\/\"]}]},{\"@type\":\"ImageObject\",\"inLanguage\":\"de\",\"@id\":\"https:\/\/www.rebel-cell.com\/de\/produkt\/rebelcell-boot-aufkleber\/#primaryimage\",\"url\":\"https:\/\/www.rebel-cell.com\/wp-content\/uploads\/2018\/07\/logo.png\",\"contentUrl\":\"https:\/\/www.rebel-cell.com\/wp-content\/uploads\/2018\/07\/logo.png\",\"width\":189,\"height\":36},{\"@type\":\"BreadcrumbList\",\"@id\":\"https:\/\/www.rebel-cell.com\/de\/produkt\/rebelcell-boot-aufkleber\/#breadcrumb\",\"itemListElement\":[{\"@type\":\"ListItem\",\"position\":1,\"name\":\"Home\",\"item\":\"https:\/\/www.rebel-cell.com\/de\/\"},{\"@type\":\"ListItem\",\"position\":2,\"name\":\"Shop\",\"item\":\"https:\/\/www.rebel-cell.com\/de\/shop\/\"},{\"@type\":\"ListItem\",\"position\":3,\"name\":\"Rebelcell Boot Aufkleber\"}]},{\"@type\":\"WebSite\",\"@id\":\"https:\/\/www.rebel-cell.com\/de\/#website\",\"url\":\"https:\/\/www.rebel-cell.com\/de\/\",\"name\":\"Rebelcell\",\"description\":\"Rebelcell\",\"publisher\":{\"@id\":\"https:\/\/www.rebel-cell.com\/de\/#organization\"},\"potentialAction\":[{\"@type\":\"SearchAction\",\"target\":{\"@type\":\"EntryPoint\",\"urlTemplate\":\"https:\/\/www.rebel-cell.com\/de\/?s={search_term_string}\"},\"query-input\":{\"@type\":\"PropertyValueSpecification\",\"valueRequired\":true,\"valueName\":\"search_term_string\"}}],\"inLanguage\":\"de\"},{\"@type\":\"Organization\",\"@id\":\"https:\/\/www.rebel-cell.com\/de\/#organization\",\"name\":\"Rebelcell\",\"url\":\"https:\/\/www.rebel-cell.com\/de\/\",\"logo\":{\"@type\":\"ImageObject\",\"inLanguage\":\"de\",\"@id\":\"https:\/\/www.rebel-cell.com\/de\/#\/schema\/logo\/image\/\",\"url\":\"https:\/\/www.rebel-cell.com\/wp-content\/uploads\/rebelcell-logo-300.png\",\"contentUrl\":\"https:\/\/www.rebel-cell.com\/wp-content\/uploads\/rebelcell-logo-300.png\",\"width\":300,\"height\":55,\"caption\":\"Rebelcell\"},\"image\":{\"@id\":\"https:\/\/www.rebel-cell.com\/de\/#\/schema\/logo\/image\/\"},\"sameAs\":[\"https:\/\/www.facebook.com\/rebelcelleu\",\"https:\/\/x.com\/rebelcellnl\",\"https:\/\/www.instagram.com\/rebelcelleurope\/?hl=nl\",\"https:\/\/www.youtube.com\/channel\/UCpySQUq4xwwtqveV1f8oiFw\"]}]}<\/script>\n<meta property=\"og:availability\" content=\"instock\" \/>\n<meta property=\"product:availability\" content=\"instock\" \/>\n<meta property=\"product:condition\" content=\"new\" \/>\n<!-- \/ Yoast SEO Premium plugin. -->","yoast_head_json":{"title":"Rebelcell Boot Aufkleber - Rebelcell","robots":{"index":"index","follow":"follow","max-snippet":"max-snippet:-1","max-image-preview":"max-image-preview:large","max-video-preview":"max-video-preview:-1"},"canonical":"https:\/\/www.rebel-cell.com\/de\/produkt\/rebelcell-boot-aufkleber\/","og_locale":"de_DE","og_type":"article","og_title":"Rebelcell Boot Aufkleber","og_description":"Sch\u00f6ne und auff\u00e4llige Rebelcell Bootsaufkleber zum Aufkleben \u00fcberall im oder auf dem Boot. Der Rebelcell Bootsaufkleber ist in einer Variante erh\u00e4ltlich (schwarz mit gelb) und kommt in drei verschiedenen Gr\u00f6\u00dfen; S, M und L.  Abmessungen   S = 12 x 2.5 cm  M = 30 x 5.5 cm  L = 40 x 7.3 cm","og_url":"https:\/\/www.rebel-cell.com\/de\/produkt\/rebelcell-boot-aufkleber\/","og_site_name":"Rebelcell","article_publisher":"https:\/\/www.facebook.com\/rebelcelleu","article_modified_time":"2025-04-14T12:12:39+00:00","og_image":[{"width":189,"height":36,"url":"https:\/\/www.rebel-cell.com\/wp-content\/uploads\/2018\/07\/logo.png","type":"image\/png"}],"twitter_card":"summary_large_image","twitter_site":"@rebelcellnl","twitter_misc":{"Verf\u00fcgbarkeit":"Auf Lager"},"schema":{"@context":"https:\/\/schema.org","@graph":[{"@type":["WebPage","ItemPage"],"@id":"https:\/\/www.rebel-cell.com\/de\/produkt\/rebelcell-boot-aufkleber\/","url":"https:\/\/www.rebel-cell.com\/de\/produkt\/rebelcell-boot-aufkleber\/","name":"Rebelcell Boot Aufkleber - Rebelcell","isPartOf":{"@id":"https:\/\/www.rebel-cell.com\/de\/#website"},"primaryImageOfPage":{"@id":"https:\/\/www.rebel-cell.com\/de\/produkt\/rebelcell-boot-aufkleber\/#primaryimage"},"image":{"@id":"https:\/\/www.rebel-cell.com\/de\/produkt\/rebelcell-boot-aufkleber\/#primaryimage"},"thumbnailUrl":"https:\/\/www.rebel-cell.com\/wp-content\/uploads\/2018\/07\/logo.png","datePublished":"2022-01-05T14:02:31+00:00","dateModified":"2025-04-14T12:12:39+00:00","breadcrumb":{"@id":"https:\/\/www.rebel-cell.com\/de\/produkt\/rebelcell-boot-aufkleber\/#breadcrumb"},"inLanguage":"de","potentialAction":[{"@type":"ReadAction","target":["https:\/\/www.rebel-cell.com\/de\/produkt\/rebelcell-boot-aufkleber\/"]}]},{"@type":"ImageObject","inLanguage":"de","@id":"https:\/\/www.rebel-cell.com\/de\/produkt\/rebelcell-boot-aufkleber\/#primaryimage","url":"https:\/\/www.rebel-cell.com\/wp-content\/uploads\/2018\/07\/logo.png","contentUrl":"https:\/\/www.rebel-cell.com\/wp-content\/uploads\/2018\/07\/logo.png","width":189,"height":36},{"@type":"BreadcrumbList","@id":"https:\/\/www.rebel-cell.com\/de\/produkt\/rebelcell-boot-aufkleber\/#breadcrumb","itemListElement":[{"@type":"ListItem","position":1,"name":"Home","item":"https:\/\/www.rebel-cell.com\/de\/"},{"@type":"ListItem","position":2,"name":"Shop","item":"https:\/\/www.rebel-cell.com\/de\/shop\/"},{"@type":"ListItem","position":3,"name":"Rebelcell Boot Aufkleber"}]},{"@type":"WebSite","@id":"https:\/\/www.rebel-cell.com\/de\/#website","url":"https:\/\/www.rebel-cell.com\/de\/","name":"Rebelcell","description":"Rebelcell","publisher":{"@id":"https:\/\/www.rebel-cell.com\/de\/#organization"},"potentialAction":[{"@type":"SearchAction","target":{"@type":"EntryPoint","urlTemplate":"https:\/\/www.rebel-cell.com\/de\/?s={search_term_string}"},"query-input":{"@type":"PropertyValueSpecification","valueRequired":true,"valueName":"search_term_string"}}],"inLanguage":"de"},{"@type":"Organization","@id":"https:\/\/www.rebel-cell.com\/de\/#organization","name":"Rebelcell","url":"https:\/\/www.rebel-cell.com\/de\/","logo":{"@type":"ImageObject","inLanguage":"de","@id":"https:\/\/www.rebel-cell.com\/de\/#\/schema\/logo\/image\/","url":"https:\/\/www.rebel-cell.com\/wp-content\/uploads\/rebelcell-logo-300.png","contentUrl":"https:\/\/www.rebel-cell.com\/wp-content\/uploads\/rebelcell-logo-300.png","width":300,"height":55,"caption":"Rebelcell"},"image":{"@id":"https:\/\/www.rebel-cell.com\/de\/#\/schema\/logo\/image\/"},"sameAs":["https:\/\/www.facebook.com\/rebelcelleu","https:\/\/x.com\/rebelcellnl","https:\/\/www.instagram.com\/rebelcelleurope\/?hl=nl","https:\/\/www.youtube.com\/channel\/UCpySQUq4xwwtqveV1f8oiFw"]}]},"og_availability":"instock","product_availability":"instock","product_condition":"new"},"_links":{"self":[{"href":"https:\/\/www.rebel-cell.com\/de\/wp-json\/wp\/v2\/product\/11741","targetHints":{"allow":["GET"]}}],"collection":[{"href":"https:\/\/www.rebel-cell.com\/de\/wp-json\/wp\/v2\/product"}],"about":[{"href":"https:\/\/www.rebel-cell.com\/de\/wp-json\/wp\/v2\/types\/product"}],"replies":[{"embeddable":true,"href":"https:\/\/www.rebel-cell.com\/de\/wp-json\/wp\/v2\/comments?post=11741"}],"wp:featuredmedia":[{"embeddable":true,"href":"https:\/\/www.rebel-cell.com\/de\/wp-json\/wp\/v2\/media\/495"}],"wp:attachment":[{"href":"https:\/\/www.rebel-cell.com\/de\/wp-json\/wp\/v2\/media?parent=11741"}],"wp:term":[{"taxonomy":"product_brand","embeddable":true,"href":"https:\/\/www.rebel-cell.com\/de\/wp-json\/wp\/v2\/product_brand?post=11741"},{"taxonomy":"product_cat","embeddable":true,"href":"https:\/\/www.rebel-cell.com\/de\/wp-json\/wp\/v2\/product_cat?post=11741"},{"taxonomy":"product_tag","embeddable":true,"href":"https:\/\/www.rebel-cell.com\/de\/wp-json\/wp\/v2\/product_tag?post=11741"}],"curies":[{"name":"wp","href":"https:\/\/api.w.org\/{rel}","templated":true}]}}