{"id":12746,"date":"2022-03-16T11:03:16","date_gmt":"2022-03-16T10:03:16","guid":{"rendered":"https:\/\/www.rebel-cell.com\/product\/power-rebel-26k\/"},"modified":"2025-05-11T20:04:44","modified_gmt":"2025-05-11T18:04:44","slug":"power-rebel-26k","status":"publish","type":"product","link":"https:\/\/www.rebel-cell.com\/de\/produkt\/power-rebel-26k\/","title":{"rendered":"Power Rebel 26K"},"content":{"rendered":"<h2>Produktbeschreibung Rebelcell Power Rebel 26K<\/h2>\n<p>Die <strong>Power Rebel 26K<\/strong> ist eine leistungsstarke <strong>Solarstrombank (26800 mAh \/ 99 Wh)<\/strong> f\u00fcr den Au\u00dfeneinsatz. Sie l\u00e4dt gleichzeitig bis zu 3 Ger\u00e4te \u00fcber die 1x Standard-USB-A und 1x USB-C \/ 1x USB-A Schnellladeausg\u00e4nge. Mit dieser Powerbank k\u00f6nnen Sie Ihr <strong>Tablet 3 Mal <\/strong>und Ihr<strong> Telefon bis zu 9 Mal aufladen!<\/strong> Die Power Rebel 26K verf\u00fcgt \u00fcber die folgenden Funktionen;<\/p>\n<ul>\n<li>Ladestatusanzeige<\/li>\n<li>Kabelloses Laden<\/li>\n<li>Solarpanel<\/li>\n<li>Wetterfestes und sto\u00dffestes Geh\u00e4use<\/li>\n<li>LED-Licht in 4 Modi (Flutlicht, Standard, SOS und Taschenlampe)<\/li>\n<li>Schnelles Aufladen<\/li>\n<li>Der Power Rebel 26K entspricht den IATA-Transportrichtlinien und kann im Handgep\u00e4ck von Fluggesellschaften mitgef\u00fchrt werden.<\/li>\n<\/ul>\n<p><strong>Tipp:<\/strong> Mit unserer <a href=\"https:\/\/www.rebel-cell.com\/de\/produkt\/power-rebel-48k\/\" target=\"_blank\" rel=\"noopener\">Power Rebel 48k<\/a> k\u00f6nnen Sie Ihr Handy bis zu 15 Mal aufladen und haben zus\u00e4tzlich einen 12-Volt-Anschluss!<\/p>\n<p>Produktcode: PWRREBEL26K<\/p>\n<p>Barcode: 7106623696279<\/p>\n<p>EAN: 8720964630083<\/p>\n","protected":false},"excerpt":{"rendered":"<p><strong>NEU!<\/strong> Die <strong>Power Rebel 26K<\/strong> ist eine Solarstrombank mit hoher Kapazit\u00e4t <strong>(26800 mAh \/ 99 Wh)<\/strong> f\u00fcr den Au\u00dfeneinsatz. Sie l\u00e4dt gleichzeitig bis zu 3 Ger\u00e4te \u00fcber die 1x Standard-USB-A und 1x USB-C \/ 1x USB-A Schnellladeanschl\u00fcsse. Mit kabellosem Laden, integriertem Solarpanel und LED-Licht ist sie bestens f\u00fcr den Einsatz im Freien geeignet, um <strong>Ihr Telefon, Tablet und andere USB-Ger\u00e4te bequem aufzuladen.<\/strong> Der Power Rebel 26K <strong>erf\u00fcllt die IATA-Transportrichtlinien<\/strong> und kann im Handgep\u00e4ck mit <strong>an Bord eines Flugzeugs genommen werden<\/strong>.<br \/>\n<a href=\"#proddesc\">Mehr lesen&gt;<\/a><\/p>\n","protected":false},"featured_media":12229,"comment_status":"open","ping_status":"closed","template":"","meta":{"_acf_changed":false},"product_brand":[],"product_cat":[4127,1910],"product_tag":[],"class_list":{"0":"post-12746","1":"product","2":"type-product","3":"status-publish","4":"has-post-thumbnail","6":"product_cat-angebote","7":"product_cat-powerbanks","8":"product_shipping_class-normal-shipment","10":"first","11":"outofstock","12":"sale","13":"taxable","14":"shipping-taxable","15":"purchasable","16":"product-type-simple"},"bundled_by":[],"bundle_stock_status":"outofstock","bundle_stock_quantity":0,"bundle_virtual":false,"bundle_layout":"","bundle_add_to_cart_form_location":"","bundle_editable_in_cart":false,"bundle_sold_individually_context":"","bundle_item_grouping":"","bundle_min_size":"","bundle_max_size":"","bundle_price":[],"bundled_items":[],"bundle_sell_ids":[],"acf":[],"yoast_head":"<!-- This site is optimized with the Yoast SEO Premium plugin v27.1 (Yoast SEO v27.1.1) - https:\/\/yoast.com\/product\/yoast-seo-premium-wordpress\/ -->\n<title>Solar Power Bank 26K | Rebelcell | Tragbare Energie f\u00fcr den Au\u00dfeneinsatz<\/title>\n<meta name=\"description\" content=\"Solarstrombank mit hoher Kapazit\u00e4t und superschneller Aufladung f\u00fcr den Au\u00dfeneinsatz. Rebelcell. Tragbare Energie f\u00fcr Angeln, E-Bootfahren, Outdoor und Freizeit.\" \/>\n<meta name=\"robots\" content=\"index, follow, max-snippet:-1, max-image-preview:large, max-video-preview:-1\" \/>\n<link rel=\"canonical\" href=\"https:\/\/www.rebel-cell.com\/de\/produkt\/power-rebel-26k\/\" \/>\n<meta property=\"og:locale\" content=\"de_DE\" \/>\n<meta property=\"og:type\" content=\"article\" \/>\n<meta property=\"og:title\" content=\"Power Rebel 26K\" \/>\n<meta property=\"og:description\" content=\"Solarstrombank mit hoher Kapazit\u00e4t und superschneller Aufladung f\u00fcr den Au\u00dfeneinsatz. Rebelcell. Tragbare Energie f\u00fcr Angeln, E-Bootfahren, Outdoor und Freizeit.\" \/>\n<meta property=\"og:url\" content=\"https:\/\/www.rebel-cell.com\/de\/produkt\/power-rebel-26k\/\" \/>\n<meta property=\"og:site_name\" content=\"Rebelcell\" \/>\n<meta property=\"article:publisher\" content=\"https:\/\/www.facebook.com\/rebelcelleu\" \/>\n<meta property=\"article:modified_time\" content=\"2025-05-11T18:04:44+00:00\" \/>\n<meta property=\"og:image\" content=\"https:\/\/www.rebel-cell.com\/wp-content\/uploads\/Power_Rebel_26K_side_back_LED-ON.jpg\" \/>\n\t<meta property=\"og:image:width\" content=\"1500\" \/>\n\t<meta property=\"og:image:height\" content=\"1500\" \/>\n\t<meta property=\"og:image:type\" content=\"image\/jpeg\" \/>\n<meta name=\"twitter:card\" content=\"summary_large_image\" \/>\n<meta name=\"twitter:site\" content=\"@rebelcellnl\" \/>\n<meta name=\"twitter:label1\" content=\"Preis\" \/>\n\t<meta name=\"twitter:data1\" content=\"&euro;99,00\" \/>\n\t<meta name=\"twitter:label2\" content=\"Verf\u00fcgbarkeit\" \/>\n\t<meta name=\"twitter:data2\" content=\"ausverkauft\" \/>\n<script type=\"application\/ld+json\" class=\"yoast-schema-graph\">{\"@context\":\"https:\/\/schema.org\",\"@graph\":[{\"@type\":[\"WebPage\",\"ItemPage\"],\"@id\":\"https:\/\/www.rebel-cell.com\/de\/produkt\/power-rebel-26k\/\",\"url\":\"https:\/\/www.rebel-cell.com\/de\/produkt\/power-rebel-26k\/\",\"name\":\"Solar Power Bank 26K | Rebelcell | Tragbare Energie f\u00fcr den Au\u00dfeneinsatz\",\"isPartOf\":{\"@id\":\"https:\/\/www.rebel-cell.com\/de\/#website\"},\"primaryImageOfPage\":{\"@id\":\"https:\/\/www.rebel-cell.com\/de\/produkt\/power-rebel-26k\/#primaryimage\"},\"image\":{\"@id\":\"https:\/\/www.rebel-cell.com\/de\/produkt\/power-rebel-26k\/#primaryimage\"},\"thumbnailUrl\":\"https:\/\/www.rebel-cell.com\/wp-content\/uploads\/Power_Rebel_26K_side_back_LED-ON.jpg\",\"datePublished\":\"2022-03-16T10:03:16+00:00\",\"dateModified\":\"2025-05-11T18:04:44+00:00\",\"description\":\"Solarstrombank mit hoher Kapazit\u00e4t und superschneller Aufladung f\u00fcr den Au\u00dfeneinsatz. Rebelcell. Tragbare Energie f\u00fcr Angeln, E-Bootfahren, Outdoor und Freizeit.\",\"breadcrumb\":{\"@id\":\"https:\/\/www.rebel-cell.com\/de\/produkt\/power-rebel-26k\/#breadcrumb\"},\"inLanguage\":\"de\",\"potentialAction\":[{\"@type\":\"ReadAction\",\"target\":[\"https:\/\/www.rebel-cell.com\/de\/produkt\/power-rebel-26k\/\"]}]},{\"@type\":\"ImageObject\",\"inLanguage\":\"de\",\"@id\":\"https:\/\/www.rebel-cell.com\/de\/produkt\/power-rebel-26k\/#primaryimage\",\"url\":\"https:\/\/www.rebel-cell.com\/wp-content\/uploads\/Power_Rebel_26K_side_back_LED-ON.jpg\",\"contentUrl\":\"https:\/\/www.rebel-cell.com\/wp-content\/uploads\/Power_Rebel_26K_side_back_LED-ON.jpg\",\"width\":1500,\"height\":1500},{\"@type\":\"BreadcrumbList\",\"@id\":\"https:\/\/www.rebel-cell.com\/de\/produkt\/power-rebel-26k\/#breadcrumb\",\"itemListElement\":[{\"@type\":\"ListItem\",\"position\":1,\"name\":\"Home\",\"item\":\"https:\/\/www.rebel-cell.com\/de\/\"},{\"@type\":\"ListItem\",\"position\":2,\"name\":\"Shop\",\"item\":\"https:\/\/www.rebel-cell.com\/de\/shop\/\"},{\"@type\":\"ListItem\",\"position\":3,\"name\":\"Power Rebel 26K\"}]},{\"@type\":\"WebSite\",\"@id\":\"https:\/\/www.rebel-cell.com\/de\/#website\",\"url\":\"https:\/\/www.rebel-cell.com\/de\/\",\"name\":\"Rebelcell\",\"description\":\"Rebelcell\",\"publisher\":{\"@id\":\"https:\/\/www.rebel-cell.com\/de\/#organization\"},\"potentialAction\":[{\"@type\":\"SearchAction\",\"target\":{\"@type\":\"EntryPoint\",\"urlTemplate\":\"https:\/\/www.rebel-cell.com\/de\/?s={search_term_string}\"},\"query-input\":{\"@type\":\"PropertyValueSpecification\",\"valueRequired\":true,\"valueName\":\"search_term_string\"}}],\"inLanguage\":\"de\"},{\"@type\":\"Organization\",\"@id\":\"https:\/\/www.rebel-cell.com\/de\/#organization\",\"name\":\"Rebelcell\",\"url\":\"https:\/\/www.rebel-cell.com\/de\/\",\"logo\":{\"@type\":\"ImageObject\",\"inLanguage\":\"de\",\"@id\":\"https:\/\/www.rebel-cell.com\/de\/#\/schema\/logo\/image\/\",\"url\":\"https:\/\/www.rebel-cell.com\/wp-content\/uploads\/rebelcell-logo-300.png\",\"contentUrl\":\"https:\/\/www.rebel-cell.com\/wp-content\/uploads\/rebelcell-logo-300.png\",\"width\":300,\"height\":55,\"caption\":\"Rebelcell\"},\"image\":{\"@id\":\"https:\/\/www.rebel-cell.com\/de\/#\/schema\/logo\/image\/\"},\"sameAs\":[\"https:\/\/www.facebook.com\/rebelcelleu\",\"https:\/\/x.com\/rebelcellnl\",\"https:\/\/www.instagram.com\/rebelcelleurope\/?hl=nl\",\"https:\/\/www.youtube.com\/channel\/UCpySQUq4xwwtqveV1f8oiFw\"]}]}<\/script>\n<meta property=\"product:price:amount\" content=\"99.00\" \/>\n<meta property=\"product:price:currency\" content=\"EUR\" \/>\n<meta property=\"og:availability\" content=\"out of stock\" \/>\n<meta property=\"product:availability\" content=\"out of stock\" \/>\n<meta property=\"product:retailer_item_id\" content=\"7106623696279\" \/>\n<meta property=\"product:condition\" content=\"new\" \/>\n<!-- \/ Yoast SEO Premium plugin. -->","yoast_head_json":{"title":"Solar Power Bank 26K | Rebelcell | Tragbare Energie f\u00fcr den Au\u00dfeneinsatz","description":"Solarstrombank mit hoher Kapazit\u00e4t und superschneller Aufladung f\u00fcr den Au\u00dfeneinsatz. Rebelcell. Tragbare Energie f\u00fcr Angeln, E-Bootfahren, Outdoor und Freizeit.","robots":{"index":"index","follow":"follow","max-snippet":"max-snippet:-1","max-image-preview":"max-image-preview:large","max-video-preview":"max-video-preview:-1"},"canonical":"https:\/\/www.rebel-cell.com\/de\/produkt\/power-rebel-26k\/","og_locale":"de_DE","og_type":"article","og_title":"Power Rebel 26K","og_description":"Solarstrombank mit hoher Kapazit\u00e4t und superschneller Aufladung f\u00fcr den Au\u00dfeneinsatz. Rebelcell. Tragbare Energie f\u00fcr Angeln, E-Bootfahren, Outdoor und Freizeit.","og_url":"https:\/\/www.rebel-cell.com\/de\/produkt\/power-rebel-26k\/","og_site_name":"Rebelcell","article_publisher":"https:\/\/www.facebook.com\/rebelcelleu","article_modified_time":"2025-05-11T18:04:44+00:00","og_image":[{"width":1500,"height":1500,"url":"https:\/\/www.rebel-cell.com\/wp-content\/uploads\/Power_Rebel_26K_side_back_LED-ON.jpg","type":"image\/jpeg"}],"twitter_card":"summary_large_image","twitter_site":"@rebelcellnl","twitter_misc":{"Preis":"&euro;99,00","Verf\u00fcgbarkeit":"ausverkauft"},"schema":{"@context":"https:\/\/schema.org","@graph":[{"@type":["WebPage","ItemPage"],"@id":"https:\/\/www.rebel-cell.com\/de\/produkt\/power-rebel-26k\/","url":"https:\/\/www.rebel-cell.com\/de\/produkt\/power-rebel-26k\/","name":"Solar Power Bank 26K | Rebelcell | Tragbare Energie f\u00fcr den Au\u00dfeneinsatz","isPartOf":{"@id":"https:\/\/www.rebel-cell.com\/de\/#website"},"primaryImageOfPage":{"@id":"https:\/\/www.rebel-cell.com\/de\/produkt\/power-rebel-26k\/#primaryimage"},"image":{"@id":"https:\/\/www.rebel-cell.com\/de\/produkt\/power-rebel-26k\/#primaryimage"},"thumbnailUrl":"https:\/\/www.rebel-cell.com\/wp-content\/uploads\/Power_Rebel_26K_side_back_LED-ON.jpg","datePublished":"2022-03-16T10:03:16+00:00","dateModified":"2025-05-11T18:04:44+00:00","description":"Solarstrombank mit hoher Kapazit\u00e4t und superschneller Aufladung f\u00fcr den Au\u00dfeneinsatz. Rebelcell. Tragbare Energie f\u00fcr Angeln, E-Bootfahren, Outdoor und Freizeit.","breadcrumb":{"@id":"https:\/\/www.rebel-cell.com\/de\/produkt\/power-rebel-26k\/#breadcrumb"},"inLanguage":"de","potentialAction":[{"@type":"ReadAction","target":["https:\/\/www.rebel-cell.com\/de\/produkt\/power-rebel-26k\/"]}]},{"@type":"ImageObject","inLanguage":"de","@id":"https:\/\/www.rebel-cell.com\/de\/produkt\/power-rebel-26k\/#primaryimage","url":"https:\/\/www.rebel-cell.com\/wp-content\/uploads\/Power_Rebel_26K_side_back_LED-ON.jpg","contentUrl":"https:\/\/www.rebel-cell.com\/wp-content\/uploads\/Power_Rebel_26K_side_back_LED-ON.jpg","width":1500,"height":1500},{"@type":"BreadcrumbList","@id":"https:\/\/www.rebel-cell.com\/de\/produkt\/power-rebel-26k\/#breadcrumb","itemListElement":[{"@type":"ListItem","position":1,"name":"Home","item":"https:\/\/www.rebel-cell.com\/de\/"},{"@type":"ListItem","position":2,"name":"Shop","item":"https:\/\/www.rebel-cell.com\/de\/shop\/"},{"@type":"ListItem","position":3,"name":"Power Rebel 26K"}]},{"@type":"WebSite","@id":"https:\/\/www.rebel-cell.com\/de\/#website","url":"https:\/\/www.rebel-cell.com\/de\/","name":"Rebelcell","description":"Rebelcell","publisher":{"@id":"https:\/\/www.rebel-cell.com\/de\/#organization"},"potentialAction":[{"@type":"SearchAction","target":{"@type":"EntryPoint","urlTemplate":"https:\/\/www.rebel-cell.com\/de\/?s={search_term_string}"},"query-input":{"@type":"PropertyValueSpecification","valueRequired":true,"valueName":"search_term_string"}}],"inLanguage":"de"},{"@type":"Organization","@id":"https:\/\/www.rebel-cell.com\/de\/#organization","name":"Rebelcell","url":"https:\/\/www.rebel-cell.com\/de\/","logo":{"@type":"ImageObject","inLanguage":"de","@id":"https:\/\/www.rebel-cell.com\/de\/#\/schema\/logo\/image\/","url":"https:\/\/www.rebel-cell.com\/wp-content\/uploads\/rebelcell-logo-300.png","contentUrl":"https:\/\/www.rebel-cell.com\/wp-content\/uploads\/rebelcell-logo-300.png","width":300,"height":55,"caption":"Rebelcell"},"image":{"@id":"https:\/\/www.rebel-cell.com\/de\/#\/schema\/logo\/image\/"},"sameAs":["https:\/\/www.facebook.com\/rebelcelleu","https:\/\/x.com\/rebelcellnl","https:\/\/www.instagram.com\/rebelcelleurope\/?hl=nl","https:\/\/www.youtube.com\/channel\/UCpySQUq4xwwtqveV1f8oiFw"]}]},"product_price_amount":"99.00","product_price_currency":"EUR","og_availability":"out of stock","product_availability":"out of stock","product_retailer_item_id":"7106623696279","product_condition":"new"},"_links":{"self":[{"href":"https:\/\/www.rebel-cell.com\/de\/wp-json\/wp\/v2\/product\/12746","targetHints":{"allow":["GET"]}}],"collection":[{"href":"https:\/\/www.rebel-cell.com\/de\/wp-json\/wp\/v2\/product"}],"about":[{"href":"https:\/\/www.rebel-cell.com\/de\/wp-json\/wp\/v2\/types\/product"}],"replies":[{"embeddable":true,"href":"https:\/\/www.rebel-cell.com\/de\/wp-json\/wp\/v2\/comments?post=12746"}],"wp:featuredmedia":[{"embeddable":true,"href":"https:\/\/www.rebel-cell.com\/de\/wp-json\/wp\/v2\/media\/12229"}],"wp:attachment":[{"href":"https:\/\/www.rebel-cell.com\/de\/wp-json\/wp\/v2\/media?parent=12746"}],"wp:term":[{"taxonomy":"product_brand","embeddable":true,"href":"https:\/\/www.rebel-cell.com\/de\/wp-json\/wp\/v2\/product_brand?post=12746"},{"taxonomy":"product_cat","embeddable":true,"href":"https:\/\/www.rebel-cell.com\/de\/wp-json\/wp\/v2\/product_cat?post=12746"},{"taxonomy":"product_tag","embeddable":true,"href":"https:\/\/www.rebel-cell.com\/de\/wp-json\/wp\/v2\/product_tag?post=12746"}],"curies":[{"name":"wp","href":"https:\/\/api.w.org\/{rel}","templated":true}]}}