{"id":20409,"date":"2023-10-09T17:08:29","date_gmt":"2023-10-09T15:08:29","guid":{"rendered":"https:\/\/www.rebel-cell.com\/?post_type=product&#038;p=20409"},"modified":"2024-01-12T15:19:31","modified_gmt":"2024-01-12T14:19:31","slug":"12v120-pro-lifepo4-akku-copy","status":"publish","type":"product","link":"https:\/\/www.rebel-cell.com\/de\/produkt\/12v120-pro-lifepo4-akku-copy\/","title":{"rendered":"12V120 Wohnmobil-LiFePO4-Akku"},"content":{"rendered":"<section id=\"proddesc\" class=\"prod-desc-box\">\n<div class=\"container\">\n<h2>PRODUKTBESCHREIBUNG REBELCELL 12V120 Wohnmobil LIFEPO4-AKKU<\/h2>\n<div class=\"group w-full text-token-text-primary border-b border-black\/10 gizmo:border-0 dark:border-gray-900\/50 gizmo:dark:border-0 bg-gray-50 gizmo:bg-transparent dark:bg-[#444654] gizmo:dark:bg-transparent\" data-testid=\"conversation-turn-45\">\n<div class=\"p-4 justify-center text-base md:gap-6 md:py-6 m-auto\">\n<div class=\"flex flex-1 gap-4 text-base mx-auto md:gap-6 gizmo:gap-3 gizmo:md:px-5 gizmo:lg:px-1 gizmo:xl:px-5 md:max-w-2xl lg:max-w-[38rem] gizmo:md:max-w-3xl gizmo:lg:max-w-[40rem] gizmo:xl:max-w-[48rem] xl:max-w-3xl }\">\n<div class=\"relative flex w-[calc(100%-50px)] flex-col gap-1 gizmo:w-full md:gap-3 lg:w-[calc(100%-115px)] agent-turn\">\n<div class=\"flex flex-grow flex-col gap-3 max-w-full\">\n<div class=\"min-h-[20px] flex flex-col items-start gap-3 whitespace-pre-wrap break-words overflow-x-auto\">\n<div class=\"markdown prose w-full break-words dark:prose-invert light\">\n<p>Die <strong>12V120 Wohnmobil<\/strong>\u00a0ist ein leistungsstarker LiFePO4-Akku mit Bluetooth-Konnektivit\u00e4t, der speziell als &#8222;Alles-in-einem&#8220;-Akku entwickelt wurde: sowohl zum Starten eines Au\u00dfenbordmotors (BBM) und\/oder als Stromversorgung f\u00fcr (mehrere) Echolote und\/oder Elektro-Motor. Die 12V120 PRO ersetzt 1 zu 1 eine Start-\/Service-Blei-S\u00e4ure-Batterie und kann \u00fcber den Au\u00dfenbordmotor aufgeladen werden. Dieses vielseitige Kraftpaket eignet sich gut f\u00fcr den Einsatz bei kaltem Wetter: Die Frost Control-Funktion sorgt daf\u00fcr, dass Sie auch bei Minusgraden laden k\u00f6nnen. Und mit der praktischen Rebelcell-App k\u00f6nnen Sie u. a. den Ladestatus, die Temperatur und den Zustand der Akku \u00fcberwachen \u2013 f\u00fcr einen sorgenfreien Tag auf dem Wasser. Diese Batterie wird mit 12 V betrieben, hat eine Leistung von 120 Ah (1,54 kWh), wiegt nur 13,8 kg und verf\u00fcgt \u00fcber eine In-App-Batteriestatusanzeige und 5 Jahre Garantie.<\/p>\n<p><strong>Alles-in-einem Akku f\u00fcr Wohnmobil-Anwendungen:<\/strong><\/p>\n<ul>\n<li>Starten Ihres Au\u00dfenbordmotors<\/li>\n<li>Elektrobootfahren: als Stromversorgung und Antrieb f\u00fcr 12V-Elektromotoren<\/li>\n<li>Freizeit: als Service-Akku f\u00fcr Segelyachten, Motorboote, Wohnwagen und Wohnmobile<\/li>\n<li>Angeln: f\u00fcr den mehrt\u00e4gigen Einsatz von gro\u00dfen Echolote<\/li>\n<\/ul>\n<p>Dieser Akku kann problemlos mit jedem Elektro-Au\u00dfenbordmotor (12 V) verwendet werden. Sind Sie neugierig, welcher Lithium-Akku Sie f\u00fcr Ihr Boot oder Ihr Echolot ben\u00f6tigen? Unser Grundlagenwissen \u2013 die richtige Akku f\u00fcr meinen Motor oder unser Grundlagenwissen \u2013 die richtige Akku f\u00fcr meinen bordelektronik beantwortet alle Ihre Fragen.<\/p>\n<p>Der Akku ist v\u00f6llig wartungsfrei und hat bis zu 5000 Ladezyklen. Das bedeutet 5000 Ladungen und Entladungen. Er ist deutlich leichter als eine vergleichbare Bleibatterie und hat einen viel geringeren Jahresverlust. Dank des eingebauten Batterie-Management-Systems m\u00fcssen Sie sich keine Sorgen machen, dass die Grundlagenwissen zu tief entladen wird und Schaden nimmt.<\/p>\n<p><strong>Produktcode:<\/strong> 12120RELIBTA<\/p>\n<p><strong>Barcode:<\/strong> 8720964630076<\/p>\n<\/div>\n<\/div>\n<\/div>\n<\/div>\n<\/div>\n<\/div>\n<\/div>\n<\/div>\n<\/section>\n","protected":false},"excerpt":{"rendered":"<div class=\"flex-shrink-0 flex flex-col relative items-end\">\n<div class=\"relative p-1 rounded-sm h-9 w-9 text-white flex items-center justify-center\">Die <strong>12V120 Wohnmobil<\/strong> ist eine robuste LiFePO4-Batterie, speziell konzipiert als All-in-One-Stroml\u00f6sung f\u00fcr Wohnmobile. Sie dient sowohl als Starter als auch als Stromquelle und ist somit perfekt f\u00fcr Wohnmobilanwendungen geeignet. Diese vielseitige Batterie verf\u00fcgt \u00fcber Bluetooth-Konnektivit\u00e4t zur Verwendung mit der Rebelcell-App und Frost Control f\u00fcr das Aufladen bei frostigen Temperaturen. Sie wird au\u00dferdem mit einer 5-j\u00e4hrigen Garantie geliefert.<\/div>\n<\/div>\n<p><a href=\"https:\/\/www.rebel-cell.com\/de\/produkt\/12v80-pro-lithium-akku\/#proddesc\">Mehr lesen&gt;<\/a><\/p>\n","protected":false},"featured_media":20187,"comment_status":"open","ping_status":"closed","template":"","meta":{"_acf_changed":false},"product_brand":[],"product_cat":[4459,15],"product_tag":[4179],"class_list":{"0":"post-20409","1":"product","2":"type-product","3":"status-publish","4":"has-post-thumbnail","6":"product_cat-andere-produkte","7":"product_cat-other-products","8":"product_tag-7106623695746-de","9":"product_shipping_class-shipping-battery","10":"pa_fishing-andere-anwendungen","11":"pa_fishing-elektrisch-fahren","12":"pa_fishing-karpfen","14":"first","15":"instock","16":"taxable","17":"shipping-taxable","18":"purchasable","19":"product-type-simple"},"bundled_by":[],"bundle_stock_status":"instock","bundle_stock_quantity":42,"bundle_virtual":false,"bundle_layout":"","bundle_add_to_cart_form_location":"","bundle_editable_in_cart":false,"bundle_sold_individually_context":"","bundle_item_grouping":"","bundle_min_size":"","bundle_max_size":"","bundle_price":[],"bundled_items":[],"bundle_sell_ids":[],"acf":[],"yoast_head":"<!-- This site is optimized with the Yoast SEO Premium plugin v27.1 (Yoast SEO v27.1.1) - https:\/\/yoast.com\/product\/yoast-seo-premium-wordpress\/ -->\n<title>12V120 Wohnmobil LiFePO4 Akku | Rebelcell | Outdoor &amp; Camping<\/title>\n<meta name=\"description\" content=\"12V120 PRO Lithium-Batterie. Eignet sich als Starterbatterie und zur Stromversorgung f\u00fcr den Elektro-Motor und das Echolot, Servicebatterie in Wohnwagen oder Wohnmobilen\" \/>\n<meta name=\"robots\" content=\"index, follow, max-snippet:-1, max-image-preview:large, max-video-preview:-1\" \/>\n<link rel=\"canonical\" href=\"https:\/\/www.rebel-cell.com\/de\/produkt\/12v120-pro-lifepo4-akku-copy\/\" \/>\n<meta property=\"og:locale\" content=\"de_DE\" \/>\n<meta property=\"og:type\" content=\"article\" \/>\n<meta property=\"og:title\" content=\"12V120 Wohnmobil-LiFePO4-Akku\" \/>\n<meta property=\"og:description\" content=\"12V120 PRO Lithium-Batterie. Eignet sich als Starterbatterie und zur Stromversorgung f\u00fcr den Elektro-Motor und das Echolot, Servicebatterie in Wohnwagen oder Wohnmobilen\" \/>\n<meta property=\"og:url\" content=\"https:\/\/www.rebel-cell.com\/de\/produkt\/12v120-pro-lifepo4-akku-copy\/\" \/>\n<meta property=\"og:site_name\" content=\"Rebelcell\" \/>\n<meta property=\"article:publisher\" content=\"https:\/\/www.facebook.com\/rebelcelleu\" \/>\n<meta property=\"article:modified_time\" content=\"2024-01-12T14:19:31+00:00\" \/>\n<meta property=\"og:image\" content=\"https:\/\/www.rebel-cell.com\/wp-content\/uploads\/12V120_PRO_top_side-2.jpg\" \/>\n\t<meta property=\"og:image:width\" content=\"1500\" \/>\n\t<meta property=\"og:image:height\" content=\"1500\" \/>\n\t<meta property=\"og:image:type\" content=\"image\/jpeg\" \/>\n<meta name=\"twitter:card\" content=\"summary_large_image\" \/>\n<meta name=\"twitter:site\" content=\"@rebelcellnl\" \/>\n<meta name=\"twitter:label1\" content=\"Preis\" \/>\n\t<meta name=\"twitter:data1\" content=\"&euro;1.549,00\" \/>\n\t<meta name=\"twitter:label2\" content=\"Verf\u00fcgbarkeit\" \/>\n\t<meta name=\"twitter:data2\" content=\"Auf Lager\" \/>\n<script type=\"application\/ld+json\" class=\"yoast-schema-graph\">{\"@context\":\"https:\/\/schema.org\",\"@graph\":[{\"@type\":[\"WebPage\",\"ItemPage\"],\"@id\":\"https:\/\/www.rebel-cell.com\/de\/produkt\/12v120-pro-lifepo4-akku-copy\/\",\"url\":\"https:\/\/www.rebel-cell.com\/de\/produkt\/12v120-pro-lifepo4-akku-copy\/\",\"name\":\"12V120 Wohnmobil LiFePO4 Akku | Rebelcell | Outdoor & Camping\",\"isPartOf\":{\"@id\":\"https:\/\/www.rebel-cell.com\/de\/#website\"},\"primaryImageOfPage\":{\"@id\":\"https:\/\/www.rebel-cell.com\/de\/produkt\/12v120-pro-lifepo4-akku-copy\/#primaryimage\"},\"image\":{\"@id\":\"https:\/\/www.rebel-cell.com\/de\/produkt\/12v120-pro-lifepo4-akku-copy\/#primaryimage\"},\"thumbnailUrl\":\"https:\/\/www.rebel-cell.com\/wp-content\/uploads\/12V120_PRO_top_side-2.jpg\",\"datePublished\":\"2023-10-09T15:08:29+00:00\",\"dateModified\":\"2024-01-12T14:19:31+00:00\",\"description\":\"12V120 PRO Lithium-Batterie. Eignet sich als Starterbatterie und zur Stromversorgung f\u00fcr den Elektro-Motor und das Echolot, Servicebatterie in Wohnwagen oder Wohnmobilen\",\"breadcrumb\":{\"@id\":\"https:\/\/www.rebel-cell.com\/de\/produkt\/12v120-pro-lifepo4-akku-copy\/#breadcrumb\"},\"inLanguage\":\"de\",\"potentialAction\":[{\"@type\":\"ReadAction\",\"target\":[\"https:\/\/www.rebel-cell.com\/de\/produkt\/12v120-pro-lifepo4-akku-copy\/\"]}]},{\"@type\":\"ImageObject\",\"inLanguage\":\"de\",\"@id\":\"https:\/\/www.rebel-cell.com\/de\/produkt\/12v120-pro-lifepo4-akku-copy\/#primaryimage\",\"url\":\"https:\/\/www.rebel-cell.com\/wp-content\/uploads\/12V120_PRO_top_side-2.jpg\",\"contentUrl\":\"https:\/\/www.rebel-cell.com\/wp-content\/uploads\/12V120_PRO_top_side-2.jpg\",\"width\":1500,\"height\":1500},{\"@type\":\"BreadcrumbList\",\"@id\":\"https:\/\/www.rebel-cell.com\/de\/produkt\/12v120-pro-lifepo4-akku-copy\/#breadcrumb\",\"itemListElement\":[{\"@type\":\"ListItem\",\"position\":1,\"name\":\"Home\",\"item\":\"https:\/\/www.rebel-cell.com\/de\/\"},{\"@type\":\"ListItem\",\"position\":2,\"name\":\"Shop\",\"item\":\"https:\/\/www.rebel-cell.com\/de\/shop\/\"},{\"@type\":\"ListItem\",\"position\":3,\"name\":\"12V120 Wohnmobil-LiFePO4-Akku\"}]},{\"@type\":\"WebSite\",\"@id\":\"https:\/\/www.rebel-cell.com\/de\/#website\",\"url\":\"https:\/\/www.rebel-cell.com\/de\/\",\"name\":\"Rebelcell\",\"description\":\"Rebelcell\",\"publisher\":{\"@id\":\"https:\/\/www.rebel-cell.com\/de\/#organization\"},\"potentialAction\":[{\"@type\":\"SearchAction\",\"target\":{\"@type\":\"EntryPoint\",\"urlTemplate\":\"https:\/\/www.rebel-cell.com\/de\/?s={search_term_string}\"},\"query-input\":{\"@type\":\"PropertyValueSpecification\",\"valueRequired\":true,\"valueName\":\"search_term_string\"}}],\"inLanguage\":\"de\"},{\"@type\":\"Organization\",\"@id\":\"https:\/\/www.rebel-cell.com\/de\/#organization\",\"name\":\"Rebelcell\",\"url\":\"https:\/\/www.rebel-cell.com\/de\/\",\"logo\":{\"@type\":\"ImageObject\",\"inLanguage\":\"de\",\"@id\":\"https:\/\/www.rebel-cell.com\/de\/#\/schema\/logo\/image\/\",\"url\":\"https:\/\/www.rebel-cell.com\/wp-content\/uploads\/rebelcell-logo-300.png\",\"contentUrl\":\"https:\/\/www.rebel-cell.com\/wp-content\/uploads\/rebelcell-logo-300.png\",\"width\":300,\"height\":55,\"caption\":\"Rebelcell\"},\"image\":{\"@id\":\"https:\/\/www.rebel-cell.com\/de\/#\/schema\/logo\/image\/\"},\"sameAs\":[\"https:\/\/www.facebook.com\/rebelcelleu\",\"https:\/\/x.com\/rebelcellnl\",\"https:\/\/www.instagram.com\/rebelcelleurope\/?hl=nl\",\"https:\/\/www.youtube.com\/channel\/UCpySQUq4xwwtqveV1f8oiFw\"]}]}<\/script>\n<meta property=\"product:price:amount\" content=\"1549.00\" \/>\n<meta property=\"product:price:currency\" content=\"EUR\" \/>\n<meta property=\"og:availability\" content=\"instock\" \/>\n<meta property=\"product:availability\" content=\"instock\" \/>\n<meta property=\"product:retailer_item_id\" content=\"12V120CAMPER\" \/>\n<meta property=\"product:condition\" content=\"new\" \/>\n<!-- \/ Yoast SEO Premium plugin. -->","yoast_head_json":{"title":"12V120 Wohnmobil LiFePO4 Akku | Rebelcell | Outdoor & Camping","description":"12V120 PRO Lithium-Batterie. Eignet sich als Starterbatterie und zur Stromversorgung f\u00fcr den Elektro-Motor und das Echolot, Servicebatterie in Wohnwagen oder Wohnmobilen","robots":{"index":"index","follow":"follow","max-snippet":"max-snippet:-1","max-image-preview":"max-image-preview:large","max-video-preview":"max-video-preview:-1"},"canonical":"https:\/\/www.rebel-cell.com\/de\/produkt\/12v120-pro-lifepo4-akku-copy\/","og_locale":"de_DE","og_type":"article","og_title":"12V120 Wohnmobil-LiFePO4-Akku","og_description":"12V120 PRO Lithium-Batterie. Eignet sich als Starterbatterie und zur Stromversorgung f\u00fcr den Elektro-Motor und das Echolot, Servicebatterie in Wohnwagen oder Wohnmobilen","og_url":"https:\/\/www.rebel-cell.com\/de\/produkt\/12v120-pro-lifepo4-akku-copy\/","og_site_name":"Rebelcell","article_publisher":"https:\/\/www.facebook.com\/rebelcelleu","article_modified_time":"2024-01-12T14:19:31+00:00","og_image":[{"width":1500,"height":1500,"url":"https:\/\/www.rebel-cell.com\/wp-content\/uploads\/12V120_PRO_top_side-2.jpg","type":"image\/jpeg"}],"twitter_card":"summary_large_image","twitter_site":"@rebelcellnl","twitter_misc":{"Preis":"&euro;1.549,00","Verf\u00fcgbarkeit":"Auf Lager"},"schema":{"@context":"https:\/\/schema.org","@graph":[{"@type":["WebPage","ItemPage"],"@id":"https:\/\/www.rebel-cell.com\/de\/produkt\/12v120-pro-lifepo4-akku-copy\/","url":"https:\/\/www.rebel-cell.com\/de\/produkt\/12v120-pro-lifepo4-akku-copy\/","name":"12V120 Wohnmobil LiFePO4 Akku | Rebelcell | Outdoor & Camping","isPartOf":{"@id":"https:\/\/www.rebel-cell.com\/de\/#website"},"primaryImageOfPage":{"@id":"https:\/\/www.rebel-cell.com\/de\/produkt\/12v120-pro-lifepo4-akku-copy\/#primaryimage"},"image":{"@id":"https:\/\/www.rebel-cell.com\/de\/produkt\/12v120-pro-lifepo4-akku-copy\/#primaryimage"},"thumbnailUrl":"https:\/\/www.rebel-cell.com\/wp-content\/uploads\/12V120_PRO_top_side-2.jpg","datePublished":"2023-10-09T15:08:29+00:00","dateModified":"2024-01-12T14:19:31+00:00","description":"12V120 PRO Lithium-Batterie. Eignet sich als Starterbatterie und zur Stromversorgung f\u00fcr den Elektro-Motor und das Echolot, Servicebatterie in Wohnwagen oder Wohnmobilen","breadcrumb":{"@id":"https:\/\/www.rebel-cell.com\/de\/produkt\/12v120-pro-lifepo4-akku-copy\/#breadcrumb"},"inLanguage":"de","potentialAction":[{"@type":"ReadAction","target":["https:\/\/www.rebel-cell.com\/de\/produkt\/12v120-pro-lifepo4-akku-copy\/"]}]},{"@type":"ImageObject","inLanguage":"de","@id":"https:\/\/www.rebel-cell.com\/de\/produkt\/12v120-pro-lifepo4-akku-copy\/#primaryimage","url":"https:\/\/www.rebel-cell.com\/wp-content\/uploads\/12V120_PRO_top_side-2.jpg","contentUrl":"https:\/\/www.rebel-cell.com\/wp-content\/uploads\/12V120_PRO_top_side-2.jpg","width":1500,"height":1500},{"@type":"BreadcrumbList","@id":"https:\/\/www.rebel-cell.com\/de\/produkt\/12v120-pro-lifepo4-akku-copy\/#breadcrumb","itemListElement":[{"@type":"ListItem","position":1,"name":"Home","item":"https:\/\/www.rebel-cell.com\/de\/"},{"@type":"ListItem","position":2,"name":"Shop","item":"https:\/\/www.rebel-cell.com\/de\/shop\/"},{"@type":"ListItem","position":3,"name":"12V120 Wohnmobil-LiFePO4-Akku"}]},{"@type":"WebSite","@id":"https:\/\/www.rebel-cell.com\/de\/#website","url":"https:\/\/www.rebel-cell.com\/de\/","name":"Rebelcell","description":"Rebelcell","publisher":{"@id":"https:\/\/www.rebel-cell.com\/de\/#organization"},"potentialAction":[{"@type":"SearchAction","target":{"@type":"EntryPoint","urlTemplate":"https:\/\/www.rebel-cell.com\/de\/?s={search_term_string}"},"query-input":{"@type":"PropertyValueSpecification","valueRequired":true,"valueName":"search_term_string"}}],"inLanguage":"de"},{"@type":"Organization","@id":"https:\/\/www.rebel-cell.com\/de\/#organization","name":"Rebelcell","url":"https:\/\/www.rebel-cell.com\/de\/","logo":{"@type":"ImageObject","inLanguage":"de","@id":"https:\/\/www.rebel-cell.com\/de\/#\/schema\/logo\/image\/","url":"https:\/\/www.rebel-cell.com\/wp-content\/uploads\/rebelcell-logo-300.png","contentUrl":"https:\/\/www.rebel-cell.com\/wp-content\/uploads\/rebelcell-logo-300.png","width":300,"height":55,"caption":"Rebelcell"},"image":{"@id":"https:\/\/www.rebel-cell.com\/de\/#\/schema\/logo\/image\/"},"sameAs":["https:\/\/www.facebook.com\/rebelcelleu","https:\/\/x.com\/rebelcellnl","https:\/\/www.instagram.com\/rebelcelleurope\/?hl=nl","https:\/\/www.youtube.com\/channel\/UCpySQUq4xwwtqveV1f8oiFw"]}]},"product_price_amount":"1549.00","product_price_currency":"EUR","og_availability":"instock","product_availability":"instock","product_retailer_item_id":"12V120CAMPER","product_condition":"new"},"_links":{"self":[{"href":"https:\/\/www.rebel-cell.com\/de\/wp-json\/wp\/v2\/product\/20409","targetHints":{"allow":["GET"]}}],"collection":[{"href":"https:\/\/www.rebel-cell.com\/de\/wp-json\/wp\/v2\/product"}],"about":[{"href":"https:\/\/www.rebel-cell.com\/de\/wp-json\/wp\/v2\/types\/product"}],"replies":[{"embeddable":true,"href":"https:\/\/www.rebel-cell.com\/de\/wp-json\/wp\/v2\/comments?post=20409"}],"wp:featuredmedia":[{"embeddable":true,"href":"https:\/\/www.rebel-cell.com\/de\/wp-json\/wp\/v2\/media\/20187"}],"wp:attachment":[{"href":"https:\/\/www.rebel-cell.com\/de\/wp-json\/wp\/v2\/media?parent=20409"}],"wp:term":[{"taxonomy":"product_brand","embeddable":true,"href":"https:\/\/www.rebel-cell.com\/de\/wp-json\/wp\/v2\/product_brand?post=20409"},{"taxonomy":"product_cat","embeddable":true,"href":"https:\/\/www.rebel-cell.com\/de\/wp-json\/wp\/v2\/product_cat?post=20409"},{"taxonomy":"product_tag","embeddable":true,"href":"https:\/\/www.rebel-cell.com\/de\/wp-json\/wp\/v2\/product_tag?post=20409"}],"curies":[{"name":"wp","href":"https:\/\/api.w.org\/{rel}","templated":true}]}}