{"id":21293,"date":"2024-01-12T16:53:57","date_gmt":"2024-01-12T15:53:57","guid":{"rendered":"https:\/\/www.rebel-cell.com\/?post_type=product&#038;p=21293"},"modified":"2025-08-19T00:22:42","modified_gmt":"2025-08-18T22:22:42","slug":"dc-dc-konverter-12v25a-wasserdicht","status":"publish","type":"product","link":"https:\/\/www.rebel-cell.com\/de\/produkt\/dc-dc-konverter-12v25a-wasserdicht\/","title":{"rendered":"DC-DC Konverter 12V25A Wasserdicht"},"content":{"rendered":"<h2>PRODUKTBESCHREIBUNG REBELCELL DC-DC KONVERTER 12V25A<\/h2>\n<p>Der<strong> DC-DC Konverter 12V25A <\/strong>wandelt die Spannung ihrer Batterie (DC Eingangsspannungsbereich 8-42V) in eine stabile Gleichstrom-Ausgangsspannung von\u00a0<strong>12.4V<\/strong>\u00a0(max 25A). Das erm\u00f6glicht die Benutzung\u00a0<strong>aller Spannungsbereiche<\/strong>\u00a0von Rebelcell Batterien (von 12V AV bis 36V) um 12V (elekektronische) Ausr\u00fcstung (u.a. Wassersport-Elektronik, (mehrere) Echolote) zu betreiben, die einer stabilen 12V Ausgangsspannung bed\u00fcrfen oder\u00a0 einen anderen Betriebsspannungsbereich haben, als ihre Batterie. Dies sichert einen\u00a0<strong>stressfeien Betrieb\u00a0<\/strong>und kann\u00a0<strong>die Laufzeit der Ausr\u00fcstung<\/strong>\u00a0verl\u00e4ngern.<\/p>\n<p>Sie k\u00f6nnen z.B. Ihre 12V-Echolote \u00fcber eine 24V- oder 36V-Rebelcell-Batterie betreiben oder mehrere Echolote \u00fcber den DC-DC-Konverter 12V25A an Ihre Rebelcell-Batterie anschlie\u00dfen, ohne dass Sie eine zus\u00e4tzliche Batterie f\u00fcr Ihre Ger\u00e4te ben\u00f6tigen.<\/p>\n<p><strong><em>Hinweis:<\/em><\/strong><em>\u00a0Dieser 12.4V25A DC DC Konverter ist\u00a0f\u00fcr den Einsatz mit Rebelcell Batterien (von 12VAV bis 36V70) geeignet.\u00a0 Der DC DC Konverter 12V25A ist\u00a0nicht geeignet\u00a0 um Batterien zu laden. Bitte beachten sie die Informationen zum\u00a0<\/em><a href=\"https:\/\/www.rebel-cell.com\/product\/12-6v25a-range-extender-waterproof\/\"><em>Range Extender<\/em><\/a>\u00a0<em>wenn Sie Ihre Batterie \u00fcber die Lichtmaschine Ihres Au\u00dfenbordmotors aufladen m\u00f6chten.<\/em><\/p>\n<p>&nbsp;<\/p>\n<p>Produktcode: DC12V25DCWP<br \/>\nBarcode: 7106623697924<br \/>\nEAN: 8720964631134<\/p>\n","protected":false},"excerpt":{"rendered":"<p><strong>NEU!<\/strong>\u00a0Der\u00a0<strong>DC DC Konverter 12V25A\u00a0<\/strong>\u00a0wandelt die Spannung ihrer Batterie in einen stabilen\u00a0<strong>12.4V Gleichstromausgang<\/strong>\u00a0f\u00fcr ihre 12V (elektronische) Ausr\u00fcstung und kann mit Rebelcell Batterien in 12V, 24V und 36V eingesetzt werden. Es gew\u00e4hrleistet\u00a0 einen <strong>st\u00f6rungsfreien Betrieb<\/strong>\u00a0und kann\u00a0<strong>die Laufzeit ihrer<\/strong> 12V -Ger\u00e4te verl\u00e4ngern.<strong>\u00a0\u00a0<\/strong><a href=\"#proddesc\">Mehr &gt;<\/a><\/p>\n","protected":false},"featured_media":23635,"comment_status":"open","ping_status":"closed","template":"","meta":{"_acf_changed":false},"product_brand":[],"product_cat":[1904,4448],"product_tag":[],"class_list":{"0":"post-21293","1":"product","2":"type-product","3":"status-publish","4":"has-post-thumbnail","6":"product_cat-ladegerate","7":"product_cat-dc-dc-ladegerate","8":"product_shipping_class-normal-shipment","9":"pa_fishing-karpfen","11":"first","12":"instock","13":"taxable","14":"shipping-taxable","15":"purchasable","16":"product-type-simple"},"bundled_by":[],"bundle_stock_status":"instock","bundle_stock_quantity":86,"bundle_virtual":false,"bundle_layout":"","bundle_add_to_cart_form_location":"","bundle_editable_in_cart":false,"bundle_sold_individually_context":"","bundle_item_grouping":"","bundle_min_size":"","bundle_max_size":"","bundle_price":[],"bundled_items":[],"bundle_sell_ids":[],"acf":[],"yoast_head":"<!-- This site is optimized with the Yoast SEO Premium plugin v27.1 (Yoast SEO v27.1.1) - https:\/\/yoast.com\/product\/yoast-seo-premium-wordpress\/ -->\n<title>DC-DC Konverter 12V25A | Rebelcell | Powering the outdoors<\/title>\n<meta name=\"description\" content=\"Wandelt die Spannung ihrer Batterie (8-42V) in einen stabilen\u00a012.4V Gleichstromausgang\u00a0f\u00fcr ihre 12V (elektronische) Ausr\u00fcstung.\" \/>\n<meta name=\"robots\" content=\"index, follow, max-snippet:-1, max-image-preview:large, max-video-preview:-1\" \/>\n<link rel=\"canonical\" href=\"https:\/\/www.rebel-cell.com\/de\/produkt\/dc-dc-konverter-12v25a-wasserdicht\/\" \/>\n<meta property=\"og:locale\" content=\"de_DE\" \/>\n<meta property=\"og:type\" content=\"article\" \/>\n<meta property=\"og:title\" content=\"DC-DC Konverter 12V25A Wasserdicht\" \/>\n<meta property=\"og:description\" content=\"Wandelt die Spannung ihrer Batterie (8-42V) in einen stabilen\u00a012.4V Gleichstromausgang\u00a0f\u00fcr ihre 12V (elektronische) Ausr\u00fcstung.\" \/>\n<meta property=\"og:url\" content=\"https:\/\/www.rebel-cell.com\/de\/produkt\/dc-dc-konverter-12v25a-wasserdicht\/\" \/>\n<meta property=\"og:site_name\" content=\"Rebelcell\" \/>\n<meta property=\"article:publisher\" content=\"https:\/\/www.facebook.com\/rebelcelleu\" \/>\n<meta property=\"article:modified_time\" content=\"2025-08-18T22:22:42+00:00\" \/>\n<meta property=\"og:image\" content=\"https:\/\/www.rebel-cell.com\/wp-content\/uploads\/DC-DC-converter-12V25A_side_-specs.webp\" \/>\n\t<meta property=\"og:image:width\" content=\"1920\" \/>\n\t<meta property=\"og:image:height\" content=\"1920\" \/>\n\t<meta property=\"og:image:type\" content=\"image\/webp\" \/>\n<meta name=\"twitter:card\" content=\"summary_large_image\" \/>\n<meta name=\"twitter:site\" content=\"@rebelcellnl\" \/>\n<meta name=\"twitter:label1\" content=\"Preis\" \/>\n\t<meta name=\"twitter:data1\" content=\"&euro;249,00\" \/>\n\t<meta name=\"twitter:label2\" content=\"Verf\u00fcgbarkeit\" \/>\n\t<meta name=\"twitter:data2\" content=\"Auf Lager\" \/>\n<script type=\"application\/ld+json\" class=\"yoast-schema-graph\">{\"@context\":\"https:\/\/schema.org\",\"@graph\":[{\"@type\":[\"WebPage\",\"ItemPage\"],\"@id\":\"https:\/\/www.rebel-cell.com\/de\/produkt\/dc-dc-konverter-12v25a-wasserdicht\/\",\"url\":\"https:\/\/www.rebel-cell.com\/de\/produkt\/dc-dc-konverter-12v25a-wasserdicht\/\",\"name\":\"DC-DC Konverter 12V25A | Rebelcell | Powering the outdoors\",\"isPartOf\":{\"@id\":\"https:\/\/www.rebel-cell.com\/de\/#website\"},\"primaryImageOfPage\":{\"@id\":\"https:\/\/www.rebel-cell.com\/de\/produkt\/dc-dc-konverter-12v25a-wasserdicht\/#primaryimage\"},\"image\":{\"@id\":\"https:\/\/www.rebel-cell.com\/de\/produkt\/dc-dc-konverter-12v25a-wasserdicht\/#primaryimage\"},\"thumbnailUrl\":\"https:\/\/www.rebel-cell.com\/wp-content\/uploads\/DC-DC-converter-12V25A_side_-specs.webp\",\"datePublished\":\"2024-01-12T15:53:57+00:00\",\"dateModified\":\"2025-08-18T22:22:42+00:00\",\"description\":\"Wandelt die Spannung ihrer Batterie (8-42V) in einen stabilen\u00a012.4V Gleichstromausgang\u00a0f\u00fcr ihre 12V (elektronische) Ausr\u00fcstung.\",\"breadcrumb\":{\"@id\":\"https:\/\/www.rebel-cell.com\/de\/produkt\/dc-dc-konverter-12v25a-wasserdicht\/#breadcrumb\"},\"inLanguage\":\"de\",\"potentialAction\":[{\"@type\":\"ReadAction\",\"target\":[\"https:\/\/www.rebel-cell.com\/de\/produkt\/dc-dc-konverter-12v25a-wasserdicht\/\"]}]},{\"@type\":\"ImageObject\",\"inLanguage\":\"de\",\"@id\":\"https:\/\/www.rebel-cell.com\/de\/produkt\/dc-dc-konverter-12v25a-wasserdicht\/#primaryimage\",\"url\":\"https:\/\/www.rebel-cell.com\/wp-content\/uploads\/DC-DC-converter-12V25A_side_-specs.webp\",\"contentUrl\":\"https:\/\/www.rebel-cell.com\/wp-content\/uploads\/DC-DC-converter-12V25A_side_-specs.webp\",\"width\":1920,\"height\":1920},{\"@type\":\"BreadcrumbList\",\"@id\":\"https:\/\/www.rebel-cell.com\/de\/produkt\/dc-dc-konverter-12v25a-wasserdicht\/#breadcrumb\",\"itemListElement\":[{\"@type\":\"ListItem\",\"position\":1,\"name\":\"Home\",\"item\":\"https:\/\/www.rebel-cell.com\/de\/\"},{\"@type\":\"ListItem\",\"position\":2,\"name\":\"Shop\",\"item\":\"https:\/\/www.rebel-cell.com\/de\/shop\/\"},{\"@type\":\"ListItem\",\"position\":3,\"name\":\"DC-DC Konverter 12V25A Wasserdicht\"}]},{\"@type\":\"WebSite\",\"@id\":\"https:\/\/www.rebel-cell.com\/de\/#website\",\"url\":\"https:\/\/www.rebel-cell.com\/de\/\",\"name\":\"Rebelcell\",\"description\":\"Rebelcell\",\"publisher\":{\"@id\":\"https:\/\/www.rebel-cell.com\/de\/#organization\"},\"potentialAction\":[{\"@type\":\"SearchAction\",\"target\":{\"@type\":\"EntryPoint\",\"urlTemplate\":\"https:\/\/www.rebel-cell.com\/de\/?s={search_term_string}\"},\"query-input\":{\"@type\":\"PropertyValueSpecification\",\"valueRequired\":true,\"valueName\":\"search_term_string\"}}],\"inLanguage\":\"de\"},{\"@type\":\"Organization\",\"@id\":\"https:\/\/www.rebel-cell.com\/de\/#organization\",\"name\":\"Rebelcell\",\"url\":\"https:\/\/www.rebel-cell.com\/de\/\",\"logo\":{\"@type\":\"ImageObject\",\"inLanguage\":\"de\",\"@id\":\"https:\/\/www.rebel-cell.com\/de\/#\/schema\/logo\/image\/\",\"url\":\"https:\/\/www.rebel-cell.com\/wp-content\/uploads\/rebelcell-logo-300.png\",\"contentUrl\":\"https:\/\/www.rebel-cell.com\/wp-content\/uploads\/rebelcell-logo-300.png\",\"width\":300,\"height\":55,\"caption\":\"Rebelcell\"},\"image\":{\"@id\":\"https:\/\/www.rebel-cell.com\/de\/#\/schema\/logo\/image\/\"},\"sameAs\":[\"https:\/\/www.facebook.com\/rebelcelleu\",\"https:\/\/x.com\/rebelcellnl\",\"https:\/\/www.instagram.com\/rebelcelleurope\/?hl=nl\",\"https:\/\/www.youtube.com\/channel\/UCpySQUq4xwwtqveV1f8oiFw\"]}]}<\/script>\n<meta property=\"product:price:amount\" content=\"249.00\" \/>\n<meta property=\"product:price:currency\" content=\"EUR\" \/>\n<meta property=\"og:availability\" content=\"instock\" \/>\n<meta property=\"product:availability\" content=\"instock\" \/>\n<meta property=\"product:retailer_item_id\" content=\"7106623697924\" \/>\n<meta property=\"product:condition\" content=\"new\" \/>\n<!-- \/ Yoast SEO Premium plugin. -->","yoast_head_json":{"title":"DC-DC Konverter 12V25A | Rebelcell | Powering the outdoors","description":"Wandelt die Spannung ihrer Batterie (8-42V) in einen stabilen\u00a012.4V Gleichstromausgang\u00a0f\u00fcr ihre 12V (elektronische) Ausr\u00fcstung.","robots":{"index":"index","follow":"follow","max-snippet":"max-snippet:-1","max-image-preview":"max-image-preview:large","max-video-preview":"max-video-preview:-1"},"canonical":"https:\/\/www.rebel-cell.com\/de\/produkt\/dc-dc-konverter-12v25a-wasserdicht\/","og_locale":"de_DE","og_type":"article","og_title":"DC-DC Konverter 12V25A Wasserdicht","og_description":"Wandelt die Spannung ihrer Batterie (8-42V) in einen stabilen\u00a012.4V Gleichstromausgang\u00a0f\u00fcr ihre 12V (elektronische) Ausr\u00fcstung.","og_url":"https:\/\/www.rebel-cell.com\/de\/produkt\/dc-dc-konverter-12v25a-wasserdicht\/","og_site_name":"Rebelcell","article_publisher":"https:\/\/www.facebook.com\/rebelcelleu","article_modified_time":"2025-08-18T22:22:42+00:00","og_image":[{"width":1920,"height":1920,"url":"https:\/\/www.rebel-cell.com\/wp-content\/uploads\/DC-DC-converter-12V25A_side_-specs.webp","type":"image\/webp"}],"twitter_card":"summary_large_image","twitter_site":"@rebelcellnl","twitter_misc":{"Preis":"&euro;249,00","Verf\u00fcgbarkeit":"Auf Lager"},"schema":{"@context":"https:\/\/schema.org","@graph":[{"@type":["WebPage","ItemPage"],"@id":"https:\/\/www.rebel-cell.com\/de\/produkt\/dc-dc-konverter-12v25a-wasserdicht\/","url":"https:\/\/www.rebel-cell.com\/de\/produkt\/dc-dc-konverter-12v25a-wasserdicht\/","name":"DC-DC Konverter 12V25A | Rebelcell | Powering the outdoors","isPartOf":{"@id":"https:\/\/www.rebel-cell.com\/de\/#website"},"primaryImageOfPage":{"@id":"https:\/\/www.rebel-cell.com\/de\/produkt\/dc-dc-konverter-12v25a-wasserdicht\/#primaryimage"},"image":{"@id":"https:\/\/www.rebel-cell.com\/de\/produkt\/dc-dc-konverter-12v25a-wasserdicht\/#primaryimage"},"thumbnailUrl":"https:\/\/www.rebel-cell.com\/wp-content\/uploads\/DC-DC-converter-12V25A_side_-specs.webp","datePublished":"2024-01-12T15:53:57+00:00","dateModified":"2025-08-18T22:22:42+00:00","description":"Wandelt die Spannung ihrer Batterie (8-42V) in einen stabilen\u00a012.4V Gleichstromausgang\u00a0f\u00fcr ihre 12V (elektronische) Ausr\u00fcstung.","breadcrumb":{"@id":"https:\/\/www.rebel-cell.com\/de\/produkt\/dc-dc-konverter-12v25a-wasserdicht\/#breadcrumb"},"inLanguage":"de","potentialAction":[{"@type":"ReadAction","target":["https:\/\/www.rebel-cell.com\/de\/produkt\/dc-dc-konverter-12v25a-wasserdicht\/"]}]},{"@type":"ImageObject","inLanguage":"de","@id":"https:\/\/www.rebel-cell.com\/de\/produkt\/dc-dc-konverter-12v25a-wasserdicht\/#primaryimage","url":"https:\/\/www.rebel-cell.com\/wp-content\/uploads\/DC-DC-converter-12V25A_side_-specs.webp","contentUrl":"https:\/\/www.rebel-cell.com\/wp-content\/uploads\/DC-DC-converter-12V25A_side_-specs.webp","width":1920,"height":1920},{"@type":"BreadcrumbList","@id":"https:\/\/www.rebel-cell.com\/de\/produkt\/dc-dc-konverter-12v25a-wasserdicht\/#breadcrumb","itemListElement":[{"@type":"ListItem","position":1,"name":"Home","item":"https:\/\/www.rebel-cell.com\/de\/"},{"@type":"ListItem","position":2,"name":"Shop","item":"https:\/\/www.rebel-cell.com\/de\/shop\/"},{"@type":"ListItem","position":3,"name":"DC-DC Konverter 12V25A Wasserdicht"}]},{"@type":"WebSite","@id":"https:\/\/www.rebel-cell.com\/de\/#website","url":"https:\/\/www.rebel-cell.com\/de\/","name":"Rebelcell","description":"Rebelcell","publisher":{"@id":"https:\/\/www.rebel-cell.com\/de\/#organization"},"potentialAction":[{"@type":"SearchAction","target":{"@type":"EntryPoint","urlTemplate":"https:\/\/www.rebel-cell.com\/de\/?s={search_term_string}"},"query-input":{"@type":"PropertyValueSpecification","valueRequired":true,"valueName":"search_term_string"}}],"inLanguage":"de"},{"@type":"Organization","@id":"https:\/\/www.rebel-cell.com\/de\/#organization","name":"Rebelcell","url":"https:\/\/www.rebel-cell.com\/de\/","logo":{"@type":"ImageObject","inLanguage":"de","@id":"https:\/\/www.rebel-cell.com\/de\/#\/schema\/logo\/image\/","url":"https:\/\/www.rebel-cell.com\/wp-content\/uploads\/rebelcell-logo-300.png","contentUrl":"https:\/\/www.rebel-cell.com\/wp-content\/uploads\/rebelcell-logo-300.png","width":300,"height":55,"caption":"Rebelcell"},"image":{"@id":"https:\/\/www.rebel-cell.com\/de\/#\/schema\/logo\/image\/"},"sameAs":["https:\/\/www.facebook.com\/rebelcelleu","https:\/\/x.com\/rebelcellnl","https:\/\/www.instagram.com\/rebelcelleurope\/?hl=nl","https:\/\/www.youtube.com\/channel\/UCpySQUq4xwwtqveV1f8oiFw"]}]},"product_price_amount":"249.00","product_price_currency":"EUR","og_availability":"instock","product_availability":"instock","product_retailer_item_id":"7106623697924","product_condition":"new"},"_links":{"self":[{"href":"https:\/\/www.rebel-cell.com\/de\/wp-json\/wp\/v2\/product\/21293","targetHints":{"allow":["GET"]}}],"collection":[{"href":"https:\/\/www.rebel-cell.com\/de\/wp-json\/wp\/v2\/product"}],"about":[{"href":"https:\/\/www.rebel-cell.com\/de\/wp-json\/wp\/v2\/types\/product"}],"replies":[{"embeddable":true,"href":"https:\/\/www.rebel-cell.com\/de\/wp-json\/wp\/v2\/comments?post=21293"}],"wp:featuredmedia":[{"embeddable":true,"href":"https:\/\/www.rebel-cell.com\/de\/wp-json\/wp\/v2\/media\/23635"}],"wp:attachment":[{"href":"https:\/\/www.rebel-cell.com\/de\/wp-json\/wp\/v2\/media?parent=21293"}],"wp:term":[{"taxonomy":"product_brand","embeddable":true,"href":"https:\/\/www.rebel-cell.com\/de\/wp-json\/wp\/v2\/product_brand?post=21293"},{"taxonomy":"product_cat","embeddable":true,"href":"https:\/\/www.rebel-cell.com\/de\/wp-json\/wp\/v2\/product_cat?post=21293"},{"taxonomy":"product_tag","embeddable":true,"href":"https:\/\/www.rebel-cell.com\/de\/wp-json\/wp\/v2\/product_tag?post=21293"}],"curies":[{"name":"wp","href":"https:\/\/api.w.org\/{rel}","templated":true}]}}