{"id":26028,"date":"2025-03-12T12:31:47","date_gmt":"2025-03-12T11:31:47","guid":{"rendered":"https:\/\/www.rebel-cell.com\/?post_type=product&#038;p=26028"},"modified":"2026-04-16T15:19:46","modified_gmt":"2026-04-16T13:19:46","slug":"batterieklemmen-adapter-set-m8","status":"publish","type":"product","link":"https:\/\/www.rebel-cell.com\/de\/produkt\/batterieklemmen-adapter-set-m8\/","title":{"rendered":"Batterieklemmen-Adapter-Set M8"},"content":{"rendered":"<p>Mit dem Batteriepol-Adapter-Set M8 k\u00f6nnen Sie Ihren Rebelcell-Akku mit M8-Anschl\u00fcssen mit Standard-Batteriepolen ausstatten. Diese hochwertigen Adapter gew\u00e4hrleisten eine sichere und zuverl\u00e4ssige Verbindung und erleichtern das Anbringen von Starthilfekabeln und anderem Zubeh\u00f6r. Entwickelt f\u00fcr eine perfekte Passform und eine problemlose Installation ohne zus\u00e4tzliches Werkzeug. Ideal f\u00fcr Benutzer, die ihre Rebelcell-Batterie mit herk\u00f6mmlichen Batteriepolanschl\u00fcssen aufr\u00fcsten m\u00f6chten.<\/p>\n<p>REBTERM8<\/p>\n<p>7106623695593<\/p>\n<p>8720964630922<\/p>\n","protected":false},"excerpt":{"rendered":"<p>Das Batteriepol-Adapter-Set M8 ist mit allen Rebelcell-Batterien mit M8-Anschl\u00fcssen kompatibel. Einfaches Anbringen von Standard-Batterieklemmen f\u00fcr eine sichere und zuverl\u00e4ssige Verbindung zu Starthilfekabeln und Zubeh\u00f6r.<\/p>\n","protected":false},"featured_media":30839,"comment_status":"open","ping_status":"closed","template":"","meta":{"_acf_changed":false},"product_brand":[],"product_cat":[1906,4454],"product_tag":[],"class_list":{"0":"post-26028","1":"product","2":"type-product","3":"status-publish","4":"has-post-thumbnail","6":"product_cat-zubehor","7":"product_cat-kabel-stecker","8":"product_shipping_class-normal-shipment","10":"first","11":"instock","12":"taxable","13":"shipping-taxable","14":"purchasable","15":"product-type-simple"},"bundled_by":[],"bundle_stock_status":"instock","bundle_stock_quantity":173,"bundle_virtual":false,"bundle_layout":"","bundle_add_to_cart_form_location":"","bundle_editable_in_cart":false,"bundle_sold_individually_context":"","bundle_item_grouping":"","bundle_min_size":"","bundle_max_size":"","bundle_price":[],"bundled_items":[],"bundle_sell_ids":[],"acf":[],"yoast_head":"<!-- This site is optimized with the Yoast SEO Premium plugin v27.1 (Yoast SEO v27.1.1) - https:\/\/yoast.com\/product\/yoast-seo-premium-wordpress\/ -->\n<title>Batterieklemmen-Adapter-Set M8<\/title>\n<meta name=\"description\" content=\"Das Batteriepol-Adapter-Set M8 ist mit allen Rebelcell-Batterien mit M8-Anschl\u00fcssen kompatibel.\" \/>\n<meta name=\"robots\" content=\"index, follow, max-snippet:-1, max-image-preview:large, max-video-preview:-1\" \/>\n<link rel=\"canonical\" href=\"https:\/\/www.rebel-cell.com\/de\/produkt\/batterieklemmen-adapter-set-m8\/\" \/>\n<meta property=\"og:locale\" content=\"de_DE\" \/>\n<meta property=\"og:type\" content=\"article\" \/>\n<meta property=\"og:title\" content=\"Batterieklemmen-Adapter-Set M8\" \/>\n<meta property=\"og:description\" content=\"Das Batteriepol-Adapter-Set M8 ist mit allen Rebelcell-Batterien mit M8-Anschl\u00fcssen kompatibel.\" \/>\n<meta property=\"og:url\" content=\"https:\/\/www.rebel-cell.com\/de\/produkt\/batterieklemmen-adapter-set-m8\/\" \/>\n<meta property=\"og:site_name\" content=\"Rebelcell\" \/>\n<meta property=\"article:publisher\" content=\"https:\/\/www.facebook.com\/rebelcelleu\" \/>\n<meta property=\"article:modified_time\" content=\"2026-04-16T13:19:46+00:00\" \/>\n<meta name=\"twitter:card\" content=\"summary_large_image\" \/>\n<meta name=\"twitter:site\" content=\"@rebelcellnl\" \/>\n<meta name=\"twitter:label1\" content=\"Preis\" \/>\n\t<meta name=\"twitter:data1\" content=\"&euro;9,50\" \/>\n\t<meta name=\"twitter:label2\" content=\"Verf\u00fcgbarkeit\" \/>\n\t<meta name=\"twitter:data2\" content=\"Auf Lager\" \/>\n<script type=\"application\/ld+json\" class=\"yoast-schema-graph\">{\"@context\":\"https:\/\/schema.org\",\"@graph\":[{\"@type\":[\"WebPage\",\"ItemPage\"],\"@id\":\"https:\/\/www.rebel-cell.com\/de\/produkt\/batterieklemmen-adapter-set-m8\/\",\"url\":\"https:\/\/www.rebel-cell.com\/de\/produkt\/batterieklemmen-adapter-set-m8\/\",\"name\":\"Batterieklemmen-Adapter-Set M8\",\"isPartOf\":{\"@id\":\"https:\/\/www.rebel-cell.com\/de\/#website\"},\"primaryImageOfPage\":{\"@id\":\"https:\/\/www.rebel-cell.com\/de\/produkt\/batterieklemmen-adapter-set-m8\/#primaryimage\"},\"image\":{\"@id\":\"https:\/\/www.rebel-cell.com\/de\/produkt\/batterieklemmen-adapter-set-m8\/#primaryimage\"},\"thumbnailUrl\":\"https:\/\/www.rebel-cell.com\/wp-content\/uploads\/Pole_adapter_M8_close_up_C.jpg\",\"datePublished\":\"2025-03-12T11:31:47+00:00\",\"dateModified\":\"2026-04-16T13:19:46+00:00\",\"description\":\"Das Batteriepol-Adapter-Set M8 ist mit allen Rebelcell-Batterien mit M8-Anschl\u00fcssen kompatibel.\",\"breadcrumb\":{\"@id\":\"https:\/\/www.rebel-cell.com\/de\/produkt\/batterieklemmen-adapter-set-m8\/#breadcrumb\"},\"inLanguage\":\"de\",\"potentialAction\":[{\"@type\":\"ReadAction\",\"target\":[\"https:\/\/www.rebel-cell.com\/de\/produkt\/batterieklemmen-adapter-set-m8\/\"]}]},{\"@type\":\"ImageObject\",\"inLanguage\":\"de\",\"@id\":\"https:\/\/www.rebel-cell.com\/de\/produkt\/batterieklemmen-adapter-set-m8\/#primaryimage\",\"url\":\"https:\/\/www.rebel-cell.com\/wp-content\/uploads\/Pole_adapter_M8_close_up_C.jpg\",\"contentUrl\":\"https:\/\/www.rebel-cell.com\/wp-content\/uploads\/Pole_adapter_M8_close_up_C.jpg\",\"width\":1500,\"height\":1407},{\"@type\":\"BreadcrumbList\",\"@id\":\"https:\/\/www.rebel-cell.com\/de\/produkt\/batterieklemmen-adapter-set-m8\/#breadcrumb\",\"itemListElement\":[{\"@type\":\"ListItem\",\"position\":1,\"name\":\"Home\",\"item\":\"https:\/\/www.rebel-cell.com\/de\/\"},{\"@type\":\"ListItem\",\"position\":2,\"name\":\"Shop\",\"item\":\"https:\/\/www.rebel-cell.com\/de\/shop\/\"},{\"@type\":\"ListItem\",\"position\":3,\"name\":\"Batterieklemmen-Adapter-Set M8\"}]},{\"@type\":\"WebSite\",\"@id\":\"https:\/\/www.rebel-cell.com\/de\/#website\",\"url\":\"https:\/\/www.rebel-cell.com\/de\/\",\"name\":\"Rebelcell\",\"description\":\"Rebelcell\",\"publisher\":{\"@id\":\"https:\/\/www.rebel-cell.com\/de\/#organization\"},\"potentialAction\":[{\"@type\":\"SearchAction\",\"target\":{\"@type\":\"EntryPoint\",\"urlTemplate\":\"https:\/\/www.rebel-cell.com\/de\/?s={search_term_string}\"},\"query-input\":{\"@type\":\"PropertyValueSpecification\",\"valueRequired\":true,\"valueName\":\"search_term_string\"}}],\"inLanguage\":\"de\"},{\"@type\":\"Organization\",\"@id\":\"https:\/\/www.rebel-cell.com\/de\/#organization\",\"name\":\"Rebelcell\",\"url\":\"https:\/\/www.rebel-cell.com\/de\/\",\"logo\":{\"@type\":\"ImageObject\",\"inLanguage\":\"de\",\"@id\":\"https:\/\/www.rebel-cell.com\/de\/#\/schema\/logo\/image\/\",\"url\":\"https:\/\/www.rebel-cell.com\/wp-content\/uploads\/rebelcell-logo-300.png\",\"contentUrl\":\"https:\/\/www.rebel-cell.com\/wp-content\/uploads\/rebelcell-logo-300.png\",\"width\":300,\"height\":55,\"caption\":\"Rebelcell\"},\"image\":{\"@id\":\"https:\/\/www.rebel-cell.com\/de\/#\/schema\/logo\/image\/\"},\"sameAs\":[\"https:\/\/www.facebook.com\/rebelcelleu\",\"https:\/\/x.com\/rebelcellnl\",\"https:\/\/www.instagram.com\/rebelcelleurope\/?hl=nl\",\"https:\/\/www.youtube.com\/channel\/UCpySQUq4xwwtqveV1f8oiFw\"]}]}<\/script>\n<meta property=\"product:price:amount\" content=\"9.50\" \/>\n<meta property=\"product:price:currency\" content=\"EUR\" \/>\n<meta property=\"og:availability\" content=\"instock\" \/>\n<meta property=\"product:availability\" content=\"instock\" \/>\n<meta property=\"product:retailer_item_id\" content=\"7106623695593\" \/>\n<meta property=\"product:condition\" content=\"new\" \/>\n<!-- \/ Yoast SEO Premium plugin. -->","yoast_head_json":{"title":"Batterieklemmen-Adapter-Set M8","description":"Das Batteriepol-Adapter-Set M8 ist mit allen Rebelcell-Batterien mit M8-Anschl\u00fcssen kompatibel.","robots":{"index":"index","follow":"follow","max-snippet":"max-snippet:-1","max-image-preview":"max-image-preview:large","max-video-preview":"max-video-preview:-1"},"canonical":"https:\/\/www.rebel-cell.com\/de\/produkt\/batterieklemmen-adapter-set-m8\/","og_locale":"de_DE","og_type":"article","og_title":"Batterieklemmen-Adapter-Set M8","og_description":"Das Batteriepol-Adapter-Set M8 ist mit allen Rebelcell-Batterien mit M8-Anschl\u00fcssen kompatibel.","og_url":"https:\/\/www.rebel-cell.com\/de\/produkt\/batterieklemmen-adapter-set-m8\/","og_site_name":"Rebelcell","article_publisher":"https:\/\/www.facebook.com\/rebelcelleu","article_modified_time":"2026-04-16T13:19:46+00:00","twitter_card":"summary_large_image","twitter_site":"@rebelcellnl","twitter_misc":{"Preis":"&euro;9,50","Verf\u00fcgbarkeit":"Auf Lager"},"schema":{"@context":"https:\/\/schema.org","@graph":[{"@type":["WebPage","ItemPage"],"@id":"https:\/\/www.rebel-cell.com\/de\/produkt\/batterieklemmen-adapter-set-m8\/","url":"https:\/\/www.rebel-cell.com\/de\/produkt\/batterieklemmen-adapter-set-m8\/","name":"Batterieklemmen-Adapter-Set M8","isPartOf":{"@id":"https:\/\/www.rebel-cell.com\/de\/#website"},"primaryImageOfPage":{"@id":"https:\/\/www.rebel-cell.com\/de\/produkt\/batterieklemmen-adapter-set-m8\/#primaryimage"},"image":{"@id":"https:\/\/www.rebel-cell.com\/de\/produkt\/batterieklemmen-adapter-set-m8\/#primaryimage"},"thumbnailUrl":"https:\/\/www.rebel-cell.com\/wp-content\/uploads\/Pole_adapter_M8_close_up_C.jpg","datePublished":"2025-03-12T11:31:47+00:00","dateModified":"2026-04-16T13:19:46+00:00","description":"Das Batteriepol-Adapter-Set M8 ist mit allen Rebelcell-Batterien mit M8-Anschl\u00fcssen kompatibel.","breadcrumb":{"@id":"https:\/\/www.rebel-cell.com\/de\/produkt\/batterieklemmen-adapter-set-m8\/#breadcrumb"},"inLanguage":"de","potentialAction":[{"@type":"ReadAction","target":["https:\/\/www.rebel-cell.com\/de\/produkt\/batterieklemmen-adapter-set-m8\/"]}]},{"@type":"ImageObject","inLanguage":"de","@id":"https:\/\/www.rebel-cell.com\/de\/produkt\/batterieklemmen-adapter-set-m8\/#primaryimage","url":"https:\/\/www.rebel-cell.com\/wp-content\/uploads\/Pole_adapter_M8_close_up_C.jpg","contentUrl":"https:\/\/www.rebel-cell.com\/wp-content\/uploads\/Pole_adapter_M8_close_up_C.jpg","width":1500,"height":1407},{"@type":"BreadcrumbList","@id":"https:\/\/www.rebel-cell.com\/de\/produkt\/batterieklemmen-adapter-set-m8\/#breadcrumb","itemListElement":[{"@type":"ListItem","position":1,"name":"Home","item":"https:\/\/www.rebel-cell.com\/de\/"},{"@type":"ListItem","position":2,"name":"Shop","item":"https:\/\/www.rebel-cell.com\/de\/shop\/"},{"@type":"ListItem","position":3,"name":"Batterieklemmen-Adapter-Set M8"}]},{"@type":"WebSite","@id":"https:\/\/www.rebel-cell.com\/de\/#website","url":"https:\/\/www.rebel-cell.com\/de\/","name":"Rebelcell","description":"Rebelcell","publisher":{"@id":"https:\/\/www.rebel-cell.com\/de\/#organization"},"potentialAction":[{"@type":"SearchAction","target":{"@type":"EntryPoint","urlTemplate":"https:\/\/www.rebel-cell.com\/de\/?s={search_term_string}"},"query-input":{"@type":"PropertyValueSpecification","valueRequired":true,"valueName":"search_term_string"}}],"inLanguage":"de"},{"@type":"Organization","@id":"https:\/\/www.rebel-cell.com\/de\/#organization","name":"Rebelcell","url":"https:\/\/www.rebel-cell.com\/de\/","logo":{"@type":"ImageObject","inLanguage":"de","@id":"https:\/\/www.rebel-cell.com\/de\/#\/schema\/logo\/image\/","url":"https:\/\/www.rebel-cell.com\/wp-content\/uploads\/rebelcell-logo-300.png","contentUrl":"https:\/\/www.rebel-cell.com\/wp-content\/uploads\/rebelcell-logo-300.png","width":300,"height":55,"caption":"Rebelcell"},"image":{"@id":"https:\/\/www.rebel-cell.com\/de\/#\/schema\/logo\/image\/"},"sameAs":["https:\/\/www.facebook.com\/rebelcelleu","https:\/\/x.com\/rebelcellnl","https:\/\/www.instagram.com\/rebelcelleurope\/?hl=nl","https:\/\/www.youtube.com\/channel\/UCpySQUq4xwwtqveV1f8oiFw"]}]},"product_price_amount":"9.50","product_price_currency":"EUR","og_availability":"instock","product_availability":"instock","product_retailer_item_id":"7106623695593","product_condition":"new"},"_links":{"self":[{"href":"https:\/\/www.rebel-cell.com\/de\/wp-json\/wp\/v2\/product\/26028","targetHints":{"allow":["GET"]}}],"collection":[{"href":"https:\/\/www.rebel-cell.com\/de\/wp-json\/wp\/v2\/product"}],"about":[{"href":"https:\/\/www.rebel-cell.com\/de\/wp-json\/wp\/v2\/types\/product"}],"replies":[{"embeddable":true,"href":"https:\/\/www.rebel-cell.com\/de\/wp-json\/wp\/v2\/comments?post=26028"}],"wp:featuredmedia":[{"embeddable":true,"href":"https:\/\/www.rebel-cell.com\/de\/wp-json\/wp\/v2\/media\/30839"}],"wp:attachment":[{"href":"https:\/\/www.rebel-cell.com\/de\/wp-json\/wp\/v2\/media?parent=26028"}],"wp:term":[{"taxonomy":"product_brand","embeddable":true,"href":"https:\/\/www.rebel-cell.com\/de\/wp-json\/wp\/v2\/product_brand?post=26028"},{"taxonomy":"product_cat","embeddable":true,"href":"https:\/\/www.rebel-cell.com\/de\/wp-json\/wp\/v2\/product_cat?post=26028"},{"taxonomy":"product_tag","embeddable":true,"href":"https:\/\/www.rebel-cell.com\/de\/wp-json\/wp\/v2\/product_tag?post=26028"}],"curies":[{"name":"wp","href":"https:\/\/api.w.org\/{rel}","templated":true}]}}