{"id":28296,"date":"2025-08-22T14:09:01","date_gmt":"2025-08-22T12:09:01","guid":{"rendered":"https:\/\/www.rebel-cell.com\/?post_type=product&#038;p=28296"},"modified":"2026-02-26T19:45:11","modified_gmt":"2026-02-26T18:45:11","slug":"quick-connect-echolot-m8","status":"publish","type":"product","link":"https:\/\/www.rebel-cell.com\/de\/produkt\/quick-connect-echolot-m8\/","title":{"rendered":"Quick Connect Echolot &#8211; M8"},"content":{"rendered":"<p>Schnellanschlusskabel zum Anschluss Ihres Echolots an Ihre Rebelcell-Batterie mit M8-Steckverbindern (Hinweis: Nicht geeignet f\u00fcr Batterien mit Faston-Steckverbindern wie 12V07 AV \/ 12V18 AV \/ 12V30 AV).<\/p>\n<p>Produktcode: FF12VXXREUA<\/p>\n<p>Barcode: 7106623687543<\/p>\n<p>EAN: 7106623687543<\/p>\n","protected":false},"excerpt":{"rendered":"<p><strong>Schnellanschlusskabel f\u00fcr Echolot<\/strong> mit integrierter Inline-Sicherung. F\u00fcr eine sichere \u201e<strong>1-Klick<\/strong>\u201c-Verbindung zwischen einer 12-V-Rebelcell-Batterie mit M8-Stecker und einem Echolot (maximale Stromaufnahme von 10 A).<\/p>\n","protected":false},"featured_media":28300,"comment_status":"open","ping_status":"closed","template":"","meta":{"_acf_changed":false},"product_brand":[],"product_cat":[4454,1906],"product_tag":[3379,3378],"class_list":{"0":"post-28296","1":"product","2":"type-product","3":"status-publish","4":"has-post-thumbnail","6":"product_cat-kabel-stecker","7":"product_cat-zubehor","8":"product_tag-7106623691977-de","9":"product_tag-7106623692165-de","10":"product_shipping_class-normal-shipment","12":"first","13":"instock","14":"taxable","15":"shipping-taxable","16":"purchasable","17":"product-type-simple"},"bundled_by":[],"bundle_stock_status":"instock","bundle_stock_quantity":5,"bundle_virtual":false,"bundle_layout":"","bundle_add_to_cart_form_location":"","bundle_editable_in_cart":false,"bundle_sold_individually_context":"","bundle_item_grouping":"","bundle_min_size":"","bundle_max_size":"","bundle_price":[],"bundled_items":[],"bundle_sell_ids":[],"acf":[],"yoast_head":"<!-- This site is optimized with the Yoast SEO Premium plugin v27.1 (Yoast SEO v27.1.1) - https:\/\/yoast.com\/product\/yoast-seo-premium-wordpress\/ -->\n<title>Quick Connect FF-M8 | Rebelcell | Powering the outdoors<\/title>\n<meta name=\"description\" content=\"Kabel f\u00fcr den schnellen und zuverl\u00e4ssigen Anschluss eines Echolots an eine 12-V-Li-Ionen-Batterie mit M8-Anschl\u00fcssen. Rebelcell.Rebelcell. Powering the outdoors.\" \/>\n<meta name=\"robots\" content=\"index, follow, max-snippet:-1, max-image-preview:large, max-video-preview:-1\" \/>\n<link rel=\"canonical\" href=\"https:\/\/www.rebel-cell.com\/de\/produkt\/quick-connect-echolot-m8\/\" \/>\n<meta property=\"og:locale\" content=\"de_DE\" \/>\n<meta property=\"og:type\" content=\"article\" \/>\n<meta property=\"og:title\" content=\"Quick Connect Echolot - M8\" \/>\n<meta property=\"og:description\" content=\"Kabel f\u00fcr den schnellen und zuverl\u00e4ssigen Anschluss eines Echolots an eine 12-V-Li-Ionen-Batterie mit M8-Anschl\u00fcssen. Rebelcell.Rebelcell. Powering the outdoors.\" \/>\n<meta property=\"og:url\" content=\"https:\/\/www.rebel-cell.com\/de\/produkt\/quick-connect-echolot-m8\/\" \/>\n<meta property=\"og:site_name\" content=\"Rebelcell\" \/>\n<meta property=\"article:publisher\" content=\"https:\/\/www.facebook.com\/rebelcelleu\" \/>\n<meta property=\"article:modified_time\" content=\"2026-02-26T18:45:11+00:00\" \/>\n<meta property=\"og:image\" content=\"https:\/\/www.rebel-cell.com\/wp-content\/uploads\/QC_FF_M8.jpg\" \/>\n\t<meta property=\"og:image:width\" content=\"1200\" \/>\n\t<meta property=\"og:image:height\" content=\"1200\" \/>\n\t<meta property=\"og:image:type\" content=\"image\/jpeg\" \/>\n<meta name=\"twitter:card\" content=\"summary_large_image\" \/>\n<meta name=\"twitter:site\" content=\"@rebelcellnl\" \/>\n<meta name=\"twitter:label1\" content=\"Preis\" \/>\n\t<meta name=\"twitter:data1\" content=\"&euro;34,50\" \/>\n\t<meta name=\"twitter:label2\" content=\"Verf\u00fcgbarkeit\" \/>\n\t<meta name=\"twitter:data2\" content=\"Auf Lager\" \/>\n<script type=\"application\/ld+json\" class=\"yoast-schema-graph\">{\"@context\":\"https:\/\/schema.org\",\"@graph\":[{\"@type\":[\"WebPage\",\"ItemPage\"],\"@id\":\"https:\/\/www.rebel-cell.com\/de\/produkt\/quick-connect-echolot-m8\/\",\"url\":\"https:\/\/www.rebel-cell.com\/de\/produkt\/quick-connect-echolot-m8\/\",\"name\":\"Quick Connect FF-M8 | Rebelcell | Powering the outdoors\",\"isPartOf\":{\"@id\":\"https:\/\/www.rebel-cell.com\/de\/#website\"},\"primaryImageOfPage\":{\"@id\":\"https:\/\/www.rebel-cell.com\/de\/produkt\/quick-connect-echolot-m8\/#primaryimage\"},\"image\":{\"@id\":\"https:\/\/www.rebel-cell.com\/de\/produkt\/quick-connect-echolot-m8\/#primaryimage\"},\"thumbnailUrl\":\"https:\/\/www.rebel-cell.com\/wp-content\/uploads\/QC_FF_M8.jpg\",\"datePublished\":\"2025-08-22T12:09:01+00:00\",\"dateModified\":\"2026-02-26T18:45:11+00:00\",\"description\":\"Kabel f\u00fcr den schnellen und zuverl\u00e4ssigen Anschluss eines Echolots an eine 12-V-Li-Ionen-Batterie mit M8-Anschl\u00fcssen. Rebelcell.Rebelcell. Powering the outdoors.\",\"breadcrumb\":{\"@id\":\"https:\/\/www.rebel-cell.com\/de\/produkt\/quick-connect-echolot-m8\/#breadcrumb\"},\"inLanguage\":\"de\",\"potentialAction\":[{\"@type\":\"ReadAction\",\"target\":[\"https:\/\/www.rebel-cell.com\/de\/produkt\/quick-connect-echolot-m8\/\"]}]},{\"@type\":\"ImageObject\",\"inLanguage\":\"de\",\"@id\":\"https:\/\/www.rebel-cell.com\/de\/produkt\/quick-connect-echolot-m8\/#primaryimage\",\"url\":\"https:\/\/www.rebel-cell.com\/wp-content\/uploads\/QC_FF_M8.jpg\",\"contentUrl\":\"https:\/\/www.rebel-cell.com\/wp-content\/uploads\/QC_FF_M8.jpg\",\"width\":1200,\"height\":1200},{\"@type\":\"BreadcrumbList\",\"@id\":\"https:\/\/www.rebel-cell.com\/de\/produkt\/quick-connect-echolot-m8\/#breadcrumb\",\"itemListElement\":[{\"@type\":\"ListItem\",\"position\":1,\"name\":\"Home\",\"item\":\"https:\/\/www.rebel-cell.com\/de\/\"},{\"@type\":\"ListItem\",\"position\":2,\"name\":\"Shop\",\"item\":\"https:\/\/www.rebel-cell.com\/de\/shop\/\"},{\"@type\":\"ListItem\",\"position\":3,\"name\":\"Quick Connect Echolot &#8211; M8\"}]},{\"@type\":\"WebSite\",\"@id\":\"https:\/\/www.rebel-cell.com\/de\/#website\",\"url\":\"https:\/\/www.rebel-cell.com\/de\/\",\"name\":\"Rebelcell\",\"description\":\"Rebelcell\",\"publisher\":{\"@id\":\"https:\/\/www.rebel-cell.com\/de\/#organization\"},\"potentialAction\":[{\"@type\":\"SearchAction\",\"target\":{\"@type\":\"EntryPoint\",\"urlTemplate\":\"https:\/\/www.rebel-cell.com\/de\/?s={search_term_string}\"},\"query-input\":{\"@type\":\"PropertyValueSpecification\",\"valueRequired\":true,\"valueName\":\"search_term_string\"}}],\"inLanguage\":\"de\"},{\"@type\":\"Organization\",\"@id\":\"https:\/\/www.rebel-cell.com\/de\/#organization\",\"name\":\"Rebelcell\",\"url\":\"https:\/\/www.rebel-cell.com\/de\/\",\"logo\":{\"@type\":\"ImageObject\",\"inLanguage\":\"de\",\"@id\":\"https:\/\/www.rebel-cell.com\/de\/#\/schema\/logo\/image\/\",\"url\":\"https:\/\/www.rebel-cell.com\/wp-content\/uploads\/rebelcell-logo-300.png\",\"contentUrl\":\"https:\/\/www.rebel-cell.com\/wp-content\/uploads\/rebelcell-logo-300.png\",\"width\":300,\"height\":55,\"caption\":\"Rebelcell\"},\"image\":{\"@id\":\"https:\/\/www.rebel-cell.com\/de\/#\/schema\/logo\/image\/\"},\"sameAs\":[\"https:\/\/www.facebook.com\/rebelcelleu\",\"https:\/\/x.com\/rebelcellnl\",\"https:\/\/www.instagram.com\/rebelcelleurope\/?hl=nl\",\"https:\/\/www.youtube.com\/channel\/UCpySQUq4xwwtqveV1f8oiFw\"]}]}<\/script>\n<meta property=\"product:price:amount\" content=\"34.50\" \/>\n<meta property=\"product:price:currency\" content=\"EUR\" \/>\n<meta property=\"og:availability\" content=\"instock\" \/>\n<meta property=\"product:availability\" content=\"instock\" \/>\n<meta property=\"product:retailer_item_id\" content=\"7106623687543\" \/>\n<meta property=\"product:condition\" content=\"new\" \/>\n<!-- \/ Yoast SEO Premium plugin. -->","yoast_head_json":{"title":"Quick Connect FF-M8 | Rebelcell | Powering the outdoors","description":"Kabel f\u00fcr den schnellen und zuverl\u00e4ssigen Anschluss eines Echolots an eine 12-V-Li-Ionen-Batterie mit M8-Anschl\u00fcssen. Rebelcell.Rebelcell. Powering the outdoors.","robots":{"index":"index","follow":"follow","max-snippet":"max-snippet:-1","max-image-preview":"max-image-preview:large","max-video-preview":"max-video-preview:-1"},"canonical":"https:\/\/www.rebel-cell.com\/de\/produkt\/quick-connect-echolot-m8\/","og_locale":"de_DE","og_type":"article","og_title":"Quick Connect Echolot - M8","og_description":"Kabel f\u00fcr den schnellen und zuverl\u00e4ssigen Anschluss eines Echolots an eine 12-V-Li-Ionen-Batterie mit M8-Anschl\u00fcssen. Rebelcell.Rebelcell. Powering the outdoors.","og_url":"https:\/\/www.rebel-cell.com\/de\/produkt\/quick-connect-echolot-m8\/","og_site_name":"Rebelcell","article_publisher":"https:\/\/www.facebook.com\/rebelcelleu","article_modified_time":"2026-02-26T18:45:11+00:00","og_image":[{"width":1200,"height":1200,"url":"https:\/\/www.rebel-cell.com\/wp-content\/uploads\/QC_FF_M8.jpg","type":"image\/jpeg"}],"twitter_card":"summary_large_image","twitter_site":"@rebelcellnl","twitter_misc":{"Preis":"&euro;34,50","Verf\u00fcgbarkeit":"Auf Lager"},"schema":{"@context":"https:\/\/schema.org","@graph":[{"@type":["WebPage","ItemPage"],"@id":"https:\/\/www.rebel-cell.com\/de\/produkt\/quick-connect-echolot-m8\/","url":"https:\/\/www.rebel-cell.com\/de\/produkt\/quick-connect-echolot-m8\/","name":"Quick Connect FF-M8 | Rebelcell | Powering the outdoors","isPartOf":{"@id":"https:\/\/www.rebel-cell.com\/de\/#website"},"primaryImageOfPage":{"@id":"https:\/\/www.rebel-cell.com\/de\/produkt\/quick-connect-echolot-m8\/#primaryimage"},"image":{"@id":"https:\/\/www.rebel-cell.com\/de\/produkt\/quick-connect-echolot-m8\/#primaryimage"},"thumbnailUrl":"https:\/\/www.rebel-cell.com\/wp-content\/uploads\/QC_FF_M8.jpg","datePublished":"2025-08-22T12:09:01+00:00","dateModified":"2026-02-26T18:45:11+00:00","description":"Kabel f\u00fcr den schnellen und zuverl\u00e4ssigen Anschluss eines Echolots an eine 12-V-Li-Ionen-Batterie mit M8-Anschl\u00fcssen. Rebelcell.Rebelcell. Powering the outdoors.","breadcrumb":{"@id":"https:\/\/www.rebel-cell.com\/de\/produkt\/quick-connect-echolot-m8\/#breadcrumb"},"inLanguage":"de","potentialAction":[{"@type":"ReadAction","target":["https:\/\/www.rebel-cell.com\/de\/produkt\/quick-connect-echolot-m8\/"]}]},{"@type":"ImageObject","inLanguage":"de","@id":"https:\/\/www.rebel-cell.com\/de\/produkt\/quick-connect-echolot-m8\/#primaryimage","url":"https:\/\/www.rebel-cell.com\/wp-content\/uploads\/QC_FF_M8.jpg","contentUrl":"https:\/\/www.rebel-cell.com\/wp-content\/uploads\/QC_FF_M8.jpg","width":1200,"height":1200},{"@type":"BreadcrumbList","@id":"https:\/\/www.rebel-cell.com\/de\/produkt\/quick-connect-echolot-m8\/#breadcrumb","itemListElement":[{"@type":"ListItem","position":1,"name":"Home","item":"https:\/\/www.rebel-cell.com\/de\/"},{"@type":"ListItem","position":2,"name":"Shop","item":"https:\/\/www.rebel-cell.com\/de\/shop\/"},{"@type":"ListItem","position":3,"name":"Quick Connect Echolot &#8211; M8"}]},{"@type":"WebSite","@id":"https:\/\/www.rebel-cell.com\/de\/#website","url":"https:\/\/www.rebel-cell.com\/de\/","name":"Rebelcell","description":"Rebelcell","publisher":{"@id":"https:\/\/www.rebel-cell.com\/de\/#organization"},"potentialAction":[{"@type":"SearchAction","target":{"@type":"EntryPoint","urlTemplate":"https:\/\/www.rebel-cell.com\/de\/?s={search_term_string}"},"query-input":{"@type":"PropertyValueSpecification","valueRequired":true,"valueName":"search_term_string"}}],"inLanguage":"de"},{"@type":"Organization","@id":"https:\/\/www.rebel-cell.com\/de\/#organization","name":"Rebelcell","url":"https:\/\/www.rebel-cell.com\/de\/","logo":{"@type":"ImageObject","inLanguage":"de","@id":"https:\/\/www.rebel-cell.com\/de\/#\/schema\/logo\/image\/","url":"https:\/\/www.rebel-cell.com\/wp-content\/uploads\/rebelcell-logo-300.png","contentUrl":"https:\/\/www.rebel-cell.com\/wp-content\/uploads\/rebelcell-logo-300.png","width":300,"height":55,"caption":"Rebelcell"},"image":{"@id":"https:\/\/www.rebel-cell.com\/de\/#\/schema\/logo\/image\/"},"sameAs":["https:\/\/www.facebook.com\/rebelcelleu","https:\/\/x.com\/rebelcellnl","https:\/\/www.instagram.com\/rebelcelleurope\/?hl=nl","https:\/\/www.youtube.com\/channel\/UCpySQUq4xwwtqveV1f8oiFw"]}]},"product_price_amount":"34.50","product_price_currency":"EUR","og_availability":"instock","product_availability":"instock","product_retailer_item_id":"7106623687543","product_condition":"new"},"_links":{"self":[{"href":"https:\/\/www.rebel-cell.com\/de\/wp-json\/wp\/v2\/product\/28296","targetHints":{"allow":["GET"]}}],"collection":[{"href":"https:\/\/www.rebel-cell.com\/de\/wp-json\/wp\/v2\/product"}],"about":[{"href":"https:\/\/www.rebel-cell.com\/de\/wp-json\/wp\/v2\/types\/product"}],"replies":[{"embeddable":true,"href":"https:\/\/www.rebel-cell.com\/de\/wp-json\/wp\/v2\/comments?post=28296"}],"wp:featuredmedia":[{"embeddable":true,"href":"https:\/\/www.rebel-cell.com\/de\/wp-json\/wp\/v2\/media\/28300"}],"wp:attachment":[{"href":"https:\/\/www.rebel-cell.com\/de\/wp-json\/wp\/v2\/media?parent=28296"}],"wp:term":[{"taxonomy":"product_brand","embeddable":true,"href":"https:\/\/www.rebel-cell.com\/de\/wp-json\/wp\/v2\/product_brand?post=28296"},{"taxonomy":"product_cat","embeddable":true,"href":"https:\/\/www.rebel-cell.com\/de\/wp-json\/wp\/v2\/product_cat?post=28296"},{"taxonomy":"product_tag","embeddable":true,"href":"https:\/\/www.rebel-cell.com\/de\/wp-json\/wp\/v2\/product_tag?post=28296"}],"curies":[{"name":"wp","href":"https:\/\/api.w.org\/{rel}","templated":true}]}}