{"id":31640,"date":"2025-11-25T14:08:29","date_gmt":"2025-11-25T13:08:29","guid":{"rendered":"https:\/\/www.rebel-cell.com\/product\/adapter-cable-outdoorbox\/"},"modified":"2026-04-11T06:48:55","modified_gmt":"2026-04-11T04:48:55","slug":"adapter-cable-outdoorbox","status":"publish","type":"product","link":"https:\/\/www.rebel-cell.com\/de\/produkt\/adapter-cable-outdoorbox\/","title":{"rendered":"Adapter cable Outdoorbox"},"content":{"rendered":"<h3 data-start=\"0\" data-end=\"27\">Adapter cable Outdoorbox<\/h3>\n<p data-start=\"29\" data-end=\"440\">Das <strong data-start=\"426\" data-end=\"450\">Adapter Cable Outdoorbox<\/strong> erleichtert das Upgrade auf die neue Outdoorbox BT, w\u00e4hrend Sie Ihre vorhandenen <strong data-start=\"310\" data-end=\"338\">Rebelcell Outdoorbox-Zubeh\u00f6rteile<\/strong> weiterhin verwenden k\u00f6nnen. Dieser Adapter \u00fcberbr\u00fcckt die Verbindung zwischen der <strong data-start=\"514\" data-end=\"566\">Standard-Outdoorbox<\/strong> mit blauem ANEN-Stecker 50A und der <strong data-start=\"575\" data-end=\"622\">Outdoorbox BT<\/strong> mit blauem ANEN-Stecker 100A und gew\u00e4hrleistet vollst\u00e4ndige Abw\u00e4rtskompatibilit\u00e4t. <\/p>\n<p data-start=\"664\" data-end=\"995\">Mit diesem Adapter k\u00f6nnen Sie Ihr vorhandenes <strong data-start=\"707\" data-end=\"738\">Outdoorbox-Ladeger\u00e4t<\/strong> sowie den <strong data-start=\"755\" data-end=\"815\">50A ANEN-Stecker an den Kabeln Ihres Trollingmotors<\/strong> weiterhin verwenden. Stecker m\u00fcssen nicht ausgetauscht, Kabel nicht ge\u00e4ndert und kein neues Zubeh\u00f6r angeschafft werden. Stecken Sie einfach den Adapter ein und Ihr aktuelles Setup funktioniert nahtlos mit Ihrer neuen Outdoorbox BT.  <\/p>\n<p>Produktcode: AC50100AN<\/p>\n<p>Barcode\/EAN: 8720964631240<\/p>\n","protected":false},"excerpt":{"rendered":"<p><strong>NEU!<\/strong> Das <strong data-start=\"310\" data-end=\"338\">Adapter Cable Outdoorbox<\/strong> erm\u00f6glicht eine schnelle und sichere Kompatibilit\u00e4t zwischen Standard-Rebelcell-Outdoorboxen (50A) und den neuesten Modellen <strong>Outdoorbox 12.70 BT \/ 12.115 BT (100A)<\/strong>. Ideal f\u00fcr Benutzer, die auf eine BT-Serie Outdoorbox umsteigen und dabei ihre gewohnte Outdoorbox weiterhin verwenden m\u00f6chten. <strong>Plug-and-play,<\/strong> kein Neuverkabeln erforderlich. <\/p>\n","protected":false},"featured_media":31636,"comment_status":"open","ping_status":"closed","template":"","meta":{"_acf_changed":false},"product_brand":[],"product_cat":[4453,104],"product_tag":[],"class_list":{"0":"post-31640","1":"product","2":"type-product","3":"status-publish","4":"has-post-thumbnail","6":"product_cat-kabels-stekkers","7":"product_cat-accessoires","8":"product_shipping_class-normal-shipment","10":"first","11":"instock","12":"taxable","13":"shipping-taxable","14":"purchasable","15":"product-type-simple"},"bundled_by":[],"bundle_stock_status":"instock","bundle_stock_quantity":34,"bundle_virtual":false,"bundle_layout":"","bundle_add_to_cart_form_location":"","bundle_editable_in_cart":false,"bundle_sold_individually_context":"","bundle_item_grouping":"","bundle_min_size":"","bundle_max_size":"","bundle_price":[],"bundled_items":[],"bundle_sell_ids":[],"acf":[],"yoast_head":"<!-- This site is optimized with the Yoast SEO Premium plugin v27.1 (Yoast SEO v27.1.1) - https:\/\/yoast.com\/product\/yoast-seo-premium-wordpress\/ -->\n<title>Adapter cable Rebelcell Outdoorbox - Outdoorbox BT<\/title>\n<meta name=\"description\" content=\"Schnelle und sichere \u201ePlug-and-play&quot;-Kompatibilit\u00e4t zwischen Standard-Rebelcell-Outdoorboxen (50A) und den neuesten Modellen Outdoorbox 12.70 BT \/ 12.115 BT (100A).\" \/>\n<meta name=\"robots\" content=\"index, follow, max-snippet:-1, max-image-preview:large, max-video-preview:-1\" \/>\n<link rel=\"canonical\" href=\"https:\/\/www.rebel-cell.com\/de\/produkt\/adapter-cable-outdoorbox\/\" \/>\n<meta property=\"og:locale\" content=\"de_DE\" \/>\n<meta property=\"og:type\" content=\"article\" \/>\n<meta property=\"og:title\" content=\"Adapter cable Outdoorbox\" \/>\n<meta property=\"og:description\" content=\"Schnelle und sichere \u201ePlug-and-play&quot;-Kompatibilit\u00e4t zwischen Standard-Rebelcell-Outdoorboxen (50A) und den neuesten Modellen Outdoorbox 12.70 BT \/ 12.115 BT (100A).\" \/>\n<meta property=\"og:url\" content=\"https:\/\/www.rebel-cell.com\/de\/produkt\/adapter-cable-outdoorbox\/\" \/>\n<meta property=\"og:site_name\" content=\"Rebelcell\" \/>\n<meta property=\"article:publisher\" content=\"https:\/\/www.facebook.com\/rebelcelleu\" \/>\n<meta property=\"article:modified_time\" content=\"2026-04-11T04:48:55+00:00\" \/>\n<meta property=\"og:image\" content=\"https:\/\/www.rebel-cell.com\/wp-content\/uploads\/Adapter_kabel_Outdoorbox_BT_A.jpg\" \/>\n\t<meta property=\"og:image:width\" content=\"1024\" \/>\n\t<meta property=\"og:image:height\" content=\"1024\" \/>\n\t<meta property=\"og:image:type\" content=\"image\/jpeg\" \/>\n<meta name=\"twitter:card\" content=\"summary_large_image\" \/>\n<meta name=\"twitter:site\" content=\"@rebelcellnl\" \/>\n<meta name=\"twitter:label1\" content=\"Preis\" \/>\n\t<meta name=\"twitter:data1\" content=\"&euro;39,50\" \/>\n\t<meta name=\"twitter:label2\" content=\"Verf\u00fcgbarkeit\" \/>\n\t<meta name=\"twitter:data2\" content=\"Auf Lager\" \/>\n<script type=\"application\/ld+json\" class=\"yoast-schema-graph\">{\"@context\":\"https:\/\/schema.org\",\"@graph\":[{\"@type\":[\"WebPage\",\"ItemPage\"],\"@id\":\"https:\/\/www.rebel-cell.com\/de\/produkt\/adapter-cable-outdoorbox\/\",\"url\":\"https:\/\/www.rebel-cell.com\/de\/produkt\/adapter-cable-outdoorbox\/\",\"name\":\"Adapter cable Rebelcell Outdoorbox - Outdoorbox BT\",\"isPartOf\":{\"@id\":\"https:\/\/www.rebel-cell.com\/de\/#website\"},\"primaryImageOfPage\":{\"@id\":\"https:\/\/www.rebel-cell.com\/de\/produkt\/adapter-cable-outdoorbox\/#primaryimage\"},\"image\":{\"@id\":\"https:\/\/www.rebel-cell.com\/de\/produkt\/adapter-cable-outdoorbox\/#primaryimage\"},\"thumbnailUrl\":\"https:\/\/www.rebel-cell.com\/wp-content\/uploads\/Adapter_kabel_Outdoorbox_BT_A.jpg\",\"datePublished\":\"2025-11-25T13:08:29+00:00\",\"dateModified\":\"2026-04-11T04:48:55+00:00\",\"description\":\"Schnelle und sichere \u201ePlug-and-play\\\"-Kompatibilit\u00e4t zwischen Standard-Rebelcell-Outdoorboxen (50A) und den neuesten Modellen Outdoorbox 12.70 BT \/ 12.115 BT (100A).\",\"breadcrumb\":{\"@id\":\"https:\/\/www.rebel-cell.com\/de\/produkt\/adapter-cable-outdoorbox\/#breadcrumb\"},\"inLanguage\":\"de\",\"potentialAction\":[{\"@type\":\"ReadAction\",\"target\":[\"https:\/\/www.rebel-cell.com\/de\/produkt\/adapter-cable-outdoorbox\/\"]}]},{\"@type\":\"ImageObject\",\"inLanguage\":\"de\",\"@id\":\"https:\/\/www.rebel-cell.com\/de\/produkt\/adapter-cable-outdoorbox\/#primaryimage\",\"url\":\"https:\/\/www.rebel-cell.com\/wp-content\/uploads\/Adapter_kabel_Outdoorbox_BT_A.jpg\",\"contentUrl\":\"https:\/\/www.rebel-cell.com\/wp-content\/uploads\/Adapter_kabel_Outdoorbox_BT_A.jpg\",\"width\":1024,\"height\":1024},{\"@type\":\"BreadcrumbList\",\"@id\":\"https:\/\/www.rebel-cell.com\/de\/produkt\/adapter-cable-outdoorbox\/#breadcrumb\",\"itemListElement\":[{\"@type\":\"ListItem\",\"position\":1,\"name\":\"Home\",\"item\":\"https:\/\/www.rebel-cell.com\/de\/\"},{\"@type\":\"ListItem\",\"position\":2,\"name\":\"Shop\",\"item\":\"https:\/\/www.rebel-cell.com\/de\/shop\/\"},{\"@type\":\"ListItem\",\"position\":3,\"name\":\"Adapter cable Outdoorbox\"}]},{\"@type\":\"WebSite\",\"@id\":\"https:\/\/www.rebel-cell.com\/de\/#website\",\"url\":\"https:\/\/www.rebel-cell.com\/de\/\",\"name\":\"Rebelcell\",\"description\":\"Rebelcell\",\"publisher\":{\"@id\":\"https:\/\/www.rebel-cell.com\/de\/#organization\"},\"potentialAction\":[{\"@type\":\"SearchAction\",\"target\":{\"@type\":\"EntryPoint\",\"urlTemplate\":\"https:\/\/www.rebel-cell.com\/de\/?s={search_term_string}\"},\"query-input\":{\"@type\":\"PropertyValueSpecification\",\"valueRequired\":true,\"valueName\":\"search_term_string\"}}],\"inLanguage\":\"de\"},{\"@type\":\"Organization\",\"@id\":\"https:\/\/www.rebel-cell.com\/de\/#organization\",\"name\":\"Rebelcell\",\"url\":\"https:\/\/www.rebel-cell.com\/de\/\",\"logo\":{\"@type\":\"ImageObject\",\"inLanguage\":\"de\",\"@id\":\"https:\/\/www.rebel-cell.com\/de\/#\/schema\/logo\/image\/\",\"url\":\"https:\/\/www.rebel-cell.com\/wp-content\/uploads\/rebelcell-logo-300.png\",\"contentUrl\":\"https:\/\/www.rebel-cell.com\/wp-content\/uploads\/rebelcell-logo-300.png\",\"width\":300,\"height\":55,\"caption\":\"Rebelcell\"},\"image\":{\"@id\":\"https:\/\/www.rebel-cell.com\/de\/#\/schema\/logo\/image\/\"},\"sameAs\":[\"https:\/\/www.facebook.com\/rebelcelleu\",\"https:\/\/x.com\/rebelcellnl\",\"https:\/\/www.instagram.com\/rebelcelleurope\/?hl=nl\",\"https:\/\/www.youtube.com\/channel\/UCpySQUq4xwwtqveV1f8oiFw\"]}]}<\/script>\n<meta property=\"product:price:amount\" content=\"39.50\" \/>\n<meta property=\"product:price:currency\" content=\"EUR\" \/>\n<meta property=\"og:availability\" content=\"instock\" \/>\n<meta property=\"product:availability\" content=\"instock\" \/>\n<meta property=\"product:retailer_item_id\" content=\"8720964631240\" \/>\n<meta property=\"product:condition\" content=\"new\" \/>\n<!-- \/ Yoast SEO Premium plugin. -->","yoast_head_json":{"title":"Adapter cable Rebelcell Outdoorbox - Outdoorbox BT","description":"Schnelle und sichere \u201ePlug-and-play\"-Kompatibilit\u00e4t zwischen Standard-Rebelcell-Outdoorboxen (50A) und den neuesten Modellen Outdoorbox 12.70 BT \/ 12.115 BT (100A).","robots":{"index":"index","follow":"follow","max-snippet":"max-snippet:-1","max-image-preview":"max-image-preview:large","max-video-preview":"max-video-preview:-1"},"canonical":"https:\/\/www.rebel-cell.com\/de\/produkt\/adapter-cable-outdoorbox\/","og_locale":"de_DE","og_type":"article","og_title":"Adapter cable Outdoorbox","og_description":"Schnelle und sichere \u201ePlug-and-play\"-Kompatibilit\u00e4t zwischen Standard-Rebelcell-Outdoorboxen (50A) und den neuesten Modellen Outdoorbox 12.70 BT \/ 12.115 BT (100A).","og_url":"https:\/\/www.rebel-cell.com\/de\/produkt\/adapter-cable-outdoorbox\/","og_site_name":"Rebelcell","article_publisher":"https:\/\/www.facebook.com\/rebelcelleu","article_modified_time":"2026-04-11T04:48:55+00:00","og_image":[{"width":1024,"height":1024,"url":"https:\/\/www.rebel-cell.com\/wp-content\/uploads\/Adapter_kabel_Outdoorbox_BT_A.jpg","type":"image\/jpeg"}],"twitter_card":"summary_large_image","twitter_site":"@rebelcellnl","twitter_misc":{"Preis":"&euro;39,50","Verf\u00fcgbarkeit":"Auf Lager"},"schema":{"@context":"https:\/\/schema.org","@graph":[{"@type":["WebPage","ItemPage"],"@id":"https:\/\/www.rebel-cell.com\/de\/produkt\/adapter-cable-outdoorbox\/","url":"https:\/\/www.rebel-cell.com\/de\/produkt\/adapter-cable-outdoorbox\/","name":"Adapter cable Rebelcell Outdoorbox - Outdoorbox BT","isPartOf":{"@id":"https:\/\/www.rebel-cell.com\/de\/#website"},"primaryImageOfPage":{"@id":"https:\/\/www.rebel-cell.com\/de\/produkt\/adapter-cable-outdoorbox\/#primaryimage"},"image":{"@id":"https:\/\/www.rebel-cell.com\/de\/produkt\/adapter-cable-outdoorbox\/#primaryimage"},"thumbnailUrl":"https:\/\/www.rebel-cell.com\/wp-content\/uploads\/Adapter_kabel_Outdoorbox_BT_A.jpg","datePublished":"2025-11-25T13:08:29+00:00","dateModified":"2026-04-11T04:48:55+00:00","description":"Schnelle und sichere \u201ePlug-and-play\"-Kompatibilit\u00e4t zwischen Standard-Rebelcell-Outdoorboxen (50A) und den neuesten Modellen Outdoorbox 12.70 BT \/ 12.115 BT (100A).","breadcrumb":{"@id":"https:\/\/www.rebel-cell.com\/de\/produkt\/adapter-cable-outdoorbox\/#breadcrumb"},"inLanguage":"de","potentialAction":[{"@type":"ReadAction","target":["https:\/\/www.rebel-cell.com\/de\/produkt\/adapter-cable-outdoorbox\/"]}]},{"@type":"ImageObject","inLanguage":"de","@id":"https:\/\/www.rebel-cell.com\/de\/produkt\/adapter-cable-outdoorbox\/#primaryimage","url":"https:\/\/www.rebel-cell.com\/wp-content\/uploads\/Adapter_kabel_Outdoorbox_BT_A.jpg","contentUrl":"https:\/\/www.rebel-cell.com\/wp-content\/uploads\/Adapter_kabel_Outdoorbox_BT_A.jpg","width":1024,"height":1024},{"@type":"BreadcrumbList","@id":"https:\/\/www.rebel-cell.com\/de\/produkt\/adapter-cable-outdoorbox\/#breadcrumb","itemListElement":[{"@type":"ListItem","position":1,"name":"Home","item":"https:\/\/www.rebel-cell.com\/de\/"},{"@type":"ListItem","position":2,"name":"Shop","item":"https:\/\/www.rebel-cell.com\/de\/shop\/"},{"@type":"ListItem","position":3,"name":"Adapter cable Outdoorbox"}]},{"@type":"WebSite","@id":"https:\/\/www.rebel-cell.com\/de\/#website","url":"https:\/\/www.rebel-cell.com\/de\/","name":"Rebelcell","description":"Rebelcell","publisher":{"@id":"https:\/\/www.rebel-cell.com\/de\/#organization"},"potentialAction":[{"@type":"SearchAction","target":{"@type":"EntryPoint","urlTemplate":"https:\/\/www.rebel-cell.com\/de\/?s={search_term_string}"},"query-input":{"@type":"PropertyValueSpecification","valueRequired":true,"valueName":"search_term_string"}}],"inLanguage":"de"},{"@type":"Organization","@id":"https:\/\/www.rebel-cell.com\/de\/#organization","name":"Rebelcell","url":"https:\/\/www.rebel-cell.com\/de\/","logo":{"@type":"ImageObject","inLanguage":"de","@id":"https:\/\/www.rebel-cell.com\/de\/#\/schema\/logo\/image\/","url":"https:\/\/www.rebel-cell.com\/wp-content\/uploads\/rebelcell-logo-300.png","contentUrl":"https:\/\/www.rebel-cell.com\/wp-content\/uploads\/rebelcell-logo-300.png","width":300,"height":55,"caption":"Rebelcell"},"image":{"@id":"https:\/\/www.rebel-cell.com\/de\/#\/schema\/logo\/image\/"},"sameAs":["https:\/\/www.facebook.com\/rebelcelleu","https:\/\/x.com\/rebelcellnl","https:\/\/www.instagram.com\/rebelcelleurope\/?hl=nl","https:\/\/www.youtube.com\/channel\/UCpySQUq4xwwtqveV1f8oiFw"]}]},"product_price_amount":"39.50","product_price_currency":"EUR","og_availability":"instock","product_availability":"instock","product_retailer_item_id":"8720964631240","product_condition":"new"},"_links":{"self":[{"href":"https:\/\/www.rebel-cell.com\/de\/wp-json\/wp\/v2\/product\/31640","targetHints":{"allow":["GET"]}}],"collection":[{"href":"https:\/\/www.rebel-cell.com\/de\/wp-json\/wp\/v2\/product"}],"about":[{"href":"https:\/\/www.rebel-cell.com\/de\/wp-json\/wp\/v2\/types\/product"}],"replies":[{"embeddable":true,"href":"https:\/\/www.rebel-cell.com\/de\/wp-json\/wp\/v2\/comments?post=31640"}],"wp:featuredmedia":[{"embeddable":true,"href":"https:\/\/www.rebel-cell.com\/de\/wp-json\/wp\/v2\/media\/31636"}],"wp:attachment":[{"href":"https:\/\/www.rebel-cell.com\/de\/wp-json\/wp\/v2\/media?parent=31640"}],"wp:term":[{"taxonomy":"product_brand","embeddable":true,"href":"https:\/\/www.rebel-cell.com\/de\/wp-json\/wp\/v2\/product_brand?post=31640"},{"taxonomy":"product_cat","embeddable":true,"href":"https:\/\/www.rebel-cell.com\/de\/wp-json\/wp\/v2\/product_cat?post=31640"},{"taxonomy":"product_tag","embeddable":true,"href":"https:\/\/www.rebel-cell.com\/de\/wp-json\/wp\/v2\/product_tag?post=31640"}],"curies":[{"name":"wp","href":"https:\/\/api.w.org\/{rel}","templated":true}]}}