{"id":8198,"date":"2019-09-12T11:34:10","date_gmt":"2019-09-12T09:34:10","guid":{"rendered":"https:\/\/www.rebel-cell.com\/product\/12-6v4a-nmc-ladegeraet\/"},"modified":"2026-04-18T17:59:34","modified_gmt":"2026-04-18T15:59:34","slug":"12-6v4a-xt60-lithium-ladegerat","status":"publish","type":"product","link":"https:\/\/www.rebel-cell.com\/de\/produkt\/12-6v4a-xt60-lithium-ladegerat\/","title":{"rendered":"12.6V4A XT60-Ladeger\u00e4t"},"content":{"rendered":"<h2>PRODUKTBESCHREIBUNG REBELCELL 12.6V4A XT60 LITHIUM-LADEGER\u00c4T<\/h2>\n<p>Das <strong>12.6V4A XT60 Lithium-Ladeger\u00e4t<\/strong> wurde <strong>speziell entwickelt<\/strong>, um damit eine 12V AV Rebelcell Lithium Akku zu laden. Das <strong>eigens entwickelte<\/strong> Ladeprogramm stellt sicher, dass die Akku <strong>schnell, sicher und automatisch<\/strong> mit dem richtigen Ladeprofil (Spannung\/Ladestrom) geladen wird. Zum Beispiel kann eine 12V30 AV Lithium Akku <strong>binnen 9 Stunden<\/strong> geladen werden.<\/p>\n<p>Der Ladeprozess kann ganz einfach mittels der <strong>LED-Anzeige<\/strong> auf dem Display \u00fcberwacht werden. Das Ladeger\u00e4t verf\u00fcgt \u00fcber eine <strong>Reihe von Schutzfunktionen<\/strong>, wie zum Beispiel einen Schutz vor Kurzschluss, Verpolung und \u00dcberspannung.<\/p>\n<p>Das Ladeger\u00e4t ist speziell zum Laden einer <strong>Rebelcell 12V AV Akku.<\/strong> Falls damit andere Akkus geladen werden als vorgesehen, k\u00f6nnen (irreparable) Sch\u00e4den die Folge sein und entstehen. Das Ladeger\u00e4t ist nur f\u00fcr den, Einsatz in geschlossenen R\u00e4umen (Indoor) geeignet und nicht wasserdicht. Sollten Sie ein Ladeger\u00e4t f\u00fcr den dauerhaften Einbau im Boot ben\u00f6tigen, schauen Sie bitte bei unseren wasserdichten Ladeger\u00e4ten <a href=\"https:\/\/www.rebel-cell.com\/de\/produkt\/12-6v20a-nmc-charger-waterproof-2\/\" target=\"_blank\" rel=\"noopener\">hier<\/a>. Mehr Informationen zu unseren Ladeger\u00e4ten auf unserer Seite: &#8222;<a href=\"https:\/\/www.rebel-cell.com\/de\/grundlagenwissen\/akku-verwenden\/\" target=\"_blank\" rel=\"noopener\">Grundlagenwissen<\/a>&#8222;.<\/p>\n<p><strong>Tipp:<\/strong> Laden Sie Ihre 12V18 und 12V30 AV Akku noch schneller mit unserem <a href=\"https:\/\/www.rebel-cell.com\/de\/produkt\/126v6a-li-ion-ladegerat\/\" target=\"_blank\" rel=\"noopener\">12.6V6A Ladeger\u00e4t<\/a>!<\/p>\n<p><strong>Ladezeiten<\/strong><br \/>\n<strong>12V07 AV:<\/strong> 2-3 Std.<br \/>\n<strong>12V18 AV:<\/strong> 5-6 Std.<br \/>\n<strong>12V30 AV:<\/strong> 8-9 Std.<\/p>\n<p>Produktcode: LC12V04XT60<\/p>\n<p>Barcode: 8720964630137<\/p>\n<p>EAN: 8720964630137<\/p>\n","protected":false},"excerpt":{"rendered":"<p>Das <strong>12.6V4A XT60 Lithium-Ladeger\u00e4t<\/strong> wurde <strong>speziell entwickelt<\/strong>, um damit eine 12V AV Rebelcell Lithium Akku zu laden. Das <strong>eigens entwickelte<\/strong> Ladeprogramm stellt sicher, dass die Akku <strong>schnell, sicher und automatisch<\/strong> mit dem richtigen Ladeprofil (Spannung\/Ladestrom) geladen wird. Zum Beispiel kann eine 12V30 AV Lithium Akku <strong>binnen 9 Stunden<\/strong> geladen werden.<br \/>\n<a href=\"#proddesc\">Mehr lesen&gt;<\/a><\/p>\n","protected":false},"featured_media":20243,"comment_status":"open","ping_status":"closed","template":"","meta":{"_acf_changed":false},"product_brand":[],"product_cat":[4444,1904],"product_tag":[1000,1102],"class_list":{"0":"post-8198","1":"product","2":"type-product","3":"status-publish","4":"has-post-thumbnail","6":"product_cat-batterieladegerate-ac","7":"product_cat-ladegerate","8":"product_tag-7106623685884-de-2","9":"product_tag-7106623691274-de","10":"product_shipping_class-normal-shipment","12":"first","13":"instock","14":"taxable","15":"shipping-taxable","16":"purchasable","17":"product-type-simple"},"bundled_by":["30659","30663"],"bundle_stock_status":"instock","bundle_stock_quantity":159,"bundle_virtual":false,"bundle_layout":"","bundle_add_to_cart_form_location":"","bundle_editable_in_cart":false,"bundle_sold_individually_context":"","bundle_item_grouping":"","bundle_min_size":"","bundle_max_size":"","bundle_price":[],"bundled_items":[],"bundle_sell_ids":[],"acf":[],"yoast_head":"<!-- This site is optimized with the Yoast SEO Premium plugin v27.1 (Yoast SEO v27.1.1) - https:\/\/yoast.com\/product\/yoast-seo-premium-wordpress\/ -->\n<title>Ladeger\u00e4t 12.6V4A XT60| Rebelcell |<\/title>\n<meta name=\"description\" content=\"Leistungsstarkes 12.6V4A-XT60-Ladeger\u00e4t. Zum sicheren und schnellen Aufladen des Rebelcell-Li-Ion-Akkus.\" \/>\n<meta name=\"robots\" content=\"index, follow, max-snippet:-1, max-image-preview:large, max-video-preview:-1\" \/>\n<link rel=\"canonical\" href=\"https:\/\/www.rebel-cell.com\/de\/produkt\/12-6v4a-xt60-lithium-ladegerat\/\" \/>\n<meta property=\"og:locale\" content=\"de_DE\" \/>\n<meta property=\"og:type\" content=\"article\" \/>\n<meta property=\"og:title\" content=\"12.6V4A XT60-Ladeger\u00e4t\" \/>\n<meta property=\"og:description\" content=\"Leistungsstarkes 12.6V4A-XT60-Ladeger\u00e4t. Zum sicheren und schnellen Aufladen des Rebelcell-Li-Ion-Akkus.\" \/>\n<meta property=\"og:url\" content=\"https:\/\/www.rebel-cell.com\/de\/produkt\/12-6v4a-xt60-lithium-ladegerat\/\" \/>\n<meta property=\"og:site_name\" content=\"Rebelcell\" \/>\n<meta property=\"article:publisher\" content=\"https:\/\/www.facebook.com\/rebelcelleu\" \/>\n<meta property=\"article:modified_time\" content=\"2026-04-18T15:59:34+00:00\" \/>\n<meta property=\"og:image\" content=\"https:\/\/www.rebel-cell.com\/wp-content\/uploads\/Charger_12.6V4A_XT60_overview.jpg\" \/>\n\t<meta property=\"og:image:width\" content=\"1500\" \/>\n\t<meta property=\"og:image:height\" content=\"1500\" \/>\n\t<meta property=\"og:image:type\" content=\"image\/jpeg\" \/>\n<meta name=\"twitter:card\" content=\"summary_large_image\" \/>\n<meta name=\"twitter:site\" content=\"@rebelcellnl\" \/>\n<meta name=\"twitter:label1\" content=\"Preis\" \/>\n\t<meta name=\"twitter:data1\" content=\"&euro;49,50\" \/>\n\t<meta name=\"twitter:label2\" content=\"Verf\u00fcgbarkeit\" \/>\n\t<meta name=\"twitter:data2\" content=\"Auf Lager\" \/>\n<script type=\"application\/ld+json\" class=\"yoast-schema-graph\">{\"@context\":\"https:\/\/schema.org\",\"@graph\":[{\"@type\":[\"WebPage\",\"ItemPage\"],\"@id\":\"https:\/\/www.rebel-cell.com\/de\/produkt\/12-6v4a-xt60-lithium-ladegerat\/\",\"url\":\"https:\/\/www.rebel-cell.com\/de\/produkt\/12-6v4a-xt60-lithium-ladegerat\/\",\"name\":\"Ladeger\u00e4t 12.6V4A XT60| Rebelcell |\",\"isPartOf\":{\"@id\":\"https:\/\/www.rebel-cell.com\/de\/#website\"},\"primaryImageOfPage\":{\"@id\":\"https:\/\/www.rebel-cell.com\/de\/produkt\/12-6v4a-xt60-lithium-ladegerat\/#primaryimage\"},\"image\":{\"@id\":\"https:\/\/www.rebel-cell.com\/de\/produkt\/12-6v4a-xt60-lithium-ladegerat\/#primaryimage\"},\"thumbnailUrl\":\"https:\/\/www.rebel-cell.com\/wp-content\/uploads\/Charger_12.6V4A_XT60_overview.jpg\",\"datePublished\":\"2019-09-12T09:34:10+00:00\",\"dateModified\":\"2026-04-18T15:59:34+00:00\",\"description\":\"Leistungsstarkes 12.6V4A-XT60-Ladeger\u00e4t. Zum sicheren und schnellen Aufladen des Rebelcell-Li-Ion-Akkus.\",\"breadcrumb\":{\"@id\":\"https:\/\/www.rebel-cell.com\/de\/produkt\/12-6v4a-xt60-lithium-ladegerat\/#breadcrumb\"},\"inLanguage\":\"de\",\"potentialAction\":[{\"@type\":\"ReadAction\",\"target\":[\"https:\/\/www.rebel-cell.com\/de\/produkt\/12-6v4a-xt60-lithium-ladegerat\/\"]}]},{\"@type\":\"ImageObject\",\"inLanguage\":\"de\",\"@id\":\"https:\/\/www.rebel-cell.com\/de\/produkt\/12-6v4a-xt60-lithium-ladegerat\/#primaryimage\",\"url\":\"https:\/\/www.rebel-cell.com\/wp-content\/uploads\/Charger_12.6V4A_XT60_overview.jpg\",\"contentUrl\":\"https:\/\/www.rebel-cell.com\/wp-content\/uploads\/Charger_12.6V4A_XT60_overview.jpg\",\"width\":1500,\"height\":1500},{\"@type\":\"BreadcrumbList\",\"@id\":\"https:\/\/www.rebel-cell.com\/de\/produkt\/12-6v4a-xt60-lithium-ladegerat\/#breadcrumb\",\"itemListElement\":[{\"@type\":\"ListItem\",\"position\":1,\"name\":\"Home\",\"item\":\"https:\/\/www.rebel-cell.com\/de\/\"},{\"@type\":\"ListItem\",\"position\":2,\"name\":\"Shop\",\"item\":\"https:\/\/www.rebel-cell.com\/de\/shop\/\"},{\"@type\":\"ListItem\",\"position\":3,\"name\":\"12.6V4A XT60-Ladeger\u00e4t\"}]},{\"@type\":\"WebSite\",\"@id\":\"https:\/\/www.rebel-cell.com\/de\/#website\",\"url\":\"https:\/\/www.rebel-cell.com\/de\/\",\"name\":\"Rebelcell\",\"description\":\"Rebelcell\",\"publisher\":{\"@id\":\"https:\/\/www.rebel-cell.com\/de\/#organization\"},\"potentialAction\":[{\"@type\":\"SearchAction\",\"target\":{\"@type\":\"EntryPoint\",\"urlTemplate\":\"https:\/\/www.rebel-cell.com\/de\/?s={search_term_string}\"},\"query-input\":{\"@type\":\"PropertyValueSpecification\",\"valueRequired\":true,\"valueName\":\"search_term_string\"}}],\"inLanguage\":\"de\"},{\"@type\":\"Organization\",\"@id\":\"https:\/\/www.rebel-cell.com\/de\/#organization\",\"name\":\"Rebelcell\",\"url\":\"https:\/\/www.rebel-cell.com\/de\/\",\"logo\":{\"@type\":\"ImageObject\",\"inLanguage\":\"de\",\"@id\":\"https:\/\/www.rebel-cell.com\/de\/#\/schema\/logo\/image\/\",\"url\":\"https:\/\/www.rebel-cell.com\/wp-content\/uploads\/rebelcell-logo-300.png\",\"contentUrl\":\"https:\/\/www.rebel-cell.com\/wp-content\/uploads\/rebelcell-logo-300.png\",\"width\":300,\"height\":55,\"caption\":\"Rebelcell\"},\"image\":{\"@id\":\"https:\/\/www.rebel-cell.com\/de\/#\/schema\/logo\/image\/\"},\"sameAs\":[\"https:\/\/www.facebook.com\/rebelcelleu\",\"https:\/\/x.com\/rebelcellnl\",\"https:\/\/www.instagram.com\/rebelcelleurope\/?hl=nl\",\"https:\/\/www.youtube.com\/channel\/UCpySQUq4xwwtqveV1f8oiFw\"]}]}<\/script>\n<meta property=\"product:price:amount\" content=\"49.50\" \/>\n<meta property=\"product:price:currency\" content=\"EUR\" \/>\n<meta property=\"og:availability\" content=\"instock\" \/>\n<meta property=\"product:availability\" content=\"instock\" \/>\n<meta property=\"product:retailer_item_id\" content=\"8720964630137\" \/>\n<meta property=\"product:condition\" content=\"new\" \/>\n<!-- \/ Yoast SEO Premium plugin. -->","yoast_head_json":{"title":"Ladeger\u00e4t 12.6V4A XT60| Rebelcell |","description":"Leistungsstarkes 12.6V4A-XT60-Ladeger\u00e4t. Zum sicheren und schnellen Aufladen des Rebelcell-Li-Ion-Akkus.","robots":{"index":"index","follow":"follow","max-snippet":"max-snippet:-1","max-image-preview":"max-image-preview:large","max-video-preview":"max-video-preview:-1"},"canonical":"https:\/\/www.rebel-cell.com\/de\/produkt\/12-6v4a-xt60-lithium-ladegerat\/","og_locale":"de_DE","og_type":"article","og_title":"12.6V4A XT60-Ladeger\u00e4t","og_description":"Leistungsstarkes 12.6V4A-XT60-Ladeger\u00e4t. Zum sicheren und schnellen Aufladen des Rebelcell-Li-Ion-Akkus.","og_url":"https:\/\/www.rebel-cell.com\/de\/produkt\/12-6v4a-xt60-lithium-ladegerat\/","og_site_name":"Rebelcell","article_publisher":"https:\/\/www.facebook.com\/rebelcelleu","article_modified_time":"2026-04-18T15:59:34+00:00","og_image":[{"width":1500,"height":1500,"url":"https:\/\/www.rebel-cell.com\/wp-content\/uploads\/Charger_12.6V4A_XT60_overview.jpg","type":"image\/jpeg"}],"twitter_card":"summary_large_image","twitter_site":"@rebelcellnl","twitter_misc":{"Preis":"&euro;49,50","Verf\u00fcgbarkeit":"Auf Lager"},"schema":{"@context":"https:\/\/schema.org","@graph":[{"@type":["WebPage","ItemPage"],"@id":"https:\/\/www.rebel-cell.com\/de\/produkt\/12-6v4a-xt60-lithium-ladegerat\/","url":"https:\/\/www.rebel-cell.com\/de\/produkt\/12-6v4a-xt60-lithium-ladegerat\/","name":"Ladeger\u00e4t 12.6V4A XT60| Rebelcell |","isPartOf":{"@id":"https:\/\/www.rebel-cell.com\/de\/#website"},"primaryImageOfPage":{"@id":"https:\/\/www.rebel-cell.com\/de\/produkt\/12-6v4a-xt60-lithium-ladegerat\/#primaryimage"},"image":{"@id":"https:\/\/www.rebel-cell.com\/de\/produkt\/12-6v4a-xt60-lithium-ladegerat\/#primaryimage"},"thumbnailUrl":"https:\/\/www.rebel-cell.com\/wp-content\/uploads\/Charger_12.6V4A_XT60_overview.jpg","datePublished":"2019-09-12T09:34:10+00:00","dateModified":"2026-04-18T15:59:34+00:00","description":"Leistungsstarkes 12.6V4A-XT60-Ladeger\u00e4t. Zum sicheren und schnellen Aufladen des Rebelcell-Li-Ion-Akkus.","breadcrumb":{"@id":"https:\/\/www.rebel-cell.com\/de\/produkt\/12-6v4a-xt60-lithium-ladegerat\/#breadcrumb"},"inLanguage":"de","potentialAction":[{"@type":"ReadAction","target":["https:\/\/www.rebel-cell.com\/de\/produkt\/12-6v4a-xt60-lithium-ladegerat\/"]}]},{"@type":"ImageObject","inLanguage":"de","@id":"https:\/\/www.rebel-cell.com\/de\/produkt\/12-6v4a-xt60-lithium-ladegerat\/#primaryimage","url":"https:\/\/www.rebel-cell.com\/wp-content\/uploads\/Charger_12.6V4A_XT60_overview.jpg","contentUrl":"https:\/\/www.rebel-cell.com\/wp-content\/uploads\/Charger_12.6V4A_XT60_overview.jpg","width":1500,"height":1500},{"@type":"BreadcrumbList","@id":"https:\/\/www.rebel-cell.com\/de\/produkt\/12-6v4a-xt60-lithium-ladegerat\/#breadcrumb","itemListElement":[{"@type":"ListItem","position":1,"name":"Home","item":"https:\/\/www.rebel-cell.com\/de\/"},{"@type":"ListItem","position":2,"name":"Shop","item":"https:\/\/www.rebel-cell.com\/de\/shop\/"},{"@type":"ListItem","position":3,"name":"12.6V4A XT60-Ladeger\u00e4t"}]},{"@type":"WebSite","@id":"https:\/\/www.rebel-cell.com\/de\/#website","url":"https:\/\/www.rebel-cell.com\/de\/","name":"Rebelcell","description":"Rebelcell","publisher":{"@id":"https:\/\/www.rebel-cell.com\/de\/#organization"},"potentialAction":[{"@type":"SearchAction","target":{"@type":"EntryPoint","urlTemplate":"https:\/\/www.rebel-cell.com\/de\/?s={search_term_string}"},"query-input":{"@type":"PropertyValueSpecification","valueRequired":true,"valueName":"search_term_string"}}],"inLanguage":"de"},{"@type":"Organization","@id":"https:\/\/www.rebel-cell.com\/de\/#organization","name":"Rebelcell","url":"https:\/\/www.rebel-cell.com\/de\/","logo":{"@type":"ImageObject","inLanguage":"de","@id":"https:\/\/www.rebel-cell.com\/de\/#\/schema\/logo\/image\/","url":"https:\/\/www.rebel-cell.com\/wp-content\/uploads\/rebelcell-logo-300.png","contentUrl":"https:\/\/www.rebel-cell.com\/wp-content\/uploads\/rebelcell-logo-300.png","width":300,"height":55,"caption":"Rebelcell"},"image":{"@id":"https:\/\/www.rebel-cell.com\/de\/#\/schema\/logo\/image\/"},"sameAs":["https:\/\/www.facebook.com\/rebelcelleu","https:\/\/x.com\/rebelcellnl","https:\/\/www.instagram.com\/rebelcelleurope\/?hl=nl","https:\/\/www.youtube.com\/channel\/UCpySQUq4xwwtqveV1f8oiFw"]}]},"product_price_amount":"49.50","product_price_currency":"EUR","og_availability":"instock","product_availability":"instock","product_retailer_item_id":"8720964630137","product_condition":"new"},"_links":{"self":[{"href":"https:\/\/www.rebel-cell.com\/de\/wp-json\/wp\/v2\/product\/8198","targetHints":{"allow":["GET"]}}],"collection":[{"href":"https:\/\/www.rebel-cell.com\/de\/wp-json\/wp\/v2\/product"}],"about":[{"href":"https:\/\/www.rebel-cell.com\/de\/wp-json\/wp\/v2\/types\/product"}],"replies":[{"embeddable":true,"href":"https:\/\/www.rebel-cell.com\/de\/wp-json\/wp\/v2\/comments?post=8198"}],"wp:featuredmedia":[{"embeddable":true,"href":"https:\/\/www.rebel-cell.com\/de\/wp-json\/wp\/v2\/media\/20243"}],"wp:attachment":[{"href":"https:\/\/www.rebel-cell.com\/de\/wp-json\/wp\/v2\/media?parent=8198"}],"wp:term":[{"taxonomy":"product_brand","embeddable":true,"href":"https:\/\/www.rebel-cell.com\/de\/wp-json\/wp\/v2\/product_brand?post=8198"},{"taxonomy":"product_cat","embeddable":true,"href":"https:\/\/www.rebel-cell.com\/de\/wp-json\/wp\/v2\/product_cat?post=8198"},{"taxonomy":"product_tag","embeddable":true,"href":"https:\/\/www.rebel-cell.com\/de\/wp-json\/wp\/v2\/product_tag?post=8198"}],"curies":[{"name":"wp","href":"https:\/\/api.w.org\/{rel}","templated":true}]}}