{"id":8216,"date":"2019-09-12T12:00:27","date_gmt":"2019-09-12T10:00:27","guid":{"rendered":"https:\/\/www.rebel-cell.com\/product\/294v12a-nmc-ladegeraet\/"},"modified":"2026-01-09T09:21:35","modified_gmt":"2026-01-09T08:21:35","slug":"29-4v12a-lithium-ladegeraet-indoor","status":"publish","type":"product","link":"https:\/\/www.rebel-cell.com\/de\/produkt\/29-4v12a-lithium-ladegeraet-indoor\/","title":{"rendered":"29.4V12A Lithium-Ladeger\u00e4t Indoor"},"content":{"rendered":"<h2>PRODUKTBESCHREIBUNG REBELCELL 29.4V12A LITHIUM-LADEGER\u00c4T<\/h2>\n<p>Das <strong>29<\/strong><strong>.4V12A Lithium-Ladeger\u00e4t<\/strong> wurde <strong>speziell<\/strong>\u00a0zum Laden von Rebelcell 24V EDGE \/ PRO Lithium-Akkus <strong>entwickelt.<\/strong> Das Ladeprogramm stellt sicher, dass die Akku <strong>schnell, sicher und automatisch<\/strong> mit dem richtigen Ladeprofil (Spannung\/Ladestrom) geladen wird.<\/p>\n<p>Der Ladeprozess kann ganz einfach mittels der <strong>LED-Anzeige<\/strong> auf dem Display \u00fcberwacht werden. Das Ladeger\u00e4t verf\u00fcgt \u00fcber eine <strong>Reihe von Schutzfunktionen<\/strong>, wie zum Beispiel einen Schutz vor Kurzschluss, Verpolung und \u00dcberspannung.<\/p>\n<p>Falls damit andere Akkus geladen werden als vorgesehen, k\u00f6nnen (irreparable) Sch\u00e4den die Folge sein und entstehen. Das Ladeger\u00e4t ist nur f\u00fcr den, Einsatz in geschlossenen R\u00e4umen (Indoor) geeignet und nicht wasserdicht. Sollten Sie ein Ladeger\u00e4t f\u00fcr den dauerhaften Einbau im Boot ben\u00f6tigen, schauen Sie bitte bei unseren wasserdichten Ladeger\u00e4ten <a href=\"https:\/\/www.rebel-cell.com\/de\/produkt\/29-4v20a-nmc-charger-waterproof-2\/\" target=\"_blank\" rel=\"noopener\">hier<\/a>. Mehr Informationen zu unseren Ladeger\u00e4ten auf unserer Seite: &#8222;<a href=\"https:\/\/www.rebel-cell.com\/de\/grundlagenwissen\/akku-verwenden\/\" target=\"_blank\" rel=\"noopener\">Grundlagenwissen<\/a>&#8222;.<\/p>\n<p><strong>Ladezeiten<br \/>\n<\/strong><strong>24V50:<\/strong> 5-6 Std.<br \/>\n<strong>24V70 BT: <\/strong>7-8 Std.<br \/>\n<strong>24V100 BT:\u00a0 <\/strong>10-11 Std.<br \/>\n<strong>24V105 EDGE:\u00a0 <\/strong>10-11 Std.<\/p>\n<p>Produktcode: LC29V12REUA<\/p>\n<p>Barcode: 7106623687970<\/p>\n<p>EAN: 8720964630328<\/p>\n","protected":false},"excerpt":{"rendered":"<p>Das <strong>29<\/strong><strong>.4V12A Lithium-Ladeger\u00e4t<\/strong> wurde <strong>speziell<\/strong>\u00a0zum Laden von Rebelcell 24V EDGE \/ PRO Lithium-Akkus <strong>entwickelt.<\/strong> Das Ladeger\u00e4t ist nur f\u00fcr den, Einsatz in geschlossenen R\u00e4umen (Indoor) geeignet und nicht wasserdicht.<br \/>\n<a href=\"https:\/\/www.rebel-cell.com\/de\/produkt\/12-6v4a-nmc-charger-2\/#proddesc\">Mehr lesen&gt;<\/a><\/p>\n","protected":false},"featured_media":3130,"comment_status":"open","ping_status":"closed","template":"","meta":{"_acf_changed":false},"product_brand":[],"product_cat":[1904,4444,4127],"product_tag":[1009,1010,4132],"class_list":{"0":"post-8216","1":"product","2":"type-product","3":"status-publish","4":"has-post-thumbnail","6":"product_cat-ladegerate","7":"product_cat-batterieladegerate-ac","8":"product_cat-angebote","9":"product_tag-7106623686690-de-2","10":"product_tag-7106623686799-de","11":"product_tag-7106623688342-de","12":"product_shipping_class-normal-shipment","14":"first","15":"instock","16":"sale","17":"taxable","18":"shipping-taxable","19":"purchasable","20":"product-type-simple"},"bundled_by":[],"bundle_stock_status":"instock","bundle_stock_quantity":29,"bundle_virtual":false,"bundle_layout":"","bundle_add_to_cart_form_location":"","bundle_editable_in_cart":false,"bundle_sold_individually_context":"","bundle_item_grouping":"","bundle_min_size":"","bundle_max_size":"","bundle_price":[],"bundled_items":[],"bundle_sell_ids":[],"acf":[],"yoast_head":"<!-- This site is optimized with the Yoast SEO Premium plugin v27.1 (Yoast SEO v27.1.1) - https:\/\/yoast.com\/product\/yoast-seo-premium-wordpress\/ -->\n<title>Ladeger\u00e4t 29.4V12A Indoor | Rebelcell | Powering the outdoors<\/title>\n<meta name=\"description\" content=\"Das Ladeger\u00e4t wurde speziell\u00a0zum Laden von Rebelcell 24V EDGE \/ PRO Lithium-Akkus entwickelt. Das Ladeger\u00e4t ist nur f\u00fcr den, Einsatz in geschlossenen R\u00e4umen (Indoor) geeignet und nicht wasserdicht.\u00a0\" \/>\n<meta name=\"robots\" content=\"index, follow, max-snippet:-1, max-image-preview:large, max-video-preview:-1\" \/>\n<link rel=\"canonical\" href=\"https:\/\/www.rebel-cell.com\/de\/produkt\/29-4v12a-lithium-ladegeraet-indoor\/\" \/>\n<meta property=\"og:locale\" content=\"de_DE\" \/>\n<meta property=\"og:type\" content=\"article\" \/>\n<meta property=\"og:title\" content=\"29.4V12A Lithium-Ladeger\u00e4t Indoor\" \/>\n<meta property=\"og:description\" content=\"Das Ladeger\u00e4t wurde speziell\u00a0zum Laden von Rebelcell 24V EDGE \/ PRO Lithium-Akkus entwickelt. Das Ladeger\u00e4t ist nur f\u00fcr den, Einsatz in geschlossenen R\u00e4umen (Indoor) geeignet und nicht wasserdicht.\u00a0\" \/>\n<meta property=\"og:url\" content=\"https:\/\/www.rebel-cell.com\/de\/produkt\/29-4v12a-lithium-ladegeraet-indoor\/\" \/>\n<meta property=\"og:site_name\" content=\"Rebelcell\" \/>\n<meta property=\"article:publisher\" content=\"https:\/\/www.facebook.com\/rebelcelleu\" \/>\n<meta property=\"article:modified_time\" content=\"2026-01-09T08:21:35+00:00\" \/>\n<meta property=\"og:image\" content=\"https:\/\/www.rebel-cell.com\/wp-content\/uploads\/2019\/06\/Charger_29V12A_top_side_m8.jpg\" \/>\n\t<meta property=\"og:image:width\" content=\"1200\" \/>\n\t<meta property=\"og:image:height\" content=\"1200\" \/>\n\t<meta property=\"og:image:type\" content=\"image\/jpeg\" \/>\n<meta name=\"twitter:card\" content=\"summary_large_image\" \/>\n<meta name=\"twitter:site\" content=\"@rebelcellnl\" \/>\n<meta name=\"twitter:label1\" content=\"Preis\" \/>\n\t<meta name=\"twitter:data1\" content=\"&euro;99,00\" \/>\n\t<meta name=\"twitter:label2\" content=\"Verf\u00fcgbarkeit\" \/>\n\t<meta name=\"twitter:data2\" content=\"Auf Lager\" \/>\n<script type=\"application\/ld+json\" class=\"yoast-schema-graph\">{\"@context\":\"https:\/\/schema.org\",\"@graph\":[{\"@type\":[\"WebPage\",\"ItemPage\"],\"@id\":\"https:\/\/www.rebel-cell.com\/de\/produkt\/29-4v12a-lithium-ladegeraet-indoor\/\",\"url\":\"https:\/\/www.rebel-cell.com\/de\/produkt\/29-4v12a-lithium-ladegeraet-indoor\/\",\"name\":\"Ladeger\u00e4t 29.4V12A Indoor | Rebelcell | Powering the outdoors\",\"isPartOf\":{\"@id\":\"https:\/\/www.rebel-cell.com\/de\/#website\"},\"primaryImageOfPage\":{\"@id\":\"https:\/\/www.rebel-cell.com\/de\/produkt\/29-4v12a-lithium-ladegeraet-indoor\/#primaryimage\"},\"image\":{\"@id\":\"https:\/\/www.rebel-cell.com\/de\/produkt\/29-4v12a-lithium-ladegeraet-indoor\/#primaryimage\"},\"thumbnailUrl\":\"https:\/\/www.rebel-cell.com\/wp-content\/uploads\/2019\/06\/Charger_29V12A_top_side_m8.jpg\",\"datePublished\":\"2019-09-12T10:00:27+00:00\",\"dateModified\":\"2026-01-09T08:21:35+00:00\",\"description\":\"Das Ladeger\u00e4t wurde speziell\u00a0zum Laden von Rebelcell 24V EDGE \/ PRO Lithium-Akkus entwickelt. Das Ladeger\u00e4t ist nur f\u00fcr den, Einsatz in geschlossenen R\u00e4umen (Indoor) geeignet und nicht wasserdicht.\u00a0\",\"breadcrumb\":{\"@id\":\"https:\/\/www.rebel-cell.com\/de\/produkt\/29-4v12a-lithium-ladegeraet-indoor\/#breadcrumb\"},\"inLanguage\":\"de\",\"potentialAction\":[{\"@type\":\"ReadAction\",\"target\":[\"https:\/\/www.rebel-cell.com\/de\/produkt\/29-4v12a-lithium-ladegeraet-indoor\/\"]}]},{\"@type\":\"ImageObject\",\"inLanguage\":\"de\",\"@id\":\"https:\/\/www.rebel-cell.com\/de\/produkt\/29-4v12a-lithium-ladegeraet-indoor\/#primaryimage\",\"url\":\"https:\/\/www.rebel-cell.com\/wp-content\/uploads\/2019\/06\/Charger_29V12A_top_side_m8.jpg\",\"contentUrl\":\"https:\/\/www.rebel-cell.com\/wp-content\/uploads\/2019\/06\/Charger_29V12A_top_side_m8.jpg\",\"width\":1200,\"height\":1200,\"caption\":\"29V12A-Ladeger\u00e4t\"},{\"@type\":\"BreadcrumbList\",\"@id\":\"https:\/\/www.rebel-cell.com\/de\/produkt\/29-4v12a-lithium-ladegeraet-indoor\/#breadcrumb\",\"itemListElement\":[{\"@type\":\"ListItem\",\"position\":1,\"name\":\"Home\",\"item\":\"https:\/\/www.rebel-cell.com\/de\/\"},{\"@type\":\"ListItem\",\"position\":2,\"name\":\"Shop\",\"item\":\"https:\/\/www.rebel-cell.com\/de\/shop\/\"},{\"@type\":\"ListItem\",\"position\":3,\"name\":\"29.4V12A Lithium-Ladeger\u00e4t Indoor\"}]},{\"@type\":\"WebSite\",\"@id\":\"https:\/\/www.rebel-cell.com\/de\/#website\",\"url\":\"https:\/\/www.rebel-cell.com\/de\/\",\"name\":\"Rebelcell\",\"description\":\"Rebelcell\",\"publisher\":{\"@id\":\"https:\/\/www.rebel-cell.com\/de\/#organization\"},\"potentialAction\":[{\"@type\":\"SearchAction\",\"target\":{\"@type\":\"EntryPoint\",\"urlTemplate\":\"https:\/\/www.rebel-cell.com\/de\/?s={search_term_string}\"},\"query-input\":{\"@type\":\"PropertyValueSpecification\",\"valueRequired\":true,\"valueName\":\"search_term_string\"}}],\"inLanguage\":\"de\"},{\"@type\":\"Organization\",\"@id\":\"https:\/\/www.rebel-cell.com\/de\/#organization\",\"name\":\"Rebelcell\",\"url\":\"https:\/\/www.rebel-cell.com\/de\/\",\"logo\":{\"@type\":\"ImageObject\",\"inLanguage\":\"de\",\"@id\":\"https:\/\/www.rebel-cell.com\/de\/#\/schema\/logo\/image\/\",\"url\":\"https:\/\/www.rebel-cell.com\/wp-content\/uploads\/rebelcell-logo-300.png\",\"contentUrl\":\"https:\/\/www.rebel-cell.com\/wp-content\/uploads\/rebelcell-logo-300.png\",\"width\":300,\"height\":55,\"caption\":\"Rebelcell\"},\"image\":{\"@id\":\"https:\/\/www.rebel-cell.com\/de\/#\/schema\/logo\/image\/\"},\"sameAs\":[\"https:\/\/www.facebook.com\/rebelcelleu\",\"https:\/\/x.com\/rebelcellnl\",\"https:\/\/www.instagram.com\/rebelcelleurope\/?hl=nl\",\"https:\/\/www.youtube.com\/channel\/UCpySQUq4xwwtqveV1f8oiFw\"]}]}<\/script>\n<meta property=\"product:price:amount\" content=\"99.00\" \/>\n<meta property=\"product:price:currency\" content=\"EUR\" \/>\n<meta property=\"og:availability\" content=\"instock\" \/>\n<meta property=\"product:availability\" content=\"instock\" \/>\n<meta property=\"product:retailer_item_id\" content=\"7106623687970\" \/>\n<meta property=\"product:condition\" content=\"new\" \/>\n<!-- \/ Yoast SEO Premium plugin. -->","yoast_head_json":{"title":"Ladeger\u00e4t 29.4V12A Indoor | Rebelcell | Powering the outdoors","description":"Das Ladeger\u00e4t wurde speziell\u00a0zum Laden von Rebelcell 24V EDGE \/ PRO Lithium-Akkus entwickelt. Das Ladeger\u00e4t ist nur f\u00fcr den, Einsatz in geschlossenen R\u00e4umen (Indoor) geeignet und nicht wasserdicht.\u00a0","robots":{"index":"index","follow":"follow","max-snippet":"max-snippet:-1","max-image-preview":"max-image-preview:large","max-video-preview":"max-video-preview:-1"},"canonical":"https:\/\/www.rebel-cell.com\/de\/produkt\/29-4v12a-lithium-ladegeraet-indoor\/","og_locale":"de_DE","og_type":"article","og_title":"29.4V12A Lithium-Ladeger\u00e4t Indoor","og_description":"Das Ladeger\u00e4t wurde speziell\u00a0zum Laden von Rebelcell 24V EDGE \/ PRO Lithium-Akkus entwickelt. Das Ladeger\u00e4t ist nur f\u00fcr den, Einsatz in geschlossenen R\u00e4umen (Indoor) geeignet und nicht wasserdicht.\u00a0","og_url":"https:\/\/www.rebel-cell.com\/de\/produkt\/29-4v12a-lithium-ladegeraet-indoor\/","og_site_name":"Rebelcell","article_publisher":"https:\/\/www.facebook.com\/rebelcelleu","article_modified_time":"2026-01-09T08:21:35+00:00","og_image":[{"width":1200,"height":1200,"url":"https:\/\/www.rebel-cell.com\/wp-content\/uploads\/2019\/06\/Charger_29V12A_top_side_m8.jpg","type":"image\/jpeg"}],"twitter_card":"summary_large_image","twitter_site":"@rebelcellnl","twitter_misc":{"Preis":"&euro;99,00","Verf\u00fcgbarkeit":"Auf Lager"},"schema":{"@context":"https:\/\/schema.org","@graph":[{"@type":["WebPage","ItemPage"],"@id":"https:\/\/www.rebel-cell.com\/de\/produkt\/29-4v12a-lithium-ladegeraet-indoor\/","url":"https:\/\/www.rebel-cell.com\/de\/produkt\/29-4v12a-lithium-ladegeraet-indoor\/","name":"Ladeger\u00e4t 29.4V12A Indoor | Rebelcell | Powering the outdoors","isPartOf":{"@id":"https:\/\/www.rebel-cell.com\/de\/#website"},"primaryImageOfPage":{"@id":"https:\/\/www.rebel-cell.com\/de\/produkt\/29-4v12a-lithium-ladegeraet-indoor\/#primaryimage"},"image":{"@id":"https:\/\/www.rebel-cell.com\/de\/produkt\/29-4v12a-lithium-ladegeraet-indoor\/#primaryimage"},"thumbnailUrl":"https:\/\/www.rebel-cell.com\/wp-content\/uploads\/2019\/06\/Charger_29V12A_top_side_m8.jpg","datePublished":"2019-09-12T10:00:27+00:00","dateModified":"2026-01-09T08:21:35+00:00","description":"Das Ladeger\u00e4t wurde speziell\u00a0zum Laden von Rebelcell 24V EDGE \/ PRO Lithium-Akkus entwickelt. Das Ladeger\u00e4t ist nur f\u00fcr den, Einsatz in geschlossenen R\u00e4umen (Indoor) geeignet und nicht wasserdicht.\u00a0","breadcrumb":{"@id":"https:\/\/www.rebel-cell.com\/de\/produkt\/29-4v12a-lithium-ladegeraet-indoor\/#breadcrumb"},"inLanguage":"de","potentialAction":[{"@type":"ReadAction","target":["https:\/\/www.rebel-cell.com\/de\/produkt\/29-4v12a-lithium-ladegeraet-indoor\/"]}]},{"@type":"ImageObject","inLanguage":"de","@id":"https:\/\/www.rebel-cell.com\/de\/produkt\/29-4v12a-lithium-ladegeraet-indoor\/#primaryimage","url":"https:\/\/www.rebel-cell.com\/wp-content\/uploads\/2019\/06\/Charger_29V12A_top_side_m8.jpg","contentUrl":"https:\/\/www.rebel-cell.com\/wp-content\/uploads\/2019\/06\/Charger_29V12A_top_side_m8.jpg","width":1200,"height":1200,"caption":"29V12A-Ladeger\u00e4t"},{"@type":"BreadcrumbList","@id":"https:\/\/www.rebel-cell.com\/de\/produkt\/29-4v12a-lithium-ladegeraet-indoor\/#breadcrumb","itemListElement":[{"@type":"ListItem","position":1,"name":"Home","item":"https:\/\/www.rebel-cell.com\/de\/"},{"@type":"ListItem","position":2,"name":"Shop","item":"https:\/\/www.rebel-cell.com\/de\/shop\/"},{"@type":"ListItem","position":3,"name":"29.4V12A Lithium-Ladeger\u00e4t Indoor"}]},{"@type":"WebSite","@id":"https:\/\/www.rebel-cell.com\/de\/#website","url":"https:\/\/www.rebel-cell.com\/de\/","name":"Rebelcell","description":"Rebelcell","publisher":{"@id":"https:\/\/www.rebel-cell.com\/de\/#organization"},"potentialAction":[{"@type":"SearchAction","target":{"@type":"EntryPoint","urlTemplate":"https:\/\/www.rebel-cell.com\/de\/?s={search_term_string}"},"query-input":{"@type":"PropertyValueSpecification","valueRequired":true,"valueName":"search_term_string"}}],"inLanguage":"de"},{"@type":"Organization","@id":"https:\/\/www.rebel-cell.com\/de\/#organization","name":"Rebelcell","url":"https:\/\/www.rebel-cell.com\/de\/","logo":{"@type":"ImageObject","inLanguage":"de","@id":"https:\/\/www.rebel-cell.com\/de\/#\/schema\/logo\/image\/","url":"https:\/\/www.rebel-cell.com\/wp-content\/uploads\/rebelcell-logo-300.png","contentUrl":"https:\/\/www.rebel-cell.com\/wp-content\/uploads\/rebelcell-logo-300.png","width":300,"height":55,"caption":"Rebelcell"},"image":{"@id":"https:\/\/www.rebel-cell.com\/de\/#\/schema\/logo\/image\/"},"sameAs":["https:\/\/www.facebook.com\/rebelcelleu","https:\/\/x.com\/rebelcellnl","https:\/\/www.instagram.com\/rebelcelleurope\/?hl=nl","https:\/\/www.youtube.com\/channel\/UCpySQUq4xwwtqveV1f8oiFw"]}]},"product_price_amount":"99.00","product_price_currency":"EUR","og_availability":"instock","product_availability":"instock","product_retailer_item_id":"7106623687970","product_condition":"new"},"_links":{"self":[{"href":"https:\/\/www.rebel-cell.com\/de\/wp-json\/wp\/v2\/product\/8216","targetHints":{"allow":["GET"]}}],"collection":[{"href":"https:\/\/www.rebel-cell.com\/de\/wp-json\/wp\/v2\/product"}],"about":[{"href":"https:\/\/www.rebel-cell.com\/de\/wp-json\/wp\/v2\/types\/product"}],"replies":[{"embeddable":true,"href":"https:\/\/www.rebel-cell.com\/de\/wp-json\/wp\/v2\/comments?post=8216"}],"wp:featuredmedia":[{"embeddable":true,"href":"https:\/\/www.rebel-cell.com\/de\/wp-json\/wp\/v2\/media\/3130"}],"wp:attachment":[{"href":"https:\/\/www.rebel-cell.com\/de\/wp-json\/wp\/v2\/media?parent=8216"}],"wp:term":[{"taxonomy":"product_brand","embeddable":true,"href":"https:\/\/www.rebel-cell.com\/de\/wp-json\/wp\/v2\/product_brand?post=8216"},{"taxonomy":"product_cat","embeddable":true,"href":"https:\/\/www.rebel-cell.com\/de\/wp-json\/wp\/v2\/product_cat?post=8216"},{"taxonomy":"product_tag","embeddable":true,"href":"https:\/\/www.rebel-cell.com\/de\/wp-json\/wp\/v2\/product_tag?post=8216"}],"curies":[{"name":"wp","href":"https:\/\/api.w.org\/{rel}","templated":true}]}}