{"id":8221,"date":"2019-09-12T15:10:10","date_gmt":"2019-09-12T13:10:10","guid":{"rendered":"https:\/\/www.rebel-cell.com\/product\/29-4v20a-nmc-ladegeraet-wasserdicht\/"},"modified":"2026-03-10T22:11:05","modified_gmt":"2026-03-10T21:11:05","slug":"29-2v20a-lifepo4-ladegeraet-wasserdicht","status":"publish","type":"product","link":"https:\/\/www.rebel-cell.com\/de\/produkt\/29-2v20a-lifepo4-ladegeraet-wasserdicht\/","title":{"rendered":"29.2V20A LiFePO4-Ladeger\u00e4t Wasserdicht (IP65)"},"content":{"rendered":"<h2>PRODUKTBESCHREIBUNG REBELCELL 29.2V20A LIFEPO4-LADEGER\u00c4T (IP65) WASSERDICHT<\/h2>\n<p>Das <strong>29.2V20A LiFePO4-Ladeger\u00e4t<\/strong><strong> Wasserdicht (IP65)<\/strong> wurde speziell zum Laden von Rebelcell 24V EDGE LiFePO4-Akkus entwickelt.. Das <strong>speziell entwickelte<\/strong> Ladeprogramm sorgt daf\u00fcr, dass Ihr Akku <strong>sicher und automatisch<\/strong> mit dem richtigen Ladeprofil (Spannung \/ Ladestrom) geladen wird. Das Ladeger\u00e4t <strong>schaltet sich automatisch ab<\/strong>, wenn der Ladevorgang abgeschlossen ist.<\/p>\n<p>\u00dcber die LED-Anzeige am Ladeger\u00e4t k\u00f6nnen Sie den <strong>Status des Ladevorgangs ganz einfach und problemlos \u00fcberwachen<\/strong>. Das Ladeger\u00e4t ist mit einer <strong>Reihe von Schutzfunktionen<\/strong> wie Kurzschluss-, Verpolungs- und \u00dcberspannungsschutz ausgestattet, die sicherstellen, dass Sie Ihr Ladeger\u00e4t in jeder Situation sicher verwenden k\u00f6nnen. Dieses Ladeger\u00e4t ist mit <strong>Epoxidharz<\/strong> versiegelt und eignet sich daher ideal f\u00fcr die dauerhafte Installation, bzw. den <strong>Festeinbau in Ihrem Boot.<\/strong><\/p>\n<p>Falls Sie andere Akkus als die angegebenen laden, kann dies zu (irreparablen) Sch\u00e4den f\u00fchren. Weitere Informationen finden Sie in unserer <a href=\"https:\/\/www.rebel-cell.com\/de\/grundlagenwissen\/akku-verwenden\/\" target=\"_blank\" rel=\"noopener\">Grundlagenwissen-Datenbank<\/a><\/p>\n<p><strong>Ladezeiten<br \/>\n<\/strong><strong>24V105 EDGE<\/strong>: 6-7 h<\/p>\n<p>Produktcode: WC29V20REUA<\/p>\n<p>Barcode: 8720964631219<\/p>\n<p>EAN: 8720964631219<\/p>\n","protected":false},"excerpt":{"rendered":"<p>Das <strong>29.2V20A LiFePO4-Ladeger\u00e4t<\/strong><strong> (IP65) wasserdicht<\/strong> wurde speziell zum Laden von Rebelcell 24V EDGE LiFePO4-Akkus entwickelt. Dieses Ladeger\u00e4t ist mit <strong>Epoxidharz<\/strong> versiegelt und eignet sich daher ideal f\u00fcr die dauerhafte Installation, bzw. den <strong>Festeinbau in Ihrem Boot.<\/strong><br \/>\n<a href=\"https:\/\/www.rebel-cell.com\/de\/produkt\/12-6v4a-nmc-charger-2\/#proddesc\">Mehr lesen&gt;<\/a><\/p>\n","protected":false},"featured_media":27163,"comment_status":"open","ping_status":"closed","template":"","meta":{"_acf_changed":false},"product_brand":[],"product_cat":[4444,1904],"product_tag":[1009,1010,4132],"class_list":{"0":"post-8221","1":"product","2":"type-product","3":"status-publish","4":"has-post-thumbnail","6":"product_cat-batterieladegerate-ac","7":"product_cat-ladegerate","8":"product_tag-7106623686690-de-2","9":"product_tag-7106623686799-de","10":"product_tag-7106623688342-de","11":"product_shipping_class-normal-shipment","12":"pa_fishing-andere-anwendungen","13":"pa_fishing-karpfen","14":"pa_fishing-raubfisch","16":"first","17":"instock","18":"taxable","19":"shipping-taxable","20":"purchasable","21":"product-type-simple"},"bundled_by":["30687","30691"],"bundle_stock_status":"instock","bundle_stock_quantity":79,"bundle_virtual":false,"bundle_layout":"","bundle_add_to_cart_form_location":"","bundle_editable_in_cart":false,"bundle_sold_individually_context":"","bundle_item_grouping":"","bundle_min_size":"","bundle_max_size":"","bundle_price":[],"bundled_items":[],"bundle_sell_ids":[],"acf":[],"yoast_head":"<!-- This site is optimized with the Yoast SEO Premium plugin v27.1 (Yoast SEO v27.1.1) - https:\/\/yoast.com\/product\/yoast-seo-premium-wordpress\/ -->\n<title>Wasserdichtes Ladeger\u00e4t 29.2V20A | Rebelcell | Powering the outdoors<\/title>\n<meta name=\"description\" content=\"zum Laden von Rebelcell 24V EDGE LiFePO4-Akkus. Eignet sich f\u00fcr den Festeinbau in Ihrem Boot.\" \/>\n<meta name=\"robots\" content=\"index, follow, max-snippet:-1, max-image-preview:large, max-video-preview:-1\" \/>\n<link rel=\"canonical\" href=\"https:\/\/www.rebel-cell.com\/de\/produkt\/29-2v20a-lifepo4-ladegeraet-wasserdicht\/\" \/>\n<meta property=\"og:locale\" content=\"de_DE\" \/>\n<meta property=\"og:type\" content=\"article\" \/>\n<meta property=\"og:title\" content=\"29.2V20A LiFePO4-Ladeger\u00e4t Wasserdicht (IP65)\" \/>\n<meta property=\"og:description\" content=\"zum Laden von Rebelcell 24V EDGE LiFePO4-Akkus. Eignet sich f\u00fcr den Festeinbau in Ihrem Boot.\" \/>\n<meta property=\"og:url\" content=\"https:\/\/www.rebel-cell.com\/de\/produkt\/29-2v20a-lifepo4-ladegeraet-wasserdicht\/\" \/>\n<meta property=\"og:site_name\" content=\"Rebelcell\" \/>\n<meta property=\"article:publisher\" content=\"https:\/\/www.facebook.com\/rebelcelleu\" \/>\n<meta property=\"article:modified_time\" content=\"2026-03-10T21:11:05+00:00\" \/>\n<meta property=\"og:image\" content=\"https:\/\/www.rebel-cell.com\/wp-content\/uploads\/Charger_WP_292V20A_overview.jpg\" \/>\n\t<meta property=\"og:image:width\" content=\"1500\" \/>\n\t<meta property=\"og:image:height\" content=\"1500\" \/>\n\t<meta property=\"og:image:type\" content=\"image\/jpeg\" \/>\n<meta name=\"twitter:card\" content=\"summary_large_image\" \/>\n<meta name=\"twitter:site\" content=\"@rebelcellnl\" \/>\n<meta name=\"twitter:label1\" content=\"Preis\" \/>\n\t<meta name=\"twitter:data1\" content=\"&euro;299,00\" \/>\n\t<meta name=\"twitter:label2\" content=\"Verf\u00fcgbarkeit\" \/>\n\t<meta name=\"twitter:data2\" content=\"Auf Lager\" \/>\n<script type=\"application\/ld+json\" class=\"yoast-schema-graph\">{\"@context\":\"https:\/\/schema.org\",\"@graph\":[{\"@type\":[\"WebPage\",\"ItemPage\"],\"@id\":\"https:\/\/www.rebel-cell.com\/de\/produkt\/29-2v20a-lifepo4-ladegeraet-wasserdicht\/\",\"url\":\"https:\/\/www.rebel-cell.com\/de\/produkt\/29-2v20a-lifepo4-ladegeraet-wasserdicht\/\",\"name\":\"Wasserdichtes Ladeger\u00e4t 29.2V20A | Rebelcell | Powering the outdoors\",\"isPartOf\":{\"@id\":\"https:\/\/www.rebel-cell.com\/de\/#website\"},\"primaryImageOfPage\":{\"@id\":\"https:\/\/www.rebel-cell.com\/de\/produkt\/29-2v20a-lifepo4-ladegeraet-wasserdicht\/#primaryimage\"},\"image\":{\"@id\":\"https:\/\/www.rebel-cell.com\/de\/produkt\/29-2v20a-lifepo4-ladegeraet-wasserdicht\/#primaryimage\"},\"thumbnailUrl\":\"https:\/\/www.rebel-cell.com\/wp-content\/uploads\/Charger_WP_292V20A_overview.jpg\",\"datePublished\":\"2019-09-12T13:10:10+00:00\",\"dateModified\":\"2026-03-10T21:11:05+00:00\",\"description\":\"zum Laden von Rebelcell 24V EDGE LiFePO4-Akkus. Eignet sich f\u00fcr den Festeinbau in Ihrem Boot.\",\"breadcrumb\":{\"@id\":\"https:\/\/www.rebel-cell.com\/de\/produkt\/29-2v20a-lifepo4-ladegeraet-wasserdicht\/#breadcrumb\"},\"inLanguage\":\"de\",\"potentialAction\":[{\"@type\":\"ReadAction\",\"target\":[\"https:\/\/www.rebel-cell.com\/de\/produkt\/29-2v20a-lifepo4-ladegeraet-wasserdicht\/\"]}]},{\"@type\":\"ImageObject\",\"inLanguage\":\"de\",\"@id\":\"https:\/\/www.rebel-cell.com\/de\/produkt\/29-2v20a-lifepo4-ladegeraet-wasserdicht\/#primaryimage\",\"url\":\"https:\/\/www.rebel-cell.com\/wp-content\/uploads\/Charger_WP_292V20A_overview.jpg\",\"contentUrl\":\"https:\/\/www.rebel-cell.com\/wp-content\/uploads\/Charger_WP_292V20A_overview.jpg\",\"width\":1500,\"height\":1500},{\"@type\":\"BreadcrumbList\",\"@id\":\"https:\/\/www.rebel-cell.com\/de\/produkt\/29-2v20a-lifepo4-ladegeraet-wasserdicht\/#breadcrumb\",\"itemListElement\":[{\"@type\":\"ListItem\",\"position\":1,\"name\":\"Home\",\"item\":\"https:\/\/www.rebel-cell.com\/de\/\"},{\"@type\":\"ListItem\",\"position\":2,\"name\":\"Shop\",\"item\":\"https:\/\/www.rebel-cell.com\/de\/shop\/\"},{\"@type\":\"ListItem\",\"position\":3,\"name\":\"29.2V20A LiFePO4-Ladeger\u00e4t Wasserdicht (IP65)\"}]},{\"@type\":\"WebSite\",\"@id\":\"https:\/\/www.rebel-cell.com\/de\/#website\",\"url\":\"https:\/\/www.rebel-cell.com\/de\/\",\"name\":\"Rebelcell\",\"description\":\"Rebelcell\",\"publisher\":{\"@id\":\"https:\/\/www.rebel-cell.com\/de\/#organization\"},\"potentialAction\":[{\"@type\":\"SearchAction\",\"target\":{\"@type\":\"EntryPoint\",\"urlTemplate\":\"https:\/\/www.rebel-cell.com\/de\/?s={search_term_string}\"},\"query-input\":{\"@type\":\"PropertyValueSpecification\",\"valueRequired\":true,\"valueName\":\"search_term_string\"}}],\"inLanguage\":\"de\"},{\"@type\":\"Organization\",\"@id\":\"https:\/\/www.rebel-cell.com\/de\/#organization\",\"name\":\"Rebelcell\",\"url\":\"https:\/\/www.rebel-cell.com\/de\/\",\"logo\":{\"@type\":\"ImageObject\",\"inLanguage\":\"de\",\"@id\":\"https:\/\/www.rebel-cell.com\/de\/#\/schema\/logo\/image\/\",\"url\":\"https:\/\/www.rebel-cell.com\/wp-content\/uploads\/rebelcell-logo-300.png\",\"contentUrl\":\"https:\/\/www.rebel-cell.com\/wp-content\/uploads\/rebelcell-logo-300.png\",\"width\":300,\"height\":55,\"caption\":\"Rebelcell\"},\"image\":{\"@id\":\"https:\/\/www.rebel-cell.com\/de\/#\/schema\/logo\/image\/\"},\"sameAs\":[\"https:\/\/www.facebook.com\/rebelcelleu\",\"https:\/\/x.com\/rebelcellnl\",\"https:\/\/www.instagram.com\/rebelcelleurope\/?hl=nl\",\"https:\/\/www.youtube.com\/channel\/UCpySQUq4xwwtqveV1f8oiFw\"]}]}<\/script>\n<meta property=\"product:price:amount\" content=\"299.00\" \/>\n<meta property=\"product:price:currency\" content=\"EUR\" \/>\n<meta property=\"og:availability\" content=\"instock\" \/>\n<meta property=\"product:availability\" content=\"instock\" \/>\n<meta property=\"product:retailer_item_id\" content=\"8720964631219\" \/>\n<meta property=\"product:condition\" content=\"new\" \/>\n<!-- \/ Yoast SEO Premium plugin. -->","yoast_head_json":{"title":"Wasserdichtes Ladeger\u00e4t 29.2V20A | Rebelcell | Powering the outdoors","description":"zum Laden von Rebelcell 24V EDGE LiFePO4-Akkus. Eignet sich f\u00fcr den Festeinbau in Ihrem Boot.","robots":{"index":"index","follow":"follow","max-snippet":"max-snippet:-1","max-image-preview":"max-image-preview:large","max-video-preview":"max-video-preview:-1"},"canonical":"https:\/\/www.rebel-cell.com\/de\/produkt\/29-2v20a-lifepo4-ladegeraet-wasserdicht\/","og_locale":"de_DE","og_type":"article","og_title":"29.2V20A LiFePO4-Ladeger\u00e4t Wasserdicht (IP65)","og_description":"zum Laden von Rebelcell 24V EDGE LiFePO4-Akkus. Eignet sich f\u00fcr den Festeinbau in Ihrem Boot.","og_url":"https:\/\/www.rebel-cell.com\/de\/produkt\/29-2v20a-lifepo4-ladegeraet-wasserdicht\/","og_site_name":"Rebelcell","article_publisher":"https:\/\/www.facebook.com\/rebelcelleu","article_modified_time":"2026-03-10T21:11:05+00:00","og_image":[{"width":1500,"height":1500,"url":"https:\/\/www.rebel-cell.com\/wp-content\/uploads\/Charger_WP_292V20A_overview.jpg","type":"image\/jpeg"}],"twitter_card":"summary_large_image","twitter_site":"@rebelcellnl","twitter_misc":{"Preis":"&euro;299,00","Verf\u00fcgbarkeit":"Auf Lager"},"schema":{"@context":"https:\/\/schema.org","@graph":[{"@type":["WebPage","ItemPage"],"@id":"https:\/\/www.rebel-cell.com\/de\/produkt\/29-2v20a-lifepo4-ladegeraet-wasserdicht\/","url":"https:\/\/www.rebel-cell.com\/de\/produkt\/29-2v20a-lifepo4-ladegeraet-wasserdicht\/","name":"Wasserdichtes Ladeger\u00e4t 29.2V20A | Rebelcell | Powering the outdoors","isPartOf":{"@id":"https:\/\/www.rebel-cell.com\/de\/#website"},"primaryImageOfPage":{"@id":"https:\/\/www.rebel-cell.com\/de\/produkt\/29-2v20a-lifepo4-ladegeraet-wasserdicht\/#primaryimage"},"image":{"@id":"https:\/\/www.rebel-cell.com\/de\/produkt\/29-2v20a-lifepo4-ladegeraet-wasserdicht\/#primaryimage"},"thumbnailUrl":"https:\/\/www.rebel-cell.com\/wp-content\/uploads\/Charger_WP_292V20A_overview.jpg","datePublished":"2019-09-12T13:10:10+00:00","dateModified":"2026-03-10T21:11:05+00:00","description":"zum Laden von Rebelcell 24V EDGE LiFePO4-Akkus. Eignet sich f\u00fcr den Festeinbau in Ihrem Boot.","breadcrumb":{"@id":"https:\/\/www.rebel-cell.com\/de\/produkt\/29-2v20a-lifepo4-ladegeraet-wasserdicht\/#breadcrumb"},"inLanguage":"de","potentialAction":[{"@type":"ReadAction","target":["https:\/\/www.rebel-cell.com\/de\/produkt\/29-2v20a-lifepo4-ladegeraet-wasserdicht\/"]}]},{"@type":"ImageObject","inLanguage":"de","@id":"https:\/\/www.rebel-cell.com\/de\/produkt\/29-2v20a-lifepo4-ladegeraet-wasserdicht\/#primaryimage","url":"https:\/\/www.rebel-cell.com\/wp-content\/uploads\/Charger_WP_292V20A_overview.jpg","contentUrl":"https:\/\/www.rebel-cell.com\/wp-content\/uploads\/Charger_WP_292V20A_overview.jpg","width":1500,"height":1500},{"@type":"BreadcrumbList","@id":"https:\/\/www.rebel-cell.com\/de\/produkt\/29-2v20a-lifepo4-ladegeraet-wasserdicht\/#breadcrumb","itemListElement":[{"@type":"ListItem","position":1,"name":"Home","item":"https:\/\/www.rebel-cell.com\/de\/"},{"@type":"ListItem","position":2,"name":"Shop","item":"https:\/\/www.rebel-cell.com\/de\/shop\/"},{"@type":"ListItem","position":3,"name":"29.2V20A LiFePO4-Ladeger\u00e4t Wasserdicht (IP65)"}]},{"@type":"WebSite","@id":"https:\/\/www.rebel-cell.com\/de\/#website","url":"https:\/\/www.rebel-cell.com\/de\/","name":"Rebelcell","description":"Rebelcell","publisher":{"@id":"https:\/\/www.rebel-cell.com\/de\/#organization"},"potentialAction":[{"@type":"SearchAction","target":{"@type":"EntryPoint","urlTemplate":"https:\/\/www.rebel-cell.com\/de\/?s={search_term_string}"},"query-input":{"@type":"PropertyValueSpecification","valueRequired":true,"valueName":"search_term_string"}}],"inLanguage":"de"},{"@type":"Organization","@id":"https:\/\/www.rebel-cell.com\/de\/#organization","name":"Rebelcell","url":"https:\/\/www.rebel-cell.com\/de\/","logo":{"@type":"ImageObject","inLanguage":"de","@id":"https:\/\/www.rebel-cell.com\/de\/#\/schema\/logo\/image\/","url":"https:\/\/www.rebel-cell.com\/wp-content\/uploads\/rebelcell-logo-300.png","contentUrl":"https:\/\/www.rebel-cell.com\/wp-content\/uploads\/rebelcell-logo-300.png","width":300,"height":55,"caption":"Rebelcell"},"image":{"@id":"https:\/\/www.rebel-cell.com\/de\/#\/schema\/logo\/image\/"},"sameAs":["https:\/\/www.facebook.com\/rebelcelleu","https:\/\/x.com\/rebelcellnl","https:\/\/www.instagram.com\/rebelcelleurope\/?hl=nl","https:\/\/www.youtube.com\/channel\/UCpySQUq4xwwtqveV1f8oiFw"]}]},"product_price_amount":"299.00","product_price_currency":"EUR","og_availability":"instock","product_availability":"instock","product_retailer_item_id":"8720964631219","product_condition":"new"},"_links":{"self":[{"href":"https:\/\/www.rebel-cell.com\/de\/wp-json\/wp\/v2\/product\/8221","targetHints":{"allow":["GET"]}}],"collection":[{"href":"https:\/\/www.rebel-cell.com\/de\/wp-json\/wp\/v2\/product"}],"about":[{"href":"https:\/\/www.rebel-cell.com\/de\/wp-json\/wp\/v2\/types\/product"}],"replies":[{"embeddable":true,"href":"https:\/\/www.rebel-cell.com\/de\/wp-json\/wp\/v2\/comments?post=8221"}],"wp:featuredmedia":[{"embeddable":true,"href":"https:\/\/www.rebel-cell.com\/de\/wp-json\/wp\/v2\/media\/27163"}],"wp:attachment":[{"href":"https:\/\/www.rebel-cell.com\/de\/wp-json\/wp\/v2\/media?parent=8221"}],"wp:term":[{"taxonomy":"product_brand","embeddable":true,"href":"https:\/\/www.rebel-cell.com\/de\/wp-json\/wp\/v2\/product_brand?post=8221"},{"taxonomy":"product_cat","embeddable":true,"href":"https:\/\/www.rebel-cell.com\/de\/wp-json\/wp\/v2\/product_cat?post=8221"},{"taxonomy":"product_tag","embeddable":true,"href":"https:\/\/www.rebel-cell.com\/de\/wp-json\/wp\/v2\/product_tag?post=8221"}],"curies":[{"name":"wp","href":"https:\/\/api.w.org\/{rel}","templated":true}]}}