{"id":8223,"date":"2019-09-13T12:16:32","date_gmt":"2019-09-13T10:16:32","guid":{"rendered":"https:\/\/www.rebel-cell.com\/product\/12-6v13a-range-extender\/"},"modified":"2024-05-27T11:04:56","modified_gmt":"2024-05-27T09:04:56","slug":"12-6v13a-range-extender","status":"publish","type":"product","link":"https:\/\/www.rebel-cell.com\/de\/produkt\/12-6v13a-range-extender\/","title":{"rendered":"12.6V13A-Range Extender"},"content":{"rendered":"<h2>PRODUKTBESCHREIBUNG REBELCELL RANGE EXTENDER 12.6V13A<\/h2>\n<p>Der <strong>Range Extender 12.6V13A<\/strong> ist die <strong>ideale L\u00f6sung<\/strong>, um die <strong>L\u00e4nge Ihres Angeltages zu verl\u00e4ngern<\/strong>. Der Range Extender l\u00e4dt Ihre Batterie, indem er Strom von der Lichtmaschine Ihres Au\u00dfenbordmotors bezieht. Dieses Range Extender-Modell <strong>l\u00e4sst sich aufgrund<\/strong> seiner <strong>kompakten Gr\u00f6\u00dfe<\/strong> und seines <strong>geringen Gewichts<\/strong> von nur <strong>0,6 kg<\/strong> leicht in Ihrem Boot <strong>unterbringen<\/strong>.<\/p>\n<p>Der Range Extender \u00fcberwacht kontinuierlich die Spannung der Starterbatterie, um eine unbeabsichtigte Entladung zu verhindern, begrenzt bei Bedarf den Ausgangsstrom der Lichtmaschine und liefert das richtige Ladeprofil (Spannung, Strom), um Ihre 12V AV-Akku zu laden, wodurch der Range Extender auch sicher in der Anwendung ist. Dank der <strong>eingebauten LED-Anzeige<\/strong> k\u00f6nnen Sie leicht erkennen, ob Ihr Akku geladen wird. <strong>Dieses Range Extender-Modell kann mit allen bekannten BBM-Marken<\/strong> wie Honda, Minn Kota, Mercury und Suzuki <strong>verwendet werden<\/strong>, die mit 12 V betrieben werden. Stellen Sie au\u00dferdem sicher, dass die Lichtmaschine des Au\u00dfenbordmotors eine Mindestleistung von 15A hat, sonst funktioniert der Range Extender nicht.<\/p>\n<p><strong>Hinweis:<\/strong> Dieser Range Extender (12.6V13A) ist f\u00fcr die Verwendung mit den Rebelcell 12V70 \/ 12V100 \/ 12V140 \/ 12V190 AV-Akkus geeignet. Der <a href=\"https:\/\/www.rebel-cell.com\/de\/produkt\/29-4v07a-range-extender-2\/\">Range Extender 29.4V07A<\/a> ist f\u00fcr alle Rebelcell 24V Batterien geeignet.<\/p>\n<p>Produktcode: DC12V13REPK<\/p>\n<p>Barcode: 7106623691700<\/p>\n<p>EAN: 8720964630939<\/p>\n","protected":false},"excerpt":{"rendered":"<p>Mit dem <strong>Range Extender 12.6V13A<\/strong> k\u00f6nnen Sie Ihren <strong>Angeltag verl\u00e4ngern<\/strong>, indem Sie Ihren 12V AV-Akku w\u00e4hrend des Angelns \u00fcber die Lichtmaschine Ihres (Au\u00dfenbord-)Motors wieder aufladen. Dank des kompakten Modells und des geringen Gewichts von <strong>0,6 kg<\/strong> l\u00e4sst sich der Range Extender leicht im Boot verwenden. Dar\u00fcber hinaus ist dieses Range Extender-Modell dank mehrerer Sicherheitssysteme <strong>sicher in der Anwendung<\/strong> und der Range Extender liefert auch kontinuierlich die richtige Spannung.<br \/>\n<a href=\"#proddesc\">Mehr lesen&gt;<\/a><\/p>\n<p>&nbsp;<\/p>\n<p><em><strong>Hinweis:<\/strong> Dieser Range Extender (12.6V13A) ist f\u00fcr die Verwendung mit den Rebelcell 12V70 \/ 12V100 \/ 12V140 \/ 12V190 AV-Akkus geeignet. Der <a href=\"https:\/\/www.rebel-cell.com\/de\/produkt\/29-4v07a-range-extender-2\/\">Range Extender 29.4V07A<\/a> ist f\u00fcr alle Rebelcell 24V Batterien geeignet. <\/em><\/p>\n","protected":false},"featured_media":12104,"comment_status":"open","ping_status":"closed","template":"","meta":{"_acf_changed":false},"product_brand":[],"product_cat":[1904],"product_tag":[1016,1021,3380,4131],"class_list":{"0":"post-8223","1":"product","2":"type-product","3":"status-publish","4":"has-post-thumbnail","6":"product_cat-ladegerate","7":"product_tag-7106623690703-de","8":"product_tag-7106623690710-de","9":"product_tag-7106623694312-de","10":"product_tag-7106623695753-de","11":"product_shipping_class-normal-shipment","12":"pa_fishing-karpfen","14":"first","15":"outofstock","16":"sale","17":"taxable","18":"shipping-taxable","19":"purchasable","20":"product-type-simple"},"bundled_by":[],"bundle_stock_status":"outofstock","bundle_stock_quantity":0,"bundle_virtual":false,"bundle_layout":"","bundle_add_to_cart_form_location":"","bundle_editable_in_cart":false,"bundle_sold_individually_context":"","bundle_item_grouping":"","bundle_min_size":"","bundle_max_size":"","bundle_price":[],"bundled_items":[],"bundle_sell_ids":[],"acf":[],"yoast_head":"<!-- This site is optimized with the Yoast SEO Premium plugin v27.1 (Yoast SEO v27.1.1) - https:\/\/yoast.com\/product\/yoast-seo-premium-wordpress\/ -->\n<title>Range Extender 12.6V13A | Rebelcell | Tragbare Energie f\u00fcr Outdoor-Aktivit\u00e4ten<\/title>\n<meta name=\"description\" content=\"Range Extender 12.6V13A zum Aufladen Ihrer Rebelcell-Akkus \u201eunterwegs\u201c. Rebelcell. Tragbare Energie zum Angeln, f\u00fcr Outdoor und auf dem Wasser.\" \/>\n<meta name=\"robots\" content=\"index, follow, max-snippet:-1, max-image-preview:large, max-video-preview:-1\" \/>\n<link rel=\"canonical\" href=\"https:\/\/www.rebel-cell.com\/de\/produkt\/12-6v13a-range-extender\/\" \/>\n<meta property=\"og:locale\" content=\"de_DE\" \/>\n<meta property=\"og:type\" content=\"article\" \/>\n<meta property=\"og:title\" content=\"12.6V13A-Range Extender\" \/>\n<meta property=\"og:description\" content=\"Range Extender 12.6V13A zum Aufladen Ihrer Rebelcell-Akkus \u201eunterwegs\u201c. Rebelcell. Tragbare Energie zum Angeln, f\u00fcr Outdoor und auf dem Wasser.\" \/>\n<meta property=\"og:url\" content=\"https:\/\/www.rebel-cell.com\/de\/produkt\/12-6v13a-range-extender\/\" \/>\n<meta property=\"og:site_name\" content=\"Rebelcell\" \/>\n<meta property=\"article:publisher\" content=\"https:\/\/www.facebook.com\/rebelcelleu\" \/>\n<meta property=\"article:modified_time\" content=\"2024-05-27T09:04:56+00:00\" \/>\n<meta property=\"og:image\" content=\"https:\/\/www.rebel-cell.com\/wp-content\/uploads\/RE_12V_top_side.jpg\" \/>\n\t<meta property=\"og:image:width\" content=\"1500\" \/>\n\t<meta property=\"og:image:height\" content=\"1500\" \/>\n\t<meta property=\"og:image:type\" content=\"image\/jpeg\" \/>\n<meta name=\"twitter:card\" content=\"summary_large_image\" \/>\n<meta name=\"twitter:site\" content=\"@rebelcellnl\" \/>\n<meta name=\"twitter:label1\" content=\"Preis\" \/>\n\t<meta name=\"twitter:data1\" content=\"&euro;199,00\" \/>\n\t<meta name=\"twitter:label2\" content=\"Verf\u00fcgbarkeit\" \/>\n\t<meta name=\"twitter:data2\" content=\"ausverkauft\" \/>\n<script type=\"application\/ld+json\" class=\"yoast-schema-graph\">{\"@context\":\"https:\/\/schema.org\",\"@graph\":[{\"@type\":[\"WebPage\",\"ItemPage\"],\"@id\":\"https:\/\/www.rebel-cell.com\/de\/produkt\/12-6v13a-range-extender\/\",\"url\":\"https:\/\/www.rebel-cell.com\/de\/produkt\/12-6v13a-range-extender\/\",\"name\":\"Range Extender 12.6V13A | Rebelcell | Tragbare Energie f\u00fcr Outdoor-Aktivit\u00e4ten\",\"isPartOf\":{\"@id\":\"https:\/\/www.rebel-cell.com\/de\/#website\"},\"primaryImageOfPage\":{\"@id\":\"https:\/\/www.rebel-cell.com\/de\/produkt\/12-6v13a-range-extender\/#primaryimage\"},\"image\":{\"@id\":\"https:\/\/www.rebel-cell.com\/de\/produkt\/12-6v13a-range-extender\/#primaryimage\"},\"thumbnailUrl\":\"https:\/\/www.rebel-cell.com\/wp-content\/uploads\/RE_12V_top_side.jpg\",\"datePublished\":\"2019-09-13T10:16:32+00:00\",\"dateModified\":\"2024-05-27T09:04:56+00:00\",\"description\":\"Range Extender 12.6V13A zum Aufladen Ihrer Rebelcell-Akkus \u201eunterwegs\u201c. Rebelcell. Tragbare Energie zum Angeln, f\u00fcr Outdoor und auf dem Wasser.\",\"breadcrumb\":{\"@id\":\"https:\/\/www.rebel-cell.com\/de\/produkt\/12-6v13a-range-extender\/#breadcrumb\"},\"inLanguage\":\"de\",\"potentialAction\":[{\"@type\":\"ReadAction\",\"target\":[\"https:\/\/www.rebel-cell.com\/de\/produkt\/12-6v13a-range-extender\/\"]}]},{\"@type\":\"ImageObject\",\"inLanguage\":\"de\",\"@id\":\"https:\/\/www.rebel-cell.com\/de\/produkt\/12-6v13a-range-extender\/#primaryimage\",\"url\":\"https:\/\/www.rebel-cell.com\/wp-content\/uploads\/RE_12V_top_side.jpg\",\"contentUrl\":\"https:\/\/www.rebel-cell.com\/wp-content\/uploads\/RE_12V_top_side.jpg\",\"width\":1500,\"height\":1500},{\"@type\":\"BreadcrumbList\",\"@id\":\"https:\/\/www.rebel-cell.com\/de\/produkt\/12-6v13a-range-extender\/#breadcrumb\",\"itemListElement\":[{\"@type\":\"ListItem\",\"position\":1,\"name\":\"Home\",\"item\":\"https:\/\/www.rebel-cell.com\/de\/\"},{\"@type\":\"ListItem\",\"position\":2,\"name\":\"Shop\",\"item\":\"https:\/\/www.rebel-cell.com\/de\/shop\/\"},{\"@type\":\"ListItem\",\"position\":3,\"name\":\"12.6V13A-Range Extender\"}]},{\"@type\":\"WebSite\",\"@id\":\"https:\/\/www.rebel-cell.com\/de\/#website\",\"url\":\"https:\/\/www.rebel-cell.com\/de\/\",\"name\":\"Rebelcell\",\"description\":\"Rebelcell\",\"publisher\":{\"@id\":\"https:\/\/www.rebel-cell.com\/de\/#organization\"},\"potentialAction\":[{\"@type\":\"SearchAction\",\"target\":{\"@type\":\"EntryPoint\",\"urlTemplate\":\"https:\/\/www.rebel-cell.com\/de\/?s={search_term_string}\"},\"query-input\":{\"@type\":\"PropertyValueSpecification\",\"valueRequired\":true,\"valueName\":\"search_term_string\"}}],\"inLanguage\":\"de\"},{\"@type\":\"Organization\",\"@id\":\"https:\/\/www.rebel-cell.com\/de\/#organization\",\"name\":\"Rebelcell\",\"url\":\"https:\/\/www.rebel-cell.com\/de\/\",\"logo\":{\"@type\":\"ImageObject\",\"inLanguage\":\"de\",\"@id\":\"https:\/\/www.rebel-cell.com\/de\/#\/schema\/logo\/image\/\",\"url\":\"https:\/\/www.rebel-cell.com\/wp-content\/uploads\/rebelcell-logo-300.png\",\"contentUrl\":\"https:\/\/www.rebel-cell.com\/wp-content\/uploads\/rebelcell-logo-300.png\",\"width\":300,\"height\":55,\"caption\":\"Rebelcell\"},\"image\":{\"@id\":\"https:\/\/www.rebel-cell.com\/de\/#\/schema\/logo\/image\/\"},\"sameAs\":[\"https:\/\/www.facebook.com\/rebelcelleu\",\"https:\/\/x.com\/rebelcellnl\",\"https:\/\/www.instagram.com\/rebelcelleurope\/?hl=nl\",\"https:\/\/www.youtube.com\/channel\/UCpySQUq4xwwtqveV1f8oiFw\"]}]}<\/script>\n<meta property=\"product:price:amount\" content=\"199.00\" \/>\n<meta property=\"product:price:currency\" content=\"EUR\" \/>\n<meta property=\"og:availability\" content=\"out of stock\" \/>\n<meta property=\"product:availability\" content=\"out of stock\" \/>\n<meta property=\"product:retailer_item_id\" content=\"7106623691700\" \/>\n<meta property=\"product:condition\" content=\"new\" \/>\n<!-- \/ Yoast SEO Premium plugin. -->","yoast_head_json":{"title":"Range Extender 12.6V13A | Rebelcell | Tragbare Energie f\u00fcr Outdoor-Aktivit\u00e4ten","description":"Range Extender 12.6V13A zum Aufladen Ihrer Rebelcell-Akkus \u201eunterwegs\u201c. Rebelcell. Tragbare Energie zum Angeln, f\u00fcr Outdoor und auf dem Wasser.","robots":{"index":"index","follow":"follow","max-snippet":"max-snippet:-1","max-image-preview":"max-image-preview:large","max-video-preview":"max-video-preview:-1"},"canonical":"https:\/\/www.rebel-cell.com\/de\/produkt\/12-6v13a-range-extender\/","og_locale":"de_DE","og_type":"article","og_title":"12.6V13A-Range Extender","og_description":"Range Extender 12.6V13A zum Aufladen Ihrer Rebelcell-Akkus \u201eunterwegs\u201c. Rebelcell. Tragbare Energie zum Angeln, f\u00fcr Outdoor und auf dem Wasser.","og_url":"https:\/\/www.rebel-cell.com\/de\/produkt\/12-6v13a-range-extender\/","og_site_name":"Rebelcell","article_publisher":"https:\/\/www.facebook.com\/rebelcelleu","article_modified_time":"2024-05-27T09:04:56+00:00","og_image":[{"width":1500,"height":1500,"url":"https:\/\/www.rebel-cell.com\/wp-content\/uploads\/RE_12V_top_side.jpg","type":"image\/jpeg"}],"twitter_card":"summary_large_image","twitter_site":"@rebelcellnl","twitter_misc":{"Preis":"&euro;199,00","Verf\u00fcgbarkeit":"ausverkauft"},"schema":{"@context":"https:\/\/schema.org","@graph":[{"@type":["WebPage","ItemPage"],"@id":"https:\/\/www.rebel-cell.com\/de\/produkt\/12-6v13a-range-extender\/","url":"https:\/\/www.rebel-cell.com\/de\/produkt\/12-6v13a-range-extender\/","name":"Range Extender 12.6V13A | Rebelcell | Tragbare Energie f\u00fcr Outdoor-Aktivit\u00e4ten","isPartOf":{"@id":"https:\/\/www.rebel-cell.com\/de\/#website"},"primaryImageOfPage":{"@id":"https:\/\/www.rebel-cell.com\/de\/produkt\/12-6v13a-range-extender\/#primaryimage"},"image":{"@id":"https:\/\/www.rebel-cell.com\/de\/produkt\/12-6v13a-range-extender\/#primaryimage"},"thumbnailUrl":"https:\/\/www.rebel-cell.com\/wp-content\/uploads\/RE_12V_top_side.jpg","datePublished":"2019-09-13T10:16:32+00:00","dateModified":"2024-05-27T09:04:56+00:00","description":"Range Extender 12.6V13A zum Aufladen Ihrer Rebelcell-Akkus \u201eunterwegs\u201c. Rebelcell. Tragbare Energie zum Angeln, f\u00fcr Outdoor und auf dem Wasser.","breadcrumb":{"@id":"https:\/\/www.rebel-cell.com\/de\/produkt\/12-6v13a-range-extender\/#breadcrumb"},"inLanguage":"de","potentialAction":[{"@type":"ReadAction","target":["https:\/\/www.rebel-cell.com\/de\/produkt\/12-6v13a-range-extender\/"]}]},{"@type":"ImageObject","inLanguage":"de","@id":"https:\/\/www.rebel-cell.com\/de\/produkt\/12-6v13a-range-extender\/#primaryimage","url":"https:\/\/www.rebel-cell.com\/wp-content\/uploads\/RE_12V_top_side.jpg","contentUrl":"https:\/\/www.rebel-cell.com\/wp-content\/uploads\/RE_12V_top_side.jpg","width":1500,"height":1500},{"@type":"BreadcrumbList","@id":"https:\/\/www.rebel-cell.com\/de\/produkt\/12-6v13a-range-extender\/#breadcrumb","itemListElement":[{"@type":"ListItem","position":1,"name":"Home","item":"https:\/\/www.rebel-cell.com\/de\/"},{"@type":"ListItem","position":2,"name":"Shop","item":"https:\/\/www.rebel-cell.com\/de\/shop\/"},{"@type":"ListItem","position":3,"name":"12.6V13A-Range Extender"}]},{"@type":"WebSite","@id":"https:\/\/www.rebel-cell.com\/de\/#website","url":"https:\/\/www.rebel-cell.com\/de\/","name":"Rebelcell","description":"Rebelcell","publisher":{"@id":"https:\/\/www.rebel-cell.com\/de\/#organization"},"potentialAction":[{"@type":"SearchAction","target":{"@type":"EntryPoint","urlTemplate":"https:\/\/www.rebel-cell.com\/de\/?s={search_term_string}"},"query-input":{"@type":"PropertyValueSpecification","valueRequired":true,"valueName":"search_term_string"}}],"inLanguage":"de"},{"@type":"Organization","@id":"https:\/\/www.rebel-cell.com\/de\/#organization","name":"Rebelcell","url":"https:\/\/www.rebel-cell.com\/de\/","logo":{"@type":"ImageObject","inLanguage":"de","@id":"https:\/\/www.rebel-cell.com\/de\/#\/schema\/logo\/image\/","url":"https:\/\/www.rebel-cell.com\/wp-content\/uploads\/rebelcell-logo-300.png","contentUrl":"https:\/\/www.rebel-cell.com\/wp-content\/uploads\/rebelcell-logo-300.png","width":300,"height":55,"caption":"Rebelcell"},"image":{"@id":"https:\/\/www.rebel-cell.com\/de\/#\/schema\/logo\/image\/"},"sameAs":["https:\/\/www.facebook.com\/rebelcelleu","https:\/\/x.com\/rebelcellnl","https:\/\/www.instagram.com\/rebelcelleurope\/?hl=nl","https:\/\/www.youtube.com\/channel\/UCpySQUq4xwwtqveV1f8oiFw"]}]},"product_price_amount":"199.00","product_price_currency":"EUR","og_availability":"out of stock","product_availability":"out of stock","product_retailer_item_id":"7106623691700","product_condition":"new"},"_links":{"self":[{"href":"https:\/\/www.rebel-cell.com\/de\/wp-json\/wp\/v2\/product\/8223","targetHints":{"allow":["GET"]}}],"collection":[{"href":"https:\/\/www.rebel-cell.com\/de\/wp-json\/wp\/v2\/product"}],"about":[{"href":"https:\/\/www.rebel-cell.com\/de\/wp-json\/wp\/v2\/types\/product"}],"replies":[{"embeddable":true,"href":"https:\/\/www.rebel-cell.com\/de\/wp-json\/wp\/v2\/comments?post=8223"}],"wp:featuredmedia":[{"embeddable":true,"href":"https:\/\/www.rebel-cell.com\/de\/wp-json\/wp\/v2\/media\/12104"}],"wp:attachment":[{"href":"https:\/\/www.rebel-cell.com\/de\/wp-json\/wp\/v2\/media?parent=8223"}],"wp:term":[{"taxonomy":"product_brand","embeddable":true,"href":"https:\/\/www.rebel-cell.com\/de\/wp-json\/wp\/v2\/product_brand?post=8223"},{"taxonomy":"product_cat","embeddable":true,"href":"https:\/\/www.rebel-cell.com\/de\/wp-json\/wp\/v2\/product_cat?post=8223"},{"taxonomy":"product_tag","embeddable":true,"href":"https:\/\/www.rebel-cell.com\/de\/wp-json\/wp\/v2\/product_tag?post=8223"}],"curies":[{"name":"wp","href":"https:\/\/api.w.org\/{rel}","templated":true}]}}