{"id":8225,"date":"2019-09-24T11:28:08","date_gmt":"2019-09-24T11:28:08","guid":{"rendered":"https:\/\/www.rebel-cell.com\/product\/29-4v07a-range-extender\/"},"modified":"2025-11-28T21:05:30","modified_gmt":"2025-11-28T20:05:30","slug":"29-4v07a-range-extender-2","status":"publish","type":"product","link":"https:\/\/www.rebel-cell.com\/de\/produkt\/29-4v07a-range-extender-2\/","title":{"rendered":"29.4V07A Range Extender"},"content":{"rendered":"<h2>PRODUKTBESCHREIBUNG REBELCELL RANGE EXTENDER <strong>29<\/strong>.4V07A<\/h2>\n<p>Der <strong>Range Extender 29.4V07A<\/strong> ist die <strong>ideale L\u00f6sung<\/strong>, um die <strong>L\u00e4nge Ihres Angeltages zu verl\u00e4ngern<\/strong>. Der Range Extender l\u00e4dt Ihre Batterie, indem er Strom von der Lichtmaschine Ihres Au\u00dfenbordmotors bezieht. Dieses Range Extender-Modell <strong>l\u00e4sst sich aufgrund<\/strong> seiner <strong>kompakten Gr\u00f6\u00dfe<\/strong> und seines <strong>geringen Gewichts<\/strong> von nur <strong>0,6 kg<\/strong> leicht in Ihrem Boot <strong>unterbringen<\/strong>.<\/p>\n<p>Der Range Extender \u00fcberwacht kontinuierlich die Spannung der Starterbatterie, um eine unbeabsichtigte Entladung zu verhindern, begrenzt bei Bedarf den Ausgangsstrom der Lichtmaschine und liefert das richtige Ladeprofil (Spannung, Strom), um Ihre 24V AV-Akku zu laden, wodurch der Range Extender auch sicher in der Anwendung ist. Dank der <strong>eingebauten LED-Anzeige<\/strong> k\u00f6nnen Sie leicht erkennen, ob Ihr Akku geladen wird. <strong>Dieses Range Extender-Modell kann mit allen bekannten BBM-Marken<\/strong> wie Honda, Minn Kota, Mercury und Suzuki <strong>verwendet werden<\/strong>, die mit 24 V betrieben werden. Stellen Sie au\u00dferdem sicher, dass die Lichtmaschine des Au\u00dfenbordmotors eine Mindestleistung von 17A hat, sonst funktioniert der Range Extender nicht.<\/p>\n<p><strong>Hinweis:<\/strong> Dieser Range Extender (29.4V07A) ist f\u00fcr die Verwendung mit allen Rebelcell 24V Batterien geeignet. Der <a href=\"https:\/\/www.rebel-cell.com\/de\/produkt\/12-6v13a-range-extender\/\" target=\"_blank\" rel=\"noopener\">Range Extender 12.6V13A<\/a> ist f\u00fcr die Rebelcell 12V70 \/ 12V100 \/ 12V140 \/ 12V190 AV Batterie geeignet.<\/p>\n<p>Produktcode: DC24V07REPK<\/p>\n<p>Barcode: 7106623691915<\/p>\n<p>EAN: 8720964630953<\/p>\n","protected":false},"excerpt":{"rendered":"<p>Mit dem <strong>Range Extender 24.6V07A<\/strong> k\u00f6nnen Sie Ihren <strong>Angeltag verl\u00e4ngern<\/strong>, indem Sie Ihren 12V AV-Akku w\u00e4hrend des Angelns \u00fcber die Lichtmaschine Ihres (Au\u00dfenbord-)Motors wieder aufladen. Dank des kompakten Modells und des geringen Gewichts von <strong>0,6 kg<\/strong> l\u00e4sst sich der Range Extender leicht im Boot verwenden. Dar\u00fcber hinaus ist dieses Range Extender-Modell dank mehrerer Sicherheitssysteme <strong>sicher in der Anwendung<\/strong> und der Range Extender liefert auch kontinuierlich die richtige Spannung.<br \/>\n<a href=\"#proddesc\">Mehr lesen&gt;<\/a><\/p>\n<p>&nbsp;<\/p>\n<p><em><strong>Hinweis:<\/strong> Dieser Range Extender (29.4V07A) ist f\u00fcr die Verwendung mit allen Rebelcell 24V Batterien geeignet. Der <a href=\"https:\/\/www.rebel-cell.com\/de\/produkt\/12-6v13a-range-extender\/\" target=\"_blank\" rel=\"noopener\">Range Extender 12.6V13A<\/a> ist f\u00fcr die Rebelcell 12V70 \/ 12V100 \/ 12V140 \/ 12V190 AV Batterie geeignet. <\/em><\/p>\n","protected":false},"featured_media":12379,"comment_status":"open","ping_status":"closed","template":"","meta":{"_acf_changed":false},"product_brand":[],"product_cat":[1904],"product_tag":[1009,1010],"class_list":{"0":"post-8225","1":"product","2":"type-product","3":"status-publish","4":"has-post-thumbnail","6":"product_cat-ladegerate","7":"product_tag-7106623686690-de-2","8":"product_tag-7106623686799-de","9":"product_shipping_class-normal-shipment","10":"pa_fishing-karpfen","12":"first","13":"instock","14":"sale","15":"taxable","16":"shipping-taxable","17":"purchasable","18":"product-type-simple"},"bundled_by":[],"bundle_stock_status":"instock","bundle_stock_quantity":29,"bundle_virtual":false,"bundle_layout":"","bundle_add_to_cart_form_location":"","bundle_editable_in_cart":false,"bundle_sold_individually_context":"","bundle_item_grouping":"","bundle_min_size":"","bundle_max_size":"","bundle_price":[],"bundled_items":[],"bundle_sell_ids":[],"acf":[],"yoast_head":"<!-- This site is optimized with the Yoast SEO Premium plugin v27.1 (Yoast SEO v27.1.1) - https:\/\/yoast.com\/product\/yoast-seo-premium-wordpress\/ -->\n<title>Range Extender 29.4V07A | Rebelcell | Tragbare Energie f\u00fcr Outdoor-Aktivit\u00e4ten<\/title>\n<meta name=\"description\" content=\"Range Extender 29.4V07A zum Aufladen Ihres Rebelcell-Akkus \u201eunterwegs\u201c. Rebelcell. Tragbare Energie zum Angeln, f\u00fcr Outdoor und auf dem Wasser.\" \/>\n<meta name=\"robots\" content=\"index, follow, max-snippet:-1, max-image-preview:large, max-video-preview:-1\" \/>\n<link rel=\"canonical\" href=\"https:\/\/www.rebel-cell.com\/de\/produkt\/29-4v07a-range-extender-2\/\" \/>\n<meta property=\"og:locale\" content=\"de_DE\" \/>\n<meta property=\"og:type\" content=\"article\" \/>\n<meta property=\"og:title\" content=\"29.4V07A Range Extender\" \/>\n<meta property=\"og:description\" content=\"Range Extender 29.4V07A zum Aufladen Ihres Rebelcell-Akkus \u201eunterwegs\u201c. Rebelcell. Tragbare Energie zum Angeln, f\u00fcr Outdoor und auf dem Wasser.\" \/>\n<meta property=\"og:url\" content=\"https:\/\/www.rebel-cell.com\/de\/produkt\/29-4v07a-range-extender-2\/\" \/>\n<meta property=\"og:site_name\" content=\"Rebelcell\" \/>\n<meta property=\"article:publisher\" content=\"https:\/\/www.facebook.com\/rebelcelleu\" \/>\n<meta property=\"article:modified_time\" content=\"2025-11-28T20:05:30+00:00\" \/>\n<meta property=\"og:image\" content=\"https:\/\/www.rebel-cell.com\/wp-content\/uploads\/RE_29V_top_side.jpg\" \/>\n\t<meta property=\"og:image:width\" content=\"1500\" \/>\n\t<meta property=\"og:image:height\" content=\"1500\" \/>\n\t<meta property=\"og:image:type\" content=\"image\/jpeg\" \/>\n<meta name=\"twitter:card\" content=\"summary_large_image\" \/>\n<meta name=\"twitter:site\" content=\"@rebelcellnl\" \/>\n<meta name=\"twitter:label1\" content=\"Preis\" \/>\n\t<meta name=\"twitter:data1\" content=\"&euro;299,00\" \/>\n\t<meta name=\"twitter:label2\" content=\"Verf\u00fcgbarkeit\" \/>\n\t<meta name=\"twitter:data2\" content=\"Auf Lager\" \/>\n<script type=\"application\/ld+json\" class=\"yoast-schema-graph\">{\"@context\":\"https:\/\/schema.org\",\"@graph\":[{\"@type\":[\"WebPage\",\"ItemPage\"],\"@id\":\"https:\/\/www.rebel-cell.com\/de\/produkt\/29-4v07a-range-extender-2\/\",\"url\":\"https:\/\/www.rebel-cell.com\/de\/produkt\/29-4v07a-range-extender-2\/\",\"name\":\"Range Extender 29.4V07A | Rebelcell | Tragbare Energie f\u00fcr Outdoor-Aktivit\u00e4ten\",\"isPartOf\":{\"@id\":\"https:\/\/www.rebel-cell.com\/de\/#website\"},\"primaryImageOfPage\":{\"@id\":\"https:\/\/www.rebel-cell.com\/de\/produkt\/29-4v07a-range-extender-2\/#primaryimage\"},\"image\":{\"@id\":\"https:\/\/www.rebel-cell.com\/de\/produkt\/29-4v07a-range-extender-2\/#primaryimage\"},\"thumbnailUrl\":\"https:\/\/www.rebel-cell.com\/wp-content\/uploads\/RE_29V_top_side.jpg\",\"datePublished\":\"2019-09-24T11:28:08+00:00\",\"dateModified\":\"2025-11-28T20:05:30+00:00\",\"description\":\"Range Extender 29.4V07A zum Aufladen Ihres Rebelcell-Akkus \u201eunterwegs\u201c. Rebelcell. Tragbare Energie zum Angeln, f\u00fcr Outdoor und auf dem Wasser.\",\"breadcrumb\":{\"@id\":\"https:\/\/www.rebel-cell.com\/de\/produkt\/29-4v07a-range-extender-2\/#breadcrumb\"},\"inLanguage\":\"de\",\"potentialAction\":[{\"@type\":\"ReadAction\",\"target\":[\"https:\/\/www.rebel-cell.com\/de\/produkt\/29-4v07a-range-extender-2\/\"]}]},{\"@type\":\"ImageObject\",\"inLanguage\":\"de\",\"@id\":\"https:\/\/www.rebel-cell.com\/de\/produkt\/29-4v07a-range-extender-2\/#primaryimage\",\"url\":\"https:\/\/www.rebel-cell.com\/wp-content\/uploads\/RE_29V_top_side.jpg\",\"contentUrl\":\"https:\/\/www.rebel-cell.com\/wp-content\/uploads\/RE_29V_top_side.jpg\",\"width\":1500,\"height\":1500},{\"@type\":\"BreadcrumbList\",\"@id\":\"https:\/\/www.rebel-cell.com\/de\/produkt\/29-4v07a-range-extender-2\/#breadcrumb\",\"itemListElement\":[{\"@type\":\"ListItem\",\"position\":1,\"name\":\"Home\",\"item\":\"https:\/\/www.rebel-cell.com\/de\/\"},{\"@type\":\"ListItem\",\"position\":2,\"name\":\"Shop\",\"item\":\"https:\/\/www.rebel-cell.com\/de\/shop\/\"},{\"@type\":\"ListItem\",\"position\":3,\"name\":\"29.4V07A Range Extender\"}]},{\"@type\":\"WebSite\",\"@id\":\"https:\/\/www.rebel-cell.com\/de\/#website\",\"url\":\"https:\/\/www.rebel-cell.com\/de\/\",\"name\":\"Rebelcell\",\"description\":\"Rebelcell\",\"publisher\":{\"@id\":\"https:\/\/www.rebel-cell.com\/de\/#organization\"},\"potentialAction\":[{\"@type\":\"SearchAction\",\"target\":{\"@type\":\"EntryPoint\",\"urlTemplate\":\"https:\/\/www.rebel-cell.com\/de\/?s={search_term_string}\"},\"query-input\":{\"@type\":\"PropertyValueSpecification\",\"valueRequired\":true,\"valueName\":\"search_term_string\"}}],\"inLanguage\":\"de\"},{\"@type\":\"Organization\",\"@id\":\"https:\/\/www.rebel-cell.com\/de\/#organization\",\"name\":\"Rebelcell\",\"url\":\"https:\/\/www.rebel-cell.com\/de\/\",\"logo\":{\"@type\":\"ImageObject\",\"inLanguage\":\"de\",\"@id\":\"https:\/\/www.rebel-cell.com\/de\/#\/schema\/logo\/image\/\",\"url\":\"https:\/\/www.rebel-cell.com\/wp-content\/uploads\/rebelcell-logo-300.png\",\"contentUrl\":\"https:\/\/www.rebel-cell.com\/wp-content\/uploads\/rebelcell-logo-300.png\",\"width\":300,\"height\":55,\"caption\":\"Rebelcell\"},\"image\":{\"@id\":\"https:\/\/www.rebel-cell.com\/de\/#\/schema\/logo\/image\/\"},\"sameAs\":[\"https:\/\/www.facebook.com\/rebelcelleu\",\"https:\/\/x.com\/rebelcellnl\",\"https:\/\/www.instagram.com\/rebelcelleurope\/?hl=nl\",\"https:\/\/www.youtube.com\/channel\/UCpySQUq4xwwtqveV1f8oiFw\"]}]}<\/script>\n<meta property=\"product:price:amount\" content=\"299.00\" \/>\n<meta property=\"product:price:currency\" content=\"EUR\" \/>\n<meta property=\"og:availability\" content=\"instock\" \/>\n<meta property=\"product:availability\" content=\"instock\" \/>\n<meta property=\"product:retailer_item_id\" content=\"7106623691915\" \/>\n<meta property=\"product:condition\" content=\"new\" \/>\n<!-- \/ Yoast SEO Premium plugin. -->","yoast_head_json":{"title":"Range Extender 29.4V07A | Rebelcell | Tragbare Energie f\u00fcr Outdoor-Aktivit\u00e4ten","description":"Range Extender 29.4V07A zum Aufladen Ihres Rebelcell-Akkus \u201eunterwegs\u201c. Rebelcell. Tragbare Energie zum Angeln, f\u00fcr Outdoor und auf dem Wasser.","robots":{"index":"index","follow":"follow","max-snippet":"max-snippet:-1","max-image-preview":"max-image-preview:large","max-video-preview":"max-video-preview:-1"},"canonical":"https:\/\/www.rebel-cell.com\/de\/produkt\/29-4v07a-range-extender-2\/","og_locale":"de_DE","og_type":"article","og_title":"29.4V07A Range Extender","og_description":"Range Extender 29.4V07A zum Aufladen Ihres Rebelcell-Akkus \u201eunterwegs\u201c. Rebelcell. Tragbare Energie zum Angeln, f\u00fcr Outdoor und auf dem Wasser.","og_url":"https:\/\/www.rebel-cell.com\/de\/produkt\/29-4v07a-range-extender-2\/","og_site_name":"Rebelcell","article_publisher":"https:\/\/www.facebook.com\/rebelcelleu","article_modified_time":"2025-11-28T20:05:30+00:00","og_image":[{"width":1500,"height":1500,"url":"https:\/\/www.rebel-cell.com\/wp-content\/uploads\/RE_29V_top_side.jpg","type":"image\/jpeg"}],"twitter_card":"summary_large_image","twitter_site":"@rebelcellnl","twitter_misc":{"Preis":"&euro;299,00","Verf\u00fcgbarkeit":"Auf Lager"},"schema":{"@context":"https:\/\/schema.org","@graph":[{"@type":["WebPage","ItemPage"],"@id":"https:\/\/www.rebel-cell.com\/de\/produkt\/29-4v07a-range-extender-2\/","url":"https:\/\/www.rebel-cell.com\/de\/produkt\/29-4v07a-range-extender-2\/","name":"Range Extender 29.4V07A | Rebelcell | Tragbare Energie f\u00fcr Outdoor-Aktivit\u00e4ten","isPartOf":{"@id":"https:\/\/www.rebel-cell.com\/de\/#website"},"primaryImageOfPage":{"@id":"https:\/\/www.rebel-cell.com\/de\/produkt\/29-4v07a-range-extender-2\/#primaryimage"},"image":{"@id":"https:\/\/www.rebel-cell.com\/de\/produkt\/29-4v07a-range-extender-2\/#primaryimage"},"thumbnailUrl":"https:\/\/www.rebel-cell.com\/wp-content\/uploads\/RE_29V_top_side.jpg","datePublished":"2019-09-24T11:28:08+00:00","dateModified":"2025-11-28T20:05:30+00:00","description":"Range Extender 29.4V07A zum Aufladen Ihres Rebelcell-Akkus \u201eunterwegs\u201c. Rebelcell. Tragbare Energie zum Angeln, f\u00fcr Outdoor und auf dem Wasser.","breadcrumb":{"@id":"https:\/\/www.rebel-cell.com\/de\/produkt\/29-4v07a-range-extender-2\/#breadcrumb"},"inLanguage":"de","potentialAction":[{"@type":"ReadAction","target":["https:\/\/www.rebel-cell.com\/de\/produkt\/29-4v07a-range-extender-2\/"]}]},{"@type":"ImageObject","inLanguage":"de","@id":"https:\/\/www.rebel-cell.com\/de\/produkt\/29-4v07a-range-extender-2\/#primaryimage","url":"https:\/\/www.rebel-cell.com\/wp-content\/uploads\/RE_29V_top_side.jpg","contentUrl":"https:\/\/www.rebel-cell.com\/wp-content\/uploads\/RE_29V_top_side.jpg","width":1500,"height":1500},{"@type":"BreadcrumbList","@id":"https:\/\/www.rebel-cell.com\/de\/produkt\/29-4v07a-range-extender-2\/#breadcrumb","itemListElement":[{"@type":"ListItem","position":1,"name":"Home","item":"https:\/\/www.rebel-cell.com\/de\/"},{"@type":"ListItem","position":2,"name":"Shop","item":"https:\/\/www.rebel-cell.com\/de\/shop\/"},{"@type":"ListItem","position":3,"name":"29.4V07A Range Extender"}]},{"@type":"WebSite","@id":"https:\/\/www.rebel-cell.com\/de\/#website","url":"https:\/\/www.rebel-cell.com\/de\/","name":"Rebelcell","description":"Rebelcell","publisher":{"@id":"https:\/\/www.rebel-cell.com\/de\/#organization"},"potentialAction":[{"@type":"SearchAction","target":{"@type":"EntryPoint","urlTemplate":"https:\/\/www.rebel-cell.com\/de\/?s={search_term_string}"},"query-input":{"@type":"PropertyValueSpecification","valueRequired":true,"valueName":"search_term_string"}}],"inLanguage":"de"},{"@type":"Organization","@id":"https:\/\/www.rebel-cell.com\/de\/#organization","name":"Rebelcell","url":"https:\/\/www.rebel-cell.com\/de\/","logo":{"@type":"ImageObject","inLanguage":"de","@id":"https:\/\/www.rebel-cell.com\/de\/#\/schema\/logo\/image\/","url":"https:\/\/www.rebel-cell.com\/wp-content\/uploads\/rebelcell-logo-300.png","contentUrl":"https:\/\/www.rebel-cell.com\/wp-content\/uploads\/rebelcell-logo-300.png","width":300,"height":55,"caption":"Rebelcell"},"image":{"@id":"https:\/\/www.rebel-cell.com\/de\/#\/schema\/logo\/image\/"},"sameAs":["https:\/\/www.facebook.com\/rebelcelleu","https:\/\/x.com\/rebelcellnl","https:\/\/www.instagram.com\/rebelcelleurope\/?hl=nl","https:\/\/www.youtube.com\/channel\/UCpySQUq4xwwtqveV1f8oiFw"]}]},"product_price_amount":"299.00","product_price_currency":"EUR","og_availability":"instock","product_availability":"instock","product_retailer_item_id":"7106623691915","product_condition":"new"},"_links":{"self":[{"href":"https:\/\/www.rebel-cell.com\/de\/wp-json\/wp\/v2\/product\/8225","targetHints":{"allow":["GET"]}}],"collection":[{"href":"https:\/\/www.rebel-cell.com\/de\/wp-json\/wp\/v2\/product"}],"about":[{"href":"https:\/\/www.rebel-cell.com\/de\/wp-json\/wp\/v2\/types\/product"}],"replies":[{"embeddable":true,"href":"https:\/\/www.rebel-cell.com\/de\/wp-json\/wp\/v2\/comments?post=8225"}],"wp:featuredmedia":[{"embeddable":true,"href":"https:\/\/www.rebel-cell.com\/de\/wp-json\/wp\/v2\/media\/12379"}],"wp:attachment":[{"href":"https:\/\/www.rebel-cell.com\/de\/wp-json\/wp\/v2\/media?parent=8225"}],"wp:term":[{"taxonomy":"product_brand","embeddable":true,"href":"https:\/\/www.rebel-cell.com\/de\/wp-json\/wp\/v2\/product_brand?post=8225"},{"taxonomy":"product_cat","embeddable":true,"href":"https:\/\/www.rebel-cell.com\/de\/wp-json\/wp\/v2\/product_cat?post=8225"},{"taxonomy":"product_tag","embeddable":true,"href":"https:\/\/www.rebel-cell.com\/de\/wp-json\/wp\/v2\/product_tag?post=8225"}],"curies":[{"name":"wp","href":"https:\/\/api.w.org\/{rel}","templated":true}]}}