{"id":8251,"date":"2019-09-12T11:02:31","date_gmt":"2019-09-12T09:02:31","guid":{"rendered":"https:\/\/www.rebel-cell.com\/product\/126v20a-nmc-ladegeraet-fuer-outdoorbox\/"},"modified":"2025-06-18T15:04:16","modified_gmt":"2025-06-18T13:04:16","slug":"12-6v20a-nmc-charger-outdoorbox-2","status":"publish","type":"product","link":"https:\/\/www.rebel-cell.com\/de\/produkt\/12-6v20a-nmc-charger-outdoorbox-2\/","title":{"rendered":"12.6V20A Lithium-Ladeger\u00e4t f\u00fcr Outdoorbox"},"content":{"rendered":"<h2>PRODUKTBESCHREIBUNG REBELCELL 12.6V20A LITHIUM-LADEGER\u00c4T F\u00dcR OUTDOORBOX<\/h2>\n<p>Das <strong>12.6V20A Lithium-Ladeger\u00e4t f\u00fcr Outdoorbox <\/strong>wurde <strong>speziell entwickelt<\/strong>, um damit eine 12V AV Rebelcell Outdoorbox zu laden. Das <strong>eigens entwickelte<\/strong> Ladeprogramm stellt sicher, dass die Outdoorbox <strong>schnell, sicher und automatisch<\/strong> mit dem richtigen Ladeprofil (Spannung\/Ladestrom) geladen wird. Zum Beispiel kann eine 12.70 AV Outdoorbox <strong>binnen 5 Stunden<\/strong> geladen werden.<\/p>\n<p>Der Ladeprozess kann ganz einfach mittels der <strong>LED-Anzeige<\/strong> auf dem Display \u00fcberwacht werden. Das Ladeger\u00e4t verf\u00fcgt \u00fcber eine <strong>Reihe von Schutzfunktionen<\/strong>, wie zum Beispiel einen Schutz vor Kurzschluss, Verpolung und \u00dcberspannung.<\/p>\n<p>Das Ladeger\u00e4t ist speziell zum Laden einer <strong>Rebelcell 12V AV Outdoorbox.<\/strong> Falls damit andere Outdoorboxen geladen werden als vorgesehen, k\u00f6nnen (irreparable) Sch\u00e4den die Folge sein und entstehen. Das Ladeger\u00e4t ist nur f\u00fcr den, Einsatz in geschlossenen R\u00e4umen (Indoor) geeignet und nicht wasserdicht. Sollten Sie ein Ladeger\u00e4t f\u00fcr den dauerhaften Einbau im Boot ben\u00f6tigen, schauen Sie bitte bei unseren wasserdichten Ladeger\u00e4ten <a href=\"https:\/\/www.rebel-cell.com\/de\/produkt\/12-6v20a-nmc-charger-wasserdicht-outdoorbox\/\" target=\"_blank\" rel=\"noopener\">hier<\/a>. Mehr Informationen zu unseren Ladeger\u00e4ten auf unserer Seite: &#8222;<a href=\"https:\/\/www.rebel-cell.com\/de\/grundlagenwissen\/akku-verwenden\/\" target=\"_blank\" rel=\"noopener\">Grundlagenwissen<\/a>&#8222;.<\/p>\n<p><strong>Ladezeiten<br \/>\n<\/strong><strong>Outdoorbox 12.50 AV:<\/strong> 3-4 Std.<br \/>\n<strong>Outdoorbox 12.70 AV:<\/strong> 4-5 Std.<\/p>\n<p>Produktcode: LC12V20REAVB<\/p>\n<p>Barcode: 7106623692752<\/p>\n<p>EAN: 8720964630526<\/p>\n","protected":false},"excerpt":{"rendered":"<p>Das <strong>12.6V20A Lithium-Ladeger\u00e4t f\u00fcr Outdoorbox <\/strong>wurde <strong>speziell entwickelt<\/strong>, um damit eine 12V AV Rebelcell Outdoorbox zu laden. Das <strong>eigens entwickelte<\/strong> Ladeprogramm stellt sicher, dass die Outdoorbox <strong>schnell, sicher und automatisch<\/strong> mit dem richtigen Ladeprofil (Spannung\/Ladestrom) geladen wird. Zum Beispiel kann eine 12.70 AV Outdoorbox <strong>binnen 5 Stunden<\/strong> geladen werden.<br \/>\n<a href=\"#proddesc\">Mehr lesen&gt;<\/a><\/p>\n","protected":false},"featured_media":9159,"comment_status":"open","ping_status":"closed","template":"","meta":{"_acf_changed":false},"product_brand":[],"product_cat":[1904,4444],"product_tag":[1015,1104],"class_list":{"0":"post-8251","1":"product","2":"type-product","3":"status-publish","4":"has-post-thumbnail","6":"product_cat-ladegerate","7":"product_cat-batterieladegerate-ac","8":"product_tag-7106623688663-de","9":"product_tag-7106623692813-de","10":"product_shipping_class-normal-shipment","11":"pa_fishing-andere-anwendungen","12":"pa_fishing-elektrisch-fahren","13":"pa_fishing-karpfen","14":"pa_fishing-raubfisch","16":"first","17":"instock","18":"taxable","19":"shipping-taxable","20":"purchasable","21":"product-type-simple"},"bundled_by":[],"bundle_stock_status":"instock","bundle_stock_quantity":131,"bundle_virtual":false,"bundle_layout":"","bundle_add_to_cart_form_location":"","bundle_editable_in_cart":false,"bundle_sold_individually_context":"","bundle_item_grouping":"","bundle_min_size":"","bundle_max_size":"","bundle_price":[],"bundled_items":[],"bundle_sell_ids":[],"acf":[],"yoast_head":"<!-- This site is optimized with the Yoast SEO Premium plugin v27.1 (Yoast SEO v27.1.1) - https:\/\/yoast.com\/product\/yoast-seo-premium-wordpress\/ -->\n<title>Ladeger\u00e4t 12.6V20A ODB | Rebelcell | Tragbare Energie f\u00fcr Outdoor-Aktivit\u00e4ten<\/title>\n<meta name=\"description\" content=\"Leistungsstarkes 12,6V20A-NMC-Ladeger\u00e4t. Sicheres und schnelles Aufladen der 12V70 AV-Li-Ion-Outdoorbox. Rebelcell. Tragbare Energie zum Angeln, f\u00fcr Outdoor und auf dem Wasser.\" \/>\n<meta name=\"robots\" content=\"index, follow, max-snippet:-1, max-image-preview:large, max-video-preview:-1\" \/>\n<link rel=\"canonical\" href=\"https:\/\/www.rebel-cell.com\/de\/produkt\/12-6v20a-nmc-charger-outdoorbox-2\/\" \/>\n<meta property=\"og:locale\" content=\"de_DE\" \/>\n<meta property=\"og:type\" content=\"article\" \/>\n<meta property=\"og:title\" content=\"12.6V20A Lithium-Ladeger\u00e4t f\u00fcr Outdoorbox\" \/>\n<meta property=\"og:description\" content=\"Leistungsstarkes 12,6V20A-NMC-Ladeger\u00e4t. Sicheres und schnelles Aufladen der 12V70 AV-Li-Ion-Outdoorbox. Rebelcell. Tragbare Energie zum Angeln, f\u00fcr Outdoor und auf dem Wasser.\" \/>\n<meta property=\"og:url\" content=\"https:\/\/www.rebel-cell.com\/de\/produkt\/12-6v20a-nmc-charger-outdoorbox-2\/\" \/>\n<meta property=\"og:site_name\" content=\"Rebelcell\" \/>\n<meta property=\"article:publisher\" content=\"https:\/\/www.facebook.com\/rebelcelleu\" \/>\n<meta property=\"article:modified_time\" content=\"2025-06-18T13:04:16+00:00\" \/>\n<meta property=\"og:image\" content=\"https:\/\/www.rebel-cell.com\/wp-content\/uploads\/Charger_12.6V20A_top_side_ANEN_blue.jpg\" \/>\n\t<meta property=\"og:image:width\" content=\"1700\" \/>\n\t<meta property=\"og:image:height\" content=\"1700\" \/>\n\t<meta property=\"og:image:type\" content=\"image\/jpeg\" \/>\n<meta name=\"twitter:card\" content=\"summary_large_image\" \/>\n<meta name=\"twitter:site\" content=\"@rebelcellnl\" \/>\n<meta name=\"twitter:label1\" content=\"Preis\" \/>\n\t<meta name=\"twitter:data1\" content=\"&euro;179,00\" \/>\n\t<meta name=\"twitter:label2\" content=\"Verf\u00fcgbarkeit\" \/>\n\t<meta name=\"twitter:data2\" content=\"Auf Lager\" \/>\n<script type=\"application\/ld+json\" class=\"yoast-schema-graph\">{\"@context\":\"https:\/\/schema.org\",\"@graph\":[{\"@type\":[\"WebPage\",\"ItemPage\"],\"@id\":\"https:\/\/www.rebel-cell.com\/de\/produkt\/12-6v20a-nmc-charger-outdoorbox-2\/\",\"url\":\"https:\/\/www.rebel-cell.com\/de\/produkt\/12-6v20a-nmc-charger-outdoorbox-2\/\",\"name\":\"Ladeger\u00e4t 12.6V20A ODB | Rebelcell | Tragbare Energie f\u00fcr Outdoor-Aktivit\u00e4ten\",\"isPartOf\":{\"@id\":\"https:\/\/www.rebel-cell.com\/de\/#website\"},\"primaryImageOfPage\":{\"@id\":\"https:\/\/www.rebel-cell.com\/de\/produkt\/12-6v20a-nmc-charger-outdoorbox-2\/#primaryimage\"},\"image\":{\"@id\":\"https:\/\/www.rebel-cell.com\/de\/produkt\/12-6v20a-nmc-charger-outdoorbox-2\/#primaryimage\"},\"thumbnailUrl\":\"https:\/\/www.rebel-cell.com\/wp-content\/uploads\/Charger_12.6V20A_top_side_ANEN_blue.jpg\",\"datePublished\":\"2019-09-12T09:02:31+00:00\",\"dateModified\":\"2025-06-18T13:04:16+00:00\",\"description\":\"Leistungsstarkes 12,6V20A-NMC-Ladeger\u00e4t. Sicheres und schnelles Aufladen der 12V70 AV-Li-Ion-Outdoorbox. Rebelcell. Tragbare Energie zum Angeln, f\u00fcr Outdoor und auf dem Wasser.\",\"breadcrumb\":{\"@id\":\"https:\/\/www.rebel-cell.com\/de\/produkt\/12-6v20a-nmc-charger-outdoorbox-2\/#breadcrumb\"},\"inLanguage\":\"de\",\"potentialAction\":[{\"@type\":\"ReadAction\",\"target\":[\"https:\/\/www.rebel-cell.com\/de\/produkt\/12-6v20a-nmc-charger-outdoorbox-2\/\"]}]},{\"@type\":\"ImageObject\",\"inLanguage\":\"de\",\"@id\":\"https:\/\/www.rebel-cell.com\/de\/produkt\/12-6v20a-nmc-charger-outdoorbox-2\/#primaryimage\",\"url\":\"https:\/\/www.rebel-cell.com\/wp-content\/uploads\/Charger_12.6V20A_top_side_ANEN_blue.jpg\",\"contentUrl\":\"https:\/\/www.rebel-cell.com\/wp-content\/uploads\/Charger_12.6V20A_top_side_ANEN_blue.jpg\",\"width\":1700,\"height\":1700},{\"@type\":\"BreadcrumbList\",\"@id\":\"https:\/\/www.rebel-cell.com\/de\/produkt\/12-6v20a-nmc-charger-outdoorbox-2\/#breadcrumb\",\"itemListElement\":[{\"@type\":\"ListItem\",\"position\":1,\"name\":\"Home\",\"item\":\"https:\/\/www.rebel-cell.com\/de\/\"},{\"@type\":\"ListItem\",\"position\":2,\"name\":\"Shop\",\"item\":\"https:\/\/www.rebel-cell.com\/de\/shop\/\"},{\"@type\":\"ListItem\",\"position\":3,\"name\":\"12.6V20A Lithium-Ladeger\u00e4t f\u00fcr Outdoorbox\"}]},{\"@type\":\"WebSite\",\"@id\":\"https:\/\/www.rebel-cell.com\/de\/#website\",\"url\":\"https:\/\/www.rebel-cell.com\/de\/\",\"name\":\"Rebelcell\",\"description\":\"Rebelcell\",\"publisher\":{\"@id\":\"https:\/\/www.rebel-cell.com\/de\/#organization\"},\"potentialAction\":[{\"@type\":\"SearchAction\",\"target\":{\"@type\":\"EntryPoint\",\"urlTemplate\":\"https:\/\/www.rebel-cell.com\/de\/?s={search_term_string}\"},\"query-input\":{\"@type\":\"PropertyValueSpecification\",\"valueRequired\":true,\"valueName\":\"search_term_string\"}}],\"inLanguage\":\"de\"},{\"@type\":\"Organization\",\"@id\":\"https:\/\/www.rebel-cell.com\/de\/#organization\",\"name\":\"Rebelcell\",\"url\":\"https:\/\/www.rebel-cell.com\/de\/\",\"logo\":{\"@type\":\"ImageObject\",\"inLanguage\":\"de\",\"@id\":\"https:\/\/www.rebel-cell.com\/de\/#\/schema\/logo\/image\/\",\"url\":\"https:\/\/www.rebel-cell.com\/wp-content\/uploads\/rebelcell-logo-300.png\",\"contentUrl\":\"https:\/\/www.rebel-cell.com\/wp-content\/uploads\/rebelcell-logo-300.png\",\"width\":300,\"height\":55,\"caption\":\"Rebelcell\"},\"image\":{\"@id\":\"https:\/\/www.rebel-cell.com\/de\/#\/schema\/logo\/image\/\"},\"sameAs\":[\"https:\/\/www.facebook.com\/rebelcelleu\",\"https:\/\/x.com\/rebelcellnl\",\"https:\/\/www.instagram.com\/rebelcelleurope\/?hl=nl\",\"https:\/\/www.youtube.com\/channel\/UCpySQUq4xwwtqveV1f8oiFw\"]}]}<\/script>\n<meta property=\"product:price:amount\" content=\"179.00\" \/>\n<meta property=\"product:price:currency\" content=\"EUR\" \/>\n<meta property=\"og:availability\" content=\"instock\" \/>\n<meta property=\"product:availability\" content=\"instock\" \/>\n<meta property=\"product:retailer_item_id\" content=\"7106623692752\" \/>\n<meta property=\"product:condition\" content=\"new\" \/>\n<!-- \/ Yoast SEO Premium plugin. -->","yoast_head_json":{"title":"Ladeger\u00e4t 12.6V20A ODB | Rebelcell | Tragbare Energie f\u00fcr Outdoor-Aktivit\u00e4ten","description":"Leistungsstarkes 12,6V20A-NMC-Ladeger\u00e4t. Sicheres und schnelles Aufladen der 12V70 AV-Li-Ion-Outdoorbox. Rebelcell. Tragbare Energie zum Angeln, f\u00fcr Outdoor und auf dem Wasser.","robots":{"index":"index","follow":"follow","max-snippet":"max-snippet:-1","max-image-preview":"max-image-preview:large","max-video-preview":"max-video-preview:-1"},"canonical":"https:\/\/www.rebel-cell.com\/de\/produkt\/12-6v20a-nmc-charger-outdoorbox-2\/","og_locale":"de_DE","og_type":"article","og_title":"12.6V20A Lithium-Ladeger\u00e4t f\u00fcr Outdoorbox","og_description":"Leistungsstarkes 12,6V20A-NMC-Ladeger\u00e4t. Sicheres und schnelles Aufladen der 12V70 AV-Li-Ion-Outdoorbox. Rebelcell. Tragbare Energie zum Angeln, f\u00fcr Outdoor und auf dem Wasser.","og_url":"https:\/\/www.rebel-cell.com\/de\/produkt\/12-6v20a-nmc-charger-outdoorbox-2\/","og_site_name":"Rebelcell","article_publisher":"https:\/\/www.facebook.com\/rebelcelleu","article_modified_time":"2025-06-18T13:04:16+00:00","og_image":[{"width":1700,"height":1700,"url":"https:\/\/www.rebel-cell.com\/wp-content\/uploads\/Charger_12.6V20A_top_side_ANEN_blue.jpg","type":"image\/jpeg"}],"twitter_card":"summary_large_image","twitter_site":"@rebelcellnl","twitter_misc":{"Preis":"&euro;179,00","Verf\u00fcgbarkeit":"Auf Lager"},"schema":{"@context":"https:\/\/schema.org","@graph":[{"@type":["WebPage","ItemPage"],"@id":"https:\/\/www.rebel-cell.com\/de\/produkt\/12-6v20a-nmc-charger-outdoorbox-2\/","url":"https:\/\/www.rebel-cell.com\/de\/produkt\/12-6v20a-nmc-charger-outdoorbox-2\/","name":"Ladeger\u00e4t 12.6V20A ODB | Rebelcell | Tragbare Energie f\u00fcr Outdoor-Aktivit\u00e4ten","isPartOf":{"@id":"https:\/\/www.rebel-cell.com\/de\/#website"},"primaryImageOfPage":{"@id":"https:\/\/www.rebel-cell.com\/de\/produkt\/12-6v20a-nmc-charger-outdoorbox-2\/#primaryimage"},"image":{"@id":"https:\/\/www.rebel-cell.com\/de\/produkt\/12-6v20a-nmc-charger-outdoorbox-2\/#primaryimage"},"thumbnailUrl":"https:\/\/www.rebel-cell.com\/wp-content\/uploads\/Charger_12.6V20A_top_side_ANEN_blue.jpg","datePublished":"2019-09-12T09:02:31+00:00","dateModified":"2025-06-18T13:04:16+00:00","description":"Leistungsstarkes 12,6V20A-NMC-Ladeger\u00e4t. Sicheres und schnelles Aufladen der 12V70 AV-Li-Ion-Outdoorbox. Rebelcell. Tragbare Energie zum Angeln, f\u00fcr Outdoor und auf dem Wasser.","breadcrumb":{"@id":"https:\/\/www.rebel-cell.com\/de\/produkt\/12-6v20a-nmc-charger-outdoorbox-2\/#breadcrumb"},"inLanguage":"de","potentialAction":[{"@type":"ReadAction","target":["https:\/\/www.rebel-cell.com\/de\/produkt\/12-6v20a-nmc-charger-outdoorbox-2\/"]}]},{"@type":"ImageObject","inLanguage":"de","@id":"https:\/\/www.rebel-cell.com\/de\/produkt\/12-6v20a-nmc-charger-outdoorbox-2\/#primaryimage","url":"https:\/\/www.rebel-cell.com\/wp-content\/uploads\/Charger_12.6V20A_top_side_ANEN_blue.jpg","contentUrl":"https:\/\/www.rebel-cell.com\/wp-content\/uploads\/Charger_12.6V20A_top_side_ANEN_blue.jpg","width":1700,"height":1700},{"@type":"BreadcrumbList","@id":"https:\/\/www.rebel-cell.com\/de\/produkt\/12-6v20a-nmc-charger-outdoorbox-2\/#breadcrumb","itemListElement":[{"@type":"ListItem","position":1,"name":"Home","item":"https:\/\/www.rebel-cell.com\/de\/"},{"@type":"ListItem","position":2,"name":"Shop","item":"https:\/\/www.rebel-cell.com\/de\/shop\/"},{"@type":"ListItem","position":3,"name":"12.6V20A Lithium-Ladeger\u00e4t f\u00fcr Outdoorbox"}]},{"@type":"WebSite","@id":"https:\/\/www.rebel-cell.com\/de\/#website","url":"https:\/\/www.rebel-cell.com\/de\/","name":"Rebelcell","description":"Rebelcell","publisher":{"@id":"https:\/\/www.rebel-cell.com\/de\/#organization"},"potentialAction":[{"@type":"SearchAction","target":{"@type":"EntryPoint","urlTemplate":"https:\/\/www.rebel-cell.com\/de\/?s={search_term_string}"},"query-input":{"@type":"PropertyValueSpecification","valueRequired":true,"valueName":"search_term_string"}}],"inLanguage":"de"},{"@type":"Organization","@id":"https:\/\/www.rebel-cell.com\/de\/#organization","name":"Rebelcell","url":"https:\/\/www.rebel-cell.com\/de\/","logo":{"@type":"ImageObject","inLanguage":"de","@id":"https:\/\/www.rebel-cell.com\/de\/#\/schema\/logo\/image\/","url":"https:\/\/www.rebel-cell.com\/wp-content\/uploads\/rebelcell-logo-300.png","contentUrl":"https:\/\/www.rebel-cell.com\/wp-content\/uploads\/rebelcell-logo-300.png","width":300,"height":55,"caption":"Rebelcell"},"image":{"@id":"https:\/\/www.rebel-cell.com\/de\/#\/schema\/logo\/image\/"},"sameAs":["https:\/\/www.facebook.com\/rebelcelleu","https:\/\/x.com\/rebelcellnl","https:\/\/www.instagram.com\/rebelcelleurope\/?hl=nl","https:\/\/www.youtube.com\/channel\/UCpySQUq4xwwtqveV1f8oiFw"]}]},"product_price_amount":"179.00","product_price_currency":"EUR","og_availability":"instock","product_availability":"instock","product_retailer_item_id":"7106623692752","product_condition":"new"},"_links":{"self":[{"href":"https:\/\/www.rebel-cell.com\/de\/wp-json\/wp\/v2\/product\/8251","targetHints":{"allow":["GET"]}}],"collection":[{"href":"https:\/\/www.rebel-cell.com\/de\/wp-json\/wp\/v2\/product"}],"about":[{"href":"https:\/\/www.rebel-cell.com\/de\/wp-json\/wp\/v2\/types\/product"}],"replies":[{"embeddable":true,"href":"https:\/\/www.rebel-cell.com\/de\/wp-json\/wp\/v2\/comments?post=8251"}],"wp:featuredmedia":[{"embeddable":true,"href":"https:\/\/www.rebel-cell.com\/de\/wp-json\/wp\/v2\/media\/9159"}],"wp:attachment":[{"href":"https:\/\/www.rebel-cell.com\/de\/wp-json\/wp\/v2\/media?parent=8251"}],"wp:term":[{"taxonomy":"product_brand","embeddable":true,"href":"https:\/\/www.rebel-cell.com\/de\/wp-json\/wp\/v2\/product_brand?post=8251"},{"taxonomy":"product_cat","embeddable":true,"href":"https:\/\/www.rebel-cell.com\/de\/wp-json\/wp\/v2\/product_cat?post=8251"},{"taxonomy":"product_tag","embeddable":true,"href":"https:\/\/www.rebel-cell.com\/de\/wp-json\/wp\/v2\/product_tag?post=8251"}],"curies":[{"name":"wp","href":"https:\/\/api.w.org\/{rel}","templated":true}]}}