{"id":9128,"date":"2020-10-04T16:18:37","date_gmt":"2020-10-04T14:18:37","guid":{"rendered":"https:\/\/www.rebel-cell.com\/?post_type=product&#038;p=9128"},"modified":"2025-05-25T12:59:59","modified_gmt":"2025-05-25T10:59:59","slug":"12v-dc-stabilisator-3a-2","status":"publish","type":"product","link":"https:\/\/www.rebel-cell.com\/de\/produkt\/12v-dc-stabilisator-3a-2\/","title":{"rendered":"12V DC Stabilisator 3A"},"content":{"rendered":"<p>Produktcode: OM121236WAL<\/p>\n<p>Barcode: 7106623688021<\/p>\n<p>EAN: 8720964630113<\/p>\n","protected":false},"excerpt":{"rendered":"<p>Der <strong>12V DC Stabilisator 3A <\/strong>wandelt die Spannung aller 12V Rebelcell Akkus in eine<strong> stabile 12V Ausgangsspannung um<\/strong>. Dadurch k\u00f6nnen Sie Ihre Rebelcell-Akku mit (elektronischen) Ger\u00e4ten<strong> verwenden<\/strong>, die stabile 12 V ben\u00f6tigen oder eine andere Betriebsspannung als Ihre Batterie haben (z. B. bestimmte Tiefenmesser). Der Stabilisator kann die <strong>Betriebszeit verl\u00e4ngern<\/strong> und einen <strong>st\u00f6rungsfreien Betrieb Ihrer Ausr\u00fcstung gew\u00e4hrleisten.<\/strong><\/p>\n<p>&nbsp;<\/p>\n<p><em><strong>Hinweis:<\/strong> Dieses Modell Stabilisator (12V3A) kann nur mit Ger\u00e4ten verwendet werden, die eine Stromaufnahme von <span style=\"text-decoration: underline;\"><strong>weniger als 3A<\/strong><\/span> haben! Pr\u00fcfen Sie in unserer <a href=\"https:\/\/www.rebel-cell.com\/de\/grundlagenwissen\/akku-echolot-uebersicht\/\" target=\"_blank\" rel=\"noopener\">Grundlagenwissen<\/a>, wie viel Strom Ihr Ger\u00e4t verbraucht, oder sehen Sie im Handbuch nach. Verbraucht Ihr Ger\u00e4t 3A oder mehr? Dann ist der <a href=\"https:\/\/www.rebel-cell.com\/de\/produkt\/12v-dc-stabilisator-3a-2\/\" target=\"_blank\" rel=\"noopener\">Stabilisator 12V9A<\/a> die richtige Wahl.<\/em><\/p>\n<p>&nbsp;<\/p>\n","protected":false},"featured_media":2834,"comment_status":"open","ping_status":"closed","template":"","meta":{"_acf_changed":false},"product_brand":[],"product_cat":[1904,4448],"product_tag":[3379,3378],"class_list":{"0":"post-9128","1":"product","2":"type-product","3":"status-publish","4":"has-post-thumbnail","6":"product_cat-ladegerate","7":"product_cat-dc-dc-ladegerate","8":"product_tag-7106623691977-de","9":"product_tag-7106623692165-de","10":"product_shipping_class-normal-shipment","12":"first","13":"instock","14":"taxable","15":"shipping-taxable","16":"purchasable","17":"product-type-simple"},"bundled_by":[],"bundle_stock_status":"instock","bundle_stock_quantity":218,"bundle_virtual":false,"bundle_layout":"","bundle_add_to_cart_form_location":"","bundle_editable_in_cart":false,"bundle_sold_individually_context":"","bundle_item_grouping":"","bundle_min_size":"","bundle_max_size":"","bundle_price":[],"bundled_items":[],"bundle_sell_ids":[],"acf":[],"yoast_head":"<!-- This site is optimized with the Yoast SEO Premium plugin v27.1 (Yoast SEO v27.1.1) - https:\/\/yoast.com\/product\/yoast-seo-premium-wordpress\/ -->\n<title>12V DC Stabilisator 3A | Rebelcell | Tragbare Energie f\u00fcr Outdoor-Aktivit\u00e4ten<\/title>\n<meta name=\"description\" content=\"Wandelt die Spannung der 12V-Batterien von Rebelcell in eine stabile 12V-Ausgangsspannung um. Rebelcell. Tragbare Energie zum Angeln, im Freien und auf See.\" \/>\n<meta name=\"robots\" content=\"index, follow, max-snippet:-1, max-image-preview:large, max-video-preview:-1\" \/>\n<link rel=\"canonical\" href=\"https:\/\/www.rebel-cell.com\/de\/produkt\/12v-dc-stabilisator-3a-2\/\" \/>\n<meta property=\"og:locale\" content=\"de_DE\" \/>\n<meta property=\"og:type\" content=\"article\" \/>\n<meta property=\"og:title\" content=\"12V DC Stabilisator 3A\" \/>\n<meta property=\"og:description\" content=\"Wandelt die Spannung der 12V-Batterien von Rebelcell in eine stabile 12V-Ausgangsspannung um. Rebelcell. Tragbare Energie zum Angeln, im Freien und auf See.\" \/>\n<meta property=\"og:url\" content=\"https:\/\/www.rebel-cell.com\/de\/produkt\/12v-dc-stabilisator-3a-2\/\" \/>\n<meta property=\"og:site_name\" content=\"Rebelcell\" \/>\n<meta property=\"article:publisher\" content=\"https:\/\/www.facebook.com\/rebelcelleu\" \/>\n<meta property=\"article:modified_time\" content=\"2025-05-25T10:59:59+00:00\" \/>\n<meta property=\"og:image\" content=\"https:\/\/www.rebel-cell.com\/wp-content\/uploads\/2019\/06\/12V_DC_Stabilizer.jpg\" \/>\n\t<meta property=\"og:image:width\" content=\"1200\" \/>\n\t<meta property=\"og:image:height\" content=\"1200\" \/>\n\t<meta property=\"og:image:type\" content=\"image\/jpeg\" \/>\n<meta name=\"twitter:card\" content=\"summary_large_image\" \/>\n<meta name=\"twitter:site\" content=\"@rebelcellnl\" \/>\n<meta name=\"twitter:label1\" content=\"Preis\" \/>\n\t<meta name=\"twitter:data1\" content=\"&euro;59,50\" \/>\n\t<meta name=\"twitter:label2\" content=\"Verf\u00fcgbarkeit\" \/>\n\t<meta name=\"twitter:data2\" content=\"Auf Lager\" \/>\n<script type=\"application\/ld+json\" class=\"yoast-schema-graph\">{\"@context\":\"https:\/\/schema.org\",\"@graph\":[{\"@type\":[\"WebPage\",\"ItemPage\"],\"@id\":\"https:\/\/www.rebel-cell.com\/de\/produkt\/12v-dc-stabilisator-3a-2\/\",\"url\":\"https:\/\/www.rebel-cell.com\/de\/produkt\/12v-dc-stabilisator-3a-2\/\",\"name\":\"12V DC Stabilisator 3A | Rebelcell | Tragbare Energie f\u00fcr Outdoor-Aktivit\u00e4ten\",\"isPartOf\":{\"@id\":\"https:\/\/www.rebel-cell.com\/de\/#website\"},\"primaryImageOfPage\":{\"@id\":\"https:\/\/www.rebel-cell.com\/de\/produkt\/12v-dc-stabilisator-3a-2\/#primaryimage\"},\"image\":{\"@id\":\"https:\/\/www.rebel-cell.com\/de\/produkt\/12v-dc-stabilisator-3a-2\/#primaryimage\"},\"thumbnailUrl\":\"https:\/\/www.rebel-cell.com\/wp-content\/uploads\/2019\/06\/12V_DC_Stabilizer.jpg\",\"datePublished\":\"2020-10-04T14:18:37+00:00\",\"dateModified\":\"2025-05-25T10:59:59+00:00\",\"description\":\"Wandelt die Spannung der 12V-Batterien von Rebelcell in eine stabile 12V-Ausgangsspannung um. Rebelcell. Tragbare Energie zum Angeln, im Freien und auf See.\",\"breadcrumb\":{\"@id\":\"https:\/\/www.rebel-cell.com\/de\/produkt\/12v-dc-stabilisator-3a-2\/#breadcrumb\"},\"inLanguage\":\"de\",\"potentialAction\":[{\"@type\":\"ReadAction\",\"target\":[\"https:\/\/www.rebel-cell.com\/de\/produkt\/12v-dc-stabilisator-3a-2\/\"]}]},{\"@type\":\"ImageObject\",\"inLanguage\":\"de\",\"@id\":\"https:\/\/www.rebel-cell.com\/de\/produkt\/12v-dc-stabilisator-3a-2\/#primaryimage\",\"url\":\"https:\/\/www.rebel-cell.com\/wp-content\/uploads\/2019\/06\/12V_DC_Stabilizer.jpg\",\"contentUrl\":\"https:\/\/www.rebel-cell.com\/wp-content\/uploads\/2019\/06\/12V_DC_Stabilizer.jpg\",\"width\":1200,\"height\":1200,\"caption\":\"12 DC-Stabilisator\"},{\"@type\":\"BreadcrumbList\",\"@id\":\"https:\/\/www.rebel-cell.com\/de\/produkt\/12v-dc-stabilisator-3a-2\/#breadcrumb\",\"itemListElement\":[{\"@type\":\"ListItem\",\"position\":1,\"name\":\"Home\",\"item\":\"https:\/\/www.rebel-cell.com\/de\/\"},{\"@type\":\"ListItem\",\"position\":2,\"name\":\"Shop\",\"item\":\"https:\/\/www.rebel-cell.com\/de\/shop\/\"},{\"@type\":\"ListItem\",\"position\":3,\"name\":\"12V DC Stabilisator 3A\"}]},{\"@type\":\"WebSite\",\"@id\":\"https:\/\/www.rebel-cell.com\/de\/#website\",\"url\":\"https:\/\/www.rebel-cell.com\/de\/\",\"name\":\"Rebelcell\",\"description\":\"Rebelcell\",\"publisher\":{\"@id\":\"https:\/\/www.rebel-cell.com\/de\/#organization\"},\"potentialAction\":[{\"@type\":\"SearchAction\",\"target\":{\"@type\":\"EntryPoint\",\"urlTemplate\":\"https:\/\/www.rebel-cell.com\/de\/?s={search_term_string}\"},\"query-input\":{\"@type\":\"PropertyValueSpecification\",\"valueRequired\":true,\"valueName\":\"search_term_string\"}}],\"inLanguage\":\"de\"},{\"@type\":\"Organization\",\"@id\":\"https:\/\/www.rebel-cell.com\/de\/#organization\",\"name\":\"Rebelcell\",\"url\":\"https:\/\/www.rebel-cell.com\/de\/\",\"logo\":{\"@type\":\"ImageObject\",\"inLanguage\":\"de\",\"@id\":\"https:\/\/www.rebel-cell.com\/de\/#\/schema\/logo\/image\/\",\"url\":\"https:\/\/www.rebel-cell.com\/wp-content\/uploads\/rebelcell-logo-300.png\",\"contentUrl\":\"https:\/\/www.rebel-cell.com\/wp-content\/uploads\/rebelcell-logo-300.png\",\"width\":300,\"height\":55,\"caption\":\"Rebelcell\"},\"image\":{\"@id\":\"https:\/\/www.rebel-cell.com\/de\/#\/schema\/logo\/image\/\"},\"sameAs\":[\"https:\/\/www.facebook.com\/rebelcelleu\",\"https:\/\/x.com\/rebelcellnl\",\"https:\/\/www.instagram.com\/rebelcelleurope\/?hl=nl\",\"https:\/\/www.youtube.com\/channel\/UCpySQUq4xwwtqveV1f8oiFw\"]}]}<\/script>\n<meta property=\"product:price:amount\" content=\"59.50\" \/>\n<meta property=\"product:price:currency\" content=\"EUR\" \/>\n<meta property=\"og:availability\" content=\"instock\" \/>\n<meta property=\"product:availability\" content=\"instock\" \/>\n<meta property=\"product:retailer_item_id\" content=\"7106623688021\" \/>\n<meta property=\"product:condition\" content=\"new\" \/>\n<!-- \/ Yoast SEO Premium plugin. -->","yoast_head_json":{"title":"12V DC Stabilisator 3A | Rebelcell | Tragbare Energie f\u00fcr Outdoor-Aktivit\u00e4ten","description":"Wandelt die Spannung der 12V-Batterien von Rebelcell in eine stabile 12V-Ausgangsspannung um. Rebelcell. Tragbare Energie zum Angeln, im Freien und auf See.","robots":{"index":"index","follow":"follow","max-snippet":"max-snippet:-1","max-image-preview":"max-image-preview:large","max-video-preview":"max-video-preview:-1"},"canonical":"https:\/\/www.rebel-cell.com\/de\/produkt\/12v-dc-stabilisator-3a-2\/","og_locale":"de_DE","og_type":"article","og_title":"12V DC Stabilisator 3A","og_description":"Wandelt die Spannung der 12V-Batterien von Rebelcell in eine stabile 12V-Ausgangsspannung um. Rebelcell. Tragbare Energie zum Angeln, im Freien und auf See.","og_url":"https:\/\/www.rebel-cell.com\/de\/produkt\/12v-dc-stabilisator-3a-2\/","og_site_name":"Rebelcell","article_publisher":"https:\/\/www.facebook.com\/rebelcelleu","article_modified_time":"2025-05-25T10:59:59+00:00","og_image":[{"width":1200,"height":1200,"url":"https:\/\/www.rebel-cell.com\/wp-content\/uploads\/2019\/06\/12V_DC_Stabilizer.jpg","type":"image\/jpeg"}],"twitter_card":"summary_large_image","twitter_site":"@rebelcellnl","twitter_misc":{"Preis":"&euro;59,50","Verf\u00fcgbarkeit":"Auf Lager"},"schema":{"@context":"https:\/\/schema.org","@graph":[{"@type":["WebPage","ItemPage"],"@id":"https:\/\/www.rebel-cell.com\/de\/produkt\/12v-dc-stabilisator-3a-2\/","url":"https:\/\/www.rebel-cell.com\/de\/produkt\/12v-dc-stabilisator-3a-2\/","name":"12V DC Stabilisator 3A | Rebelcell | Tragbare Energie f\u00fcr Outdoor-Aktivit\u00e4ten","isPartOf":{"@id":"https:\/\/www.rebel-cell.com\/de\/#website"},"primaryImageOfPage":{"@id":"https:\/\/www.rebel-cell.com\/de\/produkt\/12v-dc-stabilisator-3a-2\/#primaryimage"},"image":{"@id":"https:\/\/www.rebel-cell.com\/de\/produkt\/12v-dc-stabilisator-3a-2\/#primaryimage"},"thumbnailUrl":"https:\/\/www.rebel-cell.com\/wp-content\/uploads\/2019\/06\/12V_DC_Stabilizer.jpg","datePublished":"2020-10-04T14:18:37+00:00","dateModified":"2025-05-25T10:59:59+00:00","description":"Wandelt die Spannung der 12V-Batterien von Rebelcell in eine stabile 12V-Ausgangsspannung um. Rebelcell. Tragbare Energie zum Angeln, im Freien und auf See.","breadcrumb":{"@id":"https:\/\/www.rebel-cell.com\/de\/produkt\/12v-dc-stabilisator-3a-2\/#breadcrumb"},"inLanguage":"de","potentialAction":[{"@type":"ReadAction","target":["https:\/\/www.rebel-cell.com\/de\/produkt\/12v-dc-stabilisator-3a-2\/"]}]},{"@type":"ImageObject","inLanguage":"de","@id":"https:\/\/www.rebel-cell.com\/de\/produkt\/12v-dc-stabilisator-3a-2\/#primaryimage","url":"https:\/\/www.rebel-cell.com\/wp-content\/uploads\/2019\/06\/12V_DC_Stabilizer.jpg","contentUrl":"https:\/\/www.rebel-cell.com\/wp-content\/uploads\/2019\/06\/12V_DC_Stabilizer.jpg","width":1200,"height":1200,"caption":"12 DC-Stabilisator"},{"@type":"BreadcrumbList","@id":"https:\/\/www.rebel-cell.com\/de\/produkt\/12v-dc-stabilisator-3a-2\/#breadcrumb","itemListElement":[{"@type":"ListItem","position":1,"name":"Home","item":"https:\/\/www.rebel-cell.com\/de\/"},{"@type":"ListItem","position":2,"name":"Shop","item":"https:\/\/www.rebel-cell.com\/de\/shop\/"},{"@type":"ListItem","position":3,"name":"12V DC Stabilisator 3A"}]},{"@type":"WebSite","@id":"https:\/\/www.rebel-cell.com\/de\/#website","url":"https:\/\/www.rebel-cell.com\/de\/","name":"Rebelcell","description":"Rebelcell","publisher":{"@id":"https:\/\/www.rebel-cell.com\/de\/#organization"},"potentialAction":[{"@type":"SearchAction","target":{"@type":"EntryPoint","urlTemplate":"https:\/\/www.rebel-cell.com\/de\/?s={search_term_string}"},"query-input":{"@type":"PropertyValueSpecification","valueRequired":true,"valueName":"search_term_string"}}],"inLanguage":"de"},{"@type":"Organization","@id":"https:\/\/www.rebel-cell.com\/de\/#organization","name":"Rebelcell","url":"https:\/\/www.rebel-cell.com\/de\/","logo":{"@type":"ImageObject","inLanguage":"de","@id":"https:\/\/www.rebel-cell.com\/de\/#\/schema\/logo\/image\/","url":"https:\/\/www.rebel-cell.com\/wp-content\/uploads\/rebelcell-logo-300.png","contentUrl":"https:\/\/www.rebel-cell.com\/wp-content\/uploads\/rebelcell-logo-300.png","width":300,"height":55,"caption":"Rebelcell"},"image":{"@id":"https:\/\/www.rebel-cell.com\/de\/#\/schema\/logo\/image\/"},"sameAs":["https:\/\/www.facebook.com\/rebelcelleu","https:\/\/x.com\/rebelcellnl","https:\/\/www.instagram.com\/rebelcelleurope\/?hl=nl","https:\/\/www.youtube.com\/channel\/UCpySQUq4xwwtqveV1f8oiFw"]}]},"product_price_amount":"59.50","product_price_currency":"EUR","og_availability":"instock","product_availability":"instock","product_retailer_item_id":"7106623688021","product_condition":"new"},"_links":{"self":[{"href":"https:\/\/www.rebel-cell.com\/de\/wp-json\/wp\/v2\/product\/9128","targetHints":{"allow":["GET"]}}],"collection":[{"href":"https:\/\/www.rebel-cell.com\/de\/wp-json\/wp\/v2\/product"}],"about":[{"href":"https:\/\/www.rebel-cell.com\/de\/wp-json\/wp\/v2\/types\/product"}],"replies":[{"embeddable":true,"href":"https:\/\/www.rebel-cell.com\/de\/wp-json\/wp\/v2\/comments?post=9128"}],"wp:featuredmedia":[{"embeddable":true,"href":"https:\/\/www.rebel-cell.com\/de\/wp-json\/wp\/v2\/media\/2834"}],"wp:attachment":[{"href":"https:\/\/www.rebel-cell.com\/de\/wp-json\/wp\/v2\/media?parent=9128"}],"wp:term":[{"taxonomy":"product_brand","embeddable":true,"href":"https:\/\/www.rebel-cell.com\/de\/wp-json\/wp\/v2\/product_brand?post=9128"},{"taxonomy":"product_cat","embeddable":true,"href":"https:\/\/www.rebel-cell.com\/de\/wp-json\/wp\/v2\/product_cat?post=9128"},{"taxonomy":"product_tag","embeddable":true,"href":"https:\/\/www.rebel-cell.com\/de\/wp-json\/wp\/v2\/product_tag?post=9128"}],"curies":[{"name":"wp","href":"https:\/\/api.w.org\/{rel}","templated":true}]}}