{"id":11970,"date":"2022-02-22T14:59:43","date_gmt":"2022-02-22T13:59:43","guid":{"rendered":"https:\/\/www.rebel-cell.com\/tu-veux-devenir-un-revendeur-rebelcell\/"},"modified":"2022-11-10T11:02:47","modified_gmt":"2022-11-10T10:02:47","slug":"devenir-un-revendeur-rebelcell","status":"publish","type":"page","link":"https:\/\/www.rebel-cell.com\/fr\/devenir-un-revendeur-rebelcell\/","title":{"rendered":"Tu veux devenir un revendeur Rebelcell ?"},"content":{"rendered":"<p>Rebelcell est \u00e0 la recherche de revendeurs qualifi\u00e9s ayant des connaissances en mati\u00e8re de p\u00eache et\/ou de navigation \u00e9lectrique. Vous \u00eates int\u00e9ress\u00e9 ? Veuillez contacter l&rsquo;un de nos partenaires de distribution. Si votre pays ne figure pas dans la liste, veuillez contacter directement <a href=\"mailto:info@www.rebel-cell.com\" target=\"_blank\" rel=\"noopener\">info@www.rebel-cell.com<\/a>.<\/p>\n<h4><strong>Benelux<\/strong><\/h4>\n<p><strong>Technautic<\/strong><br \/>\nIndustrieweg 35<br \/>\n1521 NE Wormerveer<br \/>\nPays-Bas<br \/>\nT: +31756474545<br \/>\n<a href=\"https:\/\/www.technautic.nl\/\" target=\"_blank\" rel=\"noopener\">https:\/\/www.technautic.nl\/\u00a0<\/a><br \/>\n<a class=\"link\" href=\"https:\/\/www.technautic.nl\/contact\" target=\"_top\" rel=\"noopener\">info@technautic.nl<\/a><\/p>\n<hr \/>\n<h4 class=\"tw-data-text tw-text-large tw-ta\" dir=\"ltr\" data-placeholder=\"Vertaling\"><strong><span class=\"Y2IQFc\" lang=\"fr\">Royaume-Uni \/ Irlande<\/span><\/strong><\/h4>\n<p><strong>SMG Group<br \/>\n<\/strong>22 Brest Road<br \/>\nPL6 5XP Plymouth<br \/>\nRoyaume-Uni<br \/>\nT: 01752 24 10 00<strong><br \/>\n<a href=\"https:\/\/www.smgeurope.com\/\">https:\/\/www.smgeurope.com\/<br \/>\n<\/a><a href=\"mailto:sales@smgeurope.com\">sales@smgeurope.com<\/a><\/strong><\/p>\n<hr \/>\n<h4>Su\u00e8de<\/h4>\n<p><strong>Explr Sweden AB<\/strong><br \/>\nL\u00e5sbomsgatan 3<br \/>\n58941 Link\u00f6ping<br \/>\nSu\u00e8de<br \/>\nT: +46736408696<br \/>\n<a href=\"https:\/\/www.explr.se\/\" target=\"_blank\" rel=\"noopener\">https:\/\/www.explr.se\/\u00a0<\/a><br \/>\n<a href=\"mailto:info@explr.se\">info@explr.se<\/a><\/p>\n<hr \/>\n<h4>Finlande<\/h4>\n<p><strong>OPM International<\/strong><br \/>\nNiinist\u00f6nkatu 1<br \/>\n05800 Hyvink\u00e4\u00e4<br \/>\nFinlande<br \/>\nT: + 358 (09) 279 0460<br \/>\n<a href=\"http:\/\/www.opm.fi\/\">http:\/\/www.opm.fi\/<\/a><br \/>\n<a href=\"mailto:info@opm.fi\">info@opm.fi<\/a><\/p>\n<hr \/>\n<h4>Lituanie<\/h4>\n<p><strong>\u017d\u016bkl\u0117s ekspertai UAB<br \/>\n<\/strong>Verki\u0173 g. 32<br \/>\n08233 Vilnius<br \/>\nLituanie<br \/>\nT: +370 61489900<br \/>\n<a href=\"https:\/\/www.zukles-ekspertai.lt\/\">https:\/\/www.zukles-ekspertai.lt\/<\/a><br \/>\n<a href=\"mailto:darius.segzda@gmail.com\">darius.segzda@gmail.com<\/a><\/p>\n<hr \/>\n<h4>Espagne<\/h4>\n<p><strong>Disvent Ingenieros\u00a0<\/strong><br \/>\nEquador, 77<br \/>\n08029 Bareclona<br \/>\nEspagne<br \/>\nT: +34 933636384<br \/>\n<a href=\"https:\/\/disvent.com\/\">https:\/\/disvent.com\/\u00a0<\/a><br \/>\n<a href=\"mailto:jsaez@disvent.com\">jsaez@disvent.com<\/a><\/p>\n<hr \/>\n<h4>Suisse<\/h4>\n<p><strong>Thomas Dobler Fishing<\/strong><br \/>\nSeestrasse 260<br \/>\n8810 Horgen<br \/>\nSuisse<br \/>\nT: +41788603799<br \/>\n<a href=\"mailto:th.dobler@gmail.com\">th.dobler@gmail.com<\/a><\/p>\n<hr \/>\n<h4><strong>Allemagne<\/strong><\/h4>\n<p><strong>Technik F\u00fcrs Boot<br \/>\n<\/strong>Eggertstra\u00dfe 3c<br \/>\n33100 Paderborn<br \/>\nAllemagne<br \/>\nT: <span aria-label=\"Telefoonnummer +49 5251 2987460 bellen\">+49 5251 2987460<br \/>\n<a href=\"https:\/\/www.technik-fuers-boot.de\/\">https:\/\/www.technik-fuers-boot.de\/<\/a><br \/>\n<a title=\"\" href=\"mailto:info@technik-fuers-boot.de\">info@technik-fuers-boot.de<\/a><\/span><\/p>\n<hr \/>\n<h4>Autriche<\/h4>\n<p><strong>Handelsagentur Winklinger<\/strong><br \/>\nAm S\u00fcdhang 8<br \/>\n4873 Redleiten<br \/>\nAutriche<br \/>\nT: +43 (0) 660 \/ 22 611 88<br \/>\n<a href=\"https:\/\/www.handelsagentur-winklinger.at\/\" target=\"_blank\" rel=\"noopener\">https:\/\/www.handelsagentur-winklinger.at\/<\/a><br \/>\n<a href=\"mailto:info@handelsagentur-winklinger.at\">info@handelsagentur-winklinger.at<\/a><\/p>\n<hr \/>\n<h4><span class=\"mw-page-title-main\">Tch\u00e9quie<\/span><\/h4>\n<p><strong>Boat Trade, s.r.o.<\/strong><br \/>\nSokolsk\u00e1 1046<br \/>\n27713 Kostelec nad Labem<br \/>\nTch\u00e9quie<\/p>\n<hr \/>\n<h4>Roumanie<\/h4>\n<p><strong>Tackle Shop Arena SRL<\/strong><br \/>\nStrada P\u00e2r\u00e2ul Rece 3<br \/>\n077160 Pope\u0219ti-Leordeni<br \/>\nRoumanie<br \/>\nT: +40788523010<br \/>\n<a href=\"https:\/\/www.tacklearena.com\/\" target=\"_blank\" rel=\"noopener\">https:\/\/www.tacklearena.com\/<\/a><br \/>\n<a href=\"mailto:office@tacklearena.com\">office@tacklearena.com<\/a><\/p>\n<hr \/>\n<h4>Tous les autres pays<\/h4>\n<p><strong>Rebelcell<\/strong><\/p>\n<p>Marinevliegkamp 377<br \/>\n2236 ZZ Valkenburg<br \/>\nLes Pays-Bas<br \/>\nT: +31 (0)71 7107424<br \/>\n<a href=\"https:\/\/www.rebel-cell.com\/\" target=\"_blank\" rel=\"noopener\">https:\/\/www.rebel-cell.com\/\u00a0<\/a><br \/>\n<a href=\"mailto:info@www.rebel-cell.com\" target=\"_blank\" rel=\"noopener\">info@www.rebel-cell.com\u00a0<\/a><\/p>\n","protected":false},"excerpt":{"rendered":"<p>Rebelcell est \u00e0 la recherche de revendeurs qualifi\u00e9s ayant des connaissances en mati\u00e8re de p\u00eache et\/ou de navigation \u00e9lectrique. Vous \u00eates int\u00e9ress\u00e9 ? Veuillez contacter l&rsquo;un de nos partenaires de distribution. Si votre pays ne figure pas dans la liste, veuillez contacter directement info@www.rebel-cell.com. Benelux Technautic Industrieweg 35 1521 NE Wormerveer Pays-Bas T: +31756474545 https:\/\/www.technautic.nl\/\u00a0 [&hellip;]<\/p>\n","protected":false},"author":25,"featured_media":0,"parent":0,"menu_order":23,"comment_status":"closed","ping_status":"closed","template":"page-template\/common_page.php","meta":{"_acf_changed":false,"footnotes":""},"class_list":["post-11970","page","type-page","status-publish","hentry"],"acf":[],"yoast_head":"<!-- This site is optimized with the Yoast SEO Premium plugin v27.1 (Yoast SEO v27.1.1) - https:\/\/yoast.com\/product\/yoast-seo-premium-wordpress\/ -->\n<title>Tu veux devenir un revendeur Rebelcell ? - Rebelcell<\/title>\n<meta name=\"robots\" content=\"index, follow, max-snippet:-1, max-image-preview:large, max-video-preview:-1\" \/>\n<link rel=\"canonical\" href=\"https:\/\/www.rebel-cell.com\/fr\/devenir-un-revendeur-rebelcell\/\" \/>\n<meta property=\"og:locale\" content=\"fr_FR\" \/>\n<meta property=\"og:type\" content=\"article\" \/>\n<meta property=\"og:title\" content=\"Tu veux devenir un revendeur Rebelcell ?\" \/>\n<meta property=\"og:description\" content=\"Rebelcell est \u00e0 la recherche de revendeurs qualifi\u00e9s ayant des connaissances en mati\u00e8re de p\u00eache et\/ou de navigation \u00e9lectrique. Vous \u00eates int\u00e9ress\u00e9 ? Veuillez contacter l&rsquo;un de nos partenaires de distribution. Si votre pays ne figure pas dans la liste, veuillez contacter directement info@www.rebel-cell.com. Benelux Technautic Industrieweg 35 1521 NE Wormerveer Pays-Bas T: +31756474545 https:\/\/www.technautic.nl\/\u00a0 [&hellip;]\" \/>\n<meta property=\"og:url\" content=\"https:\/\/www.rebel-cell.com\/fr\/devenir-un-revendeur-rebelcell\/\" \/>\n<meta property=\"og:site_name\" content=\"Rebelcell\" \/>\n<meta property=\"article:publisher\" content=\"https:\/\/www.facebook.com\/rebelcelleu\" \/>\n<meta property=\"article:modified_time\" content=\"2022-11-10T10:02:47+00:00\" \/>\n<meta name=\"twitter:card\" content=\"summary_large_image\" \/>\n<meta name=\"twitter:site\" content=\"@rebelcellnl\" \/>\n<meta name=\"twitter:label1\" content=\"Dur\u00e9e de lecture estim\u00e9e\" \/>\n\t<meta name=\"twitter:data1\" content=\"1 minute\" \/>\n<script type=\"application\/ld+json\" class=\"yoast-schema-graph\">{\"@context\":\"https:\/\/schema.org\",\"@graph\":[{\"@type\":\"WebPage\",\"@id\":\"https:\/\/www.rebel-cell.com\/fr\/devenir-un-revendeur-rebelcell\/\",\"url\":\"https:\/\/www.rebel-cell.com\/fr\/devenir-un-revendeur-rebelcell\/\",\"name\":\"Tu veux devenir un revendeur Rebelcell ? - Rebelcell\",\"isPartOf\":{\"@id\":\"https:\/\/www.rebel-cell.com\/fr\/#website\"},\"datePublished\":\"2022-02-22T13:59:43+00:00\",\"dateModified\":\"2022-11-10T10:02:47+00:00\",\"breadcrumb\":{\"@id\":\"https:\/\/www.rebel-cell.com\/fr\/devenir-un-revendeur-rebelcell\/#breadcrumb\"},\"inLanguage\":\"fr-FR\",\"potentialAction\":[{\"@type\":\"ReadAction\",\"target\":[\"https:\/\/www.rebel-cell.com\/fr\/devenir-un-revendeur-rebelcell\/\"]}]},{\"@type\":\"BreadcrumbList\",\"@id\":\"https:\/\/www.rebel-cell.com\/fr\/devenir-un-revendeur-rebelcell\/#breadcrumb\",\"itemListElement\":[{\"@type\":\"ListItem\",\"position\":1,\"name\":\"Home\",\"item\":\"https:\/\/www.rebel-cell.com\/fr\/\"},{\"@type\":\"ListItem\",\"position\":2,\"name\":\"Tu veux devenir un revendeur Rebelcell ?\"}]},{\"@type\":\"WebSite\",\"@id\":\"https:\/\/www.rebel-cell.com\/fr\/#website\",\"url\":\"https:\/\/www.rebel-cell.com\/fr\/\",\"name\":\"Rebelcell\",\"description\":\"Rebelcell\",\"publisher\":{\"@id\":\"https:\/\/www.rebel-cell.com\/fr\/#organization\"},\"potentialAction\":[{\"@type\":\"SearchAction\",\"target\":{\"@type\":\"EntryPoint\",\"urlTemplate\":\"https:\/\/www.rebel-cell.com\/fr\/?s={search_term_string}\"},\"query-input\":{\"@type\":\"PropertyValueSpecification\",\"valueRequired\":true,\"valueName\":\"search_term_string\"}}],\"inLanguage\":\"fr-FR\"},{\"@type\":\"Organization\",\"@id\":\"https:\/\/www.rebel-cell.com\/fr\/#organization\",\"name\":\"Rebelcell\",\"url\":\"https:\/\/www.rebel-cell.com\/fr\/\",\"logo\":{\"@type\":\"ImageObject\",\"inLanguage\":\"fr-FR\",\"@id\":\"https:\/\/www.rebel-cell.com\/fr\/#\/schema\/logo\/image\/\",\"url\":\"https:\/\/www.rebel-cell.com\/wp-content\/uploads\/rebelcell-logo-300.png\",\"contentUrl\":\"https:\/\/www.rebel-cell.com\/wp-content\/uploads\/rebelcell-logo-300.png\",\"width\":300,\"height\":55,\"caption\":\"Rebelcell\"},\"image\":{\"@id\":\"https:\/\/www.rebel-cell.com\/fr\/#\/schema\/logo\/image\/\"},\"sameAs\":[\"https:\/\/www.facebook.com\/rebelcelleu\",\"https:\/\/x.com\/rebelcellnl\",\"https:\/\/www.instagram.com\/rebelcelleurope\/?hl=nl\",\"https:\/\/www.youtube.com\/channel\/UCpySQUq4xwwtqveV1f8oiFw\"]}]}<\/script>\n<!-- \/ Yoast SEO Premium plugin. -->","yoast_head_json":{"title":"Tu veux devenir un revendeur Rebelcell ? - Rebelcell","robots":{"index":"index","follow":"follow","max-snippet":"max-snippet:-1","max-image-preview":"max-image-preview:large","max-video-preview":"max-video-preview:-1"},"canonical":"https:\/\/www.rebel-cell.com\/fr\/devenir-un-revendeur-rebelcell\/","og_locale":"fr_FR","og_type":"article","og_title":"Tu veux devenir un revendeur Rebelcell ?","og_description":"Rebelcell est \u00e0 la recherche de revendeurs qualifi\u00e9s ayant des connaissances en mati\u00e8re de p\u00eache et\/ou de navigation \u00e9lectrique. Vous \u00eates int\u00e9ress\u00e9 ? Veuillez contacter l&rsquo;un de nos partenaires de distribution. Si votre pays ne figure pas dans la liste, veuillez contacter directement info@www.rebel-cell.com. Benelux Technautic Industrieweg 35 1521 NE Wormerveer Pays-Bas T: +31756474545 https:\/\/www.technautic.nl\/\u00a0 [&hellip;]","og_url":"https:\/\/www.rebel-cell.com\/fr\/devenir-un-revendeur-rebelcell\/","og_site_name":"Rebelcell","article_publisher":"https:\/\/www.facebook.com\/rebelcelleu","article_modified_time":"2022-11-10T10:02:47+00:00","twitter_card":"summary_large_image","twitter_site":"@rebelcellnl","twitter_misc":{"Dur\u00e9e de lecture estim\u00e9e":"1 minute"},"schema":{"@context":"https:\/\/schema.org","@graph":[{"@type":"WebPage","@id":"https:\/\/www.rebel-cell.com\/fr\/devenir-un-revendeur-rebelcell\/","url":"https:\/\/www.rebel-cell.com\/fr\/devenir-un-revendeur-rebelcell\/","name":"Tu veux devenir un revendeur Rebelcell ? - Rebelcell","isPartOf":{"@id":"https:\/\/www.rebel-cell.com\/fr\/#website"},"datePublished":"2022-02-22T13:59:43+00:00","dateModified":"2022-11-10T10:02:47+00:00","breadcrumb":{"@id":"https:\/\/www.rebel-cell.com\/fr\/devenir-un-revendeur-rebelcell\/#breadcrumb"},"inLanguage":"fr-FR","potentialAction":[{"@type":"ReadAction","target":["https:\/\/www.rebel-cell.com\/fr\/devenir-un-revendeur-rebelcell\/"]}]},{"@type":"BreadcrumbList","@id":"https:\/\/www.rebel-cell.com\/fr\/devenir-un-revendeur-rebelcell\/#breadcrumb","itemListElement":[{"@type":"ListItem","position":1,"name":"Home","item":"https:\/\/www.rebel-cell.com\/fr\/"},{"@type":"ListItem","position":2,"name":"Tu veux devenir un revendeur Rebelcell ?"}]},{"@type":"WebSite","@id":"https:\/\/www.rebel-cell.com\/fr\/#website","url":"https:\/\/www.rebel-cell.com\/fr\/","name":"Rebelcell","description":"Rebelcell","publisher":{"@id":"https:\/\/www.rebel-cell.com\/fr\/#organization"},"potentialAction":[{"@type":"SearchAction","target":{"@type":"EntryPoint","urlTemplate":"https:\/\/www.rebel-cell.com\/fr\/?s={search_term_string}"},"query-input":{"@type":"PropertyValueSpecification","valueRequired":true,"valueName":"search_term_string"}}],"inLanguage":"fr-FR"},{"@type":"Organization","@id":"https:\/\/www.rebel-cell.com\/fr\/#organization","name":"Rebelcell","url":"https:\/\/www.rebel-cell.com\/fr\/","logo":{"@type":"ImageObject","inLanguage":"fr-FR","@id":"https:\/\/www.rebel-cell.com\/fr\/#\/schema\/logo\/image\/","url":"https:\/\/www.rebel-cell.com\/wp-content\/uploads\/rebelcell-logo-300.png","contentUrl":"https:\/\/www.rebel-cell.com\/wp-content\/uploads\/rebelcell-logo-300.png","width":300,"height":55,"caption":"Rebelcell"},"image":{"@id":"https:\/\/www.rebel-cell.com\/fr\/#\/schema\/logo\/image\/"},"sameAs":["https:\/\/www.facebook.com\/rebelcelleu","https:\/\/x.com\/rebelcellnl","https:\/\/www.instagram.com\/rebelcelleurope\/?hl=nl","https:\/\/www.youtube.com\/channel\/UCpySQUq4xwwtqveV1f8oiFw"]}]}},"_links":{"self":[{"href":"https:\/\/www.rebel-cell.com\/fr\/wp-json\/wp\/v2\/pages\/11970","targetHints":{"allow":["GET"]}}],"collection":[{"href":"https:\/\/www.rebel-cell.com\/fr\/wp-json\/wp\/v2\/pages"}],"about":[{"href":"https:\/\/www.rebel-cell.com\/fr\/wp-json\/wp\/v2\/types\/page"}],"author":[{"embeddable":true,"href":"https:\/\/www.rebel-cell.com\/fr\/wp-json\/wp\/v2\/users\/25"}],"replies":[{"embeddable":true,"href":"https:\/\/www.rebel-cell.com\/fr\/wp-json\/wp\/v2\/comments?post=11970"}],"version-history":[{"count":0,"href":"https:\/\/www.rebel-cell.com\/fr\/wp-json\/wp\/v2\/pages\/11970\/revisions"}],"wp:attachment":[{"href":"https:\/\/www.rebel-cell.com\/fr\/wp-json\/wp\/v2\/media?parent=11970"}],"curies":[{"name":"wp","href":"https:\/\/api.w.org\/{rel}","templated":true}]}}