{"id":1938,"date":"2018-09-12T21:33:18","date_gmt":"2018-09-12T21:33:18","guid":{"rendered":"https:\/\/www.rebel-cell.com\/return-form\/"},"modified":"2022-11-02T10:25:21","modified_gmt":"2022-11-02T09:25:21","slug":"formulaire-de-retour","status":"publish","type":"page","link":"https:\/\/www.rebel-cell.com\/fr\/formulaire-de-retour\/","title":{"rendered":"Retours"},"content":{"rendered":"<h4>1. Retour d&rsquo;achat \/ annulation de votre commande<\/h4>\n<p>Rebelcell propose un d\u00e9lai de 14 jours si vous changez d&rsquo;avis sur votre achat.<br \/>\nCeci signifie que, pour quelque raison que ce soit, vous pouvez retourner votre commande dans un d\u00e9lai de 14 jours.<br \/>\nLorsque vous renvoyez le produit dans le d\u00e9lai de 14 jours, nous vous remboursons le montant d\u00e8s que possible, et au plus tard dans les 14 jours.<br \/>\nLes conditions de retour sont les suivantes :<\/p>\n<ol>\n<li>Le d\u00e9lai de 14 jours commence 1 jour apr\u00e8s la r\u00e9ception de votre commande<\/li>\n<li>Tous les articles doivent figurer dans leur emballage d&rsquo;origine et \u00eatre complets pour \u00eatre retourn\u00e9s.<\/li>\n<li>Les articles retourn\u00e9s doivent \u00eatre inutilis\u00e9s, propres et doivent pouvoir \u00eatre vendus comme neufs.<\/li>\n<li>Vous devez payer les frais d&rsquo;exp\u00e9dition pour le retour de votre produit et \u00eates responsable de tout dommage ou perte pendant le transport.<\/li>\n<li>Emballez bien le produit et conservez votre re\u00e7u d&rsquo;exp\u00e9dition jusqu&rsquo;\u00e0 ce que vous receviez un avis de notre part vous confirmant que nous avons re\u00e7u votre colis en bon \u00e9tat.<\/li>\n<\/ol>\n<p>Si vous souhaitez retourner votre commande et remplir les conditions ci-dessus, veuillez remplir le formulaire ci-dessous et nous vous contacterons pour obtenir des instructions suppl\u00e9mentaires sur le renvoi de votre produit.<\/p>\n<h4>2. Produit d\u00e9fectueux \u00e0 l&rsquo;arriv\u00e9e ou fonctionnant mal pendant la p\u00e9riode de garantie &#8211; achet\u00e9 par l&rsquo;interm\u00e9diaire d&rsquo;un distributeur<\/h4>\n<p>Si vous avez achet\u00e9 votre produit par l&rsquo;interm\u00e9diaire d&rsquo;un distributeur ou d&rsquo;un (en ligne), contactez toujours le distributeur pour obtenir de l&rsquo;aide.<br \/>\nIls peuvent vous offrir des services et des conseils et vous aider en cas d&rsquo;\u00e9ventuelles r\u00e9clamations au titre de la garantie.<\/p>\n<h4>3. Produit d\u00e9fectueux \u00e0 l&rsquo;arriv\u00e9e ou fonctionnant mal pendant la p\u00e9riode de garantie &#8211; achet\u00e9 directement sur la boutique en ligne de Rebelcell<\/h4>\n<p>Si vous avez achet\u00e9 le produit en ligne par l&rsquo;interm\u00e9diaire de notre boutique en ligne, veuillez remplir le formulaire ci-dessous et nous vous contacterons pour vous informer des prochaines \u00e9tapes.<\/p>\n<h4>Veuillez noter que nous ne pouvons traiter aucune demande sans les informations requises.<br \/>\nPar cons\u00e9quent, ne nous renvoyez jamais de produits sans autorisation pr\u00e9alable.<br \/>\nContactez toujours votre distributeur ou le magasin o\u00f9 vous avez achet\u00e9 votre produit pour le service.<\/h4>\n","protected":false},"excerpt":{"rendered":"<p>1. Retour d&rsquo;achat \/ annulation de votre commande Rebelcell propose un d\u00e9lai de 14 jours si vous changez d&rsquo;avis sur votre achat. Ceci signifie que, pour quelque raison que ce soit, vous pouvez retourner votre commande dans un d\u00e9lai de 14 jours. Lorsque vous renvoyez le produit dans le d\u00e9lai de 14 jours, nous vous [&hellip;]<\/p>\n","protected":false},"author":1,"featured_media":488,"parent":0,"menu_order":136,"comment_status":"closed","ping_status":"closed","template":"page-template\/common_page.php","meta":{"_acf_changed":false,"footnotes":""},"class_list":["post-1938","page","type-page","status-publish","has-post-thumbnail","hentry"],"acf":[],"yoast_head":"<!-- This site is optimized with the Yoast SEO Premium plugin v27.1 (Yoast SEO v27.1.1) - https:\/\/yoast.com\/product\/yoast-seo-premium-wordpress\/ -->\n<title>Retours - Rebelcell<\/title>\n<meta name=\"robots\" content=\"index, follow, max-snippet:-1, max-image-preview:large, max-video-preview:-1\" \/>\n<link rel=\"canonical\" href=\"https:\/\/www.rebel-cell.com\/fr\/formulaire-de-retour\/\" \/>\n<meta property=\"og:locale\" content=\"fr_FR\" \/>\n<meta property=\"og:type\" content=\"article\" \/>\n<meta property=\"og:title\" content=\"Retours\" \/>\n<meta property=\"og:description\" content=\"1. Retour d&rsquo;achat \/ annulation de votre commande Rebelcell propose un d\u00e9lai de 14 jours si vous changez d&rsquo;avis sur votre achat. Ceci signifie que, pour quelque raison que ce soit, vous pouvez retourner votre commande dans un d\u00e9lai de 14 jours. Lorsque vous renvoyez le produit dans le d\u00e9lai de 14 jours, nous vous [&hellip;]\" \/>\n<meta property=\"og:url\" content=\"https:\/\/www.rebel-cell.com\/fr\/formulaire-de-retour\/\" \/>\n<meta property=\"og:site_name\" content=\"Rebelcell\" \/>\n<meta property=\"article:publisher\" content=\"https:\/\/www.facebook.com\/rebelcelleu\" \/>\n<meta property=\"article:modified_time\" content=\"2022-11-02T09:25:21+00:00\" \/>\n<meta property=\"og:image\" content=\"https:\/\/www.rebel-cell.com\/wp-content\/uploads\/2018\/07\/landing-banner.jpg\" \/>\n\t<meta property=\"og:image:width\" content=\"1366\" \/>\n\t<meta property=\"og:image:height\" content=\"360\" \/>\n\t<meta property=\"og:image:type\" content=\"image\/jpeg\" \/>\n<meta name=\"twitter:card\" content=\"summary_large_image\" \/>\n<meta name=\"twitter:site\" content=\"@rebelcellnl\" \/>\n<meta name=\"twitter:label1\" content=\"Dur\u00e9e de lecture estim\u00e9e\" \/>\n\t<meta name=\"twitter:data1\" content=\"2 minutes\" \/>\n<script type=\"application\/ld+json\" class=\"yoast-schema-graph\">{\"@context\":\"https:\/\/schema.org\",\"@graph\":[{\"@type\":\"WebPage\",\"@id\":\"https:\/\/www.rebel-cell.com\/fr\/formulaire-de-retour\/\",\"url\":\"https:\/\/www.rebel-cell.com\/fr\/formulaire-de-retour\/\",\"name\":\"Retours - Rebelcell\",\"isPartOf\":{\"@id\":\"https:\/\/www.rebel-cell.com\/fr\/#website\"},\"primaryImageOfPage\":{\"@id\":\"https:\/\/www.rebel-cell.com\/fr\/formulaire-de-retour\/#primaryimage\"},\"image\":{\"@id\":\"https:\/\/www.rebel-cell.com\/fr\/formulaire-de-retour\/#primaryimage\"},\"thumbnailUrl\":\"https:\/\/www.rebel-cell.com\/wp-content\/uploads\/2018\/07\/landing-banner.jpg\",\"datePublished\":\"2018-09-12T21:33:18+00:00\",\"dateModified\":\"2022-11-02T09:25:21+00:00\",\"breadcrumb\":{\"@id\":\"https:\/\/www.rebel-cell.com\/fr\/formulaire-de-retour\/#breadcrumb\"},\"inLanguage\":\"fr-FR\",\"potentialAction\":[{\"@type\":\"ReadAction\",\"target\":[\"https:\/\/www.rebel-cell.com\/fr\/formulaire-de-retour\/\"]}]},{\"@type\":\"ImageObject\",\"inLanguage\":\"fr-FR\",\"@id\":\"https:\/\/www.rebel-cell.com\/fr\/formulaire-de-retour\/#primaryimage\",\"url\":\"https:\/\/www.rebel-cell.com\/wp-content\/uploads\/2018\/07\/landing-banner.jpg\",\"contentUrl\":\"https:\/\/www.rebel-cell.com\/wp-content\/uploads\/2018\/07\/landing-banner.jpg\",\"width\":1366,\"height\":360},{\"@type\":\"BreadcrumbList\",\"@id\":\"https:\/\/www.rebel-cell.com\/fr\/formulaire-de-retour\/#breadcrumb\",\"itemListElement\":[{\"@type\":\"ListItem\",\"position\":1,\"name\":\"Home\",\"item\":\"https:\/\/www.rebel-cell.com\/fr\/\"},{\"@type\":\"ListItem\",\"position\":2,\"name\":\"Retours\"}]},{\"@type\":\"WebSite\",\"@id\":\"https:\/\/www.rebel-cell.com\/fr\/#website\",\"url\":\"https:\/\/www.rebel-cell.com\/fr\/\",\"name\":\"Rebelcell\",\"description\":\"Rebelcell\",\"publisher\":{\"@id\":\"https:\/\/www.rebel-cell.com\/fr\/#organization\"},\"potentialAction\":[{\"@type\":\"SearchAction\",\"target\":{\"@type\":\"EntryPoint\",\"urlTemplate\":\"https:\/\/www.rebel-cell.com\/fr\/?s={search_term_string}\"},\"query-input\":{\"@type\":\"PropertyValueSpecification\",\"valueRequired\":true,\"valueName\":\"search_term_string\"}}],\"inLanguage\":\"fr-FR\"},{\"@type\":\"Organization\",\"@id\":\"https:\/\/www.rebel-cell.com\/fr\/#organization\",\"name\":\"Rebelcell\",\"url\":\"https:\/\/www.rebel-cell.com\/fr\/\",\"logo\":{\"@type\":\"ImageObject\",\"inLanguage\":\"fr-FR\",\"@id\":\"https:\/\/www.rebel-cell.com\/fr\/#\/schema\/logo\/image\/\",\"url\":\"https:\/\/www.rebel-cell.com\/wp-content\/uploads\/rebelcell-logo-300.png\",\"contentUrl\":\"https:\/\/www.rebel-cell.com\/wp-content\/uploads\/rebelcell-logo-300.png\",\"width\":300,\"height\":55,\"caption\":\"Rebelcell\"},\"image\":{\"@id\":\"https:\/\/www.rebel-cell.com\/fr\/#\/schema\/logo\/image\/\"},\"sameAs\":[\"https:\/\/www.facebook.com\/rebelcelleu\",\"https:\/\/x.com\/rebelcellnl\",\"https:\/\/www.instagram.com\/rebelcelleurope\/?hl=nl\",\"https:\/\/www.youtube.com\/channel\/UCpySQUq4xwwtqveV1f8oiFw\"]}]}<\/script>\n<!-- \/ Yoast SEO Premium plugin. -->","yoast_head_json":{"title":"Retours - Rebelcell","robots":{"index":"index","follow":"follow","max-snippet":"max-snippet:-1","max-image-preview":"max-image-preview:large","max-video-preview":"max-video-preview:-1"},"canonical":"https:\/\/www.rebel-cell.com\/fr\/formulaire-de-retour\/","og_locale":"fr_FR","og_type":"article","og_title":"Retours","og_description":"1. Retour d&rsquo;achat \/ annulation de votre commande Rebelcell propose un d\u00e9lai de 14 jours si vous changez d&rsquo;avis sur votre achat. Ceci signifie que, pour quelque raison que ce soit, vous pouvez retourner votre commande dans un d\u00e9lai de 14 jours. Lorsque vous renvoyez le produit dans le d\u00e9lai de 14 jours, nous vous [&hellip;]","og_url":"https:\/\/www.rebel-cell.com\/fr\/formulaire-de-retour\/","og_site_name":"Rebelcell","article_publisher":"https:\/\/www.facebook.com\/rebelcelleu","article_modified_time":"2022-11-02T09:25:21+00:00","og_image":[{"width":1366,"height":360,"url":"https:\/\/www.rebel-cell.com\/wp-content\/uploads\/2018\/07\/landing-banner.jpg","type":"image\/jpeg"}],"twitter_card":"summary_large_image","twitter_site":"@rebelcellnl","twitter_misc":{"Dur\u00e9e de lecture estim\u00e9e":"2 minutes"},"schema":{"@context":"https:\/\/schema.org","@graph":[{"@type":"WebPage","@id":"https:\/\/www.rebel-cell.com\/fr\/formulaire-de-retour\/","url":"https:\/\/www.rebel-cell.com\/fr\/formulaire-de-retour\/","name":"Retours - Rebelcell","isPartOf":{"@id":"https:\/\/www.rebel-cell.com\/fr\/#website"},"primaryImageOfPage":{"@id":"https:\/\/www.rebel-cell.com\/fr\/formulaire-de-retour\/#primaryimage"},"image":{"@id":"https:\/\/www.rebel-cell.com\/fr\/formulaire-de-retour\/#primaryimage"},"thumbnailUrl":"https:\/\/www.rebel-cell.com\/wp-content\/uploads\/2018\/07\/landing-banner.jpg","datePublished":"2018-09-12T21:33:18+00:00","dateModified":"2022-11-02T09:25:21+00:00","breadcrumb":{"@id":"https:\/\/www.rebel-cell.com\/fr\/formulaire-de-retour\/#breadcrumb"},"inLanguage":"fr-FR","potentialAction":[{"@type":"ReadAction","target":["https:\/\/www.rebel-cell.com\/fr\/formulaire-de-retour\/"]}]},{"@type":"ImageObject","inLanguage":"fr-FR","@id":"https:\/\/www.rebel-cell.com\/fr\/formulaire-de-retour\/#primaryimage","url":"https:\/\/www.rebel-cell.com\/wp-content\/uploads\/2018\/07\/landing-banner.jpg","contentUrl":"https:\/\/www.rebel-cell.com\/wp-content\/uploads\/2018\/07\/landing-banner.jpg","width":1366,"height":360},{"@type":"BreadcrumbList","@id":"https:\/\/www.rebel-cell.com\/fr\/formulaire-de-retour\/#breadcrumb","itemListElement":[{"@type":"ListItem","position":1,"name":"Home","item":"https:\/\/www.rebel-cell.com\/fr\/"},{"@type":"ListItem","position":2,"name":"Retours"}]},{"@type":"WebSite","@id":"https:\/\/www.rebel-cell.com\/fr\/#website","url":"https:\/\/www.rebel-cell.com\/fr\/","name":"Rebelcell","description":"Rebelcell","publisher":{"@id":"https:\/\/www.rebel-cell.com\/fr\/#organization"},"potentialAction":[{"@type":"SearchAction","target":{"@type":"EntryPoint","urlTemplate":"https:\/\/www.rebel-cell.com\/fr\/?s={search_term_string}"},"query-input":{"@type":"PropertyValueSpecification","valueRequired":true,"valueName":"search_term_string"}}],"inLanguage":"fr-FR"},{"@type":"Organization","@id":"https:\/\/www.rebel-cell.com\/fr\/#organization","name":"Rebelcell","url":"https:\/\/www.rebel-cell.com\/fr\/","logo":{"@type":"ImageObject","inLanguage":"fr-FR","@id":"https:\/\/www.rebel-cell.com\/fr\/#\/schema\/logo\/image\/","url":"https:\/\/www.rebel-cell.com\/wp-content\/uploads\/rebelcell-logo-300.png","contentUrl":"https:\/\/www.rebel-cell.com\/wp-content\/uploads\/rebelcell-logo-300.png","width":300,"height":55,"caption":"Rebelcell"},"image":{"@id":"https:\/\/www.rebel-cell.com\/fr\/#\/schema\/logo\/image\/"},"sameAs":["https:\/\/www.facebook.com\/rebelcelleu","https:\/\/x.com\/rebelcellnl","https:\/\/www.instagram.com\/rebelcelleurope\/?hl=nl","https:\/\/www.youtube.com\/channel\/UCpySQUq4xwwtqveV1f8oiFw"]}]}},"_links":{"self":[{"href":"https:\/\/www.rebel-cell.com\/fr\/wp-json\/wp\/v2\/pages\/1938","targetHints":{"allow":["GET"]}}],"collection":[{"href":"https:\/\/www.rebel-cell.com\/fr\/wp-json\/wp\/v2\/pages"}],"about":[{"href":"https:\/\/www.rebel-cell.com\/fr\/wp-json\/wp\/v2\/types\/page"}],"author":[{"embeddable":true,"href":"https:\/\/www.rebel-cell.com\/fr\/wp-json\/wp\/v2\/users\/1"}],"replies":[{"embeddable":true,"href":"https:\/\/www.rebel-cell.com\/fr\/wp-json\/wp\/v2\/comments?post=1938"}],"version-history":[{"count":0,"href":"https:\/\/www.rebel-cell.com\/fr\/wp-json\/wp\/v2\/pages\/1938\/revisions"}],"wp:featuredmedia":[{"embeddable":true,"href":"https:\/\/www.rebel-cell.com\/fr\/wp-json\/wp\/v2\/media\/488"}],"wp:attachment":[{"href":"https:\/\/www.rebel-cell.com\/fr\/wp-json\/wp\/v2\/media?parent=1938"}],"curies":[{"name":"wp","href":"https:\/\/api.w.org\/{rel}","templated":true}]}}