{"id":5941,"date":"2020-02-21T10:40:43","date_gmt":"2020-02-21T09:40:43","guid":{"rendered":"https:\/\/www.rebel-cell.com\/privacy\/"},"modified":"2024-10-17T12:31:14","modified_gmt":"2024-10-17T10:31:14","slug":"privacy","status":"publish","type":"page","link":"https:\/\/www.rebel-cell.com\/fr\/privacy\/","title":{"rendered":"Confidentialit\u00e9"},"content":{"rendered":"<p>La pr\u00e9sente politique de confidentialit\u00e9 d\u00e9crit comment vos informations personnelles sont collect\u00e9es, utilis\u00e9es et partag\u00e9es lorsque vous visitez ou effectuez un achat sur www.rebel-cell.com (\u00ab\u00a0le site\u00a0\u00bb).<\/p>\n<h4>1. Les informations personnelles que nous recueillons<\/h4>\n<p>Lorsque vous visitez le site, nous recueillons automatiquement certaines informations sur votre appareil, notamment des informations sur votre navigateur web, votre adresse IP, votre fuseau horaire et certains des cookies install\u00e9s sur votre appareil.<br \/>\nDe plus, lorsque vous naviguez sur le site, nous recueillons des informations sur les diff\u00e9rentes pages web ou les produits que vous consultez, sur les sites web ou les termes de recherche qui vous renvoient au site, ainsi que des informations sur la mani\u00e8re dont vous interagissez avec le site.<br \/>\nNous appelons ces informations recueillies automatiquement \u00ab\u00a0Device Information\u00a0\u00bb (Informations sur l\u2019appareil).<\/p>\n<p>Nous recueillons des informations sur les appareils \u00e0 l&rsquo;aide des technologies suivantes :<\/p>\n<ul>\n<li>Les \u00ab\u00a0cookies\u00a0\u00bb sont des fichiers de donn\u00e9es qui sont plac\u00e9s sur votre appareil ou votre ordinateur et comprennent souvent un identifiant unique anonyme.<br \/>\nPour plus d&rsquo;informations sur les cookies et sur la mani\u00e8re de les d\u00e9sactiver, visitez le site http:\/\/www.allaboutcookies.org.<\/li>\n<li>Les \u00ab\u00a0fichiers journaux\u00a0\u00bb permettent de suivre les actions effectu\u00e9es sur le site et de recueillir des donn\u00e9es, notamment votre adresse IP, votre type de navigateur, votre fournisseur d&rsquo;acc\u00e8s \u00e0 Internet, les pages de renvoi\/sortie et la date\/heure.<\/li>\n<li>Les \u00ab\u00a0balises web\u00a0\u00bb, \u00ab\u00a0tags\u00a0\u00bb et \u00ab\u00a0pixels\u00a0\u00bb sont des fichiers \u00e9lectroniques utilis\u00e9s pour enregistrer des informations sur la fa\u00e7on dont vous naviguez sur le site.<\/li>\n<\/ul>\n<p>De plus, lorsque vous effectuez ou tentez d&rsquo;effectuer un achat sur le site, nous recueillons certaines informations vous concernant, notamment votre nom, votre adresse de facturation, votre adresse de livraison, les informations de paiement (y compris les num\u00e9ros de carte de cr\u00e9dit), votre adresse \u00e9lectronique et votre num\u00e9ro de t\u00e9l\u00e9phone.<br \/>\nNous appelons ces informations \u00ab\u00a0Informations sur les commandes\u00a0\u00bb.<\/p>\n<p>Lorsque nous traitons de \u00ab\u00a0renseignements personnels\u00a0\u00bb dans la pr\u00e9sente politique de confidentialit\u00e9, il faut entendre \u00e0 la fois des renseignements sur les appareils et des renseignements sur les commandes.<\/p>\n<p>Nous demandons votre consentement explicite pour l&rsquo;utilisation des cookies. En continuant \u00e0 utiliser notre site, vous acceptez l&rsquo;utilisation des cookies conform\u00e9ment \u00e0 notre politique de cookies.<\/p>\n<h4>2. Comment utilisons-nous vos informations personnelles ?<\/h4>\n<p>Nous utilisons les informations de commande que nous recueillons g\u00e9n\u00e9ralement pour ex\u00e9cuter toute commande pass\u00e9e par l&rsquo;interm\u00e9diaire du site (y compris le traitement de vos informations de paiement, l&rsquo;organisation de l&rsquo;exp\u00e9dition et la fourniture de factures et\/ou de confirmations de commande).<br \/>\nDe plus, nous utilisons ces informations sur les commandes pour : Communiquer avec vous ; examiner nos commandes pour d\u00e9tecter les risques potentiels ou les fraudes ; et Lorsque cela est conforme aux pr\u00e9f\u00e9rences que vous nous avez communiqu\u00e9es, vous fournir des informations ou des publicit\u00e9s relatives \u00e0 nos produits ou services.<\/p>\n<p>Nous utilisons les informations sur les appareils que nous recueillons pour nous aider \u00e0 d\u00e9tecter les risques potentiels et les fraudes (en particulier, votre adresse IP) et, plus g\u00e9n\u00e9ralement, pour am\u00e9liorer et optimiser notre site (par exemple, en g\u00e9n\u00e9rant des analyses sur la fa\u00e7on dont nos clients naviguent et interagissent avec le site, et pour \u00e9valuer le succ\u00e8s de nos campagnes de marketing et de publicit\u00e9).<\/p>\n<h4>3. Partage de vos informations personnelles<\/h4>\n<p>Nous partageons vos informations personnelles avec des tiers afin de nous aider \u00e0 utiliser vos informations personnelles, comme d\u00e9crit ci-dessus.<br \/>\nNous utilisons \u00e9galement Google Analytics pour nous aider \u00e0 comprendre comment nos clients utilisent le site. Vous pouvez en savoir plus sur la mani\u00e8re dont Google utilise vos informations personnelles ici : https:\/\/www.google.com\/intl\/en\/policies\/privacy\/. Vous pouvez \u00e9galement vous d\u00e9sinscrire de Google Analytics en cliquant sur le lien suivant : https:\/\/tools.google.com\/dlpage\/gaoptout.<\/p>\n<p>Enfin, nous pouvons \u00e9galement partager vos informations personnelles pour nous conformer aux lois et r\u00e8glements applicables, pour r\u00e9pondre \u00e0 une citation \u00e0 compara\u00eetre, \u00e0 un mandat de perquisition ou \u00e0 toute autre demande l\u00e9gale d&rsquo;informations que nous recevons, ou pour prot\u00e9ger nos droits de toute autre mani\u00e8re.<\/p>\n<p>Comme d\u00e9crit ci-dessus, nous utilisons vos informations personnelles pour vous fournir des publicit\u00e9s cibl\u00e9es ou des communications commerciales que nous pensons susceptibles de vous int\u00e9resser.<br \/>\nPour plus d&rsquo;informations sur le fonctionnement de la publicit\u00e9 cibl\u00e9e, vous pouvez consulter la page \u00e9ducative de la Network Advertising Initiative (\u00ab\u00a0NAI\u00a0\u00bb) \u00e0 l&rsquo;adresse http:\/\/www.networkadvertising.org\/understanding-online-advertising\/how-does-it-work.<\/p>\n<p>Vous pouvez vous opposer \u00e0 la publicit\u00e9 cibl\u00e9e par les r\u00e9seaux suivants :<\/p>\n<p>FACEBOOK &#8211; https:\/\/www.facebook.com\/settings\/?tab=ads<\/p>\n<p>GOOGLE &#8211; https:\/\/www.google.com\/settings\/ads\/anonymous<\/p>\n<p>En outre, vous pouvez vous d\u00e9sengager de certains de ces services en visitant le portail de d\u00e9sengagement de la Digital Advertising Alliance \u00e0 l&rsquo;adresse suivante : http:\/\/optout.aboutads.info\/.<\/p>\n<p>Lorsque nous collaborons avec des services tiers (par ex. des plugins de r\u00e9seaux sociaux), nous et ces parties sommes conjointement responsables du traitement et de la protection des donn\u00e9es personnelles conform\u00e9ment au RGPD.<\/p>\n<p>Pour les transferts de donn\u00e9es en dehors de l&rsquo;UE, nous utilisons des Clauses Contractuelles Types (CCT) pour assurer la conformit\u00e9 avec les exigences du RGPD.<\/p>\n<h4>4. Ne pas suivre (Do Not Track)<\/h4>\n<p>Veuillez noter que nous ne modifions pas les pratiques de collecte et d&rsquo;utilisation des donn\u00e9es de notre site lorsque nous voyons un signal \u00ab\u00a0Do Not Track\u00a0\u00bb provenant de votre navigateur.<\/p>\n<h4>5. Vos droits<\/h4>\n<p>Si vous \u00eates r\u00e9sident europ\u00e9en, vous avez le droit d&rsquo;acc\u00e9der aux informations personnelles que nous d\u00e9tenons \u00e0 votre sujet et de demander que ces informations soient corrig\u00e9es, mises \u00e0 jour ou supprim\u00e9es.<br \/>\nSi vous souhaitez exercer ce droit, veuillez nous contacter aux coordonn\u00e9es ci-dessous.<br \/>\nEn outre, si vous \u00eates r\u00e9sident europ\u00e9en, nous notons que nous traitons vos informations afin d&rsquo;ex\u00e9cuter les contrats que nous pourrions avoir avec vous (par exemple si vous passez une commande sur le site), ou pour poursuivre nos int\u00e9r\u00eats commerciaux l\u00e9gitimes \u00e9num\u00e9r\u00e9s ci-dessus.<\/p>\n<h4>6. Conservation des donn\u00e9es<\/h4>\n<p>Lorsque vous passez une commande sur le site, nous conservons vos informations de commande dans nos dossiers jusqu&rsquo;\u00e0 ce que vous nous demandiez de les supprimer.<\/p>\n<p>Nous conservons vos informations personnelles uniquement aussi longtemps que n\u00e9cessaire pour les finalit\u00e9s indiqu\u00e9es, sauf demande de suppression ou obligation l\u00e9gale.<\/p>\n<h4>7. Mineurs<\/h4>\n<p>Le site n&rsquo;est pas destin\u00e9 aux personnes \u00e2g\u00e9es de moins de 18 ans.<\/p>\n<h4>8. Changements<\/h4>\n<p>Nous pouvons mettre \u00e0 jour cette politique de confidentialit\u00e9 de temps \u00e0 autre afin de refl\u00e9ter, par exemple, des changements dans nos pratiques ou pour d&rsquo;autres raisons op\u00e9rationnelles, juridiques ou r\u00e9glementaires.<\/p>\n<h4>9. Contactez-nous<\/h4>\n<p>Pour plus d&rsquo;informations sur nos pratiques en mati\u00e8re de protection de la vie priv\u00e9e, si vous avez des questions ou si vous souhaitez d\u00e9poser une plainte, veuillez nous contacter via le formulaire de contact ou par courrier en utilisant les coordonn\u00e9es fournies ci-dessous :<\/p>\n<p>Rebelcell B.V.<br \/>\nMarinevliegkamp 377<br \/>\n2236 ZZ VALKENBURG (ZH)<br \/>\nPays-Bas<br \/>\nP : +31 71 710 7424<br \/>\nE : info@rebel-cell.com<\/p>\n<p><em>Version 3.0 (17.10.2024)<\/em><\/p>\n","protected":false},"excerpt":{"rendered":"<p>La pr\u00e9sente politique de confidentialit\u00e9 d\u00e9crit comment vos informations personnelles sont collect\u00e9es, utilis\u00e9es et partag\u00e9es lorsque vous visitez ou effectuez un achat sur www.rebel-cell.com (\u00ab\u00a0le site\u00a0\u00bb). 1. Les informations personnelles que nous recueillons Lorsque vous visitez le site, nous recueillons automatiquement certaines informations sur votre appareil, notamment des informations sur votre navigateur web, votre adresse [&hellip;]<\/p>\n","protected":false},"author":1,"featured_media":0,"parent":0,"menu_order":80,"comment_status":"closed","ping_status":"closed","template":"page-template\/common_page.php","meta":{"_acf_changed":false,"footnotes":""},"class_list":["post-5941","page","type-page","status-publish","hentry"],"acf":[],"yoast_head":"<!-- This site is optimized with the Yoast SEO Premium plugin v27.1 (Yoast SEO v27.1.1) - https:\/\/yoast.com\/product\/yoast-seo-premium-wordpress\/ -->\n<title>\u00c9nergie portable | Rebelcell | Pour la p\u00eache \u00e0 la ligne, le plein air et la mer<\/title>\n<meta name=\"description\" content=\"Des batteries et des chargeurs au lithium-ion puissants, l\u00e9gers et durables. Rebelcell. \u00c9nergie portable pour la p\u00eache \u00e0 la ligne, le plein air et la mer.\" \/>\n<meta name=\"robots\" content=\"index, follow, max-snippet:-1, max-image-preview:large, max-video-preview:-1\" \/>\n<link rel=\"canonical\" href=\"https:\/\/www.rebel-cell.com\/fr\/privacy\/\" \/>\n<meta property=\"og:locale\" content=\"fr_FR\" \/>\n<meta property=\"og:type\" content=\"article\" \/>\n<meta property=\"og:title\" content=\"Confidentialit\u00e9\" \/>\n<meta property=\"og:description\" content=\"Des batteries et des chargeurs au lithium-ion puissants, l\u00e9gers et durables. Rebelcell. \u00c9nergie portable pour la p\u00eache \u00e0 la ligne, le plein air et la mer.\" \/>\n<meta property=\"og:url\" content=\"https:\/\/www.rebel-cell.com\/fr\/privacy\/\" \/>\n<meta property=\"og:site_name\" content=\"Rebelcell\" \/>\n<meta property=\"article:publisher\" content=\"https:\/\/www.facebook.com\/rebelcelleu\" \/>\n<meta property=\"article:modified_time\" content=\"2024-10-17T10:31:14+00:00\" \/>\n<meta name=\"twitter:card\" content=\"summary_large_image\" \/>\n<meta name=\"twitter:site\" content=\"@rebelcellnl\" \/>\n<meta name=\"twitter:label1\" content=\"Dur\u00e9e de lecture estim\u00e9e\" \/>\n\t<meta name=\"twitter:data1\" content=\"5 minutes\" \/>\n<script type=\"application\/ld+json\" class=\"yoast-schema-graph\">{\"@context\":\"https:\/\/schema.org\",\"@graph\":[{\"@type\":\"WebPage\",\"@id\":\"https:\/\/www.rebel-cell.com\/fr\/privacy\/\",\"url\":\"https:\/\/www.rebel-cell.com\/fr\/privacy\/\",\"name\":\"\u00c9nergie portable | Rebelcell | Pour la p\u00eache \u00e0 la ligne, le plein air et la mer\",\"isPartOf\":{\"@id\":\"https:\/\/www.rebel-cell.com\/fr\/#website\"},\"datePublished\":\"2020-02-21T09:40:43+00:00\",\"dateModified\":\"2024-10-17T10:31:14+00:00\",\"description\":\"Des batteries et des chargeurs au lithium-ion puissants, l\u00e9gers et durables. Rebelcell. \u00c9nergie portable pour la p\u00eache \u00e0 la ligne, le plein air et la mer.\",\"breadcrumb\":{\"@id\":\"https:\/\/www.rebel-cell.com\/fr\/privacy\/#breadcrumb\"},\"inLanguage\":\"fr-FR\",\"potentialAction\":[{\"@type\":\"ReadAction\",\"target\":[\"https:\/\/www.rebel-cell.com\/fr\/privacy\/\"]}]},{\"@type\":\"BreadcrumbList\",\"@id\":\"https:\/\/www.rebel-cell.com\/fr\/privacy\/#breadcrumb\",\"itemListElement\":[{\"@type\":\"ListItem\",\"position\":1,\"name\":\"Home\",\"item\":\"https:\/\/www.rebel-cell.com\/fr\/\"},{\"@type\":\"ListItem\",\"position\":2,\"name\":\"Confidentialit\u00e9\"}]},{\"@type\":\"WebSite\",\"@id\":\"https:\/\/www.rebel-cell.com\/fr\/#website\",\"url\":\"https:\/\/www.rebel-cell.com\/fr\/\",\"name\":\"Rebelcell\",\"description\":\"Rebelcell\",\"publisher\":{\"@id\":\"https:\/\/www.rebel-cell.com\/fr\/#organization\"},\"potentialAction\":[{\"@type\":\"SearchAction\",\"target\":{\"@type\":\"EntryPoint\",\"urlTemplate\":\"https:\/\/www.rebel-cell.com\/fr\/?s={search_term_string}\"},\"query-input\":{\"@type\":\"PropertyValueSpecification\",\"valueRequired\":true,\"valueName\":\"search_term_string\"}}],\"inLanguage\":\"fr-FR\"},{\"@type\":\"Organization\",\"@id\":\"https:\/\/www.rebel-cell.com\/fr\/#organization\",\"name\":\"Rebelcell\",\"url\":\"https:\/\/www.rebel-cell.com\/fr\/\",\"logo\":{\"@type\":\"ImageObject\",\"inLanguage\":\"fr-FR\",\"@id\":\"https:\/\/www.rebel-cell.com\/fr\/#\/schema\/logo\/image\/\",\"url\":\"https:\/\/www.rebel-cell.com\/wp-content\/uploads\/rebelcell-logo-300.png\",\"contentUrl\":\"https:\/\/www.rebel-cell.com\/wp-content\/uploads\/rebelcell-logo-300.png\",\"width\":300,\"height\":55,\"caption\":\"Rebelcell\"},\"image\":{\"@id\":\"https:\/\/www.rebel-cell.com\/fr\/#\/schema\/logo\/image\/\"},\"sameAs\":[\"https:\/\/www.facebook.com\/rebelcelleu\",\"https:\/\/x.com\/rebelcellnl\",\"https:\/\/www.instagram.com\/rebelcelleurope\/?hl=nl\",\"https:\/\/www.youtube.com\/channel\/UCpySQUq4xwwtqveV1f8oiFw\"]}]}<\/script>\n<!-- \/ Yoast SEO Premium plugin. -->","yoast_head_json":{"title":"\u00c9nergie portable | Rebelcell | Pour la p\u00eache \u00e0 la ligne, le plein air et la mer","description":"Des batteries et des chargeurs au lithium-ion puissants, l\u00e9gers et durables. Rebelcell. \u00c9nergie portable pour la p\u00eache \u00e0 la ligne, le plein air et la mer.","robots":{"index":"index","follow":"follow","max-snippet":"max-snippet:-1","max-image-preview":"max-image-preview:large","max-video-preview":"max-video-preview:-1"},"canonical":"https:\/\/www.rebel-cell.com\/fr\/privacy\/","og_locale":"fr_FR","og_type":"article","og_title":"Confidentialit\u00e9","og_description":"Des batteries et des chargeurs au lithium-ion puissants, l\u00e9gers et durables. Rebelcell. \u00c9nergie portable pour la p\u00eache \u00e0 la ligne, le plein air et la mer.","og_url":"https:\/\/www.rebel-cell.com\/fr\/privacy\/","og_site_name":"Rebelcell","article_publisher":"https:\/\/www.facebook.com\/rebelcelleu","article_modified_time":"2024-10-17T10:31:14+00:00","twitter_card":"summary_large_image","twitter_site":"@rebelcellnl","twitter_misc":{"Dur\u00e9e de lecture estim\u00e9e":"5 minutes"},"schema":{"@context":"https:\/\/schema.org","@graph":[{"@type":"WebPage","@id":"https:\/\/www.rebel-cell.com\/fr\/privacy\/","url":"https:\/\/www.rebel-cell.com\/fr\/privacy\/","name":"\u00c9nergie portable | Rebelcell | Pour la p\u00eache \u00e0 la ligne, le plein air et la mer","isPartOf":{"@id":"https:\/\/www.rebel-cell.com\/fr\/#website"},"datePublished":"2020-02-21T09:40:43+00:00","dateModified":"2024-10-17T10:31:14+00:00","description":"Des batteries et des chargeurs au lithium-ion puissants, l\u00e9gers et durables. Rebelcell. \u00c9nergie portable pour la p\u00eache \u00e0 la ligne, le plein air et la mer.","breadcrumb":{"@id":"https:\/\/www.rebel-cell.com\/fr\/privacy\/#breadcrumb"},"inLanguage":"fr-FR","potentialAction":[{"@type":"ReadAction","target":["https:\/\/www.rebel-cell.com\/fr\/privacy\/"]}]},{"@type":"BreadcrumbList","@id":"https:\/\/www.rebel-cell.com\/fr\/privacy\/#breadcrumb","itemListElement":[{"@type":"ListItem","position":1,"name":"Home","item":"https:\/\/www.rebel-cell.com\/fr\/"},{"@type":"ListItem","position":2,"name":"Confidentialit\u00e9"}]},{"@type":"WebSite","@id":"https:\/\/www.rebel-cell.com\/fr\/#website","url":"https:\/\/www.rebel-cell.com\/fr\/","name":"Rebelcell","description":"Rebelcell","publisher":{"@id":"https:\/\/www.rebel-cell.com\/fr\/#organization"},"potentialAction":[{"@type":"SearchAction","target":{"@type":"EntryPoint","urlTemplate":"https:\/\/www.rebel-cell.com\/fr\/?s={search_term_string}"},"query-input":{"@type":"PropertyValueSpecification","valueRequired":true,"valueName":"search_term_string"}}],"inLanguage":"fr-FR"},{"@type":"Organization","@id":"https:\/\/www.rebel-cell.com\/fr\/#organization","name":"Rebelcell","url":"https:\/\/www.rebel-cell.com\/fr\/","logo":{"@type":"ImageObject","inLanguage":"fr-FR","@id":"https:\/\/www.rebel-cell.com\/fr\/#\/schema\/logo\/image\/","url":"https:\/\/www.rebel-cell.com\/wp-content\/uploads\/rebelcell-logo-300.png","contentUrl":"https:\/\/www.rebel-cell.com\/wp-content\/uploads\/rebelcell-logo-300.png","width":300,"height":55,"caption":"Rebelcell"},"image":{"@id":"https:\/\/www.rebel-cell.com\/fr\/#\/schema\/logo\/image\/"},"sameAs":["https:\/\/www.facebook.com\/rebelcelleu","https:\/\/x.com\/rebelcellnl","https:\/\/www.instagram.com\/rebelcelleurope\/?hl=nl","https:\/\/www.youtube.com\/channel\/UCpySQUq4xwwtqveV1f8oiFw"]}]}},"_links":{"self":[{"href":"https:\/\/www.rebel-cell.com\/fr\/wp-json\/wp\/v2\/pages\/5941","targetHints":{"allow":["GET"]}}],"collection":[{"href":"https:\/\/www.rebel-cell.com\/fr\/wp-json\/wp\/v2\/pages"}],"about":[{"href":"https:\/\/www.rebel-cell.com\/fr\/wp-json\/wp\/v2\/types\/page"}],"author":[{"embeddable":true,"href":"https:\/\/www.rebel-cell.com\/fr\/wp-json\/wp\/v2\/users\/1"}],"replies":[{"embeddable":true,"href":"https:\/\/www.rebel-cell.com\/fr\/wp-json\/wp\/v2\/comments?post=5941"}],"version-history":[{"count":0,"href":"https:\/\/www.rebel-cell.com\/fr\/wp-json\/wp\/v2\/pages\/5941\/revisions"}],"wp:attachment":[{"href":"https:\/\/www.rebel-cell.com\/fr\/wp-json\/wp\/v2\/media?parent=5941"}],"curies":[{"name":"wp","href":"https:\/\/api.w.org\/{rel}","templated":true}]}}