{"id":5946,"date":"2020-02-21T10:43:09","date_gmt":"2020-02-21T09:43:09","guid":{"rendered":"https:\/\/www.rebel-cell.com\/delivery\/"},"modified":"2022-11-07T13:58:21","modified_gmt":"2022-11-07T12:58:21","slug":"delivery","status":"publish","type":"page","link":"https:\/\/www.rebel-cell.com\/fr\/delivery\/","title":{"rendered":"Livraison"},"content":{"rendered":"<h4>Batteries lithium-ion et transport<\/h4>\n<p>Les batteries Li-ion sont consid\u00e9r\u00e9es comme des marchandises dangereuses selon la r\u00e9glementation ADR (UN3480, classe 9 ADR) et ne peuvent donc pas \u00eatre exp\u00e9di\u00e9es par des services de livraison r\u00e9guliers.<br \/>\nUn transport sp\u00e9cialis\u00e9 est n\u00e9cessaire et il existe des exigences sp\u00e9cifiques en mati\u00e8re d&#8217;emballage et d&rsquo;\u00e9tiquetage qui doivent \u00eatre respect\u00e9es.<br \/>\nLes frais d&rsquo;exp\u00e9dition sont donc plus \u00e9lev\u00e9s qu&rsquo;avec les services de livraison habituels.<\/p>\n<h4>Quels sont les frais d&rsquo;exp\u00e9dition ?<\/h4>\n<p>Les frais d&rsquo;exp\u00e9dition d\u00e9pendent du pays de destination, et de la pr\u00e9sence ou non de batteries.<br \/>\nLes frais d&rsquo;exp\u00e9dition sont calcul\u00e9s automatiquement lors du passage \u00e0 la caisse et nous livrons dans la plupart des pays d&rsquo;Europe.<br \/>\nSi votre pays n&rsquo;appara\u00eet pas dans la liste lors de la commande, veuillez <a href=\"https:\/\/www.rebel-cell.com\/fr\/contacter\/\">nous contacter<\/a> pour obtenir un devis pour l&rsquo;exp\u00e9dition.<\/p>\n<h4>Quand vais-je recevoir ma commande ?<\/h4>\n<p>Toutes les commandes pass\u00e9es avant 12 heures seront exp\u00e9di\u00e9es le jour ouvrable suivant.<br \/>\nToutes les commandes sont exp\u00e9di\u00e9es depuis notre entrep\u00f4t aux Pays-Bas, la livraison effective peut prendre jusqu&rsquo;\u00e0 10 jours ouvrables.<\/p>\n","protected":false},"excerpt":{"rendered":"<p>Batteries lithium-ion et transport Les batteries Li-ion sont consid\u00e9r\u00e9es comme des marchandises dangereuses selon la r\u00e9glementation ADR (UN3480, classe 9 ADR) et ne peuvent donc pas \u00eatre exp\u00e9di\u00e9es par des services de livraison r\u00e9guliers. Un transport sp\u00e9cialis\u00e9 est n\u00e9cessaire et il existe des exigences sp\u00e9cifiques en mati\u00e8re d&#8217;emballage et d&rsquo;\u00e9tiquetage qui doivent \u00eatre respect\u00e9es. Les [&hellip;]<\/p>\n","protected":false},"author":1,"featured_media":0,"parent":0,"menu_order":76,"comment_status":"closed","ping_status":"closed","template":"page-template\/common_page.php","meta":{"_acf_changed":false,"footnotes":""},"class_list":["post-5946","page","type-page","status-publish","hentry"],"acf":[],"yoast_head":"<!-- This site is optimized with the Yoast SEO Premium plugin v27.1 (Yoast SEO v27.1.1) - https:\/\/yoast.com\/product\/yoast-seo-premium-wordpress\/ -->\n<title>\u00c9nergie portable | Rebelcell | Pour la p\u00eache \u00e0 la ligne, en plein air et en mer<\/title>\n<meta name=\"description\" content=\"Des batteries et des chargeurs au lithium-ion puissants, l\u00e9gers et durables. Rebelcell. \u00c9nergie portable pour la p\u00eache \u00e0 la ligne, en plein air et en mer.\" \/>\n<meta name=\"robots\" content=\"index, follow, max-snippet:-1, max-image-preview:large, max-video-preview:-1\" \/>\n<link rel=\"canonical\" href=\"https:\/\/www.rebel-cell.com\/fr\/delivery\/\" \/>\n<meta property=\"og:locale\" content=\"fr_FR\" \/>\n<meta property=\"og:type\" content=\"article\" \/>\n<meta property=\"og:title\" content=\"Livraison\" \/>\n<meta property=\"og:description\" content=\"Des batteries et des chargeurs au lithium-ion puissants, l\u00e9gers et durables. Rebelcell. \u00c9nergie portable pour la p\u00eache \u00e0 la ligne, en plein air et en mer.\" \/>\n<meta property=\"og:url\" content=\"https:\/\/www.rebel-cell.com\/fr\/delivery\/\" \/>\n<meta property=\"og:site_name\" content=\"Rebelcell\" \/>\n<meta property=\"article:publisher\" content=\"https:\/\/www.facebook.com\/rebelcelleu\" \/>\n<meta property=\"article:modified_time\" content=\"2022-11-07T12:58:21+00:00\" \/>\n<meta name=\"twitter:card\" content=\"summary_large_image\" \/>\n<meta name=\"twitter:site\" content=\"@rebelcellnl\" \/>\n<meta name=\"twitter:label1\" content=\"Dur\u00e9e de lecture estim\u00e9e\" \/>\n\t<meta name=\"twitter:data1\" content=\"1 minute\" \/>\n<script type=\"application\/ld+json\" class=\"yoast-schema-graph\">{\"@context\":\"https:\/\/schema.org\",\"@graph\":[{\"@type\":\"WebPage\",\"@id\":\"https:\/\/www.rebel-cell.com\/fr\/delivery\/\",\"url\":\"https:\/\/www.rebel-cell.com\/fr\/delivery\/\",\"name\":\"\u00c9nergie portable | Rebelcell | Pour la p\u00eache \u00e0 la ligne, en plein air et en mer\",\"isPartOf\":{\"@id\":\"https:\/\/www.rebel-cell.com\/fr\/#website\"},\"datePublished\":\"2020-02-21T09:43:09+00:00\",\"dateModified\":\"2022-11-07T12:58:21+00:00\",\"description\":\"Des batteries et des chargeurs au lithium-ion puissants, l\u00e9gers et durables. Rebelcell. \u00c9nergie portable pour la p\u00eache \u00e0 la ligne, en plein air et en mer.\",\"breadcrumb\":{\"@id\":\"https:\/\/www.rebel-cell.com\/fr\/delivery\/#breadcrumb\"},\"inLanguage\":\"fr-FR\",\"potentialAction\":[{\"@type\":\"ReadAction\",\"target\":[\"https:\/\/www.rebel-cell.com\/fr\/delivery\/\"]}]},{\"@type\":\"BreadcrumbList\",\"@id\":\"https:\/\/www.rebel-cell.com\/fr\/delivery\/#breadcrumb\",\"itemListElement\":[{\"@type\":\"ListItem\",\"position\":1,\"name\":\"Home\",\"item\":\"https:\/\/www.rebel-cell.com\/fr\/\"},{\"@type\":\"ListItem\",\"position\":2,\"name\":\"Livraison\"}]},{\"@type\":\"WebSite\",\"@id\":\"https:\/\/www.rebel-cell.com\/fr\/#website\",\"url\":\"https:\/\/www.rebel-cell.com\/fr\/\",\"name\":\"Rebelcell\",\"description\":\"Rebelcell\",\"publisher\":{\"@id\":\"https:\/\/www.rebel-cell.com\/fr\/#organization\"},\"potentialAction\":[{\"@type\":\"SearchAction\",\"target\":{\"@type\":\"EntryPoint\",\"urlTemplate\":\"https:\/\/www.rebel-cell.com\/fr\/?s={search_term_string}\"},\"query-input\":{\"@type\":\"PropertyValueSpecification\",\"valueRequired\":true,\"valueName\":\"search_term_string\"}}],\"inLanguage\":\"fr-FR\"},{\"@type\":\"Organization\",\"@id\":\"https:\/\/www.rebel-cell.com\/fr\/#organization\",\"name\":\"Rebelcell\",\"url\":\"https:\/\/www.rebel-cell.com\/fr\/\",\"logo\":{\"@type\":\"ImageObject\",\"inLanguage\":\"fr-FR\",\"@id\":\"https:\/\/www.rebel-cell.com\/fr\/#\/schema\/logo\/image\/\",\"url\":\"https:\/\/www.rebel-cell.com\/wp-content\/uploads\/rebelcell-logo-300.png\",\"contentUrl\":\"https:\/\/www.rebel-cell.com\/wp-content\/uploads\/rebelcell-logo-300.png\",\"width\":300,\"height\":55,\"caption\":\"Rebelcell\"},\"image\":{\"@id\":\"https:\/\/www.rebel-cell.com\/fr\/#\/schema\/logo\/image\/\"},\"sameAs\":[\"https:\/\/www.facebook.com\/rebelcelleu\",\"https:\/\/x.com\/rebelcellnl\",\"https:\/\/www.instagram.com\/rebelcelleurope\/?hl=nl\",\"https:\/\/www.youtube.com\/channel\/UCpySQUq4xwwtqveV1f8oiFw\"]}]}<\/script>\n<!-- \/ Yoast SEO Premium plugin. -->","yoast_head_json":{"title":"\u00c9nergie portable | Rebelcell | Pour la p\u00eache \u00e0 la ligne, en plein air et en mer","description":"Des batteries et des chargeurs au lithium-ion puissants, l\u00e9gers et durables. Rebelcell. \u00c9nergie portable pour la p\u00eache \u00e0 la ligne, en plein air et en mer.","robots":{"index":"index","follow":"follow","max-snippet":"max-snippet:-1","max-image-preview":"max-image-preview:large","max-video-preview":"max-video-preview:-1"},"canonical":"https:\/\/www.rebel-cell.com\/fr\/delivery\/","og_locale":"fr_FR","og_type":"article","og_title":"Livraison","og_description":"Des batteries et des chargeurs au lithium-ion puissants, l\u00e9gers et durables. Rebelcell. \u00c9nergie portable pour la p\u00eache \u00e0 la ligne, en plein air et en mer.","og_url":"https:\/\/www.rebel-cell.com\/fr\/delivery\/","og_site_name":"Rebelcell","article_publisher":"https:\/\/www.facebook.com\/rebelcelleu","article_modified_time":"2022-11-07T12:58:21+00:00","twitter_card":"summary_large_image","twitter_site":"@rebelcellnl","twitter_misc":{"Dur\u00e9e de lecture estim\u00e9e":"1 minute"},"schema":{"@context":"https:\/\/schema.org","@graph":[{"@type":"WebPage","@id":"https:\/\/www.rebel-cell.com\/fr\/delivery\/","url":"https:\/\/www.rebel-cell.com\/fr\/delivery\/","name":"\u00c9nergie portable | Rebelcell | Pour la p\u00eache \u00e0 la ligne, en plein air et en mer","isPartOf":{"@id":"https:\/\/www.rebel-cell.com\/fr\/#website"},"datePublished":"2020-02-21T09:43:09+00:00","dateModified":"2022-11-07T12:58:21+00:00","description":"Des batteries et des chargeurs au lithium-ion puissants, l\u00e9gers et durables. Rebelcell. \u00c9nergie portable pour la p\u00eache \u00e0 la ligne, en plein air et en mer.","breadcrumb":{"@id":"https:\/\/www.rebel-cell.com\/fr\/delivery\/#breadcrumb"},"inLanguage":"fr-FR","potentialAction":[{"@type":"ReadAction","target":["https:\/\/www.rebel-cell.com\/fr\/delivery\/"]}]},{"@type":"BreadcrumbList","@id":"https:\/\/www.rebel-cell.com\/fr\/delivery\/#breadcrumb","itemListElement":[{"@type":"ListItem","position":1,"name":"Home","item":"https:\/\/www.rebel-cell.com\/fr\/"},{"@type":"ListItem","position":2,"name":"Livraison"}]},{"@type":"WebSite","@id":"https:\/\/www.rebel-cell.com\/fr\/#website","url":"https:\/\/www.rebel-cell.com\/fr\/","name":"Rebelcell","description":"Rebelcell","publisher":{"@id":"https:\/\/www.rebel-cell.com\/fr\/#organization"},"potentialAction":[{"@type":"SearchAction","target":{"@type":"EntryPoint","urlTemplate":"https:\/\/www.rebel-cell.com\/fr\/?s={search_term_string}"},"query-input":{"@type":"PropertyValueSpecification","valueRequired":true,"valueName":"search_term_string"}}],"inLanguage":"fr-FR"},{"@type":"Organization","@id":"https:\/\/www.rebel-cell.com\/fr\/#organization","name":"Rebelcell","url":"https:\/\/www.rebel-cell.com\/fr\/","logo":{"@type":"ImageObject","inLanguage":"fr-FR","@id":"https:\/\/www.rebel-cell.com\/fr\/#\/schema\/logo\/image\/","url":"https:\/\/www.rebel-cell.com\/wp-content\/uploads\/rebelcell-logo-300.png","contentUrl":"https:\/\/www.rebel-cell.com\/wp-content\/uploads\/rebelcell-logo-300.png","width":300,"height":55,"caption":"Rebelcell"},"image":{"@id":"https:\/\/www.rebel-cell.com\/fr\/#\/schema\/logo\/image\/"},"sameAs":["https:\/\/www.facebook.com\/rebelcelleu","https:\/\/x.com\/rebelcellnl","https:\/\/www.instagram.com\/rebelcelleurope\/?hl=nl","https:\/\/www.youtube.com\/channel\/UCpySQUq4xwwtqveV1f8oiFw"]}]}},"_links":{"self":[{"href":"https:\/\/www.rebel-cell.com\/fr\/wp-json\/wp\/v2\/pages\/5946","targetHints":{"allow":["GET"]}}],"collection":[{"href":"https:\/\/www.rebel-cell.com\/fr\/wp-json\/wp\/v2\/pages"}],"about":[{"href":"https:\/\/www.rebel-cell.com\/fr\/wp-json\/wp\/v2\/types\/page"}],"author":[{"embeddable":true,"href":"https:\/\/www.rebel-cell.com\/fr\/wp-json\/wp\/v2\/users\/1"}],"replies":[{"embeddable":true,"href":"https:\/\/www.rebel-cell.com\/fr\/wp-json\/wp\/v2\/comments?post=5946"}],"version-history":[{"count":0,"href":"https:\/\/www.rebel-cell.com\/fr\/wp-json\/wp\/v2\/pages\/5946\/revisions"}],"wp:attachment":[{"href":"https:\/\/www.rebel-cell.com\/fr\/wp-json\/wp\/v2\/media?parent=5946"}],"curies":[{"name":"wp","href":"https:\/\/api.w.org\/{rel}","templated":true}]}}