{"id":8336,"date":"2020-06-29T14:31:46","date_gmt":"2020-06-29T12:31:46","guid":{"rendered":"https:\/\/www.rebel-cell.com\/packages\/"},"modified":"2023-10-05T17:17:32","modified_gmt":"2023-10-05T15:17:32","slug":"packages","status":"publish","type":"page","link":"https:\/\/www.rebel-cell.com\/fr\/packages\/","title":{"rendered":"Packages"},"content":{"rendered":"<div class=\"cat-txt\">\n<h3>Cr\u00e9ez votre propre package avec remise !<\/h3>\n<p>Vous cr\u00e9ez votre package id\u00e9al en trois \u00e9tapes simples.<br \/>\nAinsi, c\u2019est vous qui choisissez ce que vous voulez\u00a0!<br \/>\nEt vous b\u00e9n\u00e9ficiez \u00e9galement d&rsquo;une r\u00e9duction suppl\u00e9mentaire.<\/p>\n<h3><img decoding=\"async\" class=\"alignnone size-full wp-image-6306\" src=\"https:\/\/www.rebel-cell.com\/wp-content\/uploads\/step1.png\" alt=\"\" width=\"25\" height=\"25\" \/> Choisissez votre <a href=\"https:\/\/www.rebel-cell.com\/fr\/categorie-produit\/batteries\/\">batterie<\/a><\/h3>\n<p>Choisissez l&rsquo;une de nos batteries lithium-ion, puissantes et l\u00e9g\u00e8res.<\/p>\n<h3><img decoding=\"async\" class=\"alignnone size-full wp-image-6302\" src=\"https:\/\/www.rebel-cell.com\/wp-content\/uploads\/step2.png\" alt=\"\" width=\"25\" height=\"25\" \/> Ajoutez votre chargeur avec 10% de r\u00e9duction<\/h3>\n<p>B\u00e9n\u00e9ficiez d&rsquo;une r\u00e9duction de 10 % lorsque vous ajoutez votre chargeur de batterie.<br \/>\nImportant \u00e0 savoir : un chargeur de batterie au plomb n&rsquo;est pas compatible avec nos batteries au lithium.<\/p>\n<h3><img decoding=\"async\" class=\"alignnone size-full wp-image-6298\" src=\"https:\/\/www.rebel-cell.com\/wp-content\/uploads\/step3.png\" alt=\"\" width=\"25\" height=\"25\" \/> <strong>Choisissez vos accessoires avec 20% de r\u00e9duction<br \/>\n<\/strong><\/h3>\n<p>B\u00e9n\u00e9ficiez d&rsquo;une r\u00e9duction de 20 % sur les accessoires assortis pour plus de confort.<\/p>\n<p><a class=\"startpacketBtn\" href=\"https:\/\/www.rebel-cell.com\/fr\/categorie-produit\/batteries\/\">Cr\u00e9ez votre package<br \/>\n<\/a><\/p>\n<\/div>\n","protected":false},"excerpt":{"rendered":"<p>Cr\u00e9ez votre propre package avec remise ! Vous cr\u00e9ez votre package id\u00e9al en trois \u00e9tapes simples. Ainsi, c\u2019est vous qui choisissez ce que vous voulez\u00a0! Et vous b\u00e9n\u00e9ficiez \u00e9galement d&rsquo;une r\u00e9duction suppl\u00e9mentaire. Choisissez votre batterie Choisissez l&rsquo;une de nos batteries lithium-ion, puissantes et l\u00e9g\u00e8res. Ajoutez votre chargeur avec 10% de r\u00e9duction B\u00e9n\u00e9ficiez d&rsquo;une r\u00e9duction de [&hellip;]<\/p>\n","protected":false},"author":1,"featured_media":0,"parent":0,"menu_order":72,"comment_status":"closed","ping_status":"closed","template":"page-template\/common_page.php","meta":{"_acf_changed":false,"footnotes":""},"class_list":["post-8336","page","type-page","status-publish","hentry"],"acf":[],"yoast_head":"<!-- This site is optimized with the Yoast SEO Premium plugin v27.1 (Yoast SEO v27.1.1) - https:\/\/yoast.com\/product\/yoast-seo-premium-wordpress\/ -->\n<title>Packages - Rebelcell<\/title>\n<meta name=\"robots\" content=\"index, follow, max-snippet:-1, max-image-preview:large, max-video-preview:-1\" \/>\n<link rel=\"canonical\" href=\"https:\/\/www.rebel-cell.com\/fr\/packages\/\" \/>\n<meta property=\"og:locale\" content=\"fr_FR\" \/>\n<meta property=\"og:type\" content=\"article\" \/>\n<meta property=\"og:title\" content=\"Packages\" \/>\n<meta property=\"og:description\" content=\"Cr\u00e9ez votre propre package avec remise ! Vous cr\u00e9ez votre package id\u00e9al en trois \u00e9tapes simples. Ainsi, c\u2019est vous qui choisissez ce que vous voulez\u00a0! Et vous b\u00e9n\u00e9ficiez \u00e9galement d&rsquo;une r\u00e9duction suppl\u00e9mentaire. Choisissez votre batterie Choisissez l&rsquo;une de nos batteries lithium-ion, puissantes et l\u00e9g\u00e8res. Ajoutez votre chargeur avec 10% de r\u00e9duction B\u00e9n\u00e9ficiez d&rsquo;une r\u00e9duction de [&hellip;]\" \/>\n<meta property=\"og:url\" content=\"https:\/\/www.rebel-cell.com\/fr\/packages\/\" \/>\n<meta property=\"og:site_name\" content=\"Rebelcell\" \/>\n<meta property=\"article:publisher\" content=\"https:\/\/www.facebook.com\/rebelcelleu\" \/>\n<meta property=\"article:modified_time\" content=\"2023-10-05T15:17:32+00:00\" \/>\n<meta property=\"og:image\" content=\"https:\/\/www.rebel-cell.com\/wp-content\/uploads\/step1.png\" \/>\n<meta name=\"twitter:card\" content=\"summary_large_image\" \/>\n<meta name=\"twitter:site\" content=\"@rebelcellnl\" \/>\n<meta name=\"twitter:label1\" content=\"Dur\u00e9e de lecture estim\u00e9e\" \/>\n\t<meta name=\"twitter:data1\" content=\"2 minutes\" \/>\n<script type=\"application\/ld+json\" class=\"yoast-schema-graph\">{\"@context\":\"https:\/\/schema.org\",\"@graph\":[{\"@type\":\"WebPage\",\"@id\":\"https:\/\/www.rebel-cell.com\/fr\/packages\/\",\"url\":\"https:\/\/www.rebel-cell.com\/fr\/packages\/\",\"name\":\"Packages - Rebelcell\",\"isPartOf\":{\"@id\":\"https:\/\/www.rebel-cell.com\/fr\/#website\"},\"primaryImageOfPage\":{\"@id\":\"https:\/\/www.rebel-cell.com\/fr\/packages\/#primaryimage\"},\"image\":{\"@id\":\"https:\/\/www.rebel-cell.com\/fr\/packages\/#primaryimage\"},\"thumbnailUrl\":\"https:\/\/www.rebel-cell.com\/wp-content\/uploads\/step1.png\",\"datePublished\":\"2020-06-29T12:31:46+00:00\",\"dateModified\":\"2023-10-05T15:17:32+00:00\",\"breadcrumb\":{\"@id\":\"https:\/\/www.rebel-cell.com\/fr\/packages\/#breadcrumb\"},\"inLanguage\":\"fr-FR\",\"potentialAction\":[{\"@type\":\"ReadAction\",\"target\":[\"https:\/\/www.rebel-cell.com\/fr\/packages\/\"]}]},{\"@type\":\"ImageObject\",\"inLanguage\":\"fr-FR\",\"@id\":\"https:\/\/www.rebel-cell.com\/fr\/packages\/#primaryimage\",\"url\":\"https:\/\/www.rebel-cell.com\/wp-content\/uploads\/step1.png\",\"contentUrl\":\"https:\/\/www.rebel-cell.com\/wp-content\/uploads\/step1.png\"},{\"@type\":\"BreadcrumbList\",\"@id\":\"https:\/\/www.rebel-cell.com\/fr\/packages\/#breadcrumb\",\"itemListElement\":[{\"@type\":\"ListItem\",\"position\":1,\"name\":\"Home\",\"item\":\"https:\/\/www.rebel-cell.com\/fr\/\"},{\"@type\":\"ListItem\",\"position\":2,\"name\":\"Packages\"}]},{\"@type\":\"WebSite\",\"@id\":\"https:\/\/www.rebel-cell.com\/fr\/#website\",\"url\":\"https:\/\/www.rebel-cell.com\/fr\/\",\"name\":\"Rebelcell\",\"description\":\"Rebelcell\",\"publisher\":{\"@id\":\"https:\/\/www.rebel-cell.com\/fr\/#organization\"},\"potentialAction\":[{\"@type\":\"SearchAction\",\"target\":{\"@type\":\"EntryPoint\",\"urlTemplate\":\"https:\/\/www.rebel-cell.com\/fr\/?s={search_term_string}\"},\"query-input\":{\"@type\":\"PropertyValueSpecification\",\"valueRequired\":true,\"valueName\":\"search_term_string\"}}],\"inLanguage\":\"fr-FR\"},{\"@type\":\"Organization\",\"@id\":\"https:\/\/www.rebel-cell.com\/fr\/#organization\",\"name\":\"Rebelcell\",\"url\":\"https:\/\/www.rebel-cell.com\/fr\/\",\"logo\":{\"@type\":\"ImageObject\",\"inLanguage\":\"fr-FR\",\"@id\":\"https:\/\/www.rebel-cell.com\/fr\/#\/schema\/logo\/image\/\",\"url\":\"https:\/\/www.rebel-cell.com\/wp-content\/uploads\/rebelcell-logo-300.png\",\"contentUrl\":\"https:\/\/www.rebel-cell.com\/wp-content\/uploads\/rebelcell-logo-300.png\",\"width\":300,\"height\":55,\"caption\":\"Rebelcell\"},\"image\":{\"@id\":\"https:\/\/www.rebel-cell.com\/fr\/#\/schema\/logo\/image\/\"},\"sameAs\":[\"https:\/\/www.facebook.com\/rebelcelleu\",\"https:\/\/x.com\/rebelcellnl\",\"https:\/\/www.instagram.com\/rebelcelleurope\/?hl=nl\",\"https:\/\/www.youtube.com\/channel\/UCpySQUq4xwwtqveV1f8oiFw\"]}]}<\/script>\n<!-- \/ Yoast SEO Premium plugin. -->","yoast_head_json":{"title":"Packages - Rebelcell","robots":{"index":"index","follow":"follow","max-snippet":"max-snippet:-1","max-image-preview":"max-image-preview:large","max-video-preview":"max-video-preview:-1"},"canonical":"https:\/\/www.rebel-cell.com\/fr\/packages\/","og_locale":"fr_FR","og_type":"article","og_title":"Packages","og_description":"Cr\u00e9ez votre propre package avec remise ! Vous cr\u00e9ez votre package id\u00e9al en trois \u00e9tapes simples. Ainsi, c\u2019est vous qui choisissez ce que vous voulez\u00a0! Et vous b\u00e9n\u00e9ficiez \u00e9galement d&rsquo;une r\u00e9duction suppl\u00e9mentaire. Choisissez votre batterie Choisissez l&rsquo;une de nos batteries lithium-ion, puissantes et l\u00e9g\u00e8res. Ajoutez votre chargeur avec 10% de r\u00e9duction B\u00e9n\u00e9ficiez d&rsquo;une r\u00e9duction de [&hellip;]","og_url":"https:\/\/www.rebel-cell.com\/fr\/packages\/","og_site_name":"Rebelcell","article_publisher":"https:\/\/www.facebook.com\/rebelcelleu","article_modified_time":"2023-10-05T15:17:32+00:00","og_image":[{"url":"https:\/\/www.rebel-cell.com\/wp-content\/uploads\/step1.png","type":"","width":"","height":""}],"twitter_card":"summary_large_image","twitter_site":"@rebelcellnl","twitter_misc":{"Dur\u00e9e de lecture estim\u00e9e":"2 minutes"},"schema":{"@context":"https:\/\/schema.org","@graph":[{"@type":"WebPage","@id":"https:\/\/www.rebel-cell.com\/fr\/packages\/","url":"https:\/\/www.rebel-cell.com\/fr\/packages\/","name":"Packages - Rebelcell","isPartOf":{"@id":"https:\/\/www.rebel-cell.com\/fr\/#website"},"primaryImageOfPage":{"@id":"https:\/\/www.rebel-cell.com\/fr\/packages\/#primaryimage"},"image":{"@id":"https:\/\/www.rebel-cell.com\/fr\/packages\/#primaryimage"},"thumbnailUrl":"https:\/\/www.rebel-cell.com\/wp-content\/uploads\/step1.png","datePublished":"2020-06-29T12:31:46+00:00","dateModified":"2023-10-05T15:17:32+00:00","breadcrumb":{"@id":"https:\/\/www.rebel-cell.com\/fr\/packages\/#breadcrumb"},"inLanguage":"fr-FR","potentialAction":[{"@type":"ReadAction","target":["https:\/\/www.rebel-cell.com\/fr\/packages\/"]}]},{"@type":"ImageObject","inLanguage":"fr-FR","@id":"https:\/\/www.rebel-cell.com\/fr\/packages\/#primaryimage","url":"https:\/\/www.rebel-cell.com\/wp-content\/uploads\/step1.png","contentUrl":"https:\/\/www.rebel-cell.com\/wp-content\/uploads\/step1.png"},{"@type":"BreadcrumbList","@id":"https:\/\/www.rebel-cell.com\/fr\/packages\/#breadcrumb","itemListElement":[{"@type":"ListItem","position":1,"name":"Home","item":"https:\/\/www.rebel-cell.com\/fr\/"},{"@type":"ListItem","position":2,"name":"Packages"}]},{"@type":"WebSite","@id":"https:\/\/www.rebel-cell.com\/fr\/#website","url":"https:\/\/www.rebel-cell.com\/fr\/","name":"Rebelcell","description":"Rebelcell","publisher":{"@id":"https:\/\/www.rebel-cell.com\/fr\/#organization"},"potentialAction":[{"@type":"SearchAction","target":{"@type":"EntryPoint","urlTemplate":"https:\/\/www.rebel-cell.com\/fr\/?s={search_term_string}"},"query-input":{"@type":"PropertyValueSpecification","valueRequired":true,"valueName":"search_term_string"}}],"inLanguage":"fr-FR"},{"@type":"Organization","@id":"https:\/\/www.rebel-cell.com\/fr\/#organization","name":"Rebelcell","url":"https:\/\/www.rebel-cell.com\/fr\/","logo":{"@type":"ImageObject","inLanguage":"fr-FR","@id":"https:\/\/www.rebel-cell.com\/fr\/#\/schema\/logo\/image\/","url":"https:\/\/www.rebel-cell.com\/wp-content\/uploads\/rebelcell-logo-300.png","contentUrl":"https:\/\/www.rebel-cell.com\/wp-content\/uploads\/rebelcell-logo-300.png","width":300,"height":55,"caption":"Rebelcell"},"image":{"@id":"https:\/\/www.rebel-cell.com\/fr\/#\/schema\/logo\/image\/"},"sameAs":["https:\/\/www.facebook.com\/rebelcelleu","https:\/\/x.com\/rebelcellnl","https:\/\/www.instagram.com\/rebelcelleurope\/?hl=nl","https:\/\/www.youtube.com\/channel\/UCpySQUq4xwwtqveV1f8oiFw"]}]}},"_links":{"self":[{"href":"https:\/\/www.rebel-cell.com\/fr\/wp-json\/wp\/v2\/pages\/8336","targetHints":{"allow":["GET"]}}],"collection":[{"href":"https:\/\/www.rebel-cell.com\/fr\/wp-json\/wp\/v2\/pages"}],"about":[{"href":"https:\/\/www.rebel-cell.com\/fr\/wp-json\/wp\/v2\/types\/page"}],"author":[{"embeddable":true,"href":"https:\/\/www.rebel-cell.com\/fr\/wp-json\/wp\/v2\/users\/1"}],"replies":[{"embeddable":true,"href":"https:\/\/www.rebel-cell.com\/fr\/wp-json\/wp\/v2\/comments?post=8336"}],"version-history":[{"count":0,"href":"https:\/\/www.rebel-cell.com\/fr\/wp-json\/wp\/v2\/pages\/8336\/revisions"}],"wp:attachment":[{"href":"https:\/\/www.rebel-cell.com\/fr\/wp-json\/wp\/v2\/media?parent=8336"}],"curies":[{"name":"wp","href":"https:\/\/api.w.org\/{rel}","templated":true}]}}