{"id":10442,"date":"2021-02-11T10:36:38","date_gmt":"2021-02-11T09:36:38","guid":{"rendered":"https:\/\/www.rebel-cell.com\/?post_type=product&#038;p=10442"},"modified":"2023-12-08T11:54:49","modified_gmt":"2023-12-08T10:54:49","slug":"chargeur-42v20a-etanche-kopie","status":"publish","type":"product","link":"https:\/\/www.rebel-cell.com\/fr\/product\/chargeur-42v20a-etanche-kopie\/","title":{"rendered":"Chargeur 42V20A Lithium \u00e9tanche (IP65)"},"content":{"rendered":"<h2>DESCRIPTION DU PRODUIT CHARGEUR DE BATTERIE REBELCELL 42V20A ETANCHE<\/h2>\n<p>Le <strong>chargeur de batterie au lithium 42V20A \u00e9tanche (IP65)<\/strong> a \u00e9t\u00e9 <strong>sp\u00e9cialement con\u00e7u<\/strong> pour charger les batteries au lithium <strong>Rebelcell 36V<\/strong>. Le programme de charge sp\u00e9cialement con\u00e7u garantit que votre batterie est <strong>charg\u00e9e automatiquement et en toute s\u00e9curit\u00e9<\/strong> avec le profil de charge correct (tension \/ courant de charge). Le chargeur <strong>s&rsquo;\u00e9teint automatiquement lorsque<\/strong> le processus de charge est termin\u00e9.<\/p>\n<p>Vous pouvez facilement <strong>contr\u00f4ler l&rsquo;\u00e9tat du processus de charge gr\u00e2ce \u00e0 l&rsquo;indicateur LED situ\u00e9 sur le chargeur.<\/strong> Le chargeur est \u00e9quip\u00e9 d&rsquo;un certain <strong>nombre de fonctions de protection<\/strong> telles que la protection contre les courts-circuits, l&rsquo;inversion de polarit\u00e9 et la surtension, qui garantissent que vous pouvez utiliser votre chargeur en toute s\u00e9curit\u00e9 dans n&rsquo;importe quelle situation. Ce chargeur est scell\u00e9 avec de la r\u00e9sine \u00e9poxy, ce qui le rend <strong>id\u00e9al pour une installation permanente dans votre bateau.<\/strong><\/p>\n<p>Ce chargeur est <strong>uniquement con\u00e7u pour charger une batterie Rebelcell 36V<\/strong>. Si vous chargez d&rsquo;autres batteries que celles sp\u00e9cifi\u00e9es, des dommages (irr\u00e9parables) peuvent survenir.<\/p>\n<p><strong>Temps de charge<br \/>\n<\/strong><b>36V70: <\/b>5-6\u00a0h<\/p>\n<p>Code produit: WC42V20REUA<\/p>\n<p>Barcode: 7106623686188<\/p>\n<p>EAN: 8720964630205<\/p>\n","protected":false},"excerpt":{"rendered":"<p>Le <strong>chargeur \u00e9tanche 42V20A (IP65)<\/strong> a \u00e9t\u00e9 <strong>sp\u00e9cialement con\u00e7u<\/strong> pour charger les batteries Rebelcell lithium 36V. Le programme de charge sp\u00e9cialement con\u00e7u garantit que votre batterie est <strong>charg\u00e9e automatiquement et en toute s\u00e9curit\u00e9<\/strong> avec le bon profil de charge (tension \/ courant de charge). Par exemple, une batterie lithium de 36V70 BT peut \u00eatre <strong>charg\u00e9e en 6 heures<\/strong>. Ce chargeur est scell\u00e9 avec de la r\u00e9sine \u00e9poxy, ce qui le rend <strong>id\u00e9al pour une installation permanente dans votre bateau.<\/strong><br \/>\n<a href=\"#proddesc\">Lire la suite &gt;<\/a><\/p>\n","protected":false},"featured_media":24095,"comment_status":"open","ping_status":"closed","template":"","meta":{"_acf_changed":false},"product_brand":[],"product_cat":[1903,4445],"product_tag":[4090],"class_list":{"0":"post-10442","1":"product","2":"type-product","3":"status-publish","4":"has-post-thumbnail","6":"product_cat-chargeurs","7":"product_cat-chargeurs-ac","8":"product_tag-7106623686157-fr","9":"product_shipping_class-normal-shipment","11":"first","12":"instock","13":"taxable","14":"shipping-taxable","15":"purchasable","16":"product-type-simple"},"bundled_by":["30700"],"bundle_stock_status":"instock","bundle_stock_quantity":26,"bundle_virtual":false,"bundle_layout":"","bundle_add_to_cart_form_location":"","bundle_editable_in_cart":false,"bundle_sold_individually_context":"","bundle_item_grouping":"","bundle_min_size":"","bundle_max_size":"","bundle_price":[],"bundled_items":[],"bundle_sell_ids":[],"acf":[],"yoast_head":"<!-- This site is optimized with the Yoast SEO Premium plugin v27.1 (Yoast SEO v27.1.1) - https:\/\/yoast.com\/product\/yoast-seo-premium-wordpress\/ -->\n<title>Chargeur 42V20A \u00e9tanche | Rebelcell | \u00c9nergie portable pour l&#039;ext\u00e9rieur<\/title>\n<meta name=\"description\" content=\"Chargeur \u00e9tanche 42V20A. Chargez rapidement et en toute s\u00e9curit\u00e9 la batterie li-ion 36V70. Rebelcell. \u00c9nergie portable pour la p\u00eache \u00e0 la ligne, en plein air et en mer.\" \/>\n<meta name=\"robots\" content=\"index, follow, max-snippet:-1, max-image-preview:large, max-video-preview:-1\" \/>\n<link rel=\"canonical\" href=\"https:\/\/www.rebel-cell.com\/fr\/product\/chargeur-42v20a-etanche-kopie\/\" \/>\n<meta property=\"og:locale\" content=\"fr_FR\" \/>\n<meta property=\"og:type\" content=\"article\" \/>\n<meta property=\"og:title\" content=\"Chargeur 42V20A Lithium \u00e9tanche (IP65)\" \/>\n<meta property=\"og:description\" content=\"Chargeur \u00e9tanche 42V20A. Chargez rapidement et en toute s\u00e9curit\u00e9 la batterie li-ion 36V70. Rebelcell. \u00c9nergie portable pour la p\u00eache \u00e0 la ligne, en plein air et en mer.\" \/>\n<meta property=\"og:url\" content=\"https:\/\/www.rebel-cell.com\/fr\/product\/chargeur-42v20a-etanche-kopie\/\" \/>\n<meta property=\"og:site_name\" content=\"Rebelcell\" \/>\n<meta property=\"article:publisher\" content=\"https:\/\/www.facebook.com\/rebelcelleu\" \/>\n<meta property=\"article:modified_time\" content=\"2023-12-08T10:54:49+00:00\" \/>\n<meta property=\"og:image\" content=\"https:\/\/www.rebel-cell.com\/wp-content\/uploads\/WP_Charger_42V20A_top_side.jpg\" \/>\n\t<meta property=\"og:image:width\" content=\"1500\" \/>\n\t<meta property=\"og:image:height\" content=\"1500\" \/>\n\t<meta property=\"og:image:type\" content=\"image\/jpeg\" \/>\n<meta name=\"twitter:card\" content=\"summary_large_image\" \/>\n<meta name=\"twitter:site\" content=\"@rebelcellnl\" \/>\n<meta name=\"twitter:label1\" content=\"Prix\" \/>\n\t<meta name=\"twitter:data1\" content=\"&euro;399,00\" \/>\n\t<meta name=\"twitter:label2\" content=\"Disponibilit\u00e9\" \/>\n\t<meta name=\"twitter:data2\" content=\"En stock\" \/>\n<script type=\"application\/ld+json\" class=\"yoast-schema-graph\">{\"@context\":\"https:\/\/schema.org\",\"@graph\":[{\"@type\":[\"WebPage\",\"ItemPage\"],\"@id\":\"https:\/\/www.rebel-cell.com\/fr\/product\/chargeur-42v20a-etanche-kopie\/\",\"url\":\"https:\/\/www.rebel-cell.com\/fr\/product\/chargeur-42v20a-etanche-kopie\/\",\"name\":\"Chargeur 42V20A \u00e9tanche | Rebelcell | \u00c9nergie portable pour l'ext\u00e9rieur\",\"isPartOf\":{\"@id\":\"https:\/\/www.rebel-cell.com\/fr\/#website\"},\"primaryImageOfPage\":{\"@id\":\"https:\/\/www.rebel-cell.com\/fr\/product\/chargeur-42v20a-etanche-kopie\/#primaryimage\"},\"image\":{\"@id\":\"https:\/\/www.rebel-cell.com\/fr\/product\/chargeur-42v20a-etanche-kopie\/#primaryimage\"},\"thumbnailUrl\":\"https:\/\/www.rebel-cell.com\/wp-content\/uploads\/2024-10-11-Lader-42V20A-3D.webp\",\"datePublished\":\"2021-02-11T09:36:38+00:00\",\"dateModified\":\"2023-12-08T10:54:49+00:00\",\"description\":\"Chargeur \u00e9tanche 42V20A. Chargez rapidement et en toute s\u00e9curit\u00e9 la batterie li-ion 36V70. Rebelcell. \u00c9nergie portable pour la p\u00eache \u00e0 la ligne, en plein air et en mer.\",\"breadcrumb\":{\"@id\":\"https:\/\/www.rebel-cell.com\/fr\/product\/chargeur-42v20a-etanche-kopie\/#breadcrumb\"},\"inLanguage\":\"fr-FR\",\"potentialAction\":[{\"@type\":\"ReadAction\",\"target\":[\"https:\/\/www.rebel-cell.com\/fr\/product\/chargeur-42v20a-etanche-kopie\/\"]}]},{\"@type\":\"ImageObject\",\"inLanguage\":\"fr-FR\",\"@id\":\"https:\/\/www.rebel-cell.com\/fr\/product\/chargeur-42v20a-etanche-kopie\/#primaryimage\",\"url\":\"https:\/\/www.rebel-cell.com\/wp-content\/uploads\/2024-10-11-Lader-42V20A-3D.webp\",\"contentUrl\":\"https:\/\/www.rebel-cell.com\/wp-content\/uploads\/2024-10-11-Lader-42V20A-3D.webp\",\"width\":1920,\"height\":1920},{\"@type\":\"BreadcrumbList\",\"@id\":\"https:\/\/www.rebel-cell.com\/fr\/product\/chargeur-42v20a-etanche-kopie\/#breadcrumb\",\"itemListElement\":[{\"@type\":\"ListItem\",\"position\":1,\"name\":\"Home\",\"item\":\"https:\/\/www.rebel-cell.com\/fr\/\"},{\"@type\":\"ListItem\",\"position\":2,\"name\":\"Shop\",\"item\":\"https:\/\/www.rebel-cell.com\/fr\/boutique\/\"},{\"@type\":\"ListItem\",\"position\":3,\"name\":\"Chargeur 42V20A Lithium \u00e9tanche (IP65)\"}]},{\"@type\":\"WebSite\",\"@id\":\"https:\/\/www.rebel-cell.com\/fr\/#website\",\"url\":\"https:\/\/www.rebel-cell.com\/fr\/\",\"name\":\"Rebelcell\",\"description\":\"Rebelcell\",\"publisher\":{\"@id\":\"https:\/\/www.rebel-cell.com\/fr\/#organization\"},\"potentialAction\":[{\"@type\":\"SearchAction\",\"target\":{\"@type\":\"EntryPoint\",\"urlTemplate\":\"https:\/\/www.rebel-cell.com\/fr\/?s={search_term_string}\"},\"query-input\":{\"@type\":\"PropertyValueSpecification\",\"valueRequired\":true,\"valueName\":\"search_term_string\"}}],\"inLanguage\":\"fr-FR\"},{\"@type\":\"Organization\",\"@id\":\"https:\/\/www.rebel-cell.com\/fr\/#organization\",\"name\":\"Rebelcell\",\"url\":\"https:\/\/www.rebel-cell.com\/fr\/\",\"logo\":{\"@type\":\"ImageObject\",\"inLanguage\":\"fr-FR\",\"@id\":\"https:\/\/www.rebel-cell.com\/fr\/#\/schema\/logo\/image\/\",\"url\":\"https:\/\/www.rebel-cell.com\/wp-content\/uploads\/rebelcell-logo-300.png\",\"contentUrl\":\"https:\/\/www.rebel-cell.com\/wp-content\/uploads\/rebelcell-logo-300.png\",\"width\":300,\"height\":55,\"caption\":\"Rebelcell\"},\"image\":{\"@id\":\"https:\/\/www.rebel-cell.com\/fr\/#\/schema\/logo\/image\/\"},\"sameAs\":[\"https:\/\/www.facebook.com\/rebelcelleu\",\"https:\/\/x.com\/rebelcellnl\",\"https:\/\/www.instagram.com\/rebelcelleurope\/?hl=nl\",\"https:\/\/www.youtube.com\/channel\/UCpySQUq4xwwtqveV1f8oiFw\"]}]}<\/script>\n<meta property=\"product:price:amount\" content=\"399.00\" \/>\n<meta property=\"product:price:currency\" content=\"EUR\" \/>\n<meta property=\"og:availability\" content=\"instock\" \/>\n<meta property=\"product:availability\" content=\"instock\" \/>\n<meta property=\"product:retailer_item_id\" content=\"8720964630205\" \/>\n<meta property=\"product:condition\" content=\"new\" \/>\n<!-- \/ Yoast SEO Premium plugin. -->","yoast_head_json":{"title":"Chargeur 42V20A \u00e9tanche | Rebelcell | \u00c9nergie portable pour l'ext\u00e9rieur","description":"Chargeur \u00e9tanche 42V20A. Chargez rapidement et en toute s\u00e9curit\u00e9 la batterie li-ion 36V70. Rebelcell. \u00c9nergie portable pour la p\u00eache \u00e0 la ligne, en plein air et en mer.","robots":{"index":"index","follow":"follow","max-snippet":"max-snippet:-1","max-image-preview":"max-image-preview:large","max-video-preview":"max-video-preview:-1"},"canonical":"https:\/\/www.rebel-cell.com\/fr\/product\/chargeur-42v20a-etanche-kopie\/","og_locale":"fr_FR","og_type":"article","og_title":"Chargeur 42V20A Lithium \u00e9tanche (IP65)","og_description":"Chargeur \u00e9tanche 42V20A. Chargez rapidement et en toute s\u00e9curit\u00e9 la batterie li-ion 36V70. Rebelcell. \u00c9nergie portable pour la p\u00eache \u00e0 la ligne, en plein air et en mer.","og_url":"https:\/\/www.rebel-cell.com\/fr\/product\/chargeur-42v20a-etanche-kopie\/","og_site_name":"Rebelcell","article_publisher":"https:\/\/www.facebook.com\/rebelcelleu","article_modified_time":"2023-12-08T10:54:49+00:00","og_image":[{"width":1500,"height":1500,"url":"https:\/\/www.rebel-cell.com\/wp-content\/uploads\/WP_Charger_42V20A_top_side.jpg","type":"image\/jpeg"}],"twitter_card":"summary_large_image","twitter_site":"@rebelcellnl","twitter_misc":{"Prix":"&euro;399,00","Disponibilit\u00e9":"En stock"},"schema":{"@context":"https:\/\/schema.org","@graph":[{"@type":["WebPage","ItemPage"],"@id":"https:\/\/www.rebel-cell.com\/fr\/product\/chargeur-42v20a-etanche-kopie\/","url":"https:\/\/www.rebel-cell.com\/fr\/product\/chargeur-42v20a-etanche-kopie\/","name":"Chargeur 42V20A \u00e9tanche | Rebelcell | \u00c9nergie portable pour l'ext\u00e9rieur","isPartOf":{"@id":"https:\/\/www.rebel-cell.com\/fr\/#website"},"primaryImageOfPage":{"@id":"https:\/\/www.rebel-cell.com\/fr\/product\/chargeur-42v20a-etanche-kopie\/#primaryimage"},"image":{"@id":"https:\/\/www.rebel-cell.com\/fr\/product\/chargeur-42v20a-etanche-kopie\/#primaryimage"},"thumbnailUrl":"https:\/\/www.rebel-cell.com\/wp-content\/uploads\/2024-10-11-Lader-42V20A-3D.webp","datePublished":"2021-02-11T09:36:38+00:00","dateModified":"2023-12-08T10:54:49+00:00","description":"Chargeur \u00e9tanche 42V20A. Chargez rapidement et en toute s\u00e9curit\u00e9 la batterie li-ion 36V70. Rebelcell. \u00c9nergie portable pour la p\u00eache \u00e0 la ligne, en plein air et en mer.","breadcrumb":{"@id":"https:\/\/www.rebel-cell.com\/fr\/product\/chargeur-42v20a-etanche-kopie\/#breadcrumb"},"inLanguage":"fr-FR","potentialAction":[{"@type":"ReadAction","target":["https:\/\/www.rebel-cell.com\/fr\/product\/chargeur-42v20a-etanche-kopie\/"]}]},{"@type":"ImageObject","inLanguage":"fr-FR","@id":"https:\/\/www.rebel-cell.com\/fr\/product\/chargeur-42v20a-etanche-kopie\/#primaryimage","url":"https:\/\/www.rebel-cell.com\/wp-content\/uploads\/2024-10-11-Lader-42V20A-3D.webp","contentUrl":"https:\/\/www.rebel-cell.com\/wp-content\/uploads\/2024-10-11-Lader-42V20A-3D.webp","width":1920,"height":1920},{"@type":"BreadcrumbList","@id":"https:\/\/www.rebel-cell.com\/fr\/product\/chargeur-42v20a-etanche-kopie\/#breadcrumb","itemListElement":[{"@type":"ListItem","position":1,"name":"Home","item":"https:\/\/www.rebel-cell.com\/fr\/"},{"@type":"ListItem","position":2,"name":"Shop","item":"https:\/\/www.rebel-cell.com\/fr\/boutique\/"},{"@type":"ListItem","position":3,"name":"Chargeur 42V20A Lithium \u00e9tanche (IP65)"}]},{"@type":"WebSite","@id":"https:\/\/www.rebel-cell.com\/fr\/#website","url":"https:\/\/www.rebel-cell.com\/fr\/","name":"Rebelcell","description":"Rebelcell","publisher":{"@id":"https:\/\/www.rebel-cell.com\/fr\/#organization"},"potentialAction":[{"@type":"SearchAction","target":{"@type":"EntryPoint","urlTemplate":"https:\/\/www.rebel-cell.com\/fr\/?s={search_term_string}"},"query-input":{"@type":"PropertyValueSpecification","valueRequired":true,"valueName":"search_term_string"}}],"inLanguage":"fr-FR"},{"@type":"Organization","@id":"https:\/\/www.rebel-cell.com\/fr\/#organization","name":"Rebelcell","url":"https:\/\/www.rebel-cell.com\/fr\/","logo":{"@type":"ImageObject","inLanguage":"fr-FR","@id":"https:\/\/www.rebel-cell.com\/fr\/#\/schema\/logo\/image\/","url":"https:\/\/www.rebel-cell.com\/wp-content\/uploads\/rebelcell-logo-300.png","contentUrl":"https:\/\/www.rebel-cell.com\/wp-content\/uploads\/rebelcell-logo-300.png","width":300,"height":55,"caption":"Rebelcell"},"image":{"@id":"https:\/\/www.rebel-cell.com\/fr\/#\/schema\/logo\/image\/"},"sameAs":["https:\/\/www.facebook.com\/rebelcelleu","https:\/\/x.com\/rebelcellnl","https:\/\/www.instagram.com\/rebelcelleurope\/?hl=nl","https:\/\/www.youtube.com\/channel\/UCpySQUq4xwwtqveV1f8oiFw"]}]},"product_price_amount":"399.00","product_price_currency":"EUR","og_availability":"instock","product_availability":"instock","product_retailer_item_id":"8720964630205","product_condition":"new"},"_links":{"self":[{"href":"https:\/\/www.rebel-cell.com\/fr\/wp-json\/wp\/v2\/product\/10442","targetHints":{"allow":["GET"]}}],"collection":[{"href":"https:\/\/www.rebel-cell.com\/fr\/wp-json\/wp\/v2\/product"}],"about":[{"href":"https:\/\/www.rebel-cell.com\/fr\/wp-json\/wp\/v2\/types\/product"}],"replies":[{"embeddable":true,"href":"https:\/\/www.rebel-cell.com\/fr\/wp-json\/wp\/v2\/comments?post=10442"}],"wp:featuredmedia":[{"embeddable":true,"href":"https:\/\/www.rebel-cell.com\/fr\/wp-json\/wp\/v2\/media\/24095"}],"wp:attachment":[{"href":"https:\/\/www.rebel-cell.com\/fr\/wp-json\/wp\/v2\/media?parent=10442"}],"wp:term":[{"taxonomy":"product_brand","embeddable":true,"href":"https:\/\/www.rebel-cell.com\/fr\/wp-json\/wp\/v2\/product_brand?post=10442"},{"taxonomy":"product_cat","embeddable":true,"href":"https:\/\/www.rebel-cell.com\/fr\/wp-json\/wp\/v2\/product_cat?post=10442"},{"taxonomy":"product_tag","embeddable":true,"href":"https:\/\/www.rebel-cell.com\/fr\/wp-json\/wp\/v2\/product_tag?post=10442"}],"curies":[{"name":"wp","href":"https:\/\/api.w.org\/{rel}","templated":true}]}}