{"id":10698,"date":"2021-05-05T11:11:10","date_gmt":"2021-05-05T09:11:10","guid":{"rendered":"https:\/\/www.rebel-cell.com\/?post_type=product&#038;p=10698"},"modified":"2023-12-08T11:35:22","modified_gmt":"2023-12-08T10:35:22","slug":"bonnet","status":"publish","type":"product","link":"https:\/\/www.rebel-cell.com\/fr\/product\/bonnet\/","title":{"rendered":"Rebelcell bonnet"},"content":{"rendered":"<p>Code produit Rebelcell bonnet bordeaux: BEBURGUREACC<\/p>\n<p>Code produit Rebelcell bonnet gris: BEGREYXREACC<\/p>\n<p>Code produit Rebelcell bonnet kaki: BEKHAKIREACC<\/p>\n<p>Barcode Rebelcell bonnet kaki:: 7106623688212<\/p>\n<p>Barcode Rebelcell bonnet gris: 7106623686997<\/p>\n<p>Barcode Rebelcell bonnet bordeaux: 7106623687024<\/p>\n<p>EAN Rebelcell bonnet bordeaux: 8720964630120<\/p>\n<p>EAN Rebelcell bonnet gris: 8720964630823<\/p>\n<p>EAN Rebelcell bonnet kaki: 8720964630830<\/p>\n","protected":false},"excerpt":{"rendered":"<p>Bonnet original Rebelcell, finement tricot\u00e9 en 100% acrylique. Ce bonnet Rebelcell est fabriqu\u00e9 dans une mati\u00e8re agr\u00e9able et douce, avec le logo Rebelcell brod\u00e9 sur le bord pli\u00e9.\u00a0 Avec sa coupe fine (taille unique) et son extensibilit\u00e9 confortable, il gardera votre t\u00eate au chaud pendant les nuits fra\u00eeches, humides et froides sur la rive ou pendant les randonn\u00e9es et le camping. Disponible en 3 couleurs : bordeaux, gris et kaki.<\/p>\n","protected":false},"featured_media":10773,"comment_status":"open","ping_status":"closed","template":"","meta":{"_acf_changed":false},"product_brand":[],"product_cat":[1905,4457],"product_tag":[4130],"class_list":{"0":"post-10698","1":"product","2":"type-product","3":"status-publish","4":"has-post-thumbnail","6":"product_cat-accessoires-fr","7":"product_cat-marchandises","8":"product_tag-7106623688342-fr","9":"product_shipping_class-normal-shipment","10":"pa_fishing-bateau-electrique","11":"pa_fishing-carpe","12":"pa_fishing-predateur","14":"first","15":"instock","16":"taxable","17":"shipping-taxable","18":"purchasable","19":"product-type-variable"},"bundled_by":["11428","11481"],"bundle_stock_status":"instock","bundle_stock_quantity":459,"bundle_virtual":false,"bundle_layout":"","bundle_add_to_cart_form_location":"","bundle_editable_in_cart":false,"bundle_sold_individually_context":"","bundle_item_grouping":"","bundle_min_size":"","bundle_max_size":"","bundle_price":[],"bundled_items":[],"bundle_sell_ids":[],"acf":[],"yoast_head":"<!-- This site is optimized with the Yoast SEO Premium plugin v27.1 (Yoast SEO v27.1.1) - https:\/\/yoast.com\/product\/yoast-seo-premium-wordpress\/ -->\n<title>Bonnet original | Rebelcell | \u00c9nergie portable pour la p\u00eache \u00e0 la lignee n plein air et en mer.<\/title>\n<meta name=\"description\" content=\"Bonnet original Rebelcell, finement tricot\u00e9 en 100% acrylique. Fabriqu\u00e9 dans une mati\u00e8re agr\u00e9able et douce, avec le logo Rebelcell brod\u00e9 sur le bord pli\u00e9. disponible en 3 couleurs : bordeaux, kaki et gris.\u00a0\" \/>\n<meta name=\"robots\" content=\"index, follow, max-snippet:-1, max-image-preview:large, max-video-preview:-1\" \/>\n<link rel=\"canonical\" href=\"https:\/\/www.rebel-cell.com\/fr\/product\/bonnet\/\" \/>\n<meta property=\"og:locale\" content=\"fr_FR\" \/>\n<meta property=\"og:type\" content=\"article\" \/>\n<meta property=\"og:title\" content=\"Rebelcell bonnet\" \/>\n<meta property=\"og:description\" content=\"Bonnet original Rebelcell, finement tricot\u00e9 en 100% acrylique. Fabriqu\u00e9 dans une mati\u00e8re agr\u00e9able et douce, avec le logo Rebelcell brod\u00e9 sur le bord pli\u00e9. disponible en 3 couleurs : bordeaux, kaki et gris.\u00a0\" \/>\n<meta property=\"og:url\" content=\"https:\/\/www.rebel-cell.com\/fr\/product\/bonnet\/\" \/>\n<meta property=\"og:site_name\" content=\"Rebelcell\" \/>\n<meta property=\"article:publisher\" content=\"https:\/\/www.facebook.com\/rebelcelleu\" \/>\n<meta property=\"article:modified_time\" content=\"2023-12-08T10:35:22+00:00\" \/>\n<meta property=\"og:image\" content=\"https:\/\/www.rebel-cell.com\/wp-content\/uploads\/Beanie_burgundy.jpg\" \/>\n\t<meta property=\"og:image:width\" content=\"1000\" \/>\n\t<meta property=\"og:image:height\" content=\"1000\" \/>\n\t<meta property=\"og:image:type\" content=\"image\/jpeg\" \/>\n<meta name=\"twitter:card\" content=\"summary_large_image\" \/>\n<meta name=\"twitter:site\" content=\"@rebelcellnl\" \/>\n<meta name=\"twitter:label1\" content=\"Disponibilit\u00e9\" \/>\n\t<meta name=\"twitter:data1\" content=\"En stock\" \/>\n<script type=\"application\/ld+json\" class=\"yoast-schema-graph\">{\"@context\":\"https:\/\/schema.org\",\"@graph\":[{\"@type\":[\"WebPage\",\"ItemPage\"],\"@id\":\"https:\/\/www.rebel-cell.com\/fr\/product\/bonnet\/\",\"url\":\"https:\/\/www.rebel-cell.com\/fr\/product\/bonnet\/\",\"name\":\"Bonnet original | Rebelcell | \u00c9nergie portable pour la p\u00eache \u00e0 la lignee n plein air et en mer.\",\"isPartOf\":{\"@id\":\"https:\/\/www.rebel-cell.com\/fr\/#website\"},\"primaryImageOfPage\":{\"@id\":\"https:\/\/www.rebel-cell.com\/fr\/product\/bonnet\/#primaryimage\"},\"image\":{\"@id\":\"https:\/\/www.rebel-cell.com\/fr\/product\/bonnet\/#primaryimage\"},\"thumbnailUrl\":\"https:\/\/www.rebel-cell.com\/wp-content\/uploads\/Beanie_burgundy.jpg\",\"datePublished\":\"2021-05-05T09:11:10+00:00\",\"dateModified\":\"2023-12-08T10:35:22+00:00\",\"description\":\"Bonnet original Rebelcell, finement tricot\u00e9 en 100% acrylique. Fabriqu\u00e9 dans une mati\u00e8re agr\u00e9able et douce, avec le logo Rebelcell brod\u00e9 sur le bord pli\u00e9. disponible en 3 couleurs : bordeaux, kaki et gris.\u00a0\",\"breadcrumb\":{\"@id\":\"https:\/\/www.rebel-cell.com\/fr\/product\/bonnet\/#breadcrumb\"},\"inLanguage\":\"fr-FR\",\"potentialAction\":[{\"@type\":\"ReadAction\",\"target\":[\"https:\/\/www.rebel-cell.com\/fr\/product\/bonnet\/\"]}]},{\"@type\":\"ImageObject\",\"inLanguage\":\"fr-FR\",\"@id\":\"https:\/\/www.rebel-cell.com\/fr\/product\/bonnet\/#primaryimage\",\"url\":\"https:\/\/www.rebel-cell.com\/wp-content\/uploads\/Beanie_burgundy.jpg\",\"contentUrl\":\"https:\/\/www.rebel-cell.com\/wp-content\/uploads\/Beanie_burgundy.jpg\",\"width\":1000,\"height\":1000},{\"@type\":\"BreadcrumbList\",\"@id\":\"https:\/\/www.rebel-cell.com\/fr\/product\/bonnet\/#breadcrumb\",\"itemListElement\":[{\"@type\":\"ListItem\",\"position\":1,\"name\":\"Home\",\"item\":\"https:\/\/www.rebel-cell.com\/fr\/\"},{\"@type\":\"ListItem\",\"position\":2,\"name\":\"Shop\",\"item\":\"https:\/\/www.rebel-cell.com\/fr\/boutique\/\"},{\"@type\":\"ListItem\",\"position\":3,\"name\":\"Rebelcell bonnet\"}]},{\"@type\":\"WebSite\",\"@id\":\"https:\/\/www.rebel-cell.com\/fr\/#website\",\"url\":\"https:\/\/www.rebel-cell.com\/fr\/\",\"name\":\"Rebelcell\",\"description\":\"Rebelcell\",\"publisher\":{\"@id\":\"https:\/\/www.rebel-cell.com\/fr\/#organization\"},\"potentialAction\":[{\"@type\":\"SearchAction\",\"target\":{\"@type\":\"EntryPoint\",\"urlTemplate\":\"https:\/\/www.rebel-cell.com\/fr\/?s={search_term_string}\"},\"query-input\":{\"@type\":\"PropertyValueSpecification\",\"valueRequired\":true,\"valueName\":\"search_term_string\"}}],\"inLanguage\":\"fr-FR\"},{\"@type\":\"Organization\",\"@id\":\"https:\/\/www.rebel-cell.com\/fr\/#organization\",\"name\":\"Rebelcell\",\"url\":\"https:\/\/www.rebel-cell.com\/fr\/\",\"logo\":{\"@type\":\"ImageObject\",\"inLanguage\":\"fr-FR\",\"@id\":\"https:\/\/www.rebel-cell.com\/fr\/#\/schema\/logo\/image\/\",\"url\":\"https:\/\/www.rebel-cell.com\/wp-content\/uploads\/rebelcell-logo-300.png\",\"contentUrl\":\"https:\/\/www.rebel-cell.com\/wp-content\/uploads\/rebelcell-logo-300.png\",\"width\":300,\"height\":55,\"caption\":\"Rebelcell\"},\"image\":{\"@id\":\"https:\/\/www.rebel-cell.com\/fr\/#\/schema\/logo\/image\/\"},\"sameAs\":[\"https:\/\/www.facebook.com\/rebelcelleu\",\"https:\/\/x.com\/rebelcellnl\",\"https:\/\/www.instagram.com\/rebelcelleurope\/?hl=nl\",\"https:\/\/www.youtube.com\/channel\/UCpySQUq4xwwtqveV1f8oiFw\"]}]}<\/script>\n<meta property=\"og:availability\" content=\"instock\" \/>\n<meta property=\"product:availability\" content=\"instock\" \/>\n<meta property=\"product:condition\" content=\"new\" \/>\n<!-- \/ Yoast SEO Premium plugin. -->","yoast_head_json":{"title":"Bonnet original | Rebelcell | \u00c9nergie portable pour la p\u00eache \u00e0 la lignee n plein air et en mer.","description":"Bonnet original Rebelcell, finement tricot\u00e9 en 100% acrylique. Fabriqu\u00e9 dans une mati\u00e8re agr\u00e9able et douce, avec le logo Rebelcell brod\u00e9 sur le bord pli\u00e9. disponible en 3 couleurs : bordeaux, kaki et gris.\u00a0","robots":{"index":"index","follow":"follow","max-snippet":"max-snippet:-1","max-image-preview":"max-image-preview:large","max-video-preview":"max-video-preview:-1"},"canonical":"https:\/\/www.rebel-cell.com\/fr\/product\/bonnet\/","og_locale":"fr_FR","og_type":"article","og_title":"Rebelcell bonnet","og_description":"Bonnet original Rebelcell, finement tricot\u00e9 en 100% acrylique. Fabriqu\u00e9 dans une mati\u00e8re agr\u00e9able et douce, avec le logo Rebelcell brod\u00e9 sur le bord pli\u00e9. disponible en 3 couleurs : bordeaux, kaki et gris.\u00a0","og_url":"https:\/\/www.rebel-cell.com\/fr\/product\/bonnet\/","og_site_name":"Rebelcell","article_publisher":"https:\/\/www.facebook.com\/rebelcelleu","article_modified_time":"2023-12-08T10:35:22+00:00","og_image":[{"width":1000,"height":1000,"url":"https:\/\/www.rebel-cell.com\/wp-content\/uploads\/Beanie_burgundy.jpg","type":"image\/jpeg"}],"twitter_card":"summary_large_image","twitter_site":"@rebelcellnl","twitter_misc":{"Disponibilit\u00e9":"En stock"},"schema":{"@context":"https:\/\/schema.org","@graph":[{"@type":["WebPage","ItemPage"],"@id":"https:\/\/www.rebel-cell.com\/fr\/product\/bonnet\/","url":"https:\/\/www.rebel-cell.com\/fr\/product\/bonnet\/","name":"Bonnet original | Rebelcell | \u00c9nergie portable pour la p\u00eache \u00e0 la lignee n plein air et en mer.","isPartOf":{"@id":"https:\/\/www.rebel-cell.com\/fr\/#website"},"primaryImageOfPage":{"@id":"https:\/\/www.rebel-cell.com\/fr\/product\/bonnet\/#primaryimage"},"image":{"@id":"https:\/\/www.rebel-cell.com\/fr\/product\/bonnet\/#primaryimage"},"thumbnailUrl":"https:\/\/www.rebel-cell.com\/wp-content\/uploads\/Beanie_burgundy.jpg","datePublished":"2021-05-05T09:11:10+00:00","dateModified":"2023-12-08T10:35:22+00:00","description":"Bonnet original Rebelcell, finement tricot\u00e9 en 100% acrylique. Fabriqu\u00e9 dans une mati\u00e8re agr\u00e9able et douce, avec le logo Rebelcell brod\u00e9 sur le bord pli\u00e9. disponible en 3 couleurs : bordeaux, kaki et gris.\u00a0","breadcrumb":{"@id":"https:\/\/www.rebel-cell.com\/fr\/product\/bonnet\/#breadcrumb"},"inLanguage":"fr-FR","potentialAction":[{"@type":"ReadAction","target":["https:\/\/www.rebel-cell.com\/fr\/product\/bonnet\/"]}]},{"@type":"ImageObject","inLanguage":"fr-FR","@id":"https:\/\/www.rebel-cell.com\/fr\/product\/bonnet\/#primaryimage","url":"https:\/\/www.rebel-cell.com\/wp-content\/uploads\/Beanie_burgundy.jpg","contentUrl":"https:\/\/www.rebel-cell.com\/wp-content\/uploads\/Beanie_burgundy.jpg","width":1000,"height":1000},{"@type":"BreadcrumbList","@id":"https:\/\/www.rebel-cell.com\/fr\/product\/bonnet\/#breadcrumb","itemListElement":[{"@type":"ListItem","position":1,"name":"Home","item":"https:\/\/www.rebel-cell.com\/fr\/"},{"@type":"ListItem","position":2,"name":"Shop","item":"https:\/\/www.rebel-cell.com\/fr\/boutique\/"},{"@type":"ListItem","position":3,"name":"Rebelcell bonnet"}]},{"@type":"WebSite","@id":"https:\/\/www.rebel-cell.com\/fr\/#website","url":"https:\/\/www.rebel-cell.com\/fr\/","name":"Rebelcell","description":"Rebelcell","publisher":{"@id":"https:\/\/www.rebel-cell.com\/fr\/#organization"},"potentialAction":[{"@type":"SearchAction","target":{"@type":"EntryPoint","urlTemplate":"https:\/\/www.rebel-cell.com\/fr\/?s={search_term_string}"},"query-input":{"@type":"PropertyValueSpecification","valueRequired":true,"valueName":"search_term_string"}}],"inLanguage":"fr-FR"},{"@type":"Organization","@id":"https:\/\/www.rebel-cell.com\/fr\/#organization","name":"Rebelcell","url":"https:\/\/www.rebel-cell.com\/fr\/","logo":{"@type":"ImageObject","inLanguage":"fr-FR","@id":"https:\/\/www.rebel-cell.com\/fr\/#\/schema\/logo\/image\/","url":"https:\/\/www.rebel-cell.com\/wp-content\/uploads\/rebelcell-logo-300.png","contentUrl":"https:\/\/www.rebel-cell.com\/wp-content\/uploads\/rebelcell-logo-300.png","width":300,"height":55,"caption":"Rebelcell"},"image":{"@id":"https:\/\/www.rebel-cell.com\/fr\/#\/schema\/logo\/image\/"},"sameAs":["https:\/\/www.facebook.com\/rebelcelleu","https:\/\/x.com\/rebelcellnl","https:\/\/www.instagram.com\/rebelcelleurope\/?hl=nl","https:\/\/www.youtube.com\/channel\/UCpySQUq4xwwtqveV1f8oiFw"]}]},"og_availability":"instock","product_availability":"instock","product_condition":"new"},"_links":{"self":[{"href":"https:\/\/www.rebel-cell.com\/fr\/wp-json\/wp\/v2\/product\/10698","targetHints":{"allow":["GET"]}}],"collection":[{"href":"https:\/\/www.rebel-cell.com\/fr\/wp-json\/wp\/v2\/product"}],"about":[{"href":"https:\/\/www.rebel-cell.com\/fr\/wp-json\/wp\/v2\/types\/product"}],"replies":[{"embeddable":true,"href":"https:\/\/www.rebel-cell.com\/fr\/wp-json\/wp\/v2\/comments?post=10698"}],"wp:featuredmedia":[{"embeddable":true,"href":"https:\/\/www.rebel-cell.com\/fr\/wp-json\/wp\/v2\/media\/10773"}],"wp:attachment":[{"href":"https:\/\/www.rebel-cell.com\/fr\/wp-json\/wp\/v2\/media?parent=10698"}],"wp:term":[{"taxonomy":"product_brand","embeddable":true,"href":"https:\/\/www.rebel-cell.com\/fr\/wp-json\/wp\/v2\/product_brand?post=10698"},{"taxonomy":"product_cat","embeddable":true,"href":"https:\/\/www.rebel-cell.com\/fr\/wp-json\/wp\/v2\/product_cat?post=10698"},{"taxonomy":"product_tag","embeddable":true,"href":"https:\/\/www.rebel-cell.com\/fr\/wp-json\/wp\/v2\/product_tag?post=10698"}],"curies":[{"name":"wp","href":"https:\/\/api.w.org\/{rel}","templated":true}]}}