{"id":10953,"date":"2021-07-01T12:35:20","date_gmt":"2021-07-01T10:35:20","guid":{"rendered":"https:\/\/www.rebel-cell.com\/?post_type=product&#038;p=10953"},"modified":"2026-01-19T19:05:12","modified_gmt":"2026-01-19T18:05:12","slug":"chargeur-nmc-12-6v35a-etanche","status":"publish","type":"product","link":"https:\/\/www.rebel-cell.com\/fr\/product\/chargeur-nmc-12-6v35a-etanche\/","title":{"rendered":"Chargeur 12.6V35A Lithium \u00e9tanche (IP65)"},"content":{"rendered":"<h2>DESCRIPTION DU PRODUIT CHARGEUR DE BATTERIE REBELCELL 12.6V35A ETANCHE<\/h2>\n<p>Le <strong>chargeur de batterie au lithium 12.6V35A \u00e9tanche (IP65)<\/strong> a \u00e9t\u00e9 <strong>sp\u00e9cialement con\u00e7u<\/strong> pour charger les batteries au lithium <strong>Rebelcell 12V100 AV et plus<\/strong>. Le programme de charge sp\u00e9cialement con\u00e7u garantit que votre batterie est <strong>charg\u00e9e automatiquement et en toute s\u00e9curit\u00e9<\/strong> avec le profil de charge correct (tension \/ courant de charge). Le chargeur <strong>s&rsquo;\u00e9teint automatiquement lorsque<\/strong> le processus de charge est termin\u00e9.<\/p>\n<p>Vous pouvez facilement <strong>contr\u00f4ler l&rsquo;\u00e9tat du processus de charge gr\u00e2ce \u00e0 l&rsquo;indicateur LED situ\u00e9 sur le chargeur.<\/strong> Le chargeur est \u00e9quip\u00e9 d&rsquo;un certain <strong>nombre de fonctions de protection<\/strong> telles que la protection contre les courts-circuits, l&rsquo;inversion de polarit\u00e9 et la surtension, qui garantissent que vous pouvez utiliser votre chargeur en toute s\u00e9curit\u00e9 dans n&rsquo;importe quelle situation. Ce chargeur est scell\u00e9 avec de la r\u00e9sine \u00e9poxy, ce qui le rend <strong>id\u00e9al pour une installation permanente dans votre bateau.<\/strong><\/p>\n<p>Ce chargeur est <strong>uniquement con\u00e7u pour charger une batterie Rebelcell 12V AV<\/strong>. Si vous chargez d&rsquo;autres batteries que celles sp\u00e9cifi\u00e9es, des dommages (irr\u00e9parables) peuvent survenir.<\/p>\n<p><strong>Temps de charge<\/strong><br \/>\n<strong>12V100 AV: <\/strong>3-4 h<br \/>\n<strong>12V140 AV:<\/strong> 5-6 h<br \/>\n<strong>12V190 AV:\u00a0<\/strong>7-8 h<\/p>\n<p>Code produit: WC12V35REAV<\/p>\n<p>Barcode: 7106623685990<\/p>\n<p>EAN: 8720964630182<\/p>\n","protected":false},"excerpt":{"rendered":"<p>Le <strong>chargeur \u00e9tanche 12.6V35A (IP65)<\/strong> a \u00e9t\u00e9 <strong>sp\u00e9cialement con\u00e7u<\/strong> pour charger les batteries Rebelcell lithium 12V100 AV et plus. Le programme de charge sp\u00e9cialement con\u00e7u garantit que votre batterie est <strong>charg\u00e9e automatiquement et en toute s\u00e9curit\u00e9<\/strong> avec le bon profil de charge (tension \/ courant de charge). Par exemple, une batterie lithium de 12V190 peut \u00eatre <strong>charg\u00e9e en 8 heures<\/strong>. Ce chargeur est scell\u00e9 avec de la r\u00e9sine \u00e9poxy, ce qui le rend <strong>id\u00e9al pour une installation permanente dans votre bateau.<\/strong><br \/>\n<a href=\"#proddesc\">Lire la suite &gt;<\/a><\/p>\n","protected":false},"featured_media":10980,"comment_status":"open","ping_status":"closed","template":"","meta":{"_acf_changed":false},"product_brand":[],"product_cat":[1903,4445,4124],"product_tag":[1019,3401,4129],"class_list":{"0":"post-10953","1":"product","2":"type-product","3":"status-publish","4":"has-post-thumbnail","6":"product_cat-chargeurs","7":"product_cat-chargeurs-ac","8":"product_cat-offres","9":"product_tag-7106623690710-fr","10":"product_tag-7106623694312-fr","11":"product_tag-7106623695753-fr","12":"product_shipping_class-normal-shipment","14":"first","15":"instock","16":"sale","17":"taxable","18":"shipping-taxable","19":"purchasable","20":"product-type-simple"},"bundled_by":[],"bundle_stock_status":"instock","bundle_stock_quantity":78,"bundle_virtual":false,"bundle_layout":"","bundle_add_to_cart_form_location":"","bundle_editable_in_cart":false,"bundle_sold_individually_context":"","bundle_item_grouping":"","bundle_min_size":"","bundle_max_size":"","bundle_price":[],"bundled_items":[],"bundle_sell_ids":[],"acf":[],"yoast_head":"<!-- This site is optimized with the Yoast SEO Premium plugin v27.1 (Yoast SEO v27.1.1) - https:\/\/yoast.com\/product\/yoast-seo-premium-wordpress\/ -->\n<title>Chargeur NMC 12.6V20A \u00e9tanche | Rebelcell | \u00c9nergie portable<\/title>\n<meta name=\"description\" content=\"Puissant chargeur \u00e9tanche 12.6V20A. Chargez rapidement votre batterie. Rebelcell. \u00c9nergie portable pour la p\u00eache \u00e0 la ligne, en plein air et en mer.\" \/>\n<meta name=\"robots\" content=\"index, follow, max-snippet:-1, max-image-preview:large, max-video-preview:-1\" \/>\n<link rel=\"canonical\" href=\"https:\/\/www.rebel-cell.com\/fr\/product\/chargeur-nmc-12-6v35a-etanche\/\" \/>\n<meta property=\"og:locale\" content=\"fr_FR\" \/>\n<meta property=\"og:type\" content=\"article\" \/>\n<meta property=\"og:title\" content=\"Chargeur 12.6V35A Lithium \u00e9tanche (IP65)\" \/>\n<meta property=\"og:description\" content=\"Puissant chargeur \u00e9tanche 12.6V20A. Chargez rapidement votre batterie. Rebelcell. \u00c9nergie portable pour la p\u00eache \u00e0 la ligne, en plein air et en mer.\" \/>\n<meta property=\"og:url\" content=\"https:\/\/www.rebel-cell.com\/fr\/product\/chargeur-nmc-12-6v35a-etanche\/\" \/>\n<meta property=\"og:site_name\" content=\"Rebelcell\" \/>\n<meta property=\"article:publisher\" content=\"https:\/\/www.facebook.com\/rebelcelleu\" \/>\n<meta property=\"article:modified_time\" content=\"2026-01-19T18:05:12+00:00\" \/>\n<meta property=\"og:image\" content=\"https:\/\/www.rebel-cell.com\/wp-content\/uploads\/WP_charger_12V35A_overview.jpg\" \/>\n\t<meta property=\"og:image:width\" content=\"1200\" \/>\n\t<meta property=\"og:image:height\" content=\"1200\" \/>\n\t<meta property=\"og:image:type\" content=\"image\/jpeg\" \/>\n<meta name=\"twitter:card\" content=\"summary_large_image\" \/>\n<meta name=\"twitter:site\" content=\"@rebelcellnl\" \/>\n<meta name=\"twitter:label1\" content=\"Prix\" \/>\n\t<meta name=\"twitter:data1\" content=\"&euro;299,50\" \/>\n\t<meta name=\"twitter:label2\" content=\"Disponibilit\u00e9\" \/>\n\t<meta name=\"twitter:data2\" content=\"En stock\" \/>\n<script type=\"application\/ld+json\" class=\"yoast-schema-graph\">{\"@context\":\"https:\/\/schema.org\",\"@graph\":[{\"@type\":[\"WebPage\",\"ItemPage\"],\"@id\":\"https:\/\/www.rebel-cell.com\/fr\/product\/chargeur-nmc-12-6v35a-etanche\/\",\"url\":\"https:\/\/www.rebel-cell.com\/fr\/product\/chargeur-nmc-12-6v35a-etanche\/\",\"name\":\"Chargeur NMC 12.6V20A \u00e9tanche | Rebelcell | \u00c9nergie portable\",\"isPartOf\":{\"@id\":\"https:\/\/www.rebel-cell.com\/fr\/#website\"},\"primaryImageOfPage\":{\"@id\":\"https:\/\/www.rebel-cell.com\/fr\/product\/chargeur-nmc-12-6v35a-etanche\/#primaryimage\"},\"image\":{\"@id\":\"https:\/\/www.rebel-cell.com\/fr\/product\/chargeur-nmc-12-6v35a-etanche\/#primaryimage\"},\"thumbnailUrl\":\"https:\/\/www.rebel-cell.com\/wp-content\/uploads\/WP_charger_12V35A_overview.jpg\",\"datePublished\":\"2021-07-01T10:35:20+00:00\",\"dateModified\":\"2026-01-19T18:05:12+00:00\",\"description\":\"Puissant chargeur \u00e9tanche 12.6V20A. Chargez rapidement votre batterie. Rebelcell. \u00c9nergie portable pour la p\u00eache \u00e0 la ligne, en plein air et en mer.\",\"breadcrumb\":{\"@id\":\"https:\/\/www.rebel-cell.com\/fr\/product\/chargeur-nmc-12-6v35a-etanche\/#breadcrumb\"},\"inLanguage\":\"fr-FR\",\"potentialAction\":[{\"@type\":\"ReadAction\",\"target\":[\"https:\/\/www.rebel-cell.com\/fr\/product\/chargeur-nmc-12-6v35a-etanche\/\"]}]},{\"@type\":\"ImageObject\",\"inLanguage\":\"fr-FR\",\"@id\":\"https:\/\/www.rebel-cell.com\/fr\/product\/chargeur-nmc-12-6v35a-etanche\/#primaryimage\",\"url\":\"https:\/\/www.rebel-cell.com\/wp-content\/uploads\/WP_charger_12V35A_overview.jpg\",\"contentUrl\":\"https:\/\/www.rebel-cell.com\/wp-content\/uploads\/WP_charger_12V35A_overview.jpg\",\"width\":1200,\"height\":1200},{\"@type\":\"BreadcrumbList\",\"@id\":\"https:\/\/www.rebel-cell.com\/fr\/product\/chargeur-nmc-12-6v35a-etanche\/#breadcrumb\",\"itemListElement\":[{\"@type\":\"ListItem\",\"position\":1,\"name\":\"Home\",\"item\":\"https:\/\/www.rebel-cell.com\/fr\/\"},{\"@type\":\"ListItem\",\"position\":2,\"name\":\"Shop\",\"item\":\"https:\/\/www.rebel-cell.com\/fr\/boutique\/\"},{\"@type\":\"ListItem\",\"position\":3,\"name\":\"Chargeur 12.6V35A Lithium \u00e9tanche (IP65)\"}]},{\"@type\":\"WebSite\",\"@id\":\"https:\/\/www.rebel-cell.com\/fr\/#website\",\"url\":\"https:\/\/www.rebel-cell.com\/fr\/\",\"name\":\"Rebelcell\",\"description\":\"Rebelcell\",\"publisher\":{\"@id\":\"https:\/\/www.rebel-cell.com\/fr\/#organization\"},\"potentialAction\":[{\"@type\":\"SearchAction\",\"target\":{\"@type\":\"EntryPoint\",\"urlTemplate\":\"https:\/\/www.rebel-cell.com\/fr\/?s={search_term_string}\"},\"query-input\":{\"@type\":\"PropertyValueSpecification\",\"valueRequired\":true,\"valueName\":\"search_term_string\"}}],\"inLanguage\":\"fr-FR\"},{\"@type\":\"Organization\",\"@id\":\"https:\/\/www.rebel-cell.com\/fr\/#organization\",\"name\":\"Rebelcell\",\"url\":\"https:\/\/www.rebel-cell.com\/fr\/\",\"logo\":{\"@type\":\"ImageObject\",\"inLanguage\":\"fr-FR\",\"@id\":\"https:\/\/www.rebel-cell.com\/fr\/#\/schema\/logo\/image\/\",\"url\":\"https:\/\/www.rebel-cell.com\/wp-content\/uploads\/rebelcell-logo-300.png\",\"contentUrl\":\"https:\/\/www.rebel-cell.com\/wp-content\/uploads\/rebelcell-logo-300.png\",\"width\":300,\"height\":55,\"caption\":\"Rebelcell\"},\"image\":{\"@id\":\"https:\/\/www.rebel-cell.com\/fr\/#\/schema\/logo\/image\/\"},\"sameAs\":[\"https:\/\/www.facebook.com\/rebelcelleu\",\"https:\/\/x.com\/rebelcellnl\",\"https:\/\/www.instagram.com\/rebelcelleurope\/?hl=nl\",\"https:\/\/www.youtube.com\/channel\/UCpySQUq4xwwtqveV1f8oiFw\"]}]}<\/script>\n<meta property=\"product:price:amount\" content=\"299.50\" \/>\n<meta property=\"product:price:currency\" content=\"EUR\" \/>\n<meta property=\"og:availability\" content=\"instock\" \/>\n<meta property=\"product:availability\" content=\"instock\" \/>\n<meta property=\"product:retailer_item_id\" content=\"7106623685990\" \/>\n<meta property=\"product:condition\" content=\"new\" \/>\n<!-- \/ Yoast SEO Premium plugin. -->","yoast_head_json":{"title":"Chargeur NMC 12.6V20A \u00e9tanche | Rebelcell | \u00c9nergie portable","description":"Puissant chargeur \u00e9tanche 12.6V20A. Chargez rapidement votre batterie. Rebelcell. \u00c9nergie portable pour la p\u00eache \u00e0 la ligne, en plein air et en mer.","robots":{"index":"index","follow":"follow","max-snippet":"max-snippet:-1","max-image-preview":"max-image-preview:large","max-video-preview":"max-video-preview:-1"},"canonical":"https:\/\/www.rebel-cell.com\/fr\/product\/chargeur-nmc-12-6v35a-etanche\/","og_locale":"fr_FR","og_type":"article","og_title":"Chargeur 12.6V35A Lithium \u00e9tanche (IP65)","og_description":"Puissant chargeur \u00e9tanche 12.6V20A. Chargez rapidement votre batterie. Rebelcell. \u00c9nergie portable pour la p\u00eache \u00e0 la ligne, en plein air et en mer.","og_url":"https:\/\/www.rebel-cell.com\/fr\/product\/chargeur-nmc-12-6v35a-etanche\/","og_site_name":"Rebelcell","article_publisher":"https:\/\/www.facebook.com\/rebelcelleu","article_modified_time":"2026-01-19T18:05:12+00:00","og_image":[{"width":1200,"height":1200,"url":"https:\/\/www.rebel-cell.com\/wp-content\/uploads\/WP_charger_12V35A_overview.jpg","type":"image\/jpeg"}],"twitter_card":"summary_large_image","twitter_site":"@rebelcellnl","twitter_misc":{"Prix":"&euro;299,50","Disponibilit\u00e9":"En stock"},"schema":{"@context":"https:\/\/schema.org","@graph":[{"@type":["WebPage","ItemPage"],"@id":"https:\/\/www.rebel-cell.com\/fr\/product\/chargeur-nmc-12-6v35a-etanche\/","url":"https:\/\/www.rebel-cell.com\/fr\/product\/chargeur-nmc-12-6v35a-etanche\/","name":"Chargeur NMC 12.6V20A \u00e9tanche | Rebelcell | \u00c9nergie portable","isPartOf":{"@id":"https:\/\/www.rebel-cell.com\/fr\/#website"},"primaryImageOfPage":{"@id":"https:\/\/www.rebel-cell.com\/fr\/product\/chargeur-nmc-12-6v35a-etanche\/#primaryimage"},"image":{"@id":"https:\/\/www.rebel-cell.com\/fr\/product\/chargeur-nmc-12-6v35a-etanche\/#primaryimage"},"thumbnailUrl":"https:\/\/www.rebel-cell.com\/wp-content\/uploads\/WP_charger_12V35A_overview.jpg","datePublished":"2021-07-01T10:35:20+00:00","dateModified":"2026-01-19T18:05:12+00:00","description":"Puissant chargeur \u00e9tanche 12.6V20A. Chargez rapidement votre batterie. Rebelcell. \u00c9nergie portable pour la p\u00eache \u00e0 la ligne, en plein air et en mer.","breadcrumb":{"@id":"https:\/\/www.rebel-cell.com\/fr\/product\/chargeur-nmc-12-6v35a-etanche\/#breadcrumb"},"inLanguage":"fr-FR","potentialAction":[{"@type":"ReadAction","target":["https:\/\/www.rebel-cell.com\/fr\/product\/chargeur-nmc-12-6v35a-etanche\/"]}]},{"@type":"ImageObject","inLanguage":"fr-FR","@id":"https:\/\/www.rebel-cell.com\/fr\/product\/chargeur-nmc-12-6v35a-etanche\/#primaryimage","url":"https:\/\/www.rebel-cell.com\/wp-content\/uploads\/WP_charger_12V35A_overview.jpg","contentUrl":"https:\/\/www.rebel-cell.com\/wp-content\/uploads\/WP_charger_12V35A_overview.jpg","width":1200,"height":1200},{"@type":"BreadcrumbList","@id":"https:\/\/www.rebel-cell.com\/fr\/product\/chargeur-nmc-12-6v35a-etanche\/#breadcrumb","itemListElement":[{"@type":"ListItem","position":1,"name":"Home","item":"https:\/\/www.rebel-cell.com\/fr\/"},{"@type":"ListItem","position":2,"name":"Shop","item":"https:\/\/www.rebel-cell.com\/fr\/boutique\/"},{"@type":"ListItem","position":3,"name":"Chargeur 12.6V35A Lithium \u00e9tanche (IP65)"}]},{"@type":"WebSite","@id":"https:\/\/www.rebel-cell.com\/fr\/#website","url":"https:\/\/www.rebel-cell.com\/fr\/","name":"Rebelcell","description":"Rebelcell","publisher":{"@id":"https:\/\/www.rebel-cell.com\/fr\/#organization"},"potentialAction":[{"@type":"SearchAction","target":{"@type":"EntryPoint","urlTemplate":"https:\/\/www.rebel-cell.com\/fr\/?s={search_term_string}"},"query-input":{"@type":"PropertyValueSpecification","valueRequired":true,"valueName":"search_term_string"}}],"inLanguage":"fr-FR"},{"@type":"Organization","@id":"https:\/\/www.rebel-cell.com\/fr\/#organization","name":"Rebelcell","url":"https:\/\/www.rebel-cell.com\/fr\/","logo":{"@type":"ImageObject","inLanguage":"fr-FR","@id":"https:\/\/www.rebel-cell.com\/fr\/#\/schema\/logo\/image\/","url":"https:\/\/www.rebel-cell.com\/wp-content\/uploads\/rebelcell-logo-300.png","contentUrl":"https:\/\/www.rebel-cell.com\/wp-content\/uploads\/rebelcell-logo-300.png","width":300,"height":55,"caption":"Rebelcell"},"image":{"@id":"https:\/\/www.rebel-cell.com\/fr\/#\/schema\/logo\/image\/"},"sameAs":["https:\/\/www.facebook.com\/rebelcelleu","https:\/\/x.com\/rebelcellnl","https:\/\/www.instagram.com\/rebelcelleurope\/?hl=nl","https:\/\/www.youtube.com\/channel\/UCpySQUq4xwwtqveV1f8oiFw"]}]},"product_price_amount":"299.50","product_price_currency":"EUR","og_availability":"instock","product_availability":"instock","product_retailer_item_id":"7106623685990","product_condition":"new"},"_links":{"self":[{"href":"https:\/\/www.rebel-cell.com\/fr\/wp-json\/wp\/v2\/product\/10953","targetHints":{"allow":["GET"]}}],"collection":[{"href":"https:\/\/www.rebel-cell.com\/fr\/wp-json\/wp\/v2\/product"}],"about":[{"href":"https:\/\/www.rebel-cell.com\/fr\/wp-json\/wp\/v2\/types\/product"}],"replies":[{"embeddable":true,"href":"https:\/\/www.rebel-cell.com\/fr\/wp-json\/wp\/v2\/comments?post=10953"}],"wp:featuredmedia":[{"embeddable":true,"href":"https:\/\/www.rebel-cell.com\/fr\/wp-json\/wp\/v2\/media\/10980"}],"wp:attachment":[{"href":"https:\/\/www.rebel-cell.com\/fr\/wp-json\/wp\/v2\/media?parent=10953"}],"wp:term":[{"taxonomy":"product_brand","embeddable":true,"href":"https:\/\/www.rebel-cell.com\/fr\/wp-json\/wp\/v2\/product_brand?post=10953"},{"taxonomy":"product_cat","embeddable":true,"href":"https:\/\/www.rebel-cell.com\/fr\/wp-json\/wp\/v2\/product_cat?post=10953"},{"taxonomy":"product_tag","embeddable":true,"href":"https:\/\/www.rebel-cell.com\/fr\/wp-json\/wp\/v2\/product_tag?post=10953"}],"curies":[{"name":"wp","href":"https:\/\/api.w.org\/{rel}","templated":true}]}}