{"id":19960,"date":"2023-09-09T19:18:34","date_gmt":"2023-09-09T17:18:34","guid":{"rendered":"https:\/\/www.rebel-cell.com\/?post_type=product&#038;p=19960"},"modified":"2025-09-16T19:43:27","modified_gmt":"2025-09-16T17:43:27","slug":"batterie-start","status":"publish","type":"product","link":"https:\/\/www.rebel-cell.com\/fr\/product\/batterie-start\/","title":{"rendered":"Batterie de d\u00e9marrage au lithium pour moteurs hors-bord"},"content":{"rendered":"<p>La nouvelle <strong>Rebelcell Start<\/strong> am\u00e9lior\u00e9e est d\u00e9sormais disponible. Cette batterie de d\u00e9marrage <strong>lithium (LiFePO4)<\/strong> ultral\u00e9g\u00e8re, \u00e9tanche (IP67), est con\u00e7ue pour d\u00e9marrer sans effort les moteurs hors-bord \u00e0 essence <strong>jusqu&rsquo;\u00e0 250 CV<\/strong> \u00e9quip\u00e9s d&rsquo;un alternateur. Con\u00e7ue pour des performances optimales dans toutes les conditions m\u00e9t\u00e9orologiques, elle fournit un courant de d\u00e9marrage robuste et se recharge facilement via l&rsquo;alternateur de votre moteur hors-bord.<\/p>\n<p>Dites adieu aux installations encombrantes \u2013 la Rebelcell Start est une solution de remplacement \u00ab plug-and-play \u00bb pour les batteries de d\u00e9marrage au plomb traditionnelles. Profitez de la commodit\u00e9 d&rsquo;\u00e9conomiser jusqu&rsquo;\u00e0 70 % d&rsquo;espace et de r\u00e9duire de 25 kg le poids \u00e0 bord.<\/p>\n<p>Code produit : SB12V0470A<\/p>\n<p>Code-barres : 8720964630618<\/p>\n<p>EAN : 8720964630618<\/p>\n","protected":false},"excerpt":{"rendered":"<p><strong>NOUVEAU!<\/strong> La nouvelle <strong>Rebelcell Start<\/strong> am\u00e9lior\u00e9e est d\u00e9sormais disponible. Cette batterie de d\u00e9marrage lithium <strong>(LiFePO4) ultral\u00e9g\u00e8re et \u00e9tanche (IP67)<\/strong> est con\u00e7ue pour d\u00e9marrer sans effort les moteurs hors-bord \u00e0 essence jusqu&rsquo;\u00e0 250 CV \u00e9quip\u00e9s d&rsquo;un alternateur. Con\u00e7ue pour des performances optimales dans toutes les conditions m\u00e9t\u00e9orologiques, elle fournit un courant de d\u00e9marrage puissant et se recharge facilement via l&rsquo;alternateur de votre moteur hors-bord.<\/p>\n","protected":false},"featured_media":20695,"comment_status":"open","ping_status":"closed","template":"","meta":{"_acf_changed":false},"product_brand":[],"product_cat":[4439,1901],"product_tag":[],"class_list":{"0":"post-19960","1":"product","2":"type-product","3":"status-publish","4":"has-post-thumbnail","6":"product_cat-batteries-lithium-12v-24v-36v","7":"product_cat-batteries","8":"product_shipping_class-shipping-battery","9":"pa_fishing-carpe","11":"first","12":"instock","13":"taxable","14":"shipping-taxable","15":"purchasable","16":"product-type-simple"},"bundled_by":[],"bundle_stock_status":"instock","bundle_stock_quantity":178,"bundle_virtual":false,"bundle_layout":"","bundle_add_to_cart_form_location":"","bundle_editable_in_cart":false,"bundle_sold_individually_context":"","bundle_item_grouping":"","bundle_min_size":"","bundle_max_size":"","bundle_price":[],"bundled_items":[],"bundle_sell_ids":[],"acf":[],"yoast_head":"<!-- This site is optimized with the Yoast SEO Premium plugin v27.1 (Yoast SEO v27.1.1) - https:\/\/yoast.com\/product\/yoast-seo-premium-wordpress\/ -->\n<title>La batterie de d\u00e9marrage lithium | Rebelcell | moteur hors-bord jusqu\u2019\u00e0 250 cv.<\/title>\n<meta name=\"description\" content=\"la batterie de d\u00e9marrage lithium | pour d\u00e9marrer tous types de moteur hors-bord jusqu\u2019\u00e0 250 cv. Performance de pointe.\" \/>\n<meta name=\"robots\" content=\"index, follow, max-snippet:-1, max-image-preview:large, max-video-preview:-1\" \/>\n<link rel=\"canonical\" href=\"https:\/\/www.rebel-cell.com\/fr\/product\/batterie-start\/\" \/>\n<meta property=\"og:locale\" content=\"fr_FR\" \/>\n<meta property=\"og:type\" content=\"article\" \/>\n<meta property=\"og:title\" content=\"Batterie de d\u00e9marrage au lithium pour moteurs hors-bord\" \/>\n<meta property=\"og:description\" content=\"la batterie de d\u00e9marrage lithium | pour d\u00e9marrer tous types de moteur hors-bord jusqu\u2019\u00e0 250 cv. Performance de pointe.\" \/>\n<meta property=\"og:url\" content=\"https:\/\/www.rebel-cell.com\/fr\/product\/batterie-start\/\" \/>\n<meta property=\"og:site_name\" content=\"Rebelcell\" \/>\n<meta property=\"article:publisher\" content=\"https:\/\/www.facebook.com\/rebelcelleu\" \/>\n<meta property=\"article:modified_time\" content=\"2025-09-16T17:43:27+00:00\" \/>\n<meta property=\"og:image\" content=\"https:\/\/www.rebel-cell.com\/wp-content\/uploads\/Start_top_side-1.jpg\" \/>\n\t<meta property=\"og:image:width\" content=\"1500\" \/>\n\t<meta property=\"og:image:height\" content=\"1500\" \/>\n\t<meta property=\"og:image:type\" content=\"image\/jpeg\" \/>\n<meta name=\"twitter:card\" content=\"summary_large_image\" \/>\n<meta name=\"twitter:site\" content=\"@rebelcellnl\" \/>\n<meta name=\"twitter:label1\" content=\"Prix\" \/>\n\t<meta name=\"twitter:data1\" content=\"&euro;329,00\" \/>\n\t<meta name=\"twitter:label2\" content=\"Disponibilit\u00e9\" \/>\n\t<meta name=\"twitter:data2\" content=\"En stock\" \/>\n<script type=\"application\/ld+json\" class=\"yoast-schema-graph\">{\"@context\":\"https:\/\/schema.org\",\"@graph\":[{\"@type\":[\"WebPage\",\"ItemPage\"],\"@id\":\"https:\/\/www.rebel-cell.com\/fr\/product\/batterie-start\/\",\"url\":\"https:\/\/www.rebel-cell.com\/fr\/product\/batterie-start\/\",\"name\":\"La batterie de d\u00e9marrage lithium | Rebelcell | moteur hors-bord jusqu\u2019\u00e0 250 cv.\",\"isPartOf\":{\"@id\":\"https:\/\/www.rebel-cell.com\/fr\/#website\"},\"primaryImageOfPage\":{\"@id\":\"https:\/\/www.rebel-cell.com\/fr\/product\/batterie-start\/#primaryimage\"},\"image\":{\"@id\":\"https:\/\/www.rebel-cell.com\/fr\/product\/batterie-start\/#primaryimage\"},\"thumbnailUrl\":\"https:\/\/www.rebel-cell.com\/wp-content\/uploads\/Start_top_side-1.jpg\",\"datePublished\":\"2023-09-09T17:18:34+00:00\",\"dateModified\":\"2025-09-16T17:43:27+00:00\",\"description\":\"la batterie de d\u00e9marrage lithium | pour d\u00e9marrer tous types de moteur hors-bord jusqu\u2019\u00e0 250 cv. Performance de pointe.\",\"breadcrumb\":{\"@id\":\"https:\/\/www.rebel-cell.com\/fr\/product\/batterie-start\/#breadcrumb\"},\"inLanguage\":\"fr-FR\",\"potentialAction\":[{\"@type\":\"ReadAction\",\"target\":[\"https:\/\/www.rebel-cell.com\/fr\/product\/batterie-start\/\"]}]},{\"@type\":\"ImageObject\",\"inLanguage\":\"fr-FR\",\"@id\":\"https:\/\/www.rebel-cell.com\/fr\/product\/batterie-start\/#primaryimage\",\"url\":\"https:\/\/www.rebel-cell.com\/wp-content\/uploads\/Start_top_side-1.jpg\",\"contentUrl\":\"https:\/\/www.rebel-cell.com\/wp-content\/uploads\/Start_top_side-1.jpg\",\"width\":1500,\"height\":1500},{\"@type\":\"BreadcrumbList\",\"@id\":\"https:\/\/www.rebel-cell.com\/fr\/product\/batterie-start\/#breadcrumb\",\"itemListElement\":[{\"@type\":\"ListItem\",\"position\":1,\"name\":\"Home\",\"item\":\"https:\/\/www.rebel-cell.com\/fr\/\"},{\"@type\":\"ListItem\",\"position\":2,\"name\":\"Shop\",\"item\":\"https:\/\/www.rebel-cell.com\/fr\/boutique\/\"},{\"@type\":\"ListItem\",\"position\":3,\"name\":\"Batterie de d\u00e9marrage au lithium pour moteurs hors-bord\"}]},{\"@type\":\"WebSite\",\"@id\":\"https:\/\/www.rebel-cell.com\/fr\/#website\",\"url\":\"https:\/\/www.rebel-cell.com\/fr\/\",\"name\":\"Rebelcell\",\"description\":\"Rebelcell\",\"publisher\":{\"@id\":\"https:\/\/www.rebel-cell.com\/fr\/#organization\"},\"potentialAction\":[{\"@type\":\"SearchAction\",\"target\":{\"@type\":\"EntryPoint\",\"urlTemplate\":\"https:\/\/www.rebel-cell.com\/fr\/?s={search_term_string}\"},\"query-input\":{\"@type\":\"PropertyValueSpecification\",\"valueRequired\":true,\"valueName\":\"search_term_string\"}}],\"inLanguage\":\"fr-FR\"},{\"@type\":\"Organization\",\"@id\":\"https:\/\/www.rebel-cell.com\/fr\/#organization\",\"name\":\"Rebelcell\",\"url\":\"https:\/\/www.rebel-cell.com\/fr\/\",\"logo\":{\"@type\":\"ImageObject\",\"inLanguage\":\"fr-FR\",\"@id\":\"https:\/\/www.rebel-cell.com\/fr\/#\/schema\/logo\/image\/\",\"url\":\"https:\/\/www.rebel-cell.com\/wp-content\/uploads\/rebelcell-logo-300.png\",\"contentUrl\":\"https:\/\/www.rebel-cell.com\/wp-content\/uploads\/rebelcell-logo-300.png\",\"width\":300,\"height\":55,\"caption\":\"Rebelcell\"},\"image\":{\"@id\":\"https:\/\/www.rebel-cell.com\/fr\/#\/schema\/logo\/image\/\"},\"sameAs\":[\"https:\/\/www.facebook.com\/rebelcelleu\",\"https:\/\/x.com\/rebelcellnl\",\"https:\/\/www.instagram.com\/rebelcelleurope\/?hl=nl\",\"https:\/\/www.youtube.com\/channel\/UCpySQUq4xwwtqveV1f8oiFw\"]}]}<\/script>\n<meta property=\"product:price:amount\" content=\"329.00\" \/>\n<meta property=\"product:price:currency\" content=\"EUR\" \/>\n<meta property=\"og:availability\" content=\"instock\" \/>\n<meta property=\"product:availability\" content=\"instock\" \/>\n<meta property=\"product:retailer_item_id\" content=\"8720964630618\" \/>\n<meta property=\"product:condition\" content=\"new\" \/>\n<!-- \/ Yoast SEO Premium plugin. -->","yoast_head_json":{"title":"La batterie de d\u00e9marrage lithium | Rebelcell | moteur hors-bord jusqu\u2019\u00e0 250 cv.","description":"la batterie de d\u00e9marrage lithium | pour d\u00e9marrer tous types de moteur hors-bord jusqu\u2019\u00e0 250 cv. Performance de pointe.","robots":{"index":"index","follow":"follow","max-snippet":"max-snippet:-1","max-image-preview":"max-image-preview:large","max-video-preview":"max-video-preview:-1"},"canonical":"https:\/\/www.rebel-cell.com\/fr\/product\/batterie-start\/","og_locale":"fr_FR","og_type":"article","og_title":"Batterie de d\u00e9marrage au lithium pour moteurs hors-bord","og_description":"la batterie de d\u00e9marrage lithium | pour d\u00e9marrer tous types de moteur hors-bord jusqu\u2019\u00e0 250 cv. Performance de pointe.","og_url":"https:\/\/www.rebel-cell.com\/fr\/product\/batterie-start\/","og_site_name":"Rebelcell","article_publisher":"https:\/\/www.facebook.com\/rebelcelleu","article_modified_time":"2025-09-16T17:43:27+00:00","og_image":[{"width":1500,"height":1500,"url":"https:\/\/www.rebel-cell.com\/wp-content\/uploads\/Start_top_side-1.jpg","type":"image\/jpeg"}],"twitter_card":"summary_large_image","twitter_site":"@rebelcellnl","twitter_misc":{"Prix":"&euro;329,00","Disponibilit\u00e9":"En stock"},"schema":{"@context":"https:\/\/schema.org","@graph":[{"@type":["WebPage","ItemPage"],"@id":"https:\/\/www.rebel-cell.com\/fr\/product\/batterie-start\/","url":"https:\/\/www.rebel-cell.com\/fr\/product\/batterie-start\/","name":"La batterie de d\u00e9marrage lithium | Rebelcell | moteur hors-bord jusqu\u2019\u00e0 250 cv.","isPartOf":{"@id":"https:\/\/www.rebel-cell.com\/fr\/#website"},"primaryImageOfPage":{"@id":"https:\/\/www.rebel-cell.com\/fr\/product\/batterie-start\/#primaryimage"},"image":{"@id":"https:\/\/www.rebel-cell.com\/fr\/product\/batterie-start\/#primaryimage"},"thumbnailUrl":"https:\/\/www.rebel-cell.com\/wp-content\/uploads\/Start_top_side-1.jpg","datePublished":"2023-09-09T17:18:34+00:00","dateModified":"2025-09-16T17:43:27+00:00","description":"la batterie de d\u00e9marrage lithium | pour d\u00e9marrer tous types de moteur hors-bord jusqu\u2019\u00e0 250 cv. Performance de pointe.","breadcrumb":{"@id":"https:\/\/www.rebel-cell.com\/fr\/product\/batterie-start\/#breadcrumb"},"inLanguage":"fr-FR","potentialAction":[{"@type":"ReadAction","target":["https:\/\/www.rebel-cell.com\/fr\/product\/batterie-start\/"]}]},{"@type":"ImageObject","inLanguage":"fr-FR","@id":"https:\/\/www.rebel-cell.com\/fr\/product\/batterie-start\/#primaryimage","url":"https:\/\/www.rebel-cell.com\/wp-content\/uploads\/Start_top_side-1.jpg","contentUrl":"https:\/\/www.rebel-cell.com\/wp-content\/uploads\/Start_top_side-1.jpg","width":1500,"height":1500},{"@type":"BreadcrumbList","@id":"https:\/\/www.rebel-cell.com\/fr\/product\/batterie-start\/#breadcrumb","itemListElement":[{"@type":"ListItem","position":1,"name":"Home","item":"https:\/\/www.rebel-cell.com\/fr\/"},{"@type":"ListItem","position":2,"name":"Shop","item":"https:\/\/www.rebel-cell.com\/fr\/boutique\/"},{"@type":"ListItem","position":3,"name":"Batterie de d\u00e9marrage au lithium pour moteurs hors-bord"}]},{"@type":"WebSite","@id":"https:\/\/www.rebel-cell.com\/fr\/#website","url":"https:\/\/www.rebel-cell.com\/fr\/","name":"Rebelcell","description":"Rebelcell","publisher":{"@id":"https:\/\/www.rebel-cell.com\/fr\/#organization"},"potentialAction":[{"@type":"SearchAction","target":{"@type":"EntryPoint","urlTemplate":"https:\/\/www.rebel-cell.com\/fr\/?s={search_term_string}"},"query-input":{"@type":"PropertyValueSpecification","valueRequired":true,"valueName":"search_term_string"}}],"inLanguage":"fr-FR"},{"@type":"Organization","@id":"https:\/\/www.rebel-cell.com\/fr\/#organization","name":"Rebelcell","url":"https:\/\/www.rebel-cell.com\/fr\/","logo":{"@type":"ImageObject","inLanguage":"fr-FR","@id":"https:\/\/www.rebel-cell.com\/fr\/#\/schema\/logo\/image\/","url":"https:\/\/www.rebel-cell.com\/wp-content\/uploads\/rebelcell-logo-300.png","contentUrl":"https:\/\/www.rebel-cell.com\/wp-content\/uploads\/rebelcell-logo-300.png","width":300,"height":55,"caption":"Rebelcell"},"image":{"@id":"https:\/\/www.rebel-cell.com\/fr\/#\/schema\/logo\/image\/"},"sameAs":["https:\/\/www.facebook.com\/rebelcelleu","https:\/\/x.com\/rebelcellnl","https:\/\/www.instagram.com\/rebelcelleurope\/?hl=nl","https:\/\/www.youtube.com\/channel\/UCpySQUq4xwwtqveV1f8oiFw"]}]},"product_price_amount":"329.00","product_price_currency":"EUR","og_availability":"instock","product_availability":"instock","product_retailer_item_id":"8720964630618","product_condition":"new"},"_links":{"self":[{"href":"https:\/\/www.rebel-cell.com\/fr\/wp-json\/wp\/v2\/product\/19960","targetHints":{"allow":["GET"]}}],"collection":[{"href":"https:\/\/www.rebel-cell.com\/fr\/wp-json\/wp\/v2\/product"}],"about":[{"href":"https:\/\/www.rebel-cell.com\/fr\/wp-json\/wp\/v2\/types\/product"}],"replies":[{"embeddable":true,"href":"https:\/\/www.rebel-cell.com\/fr\/wp-json\/wp\/v2\/comments?post=19960"}],"wp:featuredmedia":[{"embeddable":true,"href":"https:\/\/www.rebel-cell.com\/fr\/wp-json\/wp\/v2\/media\/20695"}],"wp:attachment":[{"href":"https:\/\/www.rebel-cell.com\/fr\/wp-json\/wp\/v2\/media?parent=19960"}],"wp:term":[{"taxonomy":"product_brand","embeddable":true,"href":"https:\/\/www.rebel-cell.com\/fr\/wp-json\/wp\/v2\/product_brand?post=19960"},{"taxonomy":"product_cat","embeddable":true,"href":"https:\/\/www.rebel-cell.com\/fr\/wp-json\/wp\/v2\/product_cat?post=19960"},{"taxonomy":"product_tag","embeddable":true,"href":"https:\/\/www.rebel-cell.com\/fr\/wp-json\/wp\/v2\/product_tag?post=19960"}],"curies":[{"name":"wp","href":"https:\/\/api.w.org\/{rel}","templated":true}]}}