{"id":22224,"date":"2024-04-08T21:14:36","date_gmt":"2024-04-08T19:14:36","guid":{"rendered":"https:\/\/www.rebel-cell.com\/?post_type=product&#038;p=22224"},"modified":"2024-11-13T14:28:23","modified_gmt":"2024-11-13T13:28:23","slug":"powerhive800","status":"publish","type":"product","link":"https:\/\/www.rebel-cell.com\/fr\/product\/powerhive800\/","title":{"rendered":"Powerhive 800"},"content":{"rendered":"<h2>Description du produit Rebelcell Powerhive 800<\/h2>\n<p>Voici la <b><strong>Powerhive 800<\/strong><\/b>, la solution d&rsquo;alimentation portable ultime. Il est \u00e9quip\u00e9 d&rsquo;une <b><strong>batterie lithium \/ LiFePO4 de grande capacit\u00e9 (768Wh)<\/strong><\/b> avec un <b><strong>onduleur sinuso\u00efdal int\u00e9gr\u00e9<\/strong><\/b> qui d\u00e9livre une <b><strong>puissance continue de 1000W \/ 1500W.<\/strong><\/b> Il offre des fonctionnalit\u00e9s avanc\u00e9es, un design \u00e9l\u00e9gant et une alimentation propre et fiable pour tous vos appareils. O\u00f9 que vos aventures vous m\u00e8nent.<\/p>\n<p>Les caract\u00e9ristiques de la <b><strong>Powerhive 800 <\/strong><\/b>:<\/p>\n<ul>\n<li><b><em><strong>Stockage d&rsquo;\u00e9nergie fiable<\/strong><\/em><\/b> pour vos aventures : puissante batterie LiFePO4 int\u00e9gr\u00e9e de 768Wh (25,6V30Ah), onduleur int\u00e9gr\u00e9 \u00e0 onde sinuso\u00efdale pure de 1000W en continu \/ 1500W en surtension.<\/li>\n<li><b><em><strong>Pr\u00eat pour le solaire :<\/strong><\/em><\/b> branchez votre panneau solaire sur le port DC ou Anderson et chargez rapidement la Powerhive en quelques heures.<\/li>\n<li><b><em><strong>7 prises d&rsquo;alimentation diff\u00e9rentes :<\/strong><\/em><\/b> 2 prises CA, 2 USB-C, 1 USB-A, port DC, port 12V.<\/li>\n<li><b><em><strong>Options de charge rapides et polyvalentes :<\/strong><\/em><\/b> recharge rapide via un adaptateur CA, un panneau solaire ou un port 12V (voiture).<\/li>\n<li><b><em><strong>Compacte et l\u00e9g\u00e8re :<\/strong><\/em><\/b> avec des dimensions de 335*193*190mm et un poids de seulement 11 kg, la Powerhive 800 est facile \u00e0 transporter partout o\u00f9 vos aventures vous m\u00e8nent.<\/li>\n<li><b><em><strong>Construite pour durer :<\/strong><\/em><\/b> dur\u00e9e de vie de plus de 2000 cycles de charge et garantie de 2 ans.<\/li>\n<li><b><em><strong>El\u00e9gance et durabilit\u00e9 :<\/strong><\/em><\/b> design \u00e9pur\u00e9 avec un bo\u00eetier en aluminium gris spatial.<\/li>\n<\/ul>\n<p>Partez \u00e0 la d\u00e9couverte ! La Powerhive 800 est la station d&rsquo;alimentation portable par excellence, con\u00e7ue pour vous maintenir sous tension. Que vous campiez dans la nature, que vous p\u00eachiez dans les grands espaces ou que vous partiez \u00e0 l&rsquo;aventure.<\/p>\n<p><b><strong>Votre paquet comprend :<\/strong><\/b> Powerhive 800, adaptateur DC 200W avec c\u00e2ble de charge AC.<\/p>\n<p>Code produit : PWRHV800WH<br \/>\nCode-barres : 8720964631035<br \/>\nCode EAN : 8720964631035<\/p>\n","protected":false},"excerpt":{"rendered":"<p><b><strong>NOUVEAU !<\/strong><\/b> Voici la <b><strong>Powerhive 800<\/strong><\/b>, la solution d&rsquo;alimentation portable ultime. Elle est \u00e9quip\u00e9e d&rsquo;une <b><strong>batterie lithium \/ LiFePO4 de grande capacit\u00e9 (768Wh)<\/strong><\/b> avec un <b><strong>onduleur sinuso\u00efdal int\u00e9gr\u00e9<\/strong><\/b>, qui d\u00e9livre une <b><strong>puissance de 1000W en continu \/ 1500W en surtension<\/strong><\/b>. Il offre des fonctionnalit\u00e9s avanc\u00e9es, un design \u00e9l\u00e9gant et une alimentation propre et fiable pour tous vos appareils, o\u00f9 que vos aventures vous m\u00e8nent.<\/p>\n<p><a href=\"#proddesc\">Lire la suite&gt;<\/a><\/p>\n","protected":false},"featured_media":22564,"comment_status":"open","ping_status":"closed","template":"","meta":{"_acf_changed":false},"product_brand":[],"product_cat":[1905,1909,4124],"product_tag":[],"class_list":{"0":"post-22224","1":"product","2":"type-product","3":"status-publish","4":"has-post-thumbnail","6":"product_cat-accessoires-fr","7":"product_cat-powerbanks-fr","8":"product_cat-offres","9":"product_shipping_class-shipping-battery","11":"first","12":"instock","13":"sale","14":"taxable","15":"shipping-taxable","16":"purchasable","17":"product-type-simple"},"bundled_by":[],"bundle_stock_status":"instock","bundle_stock_quantity":107,"bundle_virtual":false,"bundle_layout":"","bundle_add_to_cart_form_location":"","bundle_editable_in_cart":false,"bundle_sold_individually_context":"","bundle_item_grouping":"","bundle_min_size":"","bundle_max_size":"","bundle_price":[],"bundled_items":[],"bundle_sell_ids":[],"acf":[],"yoast_head":"<!-- This site is optimized with the Yoast SEO Premium plugin v27.1 (Yoast SEO v27.1.1) - https:\/\/yoast.com\/product\/yoast-seo-premium-wordpress\/ -->\n<title>Powerhive 800 | Rebelcell | Alimenter l&#039;ext\u00e9rieur<\/title>\n<meta name=\"description\" content=\"La Powerhive 800 est la station d&#039;alimentation portable par excellence, fournissant une alimentation propre et fiable pour tous vos appareils. Que vous soyez en train de camper dans la nature, de p\u00eacher en plein air ou de vivre une aventure en plein air.\" \/>\n<meta name=\"robots\" content=\"index, follow, max-snippet:-1, max-image-preview:large, max-video-preview:-1\" \/>\n<link rel=\"canonical\" href=\"https:\/\/www.rebel-cell.com\/fr\/product\/powerhive800\/\" \/>\n<meta property=\"og:locale\" content=\"fr_FR\" \/>\n<meta property=\"og:type\" content=\"article\" \/>\n<meta property=\"og:title\" content=\"Powerhive 800\" \/>\n<meta property=\"og:description\" content=\"La Powerhive 800 est la station d&#039;alimentation portable par excellence, fournissant une alimentation propre et fiable pour tous vos appareils. Que vous soyez en train de camper dans la nature, de p\u00eacher en plein air ou de vivre une aventure en plein air.\" \/>\n<meta property=\"og:url\" content=\"https:\/\/www.rebel-cell.com\/fr\/product\/powerhive800\/\" \/>\n<meta property=\"og:site_name\" content=\"Rebelcell\" \/>\n<meta property=\"article:publisher\" content=\"https:\/\/www.facebook.com\/rebelcelleu\" \/>\n<meta property=\"article:modified_time\" content=\"2024-11-13T13:28:23+00:00\" \/>\n<meta property=\"og:image\" content=\"https:\/\/www.rebel-cell.com\/wp-content\/uploads\/Powerhive_800_side_logo.jpg\" \/>\n\t<meta property=\"og:image:width\" content=\"1500\" \/>\n\t<meta property=\"og:image:height\" content=\"1500\" \/>\n\t<meta property=\"og:image:type\" content=\"image\/jpeg\" \/>\n<meta name=\"twitter:card\" content=\"summary_large_image\" \/>\n<meta name=\"twitter:site\" content=\"@rebelcellnl\" \/>\n<meta name=\"twitter:label1\" content=\"Prix\" \/>\n\t<meta name=\"twitter:data1\" content=\"&euro;599,00\" \/>\n\t<meta name=\"twitter:label2\" content=\"Disponibilit\u00e9\" \/>\n\t<meta name=\"twitter:data2\" content=\"En stock\" \/>\n<script type=\"application\/ld+json\" class=\"yoast-schema-graph\">{\"@context\":\"https:\/\/schema.org\",\"@graph\":[{\"@type\":[\"WebPage\",\"ItemPage\"],\"@id\":\"https:\/\/www.rebel-cell.com\/fr\/product\/powerhive800\/\",\"url\":\"https:\/\/www.rebel-cell.com\/fr\/product\/powerhive800\/\",\"name\":\"Powerhive 800 | Rebelcell | Alimenter l'ext\u00e9rieur\",\"isPartOf\":{\"@id\":\"https:\/\/www.rebel-cell.com\/fr\/#website\"},\"primaryImageOfPage\":{\"@id\":\"https:\/\/www.rebel-cell.com\/fr\/product\/powerhive800\/#primaryimage\"},\"image\":{\"@id\":\"https:\/\/www.rebel-cell.com\/fr\/product\/powerhive800\/#primaryimage\"},\"thumbnailUrl\":\"https:\/\/www.rebel-cell.com\/wp-content\/uploads\/Powerhive_800_side_logo.jpg\",\"datePublished\":\"2024-04-08T19:14:36+00:00\",\"dateModified\":\"2024-11-13T13:28:23+00:00\",\"description\":\"La Powerhive 800 est la station d'alimentation portable par excellence, fournissant une alimentation propre et fiable pour tous vos appareils. Que vous soyez en train de camper dans la nature, de p\u00eacher en plein air ou de vivre une aventure en plein air.\",\"breadcrumb\":{\"@id\":\"https:\/\/www.rebel-cell.com\/fr\/product\/powerhive800\/#breadcrumb\"},\"inLanguage\":\"fr-FR\",\"potentialAction\":[{\"@type\":\"ReadAction\",\"target\":[\"https:\/\/www.rebel-cell.com\/fr\/product\/powerhive800\/\"]}]},{\"@type\":\"ImageObject\",\"inLanguage\":\"fr-FR\",\"@id\":\"https:\/\/www.rebel-cell.com\/fr\/product\/powerhive800\/#primaryimage\",\"url\":\"https:\/\/www.rebel-cell.com\/wp-content\/uploads\/Powerhive_800_side_logo.jpg\",\"contentUrl\":\"https:\/\/www.rebel-cell.com\/wp-content\/uploads\/Powerhive_800_side_logo.jpg\",\"width\":1500,\"height\":1500},{\"@type\":\"BreadcrumbList\",\"@id\":\"https:\/\/www.rebel-cell.com\/fr\/product\/powerhive800\/#breadcrumb\",\"itemListElement\":[{\"@type\":\"ListItem\",\"position\":1,\"name\":\"Home\",\"item\":\"https:\/\/www.rebel-cell.com\/fr\/\"},{\"@type\":\"ListItem\",\"position\":2,\"name\":\"Shop\",\"item\":\"https:\/\/www.rebel-cell.com\/fr\/boutique\/\"},{\"@type\":\"ListItem\",\"position\":3,\"name\":\"Powerhive 800\"}]},{\"@type\":\"WebSite\",\"@id\":\"https:\/\/www.rebel-cell.com\/fr\/#website\",\"url\":\"https:\/\/www.rebel-cell.com\/fr\/\",\"name\":\"Rebelcell\",\"description\":\"Rebelcell\",\"publisher\":{\"@id\":\"https:\/\/www.rebel-cell.com\/fr\/#organization\"},\"potentialAction\":[{\"@type\":\"SearchAction\",\"target\":{\"@type\":\"EntryPoint\",\"urlTemplate\":\"https:\/\/www.rebel-cell.com\/fr\/?s={search_term_string}\"},\"query-input\":{\"@type\":\"PropertyValueSpecification\",\"valueRequired\":true,\"valueName\":\"search_term_string\"}}],\"inLanguage\":\"fr-FR\"},{\"@type\":\"Organization\",\"@id\":\"https:\/\/www.rebel-cell.com\/fr\/#organization\",\"name\":\"Rebelcell\",\"url\":\"https:\/\/www.rebel-cell.com\/fr\/\",\"logo\":{\"@type\":\"ImageObject\",\"inLanguage\":\"fr-FR\",\"@id\":\"https:\/\/www.rebel-cell.com\/fr\/#\/schema\/logo\/image\/\",\"url\":\"https:\/\/www.rebel-cell.com\/wp-content\/uploads\/rebelcell-logo-300.png\",\"contentUrl\":\"https:\/\/www.rebel-cell.com\/wp-content\/uploads\/rebelcell-logo-300.png\",\"width\":300,\"height\":55,\"caption\":\"Rebelcell\"},\"image\":{\"@id\":\"https:\/\/www.rebel-cell.com\/fr\/#\/schema\/logo\/image\/\"},\"sameAs\":[\"https:\/\/www.facebook.com\/rebelcelleu\",\"https:\/\/x.com\/rebelcellnl\",\"https:\/\/www.instagram.com\/rebelcelleurope\/?hl=nl\",\"https:\/\/www.youtube.com\/channel\/UCpySQUq4xwwtqveV1f8oiFw\"]}]}<\/script>\n<meta property=\"product:price:amount\" content=\"599.00\" \/>\n<meta property=\"product:price:currency\" content=\"EUR\" \/>\n<meta property=\"og:availability\" content=\"instock\" \/>\n<meta property=\"product:availability\" content=\"instock\" \/>\n<meta property=\"product:retailer_item_id\" content=\"8720964631035\" \/>\n<meta property=\"product:condition\" content=\"new\" \/>\n<!-- \/ Yoast SEO Premium plugin. -->","yoast_head_json":{"title":"Powerhive 800 | Rebelcell | Alimenter l'ext\u00e9rieur","description":"La Powerhive 800 est la station d'alimentation portable par excellence, fournissant une alimentation propre et fiable pour tous vos appareils. Que vous soyez en train de camper dans la nature, de p\u00eacher en plein air ou de vivre une aventure en plein air.","robots":{"index":"index","follow":"follow","max-snippet":"max-snippet:-1","max-image-preview":"max-image-preview:large","max-video-preview":"max-video-preview:-1"},"canonical":"https:\/\/www.rebel-cell.com\/fr\/product\/powerhive800\/","og_locale":"fr_FR","og_type":"article","og_title":"Powerhive 800","og_description":"La Powerhive 800 est la station d'alimentation portable par excellence, fournissant une alimentation propre et fiable pour tous vos appareils. Que vous soyez en train de camper dans la nature, de p\u00eacher en plein air ou de vivre une aventure en plein air.","og_url":"https:\/\/www.rebel-cell.com\/fr\/product\/powerhive800\/","og_site_name":"Rebelcell","article_publisher":"https:\/\/www.facebook.com\/rebelcelleu","article_modified_time":"2024-11-13T13:28:23+00:00","og_image":[{"width":1500,"height":1500,"url":"https:\/\/www.rebel-cell.com\/wp-content\/uploads\/Powerhive_800_side_logo.jpg","type":"image\/jpeg"}],"twitter_card":"summary_large_image","twitter_site":"@rebelcellnl","twitter_misc":{"Prix":"&euro;599,00","Disponibilit\u00e9":"En stock"},"schema":{"@context":"https:\/\/schema.org","@graph":[{"@type":["WebPage","ItemPage"],"@id":"https:\/\/www.rebel-cell.com\/fr\/product\/powerhive800\/","url":"https:\/\/www.rebel-cell.com\/fr\/product\/powerhive800\/","name":"Powerhive 800 | Rebelcell | Alimenter l'ext\u00e9rieur","isPartOf":{"@id":"https:\/\/www.rebel-cell.com\/fr\/#website"},"primaryImageOfPage":{"@id":"https:\/\/www.rebel-cell.com\/fr\/product\/powerhive800\/#primaryimage"},"image":{"@id":"https:\/\/www.rebel-cell.com\/fr\/product\/powerhive800\/#primaryimage"},"thumbnailUrl":"https:\/\/www.rebel-cell.com\/wp-content\/uploads\/Powerhive_800_side_logo.jpg","datePublished":"2024-04-08T19:14:36+00:00","dateModified":"2024-11-13T13:28:23+00:00","description":"La Powerhive 800 est la station d'alimentation portable par excellence, fournissant une alimentation propre et fiable pour tous vos appareils. Que vous soyez en train de camper dans la nature, de p\u00eacher en plein air ou de vivre une aventure en plein air.","breadcrumb":{"@id":"https:\/\/www.rebel-cell.com\/fr\/product\/powerhive800\/#breadcrumb"},"inLanguage":"fr-FR","potentialAction":[{"@type":"ReadAction","target":["https:\/\/www.rebel-cell.com\/fr\/product\/powerhive800\/"]}]},{"@type":"ImageObject","inLanguage":"fr-FR","@id":"https:\/\/www.rebel-cell.com\/fr\/product\/powerhive800\/#primaryimage","url":"https:\/\/www.rebel-cell.com\/wp-content\/uploads\/Powerhive_800_side_logo.jpg","contentUrl":"https:\/\/www.rebel-cell.com\/wp-content\/uploads\/Powerhive_800_side_logo.jpg","width":1500,"height":1500},{"@type":"BreadcrumbList","@id":"https:\/\/www.rebel-cell.com\/fr\/product\/powerhive800\/#breadcrumb","itemListElement":[{"@type":"ListItem","position":1,"name":"Home","item":"https:\/\/www.rebel-cell.com\/fr\/"},{"@type":"ListItem","position":2,"name":"Shop","item":"https:\/\/www.rebel-cell.com\/fr\/boutique\/"},{"@type":"ListItem","position":3,"name":"Powerhive 800"}]},{"@type":"WebSite","@id":"https:\/\/www.rebel-cell.com\/fr\/#website","url":"https:\/\/www.rebel-cell.com\/fr\/","name":"Rebelcell","description":"Rebelcell","publisher":{"@id":"https:\/\/www.rebel-cell.com\/fr\/#organization"},"potentialAction":[{"@type":"SearchAction","target":{"@type":"EntryPoint","urlTemplate":"https:\/\/www.rebel-cell.com\/fr\/?s={search_term_string}"},"query-input":{"@type":"PropertyValueSpecification","valueRequired":true,"valueName":"search_term_string"}}],"inLanguage":"fr-FR"},{"@type":"Organization","@id":"https:\/\/www.rebel-cell.com\/fr\/#organization","name":"Rebelcell","url":"https:\/\/www.rebel-cell.com\/fr\/","logo":{"@type":"ImageObject","inLanguage":"fr-FR","@id":"https:\/\/www.rebel-cell.com\/fr\/#\/schema\/logo\/image\/","url":"https:\/\/www.rebel-cell.com\/wp-content\/uploads\/rebelcell-logo-300.png","contentUrl":"https:\/\/www.rebel-cell.com\/wp-content\/uploads\/rebelcell-logo-300.png","width":300,"height":55,"caption":"Rebelcell"},"image":{"@id":"https:\/\/www.rebel-cell.com\/fr\/#\/schema\/logo\/image\/"},"sameAs":["https:\/\/www.facebook.com\/rebelcelleu","https:\/\/x.com\/rebelcellnl","https:\/\/www.instagram.com\/rebelcelleurope\/?hl=nl","https:\/\/www.youtube.com\/channel\/UCpySQUq4xwwtqveV1f8oiFw"]}]},"product_price_amount":"599.00","product_price_currency":"EUR","og_availability":"instock","product_availability":"instock","product_retailer_item_id":"8720964631035","product_condition":"new"},"_links":{"self":[{"href":"https:\/\/www.rebel-cell.com\/fr\/wp-json\/wp\/v2\/product\/22224","targetHints":{"allow":["GET"]}}],"collection":[{"href":"https:\/\/www.rebel-cell.com\/fr\/wp-json\/wp\/v2\/product"}],"about":[{"href":"https:\/\/www.rebel-cell.com\/fr\/wp-json\/wp\/v2\/types\/product"}],"replies":[{"embeddable":true,"href":"https:\/\/www.rebel-cell.com\/fr\/wp-json\/wp\/v2\/comments?post=22224"}],"wp:featuredmedia":[{"embeddable":true,"href":"https:\/\/www.rebel-cell.com\/fr\/wp-json\/wp\/v2\/media\/22564"}],"wp:attachment":[{"href":"https:\/\/www.rebel-cell.com\/fr\/wp-json\/wp\/v2\/media?parent=22224"}],"wp:term":[{"taxonomy":"product_brand","embeddable":true,"href":"https:\/\/www.rebel-cell.com\/fr\/wp-json\/wp\/v2\/product_brand?post=22224"},{"taxonomy":"product_cat","embeddable":true,"href":"https:\/\/www.rebel-cell.com\/fr\/wp-json\/wp\/v2\/product_cat?post=22224"},{"taxonomy":"product_tag","embeddable":true,"href":"https:\/\/www.rebel-cell.com\/fr\/wp-json\/wp\/v2\/product_tag?post=22224"}],"curies":[{"name":"wp","href":"https:\/\/api.w.org\/{rel}","templated":true}]}}