{"id":24537,"date":"2024-12-11T14:13:23","date_gmt":"2024-12-11T13:13:23","guid":{"rendered":"https:\/\/www.rebel-cell.com\/?post_type=product&#038;p=24537"},"modified":"2025-11-18T11:17:54","modified_gmt":"2025-11-18T10:17:54","slug":"12v75-edge-lifepo4-batterie","status":"publish","type":"product","link":"https:\/\/www.rebel-cell.com\/fr\/product\/12v75-edge-lifepo4-batterie\/","title":{"rendered":"12V75 EDGE LiFePO4 Batterie"},"content":{"rendered":"<h2 data-start=\"146\" data-end=\"215\"><strong data-start=\"149\" data-end=\"215\">Description du produit \u2013 Rebelcell 12V75 EDGE Batterie LiFePO\u2084<\/strong><\/h2>\n<p data-start=\"217\" data-end=\"636\">La <strong data-start=\"220\" data-end=\"234\">12V75 EDGE<\/strong> fait partie de la nouvelle <strong data-start=\"262\" data-end=\"286\">s\u00e9rie Rebelcell EDGE<\/strong> de batteries lithium haute performance.<br data-start=\"326\" data-end=\"329\" \/>Avec une capacit\u00e9 de <strong data-start=\"350\" data-end=\"370\">12V75Ah (960 Wh)<\/strong>, cette batterie est sp\u00e9cialement con\u00e7ue pour une <strong data-start=\"420\" data-end=\"442\">utilisation marine<\/strong> et les <strong data-start=\"450\" data-end=\"486\">applications \u00e0 d\u00e9charge profonde<\/strong>, telles que l\u2019alimentation des <strong data-start=\"518\" data-end=\"546\">moteurs \u00e9lectriques 12 V<\/strong>, des <strong data-start=\"552\" data-end=\"564\">sondeurs<\/strong>, ou comme <strong data-start=\"575\" data-end=\"598\" data-is-only-node=\"\">batterie de service<\/strong> pour <strong data-start=\"604\" data-end=\"633\">camping-cars et caravanes<\/strong>.<\/p>\n<p data-start=\"638\" data-end=\"865\">Elle se distingue par une <strong data-start=\"664\" data-end=\"686\">conception avanc\u00e9e<\/strong>, un <strong data-start=\"691\" data-end=\"731\">syst\u00e8me de gestion de batterie (BMS)<\/strong> robuste et une <strong data-start=\"747\" data-end=\"782\">connectivit\u00e9 Bluetooth int\u00e9gr\u00e9e<\/strong> pour un suivi fluide et en temps r\u00e9el via l\u2019<strong data-start=\"827\" data-end=\"862\">application Rebelcell Bluetooth<\/strong>.<\/p>\n<p data-start=\"867\" data-end=\"1160\">Dot\u00e9e d\u2019une <strong data-start=\"879\" data-end=\"906\">protection \u00e9tanche IP66<\/strong> et d\u2019une <strong data-start=\"916\" data-end=\"937\">garantie de 3 ans<\/strong>, la <strong data-start=\"942\" data-end=\"956\">12V75 EDGE<\/strong> offre <strong data-start=\"963\" data-end=\"1001\">fiabilit\u00e9 et tranquillit\u00e9 d\u2019esprit<\/strong> pour toutes vos aventures.<br data-start=\"1028\" data-end=\"1031\" \/>Besoin de plus de puissance ? Vous pouvez <strong data-start=\"1073\" data-end=\"1119\">connecter jusqu\u2019\u00e0 4 batteries en parall\u00e8le<\/strong> (ou <strong data-start=\"1124\" data-end=\"1138\">2 en s\u00e9rie<\/strong>) selon vos besoins.<\/p>\n<p data-start=\"1162\" data-end=\"1568\">La batterie est <strong data-start=\"1178\" data-end=\"1208\">enti\u00e8rement sans entretien<\/strong> et peut atteindre <strong data-start=\"1227\" data-end=\"1261\">jusqu\u2019\u00e0 5 000 cycles de charge<\/strong> \u2014 soit 5 000 cycles complets de charge et de d\u00e9charge.<br data-start=\"1316\" data-end=\"1319\" \/>Elle est <strong data-start=\"1328\" data-end=\"1353\">nettement plus l\u00e9g\u00e8re<\/strong> qu\u2019une batterie au plomb \u00e9quivalente et pr\u00e9sente une <strong data-start=\"1407\" data-end=\"1441\">perte annuelle bien inf\u00e9rieure<\/strong>.<br data-start=\"1442\" data-end=\"1445\" \/>Gr\u00e2ce \u00e0 son <strong data-start=\"1457\" data-end=\"1472\">BMS int\u00e9gr\u00e9<\/strong>, vous n\u2019avez jamais \u00e0 craindre une d\u00e9charge trop profonde ni un endommagement de la batterie.<\/p>\n<p data-start=\"1570\" data-end=\"1628\"><strong data-start=\"1570\" data-end=\"1588\">Code produit :<\/strong> 12075RCEDGE<br data-start=\"1600\" data-end=\"1603\" \/><strong data-start=\"1603\" data-end=\"1612\">EAN :<\/strong> 8720964631158<\/p>\n","protected":false},"excerpt":{"rendered":"<p data-start=\"0\" data-end=\"356\"><strong data-start=\"0\" data-end=\"15\">NOUVEAUT\u00c9 !<\/strong> La <strong data-start=\"19\" data-end=\"50\" data-is-only-node=\"\">batterie LiFePO\u2084 12V75 EDGE<\/strong> est une batterie <strong data-start=\"68\" data-end=\"97\">compacte, l\u00e9g\u00e8re (6,9 kg)<\/strong> et <strong data-start=\"101\" data-end=\"122\">haute performance<\/strong>, con\u00e7ue pour une utilisation <strong data-start=\"152\" data-end=\"162\">marine<\/strong> et les <strong data-start=\"170\" data-end=\"206\">applications \u00e0 d\u00e9charge profonde<\/strong>, telles que l\u2019alimentation des <strong data-start=\"238\" data-end=\"266\">moteurs \u00e9lectriques 12 V<\/strong>, des <strong data-start=\"272\" data-end=\"284\">sondeurs<\/strong>, ou comme <strong data-start=\"295\" data-end=\"318\">batterie de service<\/strong> pour <strong data-start=\"324\" data-end=\"353\">camping-cars et caravanes<\/strong>.<\/p>\n<p data-start=\"358\" data-end=\"624\" data-is-last-node=\"\" data-is-only-node=\"\">Avec sa <strong data-start=\"366\" data-end=\"393\">protection \u00e9tanche IP66<\/strong>, sa <strong data-start=\"398\" data-end=\"419\">garantie de 3 ans<\/strong> et sa <strong data-start=\"426\" data-end=\"452\">connectivit\u00e9 Bluetooth<\/strong> permettant un <strong data-start=\"467\" data-end=\"531\">suivi fluide et en temps r\u00e9el via l\u2019application Rebelcell BT<\/strong>, la <strong data-start=\"536\" data-end=\"550\">12V75 EDGE<\/strong> offre <strong data-start=\"557\" data-end=\"595\">fiabilit\u00e9 et confort d\u2019utilisation<\/strong> pour toutes vos aventures.<br \/>\n<a href=\"#proddesc\">Lire la suite &gt;<\/a><strong><br \/>\n<\/strong><\/p>\n","protected":false},"featured_media":25406,"comment_status":"open","ping_status":"closed","template":"","meta":{"_acf_changed":false},"product_brand":[],"product_cat":[1901,4439],"product_tag":[],"class_list":{"0":"post-24537","1":"product","2":"type-product","3":"status-publish","4":"has-post-thumbnail","6":"product_cat-batteries","7":"product_cat-batteries-lithium-12v-24v-36v","8":"product_shipping_class-shipping-battery","9":"pa_fishing-autres-applications","10":"pa_fishing-bateau-electrique","11":"pa_fishing-carpe","13":"first","14":"instock","15":"taxable","16":"shipping-taxable","17":"purchasable","18":"product-type-simple"},"bundled_by":["30672","30676"],"bundle_stock_status":"instock","bundle_stock_quantity":183,"bundle_virtual":false,"bundle_layout":"","bundle_add_to_cart_form_location":"","bundle_editable_in_cart":false,"bundle_sold_individually_context":"","bundle_item_grouping":"","bundle_min_size":"","bundle_max_size":"","bundle_price":[],"bundled_items":[],"bundle_sell_ids":[],"acf":[],"yoast_head":"<!-- This site is optimized with the Yoast SEO Premium plugin v27.1 (Yoast SEO v27.1.1) - https:\/\/yoast.com\/product\/yoast-seo-premium-wordpress\/ -->\n<title>Batterie 12V75 LiFePO4 EDGE | Rebelcell | Energie portable pour l&#039;ext\u00e9rieur<\/title>\n<meta name=\"description\" content=\"Batterie LiFePO\u2084 Bluetooth haute performance, con\u00e7ue pour une utilisation marine et les applications \u00e0 d\u00e9charge profonde.\u00c9tanch\u00e9it\u00e9 IP66, garantie de 3 ans : Rebelcell \u2013 L\u2019\u00e9nergie portable pour vos aventures en plein air.\" \/>\n<meta name=\"robots\" content=\"index, follow, max-snippet:-1, max-image-preview:large, max-video-preview:-1\" \/>\n<link rel=\"canonical\" href=\"https:\/\/www.rebel-cell.com\/fr\/product\/12v75-edge-lifepo4-batterie\/\" \/>\n<meta property=\"og:locale\" content=\"fr_FR\" \/>\n<meta property=\"og:type\" content=\"article\" \/>\n<meta property=\"og:title\" content=\"12V75 EDGE LiFePO4 Batterie\" \/>\n<meta property=\"og:description\" content=\"Batterie LiFePO\u2084 Bluetooth haute performance, con\u00e7ue pour une utilisation marine et les applications \u00e0 d\u00e9charge profonde.\u00c9tanch\u00e9it\u00e9 IP66, garantie de 3 ans : Rebelcell \u2013 L\u2019\u00e9nergie portable pour vos aventures en plein air.\" \/>\n<meta property=\"og:url\" content=\"https:\/\/www.rebel-cell.com\/fr\/product\/12v75-edge-lifepo4-batterie\/\" \/>\n<meta property=\"og:site_name\" content=\"Rebelcell\" \/>\n<meta property=\"article:publisher\" content=\"https:\/\/www.facebook.com\/rebelcelleu\" \/>\n<meta property=\"article:modified_time\" content=\"2025-11-18T10:17:54+00:00\" \/>\n<meta property=\"og:image\" content=\"https:\/\/www.rebel-cell.com\/wp-content\/uploads\/12V75_Edge_overview.webp\" \/>\n\t<meta property=\"og:image:width\" content=\"1599\" \/>\n\t<meta property=\"og:image:height\" content=\"1599\" \/>\n\t<meta property=\"og:image:type\" content=\"image\/webp\" \/>\n<meta name=\"twitter:card\" content=\"summary_large_image\" \/>\n<meta name=\"twitter:site\" content=\"@rebelcellnl\" \/>\n<meta name=\"twitter:label1\" content=\"Prix\" \/>\n\t<meta name=\"twitter:data1\" content=\"&euro;499,00\" \/>\n\t<meta name=\"twitter:label2\" content=\"Disponibilit\u00e9\" \/>\n\t<meta name=\"twitter:data2\" content=\"En stock\" \/>\n<script type=\"application\/ld+json\" class=\"yoast-schema-graph\">{\"@context\":\"https:\/\/schema.org\",\"@graph\":[{\"@type\":[\"WebPage\",\"ItemPage\"],\"@id\":\"https:\/\/www.rebel-cell.com\/fr\/product\/12v75-edge-lifepo4-batterie\/\",\"url\":\"https:\/\/www.rebel-cell.com\/fr\/product\/12v75-edge-lifepo4-batterie\/\",\"name\":\"Batterie 12V75 LiFePO4 EDGE | Rebelcell | Energie portable pour l'ext\u00e9rieur\",\"isPartOf\":{\"@id\":\"https:\/\/www.rebel-cell.com\/fr\/#website\"},\"primaryImageOfPage\":{\"@id\":\"https:\/\/www.rebel-cell.com\/fr\/product\/12v75-edge-lifepo4-batterie\/#primaryimage\"},\"image\":{\"@id\":\"https:\/\/www.rebel-cell.com\/fr\/product\/12v75-edge-lifepo4-batterie\/#primaryimage\"},\"thumbnailUrl\":\"https:\/\/www.rebel-cell.com\/wp-content\/uploads\/12V75_Edge_overview.webp\",\"datePublished\":\"2024-12-11T13:13:23+00:00\",\"dateModified\":\"2025-11-18T10:17:54+00:00\",\"description\":\"Batterie LiFePO\u2084 Bluetooth haute performance, con\u00e7ue pour une utilisation marine et les applications \u00e0 d\u00e9charge profonde.\u00c9tanch\u00e9it\u00e9 IP66, garantie de 3 ans : Rebelcell \u2013 L\u2019\u00e9nergie portable pour vos aventures en plein air.\",\"breadcrumb\":{\"@id\":\"https:\/\/www.rebel-cell.com\/fr\/product\/12v75-edge-lifepo4-batterie\/#breadcrumb\"},\"inLanguage\":\"fr-FR\",\"potentialAction\":[{\"@type\":\"ReadAction\",\"target\":[\"https:\/\/www.rebel-cell.com\/fr\/product\/12v75-edge-lifepo4-batterie\/\"]}]},{\"@type\":\"ImageObject\",\"inLanguage\":\"fr-FR\",\"@id\":\"https:\/\/www.rebel-cell.com\/fr\/product\/12v75-edge-lifepo4-batterie\/#primaryimage\",\"url\":\"https:\/\/www.rebel-cell.com\/wp-content\/uploads\/12V75_Edge_overview.webp\",\"contentUrl\":\"https:\/\/www.rebel-cell.com\/wp-content\/uploads\/12V75_Edge_overview.webp\",\"width\":1599,\"height\":1599},{\"@type\":\"BreadcrumbList\",\"@id\":\"https:\/\/www.rebel-cell.com\/fr\/product\/12v75-edge-lifepo4-batterie\/#breadcrumb\",\"itemListElement\":[{\"@type\":\"ListItem\",\"position\":1,\"name\":\"Home\",\"item\":\"https:\/\/www.rebel-cell.com\/fr\/\"},{\"@type\":\"ListItem\",\"position\":2,\"name\":\"Shop\",\"item\":\"https:\/\/www.rebel-cell.com\/fr\/boutique\/\"},{\"@type\":\"ListItem\",\"position\":3,\"name\":\"12V75 EDGE LiFePO4 Batterie\"}]},{\"@type\":\"WebSite\",\"@id\":\"https:\/\/www.rebel-cell.com\/fr\/#website\",\"url\":\"https:\/\/www.rebel-cell.com\/fr\/\",\"name\":\"Rebelcell\",\"description\":\"Rebelcell\",\"publisher\":{\"@id\":\"https:\/\/www.rebel-cell.com\/fr\/#organization\"},\"potentialAction\":[{\"@type\":\"SearchAction\",\"target\":{\"@type\":\"EntryPoint\",\"urlTemplate\":\"https:\/\/www.rebel-cell.com\/fr\/?s={search_term_string}\"},\"query-input\":{\"@type\":\"PropertyValueSpecification\",\"valueRequired\":true,\"valueName\":\"search_term_string\"}}],\"inLanguage\":\"fr-FR\"},{\"@type\":\"Organization\",\"@id\":\"https:\/\/www.rebel-cell.com\/fr\/#organization\",\"name\":\"Rebelcell\",\"url\":\"https:\/\/www.rebel-cell.com\/fr\/\",\"logo\":{\"@type\":\"ImageObject\",\"inLanguage\":\"fr-FR\",\"@id\":\"https:\/\/www.rebel-cell.com\/fr\/#\/schema\/logo\/image\/\",\"url\":\"https:\/\/www.rebel-cell.com\/wp-content\/uploads\/rebelcell-logo-300.png\",\"contentUrl\":\"https:\/\/www.rebel-cell.com\/wp-content\/uploads\/rebelcell-logo-300.png\",\"width\":300,\"height\":55,\"caption\":\"Rebelcell\"},\"image\":{\"@id\":\"https:\/\/www.rebel-cell.com\/fr\/#\/schema\/logo\/image\/\"},\"sameAs\":[\"https:\/\/www.facebook.com\/rebelcelleu\",\"https:\/\/x.com\/rebelcellnl\",\"https:\/\/www.instagram.com\/rebelcelleurope\/?hl=nl\",\"https:\/\/www.youtube.com\/channel\/UCpySQUq4xwwtqveV1f8oiFw\"]}]}<\/script>\n<meta property=\"product:price:amount\" content=\"499.00\" \/>\n<meta property=\"product:price:currency\" content=\"EUR\" \/>\n<meta property=\"og:availability\" content=\"instock\" \/>\n<meta property=\"product:availability\" content=\"instock\" \/>\n<meta property=\"product:retailer_item_id\" content=\"8720964631158\" \/>\n<meta property=\"product:condition\" content=\"new\" \/>\n<!-- \/ Yoast SEO Premium plugin. -->","yoast_head_json":{"title":"Batterie 12V75 LiFePO4 EDGE | Rebelcell | Energie portable pour l'ext\u00e9rieur","description":"Batterie LiFePO\u2084 Bluetooth haute performance, con\u00e7ue pour une utilisation marine et les applications \u00e0 d\u00e9charge profonde.\u00c9tanch\u00e9it\u00e9 IP66, garantie de 3 ans : Rebelcell \u2013 L\u2019\u00e9nergie portable pour vos aventures en plein air.","robots":{"index":"index","follow":"follow","max-snippet":"max-snippet:-1","max-image-preview":"max-image-preview:large","max-video-preview":"max-video-preview:-1"},"canonical":"https:\/\/www.rebel-cell.com\/fr\/product\/12v75-edge-lifepo4-batterie\/","og_locale":"fr_FR","og_type":"article","og_title":"12V75 EDGE LiFePO4 Batterie","og_description":"Batterie LiFePO\u2084 Bluetooth haute performance, con\u00e7ue pour une utilisation marine et les applications \u00e0 d\u00e9charge profonde.\u00c9tanch\u00e9it\u00e9 IP66, garantie de 3 ans : Rebelcell \u2013 L\u2019\u00e9nergie portable pour vos aventures en plein air.","og_url":"https:\/\/www.rebel-cell.com\/fr\/product\/12v75-edge-lifepo4-batterie\/","og_site_name":"Rebelcell","article_publisher":"https:\/\/www.facebook.com\/rebelcelleu","article_modified_time":"2025-11-18T10:17:54+00:00","og_image":[{"width":1599,"height":1599,"url":"https:\/\/www.rebel-cell.com\/wp-content\/uploads\/12V75_Edge_overview.webp","type":"image\/webp"}],"twitter_card":"summary_large_image","twitter_site":"@rebelcellnl","twitter_misc":{"Prix":"&euro;499,00","Disponibilit\u00e9":"En stock"},"schema":{"@context":"https:\/\/schema.org","@graph":[{"@type":["WebPage","ItemPage"],"@id":"https:\/\/www.rebel-cell.com\/fr\/product\/12v75-edge-lifepo4-batterie\/","url":"https:\/\/www.rebel-cell.com\/fr\/product\/12v75-edge-lifepo4-batterie\/","name":"Batterie 12V75 LiFePO4 EDGE | Rebelcell | Energie portable pour l'ext\u00e9rieur","isPartOf":{"@id":"https:\/\/www.rebel-cell.com\/fr\/#website"},"primaryImageOfPage":{"@id":"https:\/\/www.rebel-cell.com\/fr\/product\/12v75-edge-lifepo4-batterie\/#primaryimage"},"image":{"@id":"https:\/\/www.rebel-cell.com\/fr\/product\/12v75-edge-lifepo4-batterie\/#primaryimage"},"thumbnailUrl":"https:\/\/www.rebel-cell.com\/wp-content\/uploads\/12V75_Edge_overview.webp","datePublished":"2024-12-11T13:13:23+00:00","dateModified":"2025-11-18T10:17:54+00:00","description":"Batterie LiFePO\u2084 Bluetooth haute performance, con\u00e7ue pour une utilisation marine et les applications \u00e0 d\u00e9charge profonde.\u00c9tanch\u00e9it\u00e9 IP66, garantie de 3 ans : Rebelcell \u2013 L\u2019\u00e9nergie portable pour vos aventures en plein air.","breadcrumb":{"@id":"https:\/\/www.rebel-cell.com\/fr\/product\/12v75-edge-lifepo4-batterie\/#breadcrumb"},"inLanguage":"fr-FR","potentialAction":[{"@type":"ReadAction","target":["https:\/\/www.rebel-cell.com\/fr\/product\/12v75-edge-lifepo4-batterie\/"]}]},{"@type":"ImageObject","inLanguage":"fr-FR","@id":"https:\/\/www.rebel-cell.com\/fr\/product\/12v75-edge-lifepo4-batterie\/#primaryimage","url":"https:\/\/www.rebel-cell.com\/wp-content\/uploads\/12V75_Edge_overview.webp","contentUrl":"https:\/\/www.rebel-cell.com\/wp-content\/uploads\/12V75_Edge_overview.webp","width":1599,"height":1599},{"@type":"BreadcrumbList","@id":"https:\/\/www.rebel-cell.com\/fr\/product\/12v75-edge-lifepo4-batterie\/#breadcrumb","itemListElement":[{"@type":"ListItem","position":1,"name":"Home","item":"https:\/\/www.rebel-cell.com\/fr\/"},{"@type":"ListItem","position":2,"name":"Shop","item":"https:\/\/www.rebel-cell.com\/fr\/boutique\/"},{"@type":"ListItem","position":3,"name":"12V75 EDGE LiFePO4 Batterie"}]},{"@type":"WebSite","@id":"https:\/\/www.rebel-cell.com\/fr\/#website","url":"https:\/\/www.rebel-cell.com\/fr\/","name":"Rebelcell","description":"Rebelcell","publisher":{"@id":"https:\/\/www.rebel-cell.com\/fr\/#organization"},"potentialAction":[{"@type":"SearchAction","target":{"@type":"EntryPoint","urlTemplate":"https:\/\/www.rebel-cell.com\/fr\/?s={search_term_string}"},"query-input":{"@type":"PropertyValueSpecification","valueRequired":true,"valueName":"search_term_string"}}],"inLanguage":"fr-FR"},{"@type":"Organization","@id":"https:\/\/www.rebel-cell.com\/fr\/#organization","name":"Rebelcell","url":"https:\/\/www.rebel-cell.com\/fr\/","logo":{"@type":"ImageObject","inLanguage":"fr-FR","@id":"https:\/\/www.rebel-cell.com\/fr\/#\/schema\/logo\/image\/","url":"https:\/\/www.rebel-cell.com\/wp-content\/uploads\/rebelcell-logo-300.png","contentUrl":"https:\/\/www.rebel-cell.com\/wp-content\/uploads\/rebelcell-logo-300.png","width":300,"height":55,"caption":"Rebelcell"},"image":{"@id":"https:\/\/www.rebel-cell.com\/fr\/#\/schema\/logo\/image\/"},"sameAs":["https:\/\/www.facebook.com\/rebelcelleu","https:\/\/x.com\/rebelcellnl","https:\/\/www.instagram.com\/rebelcelleurope\/?hl=nl","https:\/\/www.youtube.com\/channel\/UCpySQUq4xwwtqveV1f8oiFw"]}]},"product_price_amount":"499.00","product_price_currency":"EUR","og_availability":"instock","product_availability":"instock","product_retailer_item_id":"8720964631158","product_condition":"new"},"_links":{"self":[{"href":"https:\/\/www.rebel-cell.com\/fr\/wp-json\/wp\/v2\/product\/24537","targetHints":{"allow":["GET"]}}],"collection":[{"href":"https:\/\/www.rebel-cell.com\/fr\/wp-json\/wp\/v2\/product"}],"about":[{"href":"https:\/\/www.rebel-cell.com\/fr\/wp-json\/wp\/v2\/types\/product"}],"replies":[{"embeddable":true,"href":"https:\/\/www.rebel-cell.com\/fr\/wp-json\/wp\/v2\/comments?post=24537"}],"wp:featuredmedia":[{"embeddable":true,"href":"https:\/\/www.rebel-cell.com\/fr\/wp-json\/wp\/v2\/media\/25406"}],"wp:attachment":[{"href":"https:\/\/www.rebel-cell.com\/fr\/wp-json\/wp\/v2\/media?parent=24537"}],"wp:term":[{"taxonomy":"product_brand","embeddable":true,"href":"https:\/\/www.rebel-cell.com\/fr\/wp-json\/wp\/v2\/product_brand?post=24537"},{"taxonomy":"product_cat","embeddable":true,"href":"https:\/\/www.rebel-cell.com\/fr\/wp-json\/wp\/v2\/product_cat?post=24537"},{"taxonomy":"product_tag","embeddable":true,"href":"https:\/\/www.rebel-cell.com\/fr\/wp-json\/wp\/v2\/product_tag?post=24537"}],"curies":[{"name":"wp","href":"https:\/\/api.w.org\/{rel}","templated":true}]}}