{"id":24593,"date":"2024-12-11T18:09:34","date_gmt":"2024-12-11T17:09:34","guid":{"rendered":"https:\/\/www.rebel-cell.com\/?post_type=product&#038;p=24593"},"modified":"2025-11-18T11:04:34","modified_gmt":"2025-11-18T10:04:34","slug":"24v105-edge-lifepo4-batterie","status":"publish","type":"product","link":"https:\/\/www.rebel-cell.com\/fr\/product\/24v105-edge-lifepo4-batterie\/","title":{"rendered":"24V105 EDGE LiFePO4 Batterie"},"content":{"rendered":"<h2 data-start=\"129\" data-end=\"196\"><strong data-start=\"129\" data-end=\"196\">Description du produit \u2013 Rebelcell 24V105 EDGE Batterie LiFePO\u2084<\/strong><\/h2>\n<p data-start=\"198\" data-end=\"781\">La <strong data-start=\"201\" data-end=\"216\">24V105 EDGE<\/strong> fait partie de la nouvelle <strong data-start=\"244\" data-end=\"268\">s\u00e9rie Rebelcell EDGE<\/strong> de batteries lithium haute performance. Avec une capacit\u00e9 de <strong data-start=\"330\" data-end=\"353\">24V105Ah (2,69 kWh)<\/strong>, cette batterie est sp\u00e9cialement con\u00e7ue pour une utilisation marine et pour les applications \u00e0 d\u00e9charge profonde, telles que l\u2019alimentation des <strong data-start=\"498\" data-end=\"526\">moteurs \u00e9lectriques 24 V<\/strong> ou en tant que <strong data-start=\"542\" data-end=\"570\">batterie de service 24 V<\/strong> pour <strong data-start=\"576\" data-end=\"605\">camping-cars et caravanes<\/strong>.<br data-start=\"606\" data-end=\"609\" \/>Elle se distingue par une <strong data-start=\"635\" data-end=\"657\">conception avanc\u00e9e<\/strong>, un <strong data-start=\"662\" data-end=\"702\" data-is-only-node=\"\">syst\u00e8me de gestion de batterie (BMS)<\/strong> robuste et un <strong data-start=\"717\" data-end=\"778\">suivi en temps r\u00e9el via l\u2019application Bluetooth Rebelcell<\/strong>.<\/p>\n<p data-start=\"783\" data-end=\"1018\">Dot\u00e9e d\u2019une <strong data-start=\"795\" data-end=\"822\">protection \u00e9tanche IP66<\/strong> et d\u2019une <strong data-start=\"832\" data-end=\"853\">garantie de 3 ans<\/strong>, la 24V105 EDGE offre <strong data-start=\"876\" data-end=\"914\">fiabilit\u00e9 et confort d\u2019utilisation<\/strong> pour toutes vos aventures.<br data-start=\"941\" data-end=\"944\" \/>Besoin de plus de puissance ? Elle permet des configurations flexibles :<\/p>\n<ul data-start=\"1019\" data-end=\"1226\">\n<li data-start=\"1019\" data-end=\"1118\">\n<p data-start=\"1021\" data-end=\"1118\"><strong data-start=\"1021\" data-end=\"1057\">Jusqu\u2019\u00e0 4 batteries en parall\u00e8le<\/strong> : source d\u2019alimentation <strong data-start=\"1082\" data-end=\"1094\">24V420Ah<\/strong> (capacit\u00e9 quadrupl\u00e9e)<\/p>\n<\/li>\n<li data-start=\"1119\" data-end=\"1226\">\n<p data-start=\"1121\" data-end=\"1226\"><strong data-start=\"1121\" data-end=\"1145\">2 batteries en s\u00e9rie<\/strong> : source d\u2019alimentation <strong data-start=\"1170\" data-end=\"1182\">48V105Ah<\/strong>, adapt\u00e9e aux <strong data-start=\"1196\" data-end=\"1224\">moteurs \u00e9lectriques 48 V<\/strong><\/p>\n<\/li>\n<\/ul>\n<p data-start=\"1228\" data-end=\"1623\">La batterie est <strong data-start=\"1244\" data-end=\"1274\">enti\u00e8rement sans entretien<\/strong> et peut atteindre <strong data-start=\"1293\" data-end=\"1327\">jusqu\u2019\u00e0 5 000 cycles de charge<\/strong> \u2014 soit 5 000 cycles de charge et de d\u00e9charge. Elle est <strong data-start=\"1383\" data-end=\"1408\">nettement plus l\u00e9g\u00e8re<\/strong> qu\u2019une batterie au plomb \u00e9quivalente et pr\u00e9sente une <strong data-start=\"1462\" data-end=\"1496\">perte annuelle bien inf\u00e9rieure<\/strong>.<br data-start=\"1497\" data-end=\"1500\" \/>Gr\u00e2ce \u00e0 son <strong data-start=\"1512\" data-end=\"1527\">BMS int\u00e9gr\u00e9<\/strong>, vous n\u2019avez jamais \u00e0 craindre une d\u00e9charge trop profonde ni un endommagement de la batterie.<\/p>\n<p data-start=\"1625\" data-end=\"1683\"><strong data-start=\"1625\" data-end=\"1643\">Code produit :<\/strong> 24105RCEDGE<br data-start=\"1655\" data-end=\"1658\" \/><strong data-start=\"1658\" data-end=\"1667\">EAN :<\/strong> 8720964631189<\/p>\n","protected":false},"excerpt":{"rendered":"<p data-start=\"0\" data-end=\"422\"><strong data-start=\"0\" data-end=\"15\">NOUVEAUT\u00c9 !<\/strong> La <strong data-start=\"19\" data-end=\"51\" data-is-only-node=\"\">batterie LiFePO\u2084 24V105 EDGE<\/strong> est une batterie haute performance con\u00e7ue pour une utilisation marine et les applications \u00e0 d\u00e9charge profonde, telles que l\u2019alimentation des <strong data-start=\"193\" data-end=\"221\">moteurs \u00e9lectriques 24 V<\/strong> ou comme <strong data-start=\"231\" data-end=\"259\">batterie de service 24 V<\/strong> pour <strong data-start=\"265\" data-end=\"294\">camping-cars et caravanes<\/strong>.<br data-start=\"295\" data-end=\"298\" \/>Elle peut \u00eatre <strong data-start=\"313\" data-end=\"340\">connect\u00e9e en s\u00e9rie (2S)<\/strong> pour former un <strong data-start=\"356\" data-end=\"382\">pack batterie 48V105Ah<\/strong>, id\u00e9al pour la navigation \u00e9lectrique.<\/p>\n<p data-start=\"424\" data-end=\"603\" data-is-last-node=\"\" data-is-only-node=\"\">Avec sa <strong data-start=\"432\" data-end=\"459\">protection \u00e9tanche IP66<\/strong>, sa <strong data-start=\"464\" data-end=\"485\">garantie de 3 ans<\/strong> et l\u2019<strong data-start=\"491\" data-end=\"519\">application Rebelcell BT<\/strong>, la <strong data-start=\"524\" data-end=\"539\">24V105 EDGE<\/strong> offre <strong data-start=\"546\" data-end=\"584\">fiabilit\u00e9 et confort d\u2019utilisation<\/strong> \u00e0 chaque sortie.<br \/>\n<a href=\"#proddesc\">Lire la suite &gt;<\/a><strong><br \/>\n<\/strong><\/p>\n","protected":false},"featured_media":25506,"comment_status":"open","ping_status":"closed","template":"","meta":{"_acf_changed":false},"product_brand":[],"product_cat":[4439,1901],"product_tag":[],"class_list":{"0":"post-24593","1":"product","2":"type-product","3":"status-publish","4":"has-post-thumbnail","6":"product_cat-batteries-lithium-12v-24v-36v","7":"product_cat-batteries","8":"product_shipping_class-shipping-battery","9":"pa_fishing-autres-applications","10":"pa_fishing-bateau-electrique","11":"pa_fishing-carpe","13":"first","14":"instock","15":"taxable","16":"shipping-taxable","17":"purchasable","18":"product-type-simple"},"bundled_by":["30692"],"bundle_stock_status":"instock","bundle_stock_quantity":44,"bundle_virtual":false,"bundle_layout":"","bundle_add_to_cart_form_location":"","bundle_editable_in_cart":false,"bundle_sold_individually_context":"","bundle_item_grouping":"","bundle_min_size":"","bundle_max_size":"","bundle_price":[],"bundled_items":[],"bundle_sell_ids":[],"acf":[],"yoast_head":"<!-- This site is optimized with the Yoast SEO Premium plugin v27.1 (Yoast SEO v27.1.1) - https:\/\/yoast.com\/product\/yoast-seo-premium-wordpress\/ -->\n<title>Batterie LiFePO4 24V105 EDGE | Rebelcell | Energie portable pour l&#039;ext\u00e9rieur<\/title>\n<meta name=\"description\" content=\"Batterie LiFePO\u2084 24V haute performance avec Bluetooth, con\u00e7ue pour les applications marines et \u00e0 d\u00e9charge profonde. \u00c9tanch\u00e9it\u00e9 IP66, garantie de 3 ans : Rebelcell \u2013 L\u2019\u00e9nergie portable pour vos aventures en plein air.\" \/>\n<meta name=\"robots\" content=\"index, follow, max-snippet:-1, max-image-preview:large, max-video-preview:-1\" \/>\n<link rel=\"canonical\" href=\"https:\/\/www.rebel-cell.com\/fr\/product\/24v105-edge-lifepo4-batterie\/\" \/>\n<meta property=\"og:locale\" content=\"fr_FR\" \/>\n<meta property=\"og:type\" content=\"article\" \/>\n<meta property=\"og:title\" content=\"24V105 EDGE LiFePO4 Batterie\" \/>\n<meta property=\"og:description\" content=\"Batterie LiFePO\u2084 24V haute performance avec Bluetooth, con\u00e7ue pour les applications marines et \u00e0 d\u00e9charge profonde. \u00c9tanch\u00e9it\u00e9 IP66, garantie de 3 ans : Rebelcell \u2013 L\u2019\u00e9nergie portable pour vos aventures en plein air.\" \/>\n<meta property=\"og:url\" content=\"https:\/\/www.rebel-cell.com\/fr\/product\/24v105-edge-lifepo4-batterie\/\" \/>\n<meta property=\"og:site_name\" content=\"Rebelcell\" \/>\n<meta property=\"article:publisher\" content=\"https:\/\/www.facebook.com\/rebelcelleu\" \/>\n<meta property=\"article:modified_time\" content=\"2025-11-18T10:04:34+00:00\" \/>\n<meta property=\"og:image\" content=\"https:\/\/www.rebel-cell.com\/wp-content\/uploads\/24V105_Edge_overview.webp\" \/>\n\t<meta property=\"og:image:width\" content=\"1500\" \/>\n\t<meta property=\"og:image:height\" content=\"1500\" \/>\n\t<meta property=\"og:image:type\" content=\"image\/webp\" \/>\n<meta name=\"twitter:card\" content=\"summary_large_image\" \/>\n<meta name=\"twitter:site\" content=\"@rebelcellnl\" \/>\n<meta name=\"twitter:label1\" content=\"Prix\" \/>\n\t<meta name=\"twitter:data1\" content=\"&euro;999,00\" \/>\n\t<meta name=\"twitter:label2\" content=\"Disponibilit\u00e9\" \/>\n\t<meta name=\"twitter:data2\" content=\"En stock\" \/>\n<script type=\"application\/ld+json\" class=\"yoast-schema-graph\">{\"@context\":\"https:\/\/schema.org\",\"@graph\":[{\"@type\":[\"WebPage\",\"ItemPage\"],\"@id\":\"https:\/\/www.rebel-cell.com\/fr\/product\/24v105-edge-lifepo4-batterie\/\",\"url\":\"https:\/\/www.rebel-cell.com\/fr\/product\/24v105-edge-lifepo4-batterie\/\",\"name\":\"Batterie LiFePO4 24V105 EDGE | Rebelcell | Energie portable pour l'ext\u00e9rieur\",\"isPartOf\":{\"@id\":\"https:\/\/www.rebel-cell.com\/fr\/#website\"},\"primaryImageOfPage\":{\"@id\":\"https:\/\/www.rebel-cell.com\/fr\/product\/24v105-edge-lifepo4-batterie\/#primaryimage\"},\"image\":{\"@id\":\"https:\/\/www.rebel-cell.com\/fr\/product\/24v105-edge-lifepo4-batterie\/#primaryimage\"},\"thumbnailUrl\":\"https:\/\/www.rebel-cell.com\/wp-content\/uploads\/24V105_Edge_overview.webp\",\"datePublished\":\"2024-12-11T17:09:34+00:00\",\"dateModified\":\"2025-11-18T10:04:34+00:00\",\"description\":\"Batterie LiFePO\u2084 24V haute performance avec Bluetooth, con\u00e7ue pour les applications marines et \u00e0 d\u00e9charge profonde. \u00c9tanch\u00e9it\u00e9 IP66, garantie de 3 ans : Rebelcell \u2013 L\u2019\u00e9nergie portable pour vos aventures en plein air.\",\"breadcrumb\":{\"@id\":\"https:\/\/www.rebel-cell.com\/fr\/product\/24v105-edge-lifepo4-batterie\/#breadcrumb\"},\"inLanguage\":\"fr-FR\",\"potentialAction\":[{\"@type\":\"ReadAction\",\"target\":[\"https:\/\/www.rebel-cell.com\/fr\/product\/24v105-edge-lifepo4-batterie\/\"]}]},{\"@type\":\"ImageObject\",\"inLanguage\":\"fr-FR\",\"@id\":\"https:\/\/www.rebel-cell.com\/fr\/product\/24v105-edge-lifepo4-batterie\/#primaryimage\",\"url\":\"https:\/\/www.rebel-cell.com\/wp-content\/uploads\/24V105_Edge_overview.webp\",\"contentUrl\":\"https:\/\/www.rebel-cell.com\/wp-content\/uploads\/24V105_Edge_overview.webp\",\"width\":1500,\"height\":1500},{\"@type\":\"BreadcrumbList\",\"@id\":\"https:\/\/www.rebel-cell.com\/fr\/product\/24v105-edge-lifepo4-batterie\/#breadcrumb\",\"itemListElement\":[{\"@type\":\"ListItem\",\"position\":1,\"name\":\"Home\",\"item\":\"https:\/\/www.rebel-cell.com\/fr\/\"},{\"@type\":\"ListItem\",\"position\":2,\"name\":\"Shop\",\"item\":\"https:\/\/www.rebel-cell.com\/fr\/boutique\/\"},{\"@type\":\"ListItem\",\"position\":3,\"name\":\"24V105 EDGE LiFePO4 Batterie\"}]},{\"@type\":\"WebSite\",\"@id\":\"https:\/\/www.rebel-cell.com\/fr\/#website\",\"url\":\"https:\/\/www.rebel-cell.com\/fr\/\",\"name\":\"Rebelcell\",\"description\":\"Rebelcell\",\"publisher\":{\"@id\":\"https:\/\/www.rebel-cell.com\/fr\/#organization\"},\"potentialAction\":[{\"@type\":\"SearchAction\",\"target\":{\"@type\":\"EntryPoint\",\"urlTemplate\":\"https:\/\/www.rebel-cell.com\/fr\/?s={search_term_string}\"},\"query-input\":{\"@type\":\"PropertyValueSpecification\",\"valueRequired\":true,\"valueName\":\"search_term_string\"}}],\"inLanguage\":\"fr-FR\"},{\"@type\":\"Organization\",\"@id\":\"https:\/\/www.rebel-cell.com\/fr\/#organization\",\"name\":\"Rebelcell\",\"url\":\"https:\/\/www.rebel-cell.com\/fr\/\",\"logo\":{\"@type\":\"ImageObject\",\"inLanguage\":\"fr-FR\",\"@id\":\"https:\/\/www.rebel-cell.com\/fr\/#\/schema\/logo\/image\/\",\"url\":\"https:\/\/www.rebel-cell.com\/wp-content\/uploads\/rebelcell-logo-300.png\",\"contentUrl\":\"https:\/\/www.rebel-cell.com\/wp-content\/uploads\/rebelcell-logo-300.png\",\"width\":300,\"height\":55,\"caption\":\"Rebelcell\"},\"image\":{\"@id\":\"https:\/\/www.rebel-cell.com\/fr\/#\/schema\/logo\/image\/\"},\"sameAs\":[\"https:\/\/www.facebook.com\/rebelcelleu\",\"https:\/\/x.com\/rebelcellnl\",\"https:\/\/www.instagram.com\/rebelcelleurope\/?hl=nl\",\"https:\/\/www.youtube.com\/channel\/UCpySQUq4xwwtqveV1f8oiFw\"]}]}<\/script>\n<meta property=\"product:price:amount\" content=\"999.00\" \/>\n<meta property=\"product:price:currency\" content=\"EUR\" \/>\n<meta property=\"og:availability\" content=\"instock\" \/>\n<meta property=\"product:availability\" content=\"instock\" \/>\n<meta property=\"product:retailer_item_id\" content=\"8720964631189\" \/>\n<meta property=\"product:condition\" content=\"new\" \/>\n<!-- \/ Yoast SEO Premium plugin. -->","yoast_head_json":{"title":"Batterie LiFePO4 24V105 EDGE | Rebelcell | Energie portable pour l'ext\u00e9rieur","description":"Batterie LiFePO\u2084 24V haute performance avec Bluetooth, con\u00e7ue pour les applications marines et \u00e0 d\u00e9charge profonde. \u00c9tanch\u00e9it\u00e9 IP66, garantie de 3 ans : Rebelcell \u2013 L\u2019\u00e9nergie portable pour vos aventures en plein air.","robots":{"index":"index","follow":"follow","max-snippet":"max-snippet:-1","max-image-preview":"max-image-preview:large","max-video-preview":"max-video-preview:-1"},"canonical":"https:\/\/www.rebel-cell.com\/fr\/product\/24v105-edge-lifepo4-batterie\/","og_locale":"fr_FR","og_type":"article","og_title":"24V105 EDGE LiFePO4 Batterie","og_description":"Batterie LiFePO\u2084 24V haute performance avec Bluetooth, con\u00e7ue pour les applications marines et \u00e0 d\u00e9charge profonde. \u00c9tanch\u00e9it\u00e9 IP66, garantie de 3 ans : Rebelcell \u2013 L\u2019\u00e9nergie portable pour vos aventures en plein air.","og_url":"https:\/\/www.rebel-cell.com\/fr\/product\/24v105-edge-lifepo4-batterie\/","og_site_name":"Rebelcell","article_publisher":"https:\/\/www.facebook.com\/rebelcelleu","article_modified_time":"2025-11-18T10:04:34+00:00","og_image":[{"width":1500,"height":1500,"url":"https:\/\/www.rebel-cell.com\/wp-content\/uploads\/24V105_Edge_overview.webp","type":"image\/webp"}],"twitter_card":"summary_large_image","twitter_site":"@rebelcellnl","twitter_misc":{"Prix":"&euro;999,00","Disponibilit\u00e9":"En stock"},"schema":{"@context":"https:\/\/schema.org","@graph":[{"@type":["WebPage","ItemPage"],"@id":"https:\/\/www.rebel-cell.com\/fr\/product\/24v105-edge-lifepo4-batterie\/","url":"https:\/\/www.rebel-cell.com\/fr\/product\/24v105-edge-lifepo4-batterie\/","name":"Batterie LiFePO4 24V105 EDGE | Rebelcell | Energie portable pour l'ext\u00e9rieur","isPartOf":{"@id":"https:\/\/www.rebel-cell.com\/fr\/#website"},"primaryImageOfPage":{"@id":"https:\/\/www.rebel-cell.com\/fr\/product\/24v105-edge-lifepo4-batterie\/#primaryimage"},"image":{"@id":"https:\/\/www.rebel-cell.com\/fr\/product\/24v105-edge-lifepo4-batterie\/#primaryimage"},"thumbnailUrl":"https:\/\/www.rebel-cell.com\/wp-content\/uploads\/24V105_Edge_overview.webp","datePublished":"2024-12-11T17:09:34+00:00","dateModified":"2025-11-18T10:04:34+00:00","description":"Batterie LiFePO\u2084 24V haute performance avec Bluetooth, con\u00e7ue pour les applications marines et \u00e0 d\u00e9charge profonde. \u00c9tanch\u00e9it\u00e9 IP66, garantie de 3 ans : Rebelcell \u2013 L\u2019\u00e9nergie portable pour vos aventures en plein air.","breadcrumb":{"@id":"https:\/\/www.rebel-cell.com\/fr\/product\/24v105-edge-lifepo4-batterie\/#breadcrumb"},"inLanguage":"fr-FR","potentialAction":[{"@type":"ReadAction","target":["https:\/\/www.rebel-cell.com\/fr\/product\/24v105-edge-lifepo4-batterie\/"]}]},{"@type":"ImageObject","inLanguage":"fr-FR","@id":"https:\/\/www.rebel-cell.com\/fr\/product\/24v105-edge-lifepo4-batterie\/#primaryimage","url":"https:\/\/www.rebel-cell.com\/wp-content\/uploads\/24V105_Edge_overview.webp","contentUrl":"https:\/\/www.rebel-cell.com\/wp-content\/uploads\/24V105_Edge_overview.webp","width":1500,"height":1500},{"@type":"BreadcrumbList","@id":"https:\/\/www.rebel-cell.com\/fr\/product\/24v105-edge-lifepo4-batterie\/#breadcrumb","itemListElement":[{"@type":"ListItem","position":1,"name":"Home","item":"https:\/\/www.rebel-cell.com\/fr\/"},{"@type":"ListItem","position":2,"name":"Shop","item":"https:\/\/www.rebel-cell.com\/fr\/boutique\/"},{"@type":"ListItem","position":3,"name":"24V105 EDGE LiFePO4 Batterie"}]},{"@type":"WebSite","@id":"https:\/\/www.rebel-cell.com\/fr\/#website","url":"https:\/\/www.rebel-cell.com\/fr\/","name":"Rebelcell","description":"Rebelcell","publisher":{"@id":"https:\/\/www.rebel-cell.com\/fr\/#organization"},"potentialAction":[{"@type":"SearchAction","target":{"@type":"EntryPoint","urlTemplate":"https:\/\/www.rebel-cell.com\/fr\/?s={search_term_string}"},"query-input":{"@type":"PropertyValueSpecification","valueRequired":true,"valueName":"search_term_string"}}],"inLanguage":"fr-FR"},{"@type":"Organization","@id":"https:\/\/www.rebel-cell.com\/fr\/#organization","name":"Rebelcell","url":"https:\/\/www.rebel-cell.com\/fr\/","logo":{"@type":"ImageObject","inLanguage":"fr-FR","@id":"https:\/\/www.rebel-cell.com\/fr\/#\/schema\/logo\/image\/","url":"https:\/\/www.rebel-cell.com\/wp-content\/uploads\/rebelcell-logo-300.png","contentUrl":"https:\/\/www.rebel-cell.com\/wp-content\/uploads\/rebelcell-logo-300.png","width":300,"height":55,"caption":"Rebelcell"},"image":{"@id":"https:\/\/www.rebel-cell.com\/fr\/#\/schema\/logo\/image\/"},"sameAs":["https:\/\/www.facebook.com\/rebelcelleu","https:\/\/x.com\/rebelcellnl","https:\/\/www.instagram.com\/rebelcelleurope\/?hl=nl","https:\/\/www.youtube.com\/channel\/UCpySQUq4xwwtqveV1f8oiFw"]}]},"product_price_amount":"999.00","product_price_currency":"EUR","og_availability":"instock","product_availability":"instock","product_retailer_item_id":"8720964631189","product_condition":"new"},"_links":{"self":[{"href":"https:\/\/www.rebel-cell.com\/fr\/wp-json\/wp\/v2\/product\/24593","targetHints":{"allow":["GET"]}}],"collection":[{"href":"https:\/\/www.rebel-cell.com\/fr\/wp-json\/wp\/v2\/product"}],"about":[{"href":"https:\/\/www.rebel-cell.com\/fr\/wp-json\/wp\/v2\/types\/product"}],"replies":[{"embeddable":true,"href":"https:\/\/www.rebel-cell.com\/fr\/wp-json\/wp\/v2\/comments?post=24593"}],"wp:featuredmedia":[{"embeddable":true,"href":"https:\/\/www.rebel-cell.com\/fr\/wp-json\/wp\/v2\/media\/25506"}],"wp:attachment":[{"href":"https:\/\/www.rebel-cell.com\/fr\/wp-json\/wp\/v2\/media?parent=24593"}],"wp:term":[{"taxonomy":"product_brand","embeddable":true,"href":"https:\/\/www.rebel-cell.com\/fr\/wp-json\/wp\/v2\/product_brand?post=24593"},{"taxonomy":"product_cat","embeddable":true,"href":"https:\/\/www.rebel-cell.com\/fr\/wp-json\/wp\/v2\/product_cat?post=24593"},{"taxonomy":"product_tag","embeddable":true,"href":"https:\/\/www.rebel-cell.com\/fr\/wp-json\/wp\/v2\/product_tag?post=24593"}],"curies":[{"name":"wp","href":"https:\/\/api.w.org\/{rel}","templated":true}]}}