{"id":27459,"date":"2025-05-28T11:20:14","date_gmt":"2025-05-28T09:20:14","guid":{"rendered":"https:\/\/www.rebel-cell.com\/?post_type=product&#038;p=27459"},"modified":"2025-11-18T11:14:06","modified_gmt":"2025-11-18T10:14:06","slug":"36v105-edge-lifepo4-batterie","status":"publish","type":"product","link":"https:\/\/www.rebel-cell.com\/fr\/product\/36v105-edge-lifepo4-batterie\/","title":{"rendered":"36V105 EDGE LiFePO4 Batterie"},"content":{"rendered":"<h3 data-start=\"283\" data-end=\"355\"><strong data-start=\"287\" data-end=\"353\">Description du produit \u2013 Rebelcell Batterie 36V105 EDGE LiFePO4<\/strong><\/h3>\n<p data-start=\"357\" data-end=\"804\">La <strong data-start=\"360\" data-end=\"392\">batterie 36V105 EDGE LiFePO4<\/strong> fait partie de la nouvelle s\u00e9rie lithium <strong data-start=\"434\" data-end=\"452\">Rebelcell EDGE<\/strong>. Avec une capacit\u00e9 de <strong data-start=\"475\" data-end=\"487\">4,03 kWh<\/strong>, cette batterie haute performance est sp\u00e9cialement con\u00e7ue pour alimenter les moteurs \u00e9lectriques de p\u00eache \u00e0 la tra\u00eene en <strong data-start=\"609\" data-end=\"616\">36V<\/strong> ou <strong data-start=\"620\" data-end=\"631\">24V\/36V<\/strong>. Elle int\u00e8gre une technologie de pointe, un <strong data-start=\"676\" data-end=\"716\">syst\u00e8me de gestion de batterie (BMS)<\/strong> robuste et un suivi pratique en temps r\u00e9el via l\u2019application <strong data-start=\"778\" data-end=\"801\">Rebelcell Bluetooth<\/strong>.<\/p>\n<p data-start=\"806\" data-end=\"1040\">Gr\u00e2ce \u00e0 sa <strong data-start=\"817\" data-end=\"844\">protection \u00e9tanche IP66<\/strong> et \u00e0 sa <strong data-start=\"853\" data-end=\"874\">garantie de 3 ans<\/strong>, la 36V105 EDGE combine fiabilit\u00e9 et simplicit\u00e9 d\u2019utilisation pour toutes vos aventures sur l\u2019eau. Besoin de plus de puissance ? Vous pouvez facilement connecter :<\/p>\n<ul>\n<li data-start=\"204\" data-end=\"325\"><strong data-start=\"204\" data-end=\"232\">4 batteries en parall\u00e8le<\/strong> \u2013 pour <strong data-start=\"240\" data-end=\"251\">jusqu\u2019\u00e0<\/strong> quadrupler votre capacit\u00e9 et obtenir une source d\u2019alimentation 36V420Ah<\/li>\n<li data-start=\"204\" data-end=\"325\"><strong data-start=\"328\" data-end=\"352\">2 batteries en s\u00e9rie<\/strong> \u2013 pour cr\u00e9er une source d\u2019alimentation 72V105Ah adapt\u00e9e \u00e0 un moteur \u00e9lectrique 72V<\/li>\n<\/ul>\n<p>Enti\u00e8rement <strong data-start=\"1288\" data-end=\"1306\">sans entretien<\/strong>, elle offre jusqu\u2019\u00e0 <strong data-start=\"1327\" data-end=\"1353\">5 000 cycles de charge<\/strong>, soit 5 000 charges et d\u00e9charges compl\u00e8tes. La 36V105 EDGE est <strong data-start=\"1417\" data-end=\"1441\">beaucoup plus l\u00e9g\u00e8re<\/strong> qu\u2019une batterie au plomb \u00e9quivalente et pr\u00e9sente une <strong data-start=\"1495\" data-end=\"1537\">perte de capacit\u00e9 annuelle tr\u00e8s faible<\/strong>. Son <strong data-start=\"1543\" data-end=\"1558\">BMS int\u00e9gr\u00e9<\/strong> vous prot\u00e8ge contre une d\u00e9charge trop profonde et prolonge ainsi la dur\u00e9e de vie de votre batterie.<\/p>\n<p>&nbsp;<\/p>\n<p><strong data-start=\"1662\" data-end=\"1680\">Code produit :<\/strong> 36105RCEDGE<\/p>\n<p data-start=\"1662\" data-end=\"1720\"><strong data-start=\"1695\" data-end=\"1704\">EAN :<\/strong> 8720964631226<\/p>\n","protected":false},"excerpt":{"rendered":"<p data-start=\"119\" data-end=\"467\"><strong data-start=\"119\" data-end=\"134\">NOUVEAUT\u00c9 !<\/strong> La batterie <strong data-start=\"147\" data-end=\"170\">36V105 EDGE LiFePO4<\/strong> est une batterie haute performance con\u00e7ue pour alimenter les moteurs \u00e9lectriques de p\u00eache \u00e0 la tra\u00eene en <strong data-start=\"276\" data-end=\"283\">36V<\/strong> ou <strong data-start=\"287\" data-end=\"298\">24V\/36V<\/strong>. Elle peut \u00eatre connect\u00e9e en <strong data-start=\"328\" data-end=\"342\">s\u00e9rie (2S)<\/strong> pour obtenir <strong data-start=\"356\" data-end=\"368\" data-is-only-node=\"\">72V105Ah<\/strong>, ou en <strong data-start=\"376\" data-end=\"394\">parall\u00e8le (4P)<\/strong> pour un pack batterie <strong data-start=\"417\" data-end=\"429\">36V420Ah<\/strong> destin\u00e9 \u00e0 la navigation \u00e9lectrique. Avec sa <strong data-start=\"477\" data-end=\"504\">protection \u00e9tanche IP66<\/strong>, sa <strong data-start=\"509\" data-end=\"530\">garantie de 3 ans<\/strong> et l\u2019application <strong data-start=\"548\" data-end=\"571\">Rebelcell Bluetooth<\/strong>, la <strong data-start=\"576\" data-end=\"591\">36V105 EDGE<\/strong> offre fiabilit\u00e9 et praticit\u00e9.<br \/>\n<a href=\"#proddesc\">Lire la suite &gt;<\/a><strong><br \/>\n<\/strong><\/p>\n","protected":false},"featured_media":27820,"comment_status":"open","ping_status":"closed","template":"","meta":{"_acf_changed":false},"product_brand":[],"product_cat":[1901,4439],"product_tag":[],"class_list":{"0":"post-27459","1":"product","2":"type-product","3":"status-publish","4":"has-post-thumbnail","6":"product_cat-batteries","7":"product_cat-batteries-lithium-12v-24v-36v","8":"product_shipping_class-shipping-battery","9":"pa_fishing-autres-applications","10":"pa_fishing-bateau-electrique","11":"pa_fishing-carpe","13":"first","14":"instock","15":"taxable","16":"shipping-taxable","17":"purchasable","18":"product-type-simple"},"bundled_by":["30696"],"bundle_stock_status":"instock","bundle_stock_quantity":8,"bundle_virtual":false,"bundle_layout":"","bundle_add_to_cart_form_location":"","bundle_editable_in_cart":false,"bundle_sold_individually_context":"","bundle_item_grouping":"","bundle_min_size":"","bundle_max_size":"","bundle_price":[],"bundled_items":[],"bundle_sell_ids":[],"acf":[],"yoast_head":"<!-- This site is optimized with the Yoast SEO Premium plugin v27.1 (Yoast SEO v27.1.1) - https:\/\/yoast.com\/product\/yoast-seo-premium-wordpress\/ -->\n<title>Batterie LiFePO4 36V105 EDGE | Rebelcell | Energie portable pour l&#039;ext\u00e9rieur<\/title>\n<meta name=\"description\" content=\"Batterie 36V LiFePO4 BT haute performance pour un usage marin. \u00c9tanch\u00e9it\u00e9 IP66, garantie 3 ans\u202f: Rebelcell, l\u2019\u00e9nergie au service de vos aventures en plein air.\" \/>\n<meta name=\"robots\" content=\"index, follow, max-snippet:-1, max-image-preview:large, max-video-preview:-1\" \/>\n<link rel=\"canonical\" href=\"https:\/\/www.rebel-cell.com\/fr\/product\/36v105-edge-lifepo4-batterie\/\" \/>\n<meta property=\"og:locale\" content=\"fr_FR\" \/>\n<meta property=\"og:type\" content=\"article\" \/>\n<meta property=\"og:title\" content=\"36V105 EDGE LiFePO4 Batterie\" \/>\n<meta property=\"og:description\" content=\"Batterie 36V LiFePO4 BT haute performance pour un usage marin. \u00c9tanch\u00e9it\u00e9 IP66, garantie 3 ans\u202f: Rebelcell, l\u2019\u00e9nergie au service de vos aventures en plein air.\" \/>\n<meta property=\"og:url\" content=\"https:\/\/www.rebel-cell.com\/fr\/product\/36v105-edge-lifepo4-batterie\/\" \/>\n<meta property=\"og:site_name\" content=\"Rebelcell\" \/>\n<meta property=\"article:publisher\" content=\"https:\/\/www.facebook.com\/rebelcelleu\" \/>\n<meta property=\"article:modified_time\" content=\"2025-11-18T10:14:06+00:00\" \/>\n<meta property=\"og:image\" content=\"https:\/\/www.rebel-cell.com\/wp-content\/uploads\/36V105_Edge_overview.jpg\" \/>\n\t<meta property=\"og:image:width\" content=\"1500\" \/>\n\t<meta property=\"og:image:height\" content=\"1500\" \/>\n\t<meta property=\"og:image:type\" content=\"image\/jpeg\" \/>\n<meta name=\"twitter:card\" content=\"summary_large_image\" \/>\n<meta name=\"twitter:site\" content=\"@rebelcellnl\" \/>\n<meta name=\"twitter:label1\" content=\"Prix\" \/>\n\t<meta name=\"twitter:data1\" content=\"&euro;2.899,00\" \/>\n\t<meta name=\"twitter:label2\" content=\"Disponibilit\u00e9\" \/>\n\t<meta name=\"twitter:data2\" content=\"En stock\" \/>\n<script type=\"application\/ld+json\" class=\"yoast-schema-graph\">{\"@context\":\"https:\/\/schema.org\",\"@graph\":[{\"@type\":[\"WebPage\",\"ItemPage\"],\"@id\":\"https:\/\/www.rebel-cell.com\/fr\/product\/36v105-edge-lifepo4-batterie\/\",\"url\":\"https:\/\/www.rebel-cell.com\/fr\/product\/36v105-edge-lifepo4-batterie\/\",\"name\":\"Batterie LiFePO4 36V105 EDGE | Rebelcell | Energie portable pour l'ext\u00e9rieur\",\"isPartOf\":{\"@id\":\"https:\/\/www.rebel-cell.com\/fr\/#website\"},\"primaryImageOfPage\":{\"@id\":\"https:\/\/www.rebel-cell.com\/fr\/product\/36v105-edge-lifepo4-batterie\/#primaryimage\"},\"image\":{\"@id\":\"https:\/\/www.rebel-cell.com\/fr\/product\/36v105-edge-lifepo4-batterie\/#primaryimage\"},\"thumbnailUrl\":\"https:\/\/www.rebel-cell.com\/wp-content\/uploads\/36V105_Edge_overview.jpg\",\"datePublished\":\"2025-05-28T09:20:14+00:00\",\"dateModified\":\"2025-11-18T10:14:06+00:00\",\"description\":\"Batterie 36V LiFePO4 BT haute performance pour un usage marin. \u00c9tanch\u00e9it\u00e9 IP66, garantie 3 ans\u202f: Rebelcell, l\u2019\u00e9nergie au service de vos aventures en plein air.\",\"breadcrumb\":{\"@id\":\"https:\/\/www.rebel-cell.com\/fr\/product\/36v105-edge-lifepo4-batterie\/#breadcrumb\"},\"inLanguage\":\"fr-FR\",\"potentialAction\":[{\"@type\":\"ReadAction\",\"target\":[\"https:\/\/www.rebel-cell.com\/fr\/product\/36v105-edge-lifepo4-batterie\/\"]}]},{\"@type\":\"ImageObject\",\"inLanguage\":\"fr-FR\",\"@id\":\"https:\/\/www.rebel-cell.com\/fr\/product\/36v105-edge-lifepo4-batterie\/#primaryimage\",\"url\":\"https:\/\/www.rebel-cell.com\/wp-content\/uploads\/36V105_Edge_overview.jpg\",\"contentUrl\":\"https:\/\/www.rebel-cell.com\/wp-content\/uploads\/36V105_Edge_overview.jpg\",\"width\":1500,\"height\":1500},{\"@type\":\"BreadcrumbList\",\"@id\":\"https:\/\/www.rebel-cell.com\/fr\/product\/36v105-edge-lifepo4-batterie\/#breadcrumb\",\"itemListElement\":[{\"@type\":\"ListItem\",\"position\":1,\"name\":\"Home\",\"item\":\"https:\/\/www.rebel-cell.com\/fr\/\"},{\"@type\":\"ListItem\",\"position\":2,\"name\":\"Shop\",\"item\":\"https:\/\/www.rebel-cell.com\/fr\/boutique\/\"},{\"@type\":\"ListItem\",\"position\":3,\"name\":\"36V105 EDGE LiFePO4 Batterie\"}]},{\"@type\":\"WebSite\",\"@id\":\"https:\/\/www.rebel-cell.com\/fr\/#website\",\"url\":\"https:\/\/www.rebel-cell.com\/fr\/\",\"name\":\"Rebelcell\",\"description\":\"Rebelcell\",\"publisher\":{\"@id\":\"https:\/\/www.rebel-cell.com\/fr\/#organization\"},\"potentialAction\":[{\"@type\":\"SearchAction\",\"target\":{\"@type\":\"EntryPoint\",\"urlTemplate\":\"https:\/\/www.rebel-cell.com\/fr\/?s={search_term_string}\"},\"query-input\":{\"@type\":\"PropertyValueSpecification\",\"valueRequired\":true,\"valueName\":\"search_term_string\"}}],\"inLanguage\":\"fr-FR\"},{\"@type\":\"Organization\",\"@id\":\"https:\/\/www.rebel-cell.com\/fr\/#organization\",\"name\":\"Rebelcell\",\"url\":\"https:\/\/www.rebel-cell.com\/fr\/\",\"logo\":{\"@type\":\"ImageObject\",\"inLanguage\":\"fr-FR\",\"@id\":\"https:\/\/www.rebel-cell.com\/fr\/#\/schema\/logo\/image\/\",\"url\":\"https:\/\/www.rebel-cell.com\/wp-content\/uploads\/rebelcell-logo-300.png\",\"contentUrl\":\"https:\/\/www.rebel-cell.com\/wp-content\/uploads\/rebelcell-logo-300.png\",\"width\":300,\"height\":55,\"caption\":\"Rebelcell\"},\"image\":{\"@id\":\"https:\/\/www.rebel-cell.com\/fr\/#\/schema\/logo\/image\/\"},\"sameAs\":[\"https:\/\/www.facebook.com\/rebelcelleu\",\"https:\/\/x.com\/rebelcellnl\",\"https:\/\/www.instagram.com\/rebelcelleurope\/?hl=nl\",\"https:\/\/www.youtube.com\/channel\/UCpySQUq4xwwtqveV1f8oiFw\"]}]}<\/script>\n<meta property=\"product:price:amount\" content=\"2899.00\" \/>\n<meta property=\"product:price:currency\" content=\"EUR\" \/>\n<meta property=\"og:availability\" content=\"instock\" \/>\n<meta property=\"product:availability\" content=\"instock\" \/>\n<meta property=\"product:retailer_item_id\" content=\"8720964631226\" \/>\n<meta property=\"product:condition\" content=\"new\" \/>\n<!-- \/ Yoast SEO Premium plugin. -->","yoast_head_json":{"title":"Batterie LiFePO4 36V105 EDGE | Rebelcell | Energie portable pour l'ext\u00e9rieur","description":"Batterie 36V LiFePO4 BT haute performance pour un usage marin. \u00c9tanch\u00e9it\u00e9 IP66, garantie 3 ans\u202f: Rebelcell, l\u2019\u00e9nergie au service de vos aventures en plein air.","robots":{"index":"index","follow":"follow","max-snippet":"max-snippet:-1","max-image-preview":"max-image-preview:large","max-video-preview":"max-video-preview:-1"},"canonical":"https:\/\/www.rebel-cell.com\/fr\/product\/36v105-edge-lifepo4-batterie\/","og_locale":"fr_FR","og_type":"article","og_title":"36V105 EDGE LiFePO4 Batterie","og_description":"Batterie 36V LiFePO4 BT haute performance pour un usage marin. \u00c9tanch\u00e9it\u00e9 IP66, garantie 3 ans\u202f: Rebelcell, l\u2019\u00e9nergie au service de vos aventures en plein air.","og_url":"https:\/\/www.rebel-cell.com\/fr\/product\/36v105-edge-lifepo4-batterie\/","og_site_name":"Rebelcell","article_publisher":"https:\/\/www.facebook.com\/rebelcelleu","article_modified_time":"2025-11-18T10:14:06+00:00","og_image":[{"width":1500,"height":1500,"url":"https:\/\/www.rebel-cell.com\/wp-content\/uploads\/36V105_Edge_overview.jpg","type":"image\/jpeg"}],"twitter_card":"summary_large_image","twitter_site":"@rebelcellnl","twitter_misc":{"Prix":"&euro;2.899,00","Disponibilit\u00e9":"En stock"},"schema":{"@context":"https:\/\/schema.org","@graph":[{"@type":["WebPage","ItemPage"],"@id":"https:\/\/www.rebel-cell.com\/fr\/product\/36v105-edge-lifepo4-batterie\/","url":"https:\/\/www.rebel-cell.com\/fr\/product\/36v105-edge-lifepo4-batterie\/","name":"Batterie LiFePO4 36V105 EDGE | Rebelcell | Energie portable pour l'ext\u00e9rieur","isPartOf":{"@id":"https:\/\/www.rebel-cell.com\/fr\/#website"},"primaryImageOfPage":{"@id":"https:\/\/www.rebel-cell.com\/fr\/product\/36v105-edge-lifepo4-batterie\/#primaryimage"},"image":{"@id":"https:\/\/www.rebel-cell.com\/fr\/product\/36v105-edge-lifepo4-batterie\/#primaryimage"},"thumbnailUrl":"https:\/\/www.rebel-cell.com\/wp-content\/uploads\/36V105_Edge_overview.jpg","datePublished":"2025-05-28T09:20:14+00:00","dateModified":"2025-11-18T10:14:06+00:00","description":"Batterie 36V LiFePO4 BT haute performance pour un usage marin. \u00c9tanch\u00e9it\u00e9 IP66, garantie 3 ans\u202f: Rebelcell, l\u2019\u00e9nergie au service de vos aventures en plein air.","breadcrumb":{"@id":"https:\/\/www.rebel-cell.com\/fr\/product\/36v105-edge-lifepo4-batterie\/#breadcrumb"},"inLanguage":"fr-FR","potentialAction":[{"@type":"ReadAction","target":["https:\/\/www.rebel-cell.com\/fr\/product\/36v105-edge-lifepo4-batterie\/"]}]},{"@type":"ImageObject","inLanguage":"fr-FR","@id":"https:\/\/www.rebel-cell.com\/fr\/product\/36v105-edge-lifepo4-batterie\/#primaryimage","url":"https:\/\/www.rebel-cell.com\/wp-content\/uploads\/36V105_Edge_overview.jpg","contentUrl":"https:\/\/www.rebel-cell.com\/wp-content\/uploads\/36V105_Edge_overview.jpg","width":1500,"height":1500},{"@type":"BreadcrumbList","@id":"https:\/\/www.rebel-cell.com\/fr\/product\/36v105-edge-lifepo4-batterie\/#breadcrumb","itemListElement":[{"@type":"ListItem","position":1,"name":"Home","item":"https:\/\/www.rebel-cell.com\/fr\/"},{"@type":"ListItem","position":2,"name":"Shop","item":"https:\/\/www.rebel-cell.com\/fr\/boutique\/"},{"@type":"ListItem","position":3,"name":"36V105 EDGE LiFePO4 Batterie"}]},{"@type":"WebSite","@id":"https:\/\/www.rebel-cell.com\/fr\/#website","url":"https:\/\/www.rebel-cell.com\/fr\/","name":"Rebelcell","description":"Rebelcell","publisher":{"@id":"https:\/\/www.rebel-cell.com\/fr\/#organization"},"potentialAction":[{"@type":"SearchAction","target":{"@type":"EntryPoint","urlTemplate":"https:\/\/www.rebel-cell.com\/fr\/?s={search_term_string}"},"query-input":{"@type":"PropertyValueSpecification","valueRequired":true,"valueName":"search_term_string"}}],"inLanguage":"fr-FR"},{"@type":"Organization","@id":"https:\/\/www.rebel-cell.com\/fr\/#organization","name":"Rebelcell","url":"https:\/\/www.rebel-cell.com\/fr\/","logo":{"@type":"ImageObject","inLanguage":"fr-FR","@id":"https:\/\/www.rebel-cell.com\/fr\/#\/schema\/logo\/image\/","url":"https:\/\/www.rebel-cell.com\/wp-content\/uploads\/rebelcell-logo-300.png","contentUrl":"https:\/\/www.rebel-cell.com\/wp-content\/uploads\/rebelcell-logo-300.png","width":300,"height":55,"caption":"Rebelcell"},"image":{"@id":"https:\/\/www.rebel-cell.com\/fr\/#\/schema\/logo\/image\/"},"sameAs":["https:\/\/www.facebook.com\/rebelcelleu","https:\/\/x.com\/rebelcellnl","https:\/\/www.instagram.com\/rebelcelleurope\/?hl=nl","https:\/\/www.youtube.com\/channel\/UCpySQUq4xwwtqveV1f8oiFw"]}]},"product_price_amount":"2899.00","product_price_currency":"EUR","og_availability":"instock","product_availability":"instock","product_retailer_item_id":"8720964631226","product_condition":"new"},"_links":{"self":[{"href":"https:\/\/www.rebel-cell.com\/fr\/wp-json\/wp\/v2\/product\/27459","targetHints":{"allow":["GET"]}}],"collection":[{"href":"https:\/\/www.rebel-cell.com\/fr\/wp-json\/wp\/v2\/product"}],"about":[{"href":"https:\/\/www.rebel-cell.com\/fr\/wp-json\/wp\/v2\/types\/product"}],"replies":[{"embeddable":true,"href":"https:\/\/www.rebel-cell.com\/fr\/wp-json\/wp\/v2\/comments?post=27459"}],"wp:featuredmedia":[{"embeddable":true,"href":"https:\/\/www.rebel-cell.com\/fr\/wp-json\/wp\/v2\/media\/27820"}],"wp:attachment":[{"href":"https:\/\/www.rebel-cell.com\/fr\/wp-json\/wp\/v2\/media?parent=27459"}],"wp:term":[{"taxonomy":"product_brand","embeddable":true,"href":"https:\/\/www.rebel-cell.com\/fr\/wp-json\/wp\/v2\/product_brand?post=27459"},{"taxonomy":"product_cat","embeddable":true,"href":"https:\/\/www.rebel-cell.com\/fr\/wp-json\/wp\/v2\/product_cat?post=27459"},{"taxonomy":"product_tag","embeddable":true,"href":"https:\/\/www.rebel-cell.com\/fr\/wp-json\/wp\/v2\/product_tag?post=27459"}],"curies":[{"name":"wp","href":"https:\/\/api.w.org\/{rel}","templated":true}]}}