{"id":28474,"date":"2025-09-07T15:12:35","date_gmt":"2025-09-07T13:12:35","guid":{"rendered":"https:\/\/www.rebel-cell.com\/?post_type=product&#038;p=28474"},"modified":"2026-02-19T12:13:05","modified_gmt":"2026-02-19T11:13:05","slug":"outdoorbox-12v75-edge","status":"publish","type":"product","link":"https:\/\/www.rebel-cell.com\/fr\/product\/outdoorbox-12v75-edge\/","title":{"rendered":"NOUVEAU ! Outdoorbox 12V75 EDGE"},"content":{"rendered":"<h2>Description du produit Rebelcell Outdoorbox 12V75 EDGE<\/h2>\n<p><strong>Compacte, robuste <\/strong>et<strong> l\u00e9g\u00e8re<\/strong>, <strong>l&rsquo;Outdoorbox 12V75 EDGE<\/strong> (12V75 Ah \/ 960 Wh) allie la <strong>technologie intelligente LiFePO4<\/strong>, des <strong>performances \u00e9lev\u00e9es<\/strong> et une grande <strong>facilit\u00e9 d&rsquo;utilisation<\/strong>. Avec des caract\u00e9ristiques telles que la protection <strong>\u00e9tanche IP66<\/strong>, une <strong>garantie de 3 ans<\/strong>, un syst\u00e8me avanc\u00e9 de gestion de batterie (<strong>BMS<\/strong>) et une surveillance continue via l&rsquo;application <strong>Rebelcell BT<\/strong>, l&rsquo;Outdoorbox est l&rsquo;alimentation \u00e9lectrique r\u00e9sistante aux intemp\u00e9ries par excellence : alimentation \u00e9lectrique pour moteurs \u00e9lectriques 12 V, sondeurs de p\u00eache et camping.<\/p>\n<p><strong>Caract\u00e9ristiques principales :<\/strong><\/p>\n<ul>\n<li><strong>Conception robuste pour l&rsquo;ext\u00e9rieur :<\/strong> bo\u00eetier r\u00e9sistant aux chocs et \u00e9tanche (IP66) pour une utilisation fiable dans toutes les conditions.<\/li>\n<li><strong>Connectivit\u00e9 Bluetooth :<\/strong> se connecte \u00e0 l&rsquo;application Rebelcell BT pour une surveillance en temps r\u00e9el de l&rsquo;\u00e9tat de charge et des performances de la batterie (y compris l&rsquo;autonomie restante estim\u00e9e en minutes\/heures).<\/li>\n<li><strong>Compatibilit\u00e9 :<\/strong> compatibilit\u00e9 parfaite avec tous les moteurs de tra\u00eene 12 V et les sondeurs de p\u00eache<\/li>\n<li><strong>Cellules LiFePO4 de haute qualit\u00e9 :<\/strong> pour une longue dur\u00e9e de vie et une s\u00e9curit\u00e9 optimale.<\/li>\n<li><strong>Protection avanc\u00e9e :<\/strong> syst\u00e8me de gestion de batterie (BMS) int\u00e9gr\u00e9 avec des fonctions de s\u00e9curit\u00e9 avanc\u00e9es.<\/li>\n<li><strong>Garantie :<\/strong> garantie de 3 ans.<\/li>\n<\/ul>\n<hr \/>\n<h3><strong>Applications<\/strong><\/h3>\n<ul>\n<li><strong>Id\u00e9al pour :<\/strong> navigation \u00e9lectrique, p\u00eache \u00e0 la carpe, p\u00eache en kayak, belly boats, marine, camping.<\/li>\n<li><strong>Utilisation polyvalente :<\/strong> alimente les moteurs de tra\u00eene 12 V, les sondeurs et les appareils d&rsquo;ext\u00e9rieur.<\/li>\n<\/ul>\n<hr \/>\n<p>Code produit : ODB1275EDGE<\/p>\n<p>Barcode : 8720964631455<\/p>\n<p>EAN : 8720964631455<\/p>\n","protected":false},"excerpt":{"rendered":"<p><strong style=\"font-family: -apple-system, BlinkMacSystemFont, 'Segoe UI', Roboto, 'Helvetica Neue', Arial, 'Noto Sans', sans-serif, 'Apple Color Emoji', 'Segoe UI Emoji', 'Segoe UI Symbol', 'Noto Color Emoji';\">NOUVEAU !<\/strong><span style=\"font-family: -apple-system, BlinkMacSystemFont, 'Segoe UI', Roboto, 'Helvetica Neue', Arial, 'Noto Sans', sans-serif, 'Apple Color Emoji', 'Segoe UI Emoji', 'Segoe UI Symbol', 'Noto Color Emoji';\">\u00a0<\/span><strong>Compacte, <\/strong><span style=\"font-family: -apple-system, BlinkMacSystemFont, 'Segoe UI', Roboto, 'Helvetica Neue', Arial, 'Noto Sans', sans-serif, 'Apple Color Emoji', 'Segoe UI Emoji', 'Segoe UI Symbol', 'Noto Color Emoji';\"><strong>robuste <\/strong>et <strong>l\u00e9g\u00e8re<\/strong>, <strong>l&rsquo;Outdoorbox 12V75 EDGE<\/strong> (12V75 Ah \/ 960 Wh) combine la technologie <strong>LiFePO4<\/strong>, des <strong>performances \u00e9lev\u00e9es<\/strong> et une grande <strong>facilit\u00e9 d&rsquo;utilisation<\/strong>. Avec des caract\u00e9ristiques telles qu&rsquo;une <strong>protection \u00e9tanche IP66,<\/strong> une <strong>garantie de 3 ans<\/strong>, un syst\u00e8me avanc\u00e9 de gestion de batterie (<strong>BMS<\/strong>) et une surveillance continue via l&rsquo;application <strong>Rebelcell BT<\/strong>, l&rsquo;Outdoorbox est l&rsquo;alimentation \u00e9lectrique r\u00e9sistante aux intemp\u00e9ries par excellence : alimentation \u00e9lectrique pour moteurs \u00e9lectriques 12 V, sondeurs de p\u00eache et camping.<\/span><br \/>\n<a href=\"#proddesc\">Lire la suite&gt;<\/a><\/p>\n","protected":false},"featured_media":29637,"comment_status":"open","ping_status":"closed","template":"","meta":{"_acf_changed":false},"product_brand":[],"product_cat":[1901,1907],"product_tag":[],"class_list":{"0":"post-28474","1":"product","2":"type-product","3":"status-publish","4":"has-post-thumbnail","6":"product_cat-batteries","7":"product_cat-outdoorbox-fr","8":"product_shipping_class-shipping-battery","9":"pa_fishing-autres-applications","10":"pa_fishing-bateau-electrique","11":"pa_fishing-carpe","12":"pa_fishing-predateur","14":"first","15":"instock","16":"taxable","17":"shipping-taxable","18":"purchasable","19":"product-type-simple"},"bundled_by":["31107"],"bundle_stock_status":"instock","bundle_stock_quantity":83,"bundle_virtual":false,"bundle_layout":"","bundle_add_to_cart_form_location":"","bundle_editable_in_cart":false,"bundle_sold_individually_context":"","bundle_item_grouping":"","bundle_min_size":"","bundle_max_size":"","bundle_price":[],"bundled_items":[],"bundle_sell_ids":[],"acf":[],"yoast_head":"<!-- This site is optimized with the Yoast SEO Premium plugin v27.1 (Yoast SEO v27.1.1) - https:\/\/yoast.com\/product\/yoast-seo-premium-wordpress\/ -->\n<title>Outdoorbox 12V75 EDGE | Rebelcell | Powering the outdoors<\/title>\n<meta name=\"description\" content=\"Source d&#039;\u00e9nergie portable robuste et l\u00e9g\u00e8re pour l&#039;ext\u00e9rieur, avec BT, pour le bateau \u00e9lectrique, la p\u00eache, le camping, la marine.\" \/>\n<meta name=\"robots\" content=\"index, follow, max-snippet:-1, max-image-preview:large, max-video-preview:-1\" \/>\n<link rel=\"canonical\" href=\"https:\/\/www.rebel-cell.com\/fr\/product\/outdoorbox-12v75-edge\/\" \/>\n<meta property=\"og:locale\" content=\"fr_FR\" \/>\n<meta property=\"og:type\" content=\"article\" \/>\n<meta property=\"og:title\" content=\"NOUVEAU ! Outdoorbox 12V75 EDGE\" \/>\n<meta property=\"og:description\" content=\"Source d&#039;\u00e9nergie portable robuste et l\u00e9g\u00e8re pour l&#039;ext\u00e9rieur, avec BT, pour le bateau \u00e9lectrique, la p\u00eache, le camping, la marine.\" \/>\n<meta property=\"og:url\" content=\"https:\/\/www.rebel-cell.com\/fr\/product\/outdoorbox-12v75-edge\/\" \/>\n<meta property=\"og:site_name\" content=\"Rebelcell\" \/>\n<meta property=\"article:publisher\" content=\"https:\/\/www.facebook.com\/rebelcelleu\" \/>\n<meta property=\"article:modified_time\" content=\"2026-02-19T11:13:05+00:00\" \/>\n<meta property=\"og:image\" content=\"https:\/\/www.rebel-cell.com\/wp-content\/uploads\/Outdoorbox_12V75_EDGE_overview_A.jpg\" \/>\n\t<meta property=\"og:image:width\" content=\"1024\" \/>\n\t<meta property=\"og:image:height\" content=\"1024\" \/>\n\t<meta property=\"og:image:type\" content=\"image\/jpeg\" \/>\n<meta name=\"twitter:card\" content=\"summary_large_image\" \/>\n<meta name=\"twitter:site\" content=\"@rebelcellnl\" \/>\n<meta name=\"twitter:label1\" content=\"Prix\" \/>\n\t<meta name=\"twitter:data1\" content=\"&euro;799,00\" \/>\n\t<meta name=\"twitter:label2\" content=\"Disponibilit\u00e9\" \/>\n\t<meta name=\"twitter:data2\" content=\"En stock\" \/>\n<script type=\"application\/ld+json\" class=\"yoast-schema-graph\">{\"@context\":\"https:\/\/schema.org\",\"@graph\":[{\"@type\":[\"WebPage\",\"ItemPage\"],\"@id\":\"https:\/\/www.rebel-cell.com\/fr\/product\/outdoorbox-12v75-edge\/\",\"url\":\"https:\/\/www.rebel-cell.com\/fr\/product\/outdoorbox-12v75-edge\/\",\"name\":\"Outdoorbox 12V75 EDGE | Rebelcell | Powering the outdoors\",\"isPartOf\":{\"@id\":\"https:\/\/www.rebel-cell.com\/fr\/#website\"},\"primaryImageOfPage\":{\"@id\":\"https:\/\/www.rebel-cell.com\/fr\/product\/outdoorbox-12v75-edge\/#primaryimage\"},\"image\":{\"@id\":\"https:\/\/www.rebel-cell.com\/fr\/product\/outdoorbox-12v75-edge\/#primaryimage\"},\"thumbnailUrl\":\"https:\/\/www.rebel-cell.com\/wp-content\/uploads\/Outdoorbox_12V75_EDGE_overview_A.jpg\",\"datePublished\":\"2025-09-07T13:12:35+00:00\",\"dateModified\":\"2026-02-19T11:13:05+00:00\",\"description\":\"Source d'\u00e9nergie portable robuste et l\u00e9g\u00e8re pour l'ext\u00e9rieur, avec BT, pour le bateau \u00e9lectrique, la p\u00eache, le camping, la marine.\",\"breadcrumb\":{\"@id\":\"https:\/\/www.rebel-cell.com\/fr\/product\/outdoorbox-12v75-edge\/#breadcrumb\"},\"inLanguage\":\"fr-FR\",\"potentialAction\":[{\"@type\":\"ReadAction\",\"target\":[\"https:\/\/www.rebel-cell.com\/fr\/product\/outdoorbox-12v75-edge\/\"]}]},{\"@type\":\"ImageObject\",\"inLanguage\":\"fr-FR\",\"@id\":\"https:\/\/www.rebel-cell.com\/fr\/product\/outdoorbox-12v75-edge\/#primaryimage\",\"url\":\"https:\/\/www.rebel-cell.com\/wp-content\/uploads\/Outdoorbox_12V75_EDGE_overview_A.jpg\",\"contentUrl\":\"https:\/\/www.rebel-cell.com\/wp-content\/uploads\/Outdoorbox_12V75_EDGE_overview_A.jpg\",\"width\":1024,\"height\":1024,\"caption\":\"Stacked from 6 images. Method=B (R=7,S=3)\"},{\"@type\":\"BreadcrumbList\",\"@id\":\"https:\/\/www.rebel-cell.com\/fr\/product\/outdoorbox-12v75-edge\/#breadcrumb\",\"itemListElement\":[{\"@type\":\"ListItem\",\"position\":1,\"name\":\"Home\",\"item\":\"https:\/\/www.rebel-cell.com\/fr\/\"},{\"@type\":\"ListItem\",\"position\":2,\"name\":\"Shop\",\"item\":\"https:\/\/www.rebel-cell.com\/fr\/boutique\/\"},{\"@type\":\"ListItem\",\"position\":3,\"name\":\"NOUVEAU ! Outdoorbox 12V75 EDGE\"}]},{\"@type\":\"WebSite\",\"@id\":\"https:\/\/www.rebel-cell.com\/fr\/#website\",\"url\":\"https:\/\/www.rebel-cell.com\/fr\/\",\"name\":\"Rebelcell\",\"description\":\"Rebelcell\",\"publisher\":{\"@id\":\"https:\/\/www.rebel-cell.com\/fr\/#organization\"},\"potentialAction\":[{\"@type\":\"SearchAction\",\"target\":{\"@type\":\"EntryPoint\",\"urlTemplate\":\"https:\/\/www.rebel-cell.com\/fr\/?s={search_term_string}\"},\"query-input\":{\"@type\":\"PropertyValueSpecification\",\"valueRequired\":true,\"valueName\":\"search_term_string\"}}],\"inLanguage\":\"fr-FR\"},{\"@type\":\"Organization\",\"@id\":\"https:\/\/www.rebel-cell.com\/fr\/#organization\",\"name\":\"Rebelcell\",\"url\":\"https:\/\/www.rebel-cell.com\/fr\/\",\"logo\":{\"@type\":\"ImageObject\",\"inLanguage\":\"fr-FR\",\"@id\":\"https:\/\/www.rebel-cell.com\/fr\/#\/schema\/logo\/image\/\",\"url\":\"https:\/\/www.rebel-cell.com\/wp-content\/uploads\/rebelcell-logo-300.png\",\"contentUrl\":\"https:\/\/www.rebel-cell.com\/wp-content\/uploads\/rebelcell-logo-300.png\",\"width\":300,\"height\":55,\"caption\":\"Rebelcell\"},\"image\":{\"@id\":\"https:\/\/www.rebel-cell.com\/fr\/#\/schema\/logo\/image\/\"},\"sameAs\":[\"https:\/\/www.facebook.com\/rebelcelleu\",\"https:\/\/x.com\/rebelcellnl\",\"https:\/\/www.instagram.com\/rebelcelleurope\/?hl=nl\",\"https:\/\/www.youtube.com\/channel\/UCpySQUq4xwwtqveV1f8oiFw\"]}]}<\/script>\n<meta property=\"product:price:amount\" content=\"799.00\" \/>\n<meta property=\"product:price:currency\" content=\"EUR\" \/>\n<meta property=\"og:availability\" content=\"instock\" \/>\n<meta property=\"product:availability\" content=\"instock\" \/>\n<meta property=\"product:retailer_item_id\" content=\"8720964631455\" \/>\n<meta property=\"product:condition\" content=\"new\" \/>\n<!-- \/ Yoast SEO Premium plugin. -->","yoast_head_json":{"title":"Outdoorbox 12V75 EDGE | Rebelcell | Powering the outdoors","description":"Source d'\u00e9nergie portable robuste et l\u00e9g\u00e8re pour l'ext\u00e9rieur, avec BT, pour le bateau \u00e9lectrique, la p\u00eache, le camping, la marine.","robots":{"index":"index","follow":"follow","max-snippet":"max-snippet:-1","max-image-preview":"max-image-preview:large","max-video-preview":"max-video-preview:-1"},"canonical":"https:\/\/www.rebel-cell.com\/fr\/product\/outdoorbox-12v75-edge\/","og_locale":"fr_FR","og_type":"article","og_title":"NOUVEAU ! Outdoorbox 12V75 EDGE","og_description":"Source d'\u00e9nergie portable robuste et l\u00e9g\u00e8re pour l'ext\u00e9rieur, avec BT, pour le bateau \u00e9lectrique, la p\u00eache, le camping, la marine.","og_url":"https:\/\/www.rebel-cell.com\/fr\/product\/outdoorbox-12v75-edge\/","og_site_name":"Rebelcell","article_publisher":"https:\/\/www.facebook.com\/rebelcelleu","article_modified_time":"2026-02-19T11:13:05+00:00","og_image":[{"width":1024,"height":1024,"url":"https:\/\/www.rebel-cell.com\/wp-content\/uploads\/Outdoorbox_12V75_EDGE_overview_A.jpg","type":"image\/jpeg"}],"twitter_card":"summary_large_image","twitter_site":"@rebelcellnl","twitter_misc":{"Prix":"&euro;799,00","Disponibilit\u00e9":"En stock"},"schema":{"@context":"https:\/\/schema.org","@graph":[{"@type":["WebPage","ItemPage"],"@id":"https:\/\/www.rebel-cell.com\/fr\/product\/outdoorbox-12v75-edge\/","url":"https:\/\/www.rebel-cell.com\/fr\/product\/outdoorbox-12v75-edge\/","name":"Outdoorbox 12V75 EDGE | Rebelcell | Powering the outdoors","isPartOf":{"@id":"https:\/\/www.rebel-cell.com\/fr\/#website"},"primaryImageOfPage":{"@id":"https:\/\/www.rebel-cell.com\/fr\/product\/outdoorbox-12v75-edge\/#primaryimage"},"image":{"@id":"https:\/\/www.rebel-cell.com\/fr\/product\/outdoorbox-12v75-edge\/#primaryimage"},"thumbnailUrl":"https:\/\/www.rebel-cell.com\/wp-content\/uploads\/Outdoorbox_12V75_EDGE_overview_A.jpg","datePublished":"2025-09-07T13:12:35+00:00","dateModified":"2026-02-19T11:13:05+00:00","description":"Source d'\u00e9nergie portable robuste et l\u00e9g\u00e8re pour l'ext\u00e9rieur, avec BT, pour le bateau \u00e9lectrique, la p\u00eache, le camping, la marine.","breadcrumb":{"@id":"https:\/\/www.rebel-cell.com\/fr\/product\/outdoorbox-12v75-edge\/#breadcrumb"},"inLanguage":"fr-FR","potentialAction":[{"@type":"ReadAction","target":["https:\/\/www.rebel-cell.com\/fr\/product\/outdoorbox-12v75-edge\/"]}]},{"@type":"ImageObject","inLanguage":"fr-FR","@id":"https:\/\/www.rebel-cell.com\/fr\/product\/outdoorbox-12v75-edge\/#primaryimage","url":"https:\/\/www.rebel-cell.com\/wp-content\/uploads\/Outdoorbox_12V75_EDGE_overview_A.jpg","contentUrl":"https:\/\/www.rebel-cell.com\/wp-content\/uploads\/Outdoorbox_12V75_EDGE_overview_A.jpg","width":1024,"height":1024,"caption":"Stacked from 6 images. Method=B (R=7,S=3)"},{"@type":"BreadcrumbList","@id":"https:\/\/www.rebel-cell.com\/fr\/product\/outdoorbox-12v75-edge\/#breadcrumb","itemListElement":[{"@type":"ListItem","position":1,"name":"Home","item":"https:\/\/www.rebel-cell.com\/fr\/"},{"@type":"ListItem","position":2,"name":"Shop","item":"https:\/\/www.rebel-cell.com\/fr\/boutique\/"},{"@type":"ListItem","position":3,"name":"NOUVEAU ! Outdoorbox 12V75 EDGE"}]},{"@type":"WebSite","@id":"https:\/\/www.rebel-cell.com\/fr\/#website","url":"https:\/\/www.rebel-cell.com\/fr\/","name":"Rebelcell","description":"Rebelcell","publisher":{"@id":"https:\/\/www.rebel-cell.com\/fr\/#organization"},"potentialAction":[{"@type":"SearchAction","target":{"@type":"EntryPoint","urlTemplate":"https:\/\/www.rebel-cell.com\/fr\/?s={search_term_string}"},"query-input":{"@type":"PropertyValueSpecification","valueRequired":true,"valueName":"search_term_string"}}],"inLanguage":"fr-FR"},{"@type":"Organization","@id":"https:\/\/www.rebel-cell.com\/fr\/#organization","name":"Rebelcell","url":"https:\/\/www.rebel-cell.com\/fr\/","logo":{"@type":"ImageObject","inLanguage":"fr-FR","@id":"https:\/\/www.rebel-cell.com\/fr\/#\/schema\/logo\/image\/","url":"https:\/\/www.rebel-cell.com\/wp-content\/uploads\/rebelcell-logo-300.png","contentUrl":"https:\/\/www.rebel-cell.com\/wp-content\/uploads\/rebelcell-logo-300.png","width":300,"height":55,"caption":"Rebelcell"},"image":{"@id":"https:\/\/www.rebel-cell.com\/fr\/#\/schema\/logo\/image\/"},"sameAs":["https:\/\/www.facebook.com\/rebelcelleu","https:\/\/x.com\/rebelcellnl","https:\/\/www.instagram.com\/rebelcelleurope\/?hl=nl","https:\/\/www.youtube.com\/channel\/UCpySQUq4xwwtqveV1f8oiFw"]}]},"product_price_amount":"799.00","product_price_currency":"EUR","og_availability":"instock","product_availability":"instock","product_retailer_item_id":"8720964631455","product_condition":"new"},"_links":{"self":[{"href":"https:\/\/www.rebel-cell.com\/fr\/wp-json\/wp\/v2\/product\/28474","targetHints":{"allow":["GET"]}}],"collection":[{"href":"https:\/\/www.rebel-cell.com\/fr\/wp-json\/wp\/v2\/product"}],"about":[{"href":"https:\/\/www.rebel-cell.com\/fr\/wp-json\/wp\/v2\/types\/product"}],"replies":[{"embeddable":true,"href":"https:\/\/www.rebel-cell.com\/fr\/wp-json\/wp\/v2\/comments?post=28474"}],"wp:featuredmedia":[{"embeddable":true,"href":"https:\/\/www.rebel-cell.com\/fr\/wp-json\/wp\/v2\/media\/29637"}],"wp:attachment":[{"href":"https:\/\/www.rebel-cell.com\/fr\/wp-json\/wp\/v2\/media?parent=28474"}],"wp:term":[{"taxonomy":"product_brand","embeddable":true,"href":"https:\/\/www.rebel-cell.com\/fr\/wp-json\/wp\/v2\/product_brand?post=28474"},{"taxonomy":"product_cat","embeddable":true,"href":"https:\/\/www.rebel-cell.com\/fr\/wp-json\/wp\/v2\/product_cat?post=28474"},{"taxonomy":"product_tag","embeddable":true,"href":"https:\/\/www.rebel-cell.com\/fr\/wp-json\/wp\/v2\/product_tag?post=28474"}],"curies":[{"name":"wp","href":"https:\/\/api.w.org\/{rel}","templated":true}]}}