{"id":31632,"date":"2025-11-25T14:08:29","date_gmt":"2025-11-25T13:08:29","guid":{"rendered":"https:\/\/www.rebel-cell.com\/product\/adapter-cable-outdoorbox\/"},"modified":"2026-04-10T14:08:13","modified_gmt":"2026-04-10T12:08:13","slug":"adapter-cable-outdoorbox","status":"publish","type":"product","link":"https:\/\/www.rebel-cell.com\/fr\/product\/adapter-cable-outdoorbox\/","title":{"rendered":"Adapter cable Outdoorbox"},"content":{"rendered":"<h3 data-start=\"0\" data-end=\"27\">Adapter cable Outdoorbox<\/h3>\n<p data-start=\"29\" data-end=\"440\">Le <strong data-start=\"310\" data-end=\"338\">Adapter Cable Outdoorbox<\/strong> facilite la mise \u00e0 niveau vers le nouvel Outdoorbox BT tout en continuant \u00e0 utiliser vos <strong data-start=\"426\" data-end=\"450\">accessoires Rebelcell Outdoorbox<\/strong> actuels. Cet adaptateur \u00e9tablit la connexion entre <strong data-start=\"514\" data-end=\"566\">l&rsquo;Outdoorbox standard<\/strong> avec connecteur ANEN bleu 50A et <strong data-start=\"575\" data-end=\"622\">l&rsquo;Outdoorbox BT<\/strong> avec connecteur ANEN bleu 100A, garantissant une compatibilit\u00e9 ascendante compl\u00e8te. <\/p>\n<p data-start=\"664\" data-end=\"995\">Gr\u00e2ce \u00e0 cet adaptateur, vous pouvez continuer \u00e0 utiliser votre chargeur Outdoorbox existant, ainsi que le connecteur ANEN 50A sur les c\u00e2bles de votre moteur de p\u00eache \u00e0 la tra\u00eene. Inutile de remplacer les connecteurs, de modifier le c\u00e2blage ou d&rsquo;acheter de nouveaux accessoires. Branchez simplement l&rsquo;adaptateur et votre installation actuelle fonctionne parfaitement avec votre nouvel Outdoorbox BT.  <\/p>\n<p>Code produit : AC50100AN<\/p>\n<p>Barcode\/EAN: 8720964631240<\/p>\n","protected":false},"excerpt":{"rendered":"<p><strong>NOUVEAU !<\/strong> Le Adapter Cable Outdoorbox permet une compatibilit\u00e9 rapide et s\u00e9curis\u00e9e entre les Outdoorbox Rebelcell standard (50A) et les derniers mod\u00e8les Outdoorbox 12.70 BT \/ 12.115 BT (100A). Id\u00e9al pour les utilisateurs qui passent \u00e0 un Outdoorbox de la s\u00e9rie BT tout en continuant \u00e0 utiliser leur Outdoorbox habituel. Plug-and-play, aucun rec\u00e2blage n\u00e9cessaire. <\/p>\n","protected":false},"featured_media":31628,"comment_status":"open","ping_status":"closed","template":"","meta":{"_acf_changed":false},"product_brand":[],"product_cat":[1905,4455],"product_tag":[],"class_list":{"0":"post-31632","1":"product","2":"type-product","3":"status-publish","4":"has-post-thumbnail","6":"product_cat-accessoires-fr","7":"product_cat-cables-connecteurs","8":"product_shipping_class-normal-shipment","10":"first","11":"instock","12":"taxable","13":"shipping-taxable","14":"purchasable","15":"product-type-simple"},"bundled_by":[],"bundle_stock_status":"instock","bundle_stock_quantity":34,"bundle_virtual":false,"bundle_layout":"","bundle_add_to_cart_form_location":"","bundle_editable_in_cart":false,"bundle_sold_individually_context":"","bundle_item_grouping":"","bundle_min_size":"","bundle_max_size":"","bundle_price":[],"bundled_items":[],"bundle_sell_ids":[],"acf":[],"yoast_head":"<!-- This site is optimized with the Yoast SEO Premium plugin v27.1 (Yoast SEO v27.1.1) - https:\/\/yoast.com\/product\/yoast-seo-premium-wordpress\/ -->\n<title>Adapter cable Rebelcell Outdoorbox - Outdoorbox BT<\/title>\n<meta name=\"description\" content=\"Compatibilit\u00e9 \u00ab plug-and-play \u00bb rapide et s\u00e9curis\u00e9e entre les Outdoorbox Rebelcell standard (50A) et les derniers mod\u00e8les Outdoorbox 12.70 BT \/ 12.115 BT (100A).\" \/>\n<meta name=\"robots\" content=\"index, follow, max-snippet:-1, max-image-preview:large, max-video-preview:-1\" \/>\n<link rel=\"canonical\" href=\"https:\/\/www.rebel-cell.com\/fr\/product\/adapter-cable-outdoorbox\/\" \/>\n<meta property=\"og:locale\" content=\"fr_FR\" \/>\n<meta property=\"og:type\" content=\"article\" \/>\n<meta property=\"og:title\" content=\"Adapter cable Outdoorbox\" \/>\n<meta property=\"og:description\" content=\"Compatibilit\u00e9 \u00ab plug-and-play \u00bb rapide et s\u00e9curis\u00e9e entre les Outdoorbox Rebelcell standard (50A) et les derniers mod\u00e8les Outdoorbox 12.70 BT \/ 12.115 BT (100A).\" \/>\n<meta property=\"og:url\" content=\"https:\/\/www.rebel-cell.com\/fr\/product\/adapter-cable-outdoorbox\/\" \/>\n<meta property=\"og:site_name\" content=\"Rebelcell\" \/>\n<meta property=\"article:publisher\" content=\"https:\/\/www.facebook.com\/rebelcelleu\" \/>\n<meta property=\"article:modified_time\" content=\"2026-04-10T12:08:13+00:00\" \/>\n<meta property=\"og:image\" content=\"https:\/\/www.rebel-cell.com\/wp-content\/uploads\/Adapter_kabel_Outdoorbox_BT_A.jpg\" \/>\n\t<meta property=\"og:image:width\" content=\"1024\" \/>\n\t<meta property=\"og:image:height\" content=\"1024\" \/>\n\t<meta property=\"og:image:type\" content=\"image\/jpeg\" \/>\n<meta name=\"twitter:card\" content=\"summary_large_image\" \/>\n<meta name=\"twitter:site\" content=\"@rebelcellnl\" \/>\n<meta name=\"twitter:label1\" content=\"Prix\" \/>\n\t<meta name=\"twitter:data1\" content=\"&euro;39,50\" \/>\n\t<meta name=\"twitter:label2\" content=\"Disponibilit\u00e9\" \/>\n\t<meta name=\"twitter:data2\" content=\"En stock\" \/>\n<script type=\"application\/ld+json\" class=\"yoast-schema-graph\">{\"@context\":\"https:\/\/schema.org\",\"@graph\":[{\"@type\":[\"WebPage\",\"ItemPage\"],\"@id\":\"https:\/\/www.rebel-cell.com\/fr\/product\/adapter-cable-outdoorbox\/\",\"url\":\"https:\/\/www.rebel-cell.com\/fr\/product\/adapter-cable-outdoorbox\/\",\"name\":\"Adapter cable Rebelcell Outdoorbox - Outdoorbox BT\",\"isPartOf\":{\"@id\":\"https:\/\/www.rebel-cell.com\/fr\/#website\"},\"primaryImageOfPage\":{\"@id\":\"https:\/\/www.rebel-cell.com\/fr\/product\/adapter-cable-outdoorbox\/#primaryimage\"},\"image\":{\"@id\":\"https:\/\/www.rebel-cell.com\/fr\/product\/adapter-cable-outdoorbox\/#primaryimage\"},\"thumbnailUrl\":\"https:\/\/www.rebel-cell.com\/wp-content\/uploads\/Adapter_kabel_Outdoorbox_BT_A.jpg\",\"datePublished\":\"2025-11-25T13:08:29+00:00\",\"dateModified\":\"2026-04-10T12:08:13+00:00\",\"description\":\"Compatibilit\u00e9 \u00ab plug-and-play \u00bb rapide et s\u00e9curis\u00e9e entre les Outdoorbox Rebelcell standard (50A) et les derniers mod\u00e8les Outdoorbox 12.70 BT \/ 12.115 BT (100A).\",\"breadcrumb\":{\"@id\":\"https:\/\/www.rebel-cell.com\/fr\/product\/adapter-cable-outdoorbox\/#breadcrumb\"},\"inLanguage\":\"fr-FR\",\"potentialAction\":[{\"@type\":\"ReadAction\",\"target\":[\"https:\/\/www.rebel-cell.com\/fr\/product\/adapter-cable-outdoorbox\/\"]}]},{\"@type\":\"ImageObject\",\"inLanguage\":\"fr-FR\",\"@id\":\"https:\/\/www.rebel-cell.com\/fr\/product\/adapter-cable-outdoorbox\/#primaryimage\",\"url\":\"https:\/\/www.rebel-cell.com\/wp-content\/uploads\/Adapter_kabel_Outdoorbox_BT_A.jpg\",\"contentUrl\":\"https:\/\/www.rebel-cell.com\/wp-content\/uploads\/Adapter_kabel_Outdoorbox_BT_A.jpg\",\"width\":1024,\"height\":1024},{\"@type\":\"BreadcrumbList\",\"@id\":\"https:\/\/www.rebel-cell.com\/fr\/product\/adapter-cable-outdoorbox\/#breadcrumb\",\"itemListElement\":[{\"@type\":\"ListItem\",\"position\":1,\"name\":\"Home\",\"item\":\"https:\/\/www.rebel-cell.com\/fr\/\"},{\"@type\":\"ListItem\",\"position\":2,\"name\":\"Shop\",\"item\":\"https:\/\/www.rebel-cell.com\/fr\/boutique\/\"},{\"@type\":\"ListItem\",\"position\":3,\"name\":\"Adapter cable Outdoorbox\"}]},{\"@type\":\"WebSite\",\"@id\":\"https:\/\/www.rebel-cell.com\/fr\/#website\",\"url\":\"https:\/\/www.rebel-cell.com\/fr\/\",\"name\":\"Rebelcell\",\"description\":\"Rebelcell\",\"publisher\":{\"@id\":\"https:\/\/www.rebel-cell.com\/fr\/#organization\"},\"potentialAction\":[{\"@type\":\"SearchAction\",\"target\":{\"@type\":\"EntryPoint\",\"urlTemplate\":\"https:\/\/www.rebel-cell.com\/fr\/?s={search_term_string}\"},\"query-input\":{\"@type\":\"PropertyValueSpecification\",\"valueRequired\":true,\"valueName\":\"search_term_string\"}}],\"inLanguage\":\"fr-FR\"},{\"@type\":\"Organization\",\"@id\":\"https:\/\/www.rebel-cell.com\/fr\/#organization\",\"name\":\"Rebelcell\",\"url\":\"https:\/\/www.rebel-cell.com\/fr\/\",\"logo\":{\"@type\":\"ImageObject\",\"inLanguage\":\"fr-FR\",\"@id\":\"https:\/\/www.rebel-cell.com\/fr\/#\/schema\/logo\/image\/\",\"url\":\"https:\/\/www.rebel-cell.com\/wp-content\/uploads\/rebelcell-logo-300.png\",\"contentUrl\":\"https:\/\/www.rebel-cell.com\/wp-content\/uploads\/rebelcell-logo-300.png\",\"width\":300,\"height\":55,\"caption\":\"Rebelcell\"},\"image\":{\"@id\":\"https:\/\/www.rebel-cell.com\/fr\/#\/schema\/logo\/image\/\"},\"sameAs\":[\"https:\/\/www.facebook.com\/rebelcelleu\",\"https:\/\/x.com\/rebelcellnl\",\"https:\/\/www.instagram.com\/rebelcelleurope\/?hl=nl\",\"https:\/\/www.youtube.com\/channel\/UCpySQUq4xwwtqveV1f8oiFw\"]}]}<\/script>\n<meta property=\"product:price:amount\" content=\"39.50\" \/>\n<meta property=\"product:price:currency\" content=\"EUR\" \/>\n<meta property=\"og:availability\" content=\"instock\" \/>\n<meta property=\"product:availability\" content=\"instock\" \/>\n<meta property=\"product:retailer_item_id\" content=\"8720964631240\" \/>\n<meta property=\"product:condition\" content=\"new\" \/>\n<!-- \/ Yoast SEO Premium plugin. -->","yoast_head_json":{"title":"Adapter cable Rebelcell Outdoorbox - Outdoorbox BT","description":"Compatibilit\u00e9 \u00ab plug-and-play \u00bb rapide et s\u00e9curis\u00e9e entre les Outdoorbox Rebelcell standard (50A) et les derniers mod\u00e8les Outdoorbox 12.70 BT \/ 12.115 BT (100A).","robots":{"index":"index","follow":"follow","max-snippet":"max-snippet:-1","max-image-preview":"max-image-preview:large","max-video-preview":"max-video-preview:-1"},"canonical":"https:\/\/www.rebel-cell.com\/fr\/product\/adapter-cable-outdoorbox\/","og_locale":"fr_FR","og_type":"article","og_title":"Adapter cable Outdoorbox","og_description":"Compatibilit\u00e9 \u00ab plug-and-play \u00bb rapide et s\u00e9curis\u00e9e entre les Outdoorbox Rebelcell standard (50A) et les derniers mod\u00e8les Outdoorbox 12.70 BT \/ 12.115 BT (100A).","og_url":"https:\/\/www.rebel-cell.com\/fr\/product\/adapter-cable-outdoorbox\/","og_site_name":"Rebelcell","article_publisher":"https:\/\/www.facebook.com\/rebelcelleu","article_modified_time":"2026-04-10T12:08:13+00:00","og_image":[{"width":1024,"height":1024,"url":"https:\/\/www.rebel-cell.com\/wp-content\/uploads\/Adapter_kabel_Outdoorbox_BT_A.jpg","type":"image\/jpeg"}],"twitter_card":"summary_large_image","twitter_site":"@rebelcellnl","twitter_misc":{"Prix":"&euro;39,50","Disponibilit\u00e9":"En stock"},"schema":{"@context":"https:\/\/schema.org","@graph":[{"@type":["WebPage","ItemPage"],"@id":"https:\/\/www.rebel-cell.com\/fr\/product\/adapter-cable-outdoorbox\/","url":"https:\/\/www.rebel-cell.com\/fr\/product\/adapter-cable-outdoorbox\/","name":"Adapter cable Rebelcell Outdoorbox - Outdoorbox BT","isPartOf":{"@id":"https:\/\/www.rebel-cell.com\/fr\/#website"},"primaryImageOfPage":{"@id":"https:\/\/www.rebel-cell.com\/fr\/product\/adapter-cable-outdoorbox\/#primaryimage"},"image":{"@id":"https:\/\/www.rebel-cell.com\/fr\/product\/adapter-cable-outdoorbox\/#primaryimage"},"thumbnailUrl":"https:\/\/www.rebel-cell.com\/wp-content\/uploads\/Adapter_kabel_Outdoorbox_BT_A.jpg","datePublished":"2025-11-25T13:08:29+00:00","dateModified":"2026-04-10T12:08:13+00:00","description":"Compatibilit\u00e9 \u00ab plug-and-play \u00bb rapide et s\u00e9curis\u00e9e entre les Outdoorbox Rebelcell standard (50A) et les derniers mod\u00e8les Outdoorbox 12.70 BT \/ 12.115 BT (100A).","breadcrumb":{"@id":"https:\/\/www.rebel-cell.com\/fr\/product\/adapter-cable-outdoorbox\/#breadcrumb"},"inLanguage":"fr-FR","potentialAction":[{"@type":"ReadAction","target":["https:\/\/www.rebel-cell.com\/fr\/product\/adapter-cable-outdoorbox\/"]}]},{"@type":"ImageObject","inLanguage":"fr-FR","@id":"https:\/\/www.rebel-cell.com\/fr\/product\/adapter-cable-outdoorbox\/#primaryimage","url":"https:\/\/www.rebel-cell.com\/wp-content\/uploads\/Adapter_kabel_Outdoorbox_BT_A.jpg","contentUrl":"https:\/\/www.rebel-cell.com\/wp-content\/uploads\/Adapter_kabel_Outdoorbox_BT_A.jpg","width":1024,"height":1024},{"@type":"BreadcrumbList","@id":"https:\/\/www.rebel-cell.com\/fr\/product\/adapter-cable-outdoorbox\/#breadcrumb","itemListElement":[{"@type":"ListItem","position":1,"name":"Home","item":"https:\/\/www.rebel-cell.com\/fr\/"},{"@type":"ListItem","position":2,"name":"Shop","item":"https:\/\/www.rebel-cell.com\/fr\/boutique\/"},{"@type":"ListItem","position":3,"name":"Adapter cable Outdoorbox"}]},{"@type":"WebSite","@id":"https:\/\/www.rebel-cell.com\/fr\/#website","url":"https:\/\/www.rebel-cell.com\/fr\/","name":"Rebelcell","description":"Rebelcell","publisher":{"@id":"https:\/\/www.rebel-cell.com\/fr\/#organization"},"potentialAction":[{"@type":"SearchAction","target":{"@type":"EntryPoint","urlTemplate":"https:\/\/www.rebel-cell.com\/fr\/?s={search_term_string}"},"query-input":{"@type":"PropertyValueSpecification","valueRequired":true,"valueName":"search_term_string"}}],"inLanguage":"fr-FR"},{"@type":"Organization","@id":"https:\/\/www.rebel-cell.com\/fr\/#organization","name":"Rebelcell","url":"https:\/\/www.rebel-cell.com\/fr\/","logo":{"@type":"ImageObject","inLanguage":"fr-FR","@id":"https:\/\/www.rebel-cell.com\/fr\/#\/schema\/logo\/image\/","url":"https:\/\/www.rebel-cell.com\/wp-content\/uploads\/rebelcell-logo-300.png","contentUrl":"https:\/\/www.rebel-cell.com\/wp-content\/uploads\/rebelcell-logo-300.png","width":300,"height":55,"caption":"Rebelcell"},"image":{"@id":"https:\/\/www.rebel-cell.com\/fr\/#\/schema\/logo\/image\/"},"sameAs":["https:\/\/www.facebook.com\/rebelcelleu","https:\/\/x.com\/rebelcellnl","https:\/\/www.instagram.com\/rebelcelleurope\/?hl=nl","https:\/\/www.youtube.com\/channel\/UCpySQUq4xwwtqveV1f8oiFw"]}]},"product_price_amount":"39.50","product_price_currency":"EUR","og_availability":"instock","product_availability":"instock","product_retailer_item_id":"8720964631240","product_condition":"new"},"_links":{"self":[{"href":"https:\/\/www.rebel-cell.com\/fr\/wp-json\/wp\/v2\/product\/31632","targetHints":{"allow":["GET"]}}],"collection":[{"href":"https:\/\/www.rebel-cell.com\/fr\/wp-json\/wp\/v2\/product"}],"about":[{"href":"https:\/\/www.rebel-cell.com\/fr\/wp-json\/wp\/v2\/types\/product"}],"replies":[{"embeddable":true,"href":"https:\/\/www.rebel-cell.com\/fr\/wp-json\/wp\/v2\/comments?post=31632"}],"wp:featuredmedia":[{"embeddable":true,"href":"https:\/\/www.rebel-cell.com\/fr\/wp-json\/wp\/v2\/media\/31628"}],"wp:attachment":[{"href":"https:\/\/www.rebel-cell.com\/fr\/wp-json\/wp\/v2\/media?parent=31632"}],"wp:term":[{"taxonomy":"product_brand","embeddable":true,"href":"https:\/\/www.rebel-cell.com\/fr\/wp-json\/wp\/v2\/product_brand?post=31632"},{"taxonomy":"product_cat","embeddable":true,"href":"https:\/\/www.rebel-cell.com\/fr\/wp-json\/wp\/v2\/product_cat?post=31632"},{"taxonomy":"product_tag","embeddable":true,"href":"https:\/\/www.rebel-cell.com\/fr\/wp-json\/wp\/v2\/product_tag?post=31632"}],"curies":[{"name":"wp","href":"https:\/\/api.w.org\/{rel}","templated":true}]}}