{"id":8197,"date":"2019-09-04T14:30:25","date_gmt":"2019-09-04T12:30:25","guid":{"rendered":"https:\/\/www.rebel-cell.com\/product\/batterie-av-12v140\/"},"modified":"2023-12-11T11:06:56","modified_gmt":"2023-12-11T10:06:56","slug":"12v140-av-battery-2","status":"publish","type":"product","link":"https:\/\/www.rebel-cell.com\/fr\/product\/12v140-av-battery-2\/","title":{"rendered":"Batterie Lithium 12V140 AV"},"content":{"rendered":"<h2>Description du produit Rebelcell Batterie Lithium 12V140 AV<\/h2>\n<p><strong>Batterie Lithium<\/strong> <strong>12V140 AV<\/strong>, compacte et l\u00e9g\u00e8requi fonctionne sur <strong>12V<\/strong> et a une puissance de <strong>140Ah (1,67kWh)<\/strong> et ne p\u00e8se que <strong>10.5Kg<\/strong>. Cette batterie peut \u00eatre utilis\u00e9e pour :<\/p>\n<ul>\n<li><strong>Loisirs :<\/strong> comme batterie de service pour les voiliers, les bateaux \u00e0 moteur ou les camping-cars.<\/li>\n<li><strong>Bateau \u00e9lectrique :<\/strong> alimentation et entra\u00eenement des moteurs \u00e9lectriques 12V<\/li>\n<li><strong>P\u00eache \u00e0 la ligne :<\/strong> pour l&rsquo;utilisation sur plusieurs jours de grands profondim\u00e8tres et d\u00e9tecteurs de poissons, et comme source d&rsquo;\u00e9nergie au bord de l&rsquo;eau.<\/li>\n<\/ul>\n<p>Gr\u00e2ce au r\u00e9glage de la tension, cette batterie peut \u00eatre utilis\u00e9e sans probl\u00e8me en combinaison avec des moteurs de p\u00eache \u00e0 la tra\u00eene ou des moteurs \u00e9lectriques fonctionnant \u00e0 12V. La longue dur\u00e9e de vie de cette batterie est une raison importante pour la choisir.<\/p>\n<p>La batterie <strong>ne n\u00e9cessite aucun entretien<\/strong> et peut effectuer jusqu&rsquo;\u00e0 <strong>1 000 cycles de charge<\/strong>. Cela signifie 1 000 charges et d\u00e9charges. Elle est nettement <strong>plus l\u00e9g\u00e8re<\/strong> qu&rsquo;une batterie au plomb comparable et pr\u00e9sente une perte annuelle beaucoup plus faible. Gr\u00e2ce au <strong>syst\u00e8me de gestion<\/strong> de la batterie int\u00e9gr\u00e9, vous n&rsquo;aurez jamais \u00e0 vous soucier de d\u00e9charger la batterie trop profond\u00e9ment et de l&rsquo;endommager.<\/p>\n<p>Conseil : gardez votre batterie 12V140 AV au sec gr\u00e2ce \u00e0 notre <a href=\"https:\/\/www.rebel-cell.com\/fr\/product\/battery-bag-extra-large-2\/\" target=\"_blank\" rel=\"noopener\">sac pour batterie<\/a> !<\/p>\n<p>Code produit: 12140AVREUA<\/p>\n<p>Barcode: 7106623690710<\/p>\n<p>EAN: 8720964630441<\/p>\n","protected":false},"excerpt":{"rendered":"<p>La <strong>batterie Lithium 12V140 AV<\/strong> est la deuxi\u00e8me batterie la plus puissante de la gamme 12AV. Avec une capacit\u00e9 de pas moins de <strong>140Ah (1,67kWh)<\/strong>, cette batterie est parfaite pour une utilisation de <strong>plusieurs jours d&rsquo;un moteur \u00e9lectrique de 12V ou des plus grands sondeurs et profondim\u00e8tres.<\/strong> Cette batterie fonctionne \u00e9galement sur <strong>12V,<\/strong> p\u00e8se <strong>10.5Kg<\/strong> et dispose d&rsquo;un <strong>indicateur num\u00e9rique de l&rsquo;\u00e9tat de charge.<\/strong><br \/>\n<a href=\"#proddesc\">Lire la suite &gt;<\/a><\/p>\n","protected":false},"featured_media":10596,"comment_status":"open","ping_status":"closed","template":"","meta":{"_acf_changed":false},"product_brand":[],"product_cat":[4439,1901],"product_tag":[],"class_list":{"0":"post-8197","1":"product","2":"type-product","3":"status-publish","4":"has-post-thumbnail","6":"product_cat-batteries-lithium-12v-24v-36v","7":"product_cat-batteries","8":"product_shipping_class-shipping-battery","10":"first","11":"instock","12":"taxable","13":"shipping-taxable","14":"purchasable","15":"product-type-simple"},"bundled_by":["11464"],"bundle_stock_status":"instock","bundle_stock_quantity":22,"bundle_virtual":false,"bundle_layout":"","bundle_add_to_cart_form_location":"","bundle_editable_in_cart":false,"bundle_sold_individually_context":"","bundle_item_grouping":"","bundle_min_size":"","bundle_max_size":"","bundle_price":[],"bundled_items":[],"bundle_sell_ids":[],"acf":[],"yoast_head":"<!-- This site is optimized with the Yoast SEO Premium plugin v27.1 (Yoast SEO v27.1.1) - https:\/\/yoast.com\/product\/yoast-seo-premium-wordpress\/ -->\n<title>Batterie au lithium 12V140 AV | Rebelcell | \u00c9nergie portable pour l&#039;ext\u00e9rieur<\/title>\n<meta name=\"description\" content=\"Batterie au lithium 12V140 AV. Pour les moteurs hors-bord \u00e9lectriques de 12V, sondeurs de profondeur. Rebelcell, l&#039;\u00e9nergie portable pour la p\u00eache \u00e0 la ligne, l\u2019e-boating, le plein air et les loisirs.\" \/>\n<meta name=\"robots\" content=\"index, follow, max-snippet:-1, max-image-preview:large, max-video-preview:-1\" \/>\n<link rel=\"canonical\" href=\"https:\/\/www.rebel-cell.com\/fr\/product\/12v140-av-battery-2\/\" \/>\n<meta property=\"og:locale\" content=\"fr_FR\" \/>\n<meta property=\"og:type\" content=\"article\" \/>\n<meta property=\"og:title\" content=\"Batterie Lithium 12V140 AV\" \/>\n<meta property=\"og:description\" content=\"Batterie au lithium 12V140 AV. Pour les moteurs hors-bord \u00e9lectriques de 12V, sondeurs de profondeur. Rebelcell, l&#039;\u00e9nergie portable pour la p\u00eache \u00e0 la ligne, l\u2019e-boating, le plein air et les loisirs.\" \/>\n<meta property=\"og:url\" content=\"https:\/\/www.rebel-cell.com\/fr\/product\/12v140-av-battery-2\/\" \/>\n<meta property=\"og:site_name\" content=\"Rebelcell\" \/>\n<meta property=\"article:publisher\" content=\"https:\/\/www.facebook.com\/rebelcelleu\" \/>\n<meta property=\"article:modified_time\" content=\"2023-12-11T10:06:56+00:00\" \/>\n<meta property=\"og:image\" content=\"https:\/\/www.rebel-cell.com\/wp-content\/uploads\/12V140AV_top_side.jpg\" \/>\n\t<meta property=\"og:image:width\" content=\"1500\" \/>\n\t<meta property=\"og:image:height\" content=\"1500\" \/>\n\t<meta property=\"og:image:type\" content=\"image\/jpeg\" \/>\n<meta name=\"twitter:card\" content=\"summary_large_image\" \/>\n<meta name=\"twitter:site\" content=\"@rebelcellnl\" \/>\n<meta name=\"twitter:label1\" content=\"Prix\" \/>\n\t<meta name=\"twitter:data1\" content=\"&euro;1.549,00\" \/>\n\t<meta name=\"twitter:label2\" content=\"Disponibilit\u00e9\" \/>\n\t<meta name=\"twitter:data2\" content=\"En stock\" \/>\n<script type=\"application\/ld+json\" class=\"yoast-schema-graph\">{\"@context\":\"https:\/\/schema.org\",\"@graph\":[{\"@type\":[\"WebPage\",\"ItemPage\"],\"@id\":\"https:\/\/www.rebel-cell.com\/fr\/product\/12v140-av-battery-2\/\",\"url\":\"https:\/\/www.rebel-cell.com\/fr\/product\/12v140-av-battery-2\/\",\"name\":\"Batterie au lithium 12V140 AV | Rebelcell | \u00c9nergie portable pour l'ext\u00e9rieur\",\"isPartOf\":{\"@id\":\"https:\/\/www.rebel-cell.com\/fr\/#website\"},\"primaryImageOfPage\":{\"@id\":\"https:\/\/www.rebel-cell.com\/fr\/product\/12v140-av-battery-2\/#primaryimage\"},\"image\":{\"@id\":\"https:\/\/www.rebel-cell.com\/fr\/product\/12v140-av-battery-2\/#primaryimage\"},\"thumbnailUrl\":\"https:\/\/www.rebel-cell.com\/wp-content\/uploads\/12V140AV_top_side.jpg\",\"datePublished\":\"2019-09-04T12:30:25+00:00\",\"dateModified\":\"2023-12-11T10:06:56+00:00\",\"description\":\"Batterie au lithium 12V140 AV. Pour les moteurs hors-bord \u00e9lectriques de 12V, sondeurs de profondeur. Rebelcell, l'\u00e9nergie portable pour la p\u00eache \u00e0 la ligne, l\u2019e-boating, le plein air et les loisirs.\",\"breadcrumb\":{\"@id\":\"https:\/\/www.rebel-cell.com\/fr\/product\/12v140-av-battery-2\/#breadcrumb\"},\"inLanguage\":\"fr-FR\",\"potentialAction\":[{\"@type\":\"ReadAction\",\"target\":[\"https:\/\/www.rebel-cell.com\/fr\/product\/12v140-av-battery-2\/\"]}]},{\"@type\":\"ImageObject\",\"inLanguage\":\"fr-FR\",\"@id\":\"https:\/\/www.rebel-cell.com\/fr\/product\/12v140-av-battery-2\/#primaryimage\",\"url\":\"https:\/\/www.rebel-cell.com\/wp-content\/uploads\/12V140AV_top_side.jpg\",\"contentUrl\":\"https:\/\/www.rebel-cell.com\/wp-content\/uploads\/12V140AV_top_side.jpg\",\"width\":1500,\"height\":1500},{\"@type\":\"BreadcrumbList\",\"@id\":\"https:\/\/www.rebel-cell.com\/fr\/product\/12v140-av-battery-2\/#breadcrumb\",\"itemListElement\":[{\"@type\":\"ListItem\",\"position\":1,\"name\":\"Home\",\"item\":\"https:\/\/www.rebel-cell.com\/fr\/\"},{\"@type\":\"ListItem\",\"position\":2,\"name\":\"Shop\",\"item\":\"https:\/\/www.rebel-cell.com\/fr\/boutique\/\"},{\"@type\":\"ListItem\",\"position\":3,\"name\":\"Batterie Lithium 12V140 AV\"}]},{\"@type\":\"WebSite\",\"@id\":\"https:\/\/www.rebel-cell.com\/fr\/#website\",\"url\":\"https:\/\/www.rebel-cell.com\/fr\/\",\"name\":\"Rebelcell\",\"description\":\"Rebelcell\",\"publisher\":{\"@id\":\"https:\/\/www.rebel-cell.com\/fr\/#organization\"},\"potentialAction\":[{\"@type\":\"SearchAction\",\"target\":{\"@type\":\"EntryPoint\",\"urlTemplate\":\"https:\/\/www.rebel-cell.com\/fr\/?s={search_term_string}\"},\"query-input\":{\"@type\":\"PropertyValueSpecification\",\"valueRequired\":true,\"valueName\":\"search_term_string\"}}],\"inLanguage\":\"fr-FR\"},{\"@type\":\"Organization\",\"@id\":\"https:\/\/www.rebel-cell.com\/fr\/#organization\",\"name\":\"Rebelcell\",\"url\":\"https:\/\/www.rebel-cell.com\/fr\/\",\"logo\":{\"@type\":\"ImageObject\",\"inLanguage\":\"fr-FR\",\"@id\":\"https:\/\/www.rebel-cell.com\/fr\/#\/schema\/logo\/image\/\",\"url\":\"https:\/\/www.rebel-cell.com\/wp-content\/uploads\/rebelcell-logo-300.png\",\"contentUrl\":\"https:\/\/www.rebel-cell.com\/wp-content\/uploads\/rebelcell-logo-300.png\",\"width\":300,\"height\":55,\"caption\":\"Rebelcell\"},\"image\":{\"@id\":\"https:\/\/www.rebel-cell.com\/fr\/#\/schema\/logo\/image\/\"},\"sameAs\":[\"https:\/\/www.facebook.com\/rebelcelleu\",\"https:\/\/x.com\/rebelcellnl\",\"https:\/\/www.instagram.com\/rebelcelleurope\/?hl=nl\",\"https:\/\/www.youtube.com\/channel\/UCpySQUq4xwwtqveV1f8oiFw\"]}]}<\/script>\n<meta property=\"product:price:amount\" content=\"1549.00\" \/>\n<meta property=\"product:price:currency\" content=\"EUR\" \/>\n<meta property=\"og:availability\" content=\"instock\" \/>\n<meta property=\"product:availability\" content=\"instock\" \/>\n<meta property=\"product:retailer_item_id\" content=\"7106623690710\" \/>\n<meta property=\"product:condition\" content=\"new\" \/>\n<!-- \/ Yoast SEO Premium plugin. -->","yoast_head_json":{"title":"Batterie au lithium 12V140 AV | Rebelcell | \u00c9nergie portable pour l'ext\u00e9rieur","description":"Batterie au lithium 12V140 AV. Pour les moteurs hors-bord \u00e9lectriques de 12V, sondeurs de profondeur. Rebelcell, l'\u00e9nergie portable pour la p\u00eache \u00e0 la ligne, l\u2019e-boating, le plein air et les loisirs.","robots":{"index":"index","follow":"follow","max-snippet":"max-snippet:-1","max-image-preview":"max-image-preview:large","max-video-preview":"max-video-preview:-1"},"canonical":"https:\/\/www.rebel-cell.com\/fr\/product\/12v140-av-battery-2\/","og_locale":"fr_FR","og_type":"article","og_title":"Batterie Lithium 12V140 AV","og_description":"Batterie au lithium 12V140 AV. Pour les moteurs hors-bord \u00e9lectriques de 12V, sondeurs de profondeur. Rebelcell, l'\u00e9nergie portable pour la p\u00eache \u00e0 la ligne, l\u2019e-boating, le plein air et les loisirs.","og_url":"https:\/\/www.rebel-cell.com\/fr\/product\/12v140-av-battery-2\/","og_site_name":"Rebelcell","article_publisher":"https:\/\/www.facebook.com\/rebelcelleu","article_modified_time":"2023-12-11T10:06:56+00:00","og_image":[{"width":1500,"height":1500,"url":"https:\/\/www.rebel-cell.com\/wp-content\/uploads\/12V140AV_top_side.jpg","type":"image\/jpeg"}],"twitter_card":"summary_large_image","twitter_site":"@rebelcellnl","twitter_misc":{"Prix":"&euro;1.549,00","Disponibilit\u00e9":"En stock"},"schema":{"@context":"https:\/\/schema.org","@graph":[{"@type":["WebPage","ItemPage"],"@id":"https:\/\/www.rebel-cell.com\/fr\/product\/12v140-av-battery-2\/","url":"https:\/\/www.rebel-cell.com\/fr\/product\/12v140-av-battery-2\/","name":"Batterie au lithium 12V140 AV | Rebelcell | \u00c9nergie portable pour l'ext\u00e9rieur","isPartOf":{"@id":"https:\/\/www.rebel-cell.com\/fr\/#website"},"primaryImageOfPage":{"@id":"https:\/\/www.rebel-cell.com\/fr\/product\/12v140-av-battery-2\/#primaryimage"},"image":{"@id":"https:\/\/www.rebel-cell.com\/fr\/product\/12v140-av-battery-2\/#primaryimage"},"thumbnailUrl":"https:\/\/www.rebel-cell.com\/wp-content\/uploads\/12V140AV_top_side.jpg","datePublished":"2019-09-04T12:30:25+00:00","dateModified":"2023-12-11T10:06:56+00:00","description":"Batterie au lithium 12V140 AV. Pour les moteurs hors-bord \u00e9lectriques de 12V, sondeurs de profondeur. Rebelcell, l'\u00e9nergie portable pour la p\u00eache \u00e0 la ligne, l\u2019e-boating, le plein air et les loisirs.","breadcrumb":{"@id":"https:\/\/www.rebel-cell.com\/fr\/product\/12v140-av-battery-2\/#breadcrumb"},"inLanguage":"fr-FR","potentialAction":[{"@type":"ReadAction","target":["https:\/\/www.rebel-cell.com\/fr\/product\/12v140-av-battery-2\/"]}]},{"@type":"ImageObject","inLanguage":"fr-FR","@id":"https:\/\/www.rebel-cell.com\/fr\/product\/12v140-av-battery-2\/#primaryimage","url":"https:\/\/www.rebel-cell.com\/wp-content\/uploads\/12V140AV_top_side.jpg","contentUrl":"https:\/\/www.rebel-cell.com\/wp-content\/uploads\/12V140AV_top_side.jpg","width":1500,"height":1500},{"@type":"BreadcrumbList","@id":"https:\/\/www.rebel-cell.com\/fr\/product\/12v140-av-battery-2\/#breadcrumb","itemListElement":[{"@type":"ListItem","position":1,"name":"Home","item":"https:\/\/www.rebel-cell.com\/fr\/"},{"@type":"ListItem","position":2,"name":"Shop","item":"https:\/\/www.rebel-cell.com\/fr\/boutique\/"},{"@type":"ListItem","position":3,"name":"Batterie Lithium 12V140 AV"}]},{"@type":"WebSite","@id":"https:\/\/www.rebel-cell.com\/fr\/#website","url":"https:\/\/www.rebel-cell.com\/fr\/","name":"Rebelcell","description":"Rebelcell","publisher":{"@id":"https:\/\/www.rebel-cell.com\/fr\/#organization"},"potentialAction":[{"@type":"SearchAction","target":{"@type":"EntryPoint","urlTemplate":"https:\/\/www.rebel-cell.com\/fr\/?s={search_term_string}"},"query-input":{"@type":"PropertyValueSpecification","valueRequired":true,"valueName":"search_term_string"}}],"inLanguage":"fr-FR"},{"@type":"Organization","@id":"https:\/\/www.rebel-cell.com\/fr\/#organization","name":"Rebelcell","url":"https:\/\/www.rebel-cell.com\/fr\/","logo":{"@type":"ImageObject","inLanguage":"fr-FR","@id":"https:\/\/www.rebel-cell.com\/fr\/#\/schema\/logo\/image\/","url":"https:\/\/www.rebel-cell.com\/wp-content\/uploads\/rebelcell-logo-300.png","contentUrl":"https:\/\/www.rebel-cell.com\/wp-content\/uploads\/rebelcell-logo-300.png","width":300,"height":55,"caption":"Rebelcell"},"image":{"@id":"https:\/\/www.rebel-cell.com\/fr\/#\/schema\/logo\/image\/"},"sameAs":["https:\/\/www.facebook.com\/rebelcelleu","https:\/\/x.com\/rebelcellnl","https:\/\/www.instagram.com\/rebelcelleurope\/?hl=nl","https:\/\/www.youtube.com\/channel\/UCpySQUq4xwwtqveV1f8oiFw"]}]},"product_price_amount":"1549.00","product_price_currency":"EUR","og_availability":"instock","product_availability":"instock","product_retailer_item_id":"7106623690710","product_condition":"new"},"_links":{"self":[{"href":"https:\/\/www.rebel-cell.com\/fr\/wp-json\/wp\/v2\/product\/8197","targetHints":{"allow":["GET"]}}],"collection":[{"href":"https:\/\/www.rebel-cell.com\/fr\/wp-json\/wp\/v2\/product"}],"about":[{"href":"https:\/\/www.rebel-cell.com\/fr\/wp-json\/wp\/v2\/types\/product"}],"replies":[{"embeddable":true,"href":"https:\/\/www.rebel-cell.com\/fr\/wp-json\/wp\/v2\/comments?post=8197"}],"wp:featuredmedia":[{"embeddable":true,"href":"https:\/\/www.rebel-cell.com\/fr\/wp-json\/wp\/v2\/media\/10596"}],"wp:attachment":[{"href":"https:\/\/www.rebel-cell.com\/fr\/wp-json\/wp\/v2\/media?parent=8197"}],"wp:term":[{"taxonomy":"product_brand","embeddable":true,"href":"https:\/\/www.rebel-cell.com\/fr\/wp-json\/wp\/v2\/product_brand?post=8197"},{"taxonomy":"product_cat","embeddable":true,"href":"https:\/\/www.rebel-cell.com\/fr\/wp-json\/wp\/v2\/product_cat?post=8197"},{"taxonomy":"product_tag","embeddable":true,"href":"https:\/\/www.rebel-cell.com\/fr\/wp-json\/wp\/v2\/product_tag?post=8197"}],"curies":[{"name":"wp","href":"https:\/\/api.w.org\/{rel}","templated":true}]}}