{"id":8224,"date":"2019-09-24T11:28:08","date_gmt":"2019-09-24T11:28:08","guid":{"rendered":"https:\/\/www.rebel-cell.com\/product\/range-extender-29-4v07a\/"},"modified":"2023-12-08T12:50:30","modified_gmt":"2023-12-08T11:50:30","slug":"29-4v07a-range-extender-2","status":"publish","type":"product","link":"https:\/\/www.rebel-cell.com\/fr\/product\/29-4v07a-range-extender-2\/","title":{"rendered":"Range Extender 29.4V07A"},"content":{"rendered":"<h2>DESCRIPTION DU PRODUIT REBELCELL RANGE EXTENDER 29.4V07A<\/h2>\n<p>Le <strong>Range Extender 29.4V07A<\/strong> est la <strong>solution id\u00e9ale pour prolonger votre journ\u00e9e de p\u00eache.<\/strong> Le Range Extender charge votre batterie en puisant l&rsquo;\u00e9nergie dans l&rsquo;alternateur de votre moteur hors-bord. Ce mod\u00e8le de prolongateur d&rsquo;autonomie est facile \u00e0 placer dans votre bateau, gr\u00e2ce \u00e0 sa taille compacte et \u00e0 son poids l\u00e9ger de seulement <strong>0,6 kg<\/strong>. En outre, il fonctionne \u00e0 <strong>29,4 V<\/strong> et a une sortie de <strong>7 A.<\/strong><\/p>\n<p>Le prolongateur d&rsquo;autonomie surveille en permanence la tension de la batterie de d\u00e9marrage pour \u00e9viter toute d\u00e9charge involontaire, limite le courant de sortie de l&rsquo;alternateur si n\u00e9cessaire et fournit le bon profil de charge (tension, courant) pour charger votre batterie 12V-AV, ce qui rend le prolongateur d&rsquo;autonomie \u00e9galement s\u00fbr \u00e0 utiliser. Gr\u00e2ce \u00e0 l&rsquo;indicateur LED int\u00e9gr\u00e9, vous pouvez facilement voir si votre batterie est en train de se charger. <strong>Ce mod\u00e8le de Range Extender peut \u00eatre utilis\u00e9 avec toutes les marques de BBM bien connues telles<\/strong> que Honda, Minn Kota, Mercury et Suzuki qui fonctionnent sur 12V. Veillez \u00e9galement \u00e0 ce que l&rsquo;alternateur du moteur hors-bord ait une puissance minimale de 17A, sinon le prolongateur d&rsquo;autonomie ne fonctionnera pas.<\/p>\n<p><em><strong>Remarque :<\/strong> Le Range Extender (29.4V07A) peut \u00eatre utilis\u00e9 avec toutes les batteries Rebelcell 24V. Le <a href=\"https:\/\/www.rebel-cell.com\/fr\/product\/12-6v13a-range-extender\/\" target=\"_blank\" rel=\"noopener\">Range Extender 12.6V13A<\/a> convient \u00e0 la batterie Rebelcell 12V70 \/ 12V100 \/ 12V140 \/ 12V190 AV.<\/em><\/p>\n<p>Code produit: DC24V07REPK<\/p>\n<p>Barcode: 7106623691915<\/p>\n<p>EAN: 8720964630953<\/p>\n","protected":false},"excerpt":{"rendered":"<p>Avec le <strong>Range Extender 29.4V07A,<\/strong> vous pouvez <strong>prolonger votre journ\u00e9e de p\u00eache<\/strong> en rechargeant votre batterie 24V via l&rsquo;alternateur de votre moteur (hors-bord) pendant que vous p\u00eachez. Le <strong>mod\u00e8le compact<\/strong> et <strong>le poids minimum de 0,6 kg<\/strong> rendent le prolongateur d&rsquo;autonomie facile \u00e0 utiliser dans le bateau. En outre, ce mod\u00e8le de prolongateur d&rsquo;autonomie est s\u00fbr \u00e0 utiliser gr\u00e2ce \u00e0 plusieurs syst\u00e8mes de s\u00e9curit\u00e9 et le prolongateur d&rsquo;autonomie fournit en permanence la bonne tension.<br \/>\n<a href=\"#proddesc\">Lire la suite&gt;<\/a><\/p>\n<p><em><strong>Remarque :<\/strong> Le Range Extender (29.4V07A) peut \u00eatre utilis\u00e9 avec toutes les batteries Rebelcell 24V. Le <a href=\"https:\/\/www.rebel-cell.com\/fr\/product\/12-6v13a-range-extender\/\" target=\"_blank\" rel=\"noopener\">Range Extender 12.6V13A<\/a> convient \u00e0 la batterie Rebelcell 12V70 \/ 12V100 \/ 12V140 \/ 12V190 AV. <\/em><\/p>\n","protected":false},"featured_media":12378,"comment_status":"open","ping_status":"closed","template":"","meta":{"_acf_changed":false},"product_brand":[],"product_cat":[1903],"product_tag":[1008,1011],"class_list":{"0":"post-8224","1":"product","2":"type-product","3":"status-publish","4":"has-post-thumbnail","6":"product_cat-chargeurs","7":"product_tag-7106623686690-fr-2","8":"product_tag-7106623686799-fr","9":"product_shipping_class-normal-shipment","10":"pa_fishing-carpe","12":"first","13":"instock","14":"sale","15":"taxable","16":"shipping-taxable","17":"purchasable","18":"product-type-simple"},"bundled_by":[],"bundle_stock_status":"instock","bundle_stock_quantity":29,"bundle_virtual":false,"bundle_layout":"","bundle_add_to_cart_form_location":"","bundle_editable_in_cart":false,"bundle_sold_individually_context":"","bundle_item_grouping":"","bundle_min_size":"","bundle_max_size":"","bundle_price":[],"bundled_items":[],"bundle_sell_ids":[],"acf":[],"yoast_head":"<!-- This site is optimized with the Yoast SEO Premium plugin v27.1 (Yoast SEO v27.1.1) - https:\/\/yoast.com\/product\/yoast-seo-premium-wordpress\/ -->\n<title>Range Extender 29.4V07A | Rebelcell | \u00c9nergie portable pour l&#039;ext\u00e9rieur<\/title>\n<meta name=\"description\" content=\"Le Range Extender 29.4V07A pour recharger votre batterie Rebelcell \u00ab\u00a0en cours de route\u00a0\u00bb. Rebelcell. \u00c9nergie portable pour la p\u00eache \u00e0 la ligne, en plein air et en mer.\" \/>\n<meta name=\"robots\" content=\"index, follow, max-snippet:-1, max-image-preview:large, max-video-preview:-1\" \/>\n<link rel=\"canonical\" href=\"https:\/\/www.rebel-cell.com\/fr\/product\/29-4v07a-range-extender-2\/\" \/>\n<meta property=\"og:locale\" content=\"fr_FR\" \/>\n<meta property=\"og:type\" content=\"article\" \/>\n<meta property=\"og:title\" content=\"Range Extender 29.4V07A\" \/>\n<meta property=\"og:description\" content=\"Le Range Extender 29.4V07A pour recharger votre batterie Rebelcell \u00ab\u00a0en cours de route\u00a0\u00bb. Rebelcell. \u00c9nergie portable pour la p\u00eache \u00e0 la ligne, en plein air et en mer.\" \/>\n<meta property=\"og:url\" content=\"https:\/\/www.rebel-cell.com\/fr\/product\/29-4v07a-range-extender-2\/\" \/>\n<meta property=\"og:site_name\" content=\"Rebelcell\" \/>\n<meta property=\"article:publisher\" content=\"https:\/\/www.facebook.com\/rebelcelleu\" \/>\n<meta property=\"article:modified_time\" content=\"2023-12-08T11:50:30+00:00\" \/>\n<meta property=\"og:image\" content=\"https:\/\/www.rebel-cell.com\/wp-content\/uploads\/RE_29V_top_side.jpg\" \/>\n\t<meta property=\"og:image:width\" content=\"1500\" \/>\n\t<meta property=\"og:image:height\" content=\"1500\" \/>\n\t<meta property=\"og:image:type\" content=\"image\/jpeg\" \/>\n<meta name=\"twitter:card\" content=\"summary_large_image\" \/>\n<meta name=\"twitter:site\" content=\"@rebelcellnl\" \/>\n<meta name=\"twitter:label1\" content=\"Prix\" \/>\n\t<meta name=\"twitter:data1\" content=\"&euro;299,00\" \/>\n\t<meta name=\"twitter:label2\" content=\"Disponibilit\u00e9\" \/>\n\t<meta name=\"twitter:data2\" content=\"En stock\" \/>\n<script type=\"application\/ld+json\" class=\"yoast-schema-graph\">{\"@context\":\"https:\/\/schema.org\",\"@graph\":[{\"@type\":[\"WebPage\",\"ItemPage\"],\"@id\":\"https:\/\/www.rebel-cell.com\/fr\/product\/29-4v07a-range-extender-2\/\",\"url\":\"https:\/\/www.rebel-cell.com\/fr\/product\/29-4v07a-range-extender-2\/\",\"name\":\"Range Extender 29.4V07A | Rebelcell | \u00c9nergie portable pour l'ext\u00e9rieur\",\"isPartOf\":{\"@id\":\"https:\/\/www.rebel-cell.com\/fr\/#website\"},\"primaryImageOfPage\":{\"@id\":\"https:\/\/www.rebel-cell.com\/fr\/product\/29-4v07a-range-extender-2\/#primaryimage\"},\"image\":{\"@id\":\"https:\/\/www.rebel-cell.com\/fr\/product\/29-4v07a-range-extender-2\/#primaryimage\"},\"thumbnailUrl\":\"https:\/\/www.rebel-cell.com\/wp-content\/uploads\/RE_29V_top_side.jpg\",\"datePublished\":\"2019-09-24T11:28:08+00:00\",\"dateModified\":\"2023-12-08T11:50:30+00:00\",\"description\":\"Le Range Extender 29.4V07A pour recharger votre batterie Rebelcell \u00ab\u00a0en cours de route\u00a0\u00bb. Rebelcell. \u00c9nergie portable pour la p\u00eache \u00e0 la ligne, en plein air et en mer.\",\"breadcrumb\":{\"@id\":\"https:\/\/www.rebel-cell.com\/fr\/product\/29-4v07a-range-extender-2\/#breadcrumb\"},\"inLanguage\":\"fr-FR\",\"potentialAction\":[{\"@type\":\"ReadAction\",\"target\":[\"https:\/\/www.rebel-cell.com\/fr\/product\/29-4v07a-range-extender-2\/\"]}]},{\"@type\":\"ImageObject\",\"inLanguage\":\"fr-FR\",\"@id\":\"https:\/\/www.rebel-cell.com\/fr\/product\/29-4v07a-range-extender-2\/#primaryimage\",\"url\":\"https:\/\/www.rebel-cell.com\/wp-content\/uploads\/RE_29V_top_side.jpg\",\"contentUrl\":\"https:\/\/www.rebel-cell.com\/wp-content\/uploads\/RE_29V_top_side.jpg\",\"width\":1500,\"height\":1500},{\"@type\":\"BreadcrumbList\",\"@id\":\"https:\/\/www.rebel-cell.com\/fr\/product\/29-4v07a-range-extender-2\/#breadcrumb\",\"itemListElement\":[{\"@type\":\"ListItem\",\"position\":1,\"name\":\"Home\",\"item\":\"https:\/\/www.rebel-cell.com\/fr\/\"},{\"@type\":\"ListItem\",\"position\":2,\"name\":\"Shop\",\"item\":\"https:\/\/www.rebel-cell.com\/fr\/boutique\/\"},{\"@type\":\"ListItem\",\"position\":3,\"name\":\"Range Extender 29.4V07A\"}]},{\"@type\":\"WebSite\",\"@id\":\"https:\/\/www.rebel-cell.com\/fr\/#website\",\"url\":\"https:\/\/www.rebel-cell.com\/fr\/\",\"name\":\"Rebelcell\",\"description\":\"Rebelcell\",\"publisher\":{\"@id\":\"https:\/\/www.rebel-cell.com\/fr\/#organization\"},\"potentialAction\":[{\"@type\":\"SearchAction\",\"target\":{\"@type\":\"EntryPoint\",\"urlTemplate\":\"https:\/\/www.rebel-cell.com\/fr\/?s={search_term_string}\"},\"query-input\":{\"@type\":\"PropertyValueSpecification\",\"valueRequired\":true,\"valueName\":\"search_term_string\"}}],\"inLanguage\":\"fr-FR\"},{\"@type\":\"Organization\",\"@id\":\"https:\/\/www.rebel-cell.com\/fr\/#organization\",\"name\":\"Rebelcell\",\"url\":\"https:\/\/www.rebel-cell.com\/fr\/\",\"logo\":{\"@type\":\"ImageObject\",\"inLanguage\":\"fr-FR\",\"@id\":\"https:\/\/www.rebel-cell.com\/fr\/#\/schema\/logo\/image\/\",\"url\":\"https:\/\/www.rebel-cell.com\/wp-content\/uploads\/rebelcell-logo-300.png\",\"contentUrl\":\"https:\/\/www.rebel-cell.com\/wp-content\/uploads\/rebelcell-logo-300.png\",\"width\":300,\"height\":55,\"caption\":\"Rebelcell\"},\"image\":{\"@id\":\"https:\/\/www.rebel-cell.com\/fr\/#\/schema\/logo\/image\/\"},\"sameAs\":[\"https:\/\/www.facebook.com\/rebelcelleu\",\"https:\/\/x.com\/rebelcellnl\",\"https:\/\/www.instagram.com\/rebelcelleurope\/?hl=nl\",\"https:\/\/www.youtube.com\/channel\/UCpySQUq4xwwtqveV1f8oiFw\"]}]}<\/script>\n<meta property=\"product:price:amount\" content=\"299.00\" \/>\n<meta property=\"product:price:currency\" content=\"EUR\" \/>\n<meta property=\"og:availability\" content=\"instock\" \/>\n<meta property=\"product:availability\" content=\"instock\" \/>\n<meta property=\"product:retailer_item_id\" content=\"7106623691915\" \/>\n<meta property=\"product:condition\" content=\"new\" \/>\n<!-- \/ Yoast SEO Premium plugin. -->","yoast_head_json":{"title":"Range Extender 29.4V07A | Rebelcell | \u00c9nergie portable pour l'ext\u00e9rieur","description":"Le Range Extender 29.4V07A pour recharger votre batterie Rebelcell \u00ab\u00a0en cours de route\u00a0\u00bb. Rebelcell. \u00c9nergie portable pour la p\u00eache \u00e0 la ligne, en plein air et en mer.","robots":{"index":"index","follow":"follow","max-snippet":"max-snippet:-1","max-image-preview":"max-image-preview:large","max-video-preview":"max-video-preview:-1"},"canonical":"https:\/\/www.rebel-cell.com\/fr\/product\/29-4v07a-range-extender-2\/","og_locale":"fr_FR","og_type":"article","og_title":"Range Extender 29.4V07A","og_description":"Le Range Extender 29.4V07A pour recharger votre batterie Rebelcell \u00ab\u00a0en cours de route\u00a0\u00bb. Rebelcell. \u00c9nergie portable pour la p\u00eache \u00e0 la ligne, en plein air et en mer.","og_url":"https:\/\/www.rebel-cell.com\/fr\/product\/29-4v07a-range-extender-2\/","og_site_name":"Rebelcell","article_publisher":"https:\/\/www.facebook.com\/rebelcelleu","article_modified_time":"2023-12-08T11:50:30+00:00","og_image":[{"width":1500,"height":1500,"url":"https:\/\/www.rebel-cell.com\/wp-content\/uploads\/RE_29V_top_side.jpg","type":"image\/jpeg"}],"twitter_card":"summary_large_image","twitter_site":"@rebelcellnl","twitter_misc":{"Prix":"&euro;299,00","Disponibilit\u00e9":"En stock"},"schema":{"@context":"https:\/\/schema.org","@graph":[{"@type":["WebPage","ItemPage"],"@id":"https:\/\/www.rebel-cell.com\/fr\/product\/29-4v07a-range-extender-2\/","url":"https:\/\/www.rebel-cell.com\/fr\/product\/29-4v07a-range-extender-2\/","name":"Range Extender 29.4V07A | Rebelcell | \u00c9nergie portable pour l'ext\u00e9rieur","isPartOf":{"@id":"https:\/\/www.rebel-cell.com\/fr\/#website"},"primaryImageOfPage":{"@id":"https:\/\/www.rebel-cell.com\/fr\/product\/29-4v07a-range-extender-2\/#primaryimage"},"image":{"@id":"https:\/\/www.rebel-cell.com\/fr\/product\/29-4v07a-range-extender-2\/#primaryimage"},"thumbnailUrl":"https:\/\/www.rebel-cell.com\/wp-content\/uploads\/RE_29V_top_side.jpg","datePublished":"2019-09-24T11:28:08+00:00","dateModified":"2023-12-08T11:50:30+00:00","description":"Le Range Extender 29.4V07A pour recharger votre batterie Rebelcell \u00ab\u00a0en cours de route\u00a0\u00bb. Rebelcell. \u00c9nergie portable pour la p\u00eache \u00e0 la ligne, en plein air et en mer.","breadcrumb":{"@id":"https:\/\/www.rebel-cell.com\/fr\/product\/29-4v07a-range-extender-2\/#breadcrumb"},"inLanguage":"fr-FR","potentialAction":[{"@type":"ReadAction","target":["https:\/\/www.rebel-cell.com\/fr\/product\/29-4v07a-range-extender-2\/"]}]},{"@type":"ImageObject","inLanguage":"fr-FR","@id":"https:\/\/www.rebel-cell.com\/fr\/product\/29-4v07a-range-extender-2\/#primaryimage","url":"https:\/\/www.rebel-cell.com\/wp-content\/uploads\/RE_29V_top_side.jpg","contentUrl":"https:\/\/www.rebel-cell.com\/wp-content\/uploads\/RE_29V_top_side.jpg","width":1500,"height":1500},{"@type":"BreadcrumbList","@id":"https:\/\/www.rebel-cell.com\/fr\/product\/29-4v07a-range-extender-2\/#breadcrumb","itemListElement":[{"@type":"ListItem","position":1,"name":"Home","item":"https:\/\/www.rebel-cell.com\/fr\/"},{"@type":"ListItem","position":2,"name":"Shop","item":"https:\/\/www.rebel-cell.com\/fr\/boutique\/"},{"@type":"ListItem","position":3,"name":"Range Extender 29.4V07A"}]},{"@type":"WebSite","@id":"https:\/\/www.rebel-cell.com\/fr\/#website","url":"https:\/\/www.rebel-cell.com\/fr\/","name":"Rebelcell","description":"Rebelcell","publisher":{"@id":"https:\/\/www.rebel-cell.com\/fr\/#organization"},"potentialAction":[{"@type":"SearchAction","target":{"@type":"EntryPoint","urlTemplate":"https:\/\/www.rebel-cell.com\/fr\/?s={search_term_string}"},"query-input":{"@type":"PropertyValueSpecification","valueRequired":true,"valueName":"search_term_string"}}],"inLanguage":"fr-FR"},{"@type":"Organization","@id":"https:\/\/www.rebel-cell.com\/fr\/#organization","name":"Rebelcell","url":"https:\/\/www.rebel-cell.com\/fr\/","logo":{"@type":"ImageObject","inLanguage":"fr-FR","@id":"https:\/\/www.rebel-cell.com\/fr\/#\/schema\/logo\/image\/","url":"https:\/\/www.rebel-cell.com\/wp-content\/uploads\/rebelcell-logo-300.png","contentUrl":"https:\/\/www.rebel-cell.com\/wp-content\/uploads\/rebelcell-logo-300.png","width":300,"height":55,"caption":"Rebelcell"},"image":{"@id":"https:\/\/www.rebel-cell.com\/fr\/#\/schema\/logo\/image\/"},"sameAs":["https:\/\/www.facebook.com\/rebelcelleu","https:\/\/x.com\/rebelcellnl","https:\/\/www.instagram.com\/rebelcelleurope\/?hl=nl","https:\/\/www.youtube.com\/channel\/UCpySQUq4xwwtqveV1f8oiFw"]}]},"product_price_amount":"299.00","product_price_currency":"EUR","og_availability":"instock","product_availability":"instock","product_retailer_item_id":"7106623691915","product_condition":"new"},"_links":{"self":[{"href":"https:\/\/www.rebel-cell.com\/fr\/wp-json\/wp\/v2\/product\/8224","targetHints":{"allow":["GET"]}}],"collection":[{"href":"https:\/\/www.rebel-cell.com\/fr\/wp-json\/wp\/v2\/product"}],"about":[{"href":"https:\/\/www.rebel-cell.com\/fr\/wp-json\/wp\/v2\/types\/product"}],"replies":[{"embeddable":true,"href":"https:\/\/www.rebel-cell.com\/fr\/wp-json\/wp\/v2\/comments?post=8224"}],"wp:featuredmedia":[{"embeddable":true,"href":"https:\/\/www.rebel-cell.com\/fr\/wp-json\/wp\/v2\/media\/12378"}],"wp:attachment":[{"href":"https:\/\/www.rebel-cell.com\/fr\/wp-json\/wp\/v2\/media?parent=8224"}],"wp:term":[{"taxonomy":"product_brand","embeddable":true,"href":"https:\/\/www.rebel-cell.com\/fr\/wp-json\/wp\/v2\/product_brand?post=8224"},{"taxonomy":"product_cat","embeddable":true,"href":"https:\/\/www.rebel-cell.com\/fr\/wp-json\/wp\/v2\/product_cat?post=8224"},{"taxonomy":"product_tag","embeddable":true,"href":"https:\/\/www.rebel-cell.com\/fr\/wp-json\/wp\/v2\/product_tag?post=8224"}],"curies":[{"name":"wp","href":"https:\/\/api.w.org\/{rel}","templated":true}]}}