{"id":8226,"date":"2019-09-24T14:20:17","date_gmt":"2019-09-24T12:20:17","guid":{"rendered":"https:\/\/www.rebel-cell.com\/product\/outdoorbox-12-50-av\/"},"modified":"2026-01-01T01:21:34","modified_gmt":"2026-01-01T00:21:34","slug":"outdoorbox-12-50-av-2","status":"publish","type":"product","link":"https:\/\/www.rebel-cell.com\/fr\/product\/outdoorbox-12-50-av-2\/","title":{"rendered":"Outdoorbox 12.50 AV"},"content":{"rendered":"<h2>Description du produit Rebelcell 12.50 AV Outdoorbox<\/h2>\n<p>O<strong>utdoorbox 12.50 AV compacte, robuste et l\u00e9g\u00e8re.<\/strong> Gr\u00e2ce \u00e0 son <strong>bo\u00eetier<\/strong> <strong>robuste, r\u00e9sistant aux chocs et \u00e9tanche,<\/strong> cette Outdoorbox est <strong>id\u00e9ale pour la p\u00eache \u00e0 la carpe, le belly boat et le kayak.<\/strong> L&rsquo;Outdoorbox 12.50 AV dispose d&rsquo;une <a href=\"https:\/\/www.rebel-cell.com\/fr\/product\/12v50-av-battery-2\/\" target=\"_blank\" rel=\"noopener\">batterie lithium 12V50 Ah int\u00e9gr\u00e9e &#8211; 634Wh,<\/a> ne p\u00e8se que <strong>5,0Kg<\/strong> et dispose d&rsquo;un <strong>indicateur num\u00e9rique de l&rsquo;\u00e9tat de charge.<\/strong><\/p>\n<ul>\n<li><strong>Application :<\/strong> Moteur de tra\u00eene 12V jusqu&rsquo;\u00e0 55 Lb, sondeur, alimentation ext\u00e9rieure<\/li>\n<li><strong>Protection :<\/strong> prot\u00e9g\u00e9 contre l&rsquo;eau (IP65)<\/li>\n<li><strong>Utilisation pr\u00e9vue :<\/strong> p\u00eache \u00e0 la carpe, bateau \u00e0 ventre, kayak<\/li>\n<\/ul>\n<p>Gr\u00e2ce \u00e0 la tension adapt\u00e9e, cette Outdoorbox peut \u00eatre utilis\u00e9e sans probl\u00e8me avec n&rsquo;importe quel moteur de p\u00eache \u00e0 la tra\u00eene (12V).<\/p>\n<p>L&rsquo;Outdoorbox <strong>ne n\u00e9cessite aucun entretien<\/strong> et peut effectuer jusqu&rsquo;\u00e0 1<strong>000 cycles de charge.<\/strong> Cela signifie 1.000 charges et d\u00e9charges. Elle est nettement <strong>plus l\u00e9g\u00e8re<\/strong> qu&rsquo;une batterie au plomb comparable et pr\u00e9sente une perte annuelle nettement inf\u00e9rieure. Gr\u00e2ce au <strong>syst\u00e8me de gestion<\/strong> de la batterie int\u00e9gr\u00e9, vous ne devez jamais craindre de d\u00e9charger la batterie trop profond\u00e9ment et de l&rsquo;endommager.<\/p>\n<p>Code produit: 12050ODBAV<\/p>\n<p>Barcode: 7106623694886<\/p>\n<p>EAN: 8720964630069<\/p>\n","protected":false},"excerpt":{"rendered":"<p><strong>Outdoorbox compacte, robuste et l\u00e9g\u00e8re de 12,50 AV.<\/strong> Cette Outdoorbox est <strong>id\u00e9ale pour la p\u00eache \u00e0 la carpe, le bateau \u00e0 ventre et le kayak.<\/strong> La 12.50 AV Outdoorbox est \u00e9quip\u00e9e d&rsquo;une <a href=\"https:\/\/www.rebel-cell.com\/fr\/product\/12v50-av-battery-2\/\" target=\"_blank\" rel=\"noopener\">batterie lithium 12V50 Ah int\u00e9gr\u00e9e &#8211; 634Wh<\/a>, est <strong>\u00e9tanche (IP65)<\/strong>, est emball\u00e9e dans un <strong>bo\u00eetier robuste r\u00e9sistant<\/strong> aux chocs et ne p\u00e8se que <strong>5,0Kg.<\/strong><br \/>\n<a href=\"#proddesc\">Lire la suite&gt;<\/a><\/p>\n","protected":false},"featured_media":6454,"comment_status":"open","ping_status":"closed","template":"","meta":{"_acf_changed":false},"product_brand":[],"product_cat":[1901,1907],"product_tag":[],"class_list":{"0":"post-8226","1":"product","2":"type-product","3":"status-publish","4":"has-post-thumbnail","6":"product_cat-batteries","7":"product_cat-outdoorbox-fr","8":"product_shipping_class-shipping-battery","9":"pa_fishing-autres-applications","10":"pa_fishing-bateau-electrique","11":"pa_fishing-carpe","12":"pa_fishing-predateur","14":"first","15":"instock","16":"taxable","17":"shipping-taxable","18":"purchasable","19":"product-type-simple"},"bundled_by":["11481"],"bundle_stock_status":"instock","bundle_stock_quantity":6,"bundle_virtual":false,"bundle_layout":"","bundle_add_to_cart_form_location":"","bundle_editable_in_cart":false,"bundle_sold_individually_context":"","bundle_item_grouping":"","bundle_min_size":"","bundle_max_size":"","bundle_price":[],"bundled_items":[],"bundle_sell_ids":[],"acf":[],"yoast_head":"<!-- This site is optimized with the Yoast SEO Premium plugin v27.1 (Yoast SEO v27.1.1) - https:\/\/yoast.com\/product\/yoast-seo-premium-wordpress\/ -->\n<title>Outdoorbox 12.50 AV | Rebelcell | \u00c9nergie portable pour l&#039;ext\u00e9rieur<\/title>\n<meta name=\"description\" content=\"Outdoorbox robuste de 12V avec batterie li-ion AV de 12V50. Source d&#039;\u00e9nergie pour l&#039;ext\u00e9rieur. Rebelcell. \u00c9nergie portable pour la p\u00eache \u00e0 la ligne, l\u2019e-boating, le plein air et les loisirs.\" \/>\n<meta name=\"robots\" content=\"index, follow, max-snippet:-1, max-image-preview:large, max-video-preview:-1\" \/>\n<link rel=\"canonical\" href=\"https:\/\/www.rebel-cell.com\/fr\/product\/outdoorbox-12-50-av-2\/\" \/>\n<meta property=\"og:locale\" content=\"fr_FR\" \/>\n<meta property=\"og:type\" content=\"article\" \/>\n<meta property=\"og:title\" content=\"Outdoorbox 12.50 AV\" \/>\n<meta property=\"og:description\" content=\"Outdoorbox robuste de 12V avec batterie li-ion AV de 12V50. Source d&#039;\u00e9nergie pour l&#039;ext\u00e9rieur. Rebelcell. \u00c9nergie portable pour la p\u00eache \u00e0 la ligne, l\u2019e-boating, le plein air et les loisirs.\" \/>\n<meta property=\"og:url\" content=\"https:\/\/www.rebel-cell.com\/fr\/product\/outdoorbox-12-50-av-2\/\" \/>\n<meta property=\"og:site_name\" content=\"Rebelcell\" \/>\n<meta property=\"article:publisher\" content=\"https:\/\/www.facebook.com\/rebelcelleu\" \/>\n<meta property=\"article:modified_time\" content=\"2026-01-01T00:21:34+00:00\" \/>\n<meta property=\"og:image\" content=\"https:\/\/www.rebel-cell.com\/wp-content\/uploads\/ODB1250_side.jpg\" \/>\n\t<meta property=\"og:image:width\" content=\"1500\" \/>\n\t<meta property=\"og:image:height\" content=\"1500\" \/>\n\t<meta property=\"og:image:type\" content=\"image\/jpeg\" \/>\n<meta name=\"twitter:card\" content=\"summary_large_image\" \/>\n<meta name=\"twitter:site\" content=\"@rebelcellnl\" \/>\n<meta name=\"twitter:label1\" content=\"Prix\" \/>\n\t<meta name=\"twitter:data1\" content=\"&euro;729,00\" \/>\n\t<meta name=\"twitter:label2\" content=\"Disponibilit\u00e9\" \/>\n\t<meta name=\"twitter:data2\" content=\"En stock\" \/>\n<script type=\"application\/ld+json\" class=\"yoast-schema-graph\">{\"@context\":\"https:\/\/schema.org\",\"@graph\":[{\"@type\":[\"WebPage\",\"ItemPage\"],\"@id\":\"https:\/\/www.rebel-cell.com\/fr\/product\/outdoorbox-12-50-av-2\/\",\"url\":\"https:\/\/www.rebel-cell.com\/fr\/product\/outdoorbox-12-50-av-2\/\",\"name\":\"Outdoorbox 12.50 AV | Rebelcell | \u00c9nergie portable pour l'ext\u00e9rieur\",\"isPartOf\":{\"@id\":\"https:\/\/www.rebel-cell.com\/fr\/#website\"},\"primaryImageOfPage\":{\"@id\":\"https:\/\/www.rebel-cell.com\/fr\/product\/outdoorbox-12-50-av-2\/#primaryimage\"},\"image\":{\"@id\":\"https:\/\/www.rebel-cell.com\/fr\/product\/outdoorbox-12-50-av-2\/#primaryimage\"},\"thumbnailUrl\":\"https:\/\/www.rebel-cell.com\/wp-content\/uploads\/ODB1250_side.jpg\",\"datePublished\":\"2019-09-24T12:20:17+00:00\",\"dateModified\":\"2026-01-01T00:21:34+00:00\",\"description\":\"Outdoorbox robuste de 12V avec batterie li-ion AV de 12V50. Source d'\u00e9nergie pour l'ext\u00e9rieur. Rebelcell. \u00c9nergie portable pour la p\u00eache \u00e0 la ligne, l\u2019e-boating, le plein air et les loisirs.\",\"breadcrumb\":{\"@id\":\"https:\/\/www.rebel-cell.com\/fr\/product\/outdoorbox-12-50-av-2\/#breadcrumb\"},\"inLanguage\":\"fr-FR\",\"potentialAction\":[{\"@type\":\"ReadAction\",\"target\":[\"https:\/\/www.rebel-cell.com\/fr\/product\/outdoorbox-12-50-av-2\/\"]}]},{\"@type\":\"ImageObject\",\"inLanguage\":\"fr-FR\",\"@id\":\"https:\/\/www.rebel-cell.com\/fr\/product\/outdoorbox-12-50-av-2\/#primaryimage\",\"url\":\"https:\/\/www.rebel-cell.com\/wp-content\/uploads\/ODB1250_side.jpg\",\"contentUrl\":\"https:\/\/www.rebel-cell.com\/wp-content\/uploads\/ODB1250_side.jpg\",\"width\":1500,\"height\":1500},{\"@type\":\"BreadcrumbList\",\"@id\":\"https:\/\/www.rebel-cell.com\/fr\/product\/outdoorbox-12-50-av-2\/#breadcrumb\",\"itemListElement\":[{\"@type\":\"ListItem\",\"position\":1,\"name\":\"Home\",\"item\":\"https:\/\/www.rebel-cell.com\/fr\/\"},{\"@type\":\"ListItem\",\"position\":2,\"name\":\"Shop\",\"item\":\"https:\/\/www.rebel-cell.com\/fr\/boutique\/\"},{\"@type\":\"ListItem\",\"position\":3,\"name\":\"Outdoorbox 12.50 AV\"}]},{\"@type\":\"WebSite\",\"@id\":\"https:\/\/www.rebel-cell.com\/fr\/#website\",\"url\":\"https:\/\/www.rebel-cell.com\/fr\/\",\"name\":\"Rebelcell\",\"description\":\"Rebelcell\",\"publisher\":{\"@id\":\"https:\/\/www.rebel-cell.com\/fr\/#organization\"},\"potentialAction\":[{\"@type\":\"SearchAction\",\"target\":{\"@type\":\"EntryPoint\",\"urlTemplate\":\"https:\/\/www.rebel-cell.com\/fr\/?s={search_term_string}\"},\"query-input\":{\"@type\":\"PropertyValueSpecification\",\"valueRequired\":true,\"valueName\":\"search_term_string\"}}],\"inLanguage\":\"fr-FR\"},{\"@type\":\"Organization\",\"@id\":\"https:\/\/www.rebel-cell.com\/fr\/#organization\",\"name\":\"Rebelcell\",\"url\":\"https:\/\/www.rebel-cell.com\/fr\/\",\"logo\":{\"@type\":\"ImageObject\",\"inLanguage\":\"fr-FR\",\"@id\":\"https:\/\/www.rebel-cell.com\/fr\/#\/schema\/logo\/image\/\",\"url\":\"https:\/\/www.rebel-cell.com\/wp-content\/uploads\/rebelcell-logo-300.png\",\"contentUrl\":\"https:\/\/www.rebel-cell.com\/wp-content\/uploads\/rebelcell-logo-300.png\",\"width\":300,\"height\":55,\"caption\":\"Rebelcell\"},\"image\":{\"@id\":\"https:\/\/www.rebel-cell.com\/fr\/#\/schema\/logo\/image\/\"},\"sameAs\":[\"https:\/\/www.facebook.com\/rebelcelleu\",\"https:\/\/x.com\/rebelcellnl\",\"https:\/\/www.instagram.com\/rebelcelleurope\/?hl=nl\",\"https:\/\/www.youtube.com\/channel\/UCpySQUq4xwwtqveV1f8oiFw\"]}]}<\/script>\n<meta property=\"product:price:amount\" content=\"729.00\" \/>\n<meta property=\"product:price:currency\" content=\"EUR\" \/>\n<meta property=\"og:availability\" content=\"instock\" \/>\n<meta property=\"product:availability\" content=\"instock\" \/>\n<meta property=\"product:retailer_item_id\" content=\"7106623694886\" \/>\n<meta property=\"product:condition\" content=\"new\" \/>\n<!-- \/ Yoast SEO Premium plugin. -->","yoast_head_json":{"title":"Outdoorbox 12.50 AV | Rebelcell | \u00c9nergie portable pour l'ext\u00e9rieur","description":"Outdoorbox robuste de 12V avec batterie li-ion AV de 12V50. Source d'\u00e9nergie pour l'ext\u00e9rieur. Rebelcell. \u00c9nergie portable pour la p\u00eache \u00e0 la ligne, l\u2019e-boating, le plein air et les loisirs.","robots":{"index":"index","follow":"follow","max-snippet":"max-snippet:-1","max-image-preview":"max-image-preview:large","max-video-preview":"max-video-preview:-1"},"canonical":"https:\/\/www.rebel-cell.com\/fr\/product\/outdoorbox-12-50-av-2\/","og_locale":"fr_FR","og_type":"article","og_title":"Outdoorbox 12.50 AV","og_description":"Outdoorbox robuste de 12V avec batterie li-ion AV de 12V50. Source d'\u00e9nergie pour l'ext\u00e9rieur. Rebelcell. \u00c9nergie portable pour la p\u00eache \u00e0 la ligne, l\u2019e-boating, le plein air et les loisirs.","og_url":"https:\/\/www.rebel-cell.com\/fr\/product\/outdoorbox-12-50-av-2\/","og_site_name":"Rebelcell","article_publisher":"https:\/\/www.facebook.com\/rebelcelleu","article_modified_time":"2026-01-01T00:21:34+00:00","og_image":[{"width":1500,"height":1500,"url":"https:\/\/www.rebel-cell.com\/wp-content\/uploads\/ODB1250_side.jpg","type":"image\/jpeg"}],"twitter_card":"summary_large_image","twitter_site":"@rebelcellnl","twitter_misc":{"Prix":"&euro;729,00","Disponibilit\u00e9":"En stock"},"schema":{"@context":"https:\/\/schema.org","@graph":[{"@type":["WebPage","ItemPage"],"@id":"https:\/\/www.rebel-cell.com\/fr\/product\/outdoorbox-12-50-av-2\/","url":"https:\/\/www.rebel-cell.com\/fr\/product\/outdoorbox-12-50-av-2\/","name":"Outdoorbox 12.50 AV | Rebelcell | \u00c9nergie portable pour l'ext\u00e9rieur","isPartOf":{"@id":"https:\/\/www.rebel-cell.com\/fr\/#website"},"primaryImageOfPage":{"@id":"https:\/\/www.rebel-cell.com\/fr\/product\/outdoorbox-12-50-av-2\/#primaryimage"},"image":{"@id":"https:\/\/www.rebel-cell.com\/fr\/product\/outdoorbox-12-50-av-2\/#primaryimage"},"thumbnailUrl":"https:\/\/www.rebel-cell.com\/wp-content\/uploads\/ODB1250_side.jpg","datePublished":"2019-09-24T12:20:17+00:00","dateModified":"2026-01-01T00:21:34+00:00","description":"Outdoorbox robuste de 12V avec batterie li-ion AV de 12V50. Source d'\u00e9nergie pour l'ext\u00e9rieur. Rebelcell. \u00c9nergie portable pour la p\u00eache \u00e0 la ligne, l\u2019e-boating, le plein air et les loisirs.","breadcrumb":{"@id":"https:\/\/www.rebel-cell.com\/fr\/product\/outdoorbox-12-50-av-2\/#breadcrumb"},"inLanguage":"fr-FR","potentialAction":[{"@type":"ReadAction","target":["https:\/\/www.rebel-cell.com\/fr\/product\/outdoorbox-12-50-av-2\/"]}]},{"@type":"ImageObject","inLanguage":"fr-FR","@id":"https:\/\/www.rebel-cell.com\/fr\/product\/outdoorbox-12-50-av-2\/#primaryimage","url":"https:\/\/www.rebel-cell.com\/wp-content\/uploads\/ODB1250_side.jpg","contentUrl":"https:\/\/www.rebel-cell.com\/wp-content\/uploads\/ODB1250_side.jpg","width":1500,"height":1500},{"@type":"BreadcrumbList","@id":"https:\/\/www.rebel-cell.com\/fr\/product\/outdoorbox-12-50-av-2\/#breadcrumb","itemListElement":[{"@type":"ListItem","position":1,"name":"Home","item":"https:\/\/www.rebel-cell.com\/fr\/"},{"@type":"ListItem","position":2,"name":"Shop","item":"https:\/\/www.rebel-cell.com\/fr\/boutique\/"},{"@type":"ListItem","position":3,"name":"Outdoorbox 12.50 AV"}]},{"@type":"WebSite","@id":"https:\/\/www.rebel-cell.com\/fr\/#website","url":"https:\/\/www.rebel-cell.com\/fr\/","name":"Rebelcell","description":"Rebelcell","publisher":{"@id":"https:\/\/www.rebel-cell.com\/fr\/#organization"},"potentialAction":[{"@type":"SearchAction","target":{"@type":"EntryPoint","urlTemplate":"https:\/\/www.rebel-cell.com\/fr\/?s={search_term_string}"},"query-input":{"@type":"PropertyValueSpecification","valueRequired":true,"valueName":"search_term_string"}}],"inLanguage":"fr-FR"},{"@type":"Organization","@id":"https:\/\/www.rebel-cell.com\/fr\/#organization","name":"Rebelcell","url":"https:\/\/www.rebel-cell.com\/fr\/","logo":{"@type":"ImageObject","inLanguage":"fr-FR","@id":"https:\/\/www.rebel-cell.com\/fr\/#\/schema\/logo\/image\/","url":"https:\/\/www.rebel-cell.com\/wp-content\/uploads\/rebelcell-logo-300.png","contentUrl":"https:\/\/www.rebel-cell.com\/wp-content\/uploads\/rebelcell-logo-300.png","width":300,"height":55,"caption":"Rebelcell"},"image":{"@id":"https:\/\/www.rebel-cell.com\/fr\/#\/schema\/logo\/image\/"},"sameAs":["https:\/\/www.facebook.com\/rebelcelleu","https:\/\/x.com\/rebelcellnl","https:\/\/www.instagram.com\/rebelcelleurope\/?hl=nl","https:\/\/www.youtube.com\/channel\/UCpySQUq4xwwtqveV1f8oiFw"]}]},"product_price_amount":"729.00","product_price_currency":"EUR","og_availability":"instock","product_availability":"instock","product_retailer_item_id":"7106623694886","product_condition":"new"},"_links":{"self":[{"href":"https:\/\/www.rebel-cell.com\/fr\/wp-json\/wp\/v2\/product\/8226","targetHints":{"allow":["GET"]}}],"collection":[{"href":"https:\/\/www.rebel-cell.com\/fr\/wp-json\/wp\/v2\/product"}],"about":[{"href":"https:\/\/www.rebel-cell.com\/fr\/wp-json\/wp\/v2\/types\/product"}],"replies":[{"embeddable":true,"href":"https:\/\/www.rebel-cell.com\/fr\/wp-json\/wp\/v2\/comments?post=8226"}],"wp:featuredmedia":[{"embeddable":true,"href":"https:\/\/www.rebel-cell.com\/fr\/wp-json\/wp\/v2\/media\/6454"}],"wp:attachment":[{"href":"https:\/\/www.rebel-cell.com\/fr\/wp-json\/wp\/v2\/media?parent=8226"}],"wp:term":[{"taxonomy":"product_brand","embeddable":true,"href":"https:\/\/www.rebel-cell.com\/fr\/wp-json\/wp\/v2\/product_brand?post=8226"},{"taxonomy":"product_cat","embeddable":true,"href":"https:\/\/www.rebel-cell.com\/fr\/wp-json\/wp\/v2\/product_cat?post=8226"},{"taxonomy":"product_tag","embeddable":true,"href":"https:\/\/www.rebel-cell.com\/fr\/wp-json\/wp\/v2\/product_tag?post=8226"}],"curies":[{"name":"wp","href":"https:\/\/api.w.org\/{rel}","templated":true}]}}