{"id":8241,"date":"2019-09-26T15:00:03","date_gmt":"2019-09-26T15:00:03","guid":{"rendered":"https:\/\/www.rebel-cell.com\/product\/connecteur-anen-sa-120\/"},"modified":"2023-12-08T11:22:47","modified_gmt":"2023-12-08T10:22:47","slug":"anen-sa-120-connector-2","status":"publish","type":"product","link":"https:\/\/www.rebel-cell.com\/fr\/product\/anen-sa-120-connector-2\/","title":{"rendered":"Connecteur ANEN SA 120"},"content":{"rendered":"<p>Code produit: 60120REEV1C<\/p>\n<p>Barcode: 7106623688571<\/p>\n<p>EAN: 8720964630380<\/p>\n","protected":false},"excerpt":{"rendered":"<p>Connecteur ANEN 120A pour une connexion s\u00fbre et fiable entre la batterie \/ Outdoorbox et le moteur de p\u00eache \u00e0 la tra\u00eene ou le chargeur. Deux connecteurs sont toujours n\u00e9cessaires pour une connexion. Les connecteurs sont \u00ab\u00a0unisexes\u00a0\u00bb (il n&rsquo;y a pas de connecteur m\u00e2le\/femelle). Faites toujours correspondre les couleurs (par exemple, le gris avec le gris, le jaune avec le jaune, le bleu avec le bleu) lors de la connexion, car les connecteurs de couleurs diff\u00e9rentes ne sont pas compatibles.<\/p>\n","protected":false},"featured_media":7766,"comment_status":"open","ping_status":"closed","template":"","meta":{"_acf_changed":false},"product_brand":[],"product_cat":[1905,4455],"product_tag":[4129],"class_list":{"0":"post-8241","1":"product","2":"type-product","3":"status-publish","4":"has-post-thumbnail","6":"product_cat-accessoires-fr","7":"product_cat-cables-connecteurs","8":"product_tag-7106623695753-fr","9":"product_shipping_class-normal-shipment","10":"pa_fishing-bateau-electrique","11":"pa_fishing-carpe","12":"pa_fishing-predateur","14":"first","15":"instock","16":"taxable","17":"shipping-taxable","18":"purchasable","19":"product-type-variable"},"bundled_by":[],"bundle_stock_status":"instock","bundle_stock_quantity":292,"bundle_virtual":false,"bundle_layout":"","bundle_add_to_cart_form_location":"","bundle_editable_in_cart":false,"bundle_sold_individually_context":"","bundle_item_grouping":"","bundle_min_size":"","bundle_max_size":"","bundle_price":[],"bundled_items":[],"bundle_sell_ids":[],"acf":[],"yoast_head":"<!-- This site is optimized with the Yoast SEO Premium plugin v27.1 (Yoast SEO v27.1.1) - https:\/\/yoast.com\/product\/yoast-seo-premium-wordpress\/ -->\n<title>Connecteur ANEN 120 | Rebelcell | \u00c9nergie portable pour l&#039;ext\u00e9rieur<\/title>\n<meta name=\"description\" content=\"Pour une connexion s\u00fbre et en un clic du moteur \u00e9lectrique ou du chargeur avec batterie. Rebelcell. \u00c9nergie portable pour la p\u00eache \u00e0 la ligne, en plein air et en mer.\" \/>\n<meta name=\"robots\" content=\"index, follow, max-snippet:-1, max-image-preview:large, max-video-preview:-1\" \/>\n<link rel=\"canonical\" href=\"https:\/\/www.rebel-cell.com\/fr\/product\/anen-sa-120-connector-2\/\" \/>\n<meta property=\"og:locale\" content=\"fr_FR\" \/>\n<meta property=\"og:type\" content=\"article\" \/>\n<meta property=\"og:title\" content=\"Connecteur ANEN SA 120\" \/>\n<meta property=\"og:description\" content=\"Pour une connexion s\u00fbre et en un clic du moteur \u00e9lectrique ou du chargeur avec batterie. Rebelcell. \u00c9nergie portable pour la p\u00eache \u00e0 la ligne, en plein air et en mer.\" \/>\n<meta property=\"og:url\" content=\"https:\/\/www.rebel-cell.com\/fr\/product\/anen-sa-120-connector-2\/\" \/>\n<meta property=\"og:site_name\" content=\"Rebelcell\" \/>\n<meta property=\"article:publisher\" content=\"https:\/\/www.facebook.com\/rebelcelleu\" \/>\n<meta property=\"article:modified_time\" content=\"2023-12-08T10:22:47+00:00\" \/>\n<meta property=\"og:image\" content=\"https:\/\/www.rebel-cell.com\/wp-content\/uploads\/ANEN_grey_120A.jpg\" \/>\n\t<meta property=\"og:image:width\" content=\"1500\" \/>\n\t<meta property=\"og:image:height\" content=\"1500\" \/>\n\t<meta property=\"og:image:type\" content=\"image\/jpeg\" \/>\n<meta name=\"twitter:card\" content=\"summary_large_image\" \/>\n<meta name=\"twitter:site\" content=\"@rebelcellnl\" \/>\n<meta name=\"twitter:label1\" content=\"Disponibilit\u00e9\" \/>\n\t<meta name=\"twitter:data1\" content=\"En stock\" \/>\n<script type=\"application\/ld+json\" class=\"yoast-schema-graph\">{\"@context\":\"https:\/\/schema.org\",\"@graph\":[{\"@type\":[\"WebPage\",\"ItemPage\"],\"@id\":\"https:\/\/www.rebel-cell.com\/fr\/product\/anen-sa-120-connector-2\/\",\"url\":\"https:\/\/www.rebel-cell.com\/fr\/product\/anen-sa-120-connector-2\/\",\"name\":\"Connecteur ANEN 120 | Rebelcell | \u00c9nergie portable pour l'ext\u00e9rieur\",\"isPartOf\":{\"@id\":\"https:\/\/www.rebel-cell.com\/fr\/#website\"},\"primaryImageOfPage\":{\"@id\":\"https:\/\/www.rebel-cell.com\/fr\/product\/anen-sa-120-connector-2\/#primaryimage\"},\"image\":{\"@id\":\"https:\/\/www.rebel-cell.com\/fr\/product\/anen-sa-120-connector-2\/#primaryimage\"},\"thumbnailUrl\":\"https:\/\/www.rebel-cell.com\/wp-content\/uploads\/ANEN_grey_120A.jpg\",\"datePublished\":\"2019-09-26T15:00:03+00:00\",\"dateModified\":\"2023-12-08T10:22:47+00:00\",\"description\":\"Pour une connexion s\u00fbre et en un clic du moteur \u00e9lectrique ou du chargeur avec batterie. Rebelcell. \u00c9nergie portable pour la p\u00eache \u00e0 la ligne, en plein air et en mer.\",\"breadcrumb\":{\"@id\":\"https:\/\/www.rebel-cell.com\/fr\/product\/anen-sa-120-connector-2\/#breadcrumb\"},\"inLanguage\":\"fr-FR\",\"potentialAction\":[{\"@type\":\"ReadAction\",\"target\":[\"https:\/\/www.rebel-cell.com\/fr\/product\/anen-sa-120-connector-2\/\"]}]},{\"@type\":\"ImageObject\",\"inLanguage\":\"fr-FR\",\"@id\":\"https:\/\/www.rebel-cell.com\/fr\/product\/anen-sa-120-connector-2\/#primaryimage\",\"url\":\"https:\/\/www.rebel-cell.com\/wp-content\/uploads\/ANEN_grey_120A.jpg\",\"contentUrl\":\"https:\/\/www.rebel-cell.com\/wp-content\/uploads\/ANEN_grey_120A.jpg\",\"width\":1500,\"height\":1500},{\"@type\":\"BreadcrumbList\",\"@id\":\"https:\/\/www.rebel-cell.com\/fr\/product\/anen-sa-120-connector-2\/#breadcrumb\",\"itemListElement\":[{\"@type\":\"ListItem\",\"position\":1,\"name\":\"Home\",\"item\":\"https:\/\/www.rebel-cell.com\/fr\/\"},{\"@type\":\"ListItem\",\"position\":2,\"name\":\"Shop\",\"item\":\"https:\/\/www.rebel-cell.com\/fr\/boutique\/\"},{\"@type\":\"ListItem\",\"position\":3,\"name\":\"Connecteur ANEN SA 120\"}]},{\"@type\":\"WebSite\",\"@id\":\"https:\/\/www.rebel-cell.com\/fr\/#website\",\"url\":\"https:\/\/www.rebel-cell.com\/fr\/\",\"name\":\"Rebelcell\",\"description\":\"Rebelcell\",\"publisher\":{\"@id\":\"https:\/\/www.rebel-cell.com\/fr\/#organization\"},\"potentialAction\":[{\"@type\":\"SearchAction\",\"target\":{\"@type\":\"EntryPoint\",\"urlTemplate\":\"https:\/\/www.rebel-cell.com\/fr\/?s={search_term_string}\"},\"query-input\":{\"@type\":\"PropertyValueSpecification\",\"valueRequired\":true,\"valueName\":\"search_term_string\"}}],\"inLanguage\":\"fr-FR\"},{\"@type\":\"Organization\",\"@id\":\"https:\/\/www.rebel-cell.com\/fr\/#organization\",\"name\":\"Rebelcell\",\"url\":\"https:\/\/www.rebel-cell.com\/fr\/\",\"logo\":{\"@type\":\"ImageObject\",\"inLanguage\":\"fr-FR\",\"@id\":\"https:\/\/www.rebel-cell.com\/fr\/#\/schema\/logo\/image\/\",\"url\":\"https:\/\/www.rebel-cell.com\/wp-content\/uploads\/rebelcell-logo-300.png\",\"contentUrl\":\"https:\/\/www.rebel-cell.com\/wp-content\/uploads\/rebelcell-logo-300.png\",\"width\":300,\"height\":55,\"caption\":\"Rebelcell\"},\"image\":{\"@id\":\"https:\/\/www.rebel-cell.com\/fr\/#\/schema\/logo\/image\/\"},\"sameAs\":[\"https:\/\/www.facebook.com\/rebelcelleu\",\"https:\/\/x.com\/rebelcellnl\",\"https:\/\/www.instagram.com\/rebelcelleurope\/?hl=nl\",\"https:\/\/www.youtube.com\/channel\/UCpySQUq4xwwtqveV1f8oiFw\"]}]}<\/script>\n<meta property=\"og:availability\" content=\"instock\" \/>\n<meta property=\"product:availability\" content=\"instock\" \/>\n<meta property=\"product:condition\" content=\"new\" \/>\n<!-- \/ Yoast SEO Premium plugin. -->","yoast_head_json":{"title":"Connecteur ANEN 120 | Rebelcell | \u00c9nergie portable pour l'ext\u00e9rieur","description":"Pour une connexion s\u00fbre et en un clic du moteur \u00e9lectrique ou du chargeur avec batterie. Rebelcell. \u00c9nergie portable pour la p\u00eache \u00e0 la ligne, en plein air et en mer.","robots":{"index":"index","follow":"follow","max-snippet":"max-snippet:-1","max-image-preview":"max-image-preview:large","max-video-preview":"max-video-preview:-1"},"canonical":"https:\/\/www.rebel-cell.com\/fr\/product\/anen-sa-120-connector-2\/","og_locale":"fr_FR","og_type":"article","og_title":"Connecteur ANEN SA 120","og_description":"Pour une connexion s\u00fbre et en un clic du moteur \u00e9lectrique ou du chargeur avec batterie. Rebelcell. \u00c9nergie portable pour la p\u00eache \u00e0 la ligne, en plein air et en mer.","og_url":"https:\/\/www.rebel-cell.com\/fr\/product\/anen-sa-120-connector-2\/","og_site_name":"Rebelcell","article_publisher":"https:\/\/www.facebook.com\/rebelcelleu","article_modified_time":"2023-12-08T10:22:47+00:00","og_image":[{"width":1500,"height":1500,"url":"https:\/\/www.rebel-cell.com\/wp-content\/uploads\/ANEN_grey_120A.jpg","type":"image\/jpeg"}],"twitter_card":"summary_large_image","twitter_site":"@rebelcellnl","twitter_misc":{"Disponibilit\u00e9":"En stock"},"schema":{"@context":"https:\/\/schema.org","@graph":[{"@type":["WebPage","ItemPage"],"@id":"https:\/\/www.rebel-cell.com\/fr\/product\/anen-sa-120-connector-2\/","url":"https:\/\/www.rebel-cell.com\/fr\/product\/anen-sa-120-connector-2\/","name":"Connecteur ANEN 120 | Rebelcell | \u00c9nergie portable pour l'ext\u00e9rieur","isPartOf":{"@id":"https:\/\/www.rebel-cell.com\/fr\/#website"},"primaryImageOfPage":{"@id":"https:\/\/www.rebel-cell.com\/fr\/product\/anen-sa-120-connector-2\/#primaryimage"},"image":{"@id":"https:\/\/www.rebel-cell.com\/fr\/product\/anen-sa-120-connector-2\/#primaryimage"},"thumbnailUrl":"https:\/\/www.rebel-cell.com\/wp-content\/uploads\/ANEN_grey_120A.jpg","datePublished":"2019-09-26T15:00:03+00:00","dateModified":"2023-12-08T10:22:47+00:00","description":"Pour une connexion s\u00fbre et en un clic du moteur \u00e9lectrique ou du chargeur avec batterie. Rebelcell. \u00c9nergie portable pour la p\u00eache \u00e0 la ligne, en plein air et en mer.","breadcrumb":{"@id":"https:\/\/www.rebel-cell.com\/fr\/product\/anen-sa-120-connector-2\/#breadcrumb"},"inLanguage":"fr-FR","potentialAction":[{"@type":"ReadAction","target":["https:\/\/www.rebel-cell.com\/fr\/product\/anen-sa-120-connector-2\/"]}]},{"@type":"ImageObject","inLanguage":"fr-FR","@id":"https:\/\/www.rebel-cell.com\/fr\/product\/anen-sa-120-connector-2\/#primaryimage","url":"https:\/\/www.rebel-cell.com\/wp-content\/uploads\/ANEN_grey_120A.jpg","contentUrl":"https:\/\/www.rebel-cell.com\/wp-content\/uploads\/ANEN_grey_120A.jpg","width":1500,"height":1500},{"@type":"BreadcrumbList","@id":"https:\/\/www.rebel-cell.com\/fr\/product\/anen-sa-120-connector-2\/#breadcrumb","itemListElement":[{"@type":"ListItem","position":1,"name":"Home","item":"https:\/\/www.rebel-cell.com\/fr\/"},{"@type":"ListItem","position":2,"name":"Shop","item":"https:\/\/www.rebel-cell.com\/fr\/boutique\/"},{"@type":"ListItem","position":3,"name":"Connecteur ANEN SA 120"}]},{"@type":"WebSite","@id":"https:\/\/www.rebel-cell.com\/fr\/#website","url":"https:\/\/www.rebel-cell.com\/fr\/","name":"Rebelcell","description":"Rebelcell","publisher":{"@id":"https:\/\/www.rebel-cell.com\/fr\/#organization"},"potentialAction":[{"@type":"SearchAction","target":{"@type":"EntryPoint","urlTemplate":"https:\/\/www.rebel-cell.com\/fr\/?s={search_term_string}"},"query-input":{"@type":"PropertyValueSpecification","valueRequired":true,"valueName":"search_term_string"}}],"inLanguage":"fr-FR"},{"@type":"Organization","@id":"https:\/\/www.rebel-cell.com\/fr\/#organization","name":"Rebelcell","url":"https:\/\/www.rebel-cell.com\/fr\/","logo":{"@type":"ImageObject","inLanguage":"fr-FR","@id":"https:\/\/www.rebel-cell.com\/fr\/#\/schema\/logo\/image\/","url":"https:\/\/www.rebel-cell.com\/wp-content\/uploads\/rebelcell-logo-300.png","contentUrl":"https:\/\/www.rebel-cell.com\/wp-content\/uploads\/rebelcell-logo-300.png","width":300,"height":55,"caption":"Rebelcell"},"image":{"@id":"https:\/\/www.rebel-cell.com\/fr\/#\/schema\/logo\/image\/"},"sameAs":["https:\/\/www.facebook.com\/rebelcelleu","https:\/\/x.com\/rebelcellnl","https:\/\/www.instagram.com\/rebelcelleurope\/?hl=nl","https:\/\/www.youtube.com\/channel\/UCpySQUq4xwwtqveV1f8oiFw"]}]},"og_availability":"instock","product_availability":"instock","product_condition":"new"},"_links":{"self":[{"href":"https:\/\/www.rebel-cell.com\/fr\/wp-json\/wp\/v2\/product\/8241","targetHints":{"allow":["GET"]}}],"collection":[{"href":"https:\/\/www.rebel-cell.com\/fr\/wp-json\/wp\/v2\/product"}],"about":[{"href":"https:\/\/www.rebel-cell.com\/fr\/wp-json\/wp\/v2\/types\/product"}],"replies":[{"embeddable":true,"href":"https:\/\/www.rebel-cell.com\/fr\/wp-json\/wp\/v2\/comments?post=8241"}],"wp:featuredmedia":[{"embeddable":true,"href":"https:\/\/www.rebel-cell.com\/fr\/wp-json\/wp\/v2\/media\/7766"}],"wp:attachment":[{"href":"https:\/\/www.rebel-cell.com\/fr\/wp-json\/wp\/v2\/media?parent=8241"}],"wp:term":[{"taxonomy":"product_brand","embeddable":true,"href":"https:\/\/www.rebel-cell.com\/fr\/wp-json\/wp\/v2\/product_brand?post=8241"},{"taxonomy":"product_cat","embeddable":true,"href":"https:\/\/www.rebel-cell.com\/fr\/wp-json\/wp\/v2\/product_cat?post=8241"},{"taxonomy":"product_tag","embeddable":true,"href":"https:\/\/www.rebel-cell.com\/fr\/wp-json\/wp\/v2\/product_tag?post=8241"}],"curies":[{"name":"wp","href":"https:\/\/api.w.org\/{rel}","templated":true}]}}