{"id":8243,"date":"2019-11-05T12:29:02","date_gmt":"2019-11-05T11:29:02","guid":{"rendered":"https:\/\/www.rebel-cell.com\/product\/adaptateur-usb-duo\/"},"modified":"2025-10-06T10:46:41","modified_gmt":"2025-10-06T08:46:41","slug":"usb-adapter-duo-faston-2","status":"publish","type":"product","link":"https:\/\/www.rebel-cell.com\/fr\/product\/usb-adapter-duo-faston-2\/","title":{"rendered":"Adaptateur USB DUO"},"content":{"rendered":"<p>Code produit Adaptateur USB DUO Faston: UA12V11REUA<\/p>\n<p>Code produit Adaptateur USB DUO M8: UA12VXXREUA<\/p>\n<p>Barcode Adaptateur USB DUO Faston: 7106623688113<\/p>\n<p>Barcode Adaptateur USB DUO M8: 7106623688168<\/p>\n<p>EAN Adaptateur USB DUO Faston: 8720964630779<\/p>\n<p>EAN Adaptateur USB DUO M8: 8720964630335<\/p>\n","protected":false},"excerpt":{"rendered":"<p><strong>C\u00e2ble adaptateur USB<\/strong> double <strong>pour recharger facilement un smartphone ou une tablette<\/strong> le long de la route avec une batterie Rebelcell li-ion 12V.<\/p>\n<p>&nbsp;<\/p>\n<p><strong>Attention ! <\/strong>Les adaptateurs USB ont des pi\u00e8ces de connexion diff\u00e9rentes. Veuillez v\u00e9rifier ci-dessous quel mod\u00e8le d&rsquo;adaptateur USB convient \u00e0 votre batterie.<\/p>\n<p><strong>Mod\u00e8le A (faston) :<\/strong> 12V07 AV \/ 12V18 AV \/ 12V30 AV<br \/>\n<strong>Mod\u00e8le B (M8) :<\/strong> 12V35 AV \/ 12V50 AV \/ 12V70 AV \/ 12V100 AV \/ 12V140 AV \/ 12V190 AV<\/p>\n","protected":false},"featured_media":11198,"comment_status":"open","ping_status":"closed","template":"","meta":{"_acf_changed":false},"product_brand":[],"product_cat":[1905,4455],"product_tag":[998,1001,1005,1018,1019,1101,3401,4129],"class_list":{"0":"post-8243","1":"product","2":"type-product","3":"status-publish","4":"has-post-thumbnail","6":"product_cat-accessoires-fr","7":"product_cat-cables-connecteurs","8":"product_tag-7106623685884-fr-2","9":"product_tag-7106623686218-fr","10":"product_tag-7106623686539-fr-2","11":"product_tag-7106623690703-fr","12":"product_tag-7106623690710-fr","13":"product_tag-7106623691274-fr","14":"product_tag-7106623694312-fr","15":"product_tag-7106623695753-fr","16":"product_shipping_class-normal-shipment","18":"first","19":"instock","20":"taxable","21":"shipping-taxable","22":"purchasable","23":"product-type-variable"},"bundled_by":[],"bundle_stock_status":"instock","bundle_stock_quantity":213,"bundle_virtual":false,"bundle_layout":"","bundle_add_to_cart_form_location":"","bundle_editable_in_cart":false,"bundle_sold_individually_context":"","bundle_item_grouping":"","bundle_min_size":"","bundle_max_size":"","bundle_price":[],"bundled_items":[],"bundle_sell_ids":[],"acf":[],"yoast_head":"<!-- This site is optimized with the Yoast SEO Premium plugin v27.1 (Yoast SEO v27.1.1) - https:\/\/yoast.com\/product\/yoast-seo-premium-wordpress\/ -->\n<title>Adaptateur USB DUO Faston M8 | Rebelcell | \u00c9nergie portable pour l&#039;ext\u00e9rieur<\/title>\n<meta name=\"description\" content=\"Adaptateur USB DUO Faston ou M8. Pour charger facilement un smartphone ou une tablette au bord de l&#039;eau. Rebelcell \u00c9nergie portable pour la p\u00eache \u00e0 la ligne, en plein air et en mer.\" \/>\n<meta name=\"robots\" content=\"index, follow, max-snippet:-1, max-image-preview:large, max-video-preview:-1\" \/>\n<link rel=\"canonical\" href=\"https:\/\/www.rebel-cell.com\/fr\/product\/usb-adapter-duo-faston-2\/\" \/>\n<meta property=\"og:locale\" content=\"fr_FR\" \/>\n<meta property=\"og:type\" content=\"article\" \/>\n<meta property=\"og:title\" content=\"Adaptateur USB DUO\" \/>\n<meta property=\"og:description\" content=\"Adaptateur USB DUO Faston ou M8. Pour charger facilement un smartphone ou une tablette au bord de l&#039;eau. Rebelcell \u00c9nergie portable pour la p\u00eache \u00e0 la ligne, en plein air et en mer.\" \/>\n<meta property=\"og:url\" content=\"https:\/\/www.rebel-cell.com\/fr\/product\/usb-adapter-duo-faston-2\/\" \/>\n<meta property=\"og:site_name\" content=\"Rebelcell\" \/>\n<meta property=\"article:publisher\" content=\"https:\/\/www.facebook.com\/rebelcelleu\" \/>\n<meta property=\"article:modified_time\" content=\"2025-10-06T08:46:41+00:00\" \/>\n<meta property=\"og:image\" content=\"https:\/\/www.rebel-cell.com\/wp-content\/uploads\/USB_adapter_DUO_faston.jpg\" \/>\n\t<meta property=\"og:image:width\" content=\"1200\" \/>\n\t<meta property=\"og:image:height\" content=\"1200\" \/>\n\t<meta property=\"og:image:type\" content=\"image\/jpeg\" \/>\n<meta name=\"twitter:card\" content=\"summary_large_image\" \/>\n<meta name=\"twitter:site\" content=\"@rebelcellnl\" \/>\n<meta name=\"twitter:label1\" content=\"Disponibilit\u00e9\" \/>\n\t<meta name=\"twitter:data1\" content=\"En stock\" \/>\n<script type=\"application\/ld+json\" class=\"yoast-schema-graph\">{\"@context\":\"https:\/\/schema.org\",\"@graph\":[{\"@type\":[\"WebPage\",\"ItemPage\"],\"@id\":\"https:\/\/www.rebel-cell.com\/fr\/product\/usb-adapter-duo-faston-2\/\",\"url\":\"https:\/\/www.rebel-cell.com\/fr\/product\/usb-adapter-duo-faston-2\/\",\"name\":\"Adaptateur USB DUO Faston M8 | Rebelcell | \u00c9nergie portable pour l'ext\u00e9rieur\",\"isPartOf\":{\"@id\":\"https:\/\/www.rebel-cell.com\/fr\/#website\"},\"primaryImageOfPage\":{\"@id\":\"https:\/\/www.rebel-cell.com\/fr\/product\/usb-adapter-duo-faston-2\/#primaryimage\"},\"image\":{\"@id\":\"https:\/\/www.rebel-cell.com\/fr\/product\/usb-adapter-duo-faston-2\/#primaryimage\"},\"thumbnailUrl\":\"https:\/\/www.rebel-cell.com\/wp-content\/uploads\/USB_adapter_DUO_faston.jpg\",\"datePublished\":\"2019-11-05T11:29:02+00:00\",\"dateModified\":\"2025-10-06T08:46:41+00:00\",\"description\":\"Adaptateur USB DUO Faston ou M8. Pour charger facilement un smartphone ou une tablette au bord de l'eau. Rebelcell \u00c9nergie portable pour la p\u00eache \u00e0 la ligne, en plein air et en mer.\",\"breadcrumb\":{\"@id\":\"https:\/\/www.rebel-cell.com\/fr\/product\/usb-adapter-duo-faston-2\/#breadcrumb\"},\"inLanguage\":\"fr-FR\",\"potentialAction\":[{\"@type\":\"ReadAction\",\"target\":[\"https:\/\/www.rebel-cell.com\/fr\/product\/usb-adapter-duo-faston-2\/\"]}]},{\"@type\":\"ImageObject\",\"inLanguage\":\"fr-FR\",\"@id\":\"https:\/\/www.rebel-cell.com\/fr\/product\/usb-adapter-duo-faston-2\/#primaryimage\",\"url\":\"https:\/\/www.rebel-cell.com\/wp-content\/uploads\/USB_adapter_DUO_faston.jpg\",\"contentUrl\":\"https:\/\/www.rebel-cell.com\/wp-content\/uploads\/USB_adapter_DUO_faston.jpg\",\"width\":1200,\"height\":1200},{\"@type\":\"BreadcrumbList\",\"@id\":\"https:\/\/www.rebel-cell.com\/fr\/product\/usb-adapter-duo-faston-2\/#breadcrumb\",\"itemListElement\":[{\"@type\":\"ListItem\",\"position\":1,\"name\":\"Home\",\"item\":\"https:\/\/www.rebel-cell.com\/fr\/\"},{\"@type\":\"ListItem\",\"position\":2,\"name\":\"Shop\",\"item\":\"https:\/\/www.rebel-cell.com\/fr\/boutique\/\"},{\"@type\":\"ListItem\",\"position\":3,\"name\":\"Adaptateur USB DUO\"}]},{\"@type\":\"WebSite\",\"@id\":\"https:\/\/www.rebel-cell.com\/fr\/#website\",\"url\":\"https:\/\/www.rebel-cell.com\/fr\/\",\"name\":\"Rebelcell\",\"description\":\"Rebelcell\",\"publisher\":{\"@id\":\"https:\/\/www.rebel-cell.com\/fr\/#organization\"},\"potentialAction\":[{\"@type\":\"SearchAction\",\"target\":{\"@type\":\"EntryPoint\",\"urlTemplate\":\"https:\/\/www.rebel-cell.com\/fr\/?s={search_term_string}\"},\"query-input\":{\"@type\":\"PropertyValueSpecification\",\"valueRequired\":true,\"valueName\":\"search_term_string\"}}],\"inLanguage\":\"fr-FR\"},{\"@type\":\"Organization\",\"@id\":\"https:\/\/www.rebel-cell.com\/fr\/#organization\",\"name\":\"Rebelcell\",\"url\":\"https:\/\/www.rebel-cell.com\/fr\/\",\"logo\":{\"@type\":\"ImageObject\",\"inLanguage\":\"fr-FR\",\"@id\":\"https:\/\/www.rebel-cell.com\/fr\/#\/schema\/logo\/image\/\",\"url\":\"https:\/\/www.rebel-cell.com\/wp-content\/uploads\/rebelcell-logo-300.png\",\"contentUrl\":\"https:\/\/www.rebel-cell.com\/wp-content\/uploads\/rebelcell-logo-300.png\",\"width\":300,\"height\":55,\"caption\":\"Rebelcell\"},\"image\":{\"@id\":\"https:\/\/www.rebel-cell.com\/fr\/#\/schema\/logo\/image\/\"},\"sameAs\":[\"https:\/\/www.facebook.com\/rebelcelleu\",\"https:\/\/x.com\/rebelcellnl\",\"https:\/\/www.instagram.com\/rebelcelleurope\/?hl=nl\",\"https:\/\/www.youtube.com\/channel\/UCpySQUq4xwwtqveV1f8oiFw\"]}]}<\/script>\n<meta property=\"og:availability\" content=\"instock\" \/>\n<meta property=\"product:availability\" content=\"instock\" \/>\n<meta property=\"product:condition\" content=\"new\" \/>\n<!-- \/ Yoast SEO Premium plugin. -->","yoast_head_json":{"title":"Adaptateur USB DUO Faston M8 | Rebelcell | \u00c9nergie portable pour l'ext\u00e9rieur","description":"Adaptateur USB DUO Faston ou M8. Pour charger facilement un smartphone ou une tablette au bord de l'eau. Rebelcell \u00c9nergie portable pour la p\u00eache \u00e0 la ligne, en plein air et en mer.","robots":{"index":"index","follow":"follow","max-snippet":"max-snippet:-1","max-image-preview":"max-image-preview:large","max-video-preview":"max-video-preview:-1"},"canonical":"https:\/\/www.rebel-cell.com\/fr\/product\/usb-adapter-duo-faston-2\/","og_locale":"fr_FR","og_type":"article","og_title":"Adaptateur USB DUO","og_description":"Adaptateur USB DUO Faston ou M8. Pour charger facilement un smartphone ou une tablette au bord de l'eau. Rebelcell \u00c9nergie portable pour la p\u00eache \u00e0 la ligne, en plein air et en mer.","og_url":"https:\/\/www.rebel-cell.com\/fr\/product\/usb-adapter-duo-faston-2\/","og_site_name":"Rebelcell","article_publisher":"https:\/\/www.facebook.com\/rebelcelleu","article_modified_time":"2025-10-06T08:46:41+00:00","og_image":[{"width":1200,"height":1200,"url":"https:\/\/www.rebel-cell.com\/wp-content\/uploads\/USB_adapter_DUO_faston.jpg","type":"image\/jpeg"}],"twitter_card":"summary_large_image","twitter_site":"@rebelcellnl","twitter_misc":{"Disponibilit\u00e9":"En stock"},"schema":{"@context":"https:\/\/schema.org","@graph":[{"@type":["WebPage","ItemPage"],"@id":"https:\/\/www.rebel-cell.com\/fr\/product\/usb-adapter-duo-faston-2\/","url":"https:\/\/www.rebel-cell.com\/fr\/product\/usb-adapter-duo-faston-2\/","name":"Adaptateur USB DUO Faston M8 | Rebelcell | \u00c9nergie portable pour l'ext\u00e9rieur","isPartOf":{"@id":"https:\/\/www.rebel-cell.com\/fr\/#website"},"primaryImageOfPage":{"@id":"https:\/\/www.rebel-cell.com\/fr\/product\/usb-adapter-duo-faston-2\/#primaryimage"},"image":{"@id":"https:\/\/www.rebel-cell.com\/fr\/product\/usb-adapter-duo-faston-2\/#primaryimage"},"thumbnailUrl":"https:\/\/www.rebel-cell.com\/wp-content\/uploads\/USB_adapter_DUO_faston.jpg","datePublished":"2019-11-05T11:29:02+00:00","dateModified":"2025-10-06T08:46:41+00:00","description":"Adaptateur USB DUO Faston ou M8. Pour charger facilement un smartphone ou une tablette au bord de l'eau. Rebelcell \u00c9nergie portable pour la p\u00eache \u00e0 la ligne, en plein air et en mer.","breadcrumb":{"@id":"https:\/\/www.rebel-cell.com\/fr\/product\/usb-adapter-duo-faston-2\/#breadcrumb"},"inLanguage":"fr-FR","potentialAction":[{"@type":"ReadAction","target":["https:\/\/www.rebel-cell.com\/fr\/product\/usb-adapter-duo-faston-2\/"]}]},{"@type":"ImageObject","inLanguage":"fr-FR","@id":"https:\/\/www.rebel-cell.com\/fr\/product\/usb-adapter-duo-faston-2\/#primaryimage","url":"https:\/\/www.rebel-cell.com\/wp-content\/uploads\/USB_adapter_DUO_faston.jpg","contentUrl":"https:\/\/www.rebel-cell.com\/wp-content\/uploads\/USB_adapter_DUO_faston.jpg","width":1200,"height":1200},{"@type":"BreadcrumbList","@id":"https:\/\/www.rebel-cell.com\/fr\/product\/usb-adapter-duo-faston-2\/#breadcrumb","itemListElement":[{"@type":"ListItem","position":1,"name":"Home","item":"https:\/\/www.rebel-cell.com\/fr\/"},{"@type":"ListItem","position":2,"name":"Shop","item":"https:\/\/www.rebel-cell.com\/fr\/boutique\/"},{"@type":"ListItem","position":3,"name":"Adaptateur USB DUO"}]},{"@type":"WebSite","@id":"https:\/\/www.rebel-cell.com\/fr\/#website","url":"https:\/\/www.rebel-cell.com\/fr\/","name":"Rebelcell","description":"Rebelcell","publisher":{"@id":"https:\/\/www.rebel-cell.com\/fr\/#organization"},"potentialAction":[{"@type":"SearchAction","target":{"@type":"EntryPoint","urlTemplate":"https:\/\/www.rebel-cell.com\/fr\/?s={search_term_string}"},"query-input":{"@type":"PropertyValueSpecification","valueRequired":true,"valueName":"search_term_string"}}],"inLanguage":"fr-FR"},{"@type":"Organization","@id":"https:\/\/www.rebel-cell.com\/fr\/#organization","name":"Rebelcell","url":"https:\/\/www.rebel-cell.com\/fr\/","logo":{"@type":"ImageObject","inLanguage":"fr-FR","@id":"https:\/\/www.rebel-cell.com\/fr\/#\/schema\/logo\/image\/","url":"https:\/\/www.rebel-cell.com\/wp-content\/uploads\/rebelcell-logo-300.png","contentUrl":"https:\/\/www.rebel-cell.com\/wp-content\/uploads\/rebelcell-logo-300.png","width":300,"height":55,"caption":"Rebelcell"},"image":{"@id":"https:\/\/www.rebel-cell.com\/fr\/#\/schema\/logo\/image\/"},"sameAs":["https:\/\/www.facebook.com\/rebelcelleu","https:\/\/x.com\/rebelcellnl","https:\/\/www.instagram.com\/rebelcelleurope\/?hl=nl","https:\/\/www.youtube.com\/channel\/UCpySQUq4xwwtqveV1f8oiFw"]}]},"og_availability":"instock","product_availability":"instock","product_condition":"new"},"_links":{"self":[{"href":"https:\/\/www.rebel-cell.com\/fr\/wp-json\/wp\/v2\/product\/8243","targetHints":{"allow":["GET"]}}],"collection":[{"href":"https:\/\/www.rebel-cell.com\/fr\/wp-json\/wp\/v2\/product"}],"about":[{"href":"https:\/\/www.rebel-cell.com\/fr\/wp-json\/wp\/v2\/types\/product"}],"replies":[{"embeddable":true,"href":"https:\/\/www.rebel-cell.com\/fr\/wp-json\/wp\/v2\/comments?post=8243"}],"wp:featuredmedia":[{"embeddable":true,"href":"https:\/\/www.rebel-cell.com\/fr\/wp-json\/wp\/v2\/media\/11198"}],"wp:attachment":[{"href":"https:\/\/www.rebel-cell.com\/fr\/wp-json\/wp\/v2\/media?parent=8243"}],"wp:term":[{"taxonomy":"product_brand","embeddable":true,"href":"https:\/\/www.rebel-cell.com\/fr\/wp-json\/wp\/v2\/product_brand?post=8243"},{"taxonomy":"product_cat","embeddable":true,"href":"https:\/\/www.rebel-cell.com\/fr\/wp-json\/wp\/v2\/product_cat?post=8243"},{"taxonomy":"product_tag","embeddable":true,"href":"https:\/\/www.rebel-cell.com\/fr\/wp-json\/wp\/v2\/product_tag?post=8243"}],"curies":[{"name":"wp","href":"https:\/\/api.w.org\/{rel}","templated":true}]}}