{"id":8257,"date":"2019-11-05T16:44:03","date_gmt":"2019-11-05T15:44:03","guid":{"rendered":"https:\/\/www.rebel-cell.com\/product\/sac-pour-batterie-petit\/"},"modified":"2023-12-08T10:41:23","modified_gmt":"2023-12-08T09:41:23","slug":"battery-bag-small-2","status":"publish","type":"product","link":"https:\/\/www.rebel-cell.com\/fr\/product\/battery-bag-small-2\/","title":{"rendered":"Sac pour batterie Petit"},"content":{"rendered":"<p>Code produit: BAGSMALLREB<\/p>\n<p>Barcode: 7106623691328<\/p>\n<p>EAN: 8720964630007<\/p>\n","protected":false},"excerpt":{"rendered":"<p>Le <strong>sac pour batterie Rebelcell S<\/strong> prot\u00e8ge votre batterie <a href=\"https:\/\/www.rebel-cell.com\/fr\/product\/12v07av-battery-2\/\" target=\"_blank\" rel=\"noopener\">12V07 AV<\/a> \/ <a href=\"https:\/\/www.rebel-cell.com\/fr\/product\/12v18-av-battery\/\" target=\"_blank\" rel=\"noopener\">12V18 AV<\/a> \/ <a href=\"https:\/\/www.rebel-cell.com\/fr\/product\/batterie-12v30-av\/\" target=\"_blank\" rel=\"noopener\">12V30 AV<\/a>\u00a0de la pluie et de l&rsquo;eau.<br \/>\nFabriqu\u00e9 \u00e0 partir d&rsquo;un mat\u00e9riau EVA r\u00e9sistant, il dispose de coutures soud\u00e9es avec des fermetures \u00e9clair r\u00e9sistantes et des poign\u00e9es de transport rigides.<\/p>\n","protected":false},"featured_media":2949,"comment_status":"open","ping_status":"closed","template":"","meta":{"_acf_changed":false},"product_brand":[],"product_cat":[1905,4457],"product_tag":[],"class_list":{"0":"post-8257","1":"product","2":"type-product","3":"status-publish","4":"has-post-thumbnail","6":"product_cat-accessoires-fr","7":"product_cat-marchandises","9":"first","10":"instock","11":"taxable","12":"shipping-taxable","13":"purchasable","14":"product-type-simple"},"bundled_by":[],"bundle_stock_status":"instock","bundle_stock_quantity":179,"bundle_virtual":false,"bundle_layout":"","bundle_add_to_cart_form_location":"","bundle_editable_in_cart":false,"bundle_sold_individually_context":"","bundle_item_grouping":"","bundle_min_size":"","bundle_max_size":"","bundle_price":[],"bundled_items":[],"bundle_sell_ids":[],"acf":[],"yoast_head":"<!-- This site is optimized with the Yoast SEO Premium plugin v27.1 (Yoast SEO v27.1.1) - https:\/\/yoast.com\/product\/yoast-seo-premium-wordpress\/ -->\n<title>Sac pour batterie S | Rebelcell | \u00c9nergie portable pour l&#039;ext\u00e9rieur<\/title>\n<meta name=\"description\" content=\"Prot\u00e9gez votre batterie contre la pluie et l&#039;eau avec le sac de batterie Rebelcell. Rebelcell. \u00c9nergie portable pour la p\u00eache \u00e0 la ligne, la navigation de plaisance, les activit\u00e9s de plein air et les loisirs\" \/>\n<meta name=\"robots\" content=\"index, follow, max-snippet:-1, max-image-preview:large, max-video-preview:-1\" \/>\n<link rel=\"canonical\" href=\"https:\/\/www.rebel-cell.com\/fr\/product\/battery-bag-small-2\/\" \/>\n<meta property=\"og:locale\" content=\"fr_FR\" \/>\n<meta property=\"og:type\" content=\"article\" \/>\n<meta property=\"og:title\" content=\"Sac pour batterie Petit\" \/>\n<meta property=\"og:description\" content=\"Prot\u00e9gez votre batterie contre la pluie et l&#039;eau avec le sac de batterie Rebelcell. Rebelcell. \u00c9nergie portable pour la p\u00eache \u00e0 la ligne, la navigation de plaisance, les activit\u00e9s de plein air et les loisirs\" \/>\n<meta property=\"og:url\" content=\"https:\/\/www.rebel-cell.com\/fr\/product\/battery-bag-small-2\/\" \/>\n<meta property=\"og:site_name\" content=\"Rebelcell\" \/>\n<meta property=\"article:publisher\" content=\"https:\/\/www.facebook.com\/rebelcelleu\" \/>\n<meta property=\"article:modified_time\" content=\"2023-12-08T09:41:23+00:00\" \/>\n<meta property=\"og:image\" content=\"https:\/\/www.rebel-cell.com\/wp-content\/uploads\/2019\/06\/Battery_bag_s_front.jpg\" \/>\n\t<meta property=\"og:image:width\" content=\"1200\" \/>\n\t<meta property=\"og:image:height\" content=\"1200\" \/>\n\t<meta property=\"og:image:type\" content=\"image\/jpeg\" \/>\n<meta name=\"twitter:card\" content=\"summary_large_image\" \/>\n<meta name=\"twitter:site\" content=\"@rebelcellnl\" \/>\n<meta name=\"twitter:label1\" content=\"Prix\" \/>\n\t<meta name=\"twitter:data1\" content=\"&euro;32,50\" \/>\n\t<meta name=\"twitter:label2\" content=\"Disponibilit\u00e9\" \/>\n\t<meta name=\"twitter:data2\" content=\"En stock\" \/>\n<script type=\"application\/ld+json\" class=\"yoast-schema-graph\">{\"@context\":\"https:\/\/schema.org\",\"@graph\":[{\"@type\":[\"WebPage\",\"ItemPage\"],\"@id\":\"https:\/\/www.rebel-cell.com\/fr\/product\/battery-bag-small-2\/\",\"url\":\"https:\/\/www.rebel-cell.com\/fr\/product\/battery-bag-small-2\/\",\"name\":\"Sac pour batterie S | Rebelcell | \u00c9nergie portable pour l'ext\u00e9rieur\",\"isPartOf\":{\"@id\":\"https:\/\/www.rebel-cell.com\/fr\/#website\"},\"primaryImageOfPage\":{\"@id\":\"https:\/\/www.rebel-cell.com\/fr\/product\/battery-bag-small-2\/#primaryimage\"},\"image\":{\"@id\":\"https:\/\/www.rebel-cell.com\/fr\/product\/battery-bag-small-2\/#primaryimage\"},\"thumbnailUrl\":\"https:\/\/www.rebel-cell.com\/wp-content\/uploads\/2019\/06\/Battery_bag_s_front.jpg\",\"datePublished\":\"2019-11-05T15:44:03+00:00\",\"dateModified\":\"2023-12-08T09:41:23+00:00\",\"description\":\"Prot\u00e9gez votre batterie contre la pluie et l'eau avec le sac de batterie Rebelcell. Rebelcell. \u00c9nergie portable pour la p\u00eache \u00e0 la ligne, la navigation de plaisance, les activit\u00e9s de plein air et les loisirs\",\"breadcrumb\":{\"@id\":\"https:\/\/www.rebel-cell.com\/fr\/product\/battery-bag-small-2\/#breadcrumb\"},\"inLanguage\":\"fr-FR\",\"potentialAction\":[{\"@type\":\"ReadAction\",\"target\":[\"https:\/\/www.rebel-cell.com\/fr\/product\/battery-bag-small-2\/\"]}]},{\"@type\":\"ImageObject\",\"inLanguage\":\"fr-FR\",\"@id\":\"https:\/\/www.rebel-cell.com\/fr\/product\/battery-bag-small-2\/#primaryimage\",\"url\":\"https:\/\/www.rebel-cell.com\/wp-content\/uploads\/2019\/06\/Battery_bag_s_front.jpg\",\"contentUrl\":\"https:\/\/www.rebel-cell.com\/wp-content\/uploads\/2019\/06\/Battery_bag_s_front.jpg\",\"width\":1200,\"height\":1200,\"caption\":\"Sac pour batterie s\"},{\"@type\":\"BreadcrumbList\",\"@id\":\"https:\/\/www.rebel-cell.com\/fr\/product\/battery-bag-small-2\/#breadcrumb\",\"itemListElement\":[{\"@type\":\"ListItem\",\"position\":1,\"name\":\"Home\",\"item\":\"https:\/\/www.rebel-cell.com\/fr\/\"},{\"@type\":\"ListItem\",\"position\":2,\"name\":\"Shop\",\"item\":\"https:\/\/www.rebel-cell.com\/fr\/boutique\/\"},{\"@type\":\"ListItem\",\"position\":3,\"name\":\"Sac pour batterie Petit\"}]},{\"@type\":\"WebSite\",\"@id\":\"https:\/\/www.rebel-cell.com\/fr\/#website\",\"url\":\"https:\/\/www.rebel-cell.com\/fr\/\",\"name\":\"Rebelcell\",\"description\":\"Rebelcell\",\"publisher\":{\"@id\":\"https:\/\/www.rebel-cell.com\/fr\/#organization\"},\"potentialAction\":[{\"@type\":\"SearchAction\",\"target\":{\"@type\":\"EntryPoint\",\"urlTemplate\":\"https:\/\/www.rebel-cell.com\/fr\/?s={search_term_string}\"},\"query-input\":{\"@type\":\"PropertyValueSpecification\",\"valueRequired\":true,\"valueName\":\"search_term_string\"}}],\"inLanguage\":\"fr-FR\"},{\"@type\":\"Organization\",\"@id\":\"https:\/\/www.rebel-cell.com\/fr\/#organization\",\"name\":\"Rebelcell\",\"url\":\"https:\/\/www.rebel-cell.com\/fr\/\",\"logo\":{\"@type\":\"ImageObject\",\"inLanguage\":\"fr-FR\",\"@id\":\"https:\/\/www.rebel-cell.com\/fr\/#\/schema\/logo\/image\/\",\"url\":\"https:\/\/www.rebel-cell.com\/wp-content\/uploads\/rebelcell-logo-300.png\",\"contentUrl\":\"https:\/\/www.rebel-cell.com\/wp-content\/uploads\/rebelcell-logo-300.png\",\"width\":300,\"height\":55,\"caption\":\"Rebelcell\"},\"image\":{\"@id\":\"https:\/\/www.rebel-cell.com\/fr\/#\/schema\/logo\/image\/\"},\"sameAs\":[\"https:\/\/www.facebook.com\/rebelcelleu\",\"https:\/\/x.com\/rebelcellnl\",\"https:\/\/www.instagram.com\/rebelcelleurope\/?hl=nl\",\"https:\/\/www.youtube.com\/channel\/UCpySQUq4xwwtqveV1f8oiFw\"]}]}<\/script>\n<meta property=\"product:price:amount\" content=\"32.50\" \/>\n<meta property=\"product:price:currency\" content=\"EUR\" \/>\n<meta property=\"og:availability\" content=\"instock\" \/>\n<meta property=\"product:availability\" content=\"instock\" \/>\n<meta property=\"product:retailer_item_id\" content=\"7106623691328\" \/>\n<meta property=\"product:condition\" content=\"new\" \/>\n<!-- \/ Yoast SEO Premium plugin. -->","yoast_head_json":{"title":"Sac pour batterie S | Rebelcell | \u00c9nergie portable pour l'ext\u00e9rieur","description":"Prot\u00e9gez votre batterie contre la pluie et l'eau avec le sac de batterie Rebelcell. Rebelcell. \u00c9nergie portable pour la p\u00eache \u00e0 la ligne, la navigation de plaisance, les activit\u00e9s de plein air et les loisirs","robots":{"index":"index","follow":"follow","max-snippet":"max-snippet:-1","max-image-preview":"max-image-preview:large","max-video-preview":"max-video-preview:-1"},"canonical":"https:\/\/www.rebel-cell.com\/fr\/product\/battery-bag-small-2\/","og_locale":"fr_FR","og_type":"article","og_title":"Sac pour batterie Petit","og_description":"Prot\u00e9gez votre batterie contre la pluie et l'eau avec le sac de batterie Rebelcell. Rebelcell. \u00c9nergie portable pour la p\u00eache \u00e0 la ligne, la navigation de plaisance, les activit\u00e9s de plein air et les loisirs","og_url":"https:\/\/www.rebel-cell.com\/fr\/product\/battery-bag-small-2\/","og_site_name":"Rebelcell","article_publisher":"https:\/\/www.facebook.com\/rebelcelleu","article_modified_time":"2023-12-08T09:41:23+00:00","og_image":[{"width":1200,"height":1200,"url":"https:\/\/www.rebel-cell.com\/wp-content\/uploads\/2019\/06\/Battery_bag_s_front.jpg","type":"image\/jpeg"}],"twitter_card":"summary_large_image","twitter_site":"@rebelcellnl","twitter_misc":{"Prix":"&euro;32,50","Disponibilit\u00e9":"En stock"},"schema":{"@context":"https:\/\/schema.org","@graph":[{"@type":["WebPage","ItemPage"],"@id":"https:\/\/www.rebel-cell.com\/fr\/product\/battery-bag-small-2\/","url":"https:\/\/www.rebel-cell.com\/fr\/product\/battery-bag-small-2\/","name":"Sac pour batterie S | Rebelcell | \u00c9nergie portable pour l'ext\u00e9rieur","isPartOf":{"@id":"https:\/\/www.rebel-cell.com\/fr\/#website"},"primaryImageOfPage":{"@id":"https:\/\/www.rebel-cell.com\/fr\/product\/battery-bag-small-2\/#primaryimage"},"image":{"@id":"https:\/\/www.rebel-cell.com\/fr\/product\/battery-bag-small-2\/#primaryimage"},"thumbnailUrl":"https:\/\/www.rebel-cell.com\/wp-content\/uploads\/2019\/06\/Battery_bag_s_front.jpg","datePublished":"2019-11-05T15:44:03+00:00","dateModified":"2023-12-08T09:41:23+00:00","description":"Prot\u00e9gez votre batterie contre la pluie et l'eau avec le sac de batterie Rebelcell. Rebelcell. \u00c9nergie portable pour la p\u00eache \u00e0 la ligne, la navigation de plaisance, les activit\u00e9s de plein air et les loisirs","breadcrumb":{"@id":"https:\/\/www.rebel-cell.com\/fr\/product\/battery-bag-small-2\/#breadcrumb"},"inLanguage":"fr-FR","potentialAction":[{"@type":"ReadAction","target":["https:\/\/www.rebel-cell.com\/fr\/product\/battery-bag-small-2\/"]}]},{"@type":"ImageObject","inLanguage":"fr-FR","@id":"https:\/\/www.rebel-cell.com\/fr\/product\/battery-bag-small-2\/#primaryimage","url":"https:\/\/www.rebel-cell.com\/wp-content\/uploads\/2019\/06\/Battery_bag_s_front.jpg","contentUrl":"https:\/\/www.rebel-cell.com\/wp-content\/uploads\/2019\/06\/Battery_bag_s_front.jpg","width":1200,"height":1200,"caption":"Sac pour batterie s"},{"@type":"BreadcrumbList","@id":"https:\/\/www.rebel-cell.com\/fr\/product\/battery-bag-small-2\/#breadcrumb","itemListElement":[{"@type":"ListItem","position":1,"name":"Home","item":"https:\/\/www.rebel-cell.com\/fr\/"},{"@type":"ListItem","position":2,"name":"Shop","item":"https:\/\/www.rebel-cell.com\/fr\/boutique\/"},{"@type":"ListItem","position":3,"name":"Sac pour batterie Petit"}]},{"@type":"WebSite","@id":"https:\/\/www.rebel-cell.com\/fr\/#website","url":"https:\/\/www.rebel-cell.com\/fr\/","name":"Rebelcell","description":"Rebelcell","publisher":{"@id":"https:\/\/www.rebel-cell.com\/fr\/#organization"},"potentialAction":[{"@type":"SearchAction","target":{"@type":"EntryPoint","urlTemplate":"https:\/\/www.rebel-cell.com\/fr\/?s={search_term_string}"},"query-input":{"@type":"PropertyValueSpecification","valueRequired":true,"valueName":"search_term_string"}}],"inLanguage":"fr-FR"},{"@type":"Organization","@id":"https:\/\/www.rebel-cell.com\/fr\/#organization","name":"Rebelcell","url":"https:\/\/www.rebel-cell.com\/fr\/","logo":{"@type":"ImageObject","inLanguage":"fr-FR","@id":"https:\/\/www.rebel-cell.com\/fr\/#\/schema\/logo\/image\/","url":"https:\/\/www.rebel-cell.com\/wp-content\/uploads\/rebelcell-logo-300.png","contentUrl":"https:\/\/www.rebel-cell.com\/wp-content\/uploads\/rebelcell-logo-300.png","width":300,"height":55,"caption":"Rebelcell"},"image":{"@id":"https:\/\/www.rebel-cell.com\/fr\/#\/schema\/logo\/image\/"},"sameAs":["https:\/\/www.facebook.com\/rebelcelleu","https:\/\/x.com\/rebelcellnl","https:\/\/www.instagram.com\/rebelcelleurope\/?hl=nl","https:\/\/www.youtube.com\/channel\/UCpySQUq4xwwtqveV1f8oiFw"]}]},"product_price_amount":"32.50","product_price_currency":"EUR","og_availability":"instock","product_availability":"instock","product_retailer_item_id":"7106623691328","product_condition":"new"},"_links":{"self":[{"href":"https:\/\/www.rebel-cell.com\/fr\/wp-json\/wp\/v2\/product\/8257","targetHints":{"allow":["GET"]}}],"collection":[{"href":"https:\/\/www.rebel-cell.com\/fr\/wp-json\/wp\/v2\/product"}],"about":[{"href":"https:\/\/www.rebel-cell.com\/fr\/wp-json\/wp\/v2\/types\/product"}],"replies":[{"embeddable":true,"href":"https:\/\/www.rebel-cell.com\/fr\/wp-json\/wp\/v2\/comments?post=8257"}],"wp:featuredmedia":[{"embeddable":true,"href":"https:\/\/www.rebel-cell.com\/fr\/wp-json\/wp\/v2\/media\/2949"}],"wp:attachment":[{"href":"https:\/\/www.rebel-cell.com\/fr\/wp-json\/wp\/v2\/media?parent=8257"}],"wp:term":[{"taxonomy":"product_brand","embeddable":true,"href":"https:\/\/www.rebel-cell.com\/fr\/wp-json\/wp\/v2\/product_brand?post=8257"},{"taxonomy":"product_cat","embeddable":true,"href":"https:\/\/www.rebel-cell.com\/fr\/wp-json\/wp\/v2\/product_cat?post=8257"},{"taxonomy":"product_tag","embeddable":true,"href":"https:\/\/www.rebel-cell.com\/fr\/wp-json\/wp\/v2\/product_tag?post=8257"}],"curies":[{"name":"wp","href":"https:\/\/api.w.org\/{rel}","templated":true}]}}