{"id":8308,"date":"2020-04-10T17:15:07","date_gmt":"2020-04-10T15:15:07","guid":{"rendered":"https:\/\/www.rebel-cell.com\/product\/power-rebel-48k\/"},"modified":"2026-01-01T01:21:33","modified_gmt":"2026-01-01T00:21:33","slug":"power-rebel-48k-2","status":"publish","type":"product","link":"https:\/\/www.rebel-cell.com\/fr\/product\/power-rebel-48k-2\/","title":{"rendered":"Power Rebel 48K"},"content":{"rendered":"<h2>Description du produit Rebelcell Power Rebel 48K<\/h2>\n<p>Le <strong>Power Rebel 48K<\/strong> est un powerbank robuste et de grande capacit\u00e9 <strong>(48000 mAh \/ 153 Wh)<\/strong>. Il dispose de 2 ports de charge rapide USB-A (QC3.0) et USB Power Delivery (PD) sur USB-C pour une charge ultra rapide, d&rsquo;une lumi\u00e8re LED et d&rsquo;une prise 12V pour alimenter tout votre \u00e9quipement 12V. Cela en fait l&rsquo;alimentation ext\u00e9rieure <strong>ultime pour la p\u00eache, le camping et les festivals.<\/strong> Avec ce powerbank, vous pouvez charger votre <strong>tablette 5 fois<\/strong> et votre <strong>t\u00e9l\u00e9phone jusqu&rsquo;\u00e0 15 fois<\/strong> ! Le Power Rebel 48K pr\u00e9sente les caract\u00e9ristiques suivantes;<\/p>\n<ul>\n<li>Chargement rapide (5 fois plus rapide que la normale !)<\/li>\n<li>Recharge rapide<\/li>\n<li>Prise 12V<\/li>\n<li>Lumi\u00e8re LED<\/li>\n<li>Indicateur d&rsquo;\u00e9tat de charge<\/li>\n<li>Bo\u00eetier r\u00e9sistant aux intemp\u00e9ries et aux chocs<\/li>\n<\/ul>\n<p><span lang=\"EN-US\">Code produit: PWRREBEL48K<\/span><\/p>\n<p>Barcode: 7106623693841<\/p>\n<p>EAN: 8720964630595<\/p>\n","protected":false},"excerpt":{"rendered":"<p>Le <strong>Power Rebel 48K<\/strong> est un powerbank robuste et de grande capacit\u00e9 <strong>(48000 mAh \/ 153 Wh)<\/strong>. Il est dot\u00e9 de 2 ports de charge rapide USB-A (QC3.0) et de l&rsquo;USB Power Delivery (PD) sur USB-C pour une charge ultra rapide. Une lumi\u00e8re LED et une prise 12V pour alimenter tous vos \u00e9quipements 12V. <strong>Cela en fait l&rsquo;alimentation ext\u00e9rieure ultime pour la p\u00eache, le camping et les festivals.<\/strong><br \/>\n<a href=\"#proddesc\">Lire la suite&gt;<\/a><\/p>\n","protected":false},"featured_media":6564,"comment_status":"open","ping_status":"closed","template":"","meta":{"_acf_changed":false},"product_brand":[],"product_cat":[1905,1909,4124],"product_tag":[],"class_list":{"0":"post-8308","1":"product","2":"type-product","3":"status-publish","4":"has-post-thumbnail","6":"product_cat-accessoires-fr","7":"product_cat-powerbanks-fr","8":"product_cat-offres","9":"product_shipping_class-normal-shipment","11":"first","12":"instock","13":"sale","14":"taxable","15":"shipping-taxable","16":"purchasable","17":"product-type-simple"},"bundled_by":["11445","11472"],"bundle_stock_status":"instock","bundle_stock_quantity":111,"bundle_virtual":false,"bundle_layout":"","bundle_add_to_cart_form_location":"","bundle_editable_in_cart":false,"bundle_sold_individually_context":"","bundle_item_grouping":"","bundle_min_size":"","bundle_max_size":"","bundle_price":[],"bundled_items":[],"bundle_sell_ids":[],"acf":[],"yoast_head":"<!-- This site is optimized with the Yoast SEO Premium plugin v27.1 (Yoast SEO v27.1.1) - https:\/\/yoast.com\/product\/yoast-seo-premium-wordpress\/ -->\n<title>Chargeur 48K | Rebelcell | \u00c9nergie portable pour l&#039;ext\u00e9rieur<\/title>\n<meta name=\"description\" content=\"Chargeur \u00e0 haute capacit\u00e9 super rapide pour une utilisation en ext\u00e9rieur. Rebelcell. \u00c9nergie portable pour la p\u00eache \u00e0 la ligne, l\u2019e-boating, le plein air et les loisirs.\" \/>\n<meta name=\"robots\" content=\"index, follow, max-snippet:-1, max-image-preview:large, max-video-preview:-1\" \/>\n<link rel=\"canonical\" href=\"https:\/\/www.rebel-cell.com\/fr\/product\/power-rebel-48k-2\/\" \/>\n<meta property=\"og:locale\" content=\"fr_FR\" \/>\n<meta property=\"og:type\" content=\"article\" \/>\n<meta property=\"og:title\" content=\"Power Rebel 48K\" \/>\n<meta property=\"og:description\" content=\"Chargeur \u00e0 haute capacit\u00e9 super rapide pour une utilisation en ext\u00e9rieur. Rebelcell. \u00c9nergie portable pour la p\u00eache \u00e0 la ligne, l\u2019e-boating, le plein air et les loisirs.\" \/>\n<meta property=\"og:url\" content=\"https:\/\/www.rebel-cell.com\/fr\/product\/power-rebel-48k-2\/\" \/>\n<meta property=\"og:site_name\" content=\"Rebelcell\" \/>\n<meta property=\"article:publisher\" content=\"https:\/\/www.facebook.com\/rebelcelleu\" \/>\n<meta property=\"article:modified_time\" content=\"2026-01-01T00:21:33+00:00\" \/>\n<meta property=\"og:image\" content=\"https:\/\/www.rebel-cell.com\/wp-content\/uploads\/Power_Rebel_48K_side_front.jpg\" \/>\n\t<meta property=\"og:image:width\" content=\"1500\" \/>\n\t<meta property=\"og:image:height\" content=\"1500\" \/>\n\t<meta property=\"og:image:type\" content=\"image\/jpeg\" \/>\n<meta name=\"twitter:card\" content=\"summary_large_image\" \/>\n<meta name=\"twitter:site\" content=\"@rebelcellnl\" \/>\n<meta name=\"twitter:label1\" content=\"Prix\" \/>\n\t<meta name=\"twitter:data1\" content=\"&euro;169,00\" \/>\n\t<meta name=\"twitter:label2\" content=\"Disponibilit\u00e9\" \/>\n\t<meta name=\"twitter:data2\" content=\"En stock\" \/>\n<script type=\"application\/ld+json\" class=\"yoast-schema-graph\">{\"@context\":\"https:\/\/schema.org\",\"@graph\":[{\"@type\":[\"WebPage\",\"ItemPage\"],\"@id\":\"https:\/\/www.rebel-cell.com\/fr\/product\/power-rebel-48k-2\/\",\"url\":\"https:\/\/www.rebel-cell.com\/fr\/product\/power-rebel-48k-2\/\",\"name\":\"Chargeur 48K | Rebelcell | \u00c9nergie portable pour l'ext\u00e9rieur\",\"isPartOf\":{\"@id\":\"https:\/\/www.rebel-cell.com\/fr\/#website\"},\"primaryImageOfPage\":{\"@id\":\"https:\/\/www.rebel-cell.com\/fr\/product\/power-rebel-48k-2\/#primaryimage\"},\"image\":{\"@id\":\"https:\/\/www.rebel-cell.com\/fr\/product\/power-rebel-48k-2\/#primaryimage\"},\"thumbnailUrl\":\"https:\/\/www.rebel-cell.com\/wp-content\/uploads\/Power_Rebel_48K_side_front.jpg\",\"datePublished\":\"2020-04-10T15:15:07+00:00\",\"dateModified\":\"2026-01-01T00:21:33+00:00\",\"description\":\"Chargeur \u00e0 haute capacit\u00e9 super rapide pour une utilisation en ext\u00e9rieur. Rebelcell. \u00c9nergie portable pour la p\u00eache \u00e0 la ligne, l\u2019e-boating, le plein air et les loisirs.\",\"breadcrumb\":{\"@id\":\"https:\/\/www.rebel-cell.com\/fr\/product\/power-rebel-48k-2\/#breadcrumb\"},\"inLanguage\":\"fr-FR\",\"potentialAction\":[{\"@type\":\"ReadAction\",\"target\":[\"https:\/\/www.rebel-cell.com\/fr\/product\/power-rebel-48k-2\/\"]}]},{\"@type\":\"ImageObject\",\"inLanguage\":\"fr-FR\",\"@id\":\"https:\/\/www.rebel-cell.com\/fr\/product\/power-rebel-48k-2\/#primaryimage\",\"url\":\"https:\/\/www.rebel-cell.com\/wp-content\/uploads\/Power_Rebel_48K_side_front.jpg\",\"contentUrl\":\"https:\/\/www.rebel-cell.com\/wp-content\/uploads\/Power_Rebel_48K_side_front.jpg\",\"width\":1500,\"height\":1500},{\"@type\":\"BreadcrumbList\",\"@id\":\"https:\/\/www.rebel-cell.com\/fr\/product\/power-rebel-48k-2\/#breadcrumb\",\"itemListElement\":[{\"@type\":\"ListItem\",\"position\":1,\"name\":\"Home\",\"item\":\"https:\/\/www.rebel-cell.com\/fr\/\"},{\"@type\":\"ListItem\",\"position\":2,\"name\":\"Shop\",\"item\":\"https:\/\/www.rebel-cell.com\/fr\/boutique\/\"},{\"@type\":\"ListItem\",\"position\":3,\"name\":\"Power Rebel 48K\"}]},{\"@type\":\"WebSite\",\"@id\":\"https:\/\/www.rebel-cell.com\/fr\/#website\",\"url\":\"https:\/\/www.rebel-cell.com\/fr\/\",\"name\":\"Rebelcell\",\"description\":\"Rebelcell\",\"publisher\":{\"@id\":\"https:\/\/www.rebel-cell.com\/fr\/#organization\"},\"potentialAction\":[{\"@type\":\"SearchAction\",\"target\":{\"@type\":\"EntryPoint\",\"urlTemplate\":\"https:\/\/www.rebel-cell.com\/fr\/?s={search_term_string}\"},\"query-input\":{\"@type\":\"PropertyValueSpecification\",\"valueRequired\":true,\"valueName\":\"search_term_string\"}}],\"inLanguage\":\"fr-FR\"},{\"@type\":\"Organization\",\"@id\":\"https:\/\/www.rebel-cell.com\/fr\/#organization\",\"name\":\"Rebelcell\",\"url\":\"https:\/\/www.rebel-cell.com\/fr\/\",\"logo\":{\"@type\":\"ImageObject\",\"inLanguage\":\"fr-FR\",\"@id\":\"https:\/\/www.rebel-cell.com\/fr\/#\/schema\/logo\/image\/\",\"url\":\"https:\/\/www.rebel-cell.com\/wp-content\/uploads\/rebelcell-logo-300.png\",\"contentUrl\":\"https:\/\/www.rebel-cell.com\/wp-content\/uploads\/rebelcell-logo-300.png\",\"width\":300,\"height\":55,\"caption\":\"Rebelcell\"},\"image\":{\"@id\":\"https:\/\/www.rebel-cell.com\/fr\/#\/schema\/logo\/image\/\"},\"sameAs\":[\"https:\/\/www.facebook.com\/rebelcelleu\",\"https:\/\/x.com\/rebelcellnl\",\"https:\/\/www.instagram.com\/rebelcelleurope\/?hl=nl\",\"https:\/\/www.youtube.com\/channel\/UCpySQUq4xwwtqveV1f8oiFw\"]}]}<\/script>\n<meta property=\"product:price:amount\" content=\"169.00\" \/>\n<meta property=\"product:price:currency\" content=\"EUR\" \/>\n<meta property=\"og:availability\" content=\"instock\" \/>\n<meta property=\"product:availability\" content=\"instock\" \/>\n<meta property=\"product:retailer_item_id\" content=\"7106623693841\" \/>\n<meta property=\"product:condition\" content=\"new\" \/>\n<!-- \/ Yoast SEO Premium plugin. -->","yoast_head_json":{"title":"Chargeur 48K | Rebelcell | \u00c9nergie portable pour l'ext\u00e9rieur","description":"Chargeur \u00e0 haute capacit\u00e9 super rapide pour une utilisation en ext\u00e9rieur. Rebelcell. \u00c9nergie portable pour la p\u00eache \u00e0 la ligne, l\u2019e-boating, le plein air et les loisirs.","robots":{"index":"index","follow":"follow","max-snippet":"max-snippet:-1","max-image-preview":"max-image-preview:large","max-video-preview":"max-video-preview:-1"},"canonical":"https:\/\/www.rebel-cell.com\/fr\/product\/power-rebel-48k-2\/","og_locale":"fr_FR","og_type":"article","og_title":"Power Rebel 48K","og_description":"Chargeur \u00e0 haute capacit\u00e9 super rapide pour une utilisation en ext\u00e9rieur. Rebelcell. \u00c9nergie portable pour la p\u00eache \u00e0 la ligne, l\u2019e-boating, le plein air et les loisirs.","og_url":"https:\/\/www.rebel-cell.com\/fr\/product\/power-rebel-48k-2\/","og_site_name":"Rebelcell","article_publisher":"https:\/\/www.facebook.com\/rebelcelleu","article_modified_time":"2026-01-01T00:21:33+00:00","og_image":[{"width":1500,"height":1500,"url":"https:\/\/www.rebel-cell.com\/wp-content\/uploads\/Power_Rebel_48K_side_front.jpg","type":"image\/jpeg"}],"twitter_card":"summary_large_image","twitter_site":"@rebelcellnl","twitter_misc":{"Prix":"&euro;169,00","Disponibilit\u00e9":"En stock"},"schema":{"@context":"https:\/\/schema.org","@graph":[{"@type":["WebPage","ItemPage"],"@id":"https:\/\/www.rebel-cell.com\/fr\/product\/power-rebel-48k-2\/","url":"https:\/\/www.rebel-cell.com\/fr\/product\/power-rebel-48k-2\/","name":"Chargeur 48K | Rebelcell | \u00c9nergie portable pour l'ext\u00e9rieur","isPartOf":{"@id":"https:\/\/www.rebel-cell.com\/fr\/#website"},"primaryImageOfPage":{"@id":"https:\/\/www.rebel-cell.com\/fr\/product\/power-rebel-48k-2\/#primaryimage"},"image":{"@id":"https:\/\/www.rebel-cell.com\/fr\/product\/power-rebel-48k-2\/#primaryimage"},"thumbnailUrl":"https:\/\/www.rebel-cell.com\/wp-content\/uploads\/Power_Rebel_48K_side_front.jpg","datePublished":"2020-04-10T15:15:07+00:00","dateModified":"2026-01-01T00:21:33+00:00","description":"Chargeur \u00e0 haute capacit\u00e9 super rapide pour une utilisation en ext\u00e9rieur. Rebelcell. \u00c9nergie portable pour la p\u00eache \u00e0 la ligne, l\u2019e-boating, le plein air et les loisirs.","breadcrumb":{"@id":"https:\/\/www.rebel-cell.com\/fr\/product\/power-rebel-48k-2\/#breadcrumb"},"inLanguage":"fr-FR","potentialAction":[{"@type":"ReadAction","target":["https:\/\/www.rebel-cell.com\/fr\/product\/power-rebel-48k-2\/"]}]},{"@type":"ImageObject","inLanguage":"fr-FR","@id":"https:\/\/www.rebel-cell.com\/fr\/product\/power-rebel-48k-2\/#primaryimage","url":"https:\/\/www.rebel-cell.com\/wp-content\/uploads\/Power_Rebel_48K_side_front.jpg","contentUrl":"https:\/\/www.rebel-cell.com\/wp-content\/uploads\/Power_Rebel_48K_side_front.jpg","width":1500,"height":1500},{"@type":"BreadcrumbList","@id":"https:\/\/www.rebel-cell.com\/fr\/product\/power-rebel-48k-2\/#breadcrumb","itemListElement":[{"@type":"ListItem","position":1,"name":"Home","item":"https:\/\/www.rebel-cell.com\/fr\/"},{"@type":"ListItem","position":2,"name":"Shop","item":"https:\/\/www.rebel-cell.com\/fr\/boutique\/"},{"@type":"ListItem","position":3,"name":"Power Rebel 48K"}]},{"@type":"WebSite","@id":"https:\/\/www.rebel-cell.com\/fr\/#website","url":"https:\/\/www.rebel-cell.com\/fr\/","name":"Rebelcell","description":"Rebelcell","publisher":{"@id":"https:\/\/www.rebel-cell.com\/fr\/#organization"},"potentialAction":[{"@type":"SearchAction","target":{"@type":"EntryPoint","urlTemplate":"https:\/\/www.rebel-cell.com\/fr\/?s={search_term_string}"},"query-input":{"@type":"PropertyValueSpecification","valueRequired":true,"valueName":"search_term_string"}}],"inLanguage":"fr-FR"},{"@type":"Organization","@id":"https:\/\/www.rebel-cell.com\/fr\/#organization","name":"Rebelcell","url":"https:\/\/www.rebel-cell.com\/fr\/","logo":{"@type":"ImageObject","inLanguage":"fr-FR","@id":"https:\/\/www.rebel-cell.com\/fr\/#\/schema\/logo\/image\/","url":"https:\/\/www.rebel-cell.com\/wp-content\/uploads\/rebelcell-logo-300.png","contentUrl":"https:\/\/www.rebel-cell.com\/wp-content\/uploads\/rebelcell-logo-300.png","width":300,"height":55,"caption":"Rebelcell"},"image":{"@id":"https:\/\/www.rebel-cell.com\/fr\/#\/schema\/logo\/image\/"},"sameAs":["https:\/\/www.facebook.com\/rebelcelleu","https:\/\/x.com\/rebelcellnl","https:\/\/www.instagram.com\/rebelcelleurope\/?hl=nl","https:\/\/www.youtube.com\/channel\/UCpySQUq4xwwtqveV1f8oiFw"]}]},"product_price_amount":"169.00","product_price_currency":"EUR","og_availability":"instock","product_availability":"instock","product_retailer_item_id":"7106623693841","product_condition":"new"},"_links":{"self":[{"href":"https:\/\/www.rebel-cell.com\/fr\/wp-json\/wp\/v2\/product\/8308","targetHints":{"allow":["GET"]}}],"collection":[{"href":"https:\/\/www.rebel-cell.com\/fr\/wp-json\/wp\/v2\/product"}],"about":[{"href":"https:\/\/www.rebel-cell.com\/fr\/wp-json\/wp\/v2\/types\/product"}],"replies":[{"embeddable":true,"href":"https:\/\/www.rebel-cell.com\/fr\/wp-json\/wp\/v2\/comments?post=8308"}],"wp:featuredmedia":[{"embeddable":true,"href":"https:\/\/www.rebel-cell.com\/fr\/wp-json\/wp\/v2\/media\/6564"}],"wp:attachment":[{"href":"https:\/\/www.rebel-cell.com\/fr\/wp-json\/wp\/v2\/media?parent=8308"}],"wp:term":[{"taxonomy":"product_brand","embeddable":true,"href":"https:\/\/www.rebel-cell.com\/fr\/wp-json\/wp\/v2\/product_brand?post=8308"},{"taxonomy":"product_cat","embeddable":true,"href":"https:\/\/www.rebel-cell.com\/fr\/wp-json\/wp\/v2\/product_cat?post=8308"},{"taxonomy":"product_tag","embeddable":true,"href":"https:\/\/www.rebel-cell.com\/fr\/wp-json\/wp\/v2\/product_tag?post=8308"}],"curies":[{"name":"wp","href":"https:\/\/api.w.org\/{rel}","templated":true}]}}