{"id":6728,"date":"2020-04-29T09:48:20","date_gmt":"2020-04-29T07:48:20","guid":{"rendered":"https:\/\/www.rebel-cell.com\/pakketten\/"},"modified":"2022-07-14T13:07:34","modified_gmt":"2022-07-14T11:07:34","slug":"pakketten","status":"publish","type":"page","link":"https:\/\/www.rebel-cell.com\/nl\/pakketten\/","title":{"rendered":"Pakketten"},"content":{"rendered":"<div class=\"cat-txt\">\n<h3>Stel je eigen pakket samen met korting!<\/h3>\n<p>In drie simpele stappen stel je zelf je ideale pakket samen. Op die manier is de keuze aan jou \u00e9n profiteer je ook nog eens van extra voordeel.<\/p>\n<h3><img decoding=\"async\" class=\"alignnone size-full wp-image-6307\" src=\"https:\/\/www.rebel-cell.com\/wp-content\/uploads\/step1.png\" alt=\"\" width=\"25\" height=\"25\" \/> Selecteer een accu<\/h3>\n<p>Kies \u00e9\u00e9n van onze krachtige en lichtgewicht lithium ion-accu&#8217;s.<\/p>\n<h3><img decoding=\"async\" class=\"alignnone size-full wp-image-6303\" src=\"https:\/\/www.rebel-cell.com\/wp-content\/uploads\/step2.png\" alt=\"\" width=\"25\" height=\"25\" \/> Voeg een acculader toe met 10% korting<\/h3>\n<p>Krijg 10% korting wanneer je ook een acculader koopt. Belangrijk om te weten: een lood-acculader is niet compatibel met onze lithium accu\u2019s.<\/p>\n<h3><img decoding=\"async\" class=\"alignnone size-full wp-image-6299\" src=\"https:\/\/www.rebel-cell.com\/wp-content\/uploads\/step3.png\" alt=\"\" width=\"25\" height=\"25\" \/> Kies accessoires 20% korting<\/h3>\n<p>Ontvang 20% korting op bijpassende accessoires en producten.<\/p>\n<p><a class=\"startpacketBtn\" href=\"\/nl\/product-categorie\/accus\/\">Start samenstellen<\/a><\/p>\n<\/div>\n","protected":false},"excerpt":{"rendered":"<p>Stel je eigen pakket samen met korting! In drie simpele stappen stel je zelf je ideale pakket samen. Op die manier is de keuze aan jou \u00e9n profiteer je ook nog eens van extra voordeel. Selecteer een accu Kies \u00e9\u00e9n van onze krachtige en lichtgewicht lithium ion-accu&#8217;s. Voeg een acculader toe met 10% korting Krijg [&hellip;]<\/p>\n","protected":false},"author":1,"featured_media":0,"parent":0,"menu_order":72,"comment_status":"closed","ping_status":"closed","template":"page-template\/common_page.php","meta":{"_acf_changed":false,"footnotes":""},"class_list":["post-6728","page","type-page","status-publish","hentry"],"acf":[],"yoast_head":"<!-- This site is optimized with the Yoast SEO Premium plugin v27.1 (Yoast SEO v27.1.1) - https:\/\/yoast.com\/product\/yoast-seo-premium-wordpress\/ -->\n<title>Pakketten - Rebelcell<\/title>\n<meta name=\"robots\" content=\"index, follow, max-snippet:-1, max-image-preview:large, max-video-preview:-1\" \/>\n<link rel=\"canonical\" href=\"https:\/\/www.rebel-cell.com\/nl\/pakketten\/\" \/>\n<meta property=\"og:locale\" content=\"nl_NL\" \/>\n<meta property=\"og:type\" content=\"article\" \/>\n<meta property=\"og:title\" content=\"Pakketten\" \/>\n<meta property=\"og:description\" content=\"Stel je eigen pakket samen met korting! In drie simpele stappen stel je zelf je ideale pakket samen. Op die manier is de keuze aan jou \u00e9n profiteer je ook nog eens van extra voordeel. Selecteer een accu Kies \u00e9\u00e9n van onze krachtige en lichtgewicht lithium ion-accu&#8217;s. Voeg een acculader toe met 10% korting Krijg [&hellip;]\" \/>\n<meta property=\"og:url\" content=\"https:\/\/www.rebel-cell.com\/nl\/pakketten\/\" \/>\n<meta property=\"og:site_name\" content=\"Rebelcell\" \/>\n<meta property=\"article:publisher\" content=\"https:\/\/www.facebook.com\/rebelcelleu\" \/>\n<meta property=\"article:modified_time\" content=\"2022-07-14T11:07:34+00:00\" \/>\n<meta property=\"og:image\" content=\"https:\/\/www.rebel-cell.com\/wp-content\/uploads\/step1.png\" \/>\n<meta name=\"twitter:card\" content=\"summary_large_image\" \/>\n<meta name=\"twitter:site\" content=\"@rebelcellnl\" \/>\n<meta name=\"twitter:label1\" content=\"Geschatte leestijd\" \/>\n\t<meta name=\"twitter:data1\" content=\"1 minuut\" \/>\n<script type=\"application\/ld+json\" class=\"yoast-schema-graph\">{\"@context\":\"https:\/\/schema.org\",\"@graph\":[{\"@type\":\"WebPage\",\"@id\":\"https:\/\/www.rebel-cell.com\/nl\/pakketten\/\",\"url\":\"https:\/\/www.rebel-cell.com\/nl\/pakketten\/\",\"name\":\"Pakketten - Rebelcell\",\"isPartOf\":{\"@id\":\"https:\/\/www.rebel-cell.com\/nl\/#website\"},\"primaryImageOfPage\":{\"@id\":\"https:\/\/www.rebel-cell.com\/nl\/pakketten\/#primaryimage\"},\"image\":{\"@id\":\"https:\/\/www.rebel-cell.com\/nl\/pakketten\/#primaryimage\"},\"thumbnailUrl\":\"https:\/\/www.rebel-cell.com\/wp-content\/uploads\/step1.png\",\"datePublished\":\"2020-04-29T07:48:20+00:00\",\"dateModified\":\"2022-07-14T11:07:34+00:00\",\"breadcrumb\":{\"@id\":\"https:\/\/www.rebel-cell.com\/nl\/pakketten\/#breadcrumb\"},\"inLanguage\":\"nl-NL\",\"potentialAction\":[{\"@type\":\"ReadAction\",\"target\":[\"https:\/\/www.rebel-cell.com\/nl\/pakketten\/\"]}]},{\"@type\":\"ImageObject\",\"inLanguage\":\"nl-NL\",\"@id\":\"https:\/\/www.rebel-cell.com\/nl\/pakketten\/#primaryimage\",\"url\":\"https:\/\/www.rebel-cell.com\/wp-content\/uploads\/step1.png\",\"contentUrl\":\"https:\/\/www.rebel-cell.com\/wp-content\/uploads\/step1.png\"},{\"@type\":\"BreadcrumbList\",\"@id\":\"https:\/\/www.rebel-cell.com\/nl\/pakketten\/#breadcrumb\",\"itemListElement\":[{\"@type\":\"ListItem\",\"position\":1,\"name\":\"Home\",\"item\":\"https:\/\/www.rebel-cell.com\/nl\/\"},{\"@type\":\"ListItem\",\"position\":2,\"name\":\"Pakketten\"}]},{\"@type\":\"WebSite\",\"@id\":\"https:\/\/www.rebel-cell.com\/nl\/#website\",\"url\":\"https:\/\/www.rebel-cell.com\/nl\/\",\"name\":\"Rebelcell\",\"description\":\"Rebelcell\",\"publisher\":{\"@id\":\"https:\/\/www.rebel-cell.com\/nl\/#organization\"},\"potentialAction\":[{\"@type\":\"SearchAction\",\"target\":{\"@type\":\"EntryPoint\",\"urlTemplate\":\"https:\/\/www.rebel-cell.com\/nl\/?s={search_term_string}\"},\"query-input\":{\"@type\":\"PropertyValueSpecification\",\"valueRequired\":true,\"valueName\":\"search_term_string\"}}],\"inLanguage\":\"nl-NL\"},{\"@type\":\"Organization\",\"@id\":\"https:\/\/www.rebel-cell.com\/nl\/#organization\",\"name\":\"Rebelcell\",\"url\":\"https:\/\/www.rebel-cell.com\/nl\/\",\"logo\":{\"@type\":\"ImageObject\",\"inLanguage\":\"nl-NL\",\"@id\":\"https:\/\/www.rebel-cell.com\/nl\/#\/schema\/logo\/image\/\",\"url\":\"https:\/\/www.rebel-cell.com\/wp-content\/uploads\/rebelcell-logo-300.png\",\"contentUrl\":\"https:\/\/www.rebel-cell.com\/wp-content\/uploads\/rebelcell-logo-300.png\",\"width\":300,\"height\":55,\"caption\":\"Rebelcell\"},\"image\":{\"@id\":\"https:\/\/www.rebel-cell.com\/nl\/#\/schema\/logo\/image\/\"},\"sameAs\":[\"https:\/\/www.facebook.com\/rebelcelleu\",\"https:\/\/x.com\/rebelcellnl\",\"https:\/\/www.instagram.com\/rebelcelleurope\/?hl=nl\",\"https:\/\/www.youtube.com\/channel\/UCpySQUq4xwwtqveV1f8oiFw\"]}]}<\/script>\n<!-- \/ Yoast SEO Premium plugin. -->","yoast_head_json":{"title":"Pakketten - Rebelcell","robots":{"index":"index","follow":"follow","max-snippet":"max-snippet:-1","max-image-preview":"max-image-preview:large","max-video-preview":"max-video-preview:-1"},"canonical":"https:\/\/www.rebel-cell.com\/nl\/pakketten\/","og_locale":"nl_NL","og_type":"article","og_title":"Pakketten","og_description":"Stel je eigen pakket samen met korting! In drie simpele stappen stel je zelf je ideale pakket samen. Op die manier is de keuze aan jou \u00e9n profiteer je ook nog eens van extra voordeel. Selecteer een accu Kies \u00e9\u00e9n van onze krachtige en lichtgewicht lithium ion-accu&#8217;s. Voeg een acculader toe met 10% korting Krijg [&hellip;]","og_url":"https:\/\/www.rebel-cell.com\/nl\/pakketten\/","og_site_name":"Rebelcell","article_publisher":"https:\/\/www.facebook.com\/rebelcelleu","article_modified_time":"2022-07-14T11:07:34+00:00","og_image":[{"url":"https:\/\/www.rebel-cell.com\/wp-content\/uploads\/step1.png","type":"","width":"","height":""}],"twitter_card":"summary_large_image","twitter_site":"@rebelcellnl","twitter_misc":{"Geschatte leestijd":"1 minuut"},"schema":{"@context":"https:\/\/schema.org","@graph":[{"@type":"WebPage","@id":"https:\/\/www.rebel-cell.com\/nl\/pakketten\/","url":"https:\/\/www.rebel-cell.com\/nl\/pakketten\/","name":"Pakketten - Rebelcell","isPartOf":{"@id":"https:\/\/www.rebel-cell.com\/nl\/#website"},"primaryImageOfPage":{"@id":"https:\/\/www.rebel-cell.com\/nl\/pakketten\/#primaryimage"},"image":{"@id":"https:\/\/www.rebel-cell.com\/nl\/pakketten\/#primaryimage"},"thumbnailUrl":"https:\/\/www.rebel-cell.com\/wp-content\/uploads\/step1.png","datePublished":"2020-04-29T07:48:20+00:00","dateModified":"2022-07-14T11:07:34+00:00","breadcrumb":{"@id":"https:\/\/www.rebel-cell.com\/nl\/pakketten\/#breadcrumb"},"inLanguage":"nl-NL","potentialAction":[{"@type":"ReadAction","target":["https:\/\/www.rebel-cell.com\/nl\/pakketten\/"]}]},{"@type":"ImageObject","inLanguage":"nl-NL","@id":"https:\/\/www.rebel-cell.com\/nl\/pakketten\/#primaryimage","url":"https:\/\/www.rebel-cell.com\/wp-content\/uploads\/step1.png","contentUrl":"https:\/\/www.rebel-cell.com\/wp-content\/uploads\/step1.png"},{"@type":"BreadcrumbList","@id":"https:\/\/www.rebel-cell.com\/nl\/pakketten\/#breadcrumb","itemListElement":[{"@type":"ListItem","position":1,"name":"Home","item":"https:\/\/www.rebel-cell.com\/nl\/"},{"@type":"ListItem","position":2,"name":"Pakketten"}]},{"@type":"WebSite","@id":"https:\/\/www.rebel-cell.com\/nl\/#website","url":"https:\/\/www.rebel-cell.com\/nl\/","name":"Rebelcell","description":"Rebelcell","publisher":{"@id":"https:\/\/www.rebel-cell.com\/nl\/#organization"},"potentialAction":[{"@type":"SearchAction","target":{"@type":"EntryPoint","urlTemplate":"https:\/\/www.rebel-cell.com\/nl\/?s={search_term_string}"},"query-input":{"@type":"PropertyValueSpecification","valueRequired":true,"valueName":"search_term_string"}}],"inLanguage":"nl-NL"},{"@type":"Organization","@id":"https:\/\/www.rebel-cell.com\/nl\/#organization","name":"Rebelcell","url":"https:\/\/www.rebel-cell.com\/nl\/","logo":{"@type":"ImageObject","inLanguage":"nl-NL","@id":"https:\/\/www.rebel-cell.com\/nl\/#\/schema\/logo\/image\/","url":"https:\/\/www.rebel-cell.com\/wp-content\/uploads\/rebelcell-logo-300.png","contentUrl":"https:\/\/www.rebel-cell.com\/wp-content\/uploads\/rebelcell-logo-300.png","width":300,"height":55,"caption":"Rebelcell"},"image":{"@id":"https:\/\/www.rebel-cell.com\/nl\/#\/schema\/logo\/image\/"},"sameAs":["https:\/\/www.facebook.com\/rebelcelleu","https:\/\/x.com\/rebelcellnl","https:\/\/www.instagram.com\/rebelcelleurope\/?hl=nl","https:\/\/www.youtube.com\/channel\/UCpySQUq4xwwtqveV1f8oiFw"]}]}},"_links":{"self":[{"href":"https:\/\/www.rebel-cell.com\/nl\/wp-json\/wp\/v2\/pages\/6728","targetHints":{"allow":["GET"]}}],"collection":[{"href":"https:\/\/www.rebel-cell.com\/nl\/wp-json\/wp\/v2\/pages"}],"about":[{"href":"https:\/\/www.rebel-cell.com\/nl\/wp-json\/wp\/v2\/types\/page"}],"author":[{"embeddable":true,"href":"https:\/\/www.rebel-cell.com\/nl\/wp-json\/wp\/v2\/users\/1"}],"replies":[{"embeddable":true,"href":"https:\/\/www.rebel-cell.com\/nl\/wp-json\/wp\/v2\/comments?post=6728"}],"version-history":[{"count":0,"href":"https:\/\/www.rebel-cell.com\/nl\/wp-json\/wp\/v2\/pages\/6728\/revisions"}],"wp:attachment":[{"href":"https:\/\/www.rebel-cell.com\/nl\/wp-json\/wp\/v2\/media?parent=6728"}],"curies":[{"name":"wp","href":"https:\/\/api.w.org\/{rel}","templated":true}]}}